{"id":86775,"date":"2016-08-04T14:54:49","date_gmt":"2016-08-04T12:54:49","guid":{"rendered":"https:\/\/www.kofinas.gr\/vorgefertigte-haeuser\/"},"modified":"2022-07-06T16:14:00","modified_gmt":"2022-07-06T14:14:00","slug":"%e9%a2%84%e5%88%b6%e6%88%bf%e5%b1%8b","status":"publish","type":"page","link":"https:\/\/www.kofinas.gr\/zh\/%e9%a2%84%e5%88%b6%e6%88%bf%e5%b1%8b\/","title":{"rendered":"Vorgefertigte H\u00e4user"},"content":{"rendered":"<div class=\"wp-block-image\"><figure class=\"aligncenter size-full\"><a href=\"https:\/\/www.kofinas.gr\/zh\/%e7%af%ae%e5%ad%90%e8%ae%a4%e8%af%81\/\"><img decoding=\"async\" src=\"https:\/\/www.kofinas.gr\/wp-content\/uploads\/2022\/05\/Certificates-and-distinctions-of-company.png\" alt=\"Kofinas-\u51fa\u552e-\u522b\u5885-green-domisi-spiti-oneirwn-khpos-pisina \u8bbe\u8ba1\u65b0\u623f kofinas\uff0c\u8ba1\u5212\" class=\"wp-image-46389\"\/><\/a><\/figure><\/div>\n\n<div class=\"wp-block-columns align-items-center is-layout-flex wp-container-core-columns-is-layout-9d6595d7 wp-block-columns-is-layout-flex\">\n<div class=\"wp-block-column is-layout-flow wp-block-column-is-layout-flow\" style=\"flex-basis:33%\">\n<div class=\"wp-block-image\"><figure class=\"aligncenter is-resized\"><img decoding=\"async\" src=\"\/wp-content\/uploads\/kofinas\/icons\/ikon_prokataske_orange.png\" alt=\"\u963f\u51e1\u8fbe\" width=\"100\" height=\"100\"\/><\/figure><\/div>\n\n\n\n<p class=\"has-text-align-center\">Vorgefertigte H\u00e4user<\/p>\n\n\n\n<p class=\"has-text-align-center\">\u81ea 1977 \u5e74\u4ee5\u6765\uff0c\u6211\u4eec\u516c\u53f8\u4e00\u76f4\u5728\u7814\u7a76\u548c\u7814\u7a76\uff0c\u591a\u5e74\u6765\u4e0d\u65ad\u53d1\u5c55\u5e76\u5851\u9020\u4e86 Neubau von Fertigh\u00e4usern\u3002<\/p>\n<\/div>\n\n\n\n<div class=\"wp-block-column is-layout-flow wp-block-column-is-layout-flow\" style=\"flex-basis:67%\">\n<p><strong>Vorgefertigte H\u00e4user<\/strong><\/p>\n\n\n\n<p>\u8fbe\u65af\u5b89\u683c\u535a\u7279 <a href=\"https:\/\/www.kofinas.gr\/zh\/%cf%80%cf%81%ce%bf%ce%ba%ce%b1%cf%84%ce%b1%cf%83%ce%ba%ce%b5%cf%85%ce%b1%cf%83%ce%bc%ce%ad%ce%bd%ce%b5%cf%82-%ce%ba%ce%b1%cf%84%ce%bf%ce%b9%ce%ba%ce%af%ce%b5%cf%82\/times-kostologimenes-katoikies\/\">\u8d39\u5c14\u8482\u9ad8\u4e4c\u68ee<\/a> ist das Ergebnis der st\u00e4ndigen Vichsamkeit und technologische Entwicklung unseres Unternehmens\u3002\u5728 der Fertighausserie\uff0c\u6240\u6709\u521b\u65b0\u7684\u5efa\u7b51\u5143\u7d20\u90fd\u5f97\u5230\u4e86\u56fd\u9645\u7ec4\u7ec7\u548c\u6211\u4eec\u6570\u767e\u540d\u6ee1\u610f\u7684\u5ba2\u6237\u7684\u8ba4\u53ef\u3002<\/p>\n\n\n\n<p>  Die experimentalellen Tests unserer Konstruktionen sind ein Referenzpunkt, der die enorme St\u00e4rke unserer H\u00e4user bechty\u00e4tt\u3002\u7531\u4e8e\u516c\u53f8\u4e13\u6ce8\u4e8e\u5efa\u7b51\u80fd\u6e90\u9886\u57df\uff0c\u745e\u5178\u6728\u6750\u88ab\u7528\u4f5c\u4e3b\u8981\u5efa\u7b51\u6750\u6599\uff0c\u8fd9\u4f7f\u5f97\u623f\u5c4b\u5b8c\u5168\u751f\u6001\u5316\uff0c\u56e0\u4e3a\u5728\u623f\u5c4b\u5efa\u7b51\u4e2d\u7528\u6728\u6750\u4ee3\u66ff\u5e38\u89c4\u5efa\u7b51\u6750\u6599\u51cf\u5c11\u4e86\u5927\u6c14\u4e2d\u7684\u4e8c\u6c27\u5316\u78b3\u6392\u653e\u91cf\u6309\u5428\u6bcf\u7acb\u65b9\u7c73\u3002 Dies Gilt Umso Mehr\u3001Als Unser Unternehmen Mit Holzfabriken Zusammenarbeitet\u3001Die Die B\u00e4ume Wieder Aufforsten \u548c Damit Einen Im Wesentlichen Negaativen Kohlenstoff-Fu\u00dfabdruck Hinterrasen\u3002<\/p>\n\n\n\n<p><em>\u5728\u5168\u7403\u53d1\u5c55\u7684\u6846\u67b6\u5185\uff0c\u516c\u53f8\u8fd8\u4e13\u6ce8\u4e8e\u5efa\u7b51\u80fd\u6e90\u9886\u57df\u3002<\/em>  The bioclimatic Gestaltung der H\u00e4user in Kombination mit dem W\u00e4rmerdurchgangskoeffizienten des Mauerwerks Kofinas, der eine K\u00fcnkung des Energieverbrauchs um 75-80 % im Vergleich zu conventionalem Mauerwerk erreicht, kann nachweislich dokumentieren, warum die Unseres Unternehmens bereits Energieeffizienzzertifikate A, aber auch eine internationale Anerkennung haben!<\/p>\n\n\n\n<p class=\"has-text-align-center\"> <strong>\u80a5\u6599\u7528\u6237\u51af\u00b7\u79d1\u83f2\u7eb3<\/strong> <\/p>\n\n\n\n<p><em>Das Unternehmen Kofinas macht keine Pause bei der Innovation\u3002\u65af\u5766\u8fea\u683c\u8fdb\u53e3<\/em> <strong> \u65b0\u65e5\u671f<\/strong><em> \u6211\u662f Wohnungsbau\uff0c\u5df2\u786e\u5b9a\u4e3a\u201c<\/em><strong>\u8ba4\u8bc1<\/strong><em>\u201c\u6211\u4eec\u6570\u767e\u540d\u6ee1\u610f\u7684\u5ba2\u6237\u4ee5\u53ca\u96c5\u5178\u56fd\u7acb\u6280\u672f\u5927\u5b66\u90fd\u5bf9 Kofinas \u72ec\u7279\u7684\u5efa\u7b51\u7cfb\u7edf\u7684\u4f7f\u7528\u5bff\u547d\u8fdb\u884c\u4e86\u6d4b\u8bd5\u3002<\/em><strong> \u00dcberschreitung jeder physischen Kraftgrenze<\/strong><em>.<\/em><\/p>\n\n\n\n<p><em>Die Firma Kofinas has in ihrem Arbeitsteam vertrauenw\u00fcrdige Partner und H\u00e4ndler vertriebsnetz gesch\u00e4ften<\/em><strong> \u5728\u7518\u8328\u683c\u91cc\u5174\u5170<\/strong><em>und exportieren gleichelichte und in der gleichen<\/em><strong> \u6211\u5728\u6fb3\u5927\u5229\u4e9a<\/strong><em>.<\/em><\/p>\n<\/div>\n<\/div>","protected":false},"excerpt":{"rendered":"<p>Vorgefertigte H\u00e4user \u81ea 1977 \u5e74\u4ee5\u6765\uff0c\u5728 unserem Unternehmen gesucht und geforscht \u4e2d\uff0cim Laufe der Jahrzehnte eine \u8fde\u7eed Entwicklung gebracht und den Neubau von Fertigh\u00e4usern gerichte hat\u3002 Vorgefertigte H\u00e4user Das Angebot an Fertigh\u00e4usern ist das Ergebnis der st\u00e4ndigen Vigsamkeit und technologische Entwicklung unseres Unternehmens\u3002\u5728 der Fertighausserie werden alle \u521b\u65b0 Elemente der Konstruktion \u4e24\u4e2a [...]<\/p>","protected":false},"author":3,"featured_media":71711,"parent":0,"menu_order":11,"comment_status":"closed","ping_status":"closed","template":"page-landing.php","meta":{"_acf_changed":false,"footnotes":""},"class_list":["post-86775","page","type-page","status-publish","has-post-thumbnail","hentry"],"acf":[],"yoast_head":"<!-- This site is optimized with the Yoast SEO Premium plugin v26.6 (Yoast SEO v26.6) - https:\/\/yoast.com\/wordpress\/plugins\/seo\/ -->\n<title>Vorgefertigte H\u00e4user | \u039a\u03bf\u03c6\u03b9\u03bd\u03ac\u03c2 \u03a0\u03c1\u03bf\u03ba\u03b1\u03c4\u03b1\u03c3\u03ba\u03b5\u03c5\u03b1\u03c3\u03bc\u03ad\u03bd\u03b1 \u03c3\u03c0\u03af\u03c4\u03b9\u03b1 - \u03a0\u03c1\u03bf\u03ba\u03ac\u03c4 Vorgefertigte H\u00e4user<\/title>\n<meta name=\"description\" content=\"Die Serie der Fertigh\u00e4user ist das Ergebnis der st\u00e4ndigen Wachsamkeit und technologischen Entwicklung unseres Unternehmens.\" \/>\n<meta name=\"robots\" content=\"index, follow, max-snippet:-1, max-image-preview:large, max-video-preview:-1\" \/>\n<link rel=\"canonical\" href=\"https:\/\/www.kofinas.gr\/zh\/\u9884\u5236\u623f\u5c4b\/\" \/>\n<meta property=\"og:locale\" content=\"zh_CN\" \/>\n<meta property=\"og:type\" content=\"article\" \/>\n<meta property=\"og:title\" content=\"Vorgefertigte H\u00e4user\" \/>\n<meta property=\"og:description\" content=\"Die Serie der Fertigh\u00e4user ist das Ergebnis der st\u00e4ndigen Wachsamkeit und technologischen Entwicklung unseres Unternehmens.\" \/>\n<meta property=\"og:url\" content=\"https:\/\/www.kofinas.gr\/zh\/\u9884\u5236\u623f\u5c4b\/\" \/>\n<meta property=\"og:site_name\" content=\"\u039a\u03bf\u03c6\u03b9\u03bd\u03ac\u03c2 \u03a0\u03c1\u03bf\u03ba\u03b1\u03c4\u03b1\u03c3\u03ba\u03b5\u03c5\u03b1\u03c3\u03bc\u03ad\u03bd\u03b1 \u03c3\u03c0\u03af\u03c4\u03b9\u03b1 - \u03a0\u03c1\u03bf\u03ba\u03ac\u03c4\" \/>\n<meta property=\"article:publisher\" content=\"https:\/\/www.facebook.com\/kofinas.prokataskevasmena\" \/>\n<meta property=\"article:modified_time\" content=\"2022-07-06T14:14:00+00:00\" \/>\n<meta property=\"og:image\" content=\"https:\/\/www.kofinas.gr\/wp-content\/uploads\/2020\/04\/\u039a\u03bf\u03c6\u03b9\u03bd\u03ac\u03c2-\u03c0\u03c1\u03bf\u03ba\u03b1\u03c4\u03b1\u03c3\u03ba\u03b5\u03c5\u03b1\u03c3\u03bc\u03ad\u03bd\u03b1-2-story-house.jpg\" \/>\n\t<meta property=\"og:image:width\" content=\"1900\" \/>\n\t<meta property=\"og:image:height\" content=\"800\" \/>\n\t<meta property=\"og:image:type\" content=\"image\/jpeg\" \/>\n<meta name=\"twitter:card\" content=\"summary_large_image\" \/>\n<meta name=\"twitter:site\" content=\"@kofinas_prokat\" \/>\n<meta name=\"twitter:label1\" content=\"\u9884\u8ba1\u9605\u8bfb\u65f6\u95f4\" \/>\n\t<meta name=\"twitter:data1\" content=\"2 \u5206\" \/>\n<script type=\"application\/ld+json\" class=\"yoast-schema-graph\">{\"@context\":\"https:\/\/schema.org\",\"@graph\":[{\"@type\":\"WebPage\",\"@id\":\"https:\/\/www.kofinas.gr\/zh\/%e9%a2%84%e5%88%b6%e6%88%bf%e5%b1%8b\/\",\"url\":\"https:\/\/www.kofinas.gr\/zh\/%e9%a2%84%e5%88%b6%e6%88%bf%e5%b1%8b\/\",\"name\":\"Vorgefertigte H\u00e4user | \u039a\u03bf\u03c6\u03b9\u03bd\u03ac\u03c2 \u03a0\u03c1\u03bf\u03ba\u03b1\u03c4\u03b1\u03c3\u03ba\u03b5\u03c5\u03b1\u03c3\u03bc\u03ad\u03bd\u03b1 \u03c3\u03c0\u03af\u03c4\u03b9\u03b1 - \u03a0\u03c1\u03bf\u03ba\u03ac\u03c4 Vorgefertigte H\u00e4user\",\"isPartOf\":{\"@id\":\"https:\/\/www.kofinas.gr\/#website\"},\"primaryImageOfPage\":{\"@id\":\"https:\/\/www.kofinas.gr\/zh\/%e9%a2%84%e5%88%b6%e6%88%bf%e5%b1%8b\/#primaryimage\"},\"image\":{\"@id\":\"https:\/\/www.kofinas.gr\/zh\/%e9%a2%84%e5%88%b6%e6%88%bf%e5%b1%8b\/#primaryimage\"},\"thumbnailUrl\":\"https:\/\/www.kofinas.gr\/wp-content\/uploads\/2020\/04\/\u039a\u03bf\u03c6\u03b9\u03bd\u03ac\u03c2-\u03c0\u03c1\u03bf\u03ba\u03b1\u03c4\u03b1\u03c3\u03ba\u03b5\u03c5\u03b1\u03c3\u03bc\u03ad\u03bd\u03b1-2-story-house.jpg\",\"datePublished\":\"2016-08-04T12:54:49+00:00\",\"dateModified\":\"2022-07-06T14:14:00+00:00\",\"description\":\"Die Serie der Fertigh\u00e4user ist das Ergebnis der st\u00e4ndigen Wachsamkeit und technologischen Entwicklung unseres Unternehmens.\",\"breadcrumb\":{\"@id\":\"https:\/\/www.kofinas.gr\/zh\/%e9%a2%84%e5%88%b6%e6%88%bf%e5%b1%8b\/#breadcrumb\"},\"inLanguage\":\"zh-Hans\",\"potentialAction\":[{\"@type\":\"ReadAction\",\"target\":[\"https:\/\/www.kofinas.gr\/zh\/%e9%a2%84%e5%88%b6%e6%88%bf%e5%b1%8b\/\"]}]},{\"@type\":\"ImageObject\",\"inLanguage\":\"zh-Hans\",\"@id\":\"https:\/\/www.kofinas.gr\/zh\/%e9%a2%84%e5%88%b6%e6%88%bf%e5%b1%8b\/#primaryimage\",\"url\":\"https:\/\/www.kofinas.gr\/wp-content\/uploads\/2020\/04\/\u039a\u03bf\u03c6\u03b9\u03bd\u03ac\u03c2-\u03c0\u03c1\u03bf\u03ba\u03b1\u03c4\u03b1\u03c3\u03ba\u03b5\u03c5\u03b1\u03c3\u03bc\u03ad\u03bd\u03b1-2-story-house.jpg\",\"contentUrl\":\"https:\/\/www.kofinas.gr\/wp-content\/uploads\/2020\/04\/\u039a\u03bf\u03c6\u03b9\u03bd\u03ac\u03c2-\u03c0\u03c1\u03bf\u03ba\u03b1\u03c4\u03b1\u03c3\u03ba\u03b5\u03c5\u03b1\u03c3\u03bc\u03ad\u03bd\u03b1-2-story-house.jpg\",\"width\":1900,\"height\":800,\"caption\":\"Kofinas-prokataskeuasmena \u039a\u03bf\u03c6\u03b9\u03bd\u03b1\u03c2 \u03c0\u03c1\u03bf\u03ba\u03b1\u03c4\u03b1\u03ba\u03c3\u03b5\u03c5\u03b1\u03c3\u03bc\u03ad\u03bd\u03b1 \u03c3\u03c0\u03af\u03c4\u03b9\u03b1-\u0392\u03af\u03bb\u03bb\u03b1 \u03bc\u03b5 \u03c0\u03b9\u03c3\u03af\u03bd\u03b1-\u03c0\u03c1\u03ac\u03c3\u03b9\u03bd\u03b7 \u03b4\u03cc\u03bc\u03b7\u03c3\u03b7-\u03b5\u03bd\u03b5\u03c1\u03b3\u03b5\u03b9\u03b1\u03ba\u03ae \u03ba\u03b1\u03c4\u03bf\u03b9\u03ba\u03af\u03b1-\u03b1\u03bd\u03c4\u03b9\u03c3\u03b5\u03b9\u03c3\u03bc\u03b9\u03ba\u03cc \u03c3\u03c0\u03af\u03c4\u03b9\"},{\"@type\":\"BreadcrumbList\",\"@id\":\"https:\/\/www.kofinas.gr\/zh\/%e9%a2%84%e5%88%b6%e6%88%bf%e5%b1%8b\/#breadcrumb\",\"itemListElement\":[{\"@type\":\"ListItem\",\"position\":1,\"name\":\"Home\",\"item\":\"https:\/\/www.kofinas.gr\/\"},{\"@type\":\"ListItem\",\"position\":2,\"name\":\"Vorgefertigte H\u00e4user\"}]},{\"@type\":\"WebSite\",\"@id\":\"https:\/\/www.kofinas.gr\/#website\",\"url\":\"https:\/\/www.kofinas.gr\/\",\"name\":\"\u039a\u03bf\u03c6\u03b9\u03bd\u03ac\u03c2 \u03a0\u03c1\u03bf\u03ba\u03b1\u03c4\u03b1\u03c3\u03ba\u03b5\u03c5\u03b1\u03c3\u03bc\u03ad\u03bd\u03b1 \u03c3\u03c0\u03af\u03c4\u03b9\u03b1 - \u03a0\u03c1\u03bf\u03ba\u03ac\u03c4\",\"description\":\"\u039a\u03b1\u03c4\u03b1\u03c3\u03ba\u03b5\u03c5\u03ac\u03b6\u03bf\u03c5\u03bc\u03b5 \u03c4\u03bf \u03c3\u03c0\u03af\u03c4\u03b9 \u03c3\u03b1\u03c2 \u03c3\u03c4\u03b7\u03bd \u03b5\u03bb\u03bb\u03ac\u03b4\u03b1 \u03ba\u03b1\u03b9 \u03bf\u03c0\u03bf\u03c5\u03b4\u03ae\u03c0\u03bf\u03c4\u03b5 \u03c3\u03c4\u03b7\u03bd \u0395\u03c5\u03c1\u03ce\u03c0\u03b7!\",\"publisher\":{\"@id\":\"https:\/\/www.kofinas.gr\/#organization\"},\"alternateName\":\"\u039a\u039f\u03a6\u0399\u039d\u0391\u03a3 \u03a0\u03c1\u03bf\u03ba\u03b1\u03c4\u03b1\u03c3\u03ba\u03b5\u03c5\u03b1\u03c3\u03bc\u03ad\u03bd\u03b1 \u03a3\u03c0\u03af\u03c4\u03b9\u03b1 \u03ba\u03b1\u03b9 \u03a4\u03bf\u03c5\u03c1\u03b9\u03c3\u03c4\u03b9\u03ba\u03ac \u039a\u03b1\u03c4\u03b1\u03bb\u03cd\u03bc\u03b1\u03c4\u03b1\",\"potentialAction\":[{\"@type\":\"SearchAction\",\"target\":{\"@type\":\"EntryPoint\",\"urlTemplate\":\"https:\/\/www.kofinas.gr\/?s={search_term_string}\"},\"query-input\":{\"@type\":\"PropertyValueSpecification\",\"valueRequired\":true,\"valueName\":\"search_term_string\"}}],\"inLanguage\":\"zh-Hans\"},{\"@type\":\"Organization\",\"@id\":\"https:\/\/www.kofinas.gr\/#organization\",\"name\":\"Kofinas SA\",\"alternateName\":\"Construction Company that constuct Prefabricated houses\",\"url\":\"https:\/\/www.kofinas.gr\/\",\"logo\":{\"@type\":\"ImageObject\",\"inLanguage\":\"zh-Hans\",\"@id\":\"https:\/\/www.kofinas.gr\/#\/schema\/logo\/image\/\",\"url\":\"https:\/\/www.kofinas.gr\/wp-content\/uploads\/2025\/03\/360new-logo-25.gif\",\"contentUrl\":\"https:\/\/www.kofinas.gr\/wp-content\/uploads\/2025\/03\/360new-logo-25.gif\",\"width\":230,\"height\":70,\"caption\":\"Kofinas SA\"},\"image\":{\"@id\":\"https:\/\/www.kofinas.gr\/#\/schema\/logo\/image\/\"},\"sameAs\":[\"https:\/\/www.facebook.com\/kofinas.prokataskevasmena\",\"https:\/\/x.com\/kofinas_prokat\",\"https:\/\/www.linkedin.com\/company\/kofinas-sa\",\"https:\/\/www.instagram.com\/kofinasprefab\/\",\"https:\/\/www.youtube.com\/channel\/UCEAifY31SuyQHHz_I3P4IVg\"],\"description\":\"KOFINAS SA \u2013 Prefabricated Homes Founded Legacy & Innovation Established in 1977, KOFINAS SA has grown into one of Greece\u2019s leading firms in the prefabricated housing sector. Their philosophy underscores continuous innovation\u2014they don't aim to build more homes, but to build better homes Strength & Certification The company's unique construction system has undergone rigorous experimental testing at the National Technical University of Athens, proving its durability well beyond natural endurance limits. Innovations introduced by KOFINAS are internationally recognized and certified. Sustainability & Eco Friendly Building KOFINAS uses Swedish and Finnish timber as its primary construction material, achieving a notably low carbon footprint: replacing conventional materials with wood reduces carbon dioxide emissions by 1.1 tons per cubic meter. In collaboration with Nordic sawmills, for every tree harvested, three to five new trees are planted, resulting in a negative carbon footprint. Additionally, their homes feature bioclimatic design and achieve energy consumption reductions of 75%\u201380% compared to conventional buildings\u2014often earning them energy efficiency A certificates. Advanced Production Facilities KOFINAS operates a modern factory, built to European standards, with ISO 14001 certification\u2014ensuring top-tier quality and environmental management in prefabricated housing production. Wide Range of Custom Designs Their catalog includes single , two , and three story homes, ground floor units with lofts, passive houses, and tourist accommodations. They also offer the \u201cFlexyHome\u201d series and Finnlamelli Finnish log houses, providing versatility to meet diverse aesthetic and functional needs. Experienced Team & Nationwide Network KOFINAS boasts a skilled, multidisciplinary team\u2014including civil and architectural engineers\u2014who oversee design, permit processing, and project implementation with a 100% success rate. The company has built a robust sales and distribution network\",\"email\":\"info@kofinas.gr\",\"telephone\":\"00302106081307\",\"legalName\":\"KOFINAS SA\",\"foundingDate\":\"1977-03-07\",\"vatID\":\"EL081136701\",\"duns\":\"503265836\",\"numberOfEmployees\":{\"@type\":\"QuantitativeValue\",\"minValue\":\"11\",\"maxValue\":\"50\"},\"publishingPrinciples\":\"https:\/\/www.kofinas.gr\/%cf%80%ce%bf%ce%bb%ce%b9%cf%84%ce%b9%ce%ba%ce%ae-%ce%b5%cf%84%ce%b1%ce%b9%cf%81%ce%af%ce%b1%cf%82-%ce%ba%ce%bf%cf%86%ce%b9%ce%bd%ce%b1%cf%83-%ce%b1%ce%b5\/\",\"ownershipFundingInfo\":\"https:\/\/www.kofinas.gr\/%ce%b5%cf%84%ce%b1%ce%b9%cf%81%ce%af%ce%b1\/\",\"actionableFeedbackPolicy\":\"https:\/\/www.kofinas.gr\/prosopika-dedomena\/\"}]}<\/script>\n<!-- \/ Yoast SEO Premium plugin. -->","yoast_head_json":{"title":"\u9884\u5236\u623f\u5c4b | Kofinas \u9884\u5236\u623f\u5c4b - \u9884\u5236\u9884\u5236\u623f\u5c4b","description":"\u300aFertigh\u00e4user \u7cfb\u5217\u300b\u662f\u4e00\u4e2a\u6807\u51c6 Vigsamkeit \u548c\u6280\u672f\u5f00\u53d1\u7684\u89e3\u51b3\u65b9\u6848\u3002","robots":{"index":"index","follow":"follow","max-snippet":"max-snippet:-1","max-image-preview":"max-image-preview:large","max-video-preview":"max-video-preview:-1"},"canonical":"https:\/\/www.kofinas.gr\/zh\/\u9884\u5236\u623f\u5c4b\/","og_locale":"zh_CN","og_type":"article","og_title":"Vorgefertigte H\u00e4user","og_description":"Die Serie der Fertigh\u00e4user ist das Ergebnis der st\u00e4ndigen Wachsamkeit und technologischen Entwicklung unseres Unternehmens.","og_url":"https:\/\/www.kofinas.gr\/zh\/\u9884\u5236\u623f\u5c4b\/","og_site_name":"\u039a\u03bf\u03c6\u03b9\u03bd\u03ac\u03c2 \u03a0\u03c1\u03bf\u03ba\u03b1\u03c4\u03b1\u03c3\u03ba\u03b5\u03c5\u03b1\u03c3\u03bc\u03ad\u03bd\u03b1 \u03c3\u03c0\u03af\u03c4\u03b9\u03b1 - \u03a0\u03c1\u03bf\u03ba\u03ac\u03c4","article_publisher":"https:\/\/www.facebook.com\/kofinas.prokataskevasmena","article_modified_time":"2022-07-06T14:14:00+00:00","og_image":[{"width":1900,"height":800,"url":"https:\/\/www.kofinas.gr\/wp-content\/uploads\/2020\/04\/\u039a\u03bf\u03c6\u03b9\u03bd\u03ac\u03c2-\u03c0\u03c1\u03bf\u03ba\u03b1\u03c4\u03b1\u03c3\u03ba\u03b5\u03c5\u03b1\u03c3\u03bc\u03ad\u03bd\u03b1-2-story-house.jpg","type":"image\/jpeg"}],"twitter_card":"summary_large_image","twitter_site":"@kofinas_prokat","twitter_misc":{"\u9884\u8ba1\u9605\u8bfb\u65f6\u95f4":"2 \u5206"},"schema":{"@context":"https:\/\/schema.org","@graph":[{"@type":"WebPage","@id":"https:\/\/www.kofinas.gr\/zh\/%e9%a2%84%e5%88%b6%e6%88%bf%e5%b1%8b\/","url":"https:\/\/www.kofinas.gr\/zh\/%e9%a2%84%e5%88%b6%e6%88%bf%e5%b1%8b\/","name":"\u9884\u5236\u623f\u5c4b | Kofinas \u9884\u5236\u623f\u5c4b - \u9884\u5236\u9884\u5236\u623f\u5c4b","isPartOf":{"@id":"https:\/\/www.kofinas.gr\/#website"},"primaryImageOfPage":{"@id":"https:\/\/www.kofinas.gr\/zh\/%e9%a2%84%e5%88%b6%e6%88%bf%e5%b1%8b\/#primaryimage"},"image":{"@id":"https:\/\/www.kofinas.gr\/zh\/%e9%a2%84%e5%88%b6%e6%88%bf%e5%b1%8b\/#primaryimage"},"thumbnailUrl":"https:\/\/www.kofinas.gr\/wp-content\/uploads\/2020\/04\/\u039a\u03bf\u03c6\u03b9\u03bd\u03ac\u03c2-\u03c0\u03c1\u03bf\u03ba\u03b1\u03c4\u03b1\u03c3\u03ba\u03b5\u03c5\u03b1\u03c3\u03bc\u03ad\u03bd\u03b1-2-story-house.jpg","datePublished":"2016-08-04T12:54:49+00:00","dateModified":"2022-07-06T14:14:00+00:00","description":"\u300aFertigh\u00e4user \u7cfb\u5217\u300b\u662f\u4e00\u4e2a\u6807\u51c6 Vigsamkeit \u548c\u6280\u672f\u5f00\u53d1\u7684\u89e3\u51b3\u65b9\u6848\u3002","breadcrumb":{"@id":"https:\/\/www.kofinas.gr\/zh\/%e9%a2%84%e5%88%b6%e6%88%bf%e5%b1%8b\/#breadcrumb"},"inLanguage":"zh-Hans","potentialAction":[{"@type":"ReadAction","target":["https:\/\/www.kofinas.gr\/zh\/%e9%a2%84%e5%88%b6%e6%88%bf%e5%b1%8b\/"]}]},{"@type":"ImageObject","inLanguage":"zh-Hans","@id":"https:\/\/www.kofinas.gr\/zh\/%e9%a2%84%e5%88%b6%e6%88%bf%e5%b1%8b\/#primaryimage","url":"https:\/\/www.kofinas.gr\/wp-content\/uploads\/2020\/04\/\u039a\u03bf\u03c6\u03b9\u03bd\u03ac\u03c2-\u03c0\u03c1\u03bf\u03ba\u03b1\u03c4\u03b1\u03c3\u03ba\u03b5\u03c5\u03b1\u03c3\u03bc\u03ad\u03bd\u03b1-2-story-house.jpg","contentUrl":"https:\/\/www.kofinas.gr\/wp-content\/uploads\/2020\/04\/\u039a\u03bf\u03c6\u03b9\u03bd\u03ac\u03c2-\u03c0\u03c1\u03bf\u03ba\u03b1\u03c4\u03b1\u03c3\u03ba\u03b5\u03c5\u03b1\u03c3\u03bc\u03ad\u03bd\u03b1-2-story-house.jpg","width":1900,"height":800,"caption":"Kofinas-prokataskeuasmena \u039a\u03bf\u03c6\u03b9\u03bd\u03b1\u03c2 \u03c0\u03c1\u03bf\u03ba\u03b1\u03c4\u03b1\u03ba\u03c3\u03b5\u03c5\u03b1\u03c3\u03bc\u03ad\u03bd\u03b1 \u03c3\u03c0\u03af\u03c4\u03b9\u03b1-\u0392\u03af\u03bb\u03bb\u03b1 \u03bc\u03b5 \u03c0\u03b9\u03c3\u03af\u03bd\u03b1-\u03c0\u03c1\u03ac\u03c3\u03b9\u03bd\u03b7 \u03b4\u03cc\u03bc\u03b7\u03c3\u03b7-\u03b5\u03bd\u03b5\u03c1\u03b3\u03b5\u03b9\u03b1\u03ba\u03ae \u03ba\u03b1\u03c4\u03bf\u03b9\u03ba\u03af\u03b1-\u03b1\u03bd\u03c4\u03b9\u03c3\u03b5\u03b9\u03c3\u03bc\u03b9\u03ba\u03cc \u03c3\u03c0\u03af\u03c4\u03b9"},{"@type":"BreadcrumbList","@id":"https:\/\/www.kofinas.gr\/zh\/%e9%a2%84%e5%88%b6%e6%88%bf%e5%b1%8b\/#breadcrumb","itemListElement":[{"@type":"ListItem","position":1,"name":"Home","item":"https:\/\/www.kofinas.gr\/"},{"@type":"ListItem","position":2,"name":"Vorgefertigte H\u00e4user"}]},{"@type":"WebSite","@id":"https:\/\/www.kofinas.gr\/#website","url":"https:\/\/www.kofinas.gr\/","name":"Kofinas \u9884\u5236\u623f\u5c4b - Prefab","description":"\u6211\u4eec\u5728\u5e0c\u814a\u548c\u6b27\u6d32\u4efb\u4f55\u5730\u65b9\u5efa\u9020\u60a8\u7684\u623f\u5b50\uff01","publisher":{"@id":"https:\/\/www.kofinas.gr\/#organization"},"alternateName":"\u039a\u039f\u03a6\u0399\u039d\u0391\u03a3 \u03a0\u03c1\u03bf\u03ba\u03b1\u03c4\u03b1\u03c3\u03ba\u03b5\u03c5\u03b1\u03c3\u03bc\u03ad\u03bd\u03b1 \u03a3\u03c0\u03af\u03c4\u03b9\u03b1 \u03ba\u03b1\u03b9 \u03a4\u03bf\u03c5\u03c1\u03b9\u03c3\u03c4\u03b9\u03ba\u03ac \u039a\u03b1\u03c4\u03b1\u03bb\u03cd\u03bc\u03b1\u03c4\u03b1","potentialAction":[{"@type":"SearchAction","target":{"@type":"EntryPoint","urlTemplate":"https:\/\/www.kofinas.gr\/?s={search_term_string}"},"query-input":{"@type":"PropertyValueSpecification","valueRequired":true,"valueName":"search_term_string"}}],"inLanguage":"zh-Hans"},{"@type":"Organization","@id":"https:\/\/www.kofinas.gr\/#organization","name":"\u79d1\u83f2\u7eb3\u65af\u516c\u53f8","alternateName":"Construction Company that constuct Prefabricated houses","url":"https:\/\/www.kofinas.gr\/","logo":{"@type":"ImageObject","inLanguage":"zh-Hans","@id":"https:\/\/www.kofinas.gr\/#\/schema\/logo\/image\/","url":"https:\/\/www.kofinas.gr\/wp-content\/uploads\/2025\/03\/360new-logo-25.gif","contentUrl":"https:\/\/www.kofinas.gr\/wp-content\/uploads\/2025\/03\/360new-logo-25.gif","width":230,"height":70,"caption":"Kofinas SA"},"image":{"@id":"https:\/\/www.kofinas.gr\/#\/schema\/logo\/image\/"},"sameAs":["https:\/\/www.facebook.com\/kofinas.prokataskevasmena","https:\/\/x.com\/kofinas_prokat","https:\/\/www.linkedin.com\/company\/kofinas-sa","https:\/\/www.instagram.com\/kofinasprefab\/","https:\/\/www.youtube.com\/channel\/UCEAifY31SuyQHHz_I3P4IVg"],"description":"KOFINAS SA \u2013 \u9884\u5236\u623f\u5c4b\u521b\u7acb\u7684\u4f20\u627f\u4e0e\u521b\u65b0 KOFINAS SA \u6210\u7acb\u4e8e 1977 \u5e74\uff0c\u73b0\u5df2\u53d1\u5c55\u6210\u4e3a\u5e0c\u814a\u9884\u5236\u623f\u5c4b\u9886\u57df\u7684\u9886\u5148\u516c\u53f8\u4e4b\u4e00\u3002\u4ed6\u4eec\u7684\u7406\u5ff5\u5f3a\u8c03\u6301\u7eed\u521b\u65b0 \u2014 \u4ed6\u4eec\u7684\u76ee\u6807\u4e0d\u662f\u5efa\u9020\u66f4\u591a\u7684\u623f\u5c4b\uff0c\u800c\u662f\u5efa\u9020\u66f4\u597d\u7684\u623f\u5c4b \u5b9e\u529b\u4e0e\u8ba4\u8bc1 \u8be5\u516c\u53f8\u72ec\u7279\u7684\u5efa\u7b51\u7cfb\u7edf\u5df2\u7ecf\u5728\u96c5\u5178\u56fd\u7acb\u6280\u672f\u5927\u5b66\u7ecf\u8fc7\u4e86\u4e25\u683c\u7684\u5b9e\u9a8c\u6d4b\u8bd5\uff0c\u8bc1\u660e\u5176\u8010\u7528\u6027\u8fdc\u8fdc\u8d85\u51fa\u4e86\u81ea\u7136\u7684\u8010\u53d7\u6781\u9650\u3002KOFINAS \u63a8\u51fa\u7684\u521b\u65b0\u5f97\u5230\u4e86\u56fd\u9645\u8ba4\u53ef\u548c\u8ba4\u8bc1\u3002 \u53ef\u6301\u7eed\u6027\u548c\u751f\u6001\u53cb\u597d\u578b\u5efa\u7b51 KOFINAS \u4f7f\u7528\u745e\u5178\u548c\u82ac\u5170\u6728\u6750\u4f5c\u4e3a\u5176\u4e3b\u8981\u5efa\u7b51\u6750\u6599\uff0c\u5b9e\u73b0\u4e86\u975e\u5e38\u4f4e\u7684\u78b3\u8db3\u8ff9\uff1a\u7528\u6728\u6750\u4ee3\u66ff\u4f20\u7edf\u6750\u6599\u6bcf\u7acb\u65b9\u7c73\u53ef\u51cf\u5c11 1.1 \u5428\u7684\u4e8c\u6c27\u5316\u78b3\u6392\u653e\u91cf\u3002\u4e0e\u5317\u6b27\u952f\u6728\u5382\u5408\u4f5c\uff0c\u6bcf\u780d\u4f10\u4e00\u68f5\u6811\uff0c\u5c31\u4f1a\u79cd\u690d\u4e09\u5230\u4e94\u68f5\u65b0\u6811\uff0c\u4ece\u800c\u4ea7\u751f\u8d1f\u78b3\u8db3\u8ff9\u3002\u6b64\u5916\uff0c\u4ed6\u4eec\u7684\u4f4f\u5b85\u91c7\u7528\u751f\u7269\u6c14\u5019\u8bbe\u8ba1\uff0c\u4e0e\u4f20\u7edf\u5efa\u7b51\u76f8\u6bd4\uff0c\u80fd\u8017\u964d\u4f4e 75%\u201380%\uff0c\u901a\u5e38\u53ef\u83b7\u5f97\u80fd\u6548 A \u7ea7\u8bc1\u4e66\u3002\u5148\u8fdb\u7684\u751f\u4ea7\u8bbe\u65bd KOFINAS \u62e5\u6709\u4e00\u5ea7\u6309\u7167\u6b27\u6d32\u6807\u51c6\u5efa\u9020\u7684\u73b0\u4ee3\u5316\u5de5\u5382\uff0c\u5e76\u83b7\u5f97 ISO 14001 \u8ba4\u8bc1\uff0c\u786e\u4fdd\u9884\u5236\u623f\u5c4b\u751f\u4ea7\u7684\u9876\u7ea7\u8d28\u91cf\u548c\u73af\u5883\u7ba1\u7406\u3002\u5e7f\u6cdb\u7684\u5b9a\u5236\u8bbe\u8ba1 \u4ed6\u4eec\u7684\u4ea7\u54c1\u76ee\u5f55\u5305\u62ec\u5355\u5c42\u3001\u53cc\u5c42\u548c\u4e09\u5c42\u4f4f\u5b85\u3001\u5e26\u9601\u697c\u7684\u5e95\u5c42\u5355\u5143\u3001\u88ab\u52a8\u5f0f\u4f4f\u5b85\u548c\u65c5\u6e38\u4f4f\u5bbf\u3002\u4ed6\u4eec\u8fd8\u63d0\u4f9b\u201cFlexyHome\u201d\u7cfb\u5217\u548c Finnlamelli \u82ac\u5170\u6728\u5c4b\uff0c\u63d0\u4f9b\u591a\u79cd\u9009\u62e9\uff0c\u4ee5\u6ee1\u8db3\u4e0d\u540c\u7684\u5ba1\u7f8e\u548c\u529f\u80fd\u9700\u6c42\u3002\u7ecf\u9a8c\u4e30\u5bcc\u7684\u56e2\u961f\u548c\u5168\u56fd\u7f51\u7edc KOFINAS \u62e5\u6709\u4e00\u652f\u6280\u672f\u5a34\u719f\u7684\u591a\u5b66\u79d1\u56e2\u961f\uff0c\u5305\u62ec\u571f\u6728\u5de5\u7a0b\u5e08\u548c\u5efa\u7b51\u5de5\u7a0b\u5e08\uff0c\u4ed6\u4eec\u8d1f\u8d23\u76d1\u7763\u8bbe\u8ba1\u3001\u8bb8\u53ef\u8bc1\u529e\u7406\u548c\u9879\u76ee\u5b9e\u65bd\uff0c\u6210\u529f\u7387\u9ad8\u8fbe 100%\u3002\u8be5\u516c\u53f8\u5df2\u7ecf\u5efa\u7acb\u4e86\u5f3a\u5927\u7684\u9500\u552e\u548c\u5206\u9500\u7f51\u7edc","email":"info@kofinas.gr","telephone":"00302106081307","legalName":"KOFINAS SA","foundingDate":"1977-03-07","vatID":"EL081136701","duns":"503265836","numberOfEmployees":{"@type":"QuantitativeValue","minValue":"11","maxValue":"50"},"publishingPrinciples":"https:\/\/www.kofinas.gr\/%cf%80%ce%bf%ce%bb%ce%b9%cf%84%ce%b9%ce%ba%ce%ae-%ce%b5%cf%84%ce%b1%ce%b9%cf%81%ce%af%ce%b1%cf%82-%ce%ba%ce%bf%cf%86%ce%b9%ce%bd%ce%b1%cf%83-%ce%b1%ce%b5\/","ownershipFundingInfo":"https:\/\/www.kofinas.gr\/%ce%b5%cf%84%ce%b1%ce%b9%cf%81%ce%af%ce%b1\/","actionableFeedbackPolicy":"https:\/\/www.kofinas.gr\/prosopika-dedomena\/"}]}},"_links":{"self":[{"href":"https:\/\/www.kofinas.gr\/zh\/wp-json\/wp\/v2\/pages\/86775","targetHints":{"allow":["GET"]}}],"collection":[{"href":"https:\/\/www.kofinas.gr\/zh\/wp-json\/wp\/v2\/pages"}],"about":[{"href":"https:\/\/www.kofinas.gr\/zh\/wp-json\/wp\/v2\/types\/page"}],"author":[{"embeddable":true,"href":"https:\/\/www.kofinas.gr\/zh\/wp-json\/wp\/v2\/users\/3"}],"replies":[{"embeddable":true,"href":"https:\/\/www.kofinas.gr\/zh\/wp-json\/wp\/v2\/comments?post=86775"}],"version-history":[{"count":0,"href":"https:\/\/www.kofinas.gr\/zh\/wp-json\/wp\/v2\/pages\/86775\/revisions"}],"wp:featuredmedia":[{"embeddable":true,"href":"https:\/\/www.kofinas.gr\/zh\/wp-json\/wp\/v2\/media\/71711"}],"wp:attachment":[{"href":"https:\/\/www.kofinas.gr\/zh\/wp-json\/wp\/v2\/media?parent=86775"}],"curies":[{"name":"\u53ef\u6e7f\u6027\u7c89\u5242","href":"https:\/\/api.w.org\/{rel}","templated":true}]}}