{"id":8588,"date":"2016-11-11T16:19:44","date_gmt":"2016-11-11T14:19:44","guid":{"rendered":"http:\/\/neo.kofinas.gr\/en\/?page_id=8588"},"modified":"2020-04-22T08:20:54","modified_gmt":"2020-04-22T06:20:54","slug":"2012-ntua-forskning","status":"publish","type":"page","link":"https:\/\/www.kofinas.gr\/sv\/experimentell-forskning\/2012-ntua-forskning\/","title":{"rendered":"2012 NTUA-experiment"},"content":{"rendered":"<h3>Forskning om till\u00e4mpning av KOFINAS prefabricerade hus konstruktionsmetod f\u00f6r byggnader med mer \u00e4n tre v\u00e5ningar<\/h3>\n<h4>Studien finansierades fr\u00e5n GSRT och realiserades fr\u00e5n <strong>NTUA 2012<\/strong>.<\/h4>\n<p class=\"kf-justify\"><strong>En fyra v\u00e5ningar h\u00f6g byggnad<\/strong> byggt med hj\u00e4lp av f\u00f6retagets byggsystem &quot;Kofinas \u2013 Prefabricerade hus&quot; studerades fr\u00e5n en forskargrupp som bestod av:<\/p>\n<ul>\n<li><strong>Dr. H. Mouzakis, projektledare NTUA<\/strong><\/li>\n<li><strong>Dr. L. Karapitta, forskare NTUA<\/strong><\/li>\n<li><strong>Dr. V.K. Ntertimanis, forskare NTUA<\/strong><\/li>\n<\/ul>\n<p class=\"kf-justify\">f\u00f6r att ut\u00f6ka funktionen hos prefabricerade tr\u00e4byggnader fr\u00e5n f\u00f6retaget KOFINAS, till flerv\u00e5ningskonstruktioner och ge ytterligare kunskap till f\u00f6retaget f\u00f6r att f\u00f6rb\u00e4ttra dess konkurrenskraft inom byggbranschen.<\/p>\n<h4 class=\"kf-underline\">Den tekniska rapporten fr\u00e5n NTUA-forskarna, bland andra, n\u00e4mner f\u00f6ljande:<\/h4>\n<p><img decoding=\"async\" class=\"uk-width-1-4 alignleft\" src=\"\/wp-content\/uploads\/kofinas\/ntua-experiments\/emp-technical-report-2012.jpg\" alt=\"Teknisk rapport fr\u00e5n NTUA-forskare\"><\/p>\n<dl class=\"uk-description-list uk-description-list-line uk-width-3-4 kf-justify\">\n<dt>\n<h5 class=\"kf-underline\">F\u00f6rdelar f\u00f6r deltagare<\/h5>\n<\/dt>\n<dd>Deltagarna kommer att utveckla ny vetenskaplig kunskap. Konkret f\u00f6rv\u00e4ntas KOFINAS-f\u00f6retaget anv\u00e4nda studieresultaten f\u00f6r en modern, mycket konkurrenskraftig tillverkning.<\/dd>\n<dt>\n<h5 class=\"kf-underline\">F\u00f6rdelar f\u00f6r samh\u00e4llet<\/h5>\n<\/dt>\n<dd>Slutprodukten f\u00f6rv\u00e4ntas vara ett positivt steg mot att m\u00f6ta <strong>gr\u00f6n designfilosofi<\/strong>. Kostnaden f\u00f6r det resulterande bygget blir mycket konkurrenskraftigt, prisv\u00e4rt och attraktivt f\u00f6r samh\u00e4llet, med uppenbara ekonomiska och milj\u00f6m\u00e4ssiga f\u00f6rdelar. Dessutom kommer den f\u00f6reslagna konstruktionen att bidra till att minska missuppfattningarna om prefabricerade tr\u00e4hus och, eftersom den nuvarande marknaden \u00e4r begr\u00e4nsad, kan den leda till en expansion, erbjuda nya jobb och \u00f6kad konkurrens, till gagn f\u00f6r konsumenten.<\/dd>\n<\/dl>\n<p class=\"kf-justify\">Detta f\u00f6rslag syftar till att bli <strong>den f\u00f6rsta holistiska forskningen i Grekland<\/strong>, som kommer att studera de prefabricerade tr\u00e4byggnaderna, med h\u00e4nsyn till de lokala milj\u00f6f\u00f6rh\u00e5llandena och de seismiska \u00e5tg\u00e4rderna.<\/p>\n<p class=\"kf-justify\">De erh\u00e5llna resultaten kommer att ge KOFINAS-f\u00f6retaget all n\u00f6dv\u00e4ndig kunskap och motsvarande verktyg f\u00f6r att g\u00e5 vidare...<\/p>\n<div class=\"uk-grid\">\n      <img decoding=\"async\" class=\"uk-width-1-2 uk-container-center uk-text-center uk-margin-top\" src=\"\/wp-content\/uploads\/kofinas\/ntua-experiments\/gget.jpg\" alt=\"Forskning finansierad av GSRT\"><\/div>\n<div class=\"uk-grid\">\n      <img decoding=\"async\" class=\"uk-width-1-2 uk-container-center uk-text-center uk-margin-top\" src=\"\/wp-content\/uploads\/kofinas\/ntua-experiments\/espa.png\" alt=\"ESPA 2007\u20132013\"><\/div>","protected":false},"excerpt":{"rendered":"<p>Forskning om till\u00e4mpning av KOFINAS prefabricerade hus konstruktionsmetod f\u00f6r byggnader med mer \u00e4n tre v\u00e5ningar Studien finansierades fr\u00e5n GSRT och realiserades fr\u00e5n NTUA 2012. En fyra v\u00e5ningars byggnad byggd med hj\u00e4lp av f\u00f6retagets byggsystem &quot;Kofinas \u2013 Prefabricated Houses&quot; studerades fr\u00e5n ett vetenskapligt team som bestod av: Dr. H. Mouzakis, [\u2026]<\/p>","protected":false},"author":3,"featured_media":19897,"parent":8605,"menu_order":0,"comment_status":"closed","ping_status":"closed","template":"","meta":{"_acf_changed":false,"footnotes":""},"class_list":["post-8588","page","type-page","status-publish","has-post-thumbnail","hentry"],"acf":[],"yoast_head":"<!-- This site is optimized with the Yoast SEO Premium plugin v26.6 (Yoast SEO v26.6) - https:\/\/yoast.com\/wordpress\/plugins\/seo\/ -->\n<title>2012 NTUA Experiment | \u039a\u03bf\u03c6\u03b9\u03bd\u03ac\u03c2 \u03a0\u03c1\u03bf\u03ba\u03b1\u03c4\u03b1\u03c3\u03ba\u03b5\u03c5\u03b1\u03c3\u03bc\u03ad\u03bd\u03b1 \u03c3\u03c0\u03af\u03c4\u03b9\u03b1 - \u03a0\u03c1\u03bf\u03ba\u03ac\u03c4<\/title>\n<meta name=\"robots\" content=\"index, follow, max-snippet:-1, max-image-preview:large, max-video-preview:-1\" \/>\n<link rel=\"canonical\" href=\"https:\/\/www.kofinas.gr\/sv\/experimentell-forskning\/2012-ntua-forskning\/\" \/>\n<meta property=\"og:locale\" content=\"sv_SE\" \/>\n<meta property=\"og:type\" content=\"article\" \/>\n<meta property=\"og:title\" content=\"2012 NTUA Experiment\" \/>\n<meta property=\"og:description\" content=\"Research of application of KOFINAS prefabricated houses construction method for buildings with more than three floors The study was funded from the G.S.R.T. and realized from the N.T.U.A. in 2012. A four-story building constructed utilizing the &#8220;Kofinas &#8211; Prefabricated Houses&#8221; company construction system was studied from a scientific team which consisted of: Dr. H. Mouzakis, [&hellip;]\" \/>\n<meta property=\"og:url\" content=\"https:\/\/www.kofinas.gr\/sv\/experimentell-forskning\/2012-ntua-forskning\/\" \/>\n<meta property=\"og:site_name\" content=\"\u039a\u03bf\u03c6\u03b9\u03bd\u03ac\u03c2 \u03a0\u03c1\u03bf\u03ba\u03b1\u03c4\u03b1\u03c3\u03ba\u03b5\u03c5\u03b1\u03c3\u03bc\u03ad\u03bd\u03b1 \u03c3\u03c0\u03af\u03c4\u03b9\u03b1 - \u03a0\u03c1\u03bf\u03ba\u03ac\u03c4\" \/>\n<meta property=\"article:publisher\" content=\"https:\/\/www.facebook.com\/kofinas.prokataskevasmena\" \/>\n<meta property=\"article:modified_time\" content=\"2020-04-22T06:20:54+00:00\" \/>\n<meta property=\"og:image\" content=\"https:\/\/www.kofinas.gr\/wp-content\/uploads\/2020\/04\/KOFINAS-emp-technical-report-2012-2.jpg\" \/>\n\t<meta property=\"og:image:width\" content=\"374\" \/>\n\t<meta property=\"og:image:height\" content=\"320\" \/>\n\t<meta property=\"og:image:type\" content=\"image\/jpeg\" \/>\n<meta name=\"twitter:card\" content=\"summary_large_image\" \/>\n<meta name=\"twitter:site\" content=\"@kofinas_prokat\" \/>\n<meta name=\"twitter:label1\" content=\"Ber\u00e4knad l\u00e4stid\" \/>\n\t<meta name=\"twitter:data1\" content=\"1 minut\" \/>\n<script type=\"application\/ld+json\" class=\"yoast-schema-graph\">{\"@context\":\"https:\/\/schema.org\",\"@graph\":[{\"@type\":\"WebPage\",\"@id\":\"https:\/\/www.kofinas.gr\/he\/%d7%9e%d7%97%d7%a7%d7%a8-%d7%a0%d7%99%d7%a1%d7%99%d7%95%d7%a0%d7%99\/%d7%9e%d7%97%d7%a7%d7%a8-ntua-2012\/\",\"url\":\"https:\/\/www.kofinas.gr\/he\/%d7%9e%d7%97%d7%a7%d7%a8-%d7%a0%d7%99%d7%a1%d7%99%d7%95%d7%a0%d7%99\/%d7%9e%d7%97%d7%a7%d7%a8-ntua-2012\/\",\"name\":\"2012 NTUA Experiment | \u039a\u03bf\u03c6\u03b9\u03bd\u03ac\u03c2 \u03a0\u03c1\u03bf\u03ba\u03b1\u03c4\u03b1\u03c3\u03ba\u03b5\u03c5\u03b1\u03c3\u03bc\u03ad\u03bd\u03b1 \u03c3\u03c0\u03af\u03c4\u03b9\u03b1 - \u03a0\u03c1\u03bf\u03ba\u03ac\u03c4\",\"isPartOf\":{\"@id\":\"https:\/\/www.kofinas.gr\/#website\"},\"primaryImageOfPage\":{\"@id\":\"https:\/\/www.kofinas.gr\/he\/%d7%9e%d7%97%d7%a7%d7%a8-%d7%a0%d7%99%d7%a1%d7%99%d7%95%d7%a0%d7%99\/%d7%9e%d7%97%d7%a7%d7%a8-ntua-2012\/#primaryimage\"},\"image\":{\"@id\":\"https:\/\/www.kofinas.gr\/he\/%d7%9e%d7%97%d7%a7%d7%a8-%d7%a0%d7%99%d7%a1%d7%99%d7%95%d7%a0%d7%99\/%d7%9e%d7%97%d7%a7%d7%a8-ntua-2012\/#primaryimage\"},\"thumbnailUrl\":\"https:\/\/www.kofinas.gr\/wp-content\/uploads\/2020\/04\/KOFINAS-emp-technical-report-2012-2.jpg\",\"datePublished\":\"2016-11-11T14:19:44+00:00\",\"dateModified\":\"2020-04-22T06:20:54+00:00\",\"breadcrumb\":{\"@id\":\"https:\/\/www.kofinas.gr\/he\/%d7%9e%d7%97%d7%a7%d7%a8-%d7%a0%d7%99%d7%a1%d7%99%d7%95%d7%a0%d7%99\/%d7%9e%d7%97%d7%a7%d7%a8-ntua-2012\/#breadcrumb\"},\"inLanguage\":\"sv-SE\",\"potentialAction\":[{\"@type\":\"ReadAction\",\"target\":[\"https:\/\/www.kofinas.gr\/he\/%d7%9e%d7%97%d7%a7%d7%a8-%d7%a0%d7%99%d7%a1%d7%99%d7%95%d7%a0%d7%99\/%d7%9e%d7%97%d7%a7%d7%a8-ntua-2012\/\"]}]},{\"@type\":\"ImageObject\",\"inLanguage\":\"sv-SE\",\"@id\":\"https:\/\/www.kofinas.gr\/he\/%d7%9e%d7%97%d7%a7%d7%a8-%d7%a0%d7%99%d7%a1%d7%99%d7%95%d7%a0%d7%99\/%d7%9e%d7%97%d7%a7%d7%a8-ntua-2012\/#primaryimage\",\"url\":\"https:\/\/www.kofinas.gr\/wp-content\/uploads\/2020\/04\/KOFINAS-emp-technical-report-2012-2.jpg\",\"contentUrl\":\"https:\/\/www.kofinas.gr\/wp-content\/uploads\/2020\/04\/KOFINAS-emp-technical-report-2012-2.jpg\",\"width\":374,\"height\":320,\"caption\":\"prefabricated houses-bone green building durability -experiment\"},{\"@type\":\"BreadcrumbList\",\"@id\":\"https:\/\/www.kofinas.gr\/he\/%d7%9e%d7%97%d7%a7%d7%a8-%d7%a0%d7%99%d7%a1%d7%99%d7%95%d7%a0%d7%99\/%d7%9e%d7%97%d7%a7%d7%a8-ntua-2012\/#breadcrumb\",\"itemListElement\":[{\"@type\":\"ListItem\",\"position\":1,\"name\":\"Home\",\"item\":\"https:\/\/www.kofinas.gr\/\"},{\"@type\":\"ListItem\",\"position\":2,\"name\":\"Experiments and research\",\"item\":\"https:\/\/www.kofinas.gr\/eng\/experimental-research\/\"},{\"@type\":\"ListItem\",\"position\":3,\"name\":\"2012 NTUA Experiment\"}]},{\"@type\":\"WebSite\",\"@id\":\"https:\/\/www.kofinas.gr\/#website\",\"url\":\"https:\/\/www.kofinas.gr\/\",\"name\":\"\u039a\u03bf\u03c6\u03b9\u03bd\u03ac\u03c2 \u03a0\u03c1\u03bf\u03ba\u03b1\u03c4\u03b1\u03c3\u03ba\u03b5\u03c5\u03b1\u03c3\u03bc\u03ad\u03bd\u03b1 \u03c3\u03c0\u03af\u03c4\u03b9\u03b1 - \u03a0\u03c1\u03bf\u03ba\u03ac\u03c4\",\"description\":\"\u039a\u03b1\u03c4\u03b1\u03c3\u03ba\u03b5\u03c5\u03ac\u03b6\u03bf\u03c5\u03bc\u03b5 \u03c4\u03bf \u03c3\u03c0\u03af\u03c4\u03b9 \u03c3\u03b1\u03c2 \u03c3\u03c4\u03b7\u03bd \u03b5\u03bb\u03bb\u03ac\u03b4\u03b1 \u03ba\u03b1\u03b9 \u03bf\u03c0\u03bf\u03c5\u03b4\u03ae\u03c0\u03bf\u03c4\u03b5 \u03c3\u03c4\u03b7\u03bd \u0395\u03c5\u03c1\u03ce\u03c0\u03b7!\",\"publisher\":{\"@id\":\"https:\/\/www.kofinas.gr\/#organization\"},\"alternateName\":\"\u039a\u039f\u03a6\u0399\u039d\u0391\u03a3 \u03a0\u03c1\u03bf\u03ba\u03b1\u03c4\u03b1\u03c3\u03ba\u03b5\u03c5\u03b1\u03c3\u03bc\u03ad\u03bd\u03b1 \u03a3\u03c0\u03af\u03c4\u03b9\u03b1 \u03ba\u03b1\u03b9 \u03a4\u03bf\u03c5\u03c1\u03b9\u03c3\u03c4\u03b9\u03ba\u03ac \u039a\u03b1\u03c4\u03b1\u03bb\u03cd\u03bc\u03b1\u03c4\u03b1\",\"potentialAction\":[{\"@type\":\"SearchAction\",\"target\":{\"@type\":\"EntryPoint\",\"urlTemplate\":\"https:\/\/www.kofinas.gr\/?s={search_term_string}\"},\"query-input\":{\"@type\":\"PropertyValueSpecification\",\"valueRequired\":true,\"valueName\":\"search_term_string\"}}],\"inLanguage\":\"sv-SE\"},{\"@type\":\"Organization\",\"@id\":\"https:\/\/www.kofinas.gr\/#organization\",\"name\":\"Kofinas SA\",\"alternateName\":\"Construction Company that constuct Prefabricated houses\",\"url\":\"https:\/\/www.kofinas.gr\/\",\"logo\":{\"@type\":\"ImageObject\",\"inLanguage\":\"sv-SE\",\"@id\":\"https:\/\/www.kofinas.gr\/#\/schema\/logo\/image\/\",\"url\":\"https:\/\/www.kofinas.gr\/wp-content\/uploads\/2025\/03\/360new-logo-25.gif\",\"contentUrl\":\"https:\/\/www.kofinas.gr\/wp-content\/uploads\/2025\/03\/360new-logo-25.gif\",\"width\":230,\"height\":70,\"caption\":\"Kofinas SA\"},\"image\":{\"@id\":\"https:\/\/www.kofinas.gr\/#\/schema\/logo\/image\/\"},\"sameAs\":[\"https:\/\/www.facebook.com\/kofinas.prokataskevasmena\",\"https:\/\/x.com\/kofinas_prokat\",\"https:\/\/www.linkedin.com\/company\/kofinas-sa\",\"https:\/\/www.instagram.com\/kofinasprefab\/\",\"https:\/\/www.youtube.com\/channel\/UCEAifY31SuyQHHz_I3P4IVg\"],\"description\":\"KOFINAS SA \u2013 Prefabricated Homes Founded Legacy & Innovation Established in 1977, KOFINAS SA has grown into one of Greece\u2019s leading firms in the prefabricated housing sector. Their philosophy underscores continuous innovation\u2014they don't aim to build more homes, but to build better homes Strength & Certification The company's unique construction system has undergone rigorous experimental testing at the National Technical University of Athens, proving its durability well beyond natural endurance limits. Innovations introduced by KOFINAS are internationally recognized and certified. Sustainability & Eco Friendly Building KOFINAS uses Swedish and Finnish timber as its primary construction material, achieving a notably low carbon footprint: replacing conventional materials with wood reduces carbon dioxide emissions by 1.1 tons per cubic meter. In collaboration with Nordic sawmills, for every tree harvested, three to five new trees are planted, resulting in a negative carbon footprint. Additionally, their homes feature bioclimatic design and achieve energy consumption reductions of 75%\u201380% compared to conventional buildings\u2014often earning them energy efficiency A certificates. Advanced Production Facilities KOFINAS operates a modern factory, built to European standards, with ISO 14001 certification\u2014ensuring top-tier quality and environmental management in prefabricated housing production. Wide Range of Custom Designs Their catalog includes single , two , and three story homes, ground floor units with lofts, passive houses, and tourist accommodations. They also offer the \u201cFlexyHome\u201d series and Finnlamelli Finnish log houses, providing versatility to meet diverse aesthetic and functional needs. Experienced Team & Nationwide Network KOFINAS boasts a skilled, multidisciplinary team\u2014including civil and architectural engineers\u2014who oversee design, permit processing, and project implementation with a 100% success rate. The company has built a robust sales and distribution network\",\"email\":\"info@kofinas.gr\",\"telephone\":\"00302106081307\",\"legalName\":\"KOFINAS SA\",\"foundingDate\":\"1977-03-07\",\"vatID\":\"EL081136701\",\"duns\":\"503265836\",\"numberOfEmployees\":{\"@type\":\"QuantitativeValue\",\"minValue\":\"11\",\"maxValue\":\"50\"},\"publishingPrinciples\":\"https:\/\/www.kofinas.gr\/%cf%80%ce%bf%ce%bb%ce%b9%cf%84%ce%b9%ce%ba%ce%ae-%ce%b5%cf%84%ce%b1%ce%b9%cf%81%ce%af%ce%b1%cf%82-%ce%ba%ce%bf%cf%86%ce%b9%ce%bd%ce%b1%cf%83-%ce%b1%ce%b5\/\",\"ownershipFundingInfo\":\"https:\/\/www.kofinas.gr\/%ce%b5%cf%84%ce%b1%ce%b9%cf%81%ce%af%ce%b1\/\",\"actionableFeedbackPolicy\":\"https:\/\/www.kofinas.gr\/prosopika-dedomena\/\"}]}<\/script>\n<!-- \/ Yoast SEO Premium plugin. -->","yoast_head_json":{"title":"2012 NTUA-experiment | Kofinas prefabricerade hus - Prefabricerade","robots":{"index":"index","follow":"follow","max-snippet":"max-snippet:-1","max-image-preview":"max-image-preview:large","max-video-preview":"max-video-preview:-1"},"canonical":"https:\/\/www.kofinas.gr\/sv\/experimentell-forskning\/2012-ntua-forskning\/","og_locale":"sv_SE","og_type":"article","og_title":"2012 NTUA Experiment","og_description":"Research of application of KOFINAS prefabricated houses construction method for buildings with more than three floors The study was funded from the G.S.R.T. and realized from the N.T.U.A. in 2012. A four-story building constructed utilizing the &#8220;Kofinas &#8211; Prefabricated Houses&#8221; company construction system was studied from a scientific team which consisted of: Dr. H. Mouzakis, [&hellip;]","og_url":"https:\/\/www.kofinas.gr\/sv\/experimentell-forskning\/2012-ntua-forskning\/","og_site_name":"\u039a\u03bf\u03c6\u03b9\u03bd\u03ac\u03c2 \u03a0\u03c1\u03bf\u03ba\u03b1\u03c4\u03b1\u03c3\u03ba\u03b5\u03c5\u03b1\u03c3\u03bc\u03ad\u03bd\u03b1 \u03c3\u03c0\u03af\u03c4\u03b9\u03b1 - \u03a0\u03c1\u03bf\u03ba\u03ac\u03c4","article_publisher":"https:\/\/www.facebook.com\/kofinas.prokataskevasmena","article_modified_time":"2020-04-22T06:20:54+00:00","og_image":[{"width":374,"height":320,"url":"https:\/\/www.kofinas.gr\/wp-content\/uploads\/2020\/04\/KOFINAS-emp-technical-report-2012-2.jpg","type":"image\/jpeg"}],"twitter_card":"summary_large_image","twitter_site":"@kofinas_prokat","twitter_misc":{"Ber\u00e4knad l\u00e4stid":"1 minut"},"schema":{"@context":"https:\/\/schema.org","@graph":[{"@type":"WebPage","@id":"https:\/\/www.kofinas.gr\/he\/%d7%9e%d7%97%d7%a7%d7%a8-%d7%a0%d7%99%d7%a1%d7%99%d7%95%d7%a0%d7%99\/%d7%9e%d7%97%d7%a7%d7%a8-ntua-2012\/","url":"https:\/\/www.kofinas.gr\/he\/%d7%9e%d7%97%d7%a7%d7%a8-%d7%a0%d7%99%d7%a1%d7%99%d7%95%d7%a0%d7%99\/%d7%9e%d7%97%d7%a7%d7%a8-ntua-2012\/","name":"2012 NTUA-experiment | Kofinas prefabricerade hus - Prefabricerade","isPartOf":{"@id":"https:\/\/www.kofinas.gr\/#website"},"primaryImageOfPage":{"@id":"https:\/\/www.kofinas.gr\/he\/%d7%9e%d7%97%d7%a7%d7%a8-%d7%a0%d7%99%d7%a1%d7%99%d7%95%d7%a0%d7%99\/%d7%9e%d7%97%d7%a7%d7%a8-ntua-2012\/#primaryimage"},"image":{"@id":"https:\/\/www.kofinas.gr\/he\/%d7%9e%d7%97%d7%a7%d7%a8-%d7%a0%d7%99%d7%a1%d7%99%d7%95%d7%a0%d7%99\/%d7%9e%d7%97%d7%a7%d7%a8-ntua-2012\/#primaryimage"},"thumbnailUrl":"https:\/\/www.kofinas.gr\/wp-content\/uploads\/2020\/04\/KOFINAS-emp-technical-report-2012-2.jpg","datePublished":"2016-11-11T14:19:44+00:00","dateModified":"2020-04-22T06:20:54+00:00","breadcrumb":{"@id":"https:\/\/www.kofinas.gr\/he\/%d7%9e%d7%97%d7%a7%d7%a8-%d7%a0%d7%99%d7%a1%d7%99%d7%95%d7%a0%d7%99\/%d7%9e%d7%97%d7%a7%d7%a8-ntua-2012\/#breadcrumb"},"inLanguage":"sv-SE","potentialAction":[{"@type":"ReadAction","target":["https:\/\/www.kofinas.gr\/he\/%d7%9e%d7%97%d7%a7%d7%a8-%d7%a0%d7%99%d7%a1%d7%99%d7%95%d7%a0%d7%99\/%d7%9e%d7%97%d7%a7%d7%a8-ntua-2012\/"]}]},{"@type":"ImageObject","inLanguage":"sv-SE","@id":"https:\/\/www.kofinas.gr\/he\/%d7%9e%d7%97%d7%a7%d7%a8-%d7%a0%d7%99%d7%a1%d7%99%d7%95%d7%a0%d7%99\/%d7%9e%d7%97%d7%a7%d7%a8-ntua-2012\/#primaryimage","url":"https:\/\/www.kofinas.gr\/wp-content\/uploads\/2020\/04\/KOFINAS-emp-technical-report-2012-2.jpg","contentUrl":"https:\/\/www.kofinas.gr\/wp-content\/uploads\/2020\/04\/KOFINAS-emp-technical-report-2012-2.jpg","width":374,"height":320,"caption":"prefabricated houses-bone green building durability -experiment"},{"@type":"BreadcrumbList","@id":"https:\/\/www.kofinas.gr\/he\/%d7%9e%d7%97%d7%a7%d7%a8-%d7%a0%d7%99%d7%a1%d7%99%d7%95%d7%a0%d7%99\/%d7%9e%d7%97%d7%a7%d7%a8-ntua-2012\/#breadcrumb","itemListElement":[{"@type":"ListItem","position":1,"name":"Home","item":"https:\/\/www.kofinas.gr\/"},{"@type":"ListItem","position":2,"name":"Experiments and research","item":"https:\/\/www.kofinas.gr\/eng\/experimental-research\/"},{"@type":"ListItem","position":3,"name":"2012 NTUA Experiment"}]},{"@type":"WebSite","@id":"https:\/\/www.kofinas.gr\/#website","url":"https:\/\/www.kofinas.gr\/","name":"Kofinas Prefabricerade hus - Prefab","description":"Vi bygger ditt hus i Grekland och var som helst i Europa!","publisher":{"@id":"https:\/\/www.kofinas.gr\/#organization"},"alternateName":"\u039a\u039f\u03a6\u0399\u039d\u0391\u03a3 \u03a0\u03c1\u03bf\u03ba\u03b1\u03c4\u03b1\u03c3\u03ba\u03b5\u03c5\u03b1\u03c3\u03bc\u03ad\u03bd\u03b1 \u03a3\u03c0\u03af\u03c4\u03b9\u03b1 \u03ba\u03b1\u03b9 \u03a4\u03bf\u03c5\u03c1\u03b9\u03c3\u03c4\u03b9\u03ba\u03ac \u039a\u03b1\u03c4\u03b1\u03bb\u03cd\u03bc\u03b1\u03c4\u03b1","potentialAction":[{"@type":"SearchAction","target":{"@type":"EntryPoint","urlTemplate":"https:\/\/www.kofinas.gr\/?s={search_term_string}"},"query-input":{"@type":"PropertyValueSpecification","valueRequired":true,"valueName":"search_term_string"}}],"inLanguage":"sv-SE"},{"@type":"Organization","@id":"https:\/\/www.kofinas.gr\/#organization","name":"Kofinas SA","alternateName":"Construction Company that constuct Prefabricated houses","url":"https:\/\/www.kofinas.gr\/","logo":{"@type":"ImageObject","inLanguage":"sv-SE","@id":"https:\/\/www.kofinas.gr\/#\/schema\/logo\/image\/","url":"https:\/\/www.kofinas.gr\/wp-content\/uploads\/2025\/03\/360new-logo-25.gif","contentUrl":"https:\/\/www.kofinas.gr\/wp-content\/uploads\/2025\/03\/360new-logo-25.gif","width":230,"height":70,"caption":"Kofinas SA"},"image":{"@id":"https:\/\/www.kofinas.gr\/#\/schema\/logo\/image\/"},"sameAs":["https:\/\/www.facebook.com\/kofinas.prokataskevasmena","https:\/\/x.com\/kofinas_prokat","https:\/\/www.linkedin.com\/company\/kofinas-sa","https:\/\/www.instagram.com\/kofinasprefab\/","https:\/\/www.youtube.com\/channel\/UCEAifY31SuyQHHz_I3P4IVg"],"description":"KOFINAS SA \u2013 Prefabricerade hus Grundat Arv och innovation KOFINAS SA grundades 1977 och har vuxit till ett av Greklands ledande f\u00f6retag inom prefabricerade bost\u00e4der. Deras filosofi understryker kontinuerlig innovation \u2013 de str\u00e4var inte efter att bygga fler bost\u00e4der, utan att bygga b\u00e4ttre bost\u00e4der Styrka och certifiering F\u00f6retagets unika byggsystem har genomg\u00e5tt rigor\u00f6sa experimentella tester vid Atens nationella tekniska universitet, vilket bevisat dess h\u00e5llbarhet l\u00e5ngt bortom naturliga uth\u00e5llighetsgr\u00e4nser. Innovationer som introduceras av KOFINAS \u00e4r internationellt erk\u00e4nda och certifierade. H\u00e5llbarhet och milj\u00f6v\u00e4nligt byggande KOFINAS anv\u00e4nder svenskt och finskt virke som sitt prim\u00e4ra byggmaterial, vilket uppn\u00e5r ett anm\u00e4rkningsv\u00e4rt l\u00e5gt koldioxidavtryck: att ers\u00e4tta konventionella material med tr\u00e4 minskar koldioxidutsl\u00e4ppen med 1,1 ton per kubikmeter. I samarbete med nordiska s\u00e5gverk planteras tre till fem nya tr\u00e4d f\u00f6r varje tr\u00e4d som avverkas, vilket resulterar i ett negativt koldioxidavtryck. Dessutom har deras hem bioklimatisk design och uppn\u00e5r energif\u00f6rbrukningsminskningar p\u00e5 75%\u201380% j\u00e4mf\u00f6rt med konventionella byggnader \u2013 vilket ofta ger dem energieffektivitetscertifikat A. Avancerade produktionsanl\u00e4ggningar KOFINAS driver en modern fabrik, byggd enligt europeiska standarder, med ISO 14001-certifiering \u2013 vilket s\u00e4kerst\u00e4ller h\u00f6gsta kvalitet och milj\u00f6ledning vid produktion av prefabricerade bost\u00e4der. Brett utbud av specialdesignade konstruktioner Deras katalog inkluderar en-, tv\u00e5- och trev\u00e5ningshus, bottenv\u00e5ningsenheter med loft, passivhus och turistboenden. De erbjuder \u00e4ven &quot;FlexyHome&quot;-serien och Finnlamelli finska timmerhus, vilket ger m\u00e5ngsidighet f\u00f6r att m\u00f6ta olika estetiska och funktionella behov. Erfaret team och rikst\u00e4ckande n\u00e4tverk KOFINAS har ett skickligt, tv\u00e4rvetenskapligt team \u2013 inklusive civil- och arkitektoniska ingenj\u00f6rer \u2013 som \u00f6vervakar design, tillst\u00e5ndsbehandling och projektgenomf\u00f6rande med en framg\u00e5ngsgrad p\u00e5 100%. F\u00f6retaget har byggt upp ett robust f\u00f6rs\u00e4ljnings- och distributionsn\u00e4tverk.","email":"info@kofinas.gr","telephone":"00302106081307","legalName":"KOFINAS SA","foundingDate":"1977-03-07","vatID":"EL081136701","duns":"503265836","numberOfEmployees":{"@type":"QuantitativeValue","minValue":"11","maxValue":"50"},"publishingPrinciples":"https:\/\/www.kofinas.gr\/%cf%80%ce%bf%ce%bb%ce%b9%cf%84%ce%b9%ce%ba%ce%ae-%ce%b5%cf%84%ce%b1%ce%b9%cf%81%ce%af%ce%b1%cf%82-%ce%ba%ce%bf%cf%86%ce%b9%ce%bd%ce%b1%cf%83-%ce%b1%ce%b5\/","ownershipFundingInfo":"https:\/\/www.kofinas.gr\/%ce%b5%cf%84%ce%b1%ce%b9%cf%81%ce%af%ce%b1\/","actionableFeedbackPolicy":"https:\/\/www.kofinas.gr\/prosopika-dedomena\/"}]}},"_links":{"self":[{"href":"https:\/\/www.kofinas.gr\/sv\/wp-json\/wp\/v2\/pages\/8588","targetHints":{"allow":["GET"]}}],"collection":[{"href":"https:\/\/www.kofinas.gr\/sv\/wp-json\/wp\/v2\/pages"}],"about":[{"href":"https:\/\/www.kofinas.gr\/sv\/wp-json\/wp\/v2\/types\/page"}],"author":[{"embeddable":true,"href":"https:\/\/www.kofinas.gr\/sv\/wp-json\/wp\/v2\/users\/3"}],"replies":[{"embeddable":true,"href":"https:\/\/www.kofinas.gr\/sv\/wp-json\/wp\/v2\/comments?post=8588"}],"version-history":[{"count":0,"href":"https:\/\/www.kofinas.gr\/sv\/wp-json\/wp\/v2\/pages\/8588\/revisions"}],"up":[{"embeddable":true,"href":"https:\/\/www.kofinas.gr\/sv\/wp-json\/wp\/v2\/pages\/8605"}],"wp:featuredmedia":[{"embeddable":true,"href":"https:\/\/www.kofinas.gr\/sv\/wp-json\/wp\/v2\/media\/19897"}],"wp:attachment":[{"href":"https:\/\/www.kofinas.gr\/sv\/wp-json\/wp\/v2\/media?parent=8588"}],"curies":[{"name":"wp","href":"https:\/\/api.w.org\/{rel}","templated":true}]}}