{"id":7554,"date":"2016-08-05T17:14:32","date_gmt":"2016-08-05T15:14:32","guid":{"rendered":"http:\/\/neo.kofinas.gr\/en\/?page_id=7554"},"modified":"2025-09-08T12:23:37","modified_gmt":"2025-09-08T10:23:37","slug":"vad-ar-ett-flexboende","status":"publish","type":"page","link":"https:\/\/www.kofinas.gr\/sv\/flexyhome\/varfor-ett-flexibelt-kofinas-hus\/vad-ar-ett-flexboende\/","title":{"rendered":"Flexyhome: Vad \u00e4r det?"},"content":{"rendered":"<p>Testad av <strong>Atens nationella tekniska universitet<\/strong>, konstruktionssystemet f\u00f6r <img decoding=\"async\" src=\"\/wp-content\/uploads\/kofinas\/koflogo.png\" \/> f\u00f6retag, som har <strong>imponerade experter och vetenskapsm\u00e4n<\/strong>, t\u00e4cks utv\u00e4ndigt med <img decoding=\"async\" src=\"\/wp-content\/uploads\/kofinas\/logocanexel.png\" \/>, skapar <img decoding=\"async\" src=\"\/wp-content\/uploads\/kofinas\/flxhm.png\" \/> serie, med hus som motsvarar alla dina behov!<\/p>\n<p style=\"text-align: justify;\"><strong>\u2022 F\u00f6r en huvudbostad<br \/>\n\u2022 F\u00f6r ett hus p\u00e5 landet<br \/>\n\u2022 F\u00f6r ett turistboende<br \/>\n\u2022 F\u00f6r varje anv\u00e4ndning...<br \/>\n<\/strong><\/p>\n<p>De <img decoding=\"async\" src=\"\/wp-content\/uploads\/kofinas\/flxhm.png\" \/> hus, p\u00e5 grund av <img decoding=\"async\" src=\"\/wp-content\/uploads\/kofinas\/logocanexel.png\" \/> k\u00e4nnetecknas av:<\/p>\n<p style=\"text-align: justify;\"><strong>a) deras stora anpassningsf\u00f6rm\u00e5ga till alla klimatzoner, \u00e4ven de ogynnsamma<br \/>\nb) genom deras motst\u00e5ndskraft mot pl\u00f6tsliga temperaturvariationer av varmt och kallt<br \/>\nc) genom deras stora motst\u00e5ndskraft mot fukt<\/strong><\/p>\n<p>De <img decoding=\"async\" src=\"\/wp-content\/uploads\/kofinas\/logocanexel.png\" \/> \u00e4r en produkt av <strong>tr\u00e4<\/strong>, skapad speciellt f\u00f6r <a href=\"http:\/\/dimisign.gr\">murverk<\/a> bekl\u00e4dnad, som har anv\u00e4nts i \u00e5rtionden <strong>stora konstruktioner och hus<\/strong> i Europa och Amerika.<\/p>\n<p><strong>\u2022 Den \u00e4r speciellt behandlad med vax och hartser f\u00f6r att undvika f\u00f6rvr\u00e4ngning, b\u00f6jning och \u00e5ldrande.<br \/>\n\u2022 Den \u00e4r fabriksm\u00e5lad och har 10 \u00e5rs fabriksgaranti p\u00e5 f\u00e4rgen som kan v\u00e4ljas genom f\u00f6retagets f\u00e4rgkarta f\u00f6r att tillfredsst\u00e4lla alla smaker!<\/strong><\/p>\n<p>De <img decoding=\"async\" src=\"\/wp-content\/uploads\/kofinas\/flxhm.png\" \/> \u00e4r en <strong>modern serie<\/strong> av hus av <img decoding=\"async\" src=\"\/wp-content\/uploads\/kofinas\/koflogo.png\" \/> f\u00f6retag, som skapade flera husdesigner, f\u00f6r att g\u00f6ra dem <strong>kostnadseffektiv<\/strong> men utan att f\u00f6rlora det enast\u00e5ende <strong> kvalitet och h\u00e5llbarhet<\/strong> av <img decoding=\"async\" src=\"\/wp-content\/uploads\/kofinas\/koflogo.png\" \/> konstruktioner.<\/p>\n<p><center><img decoding=\"async\" src=\"\/wp-content\/uploads\/kofinas\/flexyhome-info\/flexyhome-philosophy.jpg\" \/><\/center><\/p>","protected":false},"excerpt":{"rendered":"<p>F\u00f6retagets byggsystem, som testats av Atens nationella tekniska universitet och har imponerat p\u00e5 experter och forskare, \u00e4r t\u00e4ckt utv\u00e4ndigt med [material], vilket skapar serien, med hus som motsvarar alla dina behov! \u2022 F\u00f6r en huvudbostad \u2022 F\u00f6r ett lantst\u00e4lle \u2022 F\u00f6r turistboende \u2022 F\u00f6r alla anv\u00e4ndningsomr\u00e5den\u2026 [...]<\/p>","protected":false},"author":3,"featured_media":13593,"parent":7547,"menu_order":0,"comment_status":"closed","ping_status":"closed","template":"","meta":{"_acf_changed":false,"footnotes":""},"class_list":["post-7554","page","type-page","status-publish","has-post-thumbnail","hentry"],"acf":[],"yoast_head":"<!-- This site is optimized with the Yoast SEO Premium plugin v26.6 (Yoast SEO v26.6) - https:\/\/yoast.com\/wordpress\/plugins\/seo\/ -->\n<title>Flexyhome: What is it? | \u039a\u03bf\u03c6\u03b9\u03bd\u03ac\u03c2 \u03a0\u03c1\u03bf\u03ba\u03b1\u03c4\u03b1\u03c3\u03ba\u03b5\u03c5\u03b1\u03c3\u03bc\u03ad\u03bd\u03b1 \u03c3\u03c0\u03af\u03c4\u03b9\u03b1 - \u03a0\u03c1\u03bf\u03ba\u03ac\u03c4<\/title>\n<meta name=\"description\" content=\"Find everything about the Flexyhome series, their philosophy, the modern products and the excellent adaptiveness to all your needs.\" \/>\n<meta name=\"robots\" content=\"index, follow, max-snippet:-1, max-image-preview:large, max-video-preview:-1\" \/>\n<link rel=\"canonical\" href=\"https:\/\/www.kofinas.gr\/sv\/flexyhome\/varfor-ett-flexibelt-kofinas-hus\/vad-ar-ett-flexboende\/\" \/>\n<meta property=\"og:locale\" content=\"sv_SE\" \/>\n<meta property=\"og:type\" content=\"article\" \/>\n<meta property=\"og:title\" content=\"Flexyhome: What is it?\" \/>\n<meta property=\"og:description\" content=\"Find everything about the Flexyhome series, their philosophy, the modern products and the excellent adaptiveness to all your needs.\" \/>\n<meta property=\"og:url\" content=\"https:\/\/www.kofinas.gr\/sv\/flexyhome\/varfor-ett-flexibelt-kofinas-hus\/vad-ar-ett-flexboende\/\" \/>\n<meta property=\"og:site_name\" content=\"\u039a\u03bf\u03c6\u03b9\u03bd\u03ac\u03c2 \u03a0\u03c1\u03bf\u03ba\u03b1\u03c4\u03b1\u03c3\u03ba\u03b5\u03c5\u03b1\u03c3\u03bc\u03ad\u03bd\u03b1 \u03c3\u03c0\u03af\u03c4\u03b9\u03b1 - \u03a0\u03c1\u03bf\u03ba\u03ac\u03c4\" \/>\n<meta property=\"article:publisher\" content=\"https:\/\/www.facebook.com\/kofinas.prokataskevasmena\" \/>\n<meta property=\"article:modified_time\" content=\"2025-09-08T10:23:37+00:00\" \/>\n<meta property=\"og:image\" content=\"https:\/\/www.kofinas.gr\/wp-content\/uploads\/ti-einai-Flexyhome1.jpg\" \/>\n\t<meta property=\"og:image:width\" content=\"600\" \/>\n\t<meta property=\"og:image:height\" content=\"600\" \/>\n\t<meta property=\"og:image:type\" content=\"image\/jpeg\" \/>\n<meta name=\"twitter:card\" content=\"summary_large_image\" \/>\n<meta name=\"twitter:site\" content=\"@kofinas_prokat\" \/>\n<meta name=\"twitter:label1\" content=\"Ber\u00e4knad l\u00e4stid\" \/>\n\t<meta name=\"twitter:data1\" content=\"4 minuter\" \/>\n<script type=\"application\/ld+json\" class=\"yoast-schema-graph\">{\"@context\":\"https:\/\/schema.org\",\"@graph\":[{\"@type\":\"WebPage\",\"@id\":\"https:\/\/www.kofinas.gr\/fi\/flexyhome\/miksi-joustava-kofinas-talo\/mika-on-flexyhome\/\",\"url\":\"https:\/\/www.kofinas.gr\/fi\/flexyhome\/miksi-joustava-kofinas-talo\/mika-on-flexyhome\/\",\"name\":\"Flexyhome: What is it? | \u039a\u03bf\u03c6\u03b9\u03bd\u03ac\u03c2 \u03a0\u03c1\u03bf\u03ba\u03b1\u03c4\u03b1\u03c3\u03ba\u03b5\u03c5\u03b1\u03c3\u03bc\u03ad\u03bd\u03b1 \u03c3\u03c0\u03af\u03c4\u03b9\u03b1 - \u03a0\u03c1\u03bf\u03ba\u03ac\u03c4\",\"isPartOf\":{\"@id\":\"https:\/\/www.kofinas.gr\/#website\"},\"primaryImageOfPage\":{\"@id\":\"https:\/\/www.kofinas.gr\/fi\/flexyhome\/miksi-joustava-kofinas-talo\/mika-on-flexyhome\/#primaryimage\"},\"image\":{\"@id\":\"https:\/\/www.kofinas.gr\/fi\/flexyhome\/miksi-joustava-kofinas-talo\/mika-on-flexyhome\/#primaryimage\"},\"thumbnailUrl\":\"https:\/\/www.kofinas.gr\/wp-content\/uploads\/ti-einai-Flexyhome1.jpg\",\"datePublished\":\"2016-08-05T15:14:32+00:00\",\"dateModified\":\"2025-09-08T10:23:37+00:00\",\"description\":\"Find everything about the Flexyhome series, their philosophy, the modern products and the excellent adaptiveness to all your needs.\",\"breadcrumb\":{\"@id\":\"https:\/\/www.kofinas.gr\/fi\/flexyhome\/miksi-joustava-kofinas-talo\/mika-on-flexyhome\/#breadcrumb\"},\"inLanguage\":\"sv-SE\",\"potentialAction\":[{\"@type\":\"ReadAction\",\"target\":[\"https:\/\/www.kofinas.gr\/fi\/flexyhome\/miksi-joustava-kofinas-talo\/mika-on-flexyhome\/\"]}]},{\"@type\":\"ImageObject\",\"inLanguage\":\"sv-SE\",\"@id\":\"https:\/\/www.kofinas.gr\/fi\/flexyhome\/miksi-joustava-kofinas-talo\/mika-on-flexyhome\/#primaryimage\",\"url\":\"https:\/\/www.kofinas.gr\/wp-content\/uploads\/ti-einai-Flexyhome1.jpg\",\"contentUrl\":\"https:\/\/www.kofinas.gr\/wp-content\/uploads\/ti-einai-Flexyhome1.jpg\",\"width\":600,\"height\":600},{\"@type\":\"BreadcrumbList\",\"@id\":\"https:\/\/www.kofinas.gr\/fi\/flexyhome\/miksi-joustava-kofinas-talo\/mika-on-flexyhome\/#breadcrumb\",\"itemListElement\":[{\"@type\":\"ListItem\",\"position\":1,\"name\":\"Home\",\"item\":\"https:\/\/www.kofinas.gr\/\"},{\"@type\":\"ListItem\",\"position\":2,\"name\":\"FlexyHome \u039a\u03b1\u03c4\u03bf\u03b9\u03ba\u03af\u03b5\u03c2\",\"item\":\"https:\/\/www.kofinas.gr\/den\/flexyhome\/\"},{\"@type\":\"ListItem\",\"position\":3,\"name\":\"Why Flexyhome Kofinas\",\"item\":\"https:\/\/www.kofinas.gr\/flexyhome\/why-a-flexy-kofinas-house\/\"},{\"@type\":\"ListItem\",\"position\":4,\"name\":\"Flexyhome: What is it?\"}]},{\"@type\":\"WebSite\",\"@id\":\"https:\/\/www.kofinas.gr\/#website\",\"url\":\"https:\/\/www.kofinas.gr\/\",\"name\":\"\u039a\u03bf\u03c6\u03b9\u03bd\u03ac\u03c2 \u03a0\u03c1\u03bf\u03ba\u03b1\u03c4\u03b1\u03c3\u03ba\u03b5\u03c5\u03b1\u03c3\u03bc\u03ad\u03bd\u03b1 \u03c3\u03c0\u03af\u03c4\u03b9\u03b1 - \u03a0\u03c1\u03bf\u03ba\u03ac\u03c4\",\"description\":\"\u039a\u03b1\u03c4\u03b1\u03c3\u03ba\u03b5\u03c5\u03ac\u03b6\u03bf\u03c5\u03bc\u03b5 \u03c4\u03bf \u03c3\u03c0\u03af\u03c4\u03b9 \u03c3\u03b1\u03c2 \u03c3\u03c4\u03b7\u03bd \u03b5\u03bb\u03bb\u03ac\u03b4\u03b1 \u03ba\u03b1\u03b9 \u03bf\u03c0\u03bf\u03c5\u03b4\u03ae\u03c0\u03bf\u03c4\u03b5 \u03c3\u03c4\u03b7\u03bd \u0395\u03c5\u03c1\u03ce\u03c0\u03b7!\",\"publisher\":{\"@id\":\"https:\/\/www.kofinas.gr\/#organization\"},\"alternateName\":\"\u039a\u039f\u03a6\u0399\u039d\u0391\u03a3 \u03a0\u03c1\u03bf\u03ba\u03b1\u03c4\u03b1\u03c3\u03ba\u03b5\u03c5\u03b1\u03c3\u03bc\u03ad\u03bd\u03b1 \u03a3\u03c0\u03af\u03c4\u03b9\u03b1 \u03ba\u03b1\u03b9 \u03a4\u03bf\u03c5\u03c1\u03b9\u03c3\u03c4\u03b9\u03ba\u03ac \u039a\u03b1\u03c4\u03b1\u03bb\u03cd\u03bc\u03b1\u03c4\u03b1\",\"potentialAction\":[{\"@type\":\"SearchAction\",\"target\":{\"@type\":\"EntryPoint\",\"urlTemplate\":\"https:\/\/www.kofinas.gr\/?s={search_term_string}\"},\"query-input\":{\"@type\":\"PropertyValueSpecification\",\"valueRequired\":true,\"valueName\":\"search_term_string\"}}],\"inLanguage\":\"sv-SE\"},{\"@type\":\"Organization\",\"@id\":\"https:\/\/www.kofinas.gr\/#organization\",\"name\":\"Kofinas SA\",\"alternateName\":\"Construction Company that constuct Prefabricated houses\",\"url\":\"https:\/\/www.kofinas.gr\/\",\"logo\":{\"@type\":\"ImageObject\",\"inLanguage\":\"sv-SE\",\"@id\":\"https:\/\/www.kofinas.gr\/#\/schema\/logo\/image\/\",\"url\":\"https:\/\/www.kofinas.gr\/wp-content\/uploads\/2025\/03\/360new-logo-25.gif\",\"contentUrl\":\"https:\/\/www.kofinas.gr\/wp-content\/uploads\/2025\/03\/360new-logo-25.gif\",\"width\":230,\"height\":70,\"caption\":\"Kofinas SA\"},\"image\":{\"@id\":\"https:\/\/www.kofinas.gr\/#\/schema\/logo\/image\/\"},\"sameAs\":[\"https:\/\/www.facebook.com\/kofinas.prokataskevasmena\",\"https:\/\/x.com\/kofinas_prokat\",\"https:\/\/www.linkedin.com\/company\/kofinas-sa\",\"https:\/\/www.instagram.com\/kofinasprefab\/\",\"https:\/\/www.youtube.com\/channel\/UCEAifY31SuyQHHz_I3P4IVg\"],\"description\":\"KOFINAS SA \u2013 Prefabricated Homes Founded Legacy & Innovation Established in 1977, KOFINAS SA has grown into one of Greece\u2019s leading firms in the prefabricated housing sector. Their philosophy underscores continuous innovation\u2014they don't aim to build more homes, but to build better homes Strength & Certification The company's unique construction system has undergone rigorous experimental testing at the National Technical University of Athens, proving its durability well beyond natural endurance limits. Innovations introduced by KOFINAS are internationally recognized and certified. Sustainability & Eco Friendly Building KOFINAS uses Swedish and Finnish timber as its primary construction material, achieving a notably low carbon footprint: replacing conventional materials with wood reduces carbon dioxide emissions by 1.1 tons per cubic meter. In collaboration with Nordic sawmills, for every tree harvested, three to five new trees are planted, resulting in a negative carbon footprint. Additionally, their homes feature bioclimatic design and achieve energy consumption reductions of 75%\u201380% compared to conventional buildings\u2014often earning them energy efficiency A certificates. Advanced Production Facilities KOFINAS operates a modern factory, built to European standards, with ISO 14001 certification\u2014ensuring top-tier quality and environmental management in prefabricated housing production. Wide Range of Custom Designs Their catalog includes single , two , and three story homes, ground floor units with lofts, passive houses, and tourist accommodations. They also offer the \u201cFlexyHome\u201d series and Finnlamelli Finnish log houses, providing versatility to meet diverse aesthetic and functional needs. Experienced Team & Nationwide Network KOFINAS boasts a skilled, multidisciplinary team\u2014including civil and architectural engineers\u2014who oversee design, permit processing, and project implementation with a 100% success rate. The company has built a robust sales and distribution network\",\"email\":\"info@kofinas.gr\",\"telephone\":\"00302106081307\",\"legalName\":\"KOFINAS SA\",\"foundingDate\":\"1977-03-07\",\"vatID\":\"EL081136701\",\"duns\":\"503265836\",\"numberOfEmployees\":{\"@type\":\"QuantitativeValue\",\"minValue\":\"11\",\"maxValue\":\"50\"},\"publishingPrinciples\":\"https:\/\/www.kofinas.gr\/%cf%80%ce%bf%ce%bb%ce%b9%cf%84%ce%b9%ce%ba%ce%ae-%ce%b5%cf%84%ce%b1%ce%b9%cf%81%ce%af%ce%b1%cf%82-%ce%ba%ce%bf%cf%86%ce%b9%ce%bd%ce%b1%cf%83-%ce%b1%ce%b5\/\",\"ownershipFundingInfo\":\"https:\/\/www.kofinas.gr\/%ce%b5%cf%84%ce%b1%ce%b9%cf%81%ce%af%ce%b1\/\",\"actionableFeedbackPolicy\":\"https:\/\/www.kofinas.gr\/prosopika-dedomena\/\"}]}<\/script>\n<!-- \/ Yoast SEO Premium plugin. -->","yoast_head_json":{"title":"Flexyhome: Vad \u00e4r det? | Kofinas prefabricerade hus - Prefabricerade","description":"Hitta allt om Flexyhome-serien, deras filosofi, de moderna produkterna och den utm\u00e4rkta anpassningsf\u00f6rm\u00e5gan till alla dina behov.","robots":{"index":"index","follow":"follow","max-snippet":"max-snippet:-1","max-image-preview":"max-image-preview:large","max-video-preview":"max-video-preview:-1"},"canonical":"https:\/\/www.kofinas.gr\/sv\/flexyhome\/varfor-ett-flexibelt-kofinas-hus\/vad-ar-ett-flexboende\/","og_locale":"sv_SE","og_type":"article","og_title":"Flexyhome: What is it?","og_description":"Find everything about the Flexyhome series, their philosophy, the modern products and the excellent adaptiveness to all your needs.","og_url":"https:\/\/www.kofinas.gr\/sv\/flexyhome\/varfor-ett-flexibelt-kofinas-hus\/vad-ar-ett-flexboende\/","og_site_name":"\u039a\u03bf\u03c6\u03b9\u03bd\u03ac\u03c2 \u03a0\u03c1\u03bf\u03ba\u03b1\u03c4\u03b1\u03c3\u03ba\u03b5\u03c5\u03b1\u03c3\u03bc\u03ad\u03bd\u03b1 \u03c3\u03c0\u03af\u03c4\u03b9\u03b1 - \u03a0\u03c1\u03bf\u03ba\u03ac\u03c4","article_publisher":"https:\/\/www.facebook.com\/kofinas.prokataskevasmena","article_modified_time":"2025-09-08T10:23:37+00:00","og_image":[{"width":600,"height":600,"url":"https:\/\/www.kofinas.gr\/wp-content\/uploads\/ti-einai-Flexyhome1.jpg","type":"image\/jpeg"}],"twitter_card":"summary_large_image","twitter_site":"@kofinas_prokat","twitter_misc":{"Ber\u00e4knad l\u00e4stid":"4 minuter"},"schema":{"@context":"https:\/\/schema.org","@graph":[{"@type":"WebPage","@id":"https:\/\/www.kofinas.gr\/fi\/flexyhome\/miksi-joustava-kofinas-talo\/mika-on-flexyhome\/","url":"https:\/\/www.kofinas.gr\/fi\/flexyhome\/miksi-joustava-kofinas-talo\/mika-on-flexyhome\/","name":"Flexyhome: Vad \u00e4r det? | Kofinas prefabricerade hus - Prefabricerade","isPartOf":{"@id":"https:\/\/www.kofinas.gr\/#website"},"primaryImageOfPage":{"@id":"https:\/\/www.kofinas.gr\/fi\/flexyhome\/miksi-joustava-kofinas-talo\/mika-on-flexyhome\/#primaryimage"},"image":{"@id":"https:\/\/www.kofinas.gr\/fi\/flexyhome\/miksi-joustava-kofinas-talo\/mika-on-flexyhome\/#primaryimage"},"thumbnailUrl":"https:\/\/www.kofinas.gr\/wp-content\/uploads\/ti-einai-Flexyhome1.jpg","datePublished":"2016-08-05T15:14:32+00:00","dateModified":"2025-09-08T10:23:37+00:00","description":"Hitta allt om Flexyhome-serien, deras filosofi, de moderna produkterna och den utm\u00e4rkta anpassningsf\u00f6rm\u00e5gan till alla dina behov.","breadcrumb":{"@id":"https:\/\/www.kofinas.gr\/fi\/flexyhome\/miksi-joustava-kofinas-talo\/mika-on-flexyhome\/#breadcrumb"},"inLanguage":"sv-SE","potentialAction":[{"@type":"ReadAction","target":["https:\/\/www.kofinas.gr\/fi\/flexyhome\/miksi-joustava-kofinas-talo\/mika-on-flexyhome\/"]}]},{"@type":"ImageObject","inLanguage":"sv-SE","@id":"https:\/\/www.kofinas.gr\/fi\/flexyhome\/miksi-joustava-kofinas-talo\/mika-on-flexyhome\/#primaryimage","url":"https:\/\/www.kofinas.gr\/wp-content\/uploads\/ti-einai-Flexyhome1.jpg","contentUrl":"https:\/\/www.kofinas.gr\/wp-content\/uploads\/ti-einai-Flexyhome1.jpg","width":600,"height":600},{"@type":"BreadcrumbList","@id":"https:\/\/www.kofinas.gr\/fi\/flexyhome\/miksi-joustava-kofinas-talo\/mika-on-flexyhome\/#breadcrumb","itemListElement":[{"@type":"ListItem","position":1,"name":"Home","item":"https:\/\/www.kofinas.gr\/"},{"@type":"ListItem","position":2,"name":"FlexyHome \u039a\u03b1\u03c4\u03bf\u03b9\u03ba\u03af\u03b5\u03c2","item":"https:\/\/www.kofinas.gr\/den\/flexyhome\/"},{"@type":"ListItem","position":3,"name":"Why Flexyhome Kofinas","item":"https:\/\/www.kofinas.gr\/flexyhome\/why-a-flexy-kofinas-house\/"},{"@type":"ListItem","position":4,"name":"Flexyhome: What is it?"}]},{"@type":"WebSite","@id":"https:\/\/www.kofinas.gr\/#website","url":"https:\/\/www.kofinas.gr\/","name":"Kofinas Prefabricerade hus - Prefab","description":"Vi bygger ditt hus i Grekland och var som helst i Europa!","publisher":{"@id":"https:\/\/www.kofinas.gr\/#organization"},"alternateName":"\u039a\u039f\u03a6\u0399\u039d\u0391\u03a3 \u03a0\u03c1\u03bf\u03ba\u03b1\u03c4\u03b1\u03c3\u03ba\u03b5\u03c5\u03b1\u03c3\u03bc\u03ad\u03bd\u03b1 \u03a3\u03c0\u03af\u03c4\u03b9\u03b1 \u03ba\u03b1\u03b9 \u03a4\u03bf\u03c5\u03c1\u03b9\u03c3\u03c4\u03b9\u03ba\u03ac \u039a\u03b1\u03c4\u03b1\u03bb\u03cd\u03bc\u03b1\u03c4\u03b1","potentialAction":[{"@type":"SearchAction","target":{"@type":"EntryPoint","urlTemplate":"https:\/\/www.kofinas.gr\/?s={search_term_string}"},"query-input":{"@type":"PropertyValueSpecification","valueRequired":true,"valueName":"search_term_string"}}],"inLanguage":"sv-SE"},{"@type":"Organization","@id":"https:\/\/www.kofinas.gr\/#organization","name":"Kofinas SA","alternateName":"Construction Company that constuct Prefabricated houses","url":"https:\/\/www.kofinas.gr\/","logo":{"@type":"ImageObject","inLanguage":"sv-SE","@id":"https:\/\/www.kofinas.gr\/#\/schema\/logo\/image\/","url":"https:\/\/www.kofinas.gr\/wp-content\/uploads\/2025\/03\/360new-logo-25.gif","contentUrl":"https:\/\/www.kofinas.gr\/wp-content\/uploads\/2025\/03\/360new-logo-25.gif","width":230,"height":70,"caption":"Kofinas SA"},"image":{"@id":"https:\/\/www.kofinas.gr\/#\/schema\/logo\/image\/"},"sameAs":["https:\/\/www.facebook.com\/kofinas.prokataskevasmena","https:\/\/x.com\/kofinas_prokat","https:\/\/www.linkedin.com\/company\/kofinas-sa","https:\/\/www.instagram.com\/kofinasprefab\/","https:\/\/www.youtube.com\/channel\/UCEAifY31SuyQHHz_I3P4IVg"],"description":"KOFINAS SA \u2013 Prefabricerade hus Grundat Arv och innovation KOFINAS SA grundades 1977 och har vuxit till ett av Greklands ledande f\u00f6retag inom prefabricerade bost\u00e4der. Deras filosofi understryker kontinuerlig innovation \u2013 de str\u00e4var inte efter att bygga fler bost\u00e4der, utan att bygga b\u00e4ttre bost\u00e4der Styrka och certifiering F\u00f6retagets unika byggsystem har genomg\u00e5tt rigor\u00f6sa experimentella tester vid Atens nationella tekniska universitet, vilket bevisat dess h\u00e5llbarhet l\u00e5ngt bortom naturliga uth\u00e5llighetsgr\u00e4nser. Innovationer som introduceras av KOFINAS \u00e4r internationellt erk\u00e4nda och certifierade. H\u00e5llbarhet och milj\u00f6v\u00e4nligt byggande KOFINAS anv\u00e4nder svenskt och finskt virke som sitt prim\u00e4ra byggmaterial, vilket uppn\u00e5r ett anm\u00e4rkningsv\u00e4rt l\u00e5gt koldioxidavtryck: att ers\u00e4tta konventionella material med tr\u00e4 minskar koldioxidutsl\u00e4ppen med 1,1 ton per kubikmeter. I samarbete med nordiska s\u00e5gverk planteras tre till fem nya tr\u00e4d f\u00f6r varje tr\u00e4d som avverkas, vilket resulterar i ett negativt koldioxidavtryck. Dessutom har deras hem bioklimatisk design och uppn\u00e5r energif\u00f6rbrukningsminskningar p\u00e5 75%\u201380% j\u00e4mf\u00f6rt med konventionella byggnader \u2013 vilket ofta ger dem energieffektivitetscertifikat A. Avancerade produktionsanl\u00e4ggningar KOFINAS driver en modern fabrik, byggd enligt europeiska standarder, med ISO 14001-certifiering \u2013 vilket s\u00e4kerst\u00e4ller h\u00f6gsta kvalitet och milj\u00f6ledning vid produktion av prefabricerade bost\u00e4der. Brett utbud av specialdesignade konstruktioner Deras katalog inkluderar en-, tv\u00e5- och trev\u00e5ningshus, bottenv\u00e5ningsenheter med loft, passivhus och turistboenden. De erbjuder \u00e4ven &quot;FlexyHome&quot;-serien och Finnlamelli finska timmerhus, vilket ger m\u00e5ngsidighet f\u00f6r att m\u00f6ta olika estetiska och funktionella behov. Erfaret team och rikst\u00e4ckande n\u00e4tverk KOFINAS har ett skickligt, tv\u00e4rvetenskapligt team \u2013 inklusive civil- och arkitektoniska ingenj\u00f6rer \u2013 som \u00f6vervakar design, tillst\u00e5ndsbehandling och projektgenomf\u00f6rande med en framg\u00e5ngsgrad p\u00e5 100%. F\u00f6retaget har byggt upp ett robust f\u00f6rs\u00e4ljnings- och distributionsn\u00e4tverk.","email":"info@kofinas.gr","telephone":"00302106081307","legalName":"KOFINAS SA","foundingDate":"1977-03-07","vatID":"EL081136701","duns":"503265836","numberOfEmployees":{"@type":"QuantitativeValue","minValue":"11","maxValue":"50"},"publishingPrinciples":"https:\/\/www.kofinas.gr\/%cf%80%ce%bf%ce%bb%ce%b9%cf%84%ce%b9%ce%ba%ce%ae-%ce%b5%cf%84%ce%b1%ce%b9%cf%81%ce%af%ce%b1%cf%82-%ce%ba%ce%bf%cf%86%ce%b9%ce%bd%ce%b1%cf%83-%ce%b1%ce%b5\/","ownershipFundingInfo":"https:\/\/www.kofinas.gr\/%ce%b5%cf%84%ce%b1%ce%b9%cf%81%ce%af%ce%b1\/","actionableFeedbackPolicy":"https:\/\/www.kofinas.gr\/prosopika-dedomena\/"}]}},"_links":{"self":[{"href":"https:\/\/www.kofinas.gr\/sv\/wp-json\/wp\/v2\/pages\/7554","targetHints":{"allow":["GET"]}}],"collection":[{"href":"https:\/\/www.kofinas.gr\/sv\/wp-json\/wp\/v2\/pages"}],"about":[{"href":"https:\/\/www.kofinas.gr\/sv\/wp-json\/wp\/v2\/types\/page"}],"author":[{"embeddable":true,"href":"https:\/\/www.kofinas.gr\/sv\/wp-json\/wp\/v2\/users\/3"}],"replies":[{"embeddable":true,"href":"https:\/\/www.kofinas.gr\/sv\/wp-json\/wp\/v2\/comments?post=7554"}],"version-history":[{"count":1,"href":"https:\/\/www.kofinas.gr\/sv\/wp-json\/wp\/v2\/pages\/7554\/revisions"}],"predecessor-version":[{"id":112878,"href":"https:\/\/www.kofinas.gr\/sv\/wp-json\/wp\/v2\/pages\/7554\/revisions\/112878"}],"up":[{"embeddable":true,"href":"https:\/\/www.kofinas.gr\/sv\/wp-json\/wp\/v2\/pages\/7547"}],"wp:featuredmedia":[{"embeddable":true,"href":"https:\/\/www.kofinas.gr\/sv\/wp-json\/wp\/v2\/media\/13593"}],"wp:attachment":[{"href":"https:\/\/www.kofinas.gr\/sv\/wp-json\/wp\/v2\/media?parent=7554"}],"curies":[{"name":"wp","href":"https:\/\/api.w.org\/{rel}","templated":true}]}}