{"id":7552,"date":"2016-08-05T17:15:10","date_gmt":"2016-08-05T15:15:10","guid":{"rendered":"http:\/\/neo.kofinas.gr\/en\/?page_id=7552"},"modified":"2020-03-15T13:17:27","modified_gmt":"2020-03-15T11:17:27","slug":"varfor-valja-ett-flexboende","status":"publish","type":"page","link":"https:\/\/www.kofinas.gr\/sv\/flexyhome\/varfor-ett-flexibelt-kofinas-hus\/varfor-valja-ett-flexboende\/","title":{"rendered":"Varf\u00f6r v\u00e4lja ett Flexyhome \u2013 F\u00f6rdelar"},"content":{"rendered":"<h3>Varf\u00f6r ska jag v\u00e4lja en <img decoding=\"async\" title=\"\" src=\"\/wp-content\/uploads\/kofinas\/en_photos\/logos\/flxhm.png\"> ?<\/h3>\n<p style=\"text-align: justify;\">Eftersom det <img decoding=\"async\" title=\"\" src=\"\/wp-content\/uploads\/kofinas\/en_photos\/logos\/flxhm.png\"> <strong>levereras f\u00e4rdigt<\/strong> fabriksm\u00e5lad och med alla ramar monterade!<\/p>\n<p style=\"text-align: justify;\">Eftersom det <img decoding=\"async\" title=\"\" src=\"\/wp-content\/uploads\/kofinas\/en_photos\/logos\/flxhm.png\"> kombinerar <strong>fabriksbyggnadsteknik<\/strong> och den <strong>certifierad kvalitet p\u00e5 r\u00e5varorna<\/strong> av Kofinas SA med <strong>ekologiskt och gr\u00f6nt byggande<\/strong>!<\/p>\n<p style=\"text-align: justify;\">Eftersom det <img decoding=\"async\" title=\"\" src=\"\/wp-content\/uploads\/kofinas\/en_photos\/logos\/flxhm.png\"> ger dig m\u00f6jligheten att <strong>v\u00e4lj sj\u00e4lv<\/strong> leveransstadiet f\u00f6r produkten (enkel, grundl\u00e4ggande eller komplett version)!<\/p>\n<p style=\"text-align: justify;\">Eftersom det <img decoding=\"async\" title=\"\" src=\"\/wp-content\/uploads\/kofinas\/en_photos\/logos\/flxhm.png\"> , utan n\u00e5gra kvalitetsrabatter, bildar en <strong>mycket ekonomisk l\u00f6sning<\/strong> f\u00f6r den europeiska marknaden!<\/p>\n<hr>\n<p>&nbsp;<\/p>\n<h3><img decoding=\"async\" title=\"\" src=\"\/wp-content\/uploads\/kofinas\/en_photos\/logos\/flxhm.png\"> varaktighet...<\/h3>\n<p style=\"text-align: justify;\">Alla konstruktionselement som har lyfts fram efter \u00e5r av forskning och flera experimentella tester av Kofinas SA, kombineras med det b\u00e4sta, vad g\u00e4ller kvalitet och h\u00e5llbarhet, exteri\u00f6rbekl\u00e4dnadssystem: <img decoding=\"async\" title=\"\" src=\"\/wp-content\/uploads\/kofinas\/en_photos\/logos\/logocanexel.png\"> .<\/p>\n<p style=\"text-align: justify;\">De <img decoding=\"async\" title=\"\" src=\"\/wp-content\/uploads\/kofinas\/en_photos\/logos\/logocanexel.png\"> bekl\u00e4dnad har <strong>alla f\u00f6rdelar med tr\u00e4<\/strong>, som den enkla installationen och isoleringen, utan nackdelarna som formf\u00f6rvr\u00e4ngning, fuktupptagning och slitage p\u00e5 kanterna.<\/p>\n<p style=\"text-align: justify;\">Dessutom <img decoding=\"async\" title=\"\" src=\"\/wp-content\/uploads\/kofinas\/en_photos\/logos\/logocanexel.png\"> produceras av den kanadensiska fabriken LP med en mycket h\u00e5llbar f\u00e4rgbel\u00e4ggning, vilket \u00e4r <strong>till\u00e4mpas i fabriken<\/strong> enligt ditt val fr\u00e5n f\u00f6retagets pall och kr\u00e4ver ingen ytterligare behandling!<\/p>\n<p><img fetchpriority=\"high\" decoding=\"async\" class=\"aligncenter size-full wp-image-3416\" title=\"\" src=\"\/wp-content\/uploads\/kofinas\/en_photos\/prokat-info\/Flexyhome-Canexel.jpg\" alt=\"\" width=\"970\" height=\"485\"><\/p>\n<hr>\n<p>&nbsp;<\/p>\n<h3><img decoding=\"async\" title=\"\" src=\"\/wp-content\/uploads\/kofinas\/en_photos\/logos\/flxhm.png\"> kvalitet\u2026<\/h3>\n<p style=\"text-align: justify;\">Med utg\u00e5ngspunkt fr\u00e5n <strong>Svensk tr\u00e4ram<\/strong> upp till <strong>sista l\u00e4nken<\/strong>, den <img decoding=\"async\" title=\"\" src=\"\/wp-content\/uploads\/kofinas\/en_photos\/logos\/flxhm.png\"> konstruktionen best\u00e5r av de b\u00e4sta r\u00e5varorna p\u00e5 v\u00e4rldsmarknaden. Ett bevis p\u00e5 <img decoding=\"async\" title=\"\" src=\"\/wp-content\/uploads\/kofinas\/en_photos\/logos\/flxhm.png\"> kvalitet \u00e4r <strong>certifieringarna och garantierna<\/strong> det f\u00f6ljer med!<\/p>\n<hr>\n<p><center><\/p>\n<h3>Varf\u00f6r \u00e4r de en riktigt ekonomisk l\u00f6sning?<\/h3>\n<p style=\"text-align: justify;\">D\u00e4rf\u00f6r att <img decoding=\"async\" title=\"\" src=\"\/wp-content\/uploads\/kofinas\/en_photos\/logos\/koflogo.png\"> f\u00f6retag:<\/p>\n<p style=\"text-align: justify;\"><strong>\u2022 har bildat exklusiva partnerskap <\/strong>f\u00f6r material som CanExel-bekl\u00e4dnaden och det svenska tr\u00e4virket, vilket ger b\u00e4ttre priser<\/p>\n<p style=\"text-align: justify;\"><strong>\u2022 importerar stora kvantiteter <\/strong>av r\u00e5varor, vilket s\u00e4nker kostnaderna \u00e4nnu mer<\/p>\n<p style=\"text-align: justify;\"><strong>\u2022 sparar arbetstimmar<\/strong> genom att erbjuda murverket f\u00e4rdigt \u2013 tillverkat fr\u00e5n fabrik, med industrif\u00e4rg och monterade stommar<\/p>\n<p style=\"text-align: justify;\"><strong>\u2022 producerar massivt<\/strong> husen i fabriken, vilket s\u00e4nker produktionskostnaden<\/p>\n<p style=\"text-align: justify;\"><strong>P\u00e5 detta s\u00e4tt och utan kvalitetsf\u00f6rluster kan f\u00f6retaget erbjuda <img decoding=\"async\" title=\"\" src=\"\/wp-content\/uploads\/kofinas\/en_photos\/logos\/flxhm.png\"> modeller med ett mycket ekonomiskt pris.<\/strong><\/p>\n<p>&nbsp;<\/p>\n<p><\/center><\/p>","protected":false},"excerpt":{"rendered":"<p>Varf\u00f6r ska jag v\u00e4lja en? Eftersom den levereras f\u00e4rdig \u2013 tillverkad fabriksm\u00e5lad och med alla ramar monterade! Eftersom den kombinerar fabrikskonstruktionstekniken och den certifierade kvaliteten p\u00e5 r\u00e5varorna fr\u00e5n Kofinas SA med den ekologiska och gr\u00f6na konstruktionen! Eftersom de ger dig m\u00f6jligheten att sj\u00e4lv v\u00e4lja [...]<\/p>","protected":false},"author":3,"featured_media":14367,"parent":7547,"menu_order":1,"comment_status":"closed","ping_status":"closed","template":"","meta":{"_acf_changed":false,"footnotes":""},"class_list":["post-7552","page","type-page","status-publish","has-post-thumbnail","hentry"],"acf":[],"yoast_head":"<!-- This site is optimized with the Yoast SEO Premium plugin v26.6 (Yoast SEO v26.6) - https:\/\/yoast.com\/wordpress\/plugins\/seo\/ -->\n<title>Why choose a Flexyhome - Advantages | \u039a\u03bf\u03c6\u03b9\u03bd\u03ac\u03c2 \u03a0\u03c1\u03bf\u03ba\u03b1\u03c4\u03b1\u03c3\u03ba\u03b5\u03c5\u03b1\u03c3\u03bc\u03ad\u03bd\u03b1 \u03c3\u03c0\u03af\u03c4\u03b9\u03b1 - \u03a0\u03c1\u03bf\u03ba\u03ac\u03c4<\/title>\n<meta name=\"description\" content=\"Flexyhome: a prefabricated construction that corresponds to all of your needs. Exclusive product of Kofinas company, in accordance with our NTUA tests.\" \/>\n<meta name=\"robots\" content=\"index, follow, max-snippet:-1, max-image-preview:large, max-video-preview:-1\" \/>\n<link rel=\"canonical\" href=\"https:\/\/www.kofinas.gr\/sv\/flexyhome\/varfor-ett-flexibelt-kofinas-hus\/varfor-valja-ett-flexboende\/\" \/>\n<meta property=\"og:locale\" content=\"sv_SE\" \/>\n<meta property=\"og:type\" content=\"article\" \/>\n<meta property=\"og:title\" content=\"Why choose a Flexyhome - Advantages\" \/>\n<meta property=\"og:description\" content=\"Flexyhome: a prefabricated construction that corresponds to all of your needs. Exclusive product of Kofinas company, in accordance with our NTUA tests.\" \/>\n<meta property=\"og:url\" content=\"https:\/\/www.kofinas.gr\/sv\/flexyhome\/varfor-ett-flexibelt-kofinas-hus\/varfor-valja-ett-flexboende\/\" \/>\n<meta property=\"og:site_name\" content=\"\u039a\u03bf\u03c6\u03b9\u03bd\u03ac\u03c2 \u03a0\u03c1\u03bf\u03ba\u03b1\u03c4\u03b1\u03c3\u03ba\u03b5\u03c5\u03b1\u03c3\u03bc\u03ad\u03bd\u03b1 \u03c3\u03c0\u03af\u03c4\u03b9\u03b1 - \u03a0\u03c1\u03bf\u03ba\u03ac\u03c4\" \/>\n<meta property=\"article:publisher\" content=\"https:\/\/www.facebook.com\/kofinas.prokataskevasmena\" \/>\n<meta property=\"article:modified_time\" content=\"2020-03-15T11:17:27+00:00\" \/>\n<meta property=\"og:image\" content=\"https:\/\/www.kofinas.gr\/wp-content\/uploads\/shutterstock_317134730-min-scaled.jpg\" \/>\n\t<meta property=\"og:image:width\" content=\"2560\" \/>\n\t<meta property=\"og:image:height\" content=\"1600\" \/>\n\t<meta property=\"og:image:type\" content=\"image\/jpeg\" \/>\n<meta name=\"twitter:card\" content=\"summary_large_image\" \/>\n<meta name=\"twitter:site\" content=\"@kofinas_prokat\" \/>\n<meta name=\"twitter:label1\" content=\"Ber\u00e4knad l\u00e4stid\" \/>\n\t<meta name=\"twitter:data1\" content=\"2 minuter\" \/>\n<script type=\"application\/ld+json\" class=\"yoast-schema-graph\">{\"@context\":\"https:\/\/schema.org\",\"@graph\":[{\"@type\":\"WebPage\",\"@id\":\"https:\/\/www.kofinas.gr\/flexyhome\/why-a-flexy-kofinas-house\/why-choose-a-flexyhome\/\",\"url\":\"https:\/\/www.kofinas.gr\/flexyhome\/why-a-flexy-kofinas-house\/why-choose-a-flexyhome\/\",\"name\":\"Why choose a Flexyhome - Advantages | \u039a\u03bf\u03c6\u03b9\u03bd\u03ac\u03c2 \u03a0\u03c1\u03bf\u03ba\u03b1\u03c4\u03b1\u03c3\u03ba\u03b5\u03c5\u03b1\u03c3\u03bc\u03ad\u03bd\u03b1 \u03c3\u03c0\u03af\u03c4\u03b9\u03b1 - \u03a0\u03c1\u03bf\u03ba\u03ac\u03c4\",\"isPartOf\":{\"@id\":\"https:\/\/www.kofinas.gr\/#website\"},\"primaryImageOfPage\":{\"@id\":\"https:\/\/www.kofinas.gr\/flexyhome\/why-a-flexy-kofinas-house\/why-choose-a-flexyhome\/#primaryimage\"},\"image\":{\"@id\":\"https:\/\/www.kofinas.gr\/flexyhome\/why-a-flexy-kofinas-house\/why-choose-a-flexyhome\/#primaryimage\"},\"thumbnailUrl\":\"https:\/\/www.kofinas.gr\/wp-content\/uploads\/shutterstock_317134730-min-scaled.jpg\",\"datePublished\":\"2016-08-05T15:15:10+00:00\",\"dateModified\":\"2020-03-15T11:17:27+00:00\",\"description\":\"Flexyhome: a prefabricated construction that corresponds to all of your needs. Exclusive product of Kofinas company, in accordance with our NTUA tests.\",\"breadcrumb\":{\"@id\":\"https:\/\/www.kofinas.gr\/flexyhome\/why-a-flexy-kofinas-house\/why-choose-a-flexyhome\/#breadcrumb\"},\"inLanguage\":\"sv-SE\",\"potentialAction\":[{\"@type\":\"ReadAction\",\"target\":[\"https:\/\/www.kofinas.gr\/flexyhome\/why-a-flexy-kofinas-house\/why-choose-a-flexyhome\/\"]}]},{\"@type\":\"ImageObject\",\"inLanguage\":\"sv-SE\",\"@id\":\"https:\/\/www.kofinas.gr\/flexyhome\/why-a-flexy-kofinas-house\/why-choose-a-flexyhome\/#primaryimage\",\"url\":\"https:\/\/www.kofinas.gr\/wp-content\/uploads\/shutterstock_317134730-min-scaled.jpg\",\"contentUrl\":\"https:\/\/www.kofinas.gr\/wp-content\/uploads\/shutterstock_317134730-min-scaled.jpg\",\"width\":2560,\"height\":1600},{\"@type\":\"BreadcrumbList\",\"@id\":\"https:\/\/www.kofinas.gr\/flexyhome\/why-a-flexy-kofinas-house\/why-choose-a-flexyhome\/#breadcrumb\",\"itemListElement\":[{\"@type\":\"ListItem\",\"position\":1,\"name\":\"Home\",\"item\":\"https:\/\/www.kofinas.gr\/\"},{\"@type\":\"ListItem\",\"position\":2,\"name\":\"FlexyHome \u039a\u03b1\u03c4\u03bf\u03b9\u03ba\u03af\u03b5\u03c2\",\"item\":\"https:\/\/www.kofinas.gr\/den\/flexyhome\/\"},{\"@type\":\"ListItem\",\"position\":3,\"name\":\"Why Flexyhome Kofinas\",\"item\":\"https:\/\/www.kofinas.gr\/flexyhome\/why-a-flexy-kofinas-house\/\"},{\"@type\":\"ListItem\",\"position\":4,\"name\":\"Why choose a Flexyhome &#8211; Advantages\"}]},{\"@type\":\"WebSite\",\"@id\":\"https:\/\/www.kofinas.gr\/#website\",\"url\":\"https:\/\/www.kofinas.gr\/\",\"name\":\"\u039a\u03bf\u03c6\u03b9\u03bd\u03ac\u03c2 \u03a0\u03c1\u03bf\u03ba\u03b1\u03c4\u03b1\u03c3\u03ba\u03b5\u03c5\u03b1\u03c3\u03bc\u03ad\u03bd\u03b1 \u03c3\u03c0\u03af\u03c4\u03b9\u03b1 - \u03a0\u03c1\u03bf\u03ba\u03ac\u03c4\",\"description\":\"\u039a\u03b1\u03c4\u03b1\u03c3\u03ba\u03b5\u03c5\u03ac\u03b6\u03bf\u03c5\u03bc\u03b5 \u03c4\u03bf \u03c3\u03c0\u03af\u03c4\u03b9 \u03c3\u03b1\u03c2 \u03c3\u03c4\u03b7\u03bd \u03b5\u03bb\u03bb\u03ac\u03b4\u03b1 \u03ba\u03b1\u03b9 \u03bf\u03c0\u03bf\u03c5\u03b4\u03ae\u03c0\u03bf\u03c4\u03b5 \u03c3\u03c4\u03b7\u03bd \u0395\u03c5\u03c1\u03ce\u03c0\u03b7!\",\"publisher\":{\"@id\":\"https:\/\/www.kofinas.gr\/#organization\"},\"alternateName\":\"\u039a\u039f\u03a6\u0399\u039d\u0391\u03a3 \u03a0\u03c1\u03bf\u03ba\u03b1\u03c4\u03b1\u03c3\u03ba\u03b5\u03c5\u03b1\u03c3\u03bc\u03ad\u03bd\u03b1 \u03a3\u03c0\u03af\u03c4\u03b9\u03b1 \u03ba\u03b1\u03b9 \u03a4\u03bf\u03c5\u03c1\u03b9\u03c3\u03c4\u03b9\u03ba\u03ac \u039a\u03b1\u03c4\u03b1\u03bb\u03cd\u03bc\u03b1\u03c4\u03b1\",\"potentialAction\":[{\"@type\":\"SearchAction\",\"target\":{\"@type\":\"EntryPoint\",\"urlTemplate\":\"https:\/\/www.kofinas.gr\/?s={search_term_string}\"},\"query-input\":{\"@type\":\"PropertyValueSpecification\",\"valueRequired\":true,\"valueName\":\"search_term_string\"}}],\"inLanguage\":\"sv-SE\"},{\"@type\":\"Organization\",\"@id\":\"https:\/\/www.kofinas.gr\/#organization\",\"name\":\"Kofinas SA\",\"alternateName\":\"Construction Company that constuct Prefabricated houses\",\"url\":\"https:\/\/www.kofinas.gr\/\",\"logo\":{\"@type\":\"ImageObject\",\"inLanguage\":\"sv-SE\",\"@id\":\"https:\/\/www.kofinas.gr\/#\/schema\/logo\/image\/\",\"url\":\"https:\/\/www.kofinas.gr\/wp-content\/uploads\/2025\/03\/360new-logo-25.gif\",\"contentUrl\":\"https:\/\/www.kofinas.gr\/wp-content\/uploads\/2025\/03\/360new-logo-25.gif\",\"width\":230,\"height\":70,\"caption\":\"Kofinas SA\"},\"image\":{\"@id\":\"https:\/\/www.kofinas.gr\/#\/schema\/logo\/image\/\"},\"sameAs\":[\"https:\/\/www.facebook.com\/kofinas.prokataskevasmena\",\"https:\/\/x.com\/kofinas_prokat\",\"https:\/\/www.linkedin.com\/company\/kofinas-sa\",\"https:\/\/www.instagram.com\/kofinasprefab\/\",\"https:\/\/www.youtube.com\/channel\/UCEAifY31SuyQHHz_I3P4IVg\"],\"description\":\"KOFINAS SA \u2013 Prefabricated Homes Founded Legacy & Innovation Established in 1977, KOFINAS SA has grown into one of Greece\u2019s leading firms in the prefabricated housing sector. Their philosophy underscores continuous innovation\u2014they don't aim to build more homes, but to build better homes Strength & Certification The company's unique construction system has undergone rigorous experimental testing at the National Technical University of Athens, proving its durability well beyond natural endurance limits. Innovations introduced by KOFINAS are internationally recognized and certified. Sustainability & Eco Friendly Building KOFINAS uses Swedish and Finnish timber as its primary construction material, achieving a notably low carbon footprint: replacing conventional materials with wood reduces carbon dioxide emissions by 1.1 tons per cubic meter. In collaboration with Nordic sawmills, for every tree harvested, three to five new trees are planted, resulting in a negative carbon footprint. Additionally, their homes feature bioclimatic design and achieve energy consumption reductions of 75%\u201380% compared to conventional buildings\u2014often earning them energy efficiency A certificates. Advanced Production Facilities KOFINAS operates a modern factory, built to European standards, with ISO 14001 certification\u2014ensuring top-tier quality and environmental management in prefabricated housing production. Wide Range of Custom Designs Their catalog includes single , two , and three story homes, ground floor units with lofts, passive houses, and tourist accommodations. They also offer the \u201cFlexyHome\u201d series and Finnlamelli Finnish log houses, providing versatility to meet diverse aesthetic and functional needs. Experienced Team & Nationwide Network KOFINAS boasts a skilled, multidisciplinary team\u2014including civil and architectural engineers\u2014who oversee design, permit processing, and project implementation with a 100% success rate. The company has built a robust sales and distribution network\",\"email\":\"info@kofinas.gr\",\"telephone\":\"00302106081307\",\"legalName\":\"KOFINAS SA\",\"foundingDate\":\"1977-03-07\",\"vatID\":\"EL081136701\",\"duns\":\"503265836\",\"numberOfEmployees\":{\"@type\":\"QuantitativeValue\",\"minValue\":\"11\",\"maxValue\":\"50\"},\"publishingPrinciples\":\"https:\/\/www.kofinas.gr\/%cf%80%ce%bf%ce%bb%ce%b9%cf%84%ce%b9%ce%ba%ce%ae-%ce%b5%cf%84%ce%b1%ce%b9%cf%81%ce%af%ce%b1%cf%82-%ce%ba%ce%bf%cf%86%ce%b9%ce%bd%ce%b1%cf%83-%ce%b1%ce%b5\/\",\"ownershipFundingInfo\":\"https:\/\/www.kofinas.gr\/%ce%b5%cf%84%ce%b1%ce%b9%cf%81%ce%af%ce%b1\/\",\"actionableFeedbackPolicy\":\"https:\/\/www.kofinas.gr\/prosopika-dedomena\/\"}]}<\/script>\n<!-- \/ Yoast SEO Premium plugin. -->","yoast_head_json":{"title":"Varf\u00f6r v\u00e4lja ett Flexyhome - F\u00f6rdelar | Kofinas prefabricerade hus - Prefabricerade","description":"Flexyhome: en prefabricerad konstruktion som uppfyller alla dina behov. Exklusiv produkt fr\u00e5n Kofinas, i enlighet med v\u00e5ra NTUA-tester.","robots":{"index":"index","follow":"follow","max-snippet":"max-snippet:-1","max-image-preview":"max-image-preview:large","max-video-preview":"max-video-preview:-1"},"canonical":"https:\/\/www.kofinas.gr\/sv\/flexyhome\/varfor-ett-flexibelt-kofinas-hus\/varfor-valja-ett-flexboende\/","og_locale":"sv_SE","og_type":"article","og_title":"Why choose a Flexyhome - Advantages","og_description":"Flexyhome: a prefabricated construction that corresponds to all of your needs. Exclusive product of Kofinas company, in accordance with our NTUA tests.","og_url":"https:\/\/www.kofinas.gr\/sv\/flexyhome\/varfor-ett-flexibelt-kofinas-hus\/varfor-valja-ett-flexboende\/","og_site_name":"\u039a\u03bf\u03c6\u03b9\u03bd\u03ac\u03c2 \u03a0\u03c1\u03bf\u03ba\u03b1\u03c4\u03b1\u03c3\u03ba\u03b5\u03c5\u03b1\u03c3\u03bc\u03ad\u03bd\u03b1 \u03c3\u03c0\u03af\u03c4\u03b9\u03b1 - \u03a0\u03c1\u03bf\u03ba\u03ac\u03c4","article_publisher":"https:\/\/www.facebook.com\/kofinas.prokataskevasmena","article_modified_time":"2020-03-15T11:17:27+00:00","og_image":[{"width":2560,"height":1600,"url":"https:\/\/www.kofinas.gr\/wp-content\/uploads\/shutterstock_317134730-min-scaled.jpg","type":"image\/jpeg"}],"twitter_card":"summary_large_image","twitter_site":"@kofinas_prokat","twitter_misc":{"Ber\u00e4knad l\u00e4stid":"2 minuter"},"schema":{"@context":"https:\/\/schema.org","@graph":[{"@type":"WebPage","@id":"https:\/\/www.kofinas.gr\/flexyhome\/why-a-flexy-kofinas-house\/why-choose-a-flexyhome\/","url":"https:\/\/www.kofinas.gr\/flexyhome\/why-a-flexy-kofinas-house\/why-choose-a-flexyhome\/","name":"Varf\u00f6r v\u00e4lja ett Flexyhome - F\u00f6rdelar | Kofinas prefabricerade hus - Prefabricerade","isPartOf":{"@id":"https:\/\/www.kofinas.gr\/#website"},"primaryImageOfPage":{"@id":"https:\/\/www.kofinas.gr\/flexyhome\/why-a-flexy-kofinas-house\/why-choose-a-flexyhome\/#primaryimage"},"image":{"@id":"https:\/\/www.kofinas.gr\/flexyhome\/why-a-flexy-kofinas-house\/why-choose-a-flexyhome\/#primaryimage"},"thumbnailUrl":"https:\/\/www.kofinas.gr\/wp-content\/uploads\/shutterstock_317134730-min-scaled.jpg","datePublished":"2016-08-05T15:15:10+00:00","dateModified":"2020-03-15T11:17:27+00:00","description":"Flexyhome: en prefabricerad konstruktion som uppfyller alla dina behov. Exklusiv produkt fr\u00e5n Kofinas, i enlighet med v\u00e5ra NTUA-tester.","breadcrumb":{"@id":"https:\/\/www.kofinas.gr\/flexyhome\/why-a-flexy-kofinas-house\/why-choose-a-flexyhome\/#breadcrumb"},"inLanguage":"sv-SE","potentialAction":[{"@type":"ReadAction","target":["https:\/\/www.kofinas.gr\/flexyhome\/why-a-flexy-kofinas-house\/why-choose-a-flexyhome\/"]}]},{"@type":"ImageObject","inLanguage":"sv-SE","@id":"https:\/\/www.kofinas.gr\/flexyhome\/why-a-flexy-kofinas-house\/why-choose-a-flexyhome\/#primaryimage","url":"https:\/\/www.kofinas.gr\/wp-content\/uploads\/shutterstock_317134730-min-scaled.jpg","contentUrl":"https:\/\/www.kofinas.gr\/wp-content\/uploads\/shutterstock_317134730-min-scaled.jpg","width":2560,"height":1600},{"@type":"BreadcrumbList","@id":"https:\/\/www.kofinas.gr\/flexyhome\/why-a-flexy-kofinas-house\/why-choose-a-flexyhome\/#breadcrumb","itemListElement":[{"@type":"ListItem","position":1,"name":"Home","item":"https:\/\/www.kofinas.gr\/"},{"@type":"ListItem","position":2,"name":"FlexyHome \u039a\u03b1\u03c4\u03bf\u03b9\u03ba\u03af\u03b5\u03c2","item":"https:\/\/www.kofinas.gr\/den\/flexyhome\/"},{"@type":"ListItem","position":3,"name":"Why Flexyhome Kofinas","item":"https:\/\/www.kofinas.gr\/flexyhome\/why-a-flexy-kofinas-house\/"},{"@type":"ListItem","position":4,"name":"Why choose a Flexyhome &#8211; Advantages"}]},{"@type":"WebSite","@id":"https:\/\/www.kofinas.gr\/#website","url":"https:\/\/www.kofinas.gr\/","name":"Kofinas Prefabricerade hus - Prefab","description":"Vi bygger ditt hus i Grekland och var som helst i Europa!","publisher":{"@id":"https:\/\/www.kofinas.gr\/#organization"},"alternateName":"\u039a\u039f\u03a6\u0399\u039d\u0391\u03a3 \u03a0\u03c1\u03bf\u03ba\u03b1\u03c4\u03b1\u03c3\u03ba\u03b5\u03c5\u03b1\u03c3\u03bc\u03ad\u03bd\u03b1 \u03a3\u03c0\u03af\u03c4\u03b9\u03b1 \u03ba\u03b1\u03b9 \u03a4\u03bf\u03c5\u03c1\u03b9\u03c3\u03c4\u03b9\u03ba\u03ac \u039a\u03b1\u03c4\u03b1\u03bb\u03cd\u03bc\u03b1\u03c4\u03b1","potentialAction":[{"@type":"SearchAction","target":{"@type":"EntryPoint","urlTemplate":"https:\/\/www.kofinas.gr\/?s={search_term_string}"},"query-input":{"@type":"PropertyValueSpecification","valueRequired":true,"valueName":"search_term_string"}}],"inLanguage":"sv-SE"},{"@type":"Organization","@id":"https:\/\/www.kofinas.gr\/#organization","name":"Kofinas SA","alternateName":"Construction Company that constuct Prefabricated houses","url":"https:\/\/www.kofinas.gr\/","logo":{"@type":"ImageObject","inLanguage":"sv-SE","@id":"https:\/\/www.kofinas.gr\/#\/schema\/logo\/image\/","url":"https:\/\/www.kofinas.gr\/wp-content\/uploads\/2025\/03\/360new-logo-25.gif","contentUrl":"https:\/\/www.kofinas.gr\/wp-content\/uploads\/2025\/03\/360new-logo-25.gif","width":230,"height":70,"caption":"Kofinas SA"},"image":{"@id":"https:\/\/www.kofinas.gr\/#\/schema\/logo\/image\/"},"sameAs":["https:\/\/www.facebook.com\/kofinas.prokataskevasmena","https:\/\/x.com\/kofinas_prokat","https:\/\/www.linkedin.com\/company\/kofinas-sa","https:\/\/www.instagram.com\/kofinasprefab\/","https:\/\/www.youtube.com\/channel\/UCEAifY31SuyQHHz_I3P4IVg"],"description":"KOFINAS SA \u2013 Prefabricerade hus Grundat Arv och innovation KOFINAS SA grundades 1977 och har vuxit till ett av Greklands ledande f\u00f6retag inom prefabricerade bost\u00e4der. Deras filosofi understryker kontinuerlig innovation \u2013 de str\u00e4var inte efter att bygga fler bost\u00e4der, utan att bygga b\u00e4ttre bost\u00e4der Styrka och certifiering F\u00f6retagets unika byggsystem har genomg\u00e5tt rigor\u00f6sa experimentella tester vid Atens nationella tekniska universitet, vilket bevisat dess h\u00e5llbarhet l\u00e5ngt bortom naturliga uth\u00e5llighetsgr\u00e4nser. Innovationer som introduceras av KOFINAS \u00e4r internationellt erk\u00e4nda och certifierade. H\u00e5llbarhet och milj\u00f6v\u00e4nligt byggande KOFINAS anv\u00e4nder svenskt och finskt virke som sitt prim\u00e4ra byggmaterial, vilket uppn\u00e5r ett anm\u00e4rkningsv\u00e4rt l\u00e5gt koldioxidavtryck: att ers\u00e4tta konventionella material med tr\u00e4 minskar koldioxidutsl\u00e4ppen med 1,1 ton per kubikmeter. I samarbete med nordiska s\u00e5gverk planteras tre till fem nya tr\u00e4d f\u00f6r varje tr\u00e4d som avverkas, vilket resulterar i ett negativt koldioxidavtryck. Dessutom har deras hem bioklimatisk design och uppn\u00e5r energif\u00f6rbrukningsminskningar p\u00e5 75%\u201380% j\u00e4mf\u00f6rt med konventionella byggnader \u2013 vilket ofta ger dem energieffektivitetscertifikat A. Avancerade produktionsanl\u00e4ggningar KOFINAS driver en modern fabrik, byggd enligt europeiska standarder, med ISO 14001-certifiering \u2013 vilket s\u00e4kerst\u00e4ller h\u00f6gsta kvalitet och milj\u00f6ledning vid produktion av prefabricerade bost\u00e4der. Brett utbud av specialdesignade konstruktioner Deras katalog inkluderar en-, tv\u00e5- och trev\u00e5ningshus, bottenv\u00e5ningsenheter med loft, passivhus och turistboenden. De erbjuder \u00e4ven &quot;FlexyHome&quot;-serien och Finnlamelli finska timmerhus, vilket ger m\u00e5ngsidighet f\u00f6r att m\u00f6ta olika estetiska och funktionella behov. Erfaret team och rikst\u00e4ckande n\u00e4tverk KOFINAS har ett skickligt, tv\u00e4rvetenskapligt team \u2013 inklusive civil- och arkitektoniska ingenj\u00f6rer \u2013 som \u00f6vervakar design, tillst\u00e5ndsbehandling och projektgenomf\u00f6rande med en framg\u00e5ngsgrad p\u00e5 100%. F\u00f6retaget har byggt upp ett robust f\u00f6rs\u00e4ljnings- och distributionsn\u00e4tverk.","email":"info@kofinas.gr","telephone":"00302106081307","legalName":"KOFINAS SA","foundingDate":"1977-03-07","vatID":"EL081136701","duns":"503265836","numberOfEmployees":{"@type":"QuantitativeValue","minValue":"11","maxValue":"50"},"publishingPrinciples":"https:\/\/www.kofinas.gr\/%cf%80%ce%bf%ce%bb%ce%b9%cf%84%ce%b9%ce%ba%ce%ae-%ce%b5%cf%84%ce%b1%ce%b9%cf%81%ce%af%ce%b1%cf%82-%ce%ba%ce%bf%cf%86%ce%b9%ce%bd%ce%b1%cf%83-%ce%b1%ce%b5\/","ownershipFundingInfo":"https:\/\/www.kofinas.gr\/%ce%b5%cf%84%ce%b1%ce%b9%cf%81%ce%af%ce%b1\/","actionableFeedbackPolicy":"https:\/\/www.kofinas.gr\/prosopika-dedomena\/"}]}},"_links":{"self":[{"href":"https:\/\/www.kofinas.gr\/sv\/wp-json\/wp\/v2\/pages\/7552","targetHints":{"allow":["GET"]}}],"collection":[{"href":"https:\/\/www.kofinas.gr\/sv\/wp-json\/wp\/v2\/pages"}],"about":[{"href":"https:\/\/www.kofinas.gr\/sv\/wp-json\/wp\/v2\/types\/page"}],"author":[{"embeddable":true,"href":"https:\/\/www.kofinas.gr\/sv\/wp-json\/wp\/v2\/users\/3"}],"replies":[{"embeddable":true,"href":"https:\/\/www.kofinas.gr\/sv\/wp-json\/wp\/v2\/comments?post=7552"}],"version-history":[{"count":0,"href":"https:\/\/www.kofinas.gr\/sv\/wp-json\/wp\/v2\/pages\/7552\/revisions"}],"up":[{"embeddable":true,"href":"https:\/\/www.kofinas.gr\/sv\/wp-json\/wp\/v2\/pages\/7547"}],"wp:featuredmedia":[{"embeddable":true,"href":"https:\/\/www.kofinas.gr\/sv\/wp-json\/wp\/v2\/media\/14367"}],"wp:attachment":[{"href":"https:\/\/www.kofinas.gr\/sv\/wp-json\/wp\/v2\/media?parent=7552"}],"curies":[{"name":"wp","href":"https:\/\/api.w.org\/{rel}","templated":true}]}}