{"id":29915,"date":"2021-01-05T14:44:08","date_gmt":"2021-01-05T12:44:08","guid":{"rendered":"https:\/\/www.kofinas.gr\/?page_id=29915"},"modified":"2024-05-17T13:19:44","modified_gmt":"2024-05-17T10:19:44","slug":"prefabricerat-galleri-2","status":"publish","type":"page","link":"https:\/\/www.kofinas.gr\/sv\/prefabricerat-galleri-2\/","title":{"rendered":"Galleri- PREFABRIKERAD"},"content":{"rendered":"<h1 class=\"wp-block-heading\" id=\"h-gallery-\u03c0\u03c1\u03bf\u03ba\u03b1\u03c4\u03b1\u03c3\u03ba\u03b5\u03c5\u03b1\u03c3\u03bc\u03b5\u03bd\u03c9\u03bd\">Galleri- PREFABRIKERAD<\/h1>\n\n\n\n<p>Webbplatsen f\u00f6r f\u00f6retaget Kofinas inneh\u00e5ller ett omfattande Galleri - PREFABRIKERADE hus, som erbjuder en imponerande samling av foton och videor som framh\u00e4ver variationen och kvaliteten p\u00e5 dess hus. Galleriet t\u00e4cker m\u00e5nga typer av hus, fr\u00e5n sm\u00e5 en- och dubbelv\u00e5ningar, till lyxvillor och specialiststrukturer som kontor, garage och semesterboende.<\/p>\n\n\n\n<p>Varje bostad i galleriet presenteras med detaljer som visar den h\u00f6ga kvaliteten p\u00e5 konstruktionen och den oklanderliga finish som k\u00e4nnetecknar f\u00f6retaget Kofinas. Konstruktionerna \u00e4r designade f\u00f6r att kombinera estetik med funktionalitet och erbjuda komfort och stil till sina \u00e4gare. Materialen som anv\u00e4nds \u00e4r av utm\u00e4rkt kvalitet, samtidigt som f\u00f6retaget betonar h\u00e5llbarhet och energieffektivitet i sina konstruktioner.<\/p>\n\n\n\n<p>Galleriets webbplats \u00e4r l\u00e4tt att anv\u00e4nda och g\u00f6r att bes\u00f6kare enkelt kan bl\u00e4ddra igenom de olika huskategorierna. Bilderna \u00e4r av h\u00f6g uppl\u00f6sning och ger en tydlig bild av hemmets interi\u00f6r och exteri\u00f6r. Dessutom ger videorna en livepresentation av husen, vilket ger en realistisk k\u00e4nsla av rymd och layout.<\/p>\n\n\n\n<p>F\u00f6r den som \u00e4r intresserad av att \u00e4ga ett prefabhus \u00e4r Kofina-galleriet en v\u00e4rdefull inspirations- och informationsk\u00e4lla. Bes\u00f6kare kan se verkliga exempel p\u00e5 projekt, j\u00e4mf\u00f6ra olika design och v\u00e4lja den stil som passar dem b\u00e4st. F\u00f6retaget erbjuder \u00e4ven skr\u00e4ddarsydda l\u00f6sningar, s\u00e5 att varje hus helt uppfyller kundernas behov och preferenser.<\/p>\n\n\n\n<p>Du kan bes\u00f6ka galleriet av prefabricerade hus i Kofina <a href=\"https:\/\/www.kofinas.gr\/sv\/prefabricerat-galleri-2\/\">h\u00e4r<\/a> att uppt\u00e4cka mer.<\/p>","protected":false},"excerpt":{"rendered":"<p>Galleri - PREFABRIKERADE hus Kofinas webbplats inneh\u00e5ller ett omfattande galleri med PREFABRIKERADE hus, med en imponerande samling foton och videor som belyser variationen och kvaliteten p\u00e5 deras hus. Galleriet t\u00e4cker m\u00e5nga typer av hus, fr\u00e5n sm\u00e5 en- och tv\u00e5v\u00e5ningshus till lyxvillor och specialiserade strukturer som kontor, garage och turistboenden. Varje [\u2026]<\/p>","protected":false},"author":3,"featured_media":29921,"parent":0,"menu_order":0,"comment_status":"closed","ping_status":"closed","template":"page-landing.php","meta":{"_acf_changed":false,"footnotes":""},"class_list":["post-29915","page","type-page","status-publish","has-post-thumbnail","hentry"],"acf":[],"yoast_head":"<!-- This site is optimized with the Yoast SEO Premium plugin v26.6 (Yoast SEO v26.6) - https:\/\/yoast.com\/wordpress\/plugins\/seo\/ -->\n<title>Gallery- \u03a0\u03a1\u039f\u039a\u0391\u03a4\u0391\u03a3\u039a\u0395\u03a5\u0391\u03a3\u039c\u0395\u039d\u03a9\u039d | \u039a\u03bf\u03c6\u03b9\u03bd\u03ac\u03c2 \u03a0\u03c1\u03bf\u03ba\u03b1\u03c4\u03b1\u03c3\u03ba\u03b5\u03c5\u03b1\u03c3\u03bc\u03ad\u03bd\u03b1 \u03c3\u03c0\u03af\u03c4\u03b9\u03b1 - \u03a0\u03c1\u03bf\u03ba\u03ac\u03c4<\/title>\n<meta name=\"description\" content=\"Gallery- \u03a0\u03a1\u039f\u039a\u0391\u03a4\u0391\u03a3\u039a\u0395\u03a5\u0391\u03a3\u039c\u0395\u039d\u03a9\u039d | \u0397 \u03b9\u03c3\u03c4\u03bf\u03c3\u03b5\u03bb\u03af\u03b4\u03b1 \u03c4\u03b7\u03c2 \u03b5\u03c4\u03b1\u03b9\u03c1\u03af\u03b1\u03c2 \u039a\u03bf\u03c6\u03b9\u03bd\u03ac\u03c2 \u03c0\u03b5\u03c1\u03b9\u03bb\u03b1\u03bc\u03b2\u03ac\u03bd\u03b5\u03b9 \u03bc\u03b9\u03b1 \u03b5\u03ba\u03c4\u03b5\u03bd\u03ae \u03b3\u03ba\u03b1\u03bb\u03b5\u03c1\u03af \u03c0\u03c1\u03bf\u03ba\u03b1\u03c4\u03b1\u03c3\u03ba\u03b5\u03c5\u03b1\u03c3\u03bc\u03ad\u03bd\u03c9\u03bd \u03bf\u03b9\u03ba\u03b9\u03ce\u03bd,\" \/>\n<meta name=\"robots\" content=\"index, follow, max-snippet:-1, max-image-preview:large, max-video-preview:-1\" \/>\n<link rel=\"canonical\" href=\"https:\/\/www.kofinas.gr\/sv\/prefabricerat-galleri-2\/\" \/>\n<meta property=\"og:locale\" content=\"sv_SE\" \/>\n<meta property=\"og:type\" content=\"article\" \/>\n<meta property=\"og:title\" content=\"Gallery- \u03a0\u03a1\u039f\u039a\u0391\u03a4\u0391\u03a3\u039a\u0395\u03a5\u0391\u03a3\u039c\u0395\u039d\u03a9\u039d\" \/>\n<meta property=\"og:description\" content=\"Gallery- \u03a0\u03a1\u039f\u039a\u0391\u03a4\u0391\u03a3\u039a\u0395\u03a5\u0391\u03a3\u039c\u0395\u039d\u03a9\u039d | \u0397 \u03b9\u03c3\u03c4\u03bf\u03c3\u03b5\u03bb\u03af\u03b4\u03b1 \u03c4\u03b7\u03c2 \u03b5\u03c4\u03b1\u03b9\u03c1\u03af\u03b1\u03c2 \u039a\u03bf\u03c6\u03b9\u03bd\u03ac\u03c2 \u03c0\u03b5\u03c1\u03b9\u03bb\u03b1\u03bc\u03b2\u03ac\u03bd\u03b5\u03b9 \u03bc\u03b9\u03b1 \u03b5\u03ba\u03c4\u03b5\u03bd\u03ae \u03b3\u03ba\u03b1\u03bb\u03b5\u03c1\u03af \u03c0\u03c1\u03bf\u03ba\u03b1\u03c4\u03b1\u03c3\u03ba\u03b5\u03c5\u03b1\u03c3\u03bc\u03ad\u03bd\u03c9\u03bd \u03bf\u03b9\u03ba\u03b9\u03ce\u03bd,\" \/>\n<meta property=\"og:url\" content=\"https:\/\/www.kofinas.gr\/sv\/prefabricerat-galleri-2\/\" \/>\n<meta property=\"og:site_name\" content=\"\u039a\u03bf\u03c6\u03b9\u03bd\u03ac\u03c2 \u03a0\u03c1\u03bf\u03ba\u03b1\u03c4\u03b1\u03c3\u03ba\u03b5\u03c5\u03b1\u03c3\u03bc\u03ad\u03bd\u03b1 \u03c3\u03c0\u03af\u03c4\u03b9\u03b1 - \u03a0\u03c1\u03bf\u03ba\u03ac\u03c4\" \/>\n<meta property=\"article:publisher\" content=\"https:\/\/www.facebook.com\/kofinas.prokataskevasmena\" \/>\n<meta property=\"article:modified_time\" content=\"2024-05-17T10:19:44+00:00\" \/>\n<meta property=\"og:image\" content=\"https:\/\/www.kofinas.gr\/wp-content\/uploads\/2021\/01\/Gallery-1.jpg\" \/>\n\t<meta property=\"og:image:width\" content=\"960\" \/>\n\t<meta property=\"og:image:height\" content=\"639\" \/>\n\t<meta property=\"og:image:type\" content=\"image\/jpeg\" \/>\n<meta name=\"twitter:card\" content=\"summary_large_image\" \/>\n<meta name=\"twitter:site\" content=\"@kofinas_prokat\" \/>\n<meta name=\"twitter:label1\" content=\"Ber\u00e4knad l\u00e4stid\" \/>\n\t<meta name=\"twitter:data1\" content=\"2 minuter\" \/>\n<script type=\"application\/ld+json\" class=\"yoast-schema-graph\">{\"@context\":\"https:\/\/schema.org\",\"@graph\":[{\"@type\":\"WebPage\",\"@id\":\"https:\/\/www.kofinas.gr\/bg\/%d1%81%d0%b3%d0%bb%d0%be%d0%b1%d1%8f%d0%b5%d0%bc%d0%b0-%d0%b3%d0%b0%d0%bb%d0%b5%d1%80%d0%b8%d1%8f-3\/\",\"url\":\"https:\/\/www.kofinas.gr\/bg\/%d1%81%d0%b3%d0%bb%d0%be%d0%b1%d1%8f%d0%b5%d0%bc%d0%b0-%d0%b3%d0%b0%d0%bb%d0%b5%d1%80%d0%b8%d1%8f-3\/\",\"name\":\"Gallery- \u03a0\u03a1\u039f\u039a\u0391\u03a4\u0391\u03a3\u039a\u0395\u03a5\u0391\u03a3\u039c\u0395\u039d\u03a9\u039d | \u039a\u03bf\u03c6\u03b9\u03bd\u03ac\u03c2 \u03a0\u03c1\u03bf\u03ba\u03b1\u03c4\u03b1\u03c3\u03ba\u03b5\u03c5\u03b1\u03c3\u03bc\u03ad\u03bd\u03b1 \u03c3\u03c0\u03af\u03c4\u03b9\u03b1 - \u03a0\u03c1\u03bf\u03ba\u03ac\u03c4\",\"isPartOf\":{\"@id\":\"https:\/\/www.kofinas.gr\/#website\"},\"primaryImageOfPage\":{\"@id\":\"https:\/\/www.kofinas.gr\/bg\/%d1%81%d0%b3%d0%bb%d0%be%d0%b1%d1%8f%d0%b5%d0%bc%d0%b0-%d0%b3%d0%b0%d0%bb%d0%b5%d1%80%d0%b8%d1%8f-3\/#primaryimage\"},\"image\":{\"@id\":\"https:\/\/www.kofinas.gr\/bg\/%d1%81%d0%b3%d0%bb%d0%be%d0%b1%d1%8f%d0%b5%d0%bc%d0%b0-%d0%b3%d0%b0%d0%bb%d0%b5%d1%80%d0%b8%d1%8f-3\/#primaryimage\"},\"thumbnailUrl\":\"https:\/\/www.kofinas.gr\/wp-content\/uploads\/2021\/01\/Gallery-1.jpg\",\"datePublished\":\"2021-01-05T12:44:08+00:00\",\"dateModified\":\"2024-05-17T10:19:44+00:00\",\"description\":\"Gallery- \u03a0\u03a1\u039f\u039a\u0391\u03a4\u0391\u03a3\u039a\u0395\u03a5\u0391\u03a3\u039c\u0395\u039d\u03a9\u039d | \u0397 \u03b9\u03c3\u03c4\u03bf\u03c3\u03b5\u03bb\u03af\u03b4\u03b1 \u03c4\u03b7\u03c2 \u03b5\u03c4\u03b1\u03b9\u03c1\u03af\u03b1\u03c2 \u039a\u03bf\u03c6\u03b9\u03bd\u03ac\u03c2 \u03c0\u03b5\u03c1\u03b9\u03bb\u03b1\u03bc\u03b2\u03ac\u03bd\u03b5\u03b9 \u03bc\u03b9\u03b1 \u03b5\u03ba\u03c4\u03b5\u03bd\u03ae \u03b3\u03ba\u03b1\u03bb\u03b5\u03c1\u03af \u03c0\u03c1\u03bf\u03ba\u03b1\u03c4\u03b1\u03c3\u03ba\u03b5\u03c5\u03b1\u03c3\u03bc\u03ad\u03bd\u03c9\u03bd \u03bf\u03b9\u03ba\u03b9\u03ce\u03bd,\",\"breadcrumb\":{\"@id\":\"https:\/\/www.kofinas.gr\/bg\/%d1%81%d0%b3%d0%bb%d0%be%d0%b1%d1%8f%d0%b5%d0%bc%d0%b0-%d0%b3%d0%b0%d0%bb%d0%b5%d1%80%d0%b8%d1%8f-3\/#breadcrumb\"},\"inLanguage\":\"sv-SE\",\"potentialAction\":[{\"@type\":\"ReadAction\",\"target\":[\"https:\/\/www.kofinas.gr\/bg\/%d1%81%d0%b3%d0%bb%d0%be%d0%b1%d1%8f%d0%b5%d0%bc%d0%b0-%d0%b3%d0%b0%d0%bb%d0%b5%d1%80%d0%b8%d1%8f-3\/\"]}]},{\"@type\":\"ImageObject\",\"inLanguage\":\"sv-SE\",\"@id\":\"https:\/\/www.kofinas.gr\/bg\/%d1%81%d0%b3%d0%bb%d0%be%d0%b1%d1%8f%d0%b5%d0%bc%d0%b0-%d0%b3%d0%b0%d0%bb%d0%b5%d1%80%d0%b8%d1%8f-3\/#primaryimage\",\"url\":\"https:\/\/www.kofinas.gr\/wp-content\/uploads\/2021\/01\/Gallery-1.jpg\",\"contentUrl\":\"https:\/\/www.kofinas.gr\/wp-content\/uploads\/2021\/01\/Gallery-1.jpg\",\"width\":960,\"height\":639,\"caption\":\"Prokataskeuasmena spitia KOFINAS SA, Energeiaki apodosi, antiseismika, xamili katanalwsi, villa,oikologiki katoikia\"},{\"@type\":\"BreadcrumbList\",\"@id\":\"https:\/\/www.kofinas.gr\/bg\/%d1%81%d0%b3%d0%bb%d0%be%d0%b1%d1%8f%d0%b5%d0%bc%d0%b0-%d0%b3%d0%b0%d0%bb%d0%b5%d1%80%d0%b8%d1%8f-3\/#breadcrumb\",\"itemListElement\":[{\"@type\":\"ListItem\",\"position\":1,\"name\":\"Home\",\"item\":\"https:\/\/www.kofinas.gr\/\"},{\"@type\":\"ListItem\",\"position\":2,\"name\":\"Gallery- \u03a0\u03a1\u039f\u039a\u0391\u03a4\u0391\u03a3\u039a\u0395\u03a5\u0391\u03a3\u039c\u0395\u039d\u03a9\u039d\"}]},{\"@type\":\"WebSite\",\"@id\":\"https:\/\/www.kofinas.gr\/#website\",\"url\":\"https:\/\/www.kofinas.gr\/\",\"name\":\"\u039a\u03bf\u03c6\u03b9\u03bd\u03ac\u03c2 \u03a0\u03c1\u03bf\u03ba\u03b1\u03c4\u03b1\u03c3\u03ba\u03b5\u03c5\u03b1\u03c3\u03bc\u03ad\u03bd\u03b1 \u03c3\u03c0\u03af\u03c4\u03b9\u03b1 - \u03a0\u03c1\u03bf\u03ba\u03ac\u03c4\",\"description\":\"\u039a\u03b1\u03c4\u03b1\u03c3\u03ba\u03b5\u03c5\u03ac\u03b6\u03bf\u03c5\u03bc\u03b5 \u03c4\u03bf \u03c3\u03c0\u03af\u03c4\u03b9 \u03c3\u03b1\u03c2 \u03c3\u03c4\u03b7\u03bd \u03b5\u03bb\u03bb\u03ac\u03b4\u03b1 \u03ba\u03b1\u03b9 \u03bf\u03c0\u03bf\u03c5\u03b4\u03ae\u03c0\u03bf\u03c4\u03b5 \u03c3\u03c4\u03b7\u03bd \u0395\u03c5\u03c1\u03ce\u03c0\u03b7!\",\"publisher\":{\"@id\":\"https:\/\/www.kofinas.gr\/#organization\"},\"alternateName\":\"\u039a\u039f\u03a6\u0399\u039d\u0391\u03a3 \u03a0\u03c1\u03bf\u03ba\u03b1\u03c4\u03b1\u03c3\u03ba\u03b5\u03c5\u03b1\u03c3\u03bc\u03ad\u03bd\u03b1 \u03a3\u03c0\u03af\u03c4\u03b9\u03b1 \u03ba\u03b1\u03b9 \u03a4\u03bf\u03c5\u03c1\u03b9\u03c3\u03c4\u03b9\u03ba\u03ac \u039a\u03b1\u03c4\u03b1\u03bb\u03cd\u03bc\u03b1\u03c4\u03b1\",\"potentialAction\":[{\"@type\":\"SearchAction\",\"target\":{\"@type\":\"EntryPoint\",\"urlTemplate\":\"https:\/\/www.kofinas.gr\/?s={search_term_string}\"},\"query-input\":{\"@type\":\"PropertyValueSpecification\",\"valueRequired\":true,\"valueName\":\"search_term_string\"}}],\"inLanguage\":\"sv-SE\"},{\"@type\":\"Organization\",\"@id\":\"https:\/\/www.kofinas.gr\/#organization\",\"name\":\"Kofinas SA\",\"alternateName\":\"Construction Company that constuct Prefabricated houses\",\"url\":\"https:\/\/www.kofinas.gr\/\",\"logo\":{\"@type\":\"ImageObject\",\"inLanguage\":\"sv-SE\",\"@id\":\"https:\/\/www.kofinas.gr\/#\/schema\/logo\/image\/\",\"url\":\"https:\/\/www.kofinas.gr\/wp-content\/uploads\/2025\/03\/360new-logo-25.gif\",\"contentUrl\":\"https:\/\/www.kofinas.gr\/wp-content\/uploads\/2025\/03\/360new-logo-25.gif\",\"width\":230,\"height\":70,\"caption\":\"Kofinas SA\"},\"image\":{\"@id\":\"https:\/\/www.kofinas.gr\/#\/schema\/logo\/image\/\"},\"sameAs\":[\"https:\/\/www.facebook.com\/kofinas.prokataskevasmena\",\"https:\/\/x.com\/kofinas_prokat\",\"https:\/\/www.linkedin.com\/company\/kofinas-sa\",\"https:\/\/www.instagram.com\/kofinasprefab\/\",\"https:\/\/www.youtube.com\/channel\/UCEAifY31SuyQHHz_I3P4IVg\"],\"description\":\"KOFINAS SA \u2013 Prefabricated Homes Founded Legacy & Innovation Established in 1977, KOFINAS SA has grown into one of Greece\u2019s leading firms in the prefabricated housing sector. Their philosophy underscores continuous innovation\u2014they don't aim to build more homes, but to build better homes Strength & Certification The company's unique construction system has undergone rigorous experimental testing at the National Technical University of Athens, proving its durability well beyond natural endurance limits. Innovations introduced by KOFINAS are internationally recognized and certified. Sustainability & Eco Friendly Building KOFINAS uses Swedish and Finnish timber as its primary construction material, achieving a notably low carbon footprint: replacing conventional materials with wood reduces carbon dioxide emissions by 1.1 tons per cubic meter. In collaboration with Nordic sawmills, for every tree harvested, three to five new trees are planted, resulting in a negative carbon footprint. Additionally, their homes feature bioclimatic design and achieve energy consumption reductions of 75%\u201380% compared to conventional buildings\u2014often earning them energy efficiency A certificates. Advanced Production Facilities KOFINAS operates a modern factory, built to European standards, with ISO 14001 certification\u2014ensuring top-tier quality and environmental management in prefabricated housing production. Wide Range of Custom Designs Their catalog includes single , two , and three story homes, ground floor units with lofts, passive houses, and tourist accommodations. They also offer the \u201cFlexyHome\u201d series and Finnlamelli Finnish log houses, providing versatility to meet diverse aesthetic and functional needs. Experienced Team & Nationwide Network KOFINAS boasts a skilled, multidisciplinary team\u2014including civil and architectural engineers\u2014who oversee design, permit processing, and project implementation with a 100% success rate. The company has built a robust sales and distribution network\",\"email\":\"info@kofinas.gr\",\"telephone\":\"00302106081307\",\"legalName\":\"KOFINAS SA\",\"foundingDate\":\"1977-03-07\",\"vatID\":\"EL081136701\",\"duns\":\"503265836\",\"numberOfEmployees\":{\"@type\":\"QuantitativeValue\",\"minValue\":\"11\",\"maxValue\":\"50\"},\"publishingPrinciples\":\"https:\/\/www.kofinas.gr\/%cf%80%ce%bf%ce%bb%ce%b9%cf%84%ce%b9%ce%ba%ce%ae-%ce%b5%cf%84%ce%b1%ce%b9%cf%81%ce%af%ce%b1%cf%82-%ce%ba%ce%bf%cf%86%ce%b9%ce%bd%ce%b1%cf%83-%ce%b1%ce%b5\/\",\"ownershipFundingInfo\":\"https:\/\/www.kofinas.gr\/%ce%b5%cf%84%ce%b1%ce%b9%cf%81%ce%af%ce%b1\/\",\"actionableFeedbackPolicy\":\"https:\/\/www.kofinas.gr\/prosopika-dedomena\/\"}]}<\/script>\n<!-- \/ Yoast SEO Premium plugin. -->","yoast_head_json":{"title":"Galleri - PREFABRIKERADE | Kofinas Prefabricerade hus - Prefabricerade","description":"Galleri - PREFABRIKERAT | Kofinas webbplats inneh\u00e5ller ett omfattande galleri med prefabricerade hus,","robots":{"index":"index","follow":"follow","max-snippet":"max-snippet:-1","max-image-preview":"max-image-preview:large","max-video-preview":"max-video-preview:-1"},"canonical":"https:\/\/www.kofinas.gr\/sv\/prefabricerat-galleri-2\/","og_locale":"sv_SE","og_type":"article","og_title":"Gallery- \u03a0\u03a1\u039f\u039a\u0391\u03a4\u0391\u03a3\u039a\u0395\u03a5\u0391\u03a3\u039c\u0395\u039d\u03a9\u039d","og_description":"Gallery- \u03a0\u03a1\u039f\u039a\u0391\u03a4\u0391\u03a3\u039a\u0395\u03a5\u0391\u03a3\u039c\u0395\u039d\u03a9\u039d | \u0397 \u03b9\u03c3\u03c4\u03bf\u03c3\u03b5\u03bb\u03af\u03b4\u03b1 \u03c4\u03b7\u03c2 \u03b5\u03c4\u03b1\u03b9\u03c1\u03af\u03b1\u03c2 \u039a\u03bf\u03c6\u03b9\u03bd\u03ac\u03c2 \u03c0\u03b5\u03c1\u03b9\u03bb\u03b1\u03bc\u03b2\u03ac\u03bd\u03b5\u03b9 \u03bc\u03b9\u03b1 \u03b5\u03ba\u03c4\u03b5\u03bd\u03ae \u03b3\u03ba\u03b1\u03bb\u03b5\u03c1\u03af \u03c0\u03c1\u03bf\u03ba\u03b1\u03c4\u03b1\u03c3\u03ba\u03b5\u03c5\u03b1\u03c3\u03bc\u03ad\u03bd\u03c9\u03bd \u03bf\u03b9\u03ba\u03b9\u03ce\u03bd,","og_url":"https:\/\/www.kofinas.gr\/sv\/prefabricerat-galleri-2\/","og_site_name":"\u039a\u03bf\u03c6\u03b9\u03bd\u03ac\u03c2 \u03a0\u03c1\u03bf\u03ba\u03b1\u03c4\u03b1\u03c3\u03ba\u03b5\u03c5\u03b1\u03c3\u03bc\u03ad\u03bd\u03b1 \u03c3\u03c0\u03af\u03c4\u03b9\u03b1 - \u03a0\u03c1\u03bf\u03ba\u03ac\u03c4","article_publisher":"https:\/\/www.facebook.com\/kofinas.prokataskevasmena","article_modified_time":"2024-05-17T10:19:44+00:00","og_image":[{"width":960,"height":639,"url":"https:\/\/www.kofinas.gr\/wp-content\/uploads\/2021\/01\/Gallery-1.jpg","type":"image\/jpeg"}],"twitter_card":"summary_large_image","twitter_site":"@kofinas_prokat","twitter_misc":{"Ber\u00e4knad l\u00e4stid":"2 minuter"},"schema":{"@context":"https:\/\/schema.org","@graph":[{"@type":"WebPage","@id":"https:\/\/www.kofinas.gr\/bg\/%d1%81%d0%b3%d0%bb%d0%be%d0%b1%d1%8f%d0%b5%d0%bc%d0%b0-%d0%b3%d0%b0%d0%bb%d0%b5%d1%80%d0%b8%d1%8f-3\/","url":"https:\/\/www.kofinas.gr\/bg\/%d1%81%d0%b3%d0%bb%d0%be%d0%b1%d1%8f%d0%b5%d0%bc%d0%b0-%d0%b3%d0%b0%d0%bb%d0%b5%d1%80%d0%b8%d1%8f-3\/","name":"Galleri - PREFABRIKERADE | Kofinas Prefabricerade hus - Prefabricerade","isPartOf":{"@id":"https:\/\/www.kofinas.gr\/#website"},"primaryImageOfPage":{"@id":"https:\/\/www.kofinas.gr\/bg\/%d1%81%d0%b3%d0%bb%d0%be%d0%b1%d1%8f%d0%b5%d0%bc%d0%b0-%d0%b3%d0%b0%d0%bb%d0%b5%d1%80%d0%b8%d1%8f-3\/#primaryimage"},"image":{"@id":"https:\/\/www.kofinas.gr\/bg\/%d1%81%d0%b3%d0%bb%d0%be%d0%b1%d1%8f%d0%b5%d0%bc%d0%b0-%d0%b3%d0%b0%d0%bb%d0%b5%d1%80%d0%b8%d1%8f-3\/#primaryimage"},"thumbnailUrl":"https:\/\/www.kofinas.gr\/wp-content\/uploads\/2021\/01\/Gallery-1.jpg","datePublished":"2021-01-05T12:44:08+00:00","dateModified":"2024-05-17T10:19:44+00:00","description":"Galleri - PREFABRIKERAT | Kofinas webbplats inneh\u00e5ller ett omfattande galleri med prefabricerade hus,","breadcrumb":{"@id":"https:\/\/www.kofinas.gr\/bg\/%d1%81%d0%b3%d0%bb%d0%be%d0%b1%d1%8f%d0%b5%d0%bc%d0%b0-%d0%b3%d0%b0%d0%bb%d0%b5%d1%80%d0%b8%d1%8f-3\/#breadcrumb"},"inLanguage":"sv-SE","potentialAction":[{"@type":"ReadAction","target":["https:\/\/www.kofinas.gr\/bg\/%d1%81%d0%b3%d0%bb%d0%be%d0%b1%d1%8f%d0%b5%d0%bc%d0%b0-%d0%b3%d0%b0%d0%bb%d0%b5%d1%80%d0%b8%d1%8f-3\/"]}]},{"@type":"ImageObject","inLanguage":"sv-SE","@id":"https:\/\/www.kofinas.gr\/bg\/%d1%81%d0%b3%d0%bb%d0%be%d0%b1%d1%8f%d0%b5%d0%bc%d0%b0-%d0%b3%d0%b0%d0%bb%d0%b5%d1%80%d0%b8%d1%8f-3\/#primaryimage","url":"https:\/\/www.kofinas.gr\/wp-content\/uploads\/2021\/01\/Gallery-1.jpg","contentUrl":"https:\/\/www.kofinas.gr\/wp-content\/uploads\/2021\/01\/Gallery-1.jpg","width":960,"height":639,"caption":"Prokataskeuasmena spitia KOFINAS SA, Energeiaki apodosi, antiseismika, xamili katanalwsi, villa,oikologiki katoikia"},{"@type":"BreadcrumbList","@id":"https:\/\/www.kofinas.gr\/bg\/%d1%81%d0%b3%d0%bb%d0%be%d0%b1%d1%8f%d0%b5%d0%bc%d0%b0-%d0%b3%d0%b0%d0%bb%d0%b5%d1%80%d0%b8%d1%8f-3\/#breadcrumb","itemListElement":[{"@type":"ListItem","position":1,"name":"Home","item":"https:\/\/www.kofinas.gr\/"},{"@type":"ListItem","position":2,"name":"Gallery- \u03a0\u03a1\u039f\u039a\u0391\u03a4\u0391\u03a3\u039a\u0395\u03a5\u0391\u03a3\u039c\u0395\u039d\u03a9\u039d"}]},{"@type":"WebSite","@id":"https:\/\/www.kofinas.gr\/#website","url":"https:\/\/www.kofinas.gr\/","name":"Kofinas Prefabricerade hus - Prefab","description":"Vi bygger ditt hus i Grekland och var som helst i Europa!","publisher":{"@id":"https:\/\/www.kofinas.gr\/#organization"},"alternateName":"\u039a\u039f\u03a6\u0399\u039d\u0391\u03a3 \u03a0\u03c1\u03bf\u03ba\u03b1\u03c4\u03b1\u03c3\u03ba\u03b5\u03c5\u03b1\u03c3\u03bc\u03ad\u03bd\u03b1 \u03a3\u03c0\u03af\u03c4\u03b9\u03b1 \u03ba\u03b1\u03b9 \u03a4\u03bf\u03c5\u03c1\u03b9\u03c3\u03c4\u03b9\u03ba\u03ac \u039a\u03b1\u03c4\u03b1\u03bb\u03cd\u03bc\u03b1\u03c4\u03b1","potentialAction":[{"@type":"SearchAction","target":{"@type":"EntryPoint","urlTemplate":"https:\/\/www.kofinas.gr\/?s={search_term_string}"},"query-input":{"@type":"PropertyValueSpecification","valueRequired":true,"valueName":"search_term_string"}}],"inLanguage":"sv-SE"},{"@type":"Organization","@id":"https:\/\/www.kofinas.gr\/#organization","name":"Kofinas SA","alternateName":"Construction Company that constuct Prefabricated houses","url":"https:\/\/www.kofinas.gr\/","logo":{"@type":"ImageObject","inLanguage":"sv-SE","@id":"https:\/\/www.kofinas.gr\/#\/schema\/logo\/image\/","url":"https:\/\/www.kofinas.gr\/wp-content\/uploads\/2025\/03\/360new-logo-25.gif","contentUrl":"https:\/\/www.kofinas.gr\/wp-content\/uploads\/2025\/03\/360new-logo-25.gif","width":230,"height":70,"caption":"Kofinas SA"},"image":{"@id":"https:\/\/www.kofinas.gr\/#\/schema\/logo\/image\/"},"sameAs":["https:\/\/www.facebook.com\/kofinas.prokataskevasmena","https:\/\/x.com\/kofinas_prokat","https:\/\/www.linkedin.com\/company\/kofinas-sa","https:\/\/www.instagram.com\/kofinasprefab\/","https:\/\/www.youtube.com\/channel\/UCEAifY31SuyQHHz_I3P4IVg"],"description":"KOFINAS SA \u2013 Prefabricerade hus Grundat Arv och innovation KOFINAS SA grundades 1977 och har vuxit till ett av Greklands ledande f\u00f6retag inom prefabricerade bost\u00e4der. Deras filosofi understryker kontinuerlig innovation \u2013 de str\u00e4var inte efter att bygga fler bost\u00e4der, utan att bygga b\u00e4ttre bost\u00e4der Styrka och certifiering F\u00f6retagets unika byggsystem har genomg\u00e5tt rigor\u00f6sa experimentella tester vid Atens nationella tekniska universitet, vilket bevisat dess h\u00e5llbarhet l\u00e5ngt bortom naturliga uth\u00e5llighetsgr\u00e4nser. Innovationer som introduceras av KOFINAS \u00e4r internationellt erk\u00e4nda och certifierade. H\u00e5llbarhet och milj\u00f6v\u00e4nligt byggande KOFINAS anv\u00e4nder svenskt och finskt virke som sitt prim\u00e4ra byggmaterial, vilket uppn\u00e5r ett anm\u00e4rkningsv\u00e4rt l\u00e5gt koldioxidavtryck: att ers\u00e4tta konventionella material med tr\u00e4 minskar koldioxidutsl\u00e4ppen med 1,1 ton per kubikmeter. I samarbete med nordiska s\u00e5gverk planteras tre till fem nya tr\u00e4d f\u00f6r varje tr\u00e4d som avverkas, vilket resulterar i ett negativt koldioxidavtryck. Dessutom har deras hem bioklimatisk design och uppn\u00e5r energif\u00f6rbrukningsminskningar p\u00e5 75%\u201380% j\u00e4mf\u00f6rt med konventionella byggnader \u2013 vilket ofta ger dem energieffektivitetscertifikat A. Avancerade produktionsanl\u00e4ggningar KOFINAS driver en modern fabrik, byggd enligt europeiska standarder, med ISO 14001-certifiering \u2013 vilket s\u00e4kerst\u00e4ller h\u00f6gsta kvalitet och milj\u00f6ledning vid produktion av prefabricerade bost\u00e4der. Brett utbud av specialdesignade konstruktioner Deras katalog inkluderar en-, tv\u00e5- och trev\u00e5ningshus, bottenv\u00e5ningsenheter med loft, passivhus och turistboenden. De erbjuder \u00e4ven &quot;FlexyHome&quot;-serien och Finnlamelli finska timmerhus, vilket ger m\u00e5ngsidighet f\u00f6r att m\u00f6ta olika estetiska och funktionella behov. Erfaret team och rikst\u00e4ckande n\u00e4tverk KOFINAS har ett skickligt, tv\u00e4rvetenskapligt team \u2013 inklusive civil- och arkitektoniska ingenj\u00f6rer \u2013 som \u00f6vervakar design, tillst\u00e5ndsbehandling och projektgenomf\u00f6rande med en framg\u00e5ngsgrad p\u00e5 100%. F\u00f6retaget har byggt upp ett robust f\u00f6rs\u00e4ljnings- och distributionsn\u00e4tverk.","email":"info@kofinas.gr","telephone":"00302106081307","legalName":"KOFINAS SA","foundingDate":"1977-03-07","vatID":"EL081136701","duns":"503265836","numberOfEmployees":{"@type":"QuantitativeValue","minValue":"11","maxValue":"50"},"publishingPrinciples":"https:\/\/www.kofinas.gr\/%cf%80%ce%bf%ce%bb%ce%b9%cf%84%ce%b9%ce%ba%ce%ae-%ce%b5%cf%84%ce%b1%ce%b9%cf%81%ce%af%ce%b1%cf%82-%ce%ba%ce%bf%cf%86%ce%b9%ce%bd%ce%b1%cf%83-%ce%b1%ce%b5\/","ownershipFundingInfo":"https:\/\/www.kofinas.gr\/%ce%b5%cf%84%ce%b1%ce%b9%cf%81%ce%af%ce%b1\/","actionableFeedbackPolicy":"https:\/\/www.kofinas.gr\/prosopika-dedomena\/"}]}},"_links":{"self":[{"href":"https:\/\/www.kofinas.gr\/sv\/wp-json\/wp\/v2\/pages\/29915","targetHints":{"allow":["GET"]}}],"collection":[{"href":"https:\/\/www.kofinas.gr\/sv\/wp-json\/wp\/v2\/pages"}],"about":[{"href":"https:\/\/www.kofinas.gr\/sv\/wp-json\/wp\/v2\/types\/page"}],"author":[{"embeddable":true,"href":"https:\/\/www.kofinas.gr\/sv\/wp-json\/wp\/v2\/users\/3"}],"replies":[{"embeddable":true,"href":"https:\/\/www.kofinas.gr\/sv\/wp-json\/wp\/v2\/comments?post=29915"}],"version-history":[{"count":5,"href":"https:\/\/www.kofinas.gr\/sv\/wp-json\/wp\/v2\/pages\/29915\/revisions"}],"predecessor-version":[{"id":97718,"href":"https:\/\/www.kofinas.gr\/sv\/wp-json\/wp\/v2\/pages\/29915\/revisions\/97718"}],"wp:featuredmedia":[{"embeddable":true,"href":"https:\/\/www.kofinas.gr\/sv\/wp-json\/wp\/v2\/media\/29921"}],"wp:attachment":[{"href":"https:\/\/www.kofinas.gr\/sv\/wp-json\/wp\/v2\/media?parent=29915"}],"curies":[{"name":"wp","href":"https:\/\/api.w.org\/{rel}","templated":true}]}}