{"id":29836,"date":"2021-01-05T10:30:48","date_gmt":"2021-01-05T08:30:48","guid":{"rendered":"https:\/\/www.kofinas.gr\/%cf%80%ce%bf%ce%bb%ce%b9%cf%84%ce%b9%ce%ba%ce%ae-%ce%b5%cf%84%ce%b1%ce%b9%cf%81%ce%af%ce%b1%cf%82-%ce%ba%ce%bf%cf%86%ce%b9%ce%bd%ce%b1%cf%83-%ce%b1%ce%b5\/"},"modified":"2021-01-05T11:01:15","modified_gmt":"2021-01-05T09:01:15","slug":"foretagets-policy-kofinas-sa","status":"publish","type":"page","link":"https:\/\/www.kofinas.gr\/sv\/foretagets-policy-kofinas-sa\/","title":{"rendered":"F\u00f6retagets policy-KOFINAS SA"},"content":{"rendered":"<figure class=\"wp-block-image size-large\"><img decoding=\"async\" width=\"230\" height=\"57\" src=\"https:\/\/www.kofinas.gr\/wp-content\/uploads\/2021\/01\/360new-logoraster-smallen2.gif\" alt=\"\" class=\"wp-image-29839\"\/><\/figure>\n\n\n\n<h3 class=\"wp-block-heading\"><strong>Kvalitetspolicy \u2013 Milj\u00f6 \u2013 EHS<\/strong><\/h3>\n\n\n\n<p>F\u00f6retaget KOFINAS PREFABRICATED HOUSES SA Syftet med dess aff\u00e4rsverksamhet \u00e4r design, konstruktion, marknadsf\u00f6ring och installation av prefabricerade byggnader.<\/p>\n\n\n\n<p>Grundl\u00e4ggande \u00e5taganden f\u00f6r f\u00f6retaget \u00e4r:<\/p>\n\n\n\n<ol class=\"wp-block-list\" type=\"1\"><li>tillhandah\u00e5llande av en stabil och h\u00f6g kvalitet p\u00e5 tj\u00e4nsterna <\/li><li>och full tillfredsst\u00e4llelse av kundernas krav och skydd av milj\u00f6n och EHS<\/li><\/ol>\n\n\n\n<p>Dessutom har f\u00f6retaget \u00e5tagit sig att:<\/p>\n\n\n\n<ol class=\"wp-block-list\" type=\"1\" start=\"3\"><li>efterlevnaden av dess tj\u00e4nster och praxis med till\u00e4mplig lagstiftning och relevant regelverk,<\/li><li>f\u00f6rebyggande av milj\u00f6skador,<\/li><li>vidta l\u00e4mpliga \u00e5tg\u00e4rder f\u00f6r att f\u00f6rebygga, minska och eliminera risker och hot mot h\u00e4lsa och s\u00e4kerhet p\u00e5 f\u00f6retagets arbetsplats,<\/li><li>att tillhandah\u00e5lla l\u00e4mplig arbetsmilj\u00f6 och s\u00e4kra arbetsf\u00f6rh\u00e5llanden f\u00f6r att f\u00f6rebygga och f\u00f6rebygga skador och yrkessjukdomar,<\/li><li>minska det avfall det producerar och fr\u00e4mja \u00e5tervinningsmetoder, minska f\u00f6rbrukningen av energi och naturresurser,<\/li><li>att uppmuntra anst\u00e4lldas samr\u00e5d och engagemang i fr\u00e5gor som r\u00f6r h\u00e4lsa och s\u00e4kerhet i arbetet.<\/li><\/ol>\n\n\n\n<p>Ledningen s\u00e4kerst\u00e4ller att ovanst\u00e5ende \u00e5taganden uppn\u00e5s genom:<\/p>\n\n\n\n<ol class=\"wp-block-list\" type=\"A\"><li>genomf\u00f6randet av det gemensamma ledningssystemet (SMS) i full \u00f6verensst\u00e4mmelse med kraven i standarderna ISO 9001: 2015 och ISO 14001: 2015 och ISO 45001: 2018 och f\u00f6rb\u00e4ttring av dess effektivitet genom periodiska revisioner, granskningar och analys av relevant risk ,<\/li><li>kontinuerlig utbildning, information och utbildning av dess chefer f\u00f6r att fr\u00e4mja f\u00f6retagets m\u00e5l i var och en av deras aktiviteter,<\/li><li>tillhandah\u00e5lla tillr\u00e4ckliga resurser f\u00f6r genomf\u00f6randet av SMS och milj\u00f6ledning,<\/li><li>M\u00e5l, vars genomf\u00f6rande ses \u00f6ver och utv\u00e4rderas f\u00f6r att eliminera eller minska den negativa p\u00e5verkan p\u00e5 kvaliteten p\u00e5 dess tj\u00e4nster, milj\u00f6n och EHS.<\/li><\/ol>\n\n\n\n<p>Den st\u00e4ndiga anstr\u00e4ngningen f\u00f6r att st\u00e4ndigt f\u00f6rb\u00e4ttra tj\u00e4nsterna och SMS:et \u00e4r f\u00f6retagets huvudsakliga angel\u00e4genhet och filosofin f\u00f6r var och en av dess anst\u00e4llda.<\/p>\n\n\n\n<div class=\"wp-block-image\"><figure class=\"aligncenter size-full\"><img fetchpriority=\"high\" decoding=\"async\" width=\"1654\" height=\"398\" src=\"https:\/\/www.kofinas.gr\/wp-content\/uploads\/2021\/01\/\u0430\u0441\u0437\u0434\u0444.jpg\" alt=\"\" class=\"wp-image-29824\" srcset=\"\" sizes=\"(max-width: 1654px) 100vw, 1654px\" data-srcset=\"\" \/><\/figure><\/div>\n\n\n\n<div class=\"wp-block-columns is-layout-flex wp-container-core-columns-is-layout-9d6595d7 wp-block-columns-is-layout-flex\">\n<div class=\"wp-block-column is-layout-flow wp-block-column-is-layout-flow\">\n<div class=\"wp-block-image\"><figure class=\"aligncenter size-large\"><a href=\"https:\/\/www.kofinas.gr\/wp-content\/uploads\/2021\/01\/Policy_05012021101600-1.jpg\" data-lbwps-width=\"1018\" data-lbwps-height=\"1440\" data-lbwps-srcsmall=\"https:\/\/www.kofinas.gr\/wp-content\/uploads\/2021\/01\/Policy_05012021101600-1.jpg\"><img decoding=\"async\" width=\"283\" height=\"400\" src=\"https:\/\/www.kofinas.gr\/wp-content\/uploads\/2021\/01\/Policy_05012021101600-1-283x400.jpg\" alt=\"\" class=\"wp-image-29829\" srcset=\"https:\/\/www.kofinas.gr\/wp-content\/uploads\/2021\/01\/Policy_05012021101600-1-283x400.jpg 283w, https:\/\/www.kofinas.gr\/wp-content\/uploads\/2021\/01\/Policy_05012021101600-1-247x350.jpg 247w, https:\/\/www.kofinas.gr\/wp-content\/uploads\/2021\/01\/Policy_05012021101600-1-768x1087.jpg 768w, https:\/\/www.kofinas.gr\/wp-content\/uploads\/2021\/01\/Policy_05012021101600-1.jpg 1018w\" sizes=\"(max-width: 283px) 100vw, 283px\" \/><\/a><\/figure><\/div>\n<\/div>\n\n\n\n<div class=\"wp-block-column is-layout-flow wp-block-column-is-layout-flow\">\n<div class=\"wp-block-image\"><figure class=\"aligncenter size-large\"><img loading=\"lazy\" decoding=\"async\" width=\"230\" height=\"57\" src=\"https:\/\/www.kofinas.gr\/wp-content\/uploads\/2021\/01\/360new-logoraster-smallen-1.gif\" alt=\"\" class=\"wp-image-29831\"\/><\/figure><\/div>\n<\/div>\n<\/div>","protected":false},"excerpt":{"rendered":"<p>Kvalitetspolicy \u2013 Milj\u00f6 \u2013 EHS F\u00f6retaget KOFINAS PREFABRICATED HOUSES SA Syftet med dess aff\u00e4rsverksamhet \u00e4r design, konstruktion, marknadsf\u00f6ring och installation av prefabricerade byggnader. Grundl\u00e4ggande \u00e5taganden f\u00f6r f\u00f6retaget \u00e4r: tillhandah\u00e5llande av en stabil och h\u00f6g niv\u00e5 av kvalitetstj\u00e4nster och full tillfredsst\u00e4llelse av kundernas krav, [...]<\/p>","protected":false},"author":3,"featured_media":0,"parent":0,"menu_order":0,"comment_status":"closed","ping_status":"closed","template":"template-pages\/page-nobackground.php","meta":{"_acf_changed":false,"footnotes":""},"class_list":["post-29836","page","type-page","status-publish","hentry"],"acf":[],"yoast_head":"<!-- This site is optimized with the Yoast SEO Premium plugin v26.6 (Yoast SEO v26.6) - https:\/\/yoast.com\/wordpress\/plugins\/seo\/ -->\n<title>Company&#039;s policy-KOFINAS SA | \u039a\u03bf\u03c6\u03b9\u03bd\u03ac\u03c2 \u03a0\u03c1\u03bf\u03ba\u03b1\u03c4\u03b1\u03c3\u03ba\u03b5\u03c5\u03b1\u03c3\u03bc\u03ad\u03bd\u03b1 \u03c3\u03c0\u03af\u03c4\u03b9\u03b1 - \u03a0\u03c1\u03bf\u03ba\u03ac\u03c4 | Prefabricated houses<\/title>\n<meta name=\"description\" content=\"\u039a\u03bf\u03c6\u03b9\u03bd\u03ac\u03c2 \u03a0\u03c1\u03bf\u03ba\u03b1\u03c4\u03b1\u03c3\u03ba\u03b5\u03c5\u03b1\u03c3\u03bc\u03ad\u03bd\u03b1 \u03c3\u03c0\u03af\u03c4\u03b9\u03b1 - \u03a0\u03c1\u03bf\u03ba\u03ac\u03c4 Company&#039;s policy-KOFINAS SA | \u039a\u03bf\u03c6\u03b9\u03bd\u03ac\u03c2 \u03a0\u03c1\u03bf\u03ba\u03b1\u03c4\u03b1\u03c3\u03ba\u03b5\u03c5\u03b1\u03c3\u03bc\u03ad\u03bd\u03b1 \u03c3\u03c0\u03af\u03c4\u03b9\u03b1 - \u03a0\u03c1\u03bf\u03ba\u03ac\u03c4 | Company&#039;s policy-KOFINAS SA | \u039a\u03bf\u03c6\u03b9\u03bd\u03ac\u03c2 \u03a0\u03c1\u03bf\u03ba\u03b1\u03c4\u03b1\u03c3\u03ba\u03b5\u03c5\u03b1\u03c3\u03bc\u03ad\u03bd\u03b1 \u03c3\u03c0\u03af\u03c4\u03b9\u03b1 - \u03a0\u03c1\u03bf\u03ba\u03ac\u03c4 | Company&#039;s policy-KOFINAS SA Prefabricated houses\" \/>\n<meta name=\"robots\" content=\"index, follow, max-snippet:-1, max-image-preview:large, max-video-preview:-1\" \/>\n<link rel=\"canonical\" href=\"https:\/\/www.kofinas.gr\/sv\/foretagets-policy-kofinas-sa\/\" \/>\n<meta property=\"og:locale\" content=\"sv_SE\" \/>\n<meta property=\"og:type\" content=\"article\" \/>\n<meta property=\"og:title\" content=\"Company&#039;s policy-KOFINAS SA\" \/>\n<meta property=\"og:description\" content=\"\u039a\u03bf\u03c6\u03b9\u03bd\u03ac\u03c2 \u03a0\u03c1\u03bf\u03ba\u03b1\u03c4\u03b1\u03c3\u03ba\u03b5\u03c5\u03b1\u03c3\u03bc\u03ad\u03bd\u03b1 \u03c3\u03c0\u03af\u03c4\u03b9\u03b1 - \u03a0\u03c1\u03bf\u03ba\u03ac\u03c4 Company&#039;s policy-KOFINAS SA | \u039a\u03bf\u03c6\u03b9\u03bd\u03ac\u03c2 \u03a0\u03c1\u03bf\u03ba\u03b1\u03c4\u03b1\u03c3\u03ba\u03b5\u03c5\u03b1\u03c3\u03bc\u03ad\u03bd\u03b1 \u03c3\u03c0\u03af\u03c4\u03b9\u03b1 - \u03a0\u03c1\u03bf\u03ba\u03ac\u03c4 | Company&#039;s policy-KOFINAS SA | \u039a\u03bf\u03c6\u03b9\u03bd\u03ac\u03c2 \u03a0\u03c1\u03bf\u03ba\u03b1\u03c4\u03b1\u03c3\u03ba\u03b5\u03c5\u03b1\u03c3\u03bc\u03ad\u03bd\u03b1 \u03c3\u03c0\u03af\u03c4\u03b9\u03b1 - \u03a0\u03c1\u03bf\u03ba\u03ac\u03c4 | Company&#039;s policy-KOFINAS SA Prefabricated houses\" \/>\n<meta property=\"og:url\" content=\"https:\/\/www.kofinas.gr\/sv\/foretagets-policy-kofinas-sa\/\" \/>\n<meta property=\"og:site_name\" content=\"\u039a\u03bf\u03c6\u03b9\u03bd\u03ac\u03c2 \u03a0\u03c1\u03bf\u03ba\u03b1\u03c4\u03b1\u03c3\u03ba\u03b5\u03c5\u03b1\u03c3\u03bc\u03ad\u03bd\u03b1 \u03c3\u03c0\u03af\u03c4\u03b9\u03b1 - \u03a0\u03c1\u03bf\u03ba\u03ac\u03c4\" \/>\n<meta property=\"article:publisher\" content=\"https:\/\/www.facebook.com\/kofinas.prokataskevasmena\" \/>\n<meta property=\"article:modified_time\" content=\"2021-01-05T09:01:15+00:00\" \/>\n<meta property=\"og:image\" content=\"https:\/\/www.kofinas.gr\/wp-content\/uploads\/2021\/01\/360new-logoraster-smallen2.gif\" \/>\n<meta name=\"twitter:card\" content=\"summary_large_image\" \/>\n<meta name=\"twitter:site\" content=\"@kofinas_prokat\" \/>\n<meta name=\"twitter:label1\" content=\"Ber\u00e4knad l\u00e4stid\" \/>\n\t<meta name=\"twitter:data1\" content=\"2 minuter\" \/>\n<script type=\"application\/ld+json\" class=\"yoast-schema-graph\">{\"@context\":\"https:\/\/schema.org\",\"@graph\":[{\"@type\":\"WebPage\",\"@id\":\"https:\/\/www.kofinas.gr\/companys-policy-kofinas-sa\/\",\"url\":\"https:\/\/www.kofinas.gr\/companys-policy-kofinas-sa\/\",\"name\":\"Company's policy-KOFINAS SA | \u039a\u03bf\u03c6\u03b9\u03bd\u03ac\u03c2 \u03a0\u03c1\u03bf\u03ba\u03b1\u03c4\u03b1\u03c3\u03ba\u03b5\u03c5\u03b1\u03c3\u03bc\u03ad\u03bd\u03b1 \u03c3\u03c0\u03af\u03c4\u03b9\u03b1 - \u03a0\u03c1\u03bf\u03ba\u03ac\u03c4 | Prefabricated houses\",\"isPartOf\":{\"@id\":\"https:\/\/www.kofinas.gr\/#website\"},\"primaryImageOfPage\":{\"@id\":\"https:\/\/www.kofinas.gr\/companys-policy-kofinas-sa\/#primaryimage\"},\"image\":{\"@id\":\"https:\/\/www.kofinas.gr\/companys-policy-kofinas-sa\/#primaryimage\"},\"thumbnailUrl\":\"https:\/\/www.kofinas.gr\/wp-content\/uploads\/2021\/01\/360new-logoraster-smallen2.gif\",\"datePublished\":\"2021-01-05T08:30:48+00:00\",\"dateModified\":\"2021-01-05T09:01:15+00:00\",\"description\":\"\u039a\u03bf\u03c6\u03b9\u03bd\u03ac\u03c2 \u03a0\u03c1\u03bf\u03ba\u03b1\u03c4\u03b1\u03c3\u03ba\u03b5\u03c5\u03b1\u03c3\u03bc\u03ad\u03bd\u03b1 \u03c3\u03c0\u03af\u03c4\u03b9\u03b1 - \u03a0\u03c1\u03bf\u03ba\u03ac\u03c4 Company's policy-KOFINAS SA | \u039a\u03bf\u03c6\u03b9\u03bd\u03ac\u03c2 \u03a0\u03c1\u03bf\u03ba\u03b1\u03c4\u03b1\u03c3\u03ba\u03b5\u03c5\u03b1\u03c3\u03bc\u03ad\u03bd\u03b1 \u03c3\u03c0\u03af\u03c4\u03b9\u03b1 - \u03a0\u03c1\u03bf\u03ba\u03ac\u03c4 | Company's policy-KOFINAS SA | \u039a\u03bf\u03c6\u03b9\u03bd\u03ac\u03c2 \u03a0\u03c1\u03bf\u03ba\u03b1\u03c4\u03b1\u03c3\u03ba\u03b5\u03c5\u03b1\u03c3\u03bc\u03ad\u03bd\u03b1 \u03c3\u03c0\u03af\u03c4\u03b9\u03b1 - \u03a0\u03c1\u03bf\u03ba\u03ac\u03c4 | Company's policy-KOFINAS SA Prefabricated houses\",\"breadcrumb\":{\"@id\":\"https:\/\/www.kofinas.gr\/companys-policy-kofinas-sa\/#breadcrumb\"},\"inLanguage\":\"sv-SE\",\"potentialAction\":[{\"@type\":\"ReadAction\",\"target\":[\"https:\/\/www.kofinas.gr\/companys-policy-kofinas-sa\/\"]}]},{\"@type\":\"ImageObject\",\"inLanguage\":\"sv-SE\",\"@id\":\"https:\/\/www.kofinas.gr\/companys-policy-kofinas-sa\/#primaryimage\",\"url\":\"https:\/\/www.kofinas.gr\/wp-content\/uploads\/2021\/01\/360new-logoraster-smallen2.gif\",\"contentUrl\":\"https:\/\/www.kofinas.gr\/wp-content\/uploads\/2021\/01\/360new-logoraster-smallen2.gif\"},{\"@type\":\"BreadcrumbList\",\"@id\":\"https:\/\/www.kofinas.gr\/companys-policy-kofinas-sa\/#breadcrumb\",\"itemListElement\":[{\"@type\":\"ListItem\",\"position\":1,\"name\":\"Home\",\"item\":\"https:\/\/www.kofinas.gr\/\"},{\"@type\":\"ListItem\",\"position\":2,\"name\":\"Company&#8217;s policy-KOFINAS SA\"}]},{\"@type\":\"WebSite\",\"@id\":\"https:\/\/www.kofinas.gr\/#website\",\"url\":\"https:\/\/www.kofinas.gr\/\",\"name\":\"\u039a\u03bf\u03c6\u03b9\u03bd\u03ac\u03c2 \u03a0\u03c1\u03bf\u03ba\u03b1\u03c4\u03b1\u03c3\u03ba\u03b5\u03c5\u03b1\u03c3\u03bc\u03ad\u03bd\u03b1 \u03c3\u03c0\u03af\u03c4\u03b9\u03b1 - \u03a0\u03c1\u03bf\u03ba\u03ac\u03c4\",\"description\":\"\u039a\u03b1\u03c4\u03b1\u03c3\u03ba\u03b5\u03c5\u03ac\u03b6\u03bf\u03c5\u03bc\u03b5 \u03c4\u03bf \u03c3\u03c0\u03af\u03c4\u03b9 \u03c3\u03b1\u03c2 \u03c3\u03c4\u03b7\u03bd \u03b5\u03bb\u03bb\u03ac\u03b4\u03b1 \u03ba\u03b1\u03b9 \u03bf\u03c0\u03bf\u03c5\u03b4\u03ae\u03c0\u03bf\u03c4\u03b5 \u03c3\u03c4\u03b7\u03bd \u0395\u03c5\u03c1\u03ce\u03c0\u03b7!\",\"publisher\":{\"@id\":\"https:\/\/www.kofinas.gr\/#organization\"},\"alternateName\":\"\u039a\u039f\u03a6\u0399\u039d\u0391\u03a3 \u03a0\u03c1\u03bf\u03ba\u03b1\u03c4\u03b1\u03c3\u03ba\u03b5\u03c5\u03b1\u03c3\u03bc\u03ad\u03bd\u03b1 \u03a3\u03c0\u03af\u03c4\u03b9\u03b1 \u03ba\u03b1\u03b9 \u03a4\u03bf\u03c5\u03c1\u03b9\u03c3\u03c4\u03b9\u03ba\u03ac \u039a\u03b1\u03c4\u03b1\u03bb\u03cd\u03bc\u03b1\u03c4\u03b1\",\"potentialAction\":[{\"@type\":\"SearchAction\",\"target\":{\"@type\":\"EntryPoint\",\"urlTemplate\":\"https:\/\/www.kofinas.gr\/?s={search_term_string}\"},\"query-input\":{\"@type\":\"PropertyValueSpecification\",\"valueRequired\":true,\"valueName\":\"search_term_string\"}}],\"inLanguage\":\"sv-SE\"},{\"@type\":\"Organization\",\"@id\":\"https:\/\/www.kofinas.gr\/#organization\",\"name\":\"Kofinas SA\",\"alternateName\":\"Construction Company that constuct Prefabricated houses\",\"url\":\"https:\/\/www.kofinas.gr\/\",\"logo\":{\"@type\":\"ImageObject\",\"inLanguage\":\"sv-SE\",\"@id\":\"https:\/\/www.kofinas.gr\/#\/schema\/logo\/image\/\",\"url\":\"https:\/\/www.kofinas.gr\/wp-content\/uploads\/2025\/03\/360new-logo-25.gif\",\"contentUrl\":\"https:\/\/www.kofinas.gr\/wp-content\/uploads\/2025\/03\/360new-logo-25.gif\",\"width\":230,\"height\":70,\"caption\":\"Kofinas SA\"},\"image\":{\"@id\":\"https:\/\/www.kofinas.gr\/#\/schema\/logo\/image\/\"},\"sameAs\":[\"https:\/\/www.facebook.com\/kofinas.prokataskevasmena\",\"https:\/\/x.com\/kofinas_prokat\",\"https:\/\/www.linkedin.com\/company\/kofinas-sa\",\"https:\/\/www.instagram.com\/kofinasprefab\/\",\"https:\/\/www.youtube.com\/channel\/UCEAifY31SuyQHHz_I3P4IVg\"],\"description\":\"KOFINAS SA \u2013 Prefabricated Homes Founded Legacy & Innovation Established in 1977, KOFINAS SA has grown into one of Greece\u2019s leading firms in the prefabricated housing sector. Their philosophy underscores continuous innovation\u2014they don't aim to build more homes, but to build better homes Strength & Certification The company's unique construction system has undergone rigorous experimental testing at the National Technical University of Athens, proving its durability well beyond natural endurance limits. Innovations introduced by KOFINAS are internationally recognized and certified. Sustainability & Eco Friendly Building KOFINAS uses Swedish and Finnish timber as its primary construction material, achieving a notably low carbon footprint: replacing conventional materials with wood reduces carbon dioxide emissions by 1.1 tons per cubic meter. In collaboration with Nordic sawmills, for every tree harvested, three to five new trees are planted, resulting in a negative carbon footprint. Additionally, their homes feature bioclimatic design and achieve energy consumption reductions of 75%\u201380% compared to conventional buildings\u2014often earning them energy efficiency A certificates. Advanced Production Facilities KOFINAS operates a modern factory, built to European standards, with ISO 14001 certification\u2014ensuring top-tier quality and environmental management in prefabricated housing production. Wide Range of Custom Designs Their catalog includes single , two , and three story homes, ground floor units with lofts, passive houses, and tourist accommodations. They also offer the \u201cFlexyHome\u201d series and Finnlamelli Finnish log houses, providing versatility to meet diverse aesthetic and functional needs. Experienced Team & Nationwide Network KOFINAS boasts a skilled, multidisciplinary team\u2014including civil and architectural engineers\u2014who oversee design, permit processing, and project implementation with a 100% success rate. The company has built a robust sales and distribution network\",\"email\":\"info@kofinas.gr\",\"telephone\":\"00302106081307\",\"legalName\":\"KOFINAS SA\",\"foundingDate\":\"1977-03-07\",\"vatID\":\"EL081136701\",\"duns\":\"503265836\",\"numberOfEmployees\":{\"@type\":\"QuantitativeValue\",\"minValue\":\"11\",\"maxValue\":\"50\"},\"publishingPrinciples\":\"https:\/\/www.kofinas.gr\/%cf%80%ce%bf%ce%bb%ce%b9%cf%84%ce%b9%ce%ba%ce%ae-%ce%b5%cf%84%ce%b1%ce%b9%cf%81%ce%af%ce%b1%cf%82-%ce%ba%ce%bf%cf%86%ce%b9%ce%bd%ce%b1%cf%83-%ce%b1%ce%b5\/\",\"ownershipFundingInfo\":\"https:\/\/www.kofinas.gr\/%ce%b5%cf%84%ce%b1%ce%b9%cf%81%ce%af%ce%b1\/\",\"actionableFeedbackPolicy\":\"https:\/\/www.kofinas.gr\/prosopika-dedomena\/\"}]}<\/script>\n<!-- \/ Yoast SEO Premium plugin. -->","yoast_head_json":{"title":"F\u00f6retagspolicy - KOFINAS SA | Kofinas prefabricerade hus - Prefabricerade | Prefabricerade hus","description":"Kofinas Prefabricerade hus - Prefabricerade F\u00f6retagspolicy-KOFINAS SA | Kofinas Prefabricerade hus - Prefabricerade | F\u00f6retagspolicy-KOFINAS SA | Kofinas Prefabricerade hus - Prefabricerade | F\u00f6retagspolicy-KOFINAS SA Prefabricerade hus","robots":{"index":"index","follow":"follow","max-snippet":"max-snippet:-1","max-image-preview":"max-image-preview:large","max-video-preview":"max-video-preview:-1"},"canonical":"https:\/\/www.kofinas.gr\/sv\/foretagets-policy-kofinas-sa\/","og_locale":"sv_SE","og_type":"article","og_title":"Company's policy-KOFINAS SA","og_description":"\u039a\u03bf\u03c6\u03b9\u03bd\u03ac\u03c2 \u03a0\u03c1\u03bf\u03ba\u03b1\u03c4\u03b1\u03c3\u03ba\u03b5\u03c5\u03b1\u03c3\u03bc\u03ad\u03bd\u03b1 \u03c3\u03c0\u03af\u03c4\u03b9\u03b1 - \u03a0\u03c1\u03bf\u03ba\u03ac\u03c4 Company's policy-KOFINAS SA | \u039a\u03bf\u03c6\u03b9\u03bd\u03ac\u03c2 \u03a0\u03c1\u03bf\u03ba\u03b1\u03c4\u03b1\u03c3\u03ba\u03b5\u03c5\u03b1\u03c3\u03bc\u03ad\u03bd\u03b1 \u03c3\u03c0\u03af\u03c4\u03b9\u03b1 - \u03a0\u03c1\u03bf\u03ba\u03ac\u03c4 | Company's policy-KOFINAS SA | \u039a\u03bf\u03c6\u03b9\u03bd\u03ac\u03c2 \u03a0\u03c1\u03bf\u03ba\u03b1\u03c4\u03b1\u03c3\u03ba\u03b5\u03c5\u03b1\u03c3\u03bc\u03ad\u03bd\u03b1 \u03c3\u03c0\u03af\u03c4\u03b9\u03b1 - \u03a0\u03c1\u03bf\u03ba\u03ac\u03c4 | Company's policy-KOFINAS SA Prefabricated houses","og_url":"https:\/\/www.kofinas.gr\/sv\/foretagets-policy-kofinas-sa\/","og_site_name":"\u039a\u03bf\u03c6\u03b9\u03bd\u03ac\u03c2 \u03a0\u03c1\u03bf\u03ba\u03b1\u03c4\u03b1\u03c3\u03ba\u03b5\u03c5\u03b1\u03c3\u03bc\u03ad\u03bd\u03b1 \u03c3\u03c0\u03af\u03c4\u03b9\u03b1 - \u03a0\u03c1\u03bf\u03ba\u03ac\u03c4","article_publisher":"https:\/\/www.facebook.com\/kofinas.prokataskevasmena","article_modified_time":"2021-01-05T09:01:15+00:00","og_image":[{"url":"https:\/\/www.kofinas.gr\/wp-content\/uploads\/2021\/01\/360new-logoraster-smallen2.gif","type":"","width":"","height":""}],"twitter_card":"summary_large_image","twitter_site":"@kofinas_prokat","twitter_misc":{"Ber\u00e4knad l\u00e4stid":"2 minuter"},"schema":{"@context":"https:\/\/schema.org","@graph":[{"@type":"WebPage","@id":"https:\/\/www.kofinas.gr\/companys-policy-kofinas-sa\/","url":"https:\/\/www.kofinas.gr\/companys-policy-kofinas-sa\/","name":"F\u00f6retagspolicy - KOFINAS SA | Kofinas prefabricerade hus - Prefabricerade | Prefabricerade hus","isPartOf":{"@id":"https:\/\/www.kofinas.gr\/#website"},"primaryImageOfPage":{"@id":"https:\/\/www.kofinas.gr\/companys-policy-kofinas-sa\/#primaryimage"},"image":{"@id":"https:\/\/www.kofinas.gr\/companys-policy-kofinas-sa\/#primaryimage"},"thumbnailUrl":"https:\/\/www.kofinas.gr\/wp-content\/uploads\/2021\/01\/360new-logoraster-smallen2.gif","datePublished":"2021-01-05T08:30:48+00:00","dateModified":"2021-01-05T09:01:15+00:00","description":"Kofinas Prefabricerade hus - Prefabricerade F\u00f6retagspolicy-KOFINAS SA | Kofinas Prefabricerade hus - Prefabricerade | F\u00f6retagspolicy-KOFINAS SA | Kofinas Prefabricerade hus - Prefabricerade | F\u00f6retagspolicy-KOFINAS SA Prefabricerade hus","breadcrumb":{"@id":"https:\/\/www.kofinas.gr\/companys-policy-kofinas-sa\/#breadcrumb"},"inLanguage":"sv-SE","potentialAction":[{"@type":"ReadAction","target":["https:\/\/www.kofinas.gr\/companys-policy-kofinas-sa\/"]}]},{"@type":"ImageObject","inLanguage":"sv-SE","@id":"https:\/\/www.kofinas.gr\/companys-policy-kofinas-sa\/#primaryimage","url":"https:\/\/www.kofinas.gr\/wp-content\/uploads\/2021\/01\/360new-logoraster-smallen2.gif","contentUrl":"https:\/\/www.kofinas.gr\/wp-content\/uploads\/2021\/01\/360new-logoraster-smallen2.gif"},{"@type":"BreadcrumbList","@id":"https:\/\/www.kofinas.gr\/companys-policy-kofinas-sa\/#breadcrumb","itemListElement":[{"@type":"ListItem","position":1,"name":"Home","item":"https:\/\/www.kofinas.gr\/"},{"@type":"ListItem","position":2,"name":"Company&#8217;s policy-KOFINAS SA"}]},{"@type":"WebSite","@id":"https:\/\/www.kofinas.gr\/#website","url":"https:\/\/www.kofinas.gr\/","name":"Kofinas Prefabricerade hus - Prefab","description":"Vi bygger ditt hus i Grekland och var som helst i Europa!","publisher":{"@id":"https:\/\/www.kofinas.gr\/#organization"},"alternateName":"\u039a\u039f\u03a6\u0399\u039d\u0391\u03a3 \u03a0\u03c1\u03bf\u03ba\u03b1\u03c4\u03b1\u03c3\u03ba\u03b5\u03c5\u03b1\u03c3\u03bc\u03ad\u03bd\u03b1 \u03a3\u03c0\u03af\u03c4\u03b9\u03b1 \u03ba\u03b1\u03b9 \u03a4\u03bf\u03c5\u03c1\u03b9\u03c3\u03c4\u03b9\u03ba\u03ac \u039a\u03b1\u03c4\u03b1\u03bb\u03cd\u03bc\u03b1\u03c4\u03b1","potentialAction":[{"@type":"SearchAction","target":{"@type":"EntryPoint","urlTemplate":"https:\/\/www.kofinas.gr\/?s={search_term_string}"},"query-input":{"@type":"PropertyValueSpecification","valueRequired":true,"valueName":"search_term_string"}}],"inLanguage":"sv-SE"},{"@type":"Organization","@id":"https:\/\/www.kofinas.gr\/#organization","name":"Kofinas SA","alternateName":"Construction Company that constuct Prefabricated houses","url":"https:\/\/www.kofinas.gr\/","logo":{"@type":"ImageObject","inLanguage":"sv-SE","@id":"https:\/\/www.kofinas.gr\/#\/schema\/logo\/image\/","url":"https:\/\/www.kofinas.gr\/wp-content\/uploads\/2025\/03\/360new-logo-25.gif","contentUrl":"https:\/\/www.kofinas.gr\/wp-content\/uploads\/2025\/03\/360new-logo-25.gif","width":230,"height":70,"caption":"Kofinas SA"},"image":{"@id":"https:\/\/www.kofinas.gr\/#\/schema\/logo\/image\/"},"sameAs":["https:\/\/www.facebook.com\/kofinas.prokataskevasmena","https:\/\/x.com\/kofinas_prokat","https:\/\/www.linkedin.com\/company\/kofinas-sa","https:\/\/www.instagram.com\/kofinasprefab\/","https:\/\/www.youtube.com\/channel\/UCEAifY31SuyQHHz_I3P4IVg"],"description":"KOFINAS SA \u2013 Prefabricerade hus Grundat Arv och innovation KOFINAS SA grundades 1977 och har vuxit till ett av Greklands ledande f\u00f6retag inom prefabricerade bost\u00e4der. Deras filosofi understryker kontinuerlig innovation \u2013 de str\u00e4var inte efter att bygga fler bost\u00e4der, utan att bygga b\u00e4ttre bost\u00e4der Styrka och certifiering F\u00f6retagets unika byggsystem har genomg\u00e5tt rigor\u00f6sa experimentella tester vid Atens nationella tekniska universitet, vilket bevisat dess h\u00e5llbarhet l\u00e5ngt bortom naturliga uth\u00e5llighetsgr\u00e4nser. Innovationer som introduceras av KOFINAS \u00e4r internationellt erk\u00e4nda och certifierade. H\u00e5llbarhet och milj\u00f6v\u00e4nligt byggande KOFINAS anv\u00e4nder svenskt och finskt virke som sitt prim\u00e4ra byggmaterial, vilket uppn\u00e5r ett anm\u00e4rkningsv\u00e4rt l\u00e5gt koldioxidavtryck: att ers\u00e4tta konventionella material med tr\u00e4 minskar koldioxidutsl\u00e4ppen med 1,1 ton per kubikmeter. I samarbete med nordiska s\u00e5gverk planteras tre till fem nya tr\u00e4d f\u00f6r varje tr\u00e4d som avverkas, vilket resulterar i ett negativt koldioxidavtryck. Dessutom har deras hem bioklimatisk design och uppn\u00e5r energif\u00f6rbrukningsminskningar p\u00e5 75%\u201380% j\u00e4mf\u00f6rt med konventionella byggnader \u2013 vilket ofta ger dem energieffektivitetscertifikat A. Avancerade produktionsanl\u00e4ggningar KOFINAS driver en modern fabrik, byggd enligt europeiska standarder, med ISO 14001-certifiering \u2013 vilket s\u00e4kerst\u00e4ller h\u00f6gsta kvalitet och milj\u00f6ledning vid produktion av prefabricerade bost\u00e4der. Brett utbud av specialdesignade konstruktioner Deras katalog inkluderar en-, tv\u00e5- och trev\u00e5ningshus, bottenv\u00e5ningsenheter med loft, passivhus och turistboenden. De erbjuder \u00e4ven &quot;FlexyHome&quot;-serien och Finnlamelli finska timmerhus, vilket ger m\u00e5ngsidighet f\u00f6r att m\u00f6ta olika estetiska och funktionella behov. Erfaret team och rikst\u00e4ckande n\u00e4tverk KOFINAS har ett skickligt, tv\u00e4rvetenskapligt team \u2013 inklusive civil- och arkitektoniska ingenj\u00f6rer \u2013 som \u00f6vervakar design, tillst\u00e5ndsbehandling och projektgenomf\u00f6rande med en framg\u00e5ngsgrad p\u00e5 100%. F\u00f6retaget har byggt upp ett robust f\u00f6rs\u00e4ljnings- och distributionsn\u00e4tverk.","email":"info@kofinas.gr","telephone":"00302106081307","legalName":"KOFINAS SA","foundingDate":"1977-03-07","vatID":"EL081136701","duns":"503265836","numberOfEmployees":{"@type":"QuantitativeValue","minValue":"11","maxValue":"50"},"publishingPrinciples":"https:\/\/www.kofinas.gr\/%cf%80%ce%bf%ce%bb%ce%b9%cf%84%ce%b9%ce%ba%ce%ae-%ce%b5%cf%84%ce%b1%ce%b9%cf%81%ce%af%ce%b1%cf%82-%ce%ba%ce%bf%cf%86%ce%b9%ce%bd%ce%b1%cf%83-%ce%b1%ce%b5\/","ownershipFundingInfo":"https:\/\/www.kofinas.gr\/%ce%b5%cf%84%ce%b1%ce%b9%cf%81%ce%af%ce%b1\/","actionableFeedbackPolicy":"https:\/\/www.kofinas.gr\/prosopika-dedomena\/"}]}},"_links":{"self":[{"href":"https:\/\/www.kofinas.gr\/sv\/wp-json\/wp\/v2\/pages\/29836","targetHints":{"allow":["GET"]}}],"collection":[{"href":"https:\/\/www.kofinas.gr\/sv\/wp-json\/wp\/v2\/pages"}],"about":[{"href":"https:\/\/www.kofinas.gr\/sv\/wp-json\/wp\/v2\/types\/page"}],"author":[{"embeddable":true,"href":"https:\/\/www.kofinas.gr\/sv\/wp-json\/wp\/v2\/users\/3"}],"replies":[{"embeddable":true,"href":"https:\/\/www.kofinas.gr\/sv\/wp-json\/wp\/v2\/comments?post=29836"}],"version-history":[{"count":0,"href":"https:\/\/www.kofinas.gr\/sv\/wp-json\/wp\/v2\/pages\/29836\/revisions"}],"wp:attachment":[{"href":"https:\/\/www.kofinas.gr\/sv\/wp-json\/wp\/v2\/media?parent=29836"}],"curies":[{"name":"wp","href":"https:\/\/api.w.org\/{rel}","templated":true}]}}