{"id":1187,"date":"2016-08-04T13:33:01","date_gmt":"2016-08-04T11:33:01","guid":{"rendered":"https:\/\/www.kofinas.gr\/en\/?page_id=1187"},"modified":"2022-04-20T16:28:31","modified_gmt":"2022-04-20T14:28:31","slug":"kofinas","status":"publish","type":"page","link":"https:\/\/www.kofinas.gr\/sv\/kofinas\/","title":{"rendered":"Kofinas prefabricerade hus"},"content":{"rendered":"<div data-elementor-type=\"wp-page\" data-elementor-id=\"1187\" class=\"elementor elementor-1187\" data-elementor-post-type=\"page\">\n\t\t\t\t\t\t<section class=\"elementor-section elementor-top-section elementor-element elementor-element-7132d9a4 elementor-section-boxed elementor-section-height-default elementor-section-height-default\" data-id=\"7132d9a4\" data-element_type=\"section\">\n\t\t\t\t\t\t<div class=\"elementor-container elementor-column-gap-default\">\n\t\t\t\t\t<div class=\"elementor-column elementor-col-100 elementor-top-column elementor-element elementor-element-68146a2c\" data-id=\"68146a2c\" data-element_type=\"column\">\n\t\t\t<div class=\"elementor-widget-wrap elementor-element-populated\">\n\t\t\t\t\t\t<div class=\"elementor-element elementor-element-66307c9 elementor-skin-carousel elementor-arrows-yes elementor-pagination-type-bullets elementor-pagination-position-outside elementor-widget elementor-widget-media-carousel\" data-id=\"66307c9\" data-element_type=\"widget\" data-settings=\"{&quot;skin&quot;:&quot;carousel&quot;,&quot;effect&quot;:&quot;slide&quot;,&quot;show_arrows&quot;:&quot;yes&quot;,&quot;pagination&quot;:&quot;bullets&quot;,&quot;speed&quot;:500,&quot;autoplay&quot;:&quot;yes&quot;,&quot;autoplay_speed&quot;:5000,&quot;loop&quot;:&quot;yes&quot;,&quot;pause_on_hover&quot;:&quot;yes&quot;,&quot;pause_on_interaction&quot;:&quot;yes&quot;,&quot;space_between&quot;:{&quot;unit&quot;:&quot;px&quot;,&quot;size&quot;:10,&quot;sizes&quot;:[]},&quot;space_between_tablet&quot;:{&quot;unit&quot;:&quot;px&quot;,&quot;size&quot;:10,&quot;sizes&quot;:[]},&quot;space_between_mobile&quot;:{&quot;unit&quot;:&quot;px&quot;,&quot;size&quot;:10,&quot;sizes&quot;:[]}}\" data-widget_type=\"media-carousel.default\">\n\t\t\t\t\t\t\t\t\t\t<div class=\"elementor-main-swiper swiper\" role=\"region\" aria-roledescription=\"carousel\" aria-label=\"Bilder\">\n\t\t\t\t<div class=\"swiper-wrapper\">\n\t\t\t\t\t\t\t\t\t\t\t<div class=\"swiper-slide\" role=\"group\" aria-roledescription=\"slide\">\n\t\t\t\t\t\t\t<a href=\"https:\/\/www.kofinas.gr\/sv\/en\/kofinas-certifieringar-2\/\">\t\t<div class=\"elementor-carousel-image\" role=\"img\" aria-label=\"Prokataskeuasmena spitia KOFINAS SA, Energeiaki apodosi, antiseismika, xamili katanalwsi, villa, oikologiki katoikia\" style=\"background-image: url(&#039;https:\/\/www.kofinas.gr\/wp-content\/uploads\/2022\/04\/\u03a0\u03bf\u03b9\u03c3\u03c4\u03bf\u03c0\u03bf\u03b9\u03ae\u03c3\u03b5\u03b9\u03c2-\u03ba\u03b1\u03b9-\u03b4\u03b9\u03b1\u03ba\u03c1\u03af\u03c3\u03b5\u03b9\u03c2-\u03b5\u03c4\u03b1\u03b9\u03c1\u03af\u03b1\u03c2-en.png&#039;)\">\n\n\t\t\t\n\t\t\t\t\t<\/div>\n\t\t<\/a>\t\t\t\t\t\t<\/div>\n\t\t\t\t\t\t\t\t\t<\/div>\n\t\t\t\t\t\t\t<\/div>\n\t\t\t\t\t\t\t\t<\/div>\n\t\t\t\t<div class=\"elementor-element elementor-element-5666df70 elementor-widget elementor-widget-text-editor\" data-id=\"5666df70\" data-element_type=\"widget\" data-widget_type=\"text-editor.default\">\n\t\t\t\t\t\t\t\t\t\n<div class=\"wp-block-columns is-layout-flex wp-container-core-columns-is-layout-9d6595d7 wp-block-columns-is-layout-flex\">\n<div class=\"wp-block-column is-layout-flow wp-block-column-is-layout-flow\" style=\"flex-basis:40%\">\n<div class=\"wp-block-image\"><figure class=\"aligncenter size-medium\"><img fetchpriority=\"high\" decoding=\"async\" width=\"400\" height=\"293\" src=\"http:\/\/www.kofinas.gr\/wp-content\/uploads\/Home-EN-400x293.png\" alt=\"\" class=\"wp-image-14030\" srcset=\"https:\/\/www.kofinas.gr\/wp-content\/uploads\/Home-EN-400x293.png 400w, https:\/\/www.kofinas.gr\/wp-content\/uploads\/Home-EN-150x110.png 150w, https:\/\/www.kofinas.gr\/wp-content\/uploads\/Home-EN-546x400.png 546w, https:\/\/www.kofinas.gr\/wp-content\/uploads\/Home-EN.png 750w\" sizes=\"(max-width: 400px) 100vw, 400px\" \/><\/figure><\/div>\n\n\n\n<p class=\"has-text-align-center\">       KOFINAS SA Prefabricerade hus<\/p>\n<\/div>\n\n\n\n<div class=\"wp-block-column is-layout-flow wp-block-column-is-layout-flow\" style=\"flex-basis:60%\">\n<p class=\"has-text-align-center\"><strong><em>KOFINAS SA Prefabricerade hus<\/em><\/strong><\/p>\n\n\n\n<p>V\u00e4lkommen hem! En \u00f6nskan det<a aria-label=\"odefinierad (\u00f6ppnas i en ny flik)\" href=\"https:\/\/www.kofinas.gr\/sv\/en\/factory-of-kofinas\/\" target=\"_blank\" rel=\"noreferrer noopener\"> vi<\/a> kan f\u00e5 det att h\u00e4nda genom att arbeta p\u00e5 det sedan 1977. <\/p>\n\n\n\n<p>I \u00f6ver 40 decennier har det b\u00e4sta f\u00f6retaget inom prefabricerade hus, leder dig till ditt eget val i r\u00e4tt tid och kostnadsv\u00e4nligt. V\u00e5r huvudfilosofi handlar om konstruktioner d\u00e4r m\u00e4nniskor utvecklar en varm och balanserad samexistens i enlighet med den naturliga milj\u00f6n. Ett prefabricerat hus som \u00e4r designat enligt moderna arkitektoniska trender, bekv\u00e4ma och funktionella utrymmen, med anv\u00e4ndning av ekomaterial, \u00e4r ett obestridligt v\u00e4rt val p\u00e5 bara n\u00e5gra kvadratmeter.<\/p>\n\n\n\n<p> KOFINAS SA erbjuder en idealisk bostad som tilltalar ditt eget dr\u00f6mhem och tj\u00e4nar ditt personliga eller familjev\u00e4nliga behov av en sommar- eller huvudbostad. V\u00e5rt breda utbud av prefabricerade m\u00f6nster skapar o\u00e4ndliga m\u00f6jligheter f\u00f6r utrymmesarrangemang. KOFINAS SA inneh\u00e5ller \u00e4ven serier av timmerhus med mycket h\u00e5llbarhet och l\u00e5g energif\u00f6rbrukning.<\/p>\n\n\n\n<p class=\"has-text-align-center\"><a href=\"http:\/\/www.flexhouse.gr\">KOFINAS SA Prefabricerade hus<\/a><\/p>\n\n\n\n<p class=\"has-text-align-center\"><strong><em><strong>V\u00e5rt m\u00e5l \u00e4r inte att g\u00f6ra fler, utan att g\u00f6ra b\u00e4ttre hus!<\/strong><\/em><\/strong><\/p>\n<\/div>\n<\/div>\n\n\n\n<p class=\"has-text-align-center\">KOFINAS SA-f\u00f6retaget har st\u00e4ndigt f\u00f6rnyat sig genom att introducera nya och certifierade element inom huskonstruktion, allt erk\u00e4nt av National Technical University of Athens, d\u00e4r KOFINAS unika byggsystem har testats f\u00f6r h\u00e5llbarhet bortom alla naturliga uth\u00e5llighetsgr\u00e4nser. Som ett resultat har vi uppn\u00e5tt ett antal hundratals n\u00f6jda kunder genom \u00e5ren. <\/p>\n\n\n\n<p class=\"has-text-align-center\">Som en del av den globala utvecklingen har f\u00f6retaget ocks\u00e5 fokuserat p\u00e5 energisektorerna inom byggbranschen.<\/p>\n\n\n\n<h2 class=\"has-text-align-center wp-block-heading\">Noll infektionsfotavtryck<\/h2>\n\n\n\n<p>Det ekologiska fotavtrycket \u00e4r ett m\u00e5tt p\u00e5 effekterna av m\u00e4nskliga aktiviteter p\u00e5 jorden, eftersom det best\u00e4mmer m\u00e5ttet p\u00e5 b\u00e5de m\u00e4nskliga behov och konsumtion som samh\u00e4llet \u00e4r beroende av, samt avfall och gaser som produceras av v\u00e4xthuseffekten. Av denna anledning tj\u00e4nar designen och konstruktionen av KOFINAS SAs moderna fabrikslokaler syftet att bidra till en milj\u00f6v\u00e4nlig industrienhet, som syftar till noll milj\u00f6f\u00f6roreningar tillsammans med noll avfall vid produktion av murverk.<\/p>\n\n\n\n<p>Genom hela maskineriet \u00e5tervinns senare den framg\u00e5ngsrika nyttan av massivt tr\u00e4avfall fr\u00e5n murverksproduktion till pellets, som sedan delas med KOFINAS personal.<\/p>\n\t\t\t\t\t\t\t\t<\/div>\n\t\t\t\t\t<\/div>\n\t\t<\/div>\n\t\t\t\t\t<\/div>\n\t\t<\/section>\n\t\t\t\t<\/div>","protected":false},"excerpt":{"rendered":"<p>KOFINAS SA Prefabricerade hus KOFINAS SA Prefabricerade hus V\u00e4lkommen hem! En \u00f6nskan att vi kan f\u00e5 det att h\u00e4nda genom att arbeta med det sedan 1977. I \u00f6ver 40 decennier har toppf\u00f6retaget inom omr\u00e5det prefabricerade hus leder dig till ditt eget val i r\u00e4tt tid och kostnadsv\u00e4nligt. V\u00e5r huvudfilosofi handlar om konstruktioner i [...]<\/p>","protected":false},"author":3,"featured_media":16675,"parent":0,"menu_order":0,"comment_status":"closed","ping_status":"closed","template":"page-landing.php","meta":{"_acf_changed":false,"footnotes":""},"class_list":["post-1187","page","type-page","status-publish","has-post-thumbnail","hentry"],"acf":[],"yoast_head":"<!-- This site is optimized with the Yoast SEO Premium plugin v26.6 (Yoast SEO v26.6) - https:\/\/yoast.com\/wordpress\/plugins\/seo\/ -->\n<title>Kofinas Prefabricated Houses | \u039a\u03bf\u03c6\u03b9\u03bd\u03ac\u03c2 \u03a0\u03c1\u03bf\u03ba\u03b1\u03c4\u03b1\u03c3\u03ba\u03b5\u03c5\u03b1\u03c3\u03bc\u03ad\u03bd\u03b1 \u03c3\u03c0\u03af\u03c4\u03b9\u03b1 - \u03a0\u03c1\u03bf\u03ba\u03ac\u03c4<\/title>\n<meta name=\"description\" content=\"Welcome! A wish that KOFINAS - Prefabricated Houses company keeps offering you the chance to hear since 1977. KOFINAS | Prefabricated Houses.\" \/>\n<meta name=\"robots\" content=\"index, follow, max-snippet:-1, max-image-preview:large, max-video-preview:-1\" \/>\n<link rel=\"canonical\" href=\"https:\/\/www.kofinas.gr\/sv\/kofinas\/\" \/>\n<meta property=\"og:locale\" content=\"sv_SE\" \/>\n<meta property=\"og:type\" content=\"article\" \/>\n<meta property=\"og:title\" content=\"Kofinas Prefabricated Houses\" \/>\n<meta property=\"og:description\" content=\"Welcome! A wish that KOFINAS - Prefabricated Houses company keeps offering you the chance to hear since 1977. KOFINAS | Prefabricated Houses.\" \/>\n<meta property=\"og:url\" content=\"https:\/\/www.kofinas.gr\/sv\/kofinas\/\" \/>\n<meta property=\"og:site_name\" content=\"\u039a\u03bf\u03c6\u03b9\u03bd\u03ac\u03c2 \u03a0\u03c1\u03bf\u03ba\u03b1\u03c4\u03b1\u03c3\u03ba\u03b5\u03c5\u03b1\u03c3\u03bc\u03ad\u03bd\u03b1 \u03c3\u03c0\u03af\u03c4\u03b9\u03b1 - \u03a0\u03c1\u03bf\u03ba\u03ac\u03c4\" \/>\n<meta property=\"article:publisher\" content=\"https:\/\/www.facebook.com\/kofinas.prokataskevasmena\" \/>\n<meta property=\"article:modified_time\" content=\"2022-04-20T14:28:31+00:00\" \/>\n<meta property=\"og:image\" content=\"https:\/\/www.kofinas.gr\/wp-content\/uploads\/2017\/04\/I-108-1.jpg?v=1586425287\" \/>\n\t<meta property=\"og:image:width\" content=\"1600\" \/>\n\t<meta property=\"og:image:height\" content=\"900\" \/>\n\t<meta property=\"og:image:type\" content=\"image\/jpeg\" \/>\n<meta name=\"twitter:card\" content=\"summary_large_image\" \/>\n<meta name=\"twitter:site\" content=\"@kofinas_prokat\" \/>\n<meta name=\"twitter:label1\" content=\"Ber\u00e4knad l\u00e4stid\" \/>\n\t<meta name=\"twitter:data1\" content=\"2 minuter\" \/>\n<script type=\"application\/ld+json\" class=\"yoast-schema-graph\">{\"@context\":\"https:\/\/schema.org\",\"@graph\":[{\"@type\":\"WebPage\",\"@id\":\"https:\/\/www.kofinas.gr\/eng\/kofinas\/\",\"url\":\"https:\/\/www.kofinas.gr\/eng\/kofinas\/\",\"name\":\"Kofinas Prefabricated Houses | \u039a\u03bf\u03c6\u03b9\u03bd\u03ac\u03c2 \u03a0\u03c1\u03bf\u03ba\u03b1\u03c4\u03b1\u03c3\u03ba\u03b5\u03c5\u03b1\u03c3\u03bc\u03ad\u03bd\u03b1 \u03c3\u03c0\u03af\u03c4\u03b9\u03b1 - \u03a0\u03c1\u03bf\u03ba\u03ac\u03c4\",\"isPartOf\":{\"@id\":\"https:\/\/www.kofinas.gr\/#website\"},\"primaryImageOfPage\":{\"@id\":\"https:\/\/www.kofinas.gr\/eng\/kofinas\/#primaryimage\"},\"image\":{\"@id\":\"https:\/\/www.kofinas.gr\/eng\/kofinas\/#primaryimage\"},\"thumbnailUrl\":\"https:\/\/www.kofinas.gr\/wp-content\/uploads\/2017\/04\/I-108-1.jpg?v=1586425287\",\"datePublished\":\"2016-08-04T11:33:01+00:00\",\"dateModified\":\"2022-04-20T14:28:31+00:00\",\"description\":\"Welcome! A wish that KOFINAS - Prefabricated Houses company keeps offering you the chance to hear since 1977. KOFINAS | Prefabricated Houses.\",\"breadcrumb\":{\"@id\":\"https:\/\/www.kofinas.gr\/eng\/kofinas\/#breadcrumb\"},\"inLanguage\":\"sv-SE\",\"potentialAction\":[{\"@type\":\"ReadAction\",\"target\":[\"https:\/\/www.kofinas.gr\/eng\/kofinas\/\"]}]},{\"@type\":\"ImageObject\",\"inLanguage\":\"sv-SE\",\"@id\":\"https:\/\/www.kofinas.gr\/eng\/kofinas\/#primaryimage\",\"url\":\"https:\/\/www.kofinas.gr\/wp-content\/uploads\/2017\/04\/I-108-1.jpg?v=1586425287\",\"contentUrl\":\"https:\/\/www.kofinas.gr\/wp-content\/uploads\/2017\/04\/I-108-1.jpg?v=1586425287\",\"width\":1600,\"height\":900,\"caption\":\"Kofinas-prokataskeuasmena-villa-prasini domisi-spiti oneirwn-khpos-pisina design new home kofinas Prefabricated houses Kofinas\"},{\"@type\":\"BreadcrumbList\",\"@id\":\"https:\/\/www.kofinas.gr\/eng\/kofinas\/#breadcrumb\",\"itemListElement\":[{\"@type\":\"ListItem\",\"position\":1,\"name\":\"Home\",\"item\":\"https:\/\/www.kofinas.gr\/\"},{\"@type\":\"ListItem\",\"position\":2,\"name\":\"Kofinas Prefabricated Houses\"}]},{\"@type\":\"WebSite\",\"@id\":\"https:\/\/www.kofinas.gr\/#website\",\"url\":\"https:\/\/www.kofinas.gr\/\",\"name\":\"\u039a\u03bf\u03c6\u03b9\u03bd\u03ac\u03c2 \u03a0\u03c1\u03bf\u03ba\u03b1\u03c4\u03b1\u03c3\u03ba\u03b5\u03c5\u03b1\u03c3\u03bc\u03ad\u03bd\u03b1 \u03c3\u03c0\u03af\u03c4\u03b9\u03b1 - \u03a0\u03c1\u03bf\u03ba\u03ac\u03c4\",\"description\":\"\u039a\u03b1\u03c4\u03b1\u03c3\u03ba\u03b5\u03c5\u03ac\u03b6\u03bf\u03c5\u03bc\u03b5 \u03c4\u03bf \u03c3\u03c0\u03af\u03c4\u03b9 \u03c3\u03b1\u03c2 \u03c3\u03c4\u03b7\u03bd \u03b5\u03bb\u03bb\u03ac\u03b4\u03b1 \u03ba\u03b1\u03b9 \u03bf\u03c0\u03bf\u03c5\u03b4\u03ae\u03c0\u03bf\u03c4\u03b5 \u03c3\u03c4\u03b7\u03bd \u0395\u03c5\u03c1\u03ce\u03c0\u03b7!\",\"publisher\":{\"@id\":\"https:\/\/www.kofinas.gr\/#organization\"},\"alternateName\":\"\u039a\u039f\u03a6\u0399\u039d\u0391\u03a3 \u03a0\u03c1\u03bf\u03ba\u03b1\u03c4\u03b1\u03c3\u03ba\u03b5\u03c5\u03b1\u03c3\u03bc\u03ad\u03bd\u03b1 \u03a3\u03c0\u03af\u03c4\u03b9\u03b1 \u03ba\u03b1\u03b9 \u03a4\u03bf\u03c5\u03c1\u03b9\u03c3\u03c4\u03b9\u03ba\u03ac \u039a\u03b1\u03c4\u03b1\u03bb\u03cd\u03bc\u03b1\u03c4\u03b1\",\"potentialAction\":[{\"@type\":\"SearchAction\",\"target\":{\"@type\":\"EntryPoint\",\"urlTemplate\":\"https:\/\/www.kofinas.gr\/?s={search_term_string}\"},\"query-input\":{\"@type\":\"PropertyValueSpecification\",\"valueRequired\":true,\"valueName\":\"search_term_string\"}}],\"inLanguage\":\"sv-SE\"},{\"@type\":\"Organization\",\"@id\":\"https:\/\/www.kofinas.gr\/#organization\",\"name\":\"Kofinas SA\",\"alternateName\":\"Construction Company that constuct Prefabricated houses\",\"url\":\"https:\/\/www.kofinas.gr\/\",\"logo\":{\"@type\":\"ImageObject\",\"inLanguage\":\"sv-SE\",\"@id\":\"https:\/\/www.kofinas.gr\/#\/schema\/logo\/image\/\",\"url\":\"https:\/\/www.kofinas.gr\/wp-content\/uploads\/2025\/03\/360new-logo-25.gif\",\"contentUrl\":\"https:\/\/www.kofinas.gr\/wp-content\/uploads\/2025\/03\/360new-logo-25.gif\",\"width\":230,\"height\":70,\"caption\":\"Kofinas SA\"},\"image\":{\"@id\":\"https:\/\/www.kofinas.gr\/#\/schema\/logo\/image\/\"},\"sameAs\":[\"https:\/\/www.facebook.com\/kofinas.prokataskevasmena\",\"https:\/\/x.com\/kofinas_prokat\",\"https:\/\/www.linkedin.com\/company\/kofinas-sa\",\"https:\/\/www.instagram.com\/kofinasprefab\/\",\"https:\/\/www.youtube.com\/channel\/UCEAifY31SuyQHHz_I3P4IVg\"],\"description\":\"KOFINAS SA \u2013 Prefabricated Homes Founded Legacy & Innovation Established in 1977, KOFINAS SA has grown into one of Greece\u2019s leading firms in the prefabricated housing sector. Their philosophy underscores continuous innovation\u2014they don't aim to build more homes, but to build better homes Strength & Certification The company's unique construction system has undergone rigorous experimental testing at the National Technical University of Athens, proving its durability well beyond natural endurance limits. Innovations introduced by KOFINAS are internationally recognized and certified. Sustainability & Eco Friendly Building KOFINAS uses Swedish and Finnish timber as its primary construction material, achieving a notably low carbon footprint: replacing conventional materials with wood reduces carbon dioxide emissions by 1.1 tons per cubic meter. In collaboration with Nordic sawmills, for every tree harvested, three to five new trees are planted, resulting in a negative carbon footprint. Additionally, their homes feature bioclimatic design and achieve energy consumption reductions of 75%\u201380% compared to conventional buildings\u2014often earning them energy efficiency A certificates. Advanced Production Facilities KOFINAS operates a modern factory, built to European standards, with ISO 14001 certification\u2014ensuring top-tier quality and environmental management in prefabricated housing production. Wide Range of Custom Designs Their catalog includes single , two , and three story homes, ground floor units with lofts, passive houses, and tourist accommodations. They also offer the \u201cFlexyHome\u201d series and Finnlamelli Finnish log houses, providing versatility to meet diverse aesthetic and functional needs. Experienced Team & Nationwide Network KOFINAS boasts a skilled, multidisciplinary team\u2014including civil and architectural engineers\u2014who oversee design, permit processing, and project implementation with a 100% success rate. The company has built a robust sales and distribution network\",\"email\":\"info@kofinas.gr\",\"telephone\":\"00302106081307\",\"legalName\":\"KOFINAS SA\",\"foundingDate\":\"1977-03-07\",\"vatID\":\"EL081136701\",\"duns\":\"503265836\",\"numberOfEmployees\":{\"@type\":\"QuantitativeValue\",\"minValue\":\"11\",\"maxValue\":\"50\"},\"publishingPrinciples\":\"https:\/\/www.kofinas.gr\/%cf%80%ce%bf%ce%bb%ce%b9%cf%84%ce%b9%ce%ba%ce%ae-%ce%b5%cf%84%ce%b1%ce%b9%cf%81%ce%af%ce%b1%cf%82-%ce%ba%ce%bf%cf%86%ce%b9%ce%bd%ce%b1%cf%83-%ce%b1%ce%b5\/\",\"ownershipFundingInfo\":\"https:\/\/www.kofinas.gr\/%ce%b5%cf%84%ce%b1%ce%b9%cf%81%ce%af%ce%b1\/\",\"actionableFeedbackPolicy\":\"https:\/\/www.kofinas.gr\/prosopika-dedomena\/\"}]}<\/script>\n<!-- \/ Yoast SEO Premium plugin. -->","yoast_head_json":{"title":"Kofinas prefabricerade hus | Kofinas prefabricerade hus - Prefabricerade","description":"V\u00e4lkommen! En \u00f6nskan som KOFINAS - f\u00f6retaget Prefabricerade Hus har erbjudit dig chansen att h\u00f6ra sedan 1977. KOFINAS | Prefabricerade Hus.","robots":{"index":"index","follow":"follow","max-snippet":"max-snippet:-1","max-image-preview":"max-image-preview:large","max-video-preview":"max-video-preview:-1"},"canonical":"https:\/\/www.kofinas.gr\/sv\/kofinas\/","og_locale":"sv_SE","og_type":"article","og_title":"Kofinas Prefabricated Houses","og_description":"Welcome! A wish that KOFINAS - Prefabricated Houses company keeps offering you the chance to hear since 1977. KOFINAS | Prefabricated Houses.","og_url":"https:\/\/www.kofinas.gr\/sv\/kofinas\/","og_site_name":"\u039a\u03bf\u03c6\u03b9\u03bd\u03ac\u03c2 \u03a0\u03c1\u03bf\u03ba\u03b1\u03c4\u03b1\u03c3\u03ba\u03b5\u03c5\u03b1\u03c3\u03bc\u03ad\u03bd\u03b1 \u03c3\u03c0\u03af\u03c4\u03b9\u03b1 - \u03a0\u03c1\u03bf\u03ba\u03ac\u03c4","article_publisher":"https:\/\/www.facebook.com\/kofinas.prokataskevasmena","article_modified_time":"2022-04-20T14:28:31+00:00","og_image":[{"width":1600,"height":900,"url":"https:\/\/www.kofinas.gr\/wp-content\/uploads\/2017\/04\/I-108-1.jpg?v=1586425287","type":"image\/jpeg"}],"twitter_card":"summary_large_image","twitter_site":"@kofinas_prokat","twitter_misc":{"Ber\u00e4knad l\u00e4stid":"2 minuter"},"schema":{"@context":"https:\/\/schema.org","@graph":[{"@type":"WebPage","@id":"https:\/\/www.kofinas.gr\/eng\/kofinas\/","url":"https:\/\/www.kofinas.gr\/eng\/kofinas\/","name":"Kofinas prefabricerade hus | Kofinas prefabricerade hus - Prefabricerade","isPartOf":{"@id":"https:\/\/www.kofinas.gr\/#website"},"primaryImageOfPage":{"@id":"https:\/\/www.kofinas.gr\/eng\/kofinas\/#primaryimage"},"image":{"@id":"https:\/\/www.kofinas.gr\/eng\/kofinas\/#primaryimage"},"thumbnailUrl":"https:\/\/www.kofinas.gr\/wp-content\/uploads\/2017\/04\/I-108-1.jpg?v=1586425287","datePublished":"2016-08-04T11:33:01+00:00","dateModified":"2022-04-20T14:28:31+00:00","description":"V\u00e4lkommen! En \u00f6nskan som KOFINAS - f\u00f6retaget Prefabricerade Hus har erbjudit dig chansen att h\u00f6ra sedan 1977. KOFINAS | Prefabricerade Hus.","breadcrumb":{"@id":"https:\/\/www.kofinas.gr\/eng\/kofinas\/#breadcrumb"},"inLanguage":"sv-SE","potentialAction":[{"@type":"ReadAction","target":["https:\/\/www.kofinas.gr\/eng\/kofinas\/"]}]},{"@type":"ImageObject","inLanguage":"sv-SE","@id":"https:\/\/www.kofinas.gr\/eng\/kofinas\/#primaryimage","url":"https:\/\/www.kofinas.gr\/wp-content\/uploads\/2017\/04\/I-108-1.jpg?v=1586425287","contentUrl":"https:\/\/www.kofinas.gr\/wp-content\/uploads\/2017\/04\/I-108-1.jpg?v=1586425287","width":1600,"height":900,"caption":"Kofinas-prokataskeuasmena-villa-prasini domisi-spiti oneirwn-khpos-pisina design new home kofinas Prefabricated houses Kofinas"},{"@type":"BreadcrumbList","@id":"https:\/\/www.kofinas.gr\/eng\/kofinas\/#breadcrumb","itemListElement":[{"@type":"ListItem","position":1,"name":"Home","item":"https:\/\/www.kofinas.gr\/"},{"@type":"ListItem","position":2,"name":"Kofinas Prefabricated Houses"}]},{"@type":"WebSite","@id":"https:\/\/www.kofinas.gr\/#website","url":"https:\/\/www.kofinas.gr\/","name":"Kofinas Prefabricerade hus - Prefab","description":"Vi bygger ditt hus i Grekland och var som helst i Europa!","publisher":{"@id":"https:\/\/www.kofinas.gr\/#organization"},"alternateName":"\u039a\u039f\u03a6\u0399\u039d\u0391\u03a3 \u03a0\u03c1\u03bf\u03ba\u03b1\u03c4\u03b1\u03c3\u03ba\u03b5\u03c5\u03b1\u03c3\u03bc\u03ad\u03bd\u03b1 \u03a3\u03c0\u03af\u03c4\u03b9\u03b1 \u03ba\u03b1\u03b9 \u03a4\u03bf\u03c5\u03c1\u03b9\u03c3\u03c4\u03b9\u03ba\u03ac \u039a\u03b1\u03c4\u03b1\u03bb\u03cd\u03bc\u03b1\u03c4\u03b1","potentialAction":[{"@type":"SearchAction","target":{"@type":"EntryPoint","urlTemplate":"https:\/\/www.kofinas.gr\/?s={search_term_string}"},"query-input":{"@type":"PropertyValueSpecification","valueRequired":true,"valueName":"search_term_string"}}],"inLanguage":"sv-SE"},{"@type":"Organization","@id":"https:\/\/www.kofinas.gr\/#organization","name":"Kofinas SA","alternateName":"Construction Company that constuct Prefabricated houses","url":"https:\/\/www.kofinas.gr\/","logo":{"@type":"ImageObject","inLanguage":"sv-SE","@id":"https:\/\/www.kofinas.gr\/#\/schema\/logo\/image\/","url":"https:\/\/www.kofinas.gr\/wp-content\/uploads\/2025\/03\/360new-logo-25.gif","contentUrl":"https:\/\/www.kofinas.gr\/wp-content\/uploads\/2025\/03\/360new-logo-25.gif","width":230,"height":70,"caption":"Kofinas SA"},"image":{"@id":"https:\/\/www.kofinas.gr\/#\/schema\/logo\/image\/"},"sameAs":["https:\/\/www.facebook.com\/kofinas.prokataskevasmena","https:\/\/x.com\/kofinas_prokat","https:\/\/www.linkedin.com\/company\/kofinas-sa","https:\/\/www.instagram.com\/kofinasprefab\/","https:\/\/www.youtube.com\/channel\/UCEAifY31SuyQHHz_I3P4IVg"],"description":"KOFINAS SA \u2013 Prefabricerade hus Grundat Arv och innovation KOFINAS SA grundades 1977 och har vuxit till ett av Greklands ledande f\u00f6retag inom prefabricerade bost\u00e4der. Deras filosofi understryker kontinuerlig innovation \u2013 de str\u00e4var inte efter att bygga fler bost\u00e4der, utan att bygga b\u00e4ttre bost\u00e4der Styrka och certifiering F\u00f6retagets unika byggsystem har genomg\u00e5tt rigor\u00f6sa experimentella tester vid Atens nationella tekniska universitet, vilket bevisat dess h\u00e5llbarhet l\u00e5ngt bortom naturliga uth\u00e5llighetsgr\u00e4nser. Innovationer som introduceras av KOFINAS \u00e4r internationellt erk\u00e4nda och certifierade. H\u00e5llbarhet och milj\u00f6v\u00e4nligt byggande KOFINAS anv\u00e4nder svenskt och finskt virke som sitt prim\u00e4ra byggmaterial, vilket uppn\u00e5r ett anm\u00e4rkningsv\u00e4rt l\u00e5gt koldioxidavtryck: att ers\u00e4tta konventionella material med tr\u00e4 minskar koldioxidutsl\u00e4ppen med 1,1 ton per kubikmeter. I samarbete med nordiska s\u00e5gverk planteras tre till fem nya tr\u00e4d f\u00f6r varje tr\u00e4d som avverkas, vilket resulterar i ett negativt koldioxidavtryck. Dessutom har deras hem bioklimatisk design och uppn\u00e5r energif\u00f6rbrukningsminskningar p\u00e5 75%\u201380% j\u00e4mf\u00f6rt med konventionella byggnader \u2013 vilket ofta ger dem energieffektivitetscertifikat A. Avancerade produktionsanl\u00e4ggningar KOFINAS driver en modern fabrik, byggd enligt europeiska standarder, med ISO 14001-certifiering \u2013 vilket s\u00e4kerst\u00e4ller h\u00f6gsta kvalitet och milj\u00f6ledning vid produktion av prefabricerade bost\u00e4der. Brett utbud av specialdesignade konstruktioner Deras katalog inkluderar en-, tv\u00e5- och trev\u00e5ningshus, bottenv\u00e5ningsenheter med loft, passivhus och turistboenden. De erbjuder \u00e4ven &quot;FlexyHome&quot;-serien och Finnlamelli finska timmerhus, vilket ger m\u00e5ngsidighet f\u00f6r att m\u00f6ta olika estetiska och funktionella behov. Erfaret team och rikst\u00e4ckande n\u00e4tverk KOFINAS har ett skickligt, tv\u00e4rvetenskapligt team \u2013 inklusive civil- och arkitektoniska ingenj\u00f6rer \u2013 som \u00f6vervakar design, tillst\u00e5ndsbehandling och projektgenomf\u00f6rande med en framg\u00e5ngsgrad p\u00e5 100%. F\u00f6retaget har byggt upp ett robust f\u00f6rs\u00e4ljnings- och distributionsn\u00e4tverk.","email":"info@kofinas.gr","telephone":"00302106081307","legalName":"KOFINAS SA","foundingDate":"1977-03-07","vatID":"EL081136701","duns":"503265836","numberOfEmployees":{"@type":"QuantitativeValue","minValue":"11","maxValue":"50"},"publishingPrinciples":"https:\/\/www.kofinas.gr\/%cf%80%ce%bf%ce%bb%ce%b9%cf%84%ce%b9%ce%ba%ce%ae-%ce%b5%cf%84%ce%b1%ce%b9%cf%81%ce%af%ce%b1%cf%82-%ce%ba%ce%bf%cf%86%ce%b9%ce%bd%ce%b1%cf%83-%ce%b1%ce%b5\/","ownershipFundingInfo":"https:\/\/www.kofinas.gr\/%ce%b5%cf%84%ce%b1%ce%b9%cf%81%ce%af%ce%b1\/","actionableFeedbackPolicy":"https:\/\/www.kofinas.gr\/prosopika-dedomena\/"}]}},"_links":{"self":[{"href":"https:\/\/www.kofinas.gr\/sv\/wp-json\/wp\/v2\/pages\/1187","targetHints":{"allow":["GET"]}}],"collection":[{"href":"https:\/\/www.kofinas.gr\/sv\/wp-json\/wp\/v2\/pages"}],"about":[{"href":"https:\/\/www.kofinas.gr\/sv\/wp-json\/wp\/v2\/types\/page"}],"author":[{"embeddable":true,"href":"https:\/\/www.kofinas.gr\/sv\/wp-json\/wp\/v2\/users\/3"}],"replies":[{"embeddable":true,"href":"https:\/\/www.kofinas.gr\/sv\/wp-json\/wp\/v2\/comments?post=1187"}],"version-history":[{"count":0,"href":"https:\/\/www.kofinas.gr\/sv\/wp-json\/wp\/v2\/pages\/1187\/revisions"}],"wp:featuredmedia":[{"embeddable":true,"href":"https:\/\/www.kofinas.gr\/sv\/wp-json\/wp\/v2\/media\/16675"}],"wp:attachment":[{"href":"https:\/\/www.kofinas.gr\/sv\/wp-json\/wp\/v2\/media?parent=1187"}],"curies":[{"name":"wp","href":"https:\/\/api.w.org\/{rel}","templated":true}]}}