{"id":8588,"date":"2016-11-11T16:19:44","date_gmt":"2016-11-11T14:19:44","guid":{"rendered":"http:\/\/neo.kofinas.gr\/en\/?page_id=8588"},"modified":"2020-04-22T08:20:54","modified_gmt":"2020-04-22T06:20:54","slug":"ricerca-ntua-2012","status":"publish","type":"page","link":"https:\/\/www.kofinas.gr\/it\/ricerca-sperimentale\/ricerca-ntua-2012\/","title":{"rendered":"Esperimento NTUA 2012"},"content":{"rendered":"<h3>Ricerca dell&#039;applicazione del metodo di costruzione delle case prefabbricate KOFINAS per edifici con pi\u00f9 di tre piani<\/h3>\n<h4>Lo studio \u00e8 stato finanziato dal GSRT e realizzato dal <strong>NTU nel 2012<\/strong>.<\/h4>\n<p class=\"kf-justify\"><strong>Un edificio di quattro piani<\/strong> costruito utilizzando il sistema costruttivo aziendale \u201cKofinas \u2013 Case Prefabbricate\u201d \u00e8 stato studiato da un team scientifico composto da:<\/p>\n<ul>\n<li><strong>Dott. H. Mouzakis, Project Manager NTUA<\/strong><\/li>\n<li><strong>Dott. L. Karapitta, Ricercatore NTUA<\/strong><\/li>\n<li><strong>Dott. VK Ntertimanis, Ricercatore NTUA<\/strong><\/li>\n<\/ul>\n<p class=\"kf-justify\">al fine di estendere l&#039;azione degli edifici prefabbricati in legno della societ\u00e0 KOFINAS, alle costruzioni a pi\u00f9 piani e fornire ulteriori conoscenze all&#039;azienda per migliorare la sua competitivit\u00e0 nel settore edile.<\/p>\n<h4 class=\"kf-underline\">Il rapporto tecnico degli scienziati NTUA, tra gli altri, menziona quanto segue:<\/h4>\n<p><img decoding=\"async\" class=\"uk-width-1-4 alignleft\" src=\"\/wp-content\/uploads\/kofinas\/ntua-experiments\/emp-technical-report-2012.jpg\" alt=\"Rapporto tecnico degli scienziati della NTUA\"><\/p>\n<dl class=\"uk-description-list uk-description-list-line uk-width-3-4 kf-justify\">\n<dt>\n<h5 class=\"kf-underline\">Vantaggi per i partecipanti<\/h5>\n<\/dt>\n<dd>I partecipanti svilupperanno nuove conoscenze scientifiche. Nello specifico, l&#039;azienda KOFINAS dovrebbe utilizzare i risultati dello studio, per una produzione moderna e altamente competitiva.<\/dd>\n<dt>\n<h5 class=\"kf-underline\">Benefici per la societ\u00e0<\/h5>\n<\/dt>\n<dd>Il prodotto finale dovrebbe essere un passo positivo verso il raggiungimento del <strong>filosofia di progettazione verde<\/strong>. Il costo della costruzione risultante sar\u00e0 altamente competitivo, abbordabile e attraente per la societ\u00e0, con evidenti vantaggi economici e ambientali. Inoltre, la costruzione proposta aiuter\u00e0 a ridurre le percezioni errate sulle case prefabbricate in legno e, poich\u00e9 il mercato attuale \u00e8 limitato, pu\u00f2 portare a un&#039;espansione, offrendo nuovi posti di lavoro e aumentando la concorrenza, a vantaggio del consumatore.<\/dd>\n<\/dl>\n<p class=\"kf-justify\">Questa proposta mira a diventare <strong>la prima ricerca olistica in Grecia<\/strong>, che studier\u00e0 i prefabbricati in legno, tenendo conto delle condizioni ambientali locali e delle azioni sismiche.<\/p>\n<p class=\"kf-justify\">I risultati ottenuti forniranno all&#039;azienda KOFINAS tutte le conoscenze necessarie e gli strumenti corrispondenti per andare oltre...<\/p>\n<div class=\"uk-grid\">\n      <img decoding=\"async\" class=\"uk-width-1-2 uk-container-center uk-text-center uk-margin-top\" src=\"\/wp-content\/uploads\/kofinas\/ntua-experiments\/gget.jpg\" alt=\"Ricerca finanziata dal GSRT\"><\/div>\n<div class=\"uk-grid\">\n      <img decoding=\"async\" class=\"uk-width-1-2 uk-container-center uk-text-center uk-margin-top\" src=\"\/wp-content\/uploads\/kofinas\/ntua-experiments\/espa.png\" alt=\"ESPA 2007 - 2013\"><\/div>","protected":false},"excerpt":{"rendered":"<p>Ricerca dell&#039;applicazione del metodo costruttivo delle case prefabbricate KOFINAS per edifici con pi\u00f9 di tre piani Lo studio \u00e8 stato finanziato dal GSRT e realizzato dalla NTUA nel 2012. \u00c8 stato studiato un edificio di quattro piani realizzato utilizzando il sistema costruttivo aziendale \u201cKofinas \u2013 Prefabricated Houses\u201d da un team scientifico composto da: Dott. H. Mouzakis, [\u2026]<\/p>","protected":false},"author":3,"featured_media":19897,"parent":8605,"menu_order":0,"comment_status":"closed","ping_status":"closed","template":"","meta":{"_acf_changed":false,"footnotes":""},"class_list":["post-8588","page","type-page","status-publish","has-post-thumbnail","hentry"],"acf":[],"yoast_head":"<!-- This site is optimized with the Yoast SEO Premium plugin v26.6 (Yoast SEO v26.6) - https:\/\/yoast.com\/wordpress\/plugins\/seo\/ -->\n<title>2012 NTUA Experiment | \u039a\u03bf\u03c6\u03b9\u03bd\u03ac\u03c2 \u03a0\u03c1\u03bf\u03ba\u03b1\u03c4\u03b1\u03c3\u03ba\u03b5\u03c5\u03b1\u03c3\u03bc\u03ad\u03bd\u03b1 \u03c3\u03c0\u03af\u03c4\u03b9\u03b1 - \u03a0\u03c1\u03bf\u03ba\u03ac\u03c4<\/title>\n<meta name=\"robots\" content=\"index, follow, max-snippet:-1, max-image-preview:large, max-video-preview:-1\" \/>\n<link rel=\"canonical\" href=\"https:\/\/www.kofinas.gr\/it\/ricerca-sperimentale\/ricerca-ntua-2012\/\" \/>\n<meta property=\"og:locale\" content=\"it_IT\" \/>\n<meta property=\"og:type\" content=\"article\" \/>\n<meta property=\"og:title\" content=\"2012 NTUA Experiment\" \/>\n<meta property=\"og:description\" content=\"Research of application of KOFINAS prefabricated houses construction method for buildings with more than three floors The study was funded from the G.S.R.T. and realized from the N.T.U.A. in 2012. A four-story building constructed utilizing the &#8220;Kofinas &#8211; Prefabricated Houses&#8221; company construction system was studied from a scientific team which consisted of: Dr. H. Mouzakis, [&hellip;]\" \/>\n<meta property=\"og:url\" content=\"https:\/\/www.kofinas.gr\/it\/ricerca-sperimentale\/ricerca-ntua-2012\/\" \/>\n<meta property=\"og:site_name\" content=\"\u039a\u03bf\u03c6\u03b9\u03bd\u03ac\u03c2 \u03a0\u03c1\u03bf\u03ba\u03b1\u03c4\u03b1\u03c3\u03ba\u03b5\u03c5\u03b1\u03c3\u03bc\u03ad\u03bd\u03b1 \u03c3\u03c0\u03af\u03c4\u03b9\u03b1 - \u03a0\u03c1\u03bf\u03ba\u03ac\u03c4\" \/>\n<meta property=\"article:publisher\" content=\"https:\/\/www.facebook.com\/kofinas.prokataskevasmena\" \/>\n<meta property=\"article:modified_time\" content=\"2020-04-22T06:20:54+00:00\" \/>\n<meta property=\"og:image\" content=\"https:\/\/www.kofinas.gr\/wp-content\/uploads\/2020\/04\/KOFINAS-emp-technical-report-2012-2.jpg\" \/>\n\t<meta property=\"og:image:width\" content=\"374\" \/>\n\t<meta property=\"og:image:height\" content=\"320\" \/>\n\t<meta property=\"og:image:type\" content=\"image\/jpeg\" \/>\n<meta name=\"twitter:card\" content=\"summary_large_image\" \/>\n<meta name=\"twitter:site\" content=\"@kofinas_prokat\" \/>\n<meta name=\"twitter:label1\" content=\"Tempo di lettura stimato\" \/>\n\t<meta name=\"twitter:data1\" content=\"1 minuto\" \/>\n<script type=\"application\/ld+json\" class=\"yoast-schema-graph\">{\"@context\":\"https:\/\/schema.org\",\"@graph\":[{\"@type\":\"WebPage\",\"@id\":\"https:\/\/www.kofinas.gr\/he\/%d7%9e%d7%97%d7%a7%d7%a8-%d7%a0%d7%99%d7%a1%d7%99%d7%95%d7%a0%d7%99\/%d7%9e%d7%97%d7%a7%d7%a8-ntua-2012\/\",\"url\":\"https:\/\/www.kofinas.gr\/he\/%d7%9e%d7%97%d7%a7%d7%a8-%d7%a0%d7%99%d7%a1%d7%99%d7%95%d7%a0%d7%99\/%d7%9e%d7%97%d7%a7%d7%a8-ntua-2012\/\",\"name\":\"2012 NTUA Experiment | \u039a\u03bf\u03c6\u03b9\u03bd\u03ac\u03c2 \u03a0\u03c1\u03bf\u03ba\u03b1\u03c4\u03b1\u03c3\u03ba\u03b5\u03c5\u03b1\u03c3\u03bc\u03ad\u03bd\u03b1 \u03c3\u03c0\u03af\u03c4\u03b9\u03b1 - \u03a0\u03c1\u03bf\u03ba\u03ac\u03c4\",\"isPartOf\":{\"@id\":\"https:\/\/www.kofinas.gr\/#website\"},\"primaryImageOfPage\":{\"@id\":\"https:\/\/www.kofinas.gr\/he\/%d7%9e%d7%97%d7%a7%d7%a8-%d7%a0%d7%99%d7%a1%d7%99%d7%95%d7%a0%d7%99\/%d7%9e%d7%97%d7%a7%d7%a8-ntua-2012\/#primaryimage\"},\"image\":{\"@id\":\"https:\/\/www.kofinas.gr\/he\/%d7%9e%d7%97%d7%a7%d7%a8-%d7%a0%d7%99%d7%a1%d7%99%d7%95%d7%a0%d7%99\/%d7%9e%d7%97%d7%a7%d7%a8-ntua-2012\/#primaryimage\"},\"thumbnailUrl\":\"https:\/\/www.kofinas.gr\/wp-content\/uploads\/2020\/04\/KOFINAS-emp-technical-report-2012-2.jpg\",\"datePublished\":\"2016-11-11T14:19:44+00:00\",\"dateModified\":\"2020-04-22T06:20:54+00:00\",\"breadcrumb\":{\"@id\":\"https:\/\/www.kofinas.gr\/he\/%d7%9e%d7%97%d7%a7%d7%a8-%d7%a0%d7%99%d7%a1%d7%99%d7%95%d7%a0%d7%99\/%d7%9e%d7%97%d7%a7%d7%a8-ntua-2012\/#breadcrumb\"},\"inLanguage\":\"it-IT\",\"potentialAction\":[{\"@type\":\"ReadAction\",\"target\":[\"https:\/\/www.kofinas.gr\/he\/%d7%9e%d7%97%d7%a7%d7%a8-%d7%a0%d7%99%d7%a1%d7%99%d7%95%d7%a0%d7%99\/%d7%9e%d7%97%d7%a7%d7%a8-ntua-2012\/\"]}]},{\"@type\":\"ImageObject\",\"inLanguage\":\"it-IT\",\"@id\":\"https:\/\/www.kofinas.gr\/he\/%d7%9e%d7%97%d7%a7%d7%a8-%d7%a0%d7%99%d7%a1%d7%99%d7%95%d7%a0%d7%99\/%d7%9e%d7%97%d7%a7%d7%a8-ntua-2012\/#primaryimage\",\"url\":\"https:\/\/www.kofinas.gr\/wp-content\/uploads\/2020\/04\/KOFINAS-emp-technical-report-2012-2.jpg\",\"contentUrl\":\"https:\/\/www.kofinas.gr\/wp-content\/uploads\/2020\/04\/KOFINAS-emp-technical-report-2012-2.jpg\",\"width\":374,\"height\":320,\"caption\":\"prefabricated houses-bone green building durability -experiment\"},{\"@type\":\"BreadcrumbList\",\"@id\":\"https:\/\/www.kofinas.gr\/he\/%d7%9e%d7%97%d7%a7%d7%a8-%d7%a0%d7%99%d7%a1%d7%99%d7%95%d7%a0%d7%99\/%d7%9e%d7%97%d7%a7%d7%a8-ntua-2012\/#breadcrumb\",\"itemListElement\":[{\"@type\":\"ListItem\",\"position\":1,\"name\":\"Home\",\"item\":\"https:\/\/www.kofinas.gr\/\"},{\"@type\":\"ListItem\",\"position\":2,\"name\":\"Experiments and research\",\"item\":\"https:\/\/www.kofinas.gr\/eng\/experimental-research\/\"},{\"@type\":\"ListItem\",\"position\":3,\"name\":\"2012 NTUA Experiment\"}]},{\"@type\":\"WebSite\",\"@id\":\"https:\/\/www.kofinas.gr\/#website\",\"url\":\"https:\/\/www.kofinas.gr\/\",\"name\":\"\u039a\u03bf\u03c6\u03b9\u03bd\u03ac\u03c2 \u03a0\u03c1\u03bf\u03ba\u03b1\u03c4\u03b1\u03c3\u03ba\u03b5\u03c5\u03b1\u03c3\u03bc\u03ad\u03bd\u03b1 \u03c3\u03c0\u03af\u03c4\u03b9\u03b1 - \u03a0\u03c1\u03bf\u03ba\u03ac\u03c4\",\"description\":\"\u039a\u03b1\u03c4\u03b1\u03c3\u03ba\u03b5\u03c5\u03ac\u03b6\u03bf\u03c5\u03bc\u03b5 \u03c4\u03bf \u03c3\u03c0\u03af\u03c4\u03b9 \u03c3\u03b1\u03c2 \u03c3\u03c4\u03b7\u03bd \u03b5\u03bb\u03bb\u03ac\u03b4\u03b1 \u03ba\u03b1\u03b9 \u03bf\u03c0\u03bf\u03c5\u03b4\u03ae\u03c0\u03bf\u03c4\u03b5 \u03c3\u03c4\u03b7\u03bd \u0395\u03c5\u03c1\u03ce\u03c0\u03b7!\",\"publisher\":{\"@id\":\"https:\/\/www.kofinas.gr\/#organization\"},\"alternateName\":\"\u039a\u039f\u03a6\u0399\u039d\u0391\u03a3 \u03a0\u03c1\u03bf\u03ba\u03b1\u03c4\u03b1\u03c3\u03ba\u03b5\u03c5\u03b1\u03c3\u03bc\u03ad\u03bd\u03b1 \u03a3\u03c0\u03af\u03c4\u03b9\u03b1 \u03ba\u03b1\u03b9 \u03a4\u03bf\u03c5\u03c1\u03b9\u03c3\u03c4\u03b9\u03ba\u03ac \u039a\u03b1\u03c4\u03b1\u03bb\u03cd\u03bc\u03b1\u03c4\u03b1\",\"potentialAction\":[{\"@type\":\"SearchAction\",\"target\":{\"@type\":\"EntryPoint\",\"urlTemplate\":\"https:\/\/www.kofinas.gr\/?s={search_term_string}\"},\"query-input\":{\"@type\":\"PropertyValueSpecification\",\"valueRequired\":true,\"valueName\":\"search_term_string\"}}],\"inLanguage\":\"it-IT\"},{\"@type\":\"Organization\",\"@id\":\"https:\/\/www.kofinas.gr\/#organization\",\"name\":\"Kofinas SA\",\"alternateName\":\"Construction Company that constuct Prefabricated houses\",\"url\":\"https:\/\/www.kofinas.gr\/\",\"logo\":{\"@type\":\"ImageObject\",\"inLanguage\":\"it-IT\",\"@id\":\"https:\/\/www.kofinas.gr\/#\/schema\/logo\/image\/\",\"url\":\"https:\/\/www.kofinas.gr\/wp-content\/uploads\/2025\/03\/360new-logo-25.gif\",\"contentUrl\":\"https:\/\/www.kofinas.gr\/wp-content\/uploads\/2025\/03\/360new-logo-25.gif\",\"width\":230,\"height\":70,\"caption\":\"Kofinas SA\"},\"image\":{\"@id\":\"https:\/\/www.kofinas.gr\/#\/schema\/logo\/image\/\"},\"sameAs\":[\"https:\/\/www.facebook.com\/kofinas.prokataskevasmena\",\"https:\/\/x.com\/kofinas_prokat\",\"https:\/\/www.linkedin.com\/company\/kofinas-sa\",\"https:\/\/www.instagram.com\/kofinasprefab\/\",\"https:\/\/www.youtube.com\/channel\/UCEAifY31SuyQHHz_I3P4IVg\"],\"description\":\"KOFINAS SA \u2013 Prefabricated Homes Founded Legacy & Innovation Established in 1977, KOFINAS SA has grown into one of Greece\u2019s leading firms in the prefabricated housing sector. Their philosophy underscores continuous innovation\u2014they don't aim to build more homes, but to build better homes Strength & Certification The company's unique construction system has undergone rigorous experimental testing at the National Technical University of Athens, proving its durability well beyond natural endurance limits. Innovations introduced by KOFINAS are internationally recognized and certified. Sustainability & Eco Friendly Building KOFINAS uses Swedish and Finnish timber as its primary construction material, achieving a notably low carbon footprint: replacing conventional materials with wood reduces carbon dioxide emissions by 1.1 tons per cubic meter. In collaboration with Nordic sawmills, for every tree harvested, three to five new trees are planted, resulting in a negative carbon footprint. Additionally, their homes feature bioclimatic design and achieve energy consumption reductions of 75%\u201380% compared to conventional buildings\u2014often earning them energy efficiency A certificates. Advanced Production Facilities KOFINAS operates a modern factory, built to European standards, with ISO 14001 certification\u2014ensuring top-tier quality and environmental management in prefabricated housing production. Wide Range of Custom Designs Their catalog includes single , two , and three story homes, ground floor units with lofts, passive houses, and tourist accommodations. They also offer the \u201cFlexyHome\u201d series and Finnlamelli Finnish log houses, providing versatility to meet diverse aesthetic and functional needs. Experienced Team & Nationwide Network KOFINAS boasts a skilled, multidisciplinary team\u2014including civil and architectural engineers\u2014who oversee design, permit processing, and project implementation with a 100% success rate. The company has built a robust sales and distribution network\",\"email\":\"info@kofinas.gr\",\"telephone\":\"00302106081307\",\"legalName\":\"KOFINAS SA\",\"foundingDate\":\"1977-03-07\",\"vatID\":\"EL081136701\",\"duns\":\"503265836\",\"numberOfEmployees\":{\"@type\":\"QuantitativeValue\",\"minValue\":\"11\",\"maxValue\":\"50\"},\"publishingPrinciples\":\"https:\/\/www.kofinas.gr\/%cf%80%ce%bf%ce%bb%ce%b9%cf%84%ce%b9%ce%ba%ce%ae-%ce%b5%cf%84%ce%b1%ce%b9%cf%81%ce%af%ce%b1%cf%82-%ce%ba%ce%bf%cf%86%ce%b9%ce%bd%ce%b1%cf%83-%ce%b1%ce%b5\/\",\"ownershipFundingInfo\":\"https:\/\/www.kofinas.gr\/%ce%b5%cf%84%ce%b1%ce%b9%cf%81%ce%af%ce%b1\/\",\"actionableFeedbackPolicy\":\"https:\/\/www.kofinas.gr\/prosopika-dedomena\/\"}]}<\/script>\n<!-- \/ Yoast SEO Premium plugin. -->","yoast_head_json":{"title":"Esperimento NTUA 2012 | Case prefabbricate Kofinas - Prefabbricate","robots":{"index":"index","follow":"follow","max-snippet":"max-snippet:-1","max-image-preview":"max-image-preview:large","max-video-preview":"max-video-preview:-1"},"canonical":"https:\/\/www.kofinas.gr\/it\/ricerca-sperimentale\/ricerca-ntua-2012\/","og_locale":"it_IT","og_type":"article","og_title":"2012 NTUA Experiment","og_description":"Research of application of KOFINAS prefabricated houses construction method for buildings with more than three floors The study was funded from the G.S.R.T. and realized from the N.T.U.A. in 2012. A four-story building constructed utilizing the &#8220;Kofinas &#8211; Prefabricated Houses&#8221; company construction system was studied from a scientific team which consisted of: Dr. H. Mouzakis, [&hellip;]","og_url":"https:\/\/www.kofinas.gr\/it\/ricerca-sperimentale\/ricerca-ntua-2012\/","og_site_name":"\u039a\u03bf\u03c6\u03b9\u03bd\u03ac\u03c2 \u03a0\u03c1\u03bf\u03ba\u03b1\u03c4\u03b1\u03c3\u03ba\u03b5\u03c5\u03b1\u03c3\u03bc\u03ad\u03bd\u03b1 \u03c3\u03c0\u03af\u03c4\u03b9\u03b1 - \u03a0\u03c1\u03bf\u03ba\u03ac\u03c4","article_publisher":"https:\/\/www.facebook.com\/kofinas.prokataskevasmena","article_modified_time":"2020-04-22T06:20:54+00:00","og_image":[{"width":374,"height":320,"url":"https:\/\/www.kofinas.gr\/wp-content\/uploads\/2020\/04\/KOFINAS-emp-technical-report-2012-2.jpg","type":"image\/jpeg"}],"twitter_card":"summary_large_image","twitter_site":"@kofinas_prokat","twitter_misc":{"Tempo di lettura stimato":"1 minuto"},"schema":{"@context":"https:\/\/schema.org","@graph":[{"@type":"WebPage","@id":"https:\/\/www.kofinas.gr\/he\/%d7%9e%d7%97%d7%a7%d7%a8-%d7%a0%d7%99%d7%a1%d7%99%d7%95%d7%a0%d7%99\/%d7%9e%d7%97%d7%a7%d7%a8-ntua-2012\/","url":"https:\/\/www.kofinas.gr\/he\/%d7%9e%d7%97%d7%a7%d7%a8-%d7%a0%d7%99%d7%a1%d7%99%d7%95%d7%a0%d7%99\/%d7%9e%d7%97%d7%a7%d7%a8-ntua-2012\/","name":"Esperimento NTUA 2012 | Case prefabbricate Kofinas - Prefabbricate","isPartOf":{"@id":"https:\/\/www.kofinas.gr\/#website"},"primaryImageOfPage":{"@id":"https:\/\/www.kofinas.gr\/he\/%d7%9e%d7%97%d7%a7%d7%a8-%d7%a0%d7%99%d7%a1%d7%99%d7%95%d7%a0%d7%99\/%d7%9e%d7%97%d7%a7%d7%a8-ntua-2012\/#primaryimage"},"image":{"@id":"https:\/\/www.kofinas.gr\/he\/%d7%9e%d7%97%d7%a7%d7%a8-%d7%a0%d7%99%d7%a1%d7%99%d7%95%d7%a0%d7%99\/%d7%9e%d7%97%d7%a7%d7%a8-ntua-2012\/#primaryimage"},"thumbnailUrl":"https:\/\/www.kofinas.gr\/wp-content\/uploads\/2020\/04\/KOFINAS-emp-technical-report-2012-2.jpg","datePublished":"2016-11-11T14:19:44+00:00","dateModified":"2020-04-22T06:20:54+00:00","breadcrumb":{"@id":"https:\/\/www.kofinas.gr\/he\/%d7%9e%d7%97%d7%a7%d7%a8-%d7%a0%d7%99%d7%a1%d7%99%d7%95%d7%a0%d7%99\/%d7%9e%d7%97%d7%a7%d7%a8-ntua-2012\/#breadcrumb"},"inLanguage":"it-IT","potentialAction":[{"@type":"ReadAction","target":["https:\/\/www.kofinas.gr\/he\/%d7%9e%d7%97%d7%a7%d7%a8-%d7%a0%d7%99%d7%a1%d7%99%d7%95%d7%a0%d7%99\/%d7%9e%d7%97%d7%a7%d7%a8-ntua-2012\/"]}]},{"@type":"ImageObject","inLanguage":"it-IT","@id":"https:\/\/www.kofinas.gr\/he\/%d7%9e%d7%97%d7%a7%d7%a8-%d7%a0%d7%99%d7%a1%d7%99%d7%95%d7%a0%d7%99\/%d7%9e%d7%97%d7%a7%d7%a8-ntua-2012\/#primaryimage","url":"https:\/\/www.kofinas.gr\/wp-content\/uploads\/2020\/04\/KOFINAS-emp-technical-report-2012-2.jpg","contentUrl":"https:\/\/www.kofinas.gr\/wp-content\/uploads\/2020\/04\/KOFINAS-emp-technical-report-2012-2.jpg","width":374,"height":320,"caption":"prefabricated houses-bone green building durability -experiment"},{"@type":"BreadcrumbList","@id":"https:\/\/www.kofinas.gr\/he\/%d7%9e%d7%97%d7%a7%d7%a8-%d7%a0%d7%99%d7%a1%d7%99%d7%95%d7%a0%d7%99\/%d7%9e%d7%97%d7%a7%d7%a8-ntua-2012\/#breadcrumb","itemListElement":[{"@type":"ListItem","position":1,"name":"Home","item":"https:\/\/www.kofinas.gr\/"},{"@type":"ListItem","position":2,"name":"Experiments and research","item":"https:\/\/www.kofinas.gr\/eng\/experimental-research\/"},{"@type":"ListItem","position":3,"name":"2012 NTUA Experiment"}]},{"@type":"WebSite","@id":"https:\/\/www.kofinas.gr\/#website","url":"https:\/\/www.kofinas.gr\/","name":"Kofinas Case prefabbricate - Prefabbricati","description":"Costruiamo la tua casa in Grecia e ovunque in Europa!","publisher":{"@id":"https:\/\/www.kofinas.gr\/#organization"},"alternateName":"\u039a\u039f\u03a6\u0399\u039d\u0391\u03a3 \u03a0\u03c1\u03bf\u03ba\u03b1\u03c4\u03b1\u03c3\u03ba\u03b5\u03c5\u03b1\u03c3\u03bc\u03ad\u03bd\u03b1 \u03a3\u03c0\u03af\u03c4\u03b9\u03b1 \u03ba\u03b1\u03b9 \u03a4\u03bf\u03c5\u03c1\u03b9\u03c3\u03c4\u03b9\u03ba\u03ac \u039a\u03b1\u03c4\u03b1\u03bb\u03cd\u03bc\u03b1\u03c4\u03b1","potentialAction":[{"@type":"SearchAction","target":{"@type":"EntryPoint","urlTemplate":"https:\/\/www.kofinas.gr\/?s={search_term_string}"},"query-input":{"@type":"PropertyValueSpecification","valueRequired":true,"valueName":"search_term_string"}}],"inLanguage":"it-IT"},{"@type":"Organization","@id":"https:\/\/www.kofinas.gr\/#organization","name":"Kofinas SA","alternateName":"Construction Company that constuct Prefabricated houses","url":"https:\/\/www.kofinas.gr\/","logo":{"@type":"ImageObject","inLanguage":"it-IT","@id":"https:\/\/www.kofinas.gr\/#\/schema\/logo\/image\/","url":"https:\/\/www.kofinas.gr\/wp-content\/uploads\/2025\/03\/360new-logo-25.gif","contentUrl":"https:\/\/www.kofinas.gr\/wp-content\/uploads\/2025\/03\/360new-logo-25.gif","width":230,"height":70,"caption":"Kofinas SA"},"image":{"@id":"https:\/\/www.kofinas.gr\/#\/schema\/logo\/image\/"},"sameAs":["https:\/\/www.facebook.com\/kofinas.prokataskevasmena","https:\/\/x.com\/kofinas_prokat","https:\/\/www.linkedin.com\/company\/kofinas-sa","https:\/\/www.instagram.com\/kofinasprefab\/","https:\/\/www.youtube.com\/channel\/UCEAifY31SuyQHHz_I3P4IVg"],"description":"KOFINAS SA \u2013 Case Prefabbricate Fondata nel 1977, KOFINAS SA \u00e8 cresciuta fino a diventare una delle aziende leader in Grecia nel settore delle case prefabbricate. La loro filosofia sottolinea l&#039;innovazione continua: non mirano a costruire pi\u00f9 case, ma a costruire case migliori. Solidit\u00e0 e Certificazione L&#039;esclusivo sistema di costruzione dell&#039;azienda \u00e8 stato sottoposto a rigorosi test sperimentali presso l&#039;Universit\u00e0 Tecnica Nazionale di Atene, dimostrando la sua durabilit\u00e0 ben oltre i limiti di resistenza naturale. Le innovazioni introdotte da KOFINAS sono riconosciute e certificate a livello internazionale. Sostenibilit\u00e0 ed edilizia ecocompatibile KOFINAS utilizza legname svedese e finlandese come materiale da costruzione principale, ottenendo un&#039;impronta di carbonio notevolmente bassa: la sostituzione dei materiali convenzionali con il legno riduce le emissioni di anidride carbonica di 1,1 tonnellate per metro cubo. In collaborazione con le segherie nordiche, per ogni albero abbattuto, vengono piantati da tre a cinque nuovi alberi, con un conseguente impatto di carbonio negativo. Inoltre, le loro case sono caratterizzate da un design bioclimatico e raggiungono riduzioni del consumo energetico di 75%\u201380% rispetto agli edifici convenzionali, ottenendo spesso certificati di efficienza energetica di classe A. Impianti di produzione all&#039;avanguardia: KOFINAS gestisce uno stabilimento moderno, costruito secondo gli standard europei e certificato ISO 14001, che garantisce la massima qualit\u00e0 e gestione ambientale nella produzione di case prefabbricate. Ampia gamma di progetti personalizzati: il loro catalogo include case a uno, due e tre piani, unit\u00e0 al piano terra con soppalco, case passive e alloggi turistici. Offrono anche la serie &quot;FlexyHome&quot; e le case in tronchi finlandesi Finnlamelli, offrendo versatilit\u00e0 per soddisfare diverse esigenze estetiche e funzionali. Team esperto e rete nazionale: KOFINAS vanta un team multidisciplinare qualificato, che include ingegneri civili e architettonici, che supervisiona la progettazione, l&#039;elaborazione dei permessi e l&#039;implementazione dei progetti con un tasso di successo di 100%. L&#039;azienda ha costruito una solida rete di vendita e distribuzione.","email":"info@kofinas.gr","telephone":"00302106081307","legalName":"KOFINAS SA","foundingDate":"1977-03-07","vatID":"EL081136701","duns":"503265836","numberOfEmployees":{"@type":"QuantitativeValue","minValue":"11","maxValue":"50"},"publishingPrinciples":"https:\/\/www.kofinas.gr\/%cf%80%ce%bf%ce%bb%ce%b9%cf%84%ce%b9%ce%ba%ce%ae-%ce%b5%cf%84%ce%b1%ce%b9%cf%81%ce%af%ce%b1%cf%82-%ce%ba%ce%bf%cf%86%ce%b9%ce%bd%ce%b1%cf%83-%ce%b1%ce%b5\/","ownershipFundingInfo":"https:\/\/www.kofinas.gr\/%ce%b5%cf%84%ce%b1%ce%b9%cf%81%ce%af%ce%b1\/","actionableFeedbackPolicy":"https:\/\/www.kofinas.gr\/prosopika-dedomena\/"}]}},"_links":{"self":[{"href":"https:\/\/www.kofinas.gr\/it\/wp-json\/wp\/v2\/pages\/8588","targetHints":{"allow":["GET"]}}],"collection":[{"href":"https:\/\/www.kofinas.gr\/it\/wp-json\/wp\/v2\/pages"}],"about":[{"href":"https:\/\/www.kofinas.gr\/it\/wp-json\/wp\/v2\/types\/page"}],"author":[{"embeddable":true,"href":"https:\/\/www.kofinas.gr\/it\/wp-json\/wp\/v2\/users\/3"}],"replies":[{"embeddable":true,"href":"https:\/\/www.kofinas.gr\/it\/wp-json\/wp\/v2\/comments?post=8588"}],"version-history":[{"count":0,"href":"https:\/\/www.kofinas.gr\/it\/wp-json\/wp\/v2\/pages\/8588\/revisions"}],"up":[{"embeddable":true,"href":"https:\/\/www.kofinas.gr\/it\/wp-json\/wp\/v2\/pages\/8605"}],"wp:featuredmedia":[{"embeddable":true,"href":"https:\/\/www.kofinas.gr\/it\/wp-json\/wp\/v2\/media\/19897"}],"wp:attachment":[{"href":"https:\/\/www.kofinas.gr\/it\/wp-json\/wp\/v2\/media?parent=8588"}],"curies":[{"name":"parola chiave","href":"https:\/\/api.w.org\/{rel}","templated":true}]}}