{"id":29836,"date":"2021-01-05T10:30:48","date_gmt":"2021-01-05T08:30:48","guid":{"rendered":"https:\/\/www.kofinas.gr\/%cf%80%ce%bf%ce%bb%ce%b9%cf%84%ce%b9%ce%ba%ce%ae-%ce%b5%cf%84%ce%b1%ce%b9%cf%81%ce%af%ce%b1%cf%82-%ce%ba%ce%bf%cf%86%ce%b9%ce%bd%ce%b1%cf%83-%ce%b1%ce%b5\/"},"modified":"2021-01-05T11:01:15","modified_gmt":"2021-01-05T09:01:15","slug":"politica-aziendale-kofinas-sa","status":"publish","type":"page","link":"https:\/\/www.kofinas.gr\/it\/politica-aziendale-kofinas-sa\/","title":{"rendered":"Politica aziendale-KOFINAS SA"},"content":{"rendered":"<figure class=\"wp-block-image size-large\"><img decoding=\"async\" width=\"230\" height=\"57\" src=\"https:\/\/www.kofinas.gr\/wp-content\/uploads\/2021\/01\/360new-logoraster-smallen2.gif\" alt=\"\" class=\"wp-image-29839\"\/><\/figure>\n\n\n\n<h3 class=\"wp-block-heading\"><strong>Politica della Qualit\u00e0 \u2013 Ambiente \u2013 EHS<\/strong><\/h3>\n\n\n\n<p>L&#039;impresa KOFINAS PREFABRICATED HOUSES SA Oggetto della sua attivit\u00e0 commerciale \u00e8 la progettazione, costruzione, commercializzazione e installazione di edifici prefabbricati.<\/p>\n\n\n\n<p>Gli impegni fondamentali dell&#039;azienda sono:<\/p>\n\n\n\n<ol class=\"wp-block-list\" type=\"1\"><li>la fornitura di servizi di qualit\u00e0 stabile e di alto livello <\/li><li>e la piena soddisfazione delle esigenze dei propri clienti, e la tutela dell&#039;ambiente e della EHS<\/li><\/ol>\n\n\n\n<p>Inoltre, l&#039;azienda si impegna a:<\/p>\n\n\n\n<ol class=\"wp-block-list\" type=\"1\" start=\"3\"><li>la conformit\u00e0 dei propri servizi e pratiche con la Legislazione applicabile e il relativo quadro normativo,<\/li><li>la prevenzione del danno ambientale,<\/li><li>adottare misure adeguate per prevenire, ridurre ed eliminare i rischi e le minacce alla salute e sicurezza sul lavoro dell&#039;azienda,<\/li><li>fornire un ambiente di lavoro adeguato e condizioni di lavoro sicure per prevenire e prevenire infortuni e malattie professionali,<\/li><li>riducendo i rifiuti che produce e promuovendo pratiche di riciclaggio, riducendo il consumo di energia e risorse naturali,<\/li><li>incoraggiare la consultazione e il coinvolgimento dei dipendenti in materia di salute e sicurezza sul lavoro.<\/li><\/ol>\n\n\n\n<p>La Direzione assicura il raggiungimento degli impegni di cui sopra attraverso:<\/p>\n\n\n\n<ol class=\"wp-block-list\" type=\"A\"><li>l&#039;implementazione del Sistema di Gestione Unico (SMS) nel pieno rispetto dei requisiti delle norme ISO 9001:2015 e ISO 14001:2015 e ISO 45001:2018 e il miglioramento della sua efficienza attraverso audit periodici, revisioni e analisi del rischio rilevante ,<\/li><li>la continua formazione, informazione e formazione dei propri dirigenti al fine di promuovere gli obiettivi della Societ\u00e0 in ciascuna delle loro attivit\u00e0,<\/li><li>mettendo a disposizione risorse adeguate per l&#039;attuazione dell&#039;SMS e la gestione ambientale,<\/li><li>Obiettivi, la cui attuazione \u00e8 rivista e valutata al fine di eliminare o ridurre l&#039;impatto negativo sulla qualit\u00e0 dei propri servizi, sull&#039;ambiente e sull&#039;EHS.<\/li><\/ol>\n\n\n\n<p>Lo sforzo costante per il miglioramento continuo dei Servizi e degli SMS, \u00e8 la principale preoccupazione della Societ\u00e0 e la filosofia di ciascuno dei suoi dipendenti.<\/p>\n\n\n\n<div class=\"wp-block-image\"><figure class=\"aligncenter size-full\"><img fetchpriority=\"high\" decoding=\"async\" width=\"1654\" height=\"398\" src=\"https:\/\/www.kofinas.gr\/wp-content\/uploads\/2021\/01\/\u0430\u0441\u0437\u0434\u0444.jpg\" alt=\"\" class=\"wp-image-29824\" srcset=\"\" sizes=\"(max-width: 1654px) 100vw, 1654px\" data-srcset=\"\" \/><\/figure><\/div>\n\n\n\n<div class=\"wp-block-columns is-layout-flex wp-container-core-columns-is-layout-9d6595d7 wp-block-columns-is-layout-flex\">\n<div class=\"wp-block-column is-layout-flow wp-block-column-is-layout-flow\">\n<div class=\"wp-block-image\"><figure class=\"aligncenter size-large\"><a href=\"https:\/\/www.kofinas.gr\/wp-content\/uploads\/2021\/01\/Policy_05012021101600-1.jpg\" data-lbwps-width=\"1018\" data-lbwps-height=\"1440\" data-lbwps-srcsmall=\"https:\/\/www.kofinas.gr\/wp-content\/uploads\/2021\/01\/Policy_05012021101600-1.jpg\"><img decoding=\"async\" width=\"283\" height=\"400\" src=\"https:\/\/www.kofinas.gr\/wp-content\/uploads\/2021\/01\/Policy_05012021101600-1-283x400.jpg\" alt=\"\" class=\"wp-image-29829\" srcset=\"https:\/\/www.kofinas.gr\/wp-content\/uploads\/2021\/01\/Policy_05012021101600-1-283x400.jpg 283w, https:\/\/www.kofinas.gr\/wp-content\/uploads\/2021\/01\/Policy_05012021101600-1-247x350.jpg 247w, https:\/\/www.kofinas.gr\/wp-content\/uploads\/2021\/01\/Policy_05012021101600-1-768x1087.jpg 768w, https:\/\/www.kofinas.gr\/wp-content\/uploads\/2021\/01\/Policy_05012021101600-1.jpg 1018w\" sizes=\"(max-width: 283px) 100vw, 283px\" \/><\/a><\/figure><\/div>\n<\/div>\n\n\n\n<div class=\"wp-block-column is-layout-flow wp-block-column-is-layout-flow\">\n<div class=\"wp-block-image\"><figure class=\"aligncenter size-large\"><img loading=\"lazy\" decoding=\"async\" width=\"230\" height=\"57\" src=\"https:\/\/www.kofinas.gr\/wp-content\/uploads\/2021\/01\/360new-logoraster-smallen-1.gif\" alt=\"\" class=\"wp-image-29831\"\/><\/figure><\/div>\n<\/div>\n<\/div>","protected":false},"excerpt":{"rendered":"<p>Politica della Qualit\u00e0 \u2013 Ambiente \u2013 EHS L&#039;azienda KOFINAS PREFABRICATED HOUSES SA Oggetto della sua attivit\u00e0 commerciale \u00e8 la progettazione, costruzione, commercializzazione e installazione di edifici prefabbricati. Gli impegni di base dell&#039;azienda sono: la fornitura di servizi di qualit\u00e0 stabile e di alto livello e la piena soddisfazione delle esigenze dei propri clienti, [\u2026]<\/p>","protected":false},"author":3,"featured_media":0,"parent":0,"menu_order":0,"comment_status":"closed","ping_status":"closed","template":"template-pages\/page-nobackground.php","meta":{"_acf_changed":false,"footnotes":""},"class_list":["post-29836","page","type-page","status-publish","hentry"],"acf":[],"yoast_head":"<!-- This site is optimized with the Yoast SEO Premium plugin v26.6 (Yoast SEO v26.6) - https:\/\/yoast.com\/wordpress\/plugins\/seo\/ -->\n<title>Company&#039;s policy-KOFINAS SA | \u039a\u03bf\u03c6\u03b9\u03bd\u03ac\u03c2 \u03a0\u03c1\u03bf\u03ba\u03b1\u03c4\u03b1\u03c3\u03ba\u03b5\u03c5\u03b1\u03c3\u03bc\u03ad\u03bd\u03b1 \u03c3\u03c0\u03af\u03c4\u03b9\u03b1 - \u03a0\u03c1\u03bf\u03ba\u03ac\u03c4 | Prefabricated houses<\/title>\n<meta name=\"description\" content=\"\u039a\u03bf\u03c6\u03b9\u03bd\u03ac\u03c2 \u03a0\u03c1\u03bf\u03ba\u03b1\u03c4\u03b1\u03c3\u03ba\u03b5\u03c5\u03b1\u03c3\u03bc\u03ad\u03bd\u03b1 \u03c3\u03c0\u03af\u03c4\u03b9\u03b1 - \u03a0\u03c1\u03bf\u03ba\u03ac\u03c4 Company&#039;s policy-KOFINAS SA | \u039a\u03bf\u03c6\u03b9\u03bd\u03ac\u03c2 \u03a0\u03c1\u03bf\u03ba\u03b1\u03c4\u03b1\u03c3\u03ba\u03b5\u03c5\u03b1\u03c3\u03bc\u03ad\u03bd\u03b1 \u03c3\u03c0\u03af\u03c4\u03b9\u03b1 - \u03a0\u03c1\u03bf\u03ba\u03ac\u03c4 | Company&#039;s policy-KOFINAS SA | \u039a\u03bf\u03c6\u03b9\u03bd\u03ac\u03c2 \u03a0\u03c1\u03bf\u03ba\u03b1\u03c4\u03b1\u03c3\u03ba\u03b5\u03c5\u03b1\u03c3\u03bc\u03ad\u03bd\u03b1 \u03c3\u03c0\u03af\u03c4\u03b9\u03b1 - \u03a0\u03c1\u03bf\u03ba\u03ac\u03c4 | Company&#039;s policy-KOFINAS SA Prefabricated houses\" \/>\n<meta name=\"robots\" content=\"index, follow, max-snippet:-1, max-image-preview:large, max-video-preview:-1\" \/>\n<link rel=\"canonical\" href=\"https:\/\/www.kofinas.gr\/it\/politica-aziendale-kofinas-sa\/\" \/>\n<meta property=\"og:locale\" content=\"it_IT\" \/>\n<meta property=\"og:type\" content=\"article\" \/>\n<meta property=\"og:title\" content=\"Company&#039;s policy-KOFINAS SA\" \/>\n<meta property=\"og:description\" content=\"\u039a\u03bf\u03c6\u03b9\u03bd\u03ac\u03c2 \u03a0\u03c1\u03bf\u03ba\u03b1\u03c4\u03b1\u03c3\u03ba\u03b5\u03c5\u03b1\u03c3\u03bc\u03ad\u03bd\u03b1 \u03c3\u03c0\u03af\u03c4\u03b9\u03b1 - \u03a0\u03c1\u03bf\u03ba\u03ac\u03c4 Company&#039;s policy-KOFINAS SA | \u039a\u03bf\u03c6\u03b9\u03bd\u03ac\u03c2 \u03a0\u03c1\u03bf\u03ba\u03b1\u03c4\u03b1\u03c3\u03ba\u03b5\u03c5\u03b1\u03c3\u03bc\u03ad\u03bd\u03b1 \u03c3\u03c0\u03af\u03c4\u03b9\u03b1 - \u03a0\u03c1\u03bf\u03ba\u03ac\u03c4 | Company&#039;s policy-KOFINAS SA | \u039a\u03bf\u03c6\u03b9\u03bd\u03ac\u03c2 \u03a0\u03c1\u03bf\u03ba\u03b1\u03c4\u03b1\u03c3\u03ba\u03b5\u03c5\u03b1\u03c3\u03bc\u03ad\u03bd\u03b1 \u03c3\u03c0\u03af\u03c4\u03b9\u03b1 - \u03a0\u03c1\u03bf\u03ba\u03ac\u03c4 | Company&#039;s policy-KOFINAS SA Prefabricated houses\" \/>\n<meta property=\"og:url\" content=\"https:\/\/www.kofinas.gr\/it\/politica-aziendale-kofinas-sa\/\" \/>\n<meta property=\"og:site_name\" content=\"\u039a\u03bf\u03c6\u03b9\u03bd\u03ac\u03c2 \u03a0\u03c1\u03bf\u03ba\u03b1\u03c4\u03b1\u03c3\u03ba\u03b5\u03c5\u03b1\u03c3\u03bc\u03ad\u03bd\u03b1 \u03c3\u03c0\u03af\u03c4\u03b9\u03b1 - \u03a0\u03c1\u03bf\u03ba\u03ac\u03c4\" \/>\n<meta property=\"article:publisher\" content=\"https:\/\/www.facebook.com\/kofinas.prokataskevasmena\" \/>\n<meta property=\"article:modified_time\" content=\"2021-01-05T09:01:15+00:00\" \/>\n<meta property=\"og:image\" content=\"https:\/\/www.kofinas.gr\/wp-content\/uploads\/2021\/01\/360new-logoraster-smallen2.gif\" \/>\n<meta name=\"twitter:card\" content=\"summary_large_image\" \/>\n<meta name=\"twitter:site\" content=\"@kofinas_prokat\" \/>\n<meta name=\"twitter:label1\" content=\"Tempo di lettura stimato\" \/>\n\t<meta name=\"twitter:data1\" content=\"2 minuti\" \/>\n<script type=\"application\/ld+json\" class=\"yoast-schema-graph\">{\"@context\":\"https:\/\/schema.org\",\"@graph\":[{\"@type\":\"WebPage\",\"@id\":\"https:\/\/www.kofinas.gr\/companys-policy-kofinas-sa\/\",\"url\":\"https:\/\/www.kofinas.gr\/companys-policy-kofinas-sa\/\",\"name\":\"Company's policy-KOFINAS SA | \u039a\u03bf\u03c6\u03b9\u03bd\u03ac\u03c2 \u03a0\u03c1\u03bf\u03ba\u03b1\u03c4\u03b1\u03c3\u03ba\u03b5\u03c5\u03b1\u03c3\u03bc\u03ad\u03bd\u03b1 \u03c3\u03c0\u03af\u03c4\u03b9\u03b1 - \u03a0\u03c1\u03bf\u03ba\u03ac\u03c4 | Prefabricated houses\",\"isPartOf\":{\"@id\":\"https:\/\/www.kofinas.gr\/#website\"},\"primaryImageOfPage\":{\"@id\":\"https:\/\/www.kofinas.gr\/companys-policy-kofinas-sa\/#primaryimage\"},\"image\":{\"@id\":\"https:\/\/www.kofinas.gr\/companys-policy-kofinas-sa\/#primaryimage\"},\"thumbnailUrl\":\"https:\/\/www.kofinas.gr\/wp-content\/uploads\/2021\/01\/360new-logoraster-smallen2.gif\",\"datePublished\":\"2021-01-05T08:30:48+00:00\",\"dateModified\":\"2021-01-05T09:01:15+00:00\",\"description\":\"\u039a\u03bf\u03c6\u03b9\u03bd\u03ac\u03c2 \u03a0\u03c1\u03bf\u03ba\u03b1\u03c4\u03b1\u03c3\u03ba\u03b5\u03c5\u03b1\u03c3\u03bc\u03ad\u03bd\u03b1 \u03c3\u03c0\u03af\u03c4\u03b9\u03b1 - \u03a0\u03c1\u03bf\u03ba\u03ac\u03c4 Company's policy-KOFINAS SA | \u039a\u03bf\u03c6\u03b9\u03bd\u03ac\u03c2 \u03a0\u03c1\u03bf\u03ba\u03b1\u03c4\u03b1\u03c3\u03ba\u03b5\u03c5\u03b1\u03c3\u03bc\u03ad\u03bd\u03b1 \u03c3\u03c0\u03af\u03c4\u03b9\u03b1 - \u03a0\u03c1\u03bf\u03ba\u03ac\u03c4 | Company's policy-KOFINAS SA | \u039a\u03bf\u03c6\u03b9\u03bd\u03ac\u03c2 \u03a0\u03c1\u03bf\u03ba\u03b1\u03c4\u03b1\u03c3\u03ba\u03b5\u03c5\u03b1\u03c3\u03bc\u03ad\u03bd\u03b1 \u03c3\u03c0\u03af\u03c4\u03b9\u03b1 - \u03a0\u03c1\u03bf\u03ba\u03ac\u03c4 | Company's policy-KOFINAS SA Prefabricated houses\",\"breadcrumb\":{\"@id\":\"https:\/\/www.kofinas.gr\/companys-policy-kofinas-sa\/#breadcrumb\"},\"inLanguage\":\"it-IT\",\"potentialAction\":[{\"@type\":\"ReadAction\",\"target\":[\"https:\/\/www.kofinas.gr\/companys-policy-kofinas-sa\/\"]}]},{\"@type\":\"ImageObject\",\"inLanguage\":\"it-IT\",\"@id\":\"https:\/\/www.kofinas.gr\/companys-policy-kofinas-sa\/#primaryimage\",\"url\":\"https:\/\/www.kofinas.gr\/wp-content\/uploads\/2021\/01\/360new-logoraster-smallen2.gif\",\"contentUrl\":\"https:\/\/www.kofinas.gr\/wp-content\/uploads\/2021\/01\/360new-logoraster-smallen2.gif\"},{\"@type\":\"BreadcrumbList\",\"@id\":\"https:\/\/www.kofinas.gr\/companys-policy-kofinas-sa\/#breadcrumb\",\"itemListElement\":[{\"@type\":\"ListItem\",\"position\":1,\"name\":\"Home\",\"item\":\"https:\/\/www.kofinas.gr\/\"},{\"@type\":\"ListItem\",\"position\":2,\"name\":\"Company&#8217;s policy-KOFINAS SA\"}]},{\"@type\":\"WebSite\",\"@id\":\"https:\/\/www.kofinas.gr\/#website\",\"url\":\"https:\/\/www.kofinas.gr\/\",\"name\":\"\u039a\u03bf\u03c6\u03b9\u03bd\u03ac\u03c2 \u03a0\u03c1\u03bf\u03ba\u03b1\u03c4\u03b1\u03c3\u03ba\u03b5\u03c5\u03b1\u03c3\u03bc\u03ad\u03bd\u03b1 \u03c3\u03c0\u03af\u03c4\u03b9\u03b1 - \u03a0\u03c1\u03bf\u03ba\u03ac\u03c4\",\"description\":\"\u039a\u03b1\u03c4\u03b1\u03c3\u03ba\u03b5\u03c5\u03ac\u03b6\u03bf\u03c5\u03bc\u03b5 \u03c4\u03bf \u03c3\u03c0\u03af\u03c4\u03b9 \u03c3\u03b1\u03c2 \u03c3\u03c4\u03b7\u03bd \u03b5\u03bb\u03bb\u03ac\u03b4\u03b1 \u03ba\u03b1\u03b9 \u03bf\u03c0\u03bf\u03c5\u03b4\u03ae\u03c0\u03bf\u03c4\u03b5 \u03c3\u03c4\u03b7\u03bd \u0395\u03c5\u03c1\u03ce\u03c0\u03b7!\",\"publisher\":{\"@id\":\"https:\/\/www.kofinas.gr\/#organization\"},\"alternateName\":\"\u039a\u039f\u03a6\u0399\u039d\u0391\u03a3 \u03a0\u03c1\u03bf\u03ba\u03b1\u03c4\u03b1\u03c3\u03ba\u03b5\u03c5\u03b1\u03c3\u03bc\u03ad\u03bd\u03b1 \u03a3\u03c0\u03af\u03c4\u03b9\u03b1 \u03ba\u03b1\u03b9 \u03a4\u03bf\u03c5\u03c1\u03b9\u03c3\u03c4\u03b9\u03ba\u03ac \u039a\u03b1\u03c4\u03b1\u03bb\u03cd\u03bc\u03b1\u03c4\u03b1\",\"potentialAction\":[{\"@type\":\"SearchAction\",\"target\":{\"@type\":\"EntryPoint\",\"urlTemplate\":\"https:\/\/www.kofinas.gr\/?s={search_term_string}\"},\"query-input\":{\"@type\":\"PropertyValueSpecification\",\"valueRequired\":true,\"valueName\":\"search_term_string\"}}],\"inLanguage\":\"it-IT\"},{\"@type\":\"Organization\",\"@id\":\"https:\/\/www.kofinas.gr\/#organization\",\"name\":\"Kofinas SA\",\"alternateName\":\"Construction Company that constuct Prefabricated houses\",\"url\":\"https:\/\/www.kofinas.gr\/\",\"logo\":{\"@type\":\"ImageObject\",\"inLanguage\":\"it-IT\",\"@id\":\"https:\/\/www.kofinas.gr\/#\/schema\/logo\/image\/\",\"url\":\"https:\/\/www.kofinas.gr\/wp-content\/uploads\/2025\/03\/360new-logo-25.gif\",\"contentUrl\":\"https:\/\/www.kofinas.gr\/wp-content\/uploads\/2025\/03\/360new-logo-25.gif\",\"width\":230,\"height\":70,\"caption\":\"Kofinas SA\"},\"image\":{\"@id\":\"https:\/\/www.kofinas.gr\/#\/schema\/logo\/image\/\"},\"sameAs\":[\"https:\/\/www.facebook.com\/kofinas.prokataskevasmena\",\"https:\/\/x.com\/kofinas_prokat\",\"https:\/\/www.linkedin.com\/company\/kofinas-sa\",\"https:\/\/www.instagram.com\/kofinasprefab\/\",\"https:\/\/www.youtube.com\/channel\/UCEAifY31SuyQHHz_I3P4IVg\"],\"description\":\"KOFINAS SA \u2013 Prefabricated Homes Founded Legacy & Innovation Established in 1977, KOFINAS SA has grown into one of Greece\u2019s leading firms in the prefabricated housing sector. Their philosophy underscores continuous innovation\u2014they don't aim to build more homes, but to build better homes Strength & Certification The company's unique construction system has undergone rigorous experimental testing at the National Technical University of Athens, proving its durability well beyond natural endurance limits. Innovations introduced by KOFINAS are internationally recognized and certified. Sustainability & Eco Friendly Building KOFINAS uses Swedish and Finnish timber as its primary construction material, achieving a notably low carbon footprint: replacing conventional materials with wood reduces carbon dioxide emissions by 1.1 tons per cubic meter. In collaboration with Nordic sawmills, for every tree harvested, three to five new trees are planted, resulting in a negative carbon footprint. Additionally, their homes feature bioclimatic design and achieve energy consumption reductions of 75%\u201380% compared to conventional buildings\u2014often earning them energy efficiency A certificates. Advanced Production Facilities KOFINAS operates a modern factory, built to European standards, with ISO 14001 certification\u2014ensuring top-tier quality and environmental management in prefabricated housing production. Wide Range of Custom Designs Their catalog includes single , two , and three story homes, ground floor units with lofts, passive houses, and tourist accommodations. They also offer the \u201cFlexyHome\u201d series and Finnlamelli Finnish log houses, providing versatility to meet diverse aesthetic and functional needs. Experienced Team & Nationwide Network KOFINAS boasts a skilled, multidisciplinary team\u2014including civil and architectural engineers\u2014who oversee design, permit processing, and project implementation with a 100% success rate. The company has built a robust sales and distribution network\",\"email\":\"info@kofinas.gr\",\"telephone\":\"00302106081307\",\"legalName\":\"KOFINAS SA\",\"foundingDate\":\"1977-03-07\",\"vatID\":\"EL081136701\",\"duns\":\"503265836\",\"numberOfEmployees\":{\"@type\":\"QuantitativeValue\",\"minValue\":\"11\",\"maxValue\":\"50\"},\"publishingPrinciples\":\"https:\/\/www.kofinas.gr\/%cf%80%ce%bf%ce%bb%ce%b9%cf%84%ce%b9%ce%ba%ce%ae-%ce%b5%cf%84%ce%b1%ce%b9%cf%81%ce%af%ce%b1%cf%82-%ce%ba%ce%bf%cf%86%ce%b9%ce%bd%ce%b1%cf%83-%ce%b1%ce%b5\/\",\"ownershipFundingInfo\":\"https:\/\/www.kofinas.gr\/%ce%b5%cf%84%ce%b1%ce%b9%cf%81%ce%af%ce%b1\/\",\"actionableFeedbackPolicy\":\"https:\/\/www.kofinas.gr\/prosopika-dedomena\/\"}]}<\/script>\n<!-- \/ Yoast SEO Premium plugin. -->","yoast_head_json":{"title":"Politica aziendale - KOFINAS SA | Kofinas Case prefabbricate - Prefabbricati | Case prefabbricate","description":"Case prefabbricate Kofinas - Politica aziendale - KOFINAS SA | Case prefabbricate Kofinas - Prefabbricati | Politica aziendale - KOFINAS SA | Case prefabbricate Kofinas - Prefabbricati | Politica aziendale - KOFINAS SA Case prefabbricate","robots":{"index":"index","follow":"follow","max-snippet":"max-snippet:-1","max-image-preview":"max-image-preview:large","max-video-preview":"max-video-preview:-1"},"canonical":"https:\/\/www.kofinas.gr\/it\/politica-aziendale-kofinas-sa\/","og_locale":"it_IT","og_type":"article","og_title":"Company's policy-KOFINAS SA","og_description":"\u039a\u03bf\u03c6\u03b9\u03bd\u03ac\u03c2 \u03a0\u03c1\u03bf\u03ba\u03b1\u03c4\u03b1\u03c3\u03ba\u03b5\u03c5\u03b1\u03c3\u03bc\u03ad\u03bd\u03b1 \u03c3\u03c0\u03af\u03c4\u03b9\u03b1 - \u03a0\u03c1\u03bf\u03ba\u03ac\u03c4 Company's policy-KOFINAS SA | \u039a\u03bf\u03c6\u03b9\u03bd\u03ac\u03c2 \u03a0\u03c1\u03bf\u03ba\u03b1\u03c4\u03b1\u03c3\u03ba\u03b5\u03c5\u03b1\u03c3\u03bc\u03ad\u03bd\u03b1 \u03c3\u03c0\u03af\u03c4\u03b9\u03b1 - \u03a0\u03c1\u03bf\u03ba\u03ac\u03c4 | Company's policy-KOFINAS SA | \u039a\u03bf\u03c6\u03b9\u03bd\u03ac\u03c2 \u03a0\u03c1\u03bf\u03ba\u03b1\u03c4\u03b1\u03c3\u03ba\u03b5\u03c5\u03b1\u03c3\u03bc\u03ad\u03bd\u03b1 \u03c3\u03c0\u03af\u03c4\u03b9\u03b1 - \u03a0\u03c1\u03bf\u03ba\u03ac\u03c4 | Company's policy-KOFINAS SA Prefabricated houses","og_url":"https:\/\/www.kofinas.gr\/it\/politica-aziendale-kofinas-sa\/","og_site_name":"\u039a\u03bf\u03c6\u03b9\u03bd\u03ac\u03c2 \u03a0\u03c1\u03bf\u03ba\u03b1\u03c4\u03b1\u03c3\u03ba\u03b5\u03c5\u03b1\u03c3\u03bc\u03ad\u03bd\u03b1 \u03c3\u03c0\u03af\u03c4\u03b9\u03b1 - \u03a0\u03c1\u03bf\u03ba\u03ac\u03c4","article_publisher":"https:\/\/www.facebook.com\/kofinas.prokataskevasmena","article_modified_time":"2021-01-05T09:01:15+00:00","og_image":[{"url":"https:\/\/www.kofinas.gr\/wp-content\/uploads\/2021\/01\/360new-logoraster-smallen2.gif","type":"","width":"","height":""}],"twitter_card":"summary_large_image","twitter_site":"@kofinas_prokat","twitter_misc":{"Tempo di lettura stimato":"2 minuti"},"schema":{"@context":"https:\/\/schema.org","@graph":[{"@type":"WebPage","@id":"https:\/\/www.kofinas.gr\/companys-policy-kofinas-sa\/","url":"https:\/\/www.kofinas.gr\/companys-policy-kofinas-sa\/","name":"Politica aziendale - KOFINAS SA | Kofinas Case prefabbricate - Prefabbricati | Case prefabbricate","isPartOf":{"@id":"https:\/\/www.kofinas.gr\/#website"},"primaryImageOfPage":{"@id":"https:\/\/www.kofinas.gr\/companys-policy-kofinas-sa\/#primaryimage"},"image":{"@id":"https:\/\/www.kofinas.gr\/companys-policy-kofinas-sa\/#primaryimage"},"thumbnailUrl":"https:\/\/www.kofinas.gr\/wp-content\/uploads\/2021\/01\/360new-logoraster-smallen2.gif","datePublished":"2021-01-05T08:30:48+00:00","dateModified":"2021-01-05T09:01:15+00:00","description":"Case prefabbricate Kofinas - Politica aziendale - KOFINAS SA | Case prefabbricate Kofinas - Prefabbricati | Politica aziendale - KOFINAS SA | Case prefabbricate Kofinas - Prefabbricati | Politica aziendale - KOFINAS SA Case prefabbricate","breadcrumb":{"@id":"https:\/\/www.kofinas.gr\/companys-policy-kofinas-sa\/#breadcrumb"},"inLanguage":"it-IT","potentialAction":[{"@type":"ReadAction","target":["https:\/\/www.kofinas.gr\/companys-policy-kofinas-sa\/"]}]},{"@type":"ImageObject","inLanguage":"it-IT","@id":"https:\/\/www.kofinas.gr\/companys-policy-kofinas-sa\/#primaryimage","url":"https:\/\/www.kofinas.gr\/wp-content\/uploads\/2021\/01\/360new-logoraster-smallen2.gif","contentUrl":"https:\/\/www.kofinas.gr\/wp-content\/uploads\/2021\/01\/360new-logoraster-smallen2.gif"},{"@type":"BreadcrumbList","@id":"https:\/\/www.kofinas.gr\/companys-policy-kofinas-sa\/#breadcrumb","itemListElement":[{"@type":"ListItem","position":1,"name":"Home","item":"https:\/\/www.kofinas.gr\/"},{"@type":"ListItem","position":2,"name":"Company&#8217;s policy-KOFINAS SA"}]},{"@type":"WebSite","@id":"https:\/\/www.kofinas.gr\/#website","url":"https:\/\/www.kofinas.gr\/","name":"Kofinas Case prefabbricate - Prefabbricati","description":"Costruiamo la tua casa in Grecia e ovunque in Europa!","publisher":{"@id":"https:\/\/www.kofinas.gr\/#organization"},"alternateName":"\u039a\u039f\u03a6\u0399\u039d\u0391\u03a3 \u03a0\u03c1\u03bf\u03ba\u03b1\u03c4\u03b1\u03c3\u03ba\u03b5\u03c5\u03b1\u03c3\u03bc\u03ad\u03bd\u03b1 \u03a3\u03c0\u03af\u03c4\u03b9\u03b1 \u03ba\u03b1\u03b9 \u03a4\u03bf\u03c5\u03c1\u03b9\u03c3\u03c4\u03b9\u03ba\u03ac \u039a\u03b1\u03c4\u03b1\u03bb\u03cd\u03bc\u03b1\u03c4\u03b1","potentialAction":[{"@type":"SearchAction","target":{"@type":"EntryPoint","urlTemplate":"https:\/\/www.kofinas.gr\/?s={search_term_string}"},"query-input":{"@type":"PropertyValueSpecification","valueRequired":true,"valueName":"search_term_string"}}],"inLanguage":"it-IT"},{"@type":"Organization","@id":"https:\/\/www.kofinas.gr\/#organization","name":"Kofinas SA","alternateName":"Construction Company that constuct Prefabricated houses","url":"https:\/\/www.kofinas.gr\/","logo":{"@type":"ImageObject","inLanguage":"it-IT","@id":"https:\/\/www.kofinas.gr\/#\/schema\/logo\/image\/","url":"https:\/\/www.kofinas.gr\/wp-content\/uploads\/2025\/03\/360new-logo-25.gif","contentUrl":"https:\/\/www.kofinas.gr\/wp-content\/uploads\/2025\/03\/360new-logo-25.gif","width":230,"height":70,"caption":"Kofinas SA"},"image":{"@id":"https:\/\/www.kofinas.gr\/#\/schema\/logo\/image\/"},"sameAs":["https:\/\/www.facebook.com\/kofinas.prokataskevasmena","https:\/\/x.com\/kofinas_prokat","https:\/\/www.linkedin.com\/company\/kofinas-sa","https:\/\/www.instagram.com\/kofinasprefab\/","https:\/\/www.youtube.com\/channel\/UCEAifY31SuyQHHz_I3P4IVg"],"description":"KOFINAS SA \u2013 Case Prefabbricate Fondata nel 1977, KOFINAS SA \u00e8 cresciuta fino a diventare una delle aziende leader in Grecia nel settore delle case prefabbricate. La loro filosofia sottolinea l&#039;innovazione continua: non mirano a costruire pi\u00f9 case, ma a costruire case migliori. Solidit\u00e0 e Certificazione L&#039;esclusivo sistema di costruzione dell&#039;azienda \u00e8 stato sottoposto a rigorosi test sperimentali presso l&#039;Universit\u00e0 Tecnica Nazionale di Atene, dimostrando la sua durabilit\u00e0 ben oltre i limiti di resistenza naturale. Le innovazioni introdotte da KOFINAS sono riconosciute e certificate a livello internazionale. Sostenibilit\u00e0 ed edilizia ecocompatibile KOFINAS utilizza legname svedese e finlandese come materiale da costruzione principale, ottenendo un&#039;impronta di carbonio notevolmente bassa: la sostituzione dei materiali convenzionali con il legno riduce le emissioni di anidride carbonica di 1,1 tonnellate per metro cubo. In collaborazione con le segherie nordiche, per ogni albero abbattuto, vengono piantati da tre a cinque nuovi alberi, con un conseguente impatto di carbonio negativo. Inoltre, le loro case sono caratterizzate da un design bioclimatico e raggiungono riduzioni del consumo energetico di 75%\u201380% rispetto agli edifici convenzionali, ottenendo spesso certificati di efficienza energetica di classe A. Impianti di produzione all&#039;avanguardia: KOFINAS gestisce uno stabilimento moderno, costruito secondo gli standard europei e certificato ISO 14001, che garantisce la massima qualit\u00e0 e gestione ambientale nella produzione di case prefabbricate. Ampia gamma di progetti personalizzati: il loro catalogo include case a uno, due e tre piani, unit\u00e0 al piano terra con soppalco, case passive e alloggi turistici. Offrono anche la serie &quot;FlexyHome&quot; e le case in tronchi finlandesi Finnlamelli, offrendo versatilit\u00e0 per soddisfare diverse esigenze estetiche e funzionali. Team esperto e rete nazionale: KOFINAS vanta un team multidisciplinare qualificato, che include ingegneri civili e architettonici, che supervisiona la progettazione, l&#039;elaborazione dei permessi e l&#039;implementazione dei progetti con un tasso di successo di 100%. L&#039;azienda ha costruito una solida rete di vendita e distribuzione.","email":"info@kofinas.gr","telephone":"00302106081307","legalName":"KOFINAS SA","foundingDate":"1977-03-07","vatID":"EL081136701","duns":"503265836","numberOfEmployees":{"@type":"QuantitativeValue","minValue":"11","maxValue":"50"},"publishingPrinciples":"https:\/\/www.kofinas.gr\/%cf%80%ce%bf%ce%bb%ce%b9%cf%84%ce%b9%ce%ba%ce%ae-%ce%b5%cf%84%ce%b1%ce%b9%cf%81%ce%af%ce%b1%cf%82-%ce%ba%ce%bf%cf%86%ce%b9%ce%bd%ce%b1%cf%83-%ce%b1%ce%b5\/","ownershipFundingInfo":"https:\/\/www.kofinas.gr\/%ce%b5%cf%84%ce%b1%ce%b9%cf%81%ce%af%ce%b1\/","actionableFeedbackPolicy":"https:\/\/www.kofinas.gr\/prosopika-dedomena\/"}]}},"_links":{"self":[{"href":"https:\/\/www.kofinas.gr\/it\/wp-json\/wp\/v2\/pages\/29836","targetHints":{"allow":["GET"]}}],"collection":[{"href":"https:\/\/www.kofinas.gr\/it\/wp-json\/wp\/v2\/pages"}],"about":[{"href":"https:\/\/www.kofinas.gr\/it\/wp-json\/wp\/v2\/types\/page"}],"author":[{"embeddable":true,"href":"https:\/\/www.kofinas.gr\/it\/wp-json\/wp\/v2\/users\/3"}],"replies":[{"embeddable":true,"href":"https:\/\/www.kofinas.gr\/it\/wp-json\/wp\/v2\/comments?post=29836"}],"version-history":[{"count":0,"href":"https:\/\/www.kofinas.gr\/it\/wp-json\/wp\/v2\/pages\/29836\/revisions"}],"wp:attachment":[{"href":"https:\/\/www.kofinas.gr\/it\/wp-json\/wp\/v2\/media?parent=29836"}],"curies":[{"name":"parola chiave","href":"https:\/\/api.w.org\/{rel}","templated":true}]}}