{"id":1187,"date":"2016-08-04T13:33:01","date_gmt":"2016-08-04T11:33:01","guid":{"rendered":"https:\/\/www.kofinas.gr\/en\/?page_id=1187"},"modified":"2022-04-20T16:28:31","modified_gmt":"2022-04-20T14:28:31","slug":"kofinas","status":"publish","type":"page","link":"https:\/\/www.kofinas.gr\/it\/kofinas\/","title":{"rendered":"Case prefabbricate Kofinas"},"content":{"rendered":"<div data-elementor-type=\"wp-page\" data-elementor-id=\"1187\" class=\"elementor elementor-1187\" data-elementor-post-type=\"page\">\n\t\t\t\t\t\t<section class=\"elementor-section elementor-top-section elementor-element elementor-element-7132d9a4 elementor-section-boxed elementor-section-height-default elementor-section-height-default\" data-id=\"7132d9a4\" data-element_type=\"section\">\n\t\t\t\t\t\t<div class=\"elementor-container elementor-column-gap-default\">\n\t\t\t\t\t<div class=\"elementor-column elementor-col-100 elementor-top-column elementor-element elementor-element-68146a2c\" data-id=\"68146a2c\" data-element_type=\"column\">\n\t\t\t<div class=\"elementor-widget-wrap elementor-element-populated\">\n\t\t\t\t\t\t<div class=\"elementor-element elementor-element-66307c9 elementor-skin-carousel elementor-arrows-yes elementor-pagination-type-bullets elementor-pagination-position-outside elementor-widget elementor-widget-media-carousel\" data-id=\"66307c9\" data-element_type=\"widget\" data-settings=\"{&quot;skin&quot;:&quot;carousel&quot;,&quot;effect&quot;:&quot;slide&quot;,&quot;show_arrows&quot;:&quot;yes&quot;,&quot;pagination&quot;:&quot;bullets&quot;,&quot;speed&quot;:500,&quot;autoplay&quot;:&quot;yes&quot;,&quot;autoplay_speed&quot;:5000,&quot;loop&quot;:&quot;yes&quot;,&quot;pause_on_hover&quot;:&quot;yes&quot;,&quot;pause_on_interaction&quot;:&quot;yes&quot;,&quot;space_between&quot;:{&quot;unit&quot;:&quot;px&quot;,&quot;size&quot;:10,&quot;sizes&quot;:[]},&quot;space_between_tablet&quot;:{&quot;unit&quot;:&quot;px&quot;,&quot;size&quot;:10,&quot;sizes&quot;:[]},&quot;space_between_mobile&quot;:{&quot;unit&quot;:&quot;px&quot;,&quot;size&quot;:10,&quot;sizes&quot;:[]}}\" data-widget_type=\"media-carousel.default\">\n\t\t\t\t\t\t\t\t\t\t<div class=\"elementor-main-swiper swiper\" role=\"region\" aria-roledescription=\"carousel\" aria-label=\"Diapositive\">\n\t\t\t\t<div class=\"swiper-wrapper\">\n\t\t\t\t\t\t\t\t\t\t\t<div class=\"swiper-slide\" role=\"group\" aria-roledescription=\"slide\">\n\t\t\t\t\t\t\t<a href=\"https:\/\/www.kofinas.gr\/it\/en\/certificazioni-kofinas-2\/\">\t\t<div class=\"elementor-carousel-image\" role=\"img\" aria-label=\"Prokataskeuasmena spitia KOFINAS SA, Energeiaki apodosi, antiseismika, xamili katanalwsi, villa,oikologiki katoikia\" style=\"background-image: url(&#039;https:\/\/www.kofinas.gr\/wp-content\/uploads\/2022\/04\/\u03a0\u03bf\u03b9\u03c3\u03c4\u03bf\u03c0\u03bf\u03b9\u03ae\u03c3\u03b5\u03b9\u03c2-\u03ba\u03b1\u03b9-\u03b4\u03b9\u03b1\u03ba\u03c1\u03af\u03c3\u03b5\u03b9\u03c2-\u03b5\u03c4\u03b1\u03b9\u03c1\u03af\u03b1\u03c2-en.png&#039;)\">\n\n\t\t\t\n\t\t\t\t\t<\/div>\n\t\t<\/a>\t\t\t\t\t\t<\/div>\n\t\t\t\t\t\t\t\t\t<\/div>\n\t\t\t\t\t\t\t<\/div>\n\t\t\t\t\t\t\t\t<\/div>\n\t\t\t\t<div class=\"elementor-element elementor-element-5666df70 elementor-widget elementor-widget-text-editor\" data-id=\"5666df70\" data-element_type=\"widget\" data-widget_type=\"text-editor.default\">\n\t\t\t\t\t\t\t\t\t\n<div class=\"wp-block-columns is-layout-flex wp-container-core-columns-is-layout-9d6595d7 wp-block-columns-is-layout-flex\">\n<div class=\"wp-block-column is-layout-flow wp-block-column-is-layout-flow\" style=\"flex-basis:40%\">\n<div class=\"wp-block-image\"><figure class=\"aligncenter size-medium\"><img fetchpriority=\"high\" decoding=\"async\" width=\"400\" height=\"293\" src=\"http:\/\/www.kofinas.gr\/wp-content\/uploads\/Home-EN-400x293.png\" alt=\"\" class=\"wp-image-14030\" srcset=\"https:\/\/www.kofinas.gr\/wp-content\/uploads\/Home-EN-400x293.png 400w, https:\/\/www.kofinas.gr\/wp-content\/uploads\/Home-EN-150x110.png 150w, https:\/\/www.kofinas.gr\/wp-content\/uploads\/Home-EN-546x400.png 546w, https:\/\/www.kofinas.gr\/wp-content\/uploads\/Home-EN.png 750w\" sizes=\"(max-width: 400px) 100vw, 400px\" \/><\/figure><\/div>\n\n\n\n<p class=\"has-text-align-center\">       KOFINAS SA Case prefabbricate<\/p>\n<\/div>\n\n\n\n<div class=\"wp-block-column is-layout-flow wp-block-column-is-layout-flow\" style=\"flex-basis:60%\">\n<p class=\"has-text-align-center\"><strong><em>KOFINAS SA Case prefabbricate<\/em><\/strong><\/p>\n\n\n\n<p>Benvenuto a casa! Un augurio quello<a aria-label=\"undefined (si apre in una nuova scheda)\" href=\"https:\/\/www.kofinas.gr\/it\/en\/factory-of-kofinas\/\" target=\"_blank\" rel=\"noreferrer noopener\"> noi<\/a> pu\u00f2 realizzarlo lavorandoci dal 1977. <\/p>\n\n\n\n<p>Da oltre 40 decenni, l&#039;azienda leader nel campo delle case prefabbricate, ti guida verso la tua scelta in tempo utile e conveniente. La nostra filosofia principale prevede costruzioni in cui le persone sviluppano una convivenza calorosa ed equilibrata in accordo con l&#039;ambiente naturale. Una casa prefabbricata progettata secondo le moderne tendenze architettoniche, spazi confortevoli e funzionali, con l&#039;utilizzo di materiali ecologici, \u00e8 una scelta indiscussa in pochi metri quadrati.<\/p>\n\n\n\n<p> KOFINAS SA offre una residenza ideale che fa appello alla casa dei tuoi sogni al servizio delle tue esigenze di alloggio personali o familiari per una residenza estiva o principale. La nostra ampia variet\u00e0 di design prefabbricati crea infinite possibilit\u00e0 di disposizione degli spazi. KOFINAS SA comprende anche serie di case in tronchi ad alta durata ea basso consumo energetico.<\/p>\n\n\n\n<p class=\"has-text-align-center\"><a href=\"http:\/\/www.flexhouse.gr\">KOFINAS SA Case prefabbricate<\/a><\/p>\n\n\n\n<p class=\"has-text-align-center\"><strong><em><strong>Il nostro obiettivo non \u00e8 fare di pi\u00f9, ma fare case migliori!<\/strong><\/em><\/strong><\/p>\n<\/div>\n<\/div>\n\n\n\n<p class=\"has-text-align-center\">La societ\u00e0 KOFINAS SA ha costantemente innovato introducendo elementi nuovi e certificati nel campo della costruzione di case, tutti riconosciuti dall&#039;Universit\u00e0 Tecnica Nazionale di Atene, dove l&#039;esclusivo sistema costruttivo di KOFINAS \u00e8 stato testato per durare oltre ogni limite di resistenza naturale. Di conseguenza, siamo riusciti a mantenere un numero di centinaia di clienti soddisfatti nel corso degli anni. <\/p>\n\n\n\n<p class=\"has-text-align-center\">Nell&#039;ambito dell&#039;evoluzione globale, l&#039;azienda si \u00e8 concentrata anche sui settori dell&#039;edilizia energetica.<\/p>\n\n\n\n<h2 class=\"has-text-align-center wp-block-heading\">Impronta di infezione zero<\/h2>\n\n\n\n<p>L&#039;impronta ecologica \u00e8 una misura degli effetti delle attivit\u00e0 umane sulla Terra, in quanto determina la misura sia dei bisogni umani e del consumismo da cui dipende la societ\u00e0, sia dei rifiuti e dei gas prodotti dall&#039;effetto serra. Per questo motivo, la progettazione e realizzazione dei moderni stabilimenti KOFINAS SA, ha lo scopo di contribuire a un&#039;unit\u00e0 industriale eco-compatibile, puntando a zero inquinamento ambientale e zero sprechi nella produzione di opere murarie.<\/p>\n\n\n\n<p>Attraverso i macchinari, l&#039;utilit\u00e0 di successo degli scarti di legno massello della produzione di muratura viene successivamente riciclata in pellet di legno, che viene poi condiviso con il personale di KOFINAS.<\/p>\n\t\t\t\t\t\t\t\t<\/div>\n\t\t\t\t\t<\/div>\n\t\t<\/div>\n\t\t\t\t\t<\/div>\n\t\t<\/section>\n\t\t\t\t<\/div>","protected":false},"excerpt":{"rendered":"<p>KOFINAS SA Case prefabbricate KOFINAS SA Case prefabbricate Benvenuti a casa! Un desiderio che possiamo realizzarlo lavorandoci dal 1977. Da oltre 40 decenni, l&#039;azienda leader nel settore delle case prefabbricate, ti guida alla tua scelta nei tempi e nei costi. La nostra filosofia principale prevede costruzioni in [...]<\/p>","protected":false},"author":3,"featured_media":16675,"parent":0,"menu_order":0,"comment_status":"closed","ping_status":"closed","template":"page-landing.php","meta":{"_acf_changed":false,"footnotes":""},"class_list":["post-1187","page","type-page","status-publish","has-post-thumbnail","hentry"],"acf":[],"yoast_head":"<!-- This site is optimized with the Yoast SEO Premium plugin v26.6 (Yoast SEO v26.6) - https:\/\/yoast.com\/wordpress\/plugins\/seo\/ -->\n<title>Kofinas Prefabricated Houses | \u039a\u03bf\u03c6\u03b9\u03bd\u03ac\u03c2 \u03a0\u03c1\u03bf\u03ba\u03b1\u03c4\u03b1\u03c3\u03ba\u03b5\u03c5\u03b1\u03c3\u03bc\u03ad\u03bd\u03b1 \u03c3\u03c0\u03af\u03c4\u03b9\u03b1 - \u03a0\u03c1\u03bf\u03ba\u03ac\u03c4<\/title>\n<meta name=\"description\" content=\"Welcome! A wish that KOFINAS - Prefabricated Houses company keeps offering you the chance to hear since 1977. KOFINAS | Prefabricated Houses.\" \/>\n<meta name=\"robots\" content=\"index, follow, max-snippet:-1, max-image-preview:large, max-video-preview:-1\" \/>\n<link rel=\"canonical\" href=\"https:\/\/www.kofinas.gr\/it\/kofinas\/\" \/>\n<meta property=\"og:locale\" content=\"it_IT\" \/>\n<meta property=\"og:type\" content=\"article\" \/>\n<meta property=\"og:title\" content=\"Kofinas Prefabricated Houses\" \/>\n<meta property=\"og:description\" content=\"Welcome! A wish that KOFINAS - Prefabricated Houses company keeps offering you the chance to hear since 1977. KOFINAS | Prefabricated Houses.\" \/>\n<meta property=\"og:url\" content=\"https:\/\/www.kofinas.gr\/it\/kofinas\/\" \/>\n<meta property=\"og:site_name\" content=\"\u039a\u03bf\u03c6\u03b9\u03bd\u03ac\u03c2 \u03a0\u03c1\u03bf\u03ba\u03b1\u03c4\u03b1\u03c3\u03ba\u03b5\u03c5\u03b1\u03c3\u03bc\u03ad\u03bd\u03b1 \u03c3\u03c0\u03af\u03c4\u03b9\u03b1 - \u03a0\u03c1\u03bf\u03ba\u03ac\u03c4\" \/>\n<meta property=\"article:publisher\" content=\"https:\/\/www.facebook.com\/kofinas.prokataskevasmena\" \/>\n<meta property=\"article:modified_time\" content=\"2022-04-20T14:28:31+00:00\" \/>\n<meta property=\"og:image\" content=\"https:\/\/www.kofinas.gr\/wp-content\/uploads\/2017\/04\/I-108-1.jpg?v=1586425287\" \/>\n\t<meta property=\"og:image:width\" content=\"1600\" \/>\n\t<meta property=\"og:image:height\" content=\"900\" \/>\n\t<meta property=\"og:image:type\" content=\"image\/jpeg\" \/>\n<meta name=\"twitter:card\" content=\"summary_large_image\" \/>\n<meta name=\"twitter:site\" content=\"@kofinas_prokat\" \/>\n<meta name=\"twitter:label1\" content=\"Tempo di lettura stimato\" \/>\n\t<meta name=\"twitter:data1\" content=\"2 minuti\" \/>\n<script type=\"application\/ld+json\" class=\"yoast-schema-graph\">{\"@context\":\"https:\/\/schema.org\",\"@graph\":[{\"@type\":\"WebPage\",\"@id\":\"https:\/\/www.kofinas.gr\/eng\/kofinas\/\",\"url\":\"https:\/\/www.kofinas.gr\/eng\/kofinas\/\",\"name\":\"Kofinas Prefabricated Houses | \u039a\u03bf\u03c6\u03b9\u03bd\u03ac\u03c2 \u03a0\u03c1\u03bf\u03ba\u03b1\u03c4\u03b1\u03c3\u03ba\u03b5\u03c5\u03b1\u03c3\u03bc\u03ad\u03bd\u03b1 \u03c3\u03c0\u03af\u03c4\u03b9\u03b1 - \u03a0\u03c1\u03bf\u03ba\u03ac\u03c4\",\"isPartOf\":{\"@id\":\"https:\/\/www.kofinas.gr\/#website\"},\"primaryImageOfPage\":{\"@id\":\"https:\/\/www.kofinas.gr\/eng\/kofinas\/#primaryimage\"},\"image\":{\"@id\":\"https:\/\/www.kofinas.gr\/eng\/kofinas\/#primaryimage\"},\"thumbnailUrl\":\"https:\/\/www.kofinas.gr\/wp-content\/uploads\/2017\/04\/I-108-1.jpg?v=1586425287\",\"datePublished\":\"2016-08-04T11:33:01+00:00\",\"dateModified\":\"2022-04-20T14:28:31+00:00\",\"description\":\"Welcome! A wish that KOFINAS - Prefabricated Houses company keeps offering you the chance to hear since 1977. KOFINAS | Prefabricated Houses.\",\"breadcrumb\":{\"@id\":\"https:\/\/www.kofinas.gr\/eng\/kofinas\/#breadcrumb\"},\"inLanguage\":\"it-IT\",\"potentialAction\":[{\"@type\":\"ReadAction\",\"target\":[\"https:\/\/www.kofinas.gr\/eng\/kofinas\/\"]}]},{\"@type\":\"ImageObject\",\"inLanguage\":\"it-IT\",\"@id\":\"https:\/\/www.kofinas.gr\/eng\/kofinas\/#primaryimage\",\"url\":\"https:\/\/www.kofinas.gr\/wp-content\/uploads\/2017\/04\/I-108-1.jpg?v=1586425287\",\"contentUrl\":\"https:\/\/www.kofinas.gr\/wp-content\/uploads\/2017\/04\/I-108-1.jpg?v=1586425287\",\"width\":1600,\"height\":900,\"caption\":\"Kofinas-prokataskeuasmena-villa-prasini domisi-spiti oneirwn-khpos-pisina design new home kofinas Prefabricated houses Kofinas\"},{\"@type\":\"BreadcrumbList\",\"@id\":\"https:\/\/www.kofinas.gr\/eng\/kofinas\/#breadcrumb\",\"itemListElement\":[{\"@type\":\"ListItem\",\"position\":1,\"name\":\"Home\",\"item\":\"https:\/\/www.kofinas.gr\/\"},{\"@type\":\"ListItem\",\"position\":2,\"name\":\"Kofinas Prefabricated Houses\"}]},{\"@type\":\"WebSite\",\"@id\":\"https:\/\/www.kofinas.gr\/#website\",\"url\":\"https:\/\/www.kofinas.gr\/\",\"name\":\"\u039a\u03bf\u03c6\u03b9\u03bd\u03ac\u03c2 \u03a0\u03c1\u03bf\u03ba\u03b1\u03c4\u03b1\u03c3\u03ba\u03b5\u03c5\u03b1\u03c3\u03bc\u03ad\u03bd\u03b1 \u03c3\u03c0\u03af\u03c4\u03b9\u03b1 - \u03a0\u03c1\u03bf\u03ba\u03ac\u03c4\",\"description\":\"\u039a\u03b1\u03c4\u03b1\u03c3\u03ba\u03b5\u03c5\u03ac\u03b6\u03bf\u03c5\u03bc\u03b5 \u03c4\u03bf \u03c3\u03c0\u03af\u03c4\u03b9 \u03c3\u03b1\u03c2 \u03c3\u03c4\u03b7\u03bd \u03b5\u03bb\u03bb\u03ac\u03b4\u03b1 \u03ba\u03b1\u03b9 \u03bf\u03c0\u03bf\u03c5\u03b4\u03ae\u03c0\u03bf\u03c4\u03b5 \u03c3\u03c4\u03b7\u03bd \u0395\u03c5\u03c1\u03ce\u03c0\u03b7!\",\"publisher\":{\"@id\":\"https:\/\/www.kofinas.gr\/#organization\"},\"alternateName\":\"\u039a\u039f\u03a6\u0399\u039d\u0391\u03a3 \u03a0\u03c1\u03bf\u03ba\u03b1\u03c4\u03b1\u03c3\u03ba\u03b5\u03c5\u03b1\u03c3\u03bc\u03ad\u03bd\u03b1 \u03a3\u03c0\u03af\u03c4\u03b9\u03b1 \u03ba\u03b1\u03b9 \u03a4\u03bf\u03c5\u03c1\u03b9\u03c3\u03c4\u03b9\u03ba\u03ac \u039a\u03b1\u03c4\u03b1\u03bb\u03cd\u03bc\u03b1\u03c4\u03b1\",\"potentialAction\":[{\"@type\":\"SearchAction\",\"target\":{\"@type\":\"EntryPoint\",\"urlTemplate\":\"https:\/\/www.kofinas.gr\/?s={search_term_string}\"},\"query-input\":{\"@type\":\"PropertyValueSpecification\",\"valueRequired\":true,\"valueName\":\"search_term_string\"}}],\"inLanguage\":\"it-IT\"},{\"@type\":\"Organization\",\"@id\":\"https:\/\/www.kofinas.gr\/#organization\",\"name\":\"Kofinas SA\",\"alternateName\":\"Construction Company that constuct Prefabricated houses\",\"url\":\"https:\/\/www.kofinas.gr\/\",\"logo\":{\"@type\":\"ImageObject\",\"inLanguage\":\"it-IT\",\"@id\":\"https:\/\/www.kofinas.gr\/#\/schema\/logo\/image\/\",\"url\":\"https:\/\/www.kofinas.gr\/wp-content\/uploads\/2025\/03\/360new-logo-25.gif\",\"contentUrl\":\"https:\/\/www.kofinas.gr\/wp-content\/uploads\/2025\/03\/360new-logo-25.gif\",\"width\":230,\"height\":70,\"caption\":\"Kofinas SA\"},\"image\":{\"@id\":\"https:\/\/www.kofinas.gr\/#\/schema\/logo\/image\/\"},\"sameAs\":[\"https:\/\/www.facebook.com\/kofinas.prokataskevasmena\",\"https:\/\/x.com\/kofinas_prokat\",\"https:\/\/www.linkedin.com\/company\/kofinas-sa\",\"https:\/\/www.instagram.com\/kofinasprefab\/\",\"https:\/\/www.youtube.com\/channel\/UCEAifY31SuyQHHz_I3P4IVg\"],\"description\":\"KOFINAS SA \u2013 Prefabricated Homes Founded Legacy & Innovation Established in 1977, KOFINAS SA has grown into one of Greece\u2019s leading firms in the prefabricated housing sector. Their philosophy underscores continuous innovation\u2014they don't aim to build more homes, but to build better homes Strength & Certification The company's unique construction system has undergone rigorous experimental testing at the National Technical University of Athens, proving its durability well beyond natural endurance limits. Innovations introduced by KOFINAS are internationally recognized and certified. Sustainability & Eco Friendly Building KOFINAS uses Swedish and Finnish timber as its primary construction material, achieving a notably low carbon footprint: replacing conventional materials with wood reduces carbon dioxide emissions by 1.1 tons per cubic meter. In collaboration with Nordic sawmills, for every tree harvested, three to five new trees are planted, resulting in a negative carbon footprint. Additionally, their homes feature bioclimatic design and achieve energy consumption reductions of 75%\u201380% compared to conventional buildings\u2014often earning them energy efficiency A certificates. Advanced Production Facilities KOFINAS operates a modern factory, built to European standards, with ISO 14001 certification\u2014ensuring top-tier quality and environmental management in prefabricated housing production. Wide Range of Custom Designs Their catalog includes single , two , and three story homes, ground floor units with lofts, passive houses, and tourist accommodations. They also offer the \u201cFlexyHome\u201d series and Finnlamelli Finnish log houses, providing versatility to meet diverse aesthetic and functional needs. Experienced Team & Nationwide Network KOFINAS boasts a skilled, multidisciplinary team\u2014including civil and architectural engineers\u2014who oversee design, permit processing, and project implementation with a 100% success rate. The company has built a robust sales and distribution network\",\"email\":\"info@kofinas.gr\",\"telephone\":\"00302106081307\",\"legalName\":\"KOFINAS SA\",\"foundingDate\":\"1977-03-07\",\"vatID\":\"EL081136701\",\"duns\":\"503265836\",\"numberOfEmployees\":{\"@type\":\"QuantitativeValue\",\"minValue\":\"11\",\"maxValue\":\"50\"},\"publishingPrinciples\":\"https:\/\/www.kofinas.gr\/%cf%80%ce%bf%ce%bb%ce%b9%cf%84%ce%b9%ce%ba%ce%ae-%ce%b5%cf%84%ce%b1%ce%b9%cf%81%ce%af%ce%b1%cf%82-%ce%ba%ce%bf%cf%86%ce%b9%ce%bd%ce%b1%cf%83-%ce%b1%ce%b5\/\",\"ownershipFundingInfo\":\"https:\/\/www.kofinas.gr\/%ce%b5%cf%84%ce%b1%ce%b9%cf%81%ce%af%ce%b1\/\",\"actionableFeedbackPolicy\":\"https:\/\/www.kofinas.gr\/prosopika-dedomena\/\"}]}<\/script>\n<!-- \/ Yoast SEO Premium plugin. -->","yoast_head_json":{"title":"Case prefabbricate Kofinas | Case prefabbricate Kofinas - Prefabbricate","description":"Benvenuti! Un augurio che l&#039;azienda KOFINAS - Case Prefabbricate vi offre dal 1977. KOFINAS | Case Prefabbricate.","robots":{"index":"index","follow":"follow","max-snippet":"max-snippet:-1","max-image-preview":"max-image-preview:large","max-video-preview":"max-video-preview:-1"},"canonical":"https:\/\/www.kofinas.gr\/it\/kofinas\/","og_locale":"it_IT","og_type":"article","og_title":"Kofinas Prefabricated Houses","og_description":"Welcome! A wish that KOFINAS - Prefabricated Houses company keeps offering you the chance to hear since 1977. KOFINAS | Prefabricated Houses.","og_url":"https:\/\/www.kofinas.gr\/it\/kofinas\/","og_site_name":"\u039a\u03bf\u03c6\u03b9\u03bd\u03ac\u03c2 \u03a0\u03c1\u03bf\u03ba\u03b1\u03c4\u03b1\u03c3\u03ba\u03b5\u03c5\u03b1\u03c3\u03bc\u03ad\u03bd\u03b1 \u03c3\u03c0\u03af\u03c4\u03b9\u03b1 - \u03a0\u03c1\u03bf\u03ba\u03ac\u03c4","article_publisher":"https:\/\/www.facebook.com\/kofinas.prokataskevasmena","article_modified_time":"2022-04-20T14:28:31+00:00","og_image":[{"width":1600,"height":900,"url":"https:\/\/www.kofinas.gr\/wp-content\/uploads\/2017\/04\/I-108-1.jpg?v=1586425287","type":"image\/jpeg"}],"twitter_card":"summary_large_image","twitter_site":"@kofinas_prokat","twitter_misc":{"Tempo di lettura stimato":"2 minuti"},"schema":{"@context":"https:\/\/schema.org","@graph":[{"@type":"WebPage","@id":"https:\/\/www.kofinas.gr\/eng\/kofinas\/","url":"https:\/\/www.kofinas.gr\/eng\/kofinas\/","name":"Case prefabbricate Kofinas | Case prefabbricate Kofinas - Prefabbricate","isPartOf":{"@id":"https:\/\/www.kofinas.gr\/#website"},"primaryImageOfPage":{"@id":"https:\/\/www.kofinas.gr\/eng\/kofinas\/#primaryimage"},"image":{"@id":"https:\/\/www.kofinas.gr\/eng\/kofinas\/#primaryimage"},"thumbnailUrl":"https:\/\/www.kofinas.gr\/wp-content\/uploads\/2017\/04\/I-108-1.jpg?v=1586425287","datePublished":"2016-08-04T11:33:01+00:00","dateModified":"2022-04-20T14:28:31+00:00","description":"Benvenuti! Un augurio che l&#039;azienda KOFINAS - Case Prefabbricate vi offre dal 1977. KOFINAS | Case Prefabbricate.","breadcrumb":{"@id":"https:\/\/www.kofinas.gr\/eng\/kofinas\/#breadcrumb"},"inLanguage":"it-IT","potentialAction":[{"@type":"ReadAction","target":["https:\/\/www.kofinas.gr\/eng\/kofinas\/"]}]},{"@type":"ImageObject","inLanguage":"it-IT","@id":"https:\/\/www.kofinas.gr\/eng\/kofinas\/#primaryimage","url":"https:\/\/www.kofinas.gr\/wp-content\/uploads\/2017\/04\/I-108-1.jpg?v=1586425287","contentUrl":"https:\/\/www.kofinas.gr\/wp-content\/uploads\/2017\/04\/I-108-1.jpg?v=1586425287","width":1600,"height":900,"caption":"Kofinas-prokataskeuasmena-villa-prasini domisi-spiti oneirwn-khpos-pisina design new home kofinas Prefabricated houses Kofinas"},{"@type":"BreadcrumbList","@id":"https:\/\/www.kofinas.gr\/eng\/kofinas\/#breadcrumb","itemListElement":[{"@type":"ListItem","position":1,"name":"Home","item":"https:\/\/www.kofinas.gr\/"},{"@type":"ListItem","position":2,"name":"Kofinas Prefabricated Houses"}]},{"@type":"WebSite","@id":"https:\/\/www.kofinas.gr\/#website","url":"https:\/\/www.kofinas.gr\/","name":"Kofinas Case prefabbricate - Prefabbricati","description":"Costruiamo la tua casa in Grecia e ovunque in Europa!","publisher":{"@id":"https:\/\/www.kofinas.gr\/#organization"},"alternateName":"\u039a\u039f\u03a6\u0399\u039d\u0391\u03a3 \u03a0\u03c1\u03bf\u03ba\u03b1\u03c4\u03b1\u03c3\u03ba\u03b5\u03c5\u03b1\u03c3\u03bc\u03ad\u03bd\u03b1 \u03a3\u03c0\u03af\u03c4\u03b9\u03b1 \u03ba\u03b1\u03b9 \u03a4\u03bf\u03c5\u03c1\u03b9\u03c3\u03c4\u03b9\u03ba\u03ac \u039a\u03b1\u03c4\u03b1\u03bb\u03cd\u03bc\u03b1\u03c4\u03b1","potentialAction":[{"@type":"SearchAction","target":{"@type":"EntryPoint","urlTemplate":"https:\/\/www.kofinas.gr\/?s={search_term_string}"},"query-input":{"@type":"PropertyValueSpecification","valueRequired":true,"valueName":"search_term_string"}}],"inLanguage":"it-IT"},{"@type":"Organization","@id":"https:\/\/www.kofinas.gr\/#organization","name":"Kofinas SA","alternateName":"Construction Company that constuct Prefabricated houses","url":"https:\/\/www.kofinas.gr\/","logo":{"@type":"ImageObject","inLanguage":"it-IT","@id":"https:\/\/www.kofinas.gr\/#\/schema\/logo\/image\/","url":"https:\/\/www.kofinas.gr\/wp-content\/uploads\/2025\/03\/360new-logo-25.gif","contentUrl":"https:\/\/www.kofinas.gr\/wp-content\/uploads\/2025\/03\/360new-logo-25.gif","width":230,"height":70,"caption":"Kofinas SA"},"image":{"@id":"https:\/\/www.kofinas.gr\/#\/schema\/logo\/image\/"},"sameAs":["https:\/\/www.facebook.com\/kofinas.prokataskevasmena","https:\/\/x.com\/kofinas_prokat","https:\/\/www.linkedin.com\/company\/kofinas-sa","https:\/\/www.instagram.com\/kofinasprefab\/","https:\/\/www.youtube.com\/channel\/UCEAifY31SuyQHHz_I3P4IVg"],"description":"KOFINAS SA \u2013 Case Prefabbricate Fondata nel 1977, KOFINAS SA \u00e8 cresciuta fino a diventare una delle aziende leader in Grecia nel settore delle case prefabbricate. La loro filosofia sottolinea l&#039;innovazione continua: non mirano a costruire pi\u00f9 case, ma a costruire case migliori. Solidit\u00e0 e Certificazione L&#039;esclusivo sistema di costruzione dell&#039;azienda \u00e8 stato sottoposto a rigorosi test sperimentali presso l&#039;Universit\u00e0 Tecnica Nazionale di Atene, dimostrando la sua durabilit\u00e0 ben oltre i limiti di resistenza naturale. Le innovazioni introdotte da KOFINAS sono riconosciute e certificate a livello internazionale. Sostenibilit\u00e0 ed edilizia ecocompatibile KOFINAS utilizza legname svedese e finlandese come materiale da costruzione principale, ottenendo un&#039;impronta di carbonio notevolmente bassa: la sostituzione dei materiali convenzionali con il legno riduce le emissioni di anidride carbonica di 1,1 tonnellate per metro cubo. In collaborazione con le segherie nordiche, per ogni albero abbattuto, vengono piantati da tre a cinque nuovi alberi, con un conseguente impatto di carbonio negativo. Inoltre, le loro case sono caratterizzate da un design bioclimatico e raggiungono riduzioni del consumo energetico di 75%\u201380% rispetto agli edifici convenzionali, ottenendo spesso certificati di efficienza energetica di classe A. Impianti di produzione all&#039;avanguardia: KOFINAS gestisce uno stabilimento moderno, costruito secondo gli standard europei e certificato ISO 14001, che garantisce la massima qualit\u00e0 e gestione ambientale nella produzione di case prefabbricate. Ampia gamma di progetti personalizzati: il loro catalogo include case a uno, due e tre piani, unit\u00e0 al piano terra con soppalco, case passive e alloggi turistici. Offrono anche la serie &quot;FlexyHome&quot; e le case in tronchi finlandesi Finnlamelli, offrendo versatilit\u00e0 per soddisfare diverse esigenze estetiche e funzionali. Team esperto e rete nazionale: KOFINAS vanta un team multidisciplinare qualificato, che include ingegneri civili e architettonici, che supervisiona la progettazione, l&#039;elaborazione dei permessi e l&#039;implementazione dei progetti con un tasso di successo di 100%. L&#039;azienda ha costruito una solida rete di vendita e distribuzione.","email":"info@kofinas.gr","telephone":"00302106081307","legalName":"KOFINAS SA","foundingDate":"1977-03-07","vatID":"EL081136701","duns":"503265836","numberOfEmployees":{"@type":"QuantitativeValue","minValue":"11","maxValue":"50"},"publishingPrinciples":"https:\/\/www.kofinas.gr\/%cf%80%ce%bf%ce%bb%ce%b9%cf%84%ce%b9%ce%ba%ce%ae-%ce%b5%cf%84%ce%b1%ce%b9%cf%81%ce%af%ce%b1%cf%82-%ce%ba%ce%bf%cf%86%ce%b9%ce%bd%ce%b1%cf%83-%ce%b1%ce%b5\/","ownershipFundingInfo":"https:\/\/www.kofinas.gr\/%ce%b5%cf%84%ce%b1%ce%b9%cf%81%ce%af%ce%b1\/","actionableFeedbackPolicy":"https:\/\/www.kofinas.gr\/prosopika-dedomena\/"}]}},"_links":{"self":[{"href":"https:\/\/www.kofinas.gr\/it\/wp-json\/wp\/v2\/pages\/1187","targetHints":{"allow":["GET"]}}],"collection":[{"href":"https:\/\/www.kofinas.gr\/it\/wp-json\/wp\/v2\/pages"}],"about":[{"href":"https:\/\/www.kofinas.gr\/it\/wp-json\/wp\/v2\/types\/page"}],"author":[{"embeddable":true,"href":"https:\/\/www.kofinas.gr\/it\/wp-json\/wp\/v2\/users\/3"}],"replies":[{"embeddable":true,"href":"https:\/\/www.kofinas.gr\/it\/wp-json\/wp\/v2\/comments?post=1187"}],"version-history":[{"count":0,"href":"https:\/\/www.kofinas.gr\/it\/wp-json\/wp\/v2\/pages\/1187\/revisions"}],"wp:featuredmedia":[{"embeddable":true,"href":"https:\/\/www.kofinas.gr\/it\/wp-json\/wp\/v2\/media\/16675"}],"wp:attachment":[{"href":"https:\/\/www.kofinas.gr\/it\/wp-json\/wp\/v2\/media?parent=1187"}],"curies":[{"name":"parola chiave","href":"https:\/\/api.w.org\/{rel}","templated":true}]}}