{"id":29915,"date":"2021-01-05T14:44:08","date_gmt":"2021-01-05T12:44:08","guid":{"rendered":"https:\/\/www.kofinas.gr\/?page_id=29915"},"modified":"2024-05-17T13:19:44","modified_gmt":"2024-05-17T10:19:44","slug":"galerie-prefabriquee-2","status":"publish","type":"page","link":"https:\/\/www.kofinas.gr\/fr\/galerie-prefabriquee-2\/","title":{"rendered":"Galerie - PR\u00c9FABRIQU\u00c9"},"content":{"rendered":"<h1 class=\"wp-block-heading\" id=\"h-gallery-\u03c0\u03c1\u03bf\u03ba\u03b1\u03c4\u03b1\u03c3\u03ba\u03b5\u03c5\u03b1\u03c3\u03bc\u03b5\u03bd\u03c9\u03bd\">Galerie - PR\u00c9FABRIQU\u00c9<\/h1>\n\n\n\n<p>Le site Internet de la soci\u00e9t\u00e9 Kofinas comprend une vaste galerie - Maisons PR\u00c9FABRIQU\u00c9ES, offrant une impressionnante collection de photos et de vid\u00e9os qui mettent en valeur la vari\u00e9t\u00e9 et la qualit\u00e9 de ses maisons. La galerie couvre de nombreux types de maisons, des petites maisons \u00e0 un ou deux \u00e9tages, aux villas de luxe et aux structures sp\u00e9cialis\u00e9es telles que les bureaux, les garages et les logements de vacances.<\/p>\n\n\n\n<p>Chaque r\u00e9sidence de la galerie est pr\u00e9sent\u00e9e avec des d\u00e9tails qui montrent la haute qualit\u00e9 de construction et la finition impeccable qui caract\u00e9rise l&#039;entreprise Kofinas. Les constructions sont con\u00e7ues pour allier esth\u00e9tique et fonctionnalit\u00e9, offrant confort et style \u00e0 leurs propri\u00e9taires. Les mat\u00e9riaux utilis\u00e9s sont d&#039;excellente qualit\u00e9, tandis que l&#039;entreprise met l&#039;accent sur la durabilit\u00e9 et l&#039;efficacit\u00e9 \u00e9nerg\u00e9tique de ses constructions.<\/p>\n\n\n\n<p>Le site Web de la galerie est facile \u00e0 utiliser et permet aux visiteurs de parcourir facilement les diff\u00e9rentes cat\u00e9gories de maisons. Les photos sont de haute r\u00e9solution, offrant une image claire de l&#039;int\u00e9rieur et de l&#039;ext\u00e9rieur des maisons. De plus, les vid\u00e9os donnent une pr\u00e9sentation en direct des maisons, offrant une impression r\u00e9aliste de l&#039;espace et de l&#039;agencement.<\/p>\n\n\n\n<p>Pour ceux qui souhaitent poss\u00e9der une maison pr\u00e9fabriqu\u00e9e, la galerie Kofina est une pr\u00e9cieuse source d&#039;inspiration et d&#039;informations. Les visiteurs peuvent voir des exemples r\u00e9els de projets, comparer diff\u00e9rentes conceptions et choisir le style qui leur convient le mieux. L&#039;entreprise propose \u00e9galement des solutions personnalis\u00e9es, afin que chaque maison r\u00e9ponde pleinement aux besoins et aux pr\u00e9f\u00e9rences des clients.<\/p>\n\n\n\n<p>Vous pouvez visiter la galerie des maisons pr\u00e9fabriqu\u00e9es de Kofina <a href=\"https:\/\/www.kofinas.gr\/fr\/galerie-prefabriquee-2\/\">ici<\/a> pour en d\u00e9couvrir davantage.<\/p>","protected":false},"excerpt":{"rendered":"<p>Galerie - Maisons pr\u00e9fabriqu\u00e9es. Le site web de Kofinas propose une vaste galerie de maisons pr\u00e9fabriqu\u00e9es, avec une impressionnante collection de photos et de vid\u00e9os mettant en valeur la vari\u00e9t\u00e9 et la qualit\u00e9 de ses maisons. La galerie pr\u00e9sente de nombreux types de maisons, des petites maisons de plain-pied et de deux \u00e9tages aux villas de luxe et aux structures sp\u00e9cialis\u00e9es telles que les bureaux, les garages et les h\u00e9bergements touristiques. Chaque [\u2026]<\/p>","protected":false},"author":3,"featured_media":29921,"parent":0,"menu_order":0,"comment_status":"closed","ping_status":"closed","template":"page-landing.php","meta":{"_acf_changed":false,"footnotes":""},"class_list":["post-29915","page","type-page","status-publish","has-post-thumbnail","hentry"],"acf":[],"yoast_head":"<!-- This site is optimized with the Yoast SEO Premium plugin v26.6 (Yoast SEO v26.6) - https:\/\/yoast.com\/wordpress\/plugins\/seo\/ -->\n<title>Gallery- \u03a0\u03a1\u039f\u039a\u0391\u03a4\u0391\u03a3\u039a\u0395\u03a5\u0391\u03a3\u039c\u0395\u039d\u03a9\u039d | \u039a\u03bf\u03c6\u03b9\u03bd\u03ac\u03c2 \u03a0\u03c1\u03bf\u03ba\u03b1\u03c4\u03b1\u03c3\u03ba\u03b5\u03c5\u03b1\u03c3\u03bc\u03ad\u03bd\u03b1 \u03c3\u03c0\u03af\u03c4\u03b9\u03b1 - \u03a0\u03c1\u03bf\u03ba\u03ac\u03c4<\/title>\n<meta name=\"description\" content=\"Gallery- \u03a0\u03a1\u039f\u039a\u0391\u03a4\u0391\u03a3\u039a\u0395\u03a5\u0391\u03a3\u039c\u0395\u039d\u03a9\u039d | \u0397 \u03b9\u03c3\u03c4\u03bf\u03c3\u03b5\u03bb\u03af\u03b4\u03b1 \u03c4\u03b7\u03c2 \u03b5\u03c4\u03b1\u03b9\u03c1\u03af\u03b1\u03c2 \u039a\u03bf\u03c6\u03b9\u03bd\u03ac\u03c2 \u03c0\u03b5\u03c1\u03b9\u03bb\u03b1\u03bc\u03b2\u03ac\u03bd\u03b5\u03b9 \u03bc\u03b9\u03b1 \u03b5\u03ba\u03c4\u03b5\u03bd\u03ae \u03b3\u03ba\u03b1\u03bb\u03b5\u03c1\u03af \u03c0\u03c1\u03bf\u03ba\u03b1\u03c4\u03b1\u03c3\u03ba\u03b5\u03c5\u03b1\u03c3\u03bc\u03ad\u03bd\u03c9\u03bd \u03bf\u03b9\u03ba\u03b9\u03ce\u03bd,\" \/>\n<meta name=\"robots\" content=\"index, follow, max-snippet:-1, max-image-preview:large, max-video-preview:-1\" \/>\n<link rel=\"canonical\" href=\"https:\/\/www.kofinas.gr\/fr\/galerie-prefabriquee-2\/\" \/>\n<meta property=\"og:locale\" content=\"fr_FR\" \/>\n<meta property=\"og:type\" content=\"article\" \/>\n<meta property=\"og:title\" content=\"Gallery- \u03a0\u03a1\u039f\u039a\u0391\u03a4\u0391\u03a3\u039a\u0395\u03a5\u0391\u03a3\u039c\u0395\u039d\u03a9\u039d\" \/>\n<meta property=\"og:description\" content=\"Gallery- \u03a0\u03a1\u039f\u039a\u0391\u03a4\u0391\u03a3\u039a\u0395\u03a5\u0391\u03a3\u039c\u0395\u039d\u03a9\u039d | \u0397 \u03b9\u03c3\u03c4\u03bf\u03c3\u03b5\u03bb\u03af\u03b4\u03b1 \u03c4\u03b7\u03c2 \u03b5\u03c4\u03b1\u03b9\u03c1\u03af\u03b1\u03c2 \u039a\u03bf\u03c6\u03b9\u03bd\u03ac\u03c2 \u03c0\u03b5\u03c1\u03b9\u03bb\u03b1\u03bc\u03b2\u03ac\u03bd\u03b5\u03b9 \u03bc\u03b9\u03b1 \u03b5\u03ba\u03c4\u03b5\u03bd\u03ae \u03b3\u03ba\u03b1\u03bb\u03b5\u03c1\u03af \u03c0\u03c1\u03bf\u03ba\u03b1\u03c4\u03b1\u03c3\u03ba\u03b5\u03c5\u03b1\u03c3\u03bc\u03ad\u03bd\u03c9\u03bd \u03bf\u03b9\u03ba\u03b9\u03ce\u03bd,\" \/>\n<meta property=\"og:url\" content=\"https:\/\/www.kofinas.gr\/fr\/galerie-prefabriquee-2\/\" \/>\n<meta property=\"og:site_name\" content=\"\u039a\u03bf\u03c6\u03b9\u03bd\u03ac\u03c2 \u03a0\u03c1\u03bf\u03ba\u03b1\u03c4\u03b1\u03c3\u03ba\u03b5\u03c5\u03b1\u03c3\u03bc\u03ad\u03bd\u03b1 \u03c3\u03c0\u03af\u03c4\u03b9\u03b1 - \u03a0\u03c1\u03bf\u03ba\u03ac\u03c4\" \/>\n<meta property=\"article:publisher\" content=\"https:\/\/www.facebook.com\/kofinas.prokataskevasmena\" \/>\n<meta property=\"article:modified_time\" content=\"2024-05-17T10:19:44+00:00\" \/>\n<meta property=\"og:image\" content=\"https:\/\/www.kofinas.gr\/wp-content\/uploads\/2021\/01\/Gallery-1.jpg\" \/>\n\t<meta property=\"og:image:width\" content=\"960\" \/>\n\t<meta property=\"og:image:height\" content=\"639\" \/>\n\t<meta property=\"og:image:type\" content=\"image\/jpeg\" \/>\n<meta name=\"twitter:card\" content=\"summary_large_image\" \/>\n<meta name=\"twitter:site\" content=\"@kofinas_prokat\" \/>\n<meta name=\"twitter:label1\" content=\"Dur\u00e9e de lecture estim\u00e9e\" \/>\n\t<meta name=\"twitter:data1\" content=\"2 minutes\" \/>\n<script type=\"application\/ld+json\" class=\"yoast-schema-graph\">{\"@context\":\"https:\/\/schema.org\",\"@graph\":[{\"@type\":\"WebPage\",\"@id\":\"https:\/\/www.kofinas.gr\/bg\/%d1%81%d0%b3%d0%bb%d0%be%d0%b1%d1%8f%d0%b5%d0%bc%d0%b0-%d0%b3%d0%b0%d0%bb%d0%b5%d1%80%d0%b8%d1%8f-3\/\",\"url\":\"https:\/\/www.kofinas.gr\/bg\/%d1%81%d0%b3%d0%bb%d0%be%d0%b1%d1%8f%d0%b5%d0%bc%d0%b0-%d0%b3%d0%b0%d0%bb%d0%b5%d1%80%d0%b8%d1%8f-3\/\",\"name\":\"Gallery- \u03a0\u03a1\u039f\u039a\u0391\u03a4\u0391\u03a3\u039a\u0395\u03a5\u0391\u03a3\u039c\u0395\u039d\u03a9\u039d | \u039a\u03bf\u03c6\u03b9\u03bd\u03ac\u03c2 \u03a0\u03c1\u03bf\u03ba\u03b1\u03c4\u03b1\u03c3\u03ba\u03b5\u03c5\u03b1\u03c3\u03bc\u03ad\u03bd\u03b1 \u03c3\u03c0\u03af\u03c4\u03b9\u03b1 - \u03a0\u03c1\u03bf\u03ba\u03ac\u03c4\",\"isPartOf\":{\"@id\":\"https:\/\/www.kofinas.gr\/#website\"},\"primaryImageOfPage\":{\"@id\":\"https:\/\/www.kofinas.gr\/bg\/%d1%81%d0%b3%d0%bb%d0%be%d0%b1%d1%8f%d0%b5%d0%bc%d0%b0-%d0%b3%d0%b0%d0%bb%d0%b5%d1%80%d0%b8%d1%8f-3\/#primaryimage\"},\"image\":{\"@id\":\"https:\/\/www.kofinas.gr\/bg\/%d1%81%d0%b3%d0%bb%d0%be%d0%b1%d1%8f%d0%b5%d0%bc%d0%b0-%d0%b3%d0%b0%d0%bb%d0%b5%d1%80%d0%b8%d1%8f-3\/#primaryimage\"},\"thumbnailUrl\":\"https:\/\/www.kofinas.gr\/wp-content\/uploads\/2021\/01\/Gallery-1.jpg\",\"datePublished\":\"2021-01-05T12:44:08+00:00\",\"dateModified\":\"2024-05-17T10:19:44+00:00\",\"description\":\"Gallery- \u03a0\u03a1\u039f\u039a\u0391\u03a4\u0391\u03a3\u039a\u0395\u03a5\u0391\u03a3\u039c\u0395\u039d\u03a9\u039d | \u0397 \u03b9\u03c3\u03c4\u03bf\u03c3\u03b5\u03bb\u03af\u03b4\u03b1 \u03c4\u03b7\u03c2 \u03b5\u03c4\u03b1\u03b9\u03c1\u03af\u03b1\u03c2 \u039a\u03bf\u03c6\u03b9\u03bd\u03ac\u03c2 \u03c0\u03b5\u03c1\u03b9\u03bb\u03b1\u03bc\u03b2\u03ac\u03bd\u03b5\u03b9 \u03bc\u03b9\u03b1 \u03b5\u03ba\u03c4\u03b5\u03bd\u03ae \u03b3\u03ba\u03b1\u03bb\u03b5\u03c1\u03af \u03c0\u03c1\u03bf\u03ba\u03b1\u03c4\u03b1\u03c3\u03ba\u03b5\u03c5\u03b1\u03c3\u03bc\u03ad\u03bd\u03c9\u03bd \u03bf\u03b9\u03ba\u03b9\u03ce\u03bd,\",\"breadcrumb\":{\"@id\":\"https:\/\/www.kofinas.gr\/bg\/%d1%81%d0%b3%d0%bb%d0%be%d0%b1%d1%8f%d0%b5%d0%bc%d0%b0-%d0%b3%d0%b0%d0%bb%d0%b5%d1%80%d0%b8%d1%8f-3\/#breadcrumb\"},\"inLanguage\":\"fr-FR\",\"potentialAction\":[{\"@type\":\"ReadAction\",\"target\":[\"https:\/\/www.kofinas.gr\/bg\/%d1%81%d0%b3%d0%bb%d0%be%d0%b1%d1%8f%d0%b5%d0%bc%d0%b0-%d0%b3%d0%b0%d0%bb%d0%b5%d1%80%d0%b8%d1%8f-3\/\"]}]},{\"@type\":\"ImageObject\",\"inLanguage\":\"fr-FR\",\"@id\":\"https:\/\/www.kofinas.gr\/bg\/%d1%81%d0%b3%d0%bb%d0%be%d0%b1%d1%8f%d0%b5%d0%bc%d0%b0-%d0%b3%d0%b0%d0%bb%d0%b5%d1%80%d0%b8%d1%8f-3\/#primaryimage\",\"url\":\"https:\/\/www.kofinas.gr\/wp-content\/uploads\/2021\/01\/Gallery-1.jpg\",\"contentUrl\":\"https:\/\/www.kofinas.gr\/wp-content\/uploads\/2021\/01\/Gallery-1.jpg\",\"width\":960,\"height\":639,\"caption\":\"Prokataskeuasmena spitia KOFINAS SA, Energeiaki apodosi, antiseismika, xamili katanalwsi, villa,oikologiki katoikia\"},{\"@type\":\"BreadcrumbList\",\"@id\":\"https:\/\/www.kofinas.gr\/bg\/%d1%81%d0%b3%d0%bb%d0%be%d0%b1%d1%8f%d0%b5%d0%bc%d0%b0-%d0%b3%d0%b0%d0%bb%d0%b5%d1%80%d0%b8%d1%8f-3\/#breadcrumb\",\"itemListElement\":[{\"@type\":\"ListItem\",\"position\":1,\"name\":\"Home\",\"item\":\"https:\/\/www.kofinas.gr\/\"},{\"@type\":\"ListItem\",\"position\":2,\"name\":\"Gallery- \u03a0\u03a1\u039f\u039a\u0391\u03a4\u0391\u03a3\u039a\u0395\u03a5\u0391\u03a3\u039c\u0395\u039d\u03a9\u039d\"}]},{\"@type\":\"WebSite\",\"@id\":\"https:\/\/www.kofinas.gr\/#website\",\"url\":\"https:\/\/www.kofinas.gr\/\",\"name\":\"\u039a\u03bf\u03c6\u03b9\u03bd\u03ac\u03c2 \u03a0\u03c1\u03bf\u03ba\u03b1\u03c4\u03b1\u03c3\u03ba\u03b5\u03c5\u03b1\u03c3\u03bc\u03ad\u03bd\u03b1 \u03c3\u03c0\u03af\u03c4\u03b9\u03b1 - \u03a0\u03c1\u03bf\u03ba\u03ac\u03c4\",\"description\":\"\u039a\u03b1\u03c4\u03b1\u03c3\u03ba\u03b5\u03c5\u03ac\u03b6\u03bf\u03c5\u03bc\u03b5 \u03c4\u03bf \u03c3\u03c0\u03af\u03c4\u03b9 \u03c3\u03b1\u03c2 \u03c3\u03c4\u03b7\u03bd \u03b5\u03bb\u03bb\u03ac\u03b4\u03b1 \u03ba\u03b1\u03b9 \u03bf\u03c0\u03bf\u03c5\u03b4\u03ae\u03c0\u03bf\u03c4\u03b5 \u03c3\u03c4\u03b7\u03bd \u0395\u03c5\u03c1\u03ce\u03c0\u03b7!\",\"publisher\":{\"@id\":\"https:\/\/www.kofinas.gr\/#organization\"},\"alternateName\":\"\u039a\u039f\u03a6\u0399\u039d\u0391\u03a3 \u03a0\u03c1\u03bf\u03ba\u03b1\u03c4\u03b1\u03c3\u03ba\u03b5\u03c5\u03b1\u03c3\u03bc\u03ad\u03bd\u03b1 \u03a3\u03c0\u03af\u03c4\u03b9\u03b1 \u03ba\u03b1\u03b9 \u03a4\u03bf\u03c5\u03c1\u03b9\u03c3\u03c4\u03b9\u03ba\u03ac \u039a\u03b1\u03c4\u03b1\u03bb\u03cd\u03bc\u03b1\u03c4\u03b1\",\"potentialAction\":[{\"@type\":\"SearchAction\",\"target\":{\"@type\":\"EntryPoint\",\"urlTemplate\":\"https:\/\/www.kofinas.gr\/?s={search_term_string}\"},\"query-input\":{\"@type\":\"PropertyValueSpecification\",\"valueRequired\":true,\"valueName\":\"search_term_string\"}}],\"inLanguage\":\"fr-FR\"},{\"@type\":\"Organization\",\"@id\":\"https:\/\/www.kofinas.gr\/#organization\",\"name\":\"Kofinas SA\",\"alternateName\":\"Construction Company that constuct Prefabricated houses\",\"url\":\"https:\/\/www.kofinas.gr\/\",\"logo\":{\"@type\":\"ImageObject\",\"inLanguage\":\"fr-FR\",\"@id\":\"https:\/\/www.kofinas.gr\/#\/schema\/logo\/image\/\",\"url\":\"https:\/\/www.kofinas.gr\/wp-content\/uploads\/2025\/03\/360new-logo-25.gif\",\"contentUrl\":\"https:\/\/www.kofinas.gr\/wp-content\/uploads\/2025\/03\/360new-logo-25.gif\",\"width\":230,\"height\":70,\"caption\":\"Kofinas SA\"},\"image\":{\"@id\":\"https:\/\/www.kofinas.gr\/#\/schema\/logo\/image\/\"},\"sameAs\":[\"https:\/\/www.facebook.com\/kofinas.prokataskevasmena\",\"https:\/\/x.com\/kofinas_prokat\",\"https:\/\/www.linkedin.com\/company\/kofinas-sa\",\"https:\/\/www.instagram.com\/kofinasprefab\/\",\"https:\/\/www.youtube.com\/channel\/UCEAifY31SuyQHHz_I3P4IVg\"],\"description\":\"KOFINAS SA \u2013 Prefabricated Homes Founded Legacy & Innovation Established in 1977, KOFINAS SA has grown into one of Greece\u2019s leading firms in the prefabricated housing sector. Their philosophy underscores continuous innovation\u2014they don't aim to build more homes, but to build better homes Strength & Certification The company's unique construction system has undergone rigorous experimental testing at the National Technical University of Athens, proving its durability well beyond natural endurance limits. Innovations introduced by KOFINAS are internationally recognized and certified. Sustainability & Eco Friendly Building KOFINAS uses Swedish and Finnish timber as its primary construction material, achieving a notably low carbon footprint: replacing conventional materials with wood reduces carbon dioxide emissions by 1.1 tons per cubic meter. In collaboration with Nordic sawmills, for every tree harvested, three to five new trees are planted, resulting in a negative carbon footprint. Additionally, their homes feature bioclimatic design and achieve energy consumption reductions of 75%\u201380% compared to conventional buildings\u2014often earning them energy efficiency A certificates. Advanced Production Facilities KOFINAS operates a modern factory, built to European standards, with ISO 14001 certification\u2014ensuring top-tier quality and environmental management in prefabricated housing production. Wide Range of Custom Designs Their catalog includes single , two , and three story homes, ground floor units with lofts, passive houses, and tourist accommodations. They also offer the \u201cFlexyHome\u201d series and Finnlamelli Finnish log houses, providing versatility to meet diverse aesthetic and functional needs. Experienced Team & Nationwide Network KOFINAS boasts a skilled, multidisciplinary team\u2014including civil and architectural engineers\u2014who oversee design, permit processing, and project implementation with a 100% success rate. The company has built a robust sales and distribution network\",\"email\":\"info@kofinas.gr\",\"telephone\":\"00302106081307\",\"legalName\":\"KOFINAS SA\",\"foundingDate\":\"1977-03-07\",\"vatID\":\"EL081136701\",\"duns\":\"503265836\",\"numberOfEmployees\":{\"@type\":\"QuantitativeValue\",\"minValue\":\"11\",\"maxValue\":\"50\"},\"publishingPrinciples\":\"https:\/\/www.kofinas.gr\/%cf%80%ce%bf%ce%bb%ce%b9%cf%84%ce%b9%ce%ba%ce%ae-%ce%b5%cf%84%ce%b1%ce%b9%cf%81%ce%af%ce%b1%cf%82-%ce%ba%ce%bf%cf%86%ce%b9%ce%bd%ce%b1%cf%83-%ce%b1%ce%b5\/\",\"ownershipFundingInfo\":\"https:\/\/www.kofinas.gr\/%ce%b5%cf%84%ce%b1%ce%b9%cf%81%ce%af%ce%b1\/\",\"actionableFeedbackPolicy\":\"https:\/\/www.kofinas.gr\/prosopika-dedomena\/\"}]}<\/script>\n<!-- \/ Yoast SEO Premium plugin. -->","yoast_head_json":{"title":"Galerie - Maisons pr\u00e9fabriqu\u00e9es | Maisons pr\u00e9fabriqu\u00e9es Kofinas - Pr\u00e9fabriqu\u00e9es","description":"Galerie - PR\u00c9FABRIQU\u00c9 | Le site Web de la soci\u00e9t\u00e9 Kofinas comprend une vaste galerie de maisons pr\u00e9fabriqu\u00e9es,","robots":{"index":"index","follow":"follow","max-snippet":"max-snippet:-1","max-image-preview":"max-image-preview:large","max-video-preview":"max-video-preview:-1"},"canonical":"https:\/\/www.kofinas.gr\/fr\/galerie-prefabriquee-2\/","og_locale":"fr_FR","og_type":"article","og_title":"Gallery- \u03a0\u03a1\u039f\u039a\u0391\u03a4\u0391\u03a3\u039a\u0395\u03a5\u0391\u03a3\u039c\u0395\u039d\u03a9\u039d","og_description":"Gallery- \u03a0\u03a1\u039f\u039a\u0391\u03a4\u0391\u03a3\u039a\u0395\u03a5\u0391\u03a3\u039c\u0395\u039d\u03a9\u039d | \u0397 \u03b9\u03c3\u03c4\u03bf\u03c3\u03b5\u03bb\u03af\u03b4\u03b1 \u03c4\u03b7\u03c2 \u03b5\u03c4\u03b1\u03b9\u03c1\u03af\u03b1\u03c2 \u039a\u03bf\u03c6\u03b9\u03bd\u03ac\u03c2 \u03c0\u03b5\u03c1\u03b9\u03bb\u03b1\u03bc\u03b2\u03ac\u03bd\u03b5\u03b9 \u03bc\u03b9\u03b1 \u03b5\u03ba\u03c4\u03b5\u03bd\u03ae \u03b3\u03ba\u03b1\u03bb\u03b5\u03c1\u03af \u03c0\u03c1\u03bf\u03ba\u03b1\u03c4\u03b1\u03c3\u03ba\u03b5\u03c5\u03b1\u03c3\u03bc\u03ad\u03bd\u03c9\u03bd \u03bf\u03b9\u03ba\u03b9\u03ce\u03bd,","og_url":"https:\/\/www.kofinas.gr\/fr\/galerie-prefabriquee-2\/","og_site_name":"\u039a\u03bf\u03c6\u03b9\u03bd\u03ac\u03c2 \u03a0\u03c1\u03bf\u03ba\u03b1\u03c4\u03b1\u03c3\u03ba\u03b5\u03c5\u03b1\u03c3\u03bc\u03ad\u03bd\u03b1 \u03c3\u03c0\u03af\u03c4\u03b9\u03b1 - \u03a0\u03c1\u03bf\u03ba\u03ac\u03c4","article_publisher":"https:\/\/www.facebook.com\/kofinas.prokataskevasmena","article_modified_time":"2024-05-17T10:19:44+00:00","og_image":[{"width":960,"height":639,"url":"https:\/\/www.kofinas.gr\/wp-content\/uploads\/2021\/01\/Gallery-1.jpg","type":"image\/jpeg"}],"twitter_card":"summary_large_image","twitter_site":"@kofinas_prokat","twitter_misc":{"Dur\u00e9e de lecture estim\u00e9e":"2 minutes"},"schema":{"@context":"https:\/\/schema.org","@graph":[{"@type":"WebPage","@id":"https:\/\/www.kofinas.gr\/bg\/%d1%81%d0%b3%d0%bb%d0%be%d0%b1%d1%8f%d0%b5%d0%bc%d0%b0-%d0%b3%d0%b0%d0%bb%d0%b5%d1%80%d0%b8%d1%8f-3\/","url":"https:\/\/www.kofinas.gr\/bg\/%d1%81%d0%b3%d0%bb%d0%be%d0%b1%d1%8f%d0%b5%d0%bc%d0%b0-%d0%b3%d0%b0%d0%bb%d0%b5%d1%80%d0%b8%d1%8f-3\/","name":"Galerie - Maisons pr\u00e9fabriqu\u00e9es | Maisons pr\u00e9fabriqu\u00e9es Kofinas - Pr\u00e9fabriqu\u00e9es","isPartOf":{"@id":"https:\/\/www.kofinas.gr\/#website"},"primaryImageOfPage":{"@id":"https:\/\/www.kofinas.gr\/bg\/%d1%81%d0%b3%d0%bb%d0%be%d0%b1%d1%8f%d0%b5%d0%bc%d0%b0-%d0%b3%d0%b0%d0%bb%d0%b5%d1%80%d0%b8%d1%8f-3\/#primaryimage"},"image":{"@id":"https:\/\/www.kofinas.gr\/bg\/%d1%81%d0%b3%d0%bb%d0%be%d0%b1%d1%8f%d0%b5%d0%bc%d0%b0-%d0%b3%d0%b0%d0%bb%d0%b5%d1%80%d0%b8%d1%8f-3\/#primaryimage"},"thumbnailUrl":"https:\/\/www.kofinas.gr\/wp-content\/uploads\/2021\/01\/Gallery-1.jpg","datePublished":"2021-01-05T12:44:08+00:00","dateModified":"2024-05-17T10:19:44+00:00","description":"Galerie - PR\u00c9FABRIQU\u00c9 | Le site Web de la soci\u00e9t\u00e9 Kofinas comprend une vaste galerie de maisons pr\u00e9fabriqu\u00e9es,","breadcrumb":{"@id":"https:\/\/www.kofinas.gr\/bg\/%d1%81%d0%b3%d0%bb%d0%be%d0%b1%d1%8f%d0%b5%d0%bc%d0%b0-%d0%b3%d0%b0%d0%bb%d0%b5%d1%80%d0%b8%d1%8f-3\/#breadcrumb"},"inLanguage":"fr-FR","potentialAction":[{"@type":"ReadAction","target":["https:\/\/www.kofinas.gr\/bg\/%d1%81%d0%b3%d0%bb%d0%be%d0%b1%d1%8f%d0%b5%d0%bc%d0%b0-%d0%b3%d0%b0%d0%bb%d0%b5%d1%80%d0%b8%d1%8f-3\/"]}]},{"@type":"ImageObject","inLanguage":"fr-FR","@id":"https:\/\/www.kofinas.gr\/bg\/%d1%81%d0%b3%d0%bb%d0%be%d0%b1%d1%8f%d0%b5%d0%bc%d0%b0-%d0%b3%d0%b0%d0%bb%d0%b5%d1%80%d0%b8%d1%8f-3\/#primaryimage","url":"https:\/\/www.kofinas.gr\/wp-content\/uploads\/2021\/01\/Gallery-1.jpg","contentUrl":"https:\/\/www.kofinas.gr\/wp-content\/uploads\/2021\/01\/Gallery-1.jpg","width":960,"height":639,"caption":"Prokataskeuasmena spitia KOFINAS SA, Energeiaki apodosi, antiseismika, xamili katanalwsi, villa,oikologiki katoikia"},{"@type":"BreadcrumbList","@id":"https:\/\/www.kofinas.gr\/bg\/%d1%81%d0%b3%d0%bb%d0%be%d0%b1%d1%8f%d0%b5%d0%bc%d0%b0-%d0%b3%d0%b0%d0%bb%d0%b5%d1%80%d0%b8%d1%8f-3\/#breadcrumb","itemListElement":[{"@type":"ListItem","position":1,"name":"Home","item":"https:\/\/www.kofinas.gr\/"},{"@type":"ListItem","position":2,"name":"Gallery- \u03a0\u03a1\u039f\u039a\u0391\u03a4\u0391\u03a3\u039a\u0395\u03a5\u0391\u03a3\u039c\u0395\u039d\u03a9\u039d"}]},{"@type":"WebSite","@id":"https:\/\/www.kofinas.gr\/#website","url":"https:\/\/www.kofinas.gr\/","name":"Kofinas Maisons pr\u00e9fabriqu\u00e9es - Pr\u00e9fabriqu\u00e9es","description":"Nous construisons votre maison en Gr\u00e8ce et partout en Europe !","publisher":{"@id":"https:\/\/www.kofinas.gr\/#organization"},"alternateName":"\u039a\u039f\u03a6\u0399\u039d\u0391\u03a3 \u03a0\u03c1\u03bf\u03ba\u03b1\u03c4\u03b1\u03c3\u03ba\u03b5\u03c5\u03b1\u03c3\u03bc\u03ad\u03bd\u03b1 \u03a3\u03c0\u03af\u03c4\u03b9\u03b1 \u03ba\u03b1\u03b9 \u03a4\u03bf\u03c5\u03c1\u03b9\u03c3\u03c4\u03b9\u03ba\u03ac \u039a\u03b1\u03c4\u03b1\u03bb\u03cd\u03bc\u03b1\u03c4\u03b1","potentialAction":[{"@type":"SearchAction","target":{"@type":"EntryPoint","urlTemplate":"https:\/\/www.kofinas.gr\/?s={search_term_string}"},"query-input":{"@type":"PropertyValueSpecification","valueRequired":true,"valueName":"search_term_string"}}],"inLanguage":"fr-FR"},{"@type":"Organization","@id":"https:\/\/www.kofinas.gr\/#organization","name":"Kofinas SA","alternateName":"Construction Company that constuct Prefabricated houses","url":"https:\/\/www.kofinas.gr\/","logo":{"@type":"ImageObject","inLanguage":"fr-FR","@id":"https:\/\/www.kofinas.gr\/#\/schema\/logo\/image\/","url":"https:\/\/www.kofinas.gr\/wp-content\/uploads\/2025\/03\/360new-logo-25.gif","contentUrl":"https:\/\/www.kofinas.gr\/wp-content\/uploads\/2025\/03\/360new-logo-25.gif","width":230,"height":70,"caption":"Kofinas SA"},"image":{"@id":"https:\/\/www.kofinas.gr\/#\/schema\/logo\/image\/"},"sameAs":["https:\/\/www.facebook.com\/kofinas.prokataskevasmena","https:\/\/x.com\/kofinas_prokat","https:\/\/www.linkedin.com\/company\/kofinas-sa","https:\/\/www.instagram.com\/kofinasprefab\/","https:\/\/www.youtube.com\/channel\/UCEAifY31SuyQHHz_I3P4IVg"],"description":"KOFINAS SA \u2013 Maisons pr\u00e9fabriqu\u00e9es Fond\u00e9e H\u00e9ritage et innovation Fond\u00e9e en 1977, KOFINAS SA est devenue l&#039;une des entreprises leaders en Gr\u00e8ce dans le secteur des maisons pr\u00e9fabriqu\u00e9es. Leur philosophie met l&#039;accent sur l&#039;innovation continue : ils ne visent pas \u00e0 construire plus de maisons, mais \u00e0 construire de meilleures maisons. Force et certification Le syst\u00e8me de construction unique de l&#039;entreprise a subi des tests exp\u00e9rimentaux rigoureux \u00e0 l&#039;Universit\u00e9 technique nationale d&#039;Ath\u00e8nes, prouvant sa durabilit\u00e9 bien au-del\u00e0 des limites d&#039;endurance naturelles. Les innovations introduites par KOFINAS sont reconnues et certifi\u00e9es \u00e0 l&#039;\u00e9chelle internationale. Durabilit\u00e9 et construction \u00e9cologique KOFINAS utilise du bois su\u00e9dois et finlandais comme principal mat\u00e9riau de construction, ce qui permet d&#039;obtenir une empreinte carbone remarquablement faible : le remplacement des mat\u00e9riaux conventionnels par du bois r\u00e9duit les \u00e9missions de dioxyde de carbone de 1,1 tonne par m\u00e8tre cube. En collaboration avec des scieries nordiques, pour chaque arbre r\u00e9colt\u00e9, trois \u00e0 cinq nouveaux arbres sont plant\u00e9s, ce qui entra\u00eene une empreinte carbone n\u00e9gative. De plus, leurs maisons b\u00e9n\u00e9ficient d&#039;une conception bioclimatique et permettent de r\u00e9duire la consommation d&#039;\u00e9nergie de 75% \u00e0 80% par rapport aux b\u00e2timents conventionnels, ce qui leur vaut souvent des certificats d&#039;efficacit\u00e9 \u00e9nerg\u00e9tique A. Installations de production avanc\u00e9es KOFINAS exploite une usine moderne, construite selon les normes europ\u00e9ennes et certifi\u00e9e ISO 14001, garantissant une qualit\u00e9 et une gestion environnementale de premier ordre dans la production de logements pr\u00e9fabriqu\u00e9s. Large gamme de conceptions sur mesure Leur catalogue comprend des maisons de plain-pied, de deux et trois \u00e9tages, des unit\u00e9s de plain-pied avec lofts, des maisons passives et des h\u00e9bergements touristiques. Ils proposent \u00e9galement la s\u00e9rie \u00ab FlexyHome \u00bb et les maisons en bois finlandais Finnlamelli, offrant une polyvalence pour r\u00e9pondre \u00e0 divers besoins esth\u00e9tiques et fonctionnels. \u00c9quipe exp\u00e9riment\u00e9e et r\u00e9seau national KOFINAS dispose d&#039;une \u00e9quipe qualifi\u00e9e et pluridisciplinaire, compos\u00e9e d&#039;ing\u00e9nieurs civils et architectes, qui supervise la conception, le traitement des permis et la mise en \u0153uvre des projets avec un taux de r\u00e9ussite de 100%. L&#039;entreprise a b\u00e2ti un solide r\u00e9seau de vente et de distribution.","email":"info@kofinas.gr","telephone":"00302106081307","legalName":"KOFINAS SA","foundingDate":"1977-03-07","vatID":"EL081136701","duns":"503265836","numberOfEmployees":{"@type":"QuantitativeValue","minValue":"11","maxValue":"50"},"publishingPrinciples":"https:\/\/www.kofinas.gr\/%cf%80%ce%bf%ce%bb%ce%b9%cf%84%ce%b9%ce%ba%ce%ae-%ce%b5%cf%84%ce%b1%ce%b9%cf%81%ce%af%ce%b1%cf%82-%ce%ba%ce%bf%cf%86%ce%b9%ce%bd%ce%b1%cf%83-%ce%b1%ce%b5\/","ownershipFundingInfo":"https:\/\/www.kofinas.gr\/%ce%b5%cf%84%ce%b1%ce%b9%cf%81%ce%af%ce%b1\/","actionableFeedbackPolicy":"https:\/\/www.kofinas.gr\/prosopika-dedomena\/"}]}},"_links":{"self":[{"href":"https:\/\/www.kofinas.gr\/fr\/wp-json\/wp\/v2\/pages\/29915","targetHints":{"allow":["GET"]}}],"collection":[{"href":"https:\/\/www.kofinas.gr\/fr\/wp-json\/wp\/v2\/pages"}],"about":[{"href":"https:\/\/www.kofinas.gr\/fr\/wp-json\/wp\/v2\/types\/page"}],"author":[{"embeddable":true,"href":"https:\/\/www.kofinas.gr\/fr\/wp-json\/wp\/v2\/users\/3"}],"replies":[{"embeddable":true,"href":"https:\/\/www.kofinas.gr\/fr\/wp-json\/wp\/v2\/comments?post=29915"}],"version-history":[{"count":5,"href":"https:\/\/www.kofinas.gr\/fr\/wp-json\/wp\/v2\/pages\/29915\/revisions"}],"predecessor-version":[{"id":97718,"href":"https:\/\/www.kofinas.gr\/fr\/wp-json\/wp\/v2\/pages\/29915\/revisions\/97718"}],"wp:featuredmedia":[{"embeddable":true,"href":"https:\/\/www.kofinas.gr\/fr\/wp-json\/wp\/v2\/media\/29921"}],"wp:attachment":[{"href":"https:\/\/www.kofinas.gr\/fr\/wp-json\/wp\/v2\/media?parent=29915"}],"curies":[{"name":"wp","href":"https:\/\/api.w.org\/{rel}","templated":true}]}}