{"id":1486,"date":"2016-08-05T17:14:32","date_gmt":"2016-08-05T14:14:32","guid":{"rendered":"https:\/\/www.kofinas.gr\/?page_id=1486"},"modified":"2020-02-25T23:27:21","modified_gmt":"2020-02-25T21:27:21","slug":"philosophie-2","status":"publish","type":"page","link":"https:\/\/www.kofinas.gr\/fr\/pourquoi-une-maison-flexible-kofinas\/philosophie-2\/","title":{"rendered":"Qu&#039;est-ce que FlexyHome ?"},"content":{"rendered":"<p>Le test\u00e9 par <strong>Universit\u00e9 technique nationale d&#039;Ath\u00e8nes<\/strong> syst\u00e8me de construction d&#039;entreprise <img decoding=\"async\" src=\"\/wp-content\/uploads\/kofinas\/koflogo.png\">, qui <strong>experts et scientifiques surpris<\/strong>, est investi \u00e0 l&#039;ext\u00e9rieur avec <img decoding=\"async\" src=\"\/wp-content\/uploads\/kofinas\/logocanexel.png\"> et le cr\u00e9e <img decoding=\"async\" src=\"\/wp-content\/uploads\/kofinas\/flxhm.png\">, la r\u00e9sidence qui r\u00e9pond \u00e0 tous les besoins !<\/p>\n<p style=\"text-align: justify;\"><strong>\u2022 Pour r\u00e9sidence principale<br \/>\n\u2022 Pour une maison de campagne<br \/>\n\u2022 Pour l&#039;h\u00e9bergement touristique<br \/>\n\u2022 Pour chaque utilisation\u2026<br \/>\n<\/strong><\/p>\n<p>Les maisons <img decoding=\"async\" src=\"\/wp-content\/uploads\/kofinas\/flxhm.png\"> gr\u00e2ce \u00e0 <img decoding=\"async\" src=\"\/wp-content\/uploads\/kofinas\/logocanexel.png\"> caract\u00e9ris\u00e9 par:<\/p>\n<p style=\"text-align: justify;\"><strong>a) de leur grande adaptabilit\u00e9 \u00e0 toutes les zones climatiques, m\u00eame les plus d\u00e9favorables.<br \/>\nb) de leur r\u00e9sistance aux brusques changements de temp\u00e9rature froid-chaud.<br \/>\nc) de leur \u00e9norme r\u00e9sistance \u00e0 l&#039;humidit\u00e9.<\/strong><\/p>\n<p>La <img decoding=\"async\" src=\"\/wp-content\/uploads\/kofinas\/logocanexel.png\"> c&#039;est un produit <strong>bois<\/strong> pour le rev\u00eatement en ma\u00e7onnerie, utilis\u00e9 depuis des d\u00e9cennies dans <strong>grandes constructions et r\u00e9sidences<\/strong> en Europe et en Am\u00e9rique.<\/p>\n<p><strong>\u2022 Il est sp\u00e9cialement trait\u00e9 avec de la cire et des r\u00e9sines pour qu&#039;il ne se d\u00e9forme pas, ne se froisse pas et ne vieillisse pas.<br \/>\n\u2022 Il est peint en usine et b\u00e9n\u00e9ficie d&#039;une garantie d&#039;usine de 10 ans sur sa couleur, choisie dans le nuancier de l&#039;entreprise, pour satisfaire tous les go\u00fbts !<\/strong><\/p>\n<p>La <img decoding=\"async\" src=\"\/wp-content\/uploads\/kofinas\/flxhm.png\"> est <strong>s\u00e9rie \u00e0 la pointe de la technologie<\/strong> des maisons de soci\u00e9t\u00e9 <img decoding=\"async\" src=\"\/wp-content\/uploads\/kofinas\/koflogo.png\">, qui a cr\u00e9\u00e9 des conceptions de logement sp\u00e9cifiques afin qu&#039;elles soient <strong>financi\u00e8rement<\/strong> mais sans manquer l&#039;incomparable <strong> qualit\u00e9 et durabilit\u00e9<\/strong> des constructions de l&#039;entreprise <img decoding=\"async\" src=\"\/wp-content\/uploads\/kofinas\/koflogo.png\">.<\/p>\n<p><center><img decoding=\"async\" src=\"\/wp-content\/uploads\/flexyhome-philosophy.jpg\"><\/center><\/p>","protected":false},"excerpt":{"rendered":"<p>Le syst\u00e8me de construction de l&#039;entreprise test\u00e9 par l&#039;Universit\u00e9 technique nationale d&#039;Ath\u00e8nes, qui a surpris les experts et les scientifiques, est investi de l&#039;ext\u00e9rieur et cr\u00e9e la r\u00e9sidence qui r\u00e9pond \u00e0 tous les besoins ! \u2022 Pour r\u00e9sidence principale \u2022 Pour r\u00e9sidence de campagne \u2022 Pour h\u00e9bergement touristique \u2022 Pour tout usage... Gr\u00e2ce aux maisons se caract\u00e9risent : a) par [\u2026]<\/p>","protected":false},"author":3,"featured_media":13592,"parent":1484,"menu_order":0,"comment_status":"closed","ping_status":"closed","template":"","meta":{"_acf_changed":false,"footnotes":""},"class_list":["post-1486","page","type-page","status-publish","has-post-thumbnail","hentry"],"acf":[],"yoast_head":"<!-- This site is optimized with the Yoast SEO Premium plugin v26.6 (Yoast SEO v26.6) - https:\/\/yoast.com\/wordpress\/plugins\/seo\/ -->\n<title>\u03a4\u03b9 \u03b5\u03af\u03bd\u03b1\u03b9 \u03c4\u03bf FlexyHome | \u039a\u03bf\u03c6\u03b9\u03bd\u03ac\u03c2 \u03a0\u03c1\u03bf\u03ba\u03b1\u03c4\u03b1\u03c3\u03ba\u03b5\u03c5\u03b1\u03c3\u03bc\u03ad\u03bd\u03b1 \u03c3\u03c0\u03af\u03c4\u03b9\u03b1 - \u03a0\u03c1\u03bf\u03ba\u03ac\u03c4<\/title>\n<meta name=\"description\" content=\"\u039c\u03ac\u03b8\u03b5\u03c4\u03b5 \u03c4\u03b1 \u03c0\u03ac\u03bd\u03c4\u03b1 \u03b3\u03b9\u03b1 \u03c4\u03b9\u03c2 FlexyHome \u03ba\u03b1\u03c4\u03bf\u03b9\u03ba\u03af\u03b5\u03c2, \u03c4\u03b7 \u03c6\u03b9\u03bb\u03bf\u03c3\u03bf\u03c6\u03af\u03b1, \u03c4\u03b1 \u03c5\u03c0\u03b5\u03c1\u03c3\u03cd\u03b3\u03c7\u03c1\u03bf\u03bd\u03b1 \u03c0\u03c1\u03bf\u03ca\u03cc\u03bd\u03c4\u03b1 \u03c4\u03bf\u03c5\u03c2 \u03ba\u03b1\u03b9 \u03c4\u03b7\u03bd \u03ac\u03c1\u03b9\u03c3\u03c4\u03b7 \u03c0\u03c1\u03bf\u03c3\u03b1\u03c1\u03bc\u03bf\u03b3\u03ae \u03c4\u03bf\u03c5\u03c2 \u03c3\u03b5 \u03cc\u03bb\u03b5\u03c2 \u03c4\u03b9\u03c2 \u03b1\u03bd\u03ac\u03b3\u03ba\u03b5\u03c2.\" \/>\n<meta name=\"robots\" content=\"index, follow, max-snippet:-1, max-image-preview:large, max-video-preview:-1\" \/>\n<link rel=\"canonical\" href=\"https:\/\/www.kofinas.gr\/fr\/pourquoi-une-maison-flexible-kofinas\/philosophie-2\/\" \/>\n<meta property=\"og:locale\" content=\"fr_FR\" \/>\n<meta property=\"og:type\" content=\"article\" \/>\n<meta property=\"og:title\" content=\"\u03a4\u03b9 \u03b5\u03af\u03bd\u03b1\u03b9 \u03c4\u03bf FlexyHome\" \/>\n<meta property=\"og:description\" content=\"\u039c\u03ac\u03b8\u03b5\u03c4\u03b5 \u03c4\u03b1 \u03c0\u03ac\u03bd\u03c4\u03b1 \u03b3\u03b9\u03b1 \u03c4\u03b9\u03c2 FlexyHome \u03ba\u03b1\u03c4\u03bf\u03b9\u03ba\u03af\u03b5\u03c2, \u03c4\u03b7 \u03c6\u03b9\u03bb\u03bf\u03c3\u03bf\u03c6\u03af\u03b1, \u03c4\u03b1 \u03c5\u03c0\u03b5\u03c1\u03c3\u03cd\u03b3\u03c7\u03c1\u03bf\u03bd\u03b1 \u03c0\u03c1\u03bf\u03ca\u03cc\u03bd\u03c4\u03b1 \u03c4\u03bf\u03c5\u03c2 \u03ba\u03b1\u03b9 \u03c4\u03b7\u03bd \u03ac\u03c1\u03b9\u03c3\u03c4\u03b7 \u03c0\u03c1\u03bf\u03c3\u03b1\u03c1\u03bc\u03bf\u03b3\u03ae \u03c4\u03bf\u03c5\u03c2 \u03c3\u03b5 \u03cc\u03bb\u03b5\u03c2 \u03c4\u03b9\u03c2 \u03b1\u03bd\u03ac\u03b3\u03ba\u03b5\u03c2.\" \/>\n<meta property=\"og:url\" content=\"https:\/\/www.kofinas.gr\/fr\/pourquoi-une-maison-flexible-kofinas\/philosophie-2\/\" \/>\n<meta property=\"og:site_name\" content=\"\u039a\u03bf\u03c6\u03b9\u03bd\u03ac\u03c2 \u03a0\u03c1\u03bf\u03ba\u03b1\u03c4\u03b1\u03c3\u03ba\u03b5\u03c5\u03b1\u03c3\u03bc\u03ad\u03bd\u03b1 \u03c3\u03c0\u03af\u03c4\u03b9\u03b1 - \u03a0\u03c1\u03bf\u03ba\u03ac\u03c4\" \/>\n<meta property=\"article:publisher\" content=\"https:\/\/www.facebook.com\/kofinas.prokataskevasmena\" \/>\n<meta property=\"article:modified_time\" content=\"2020-02-25T21:27:21+00:00\" \/>\n<meta property=\"og:image\" content=\"https:\/\/www.kofinas.gr\/wp-content\/uploads\/ti-einai-Flexyhome1.jpg\" \/>\n\t<meta property=\"og:image:width\" content=\"600\" \/>\n\t<meta property=\"og:image:height\" content=\"600\" \/>\n\t<meta property=\"og:image:type\" content=\"image\/jpeg\" \/>\n<meta name=\"twitter:card\" content=\"summary_large_image\" \/>\n<meta name=\"twitter:site\" content=\"@kofinas_prokat\" \/>\n<script type=\"application\/ld+json\" class=\"yoast-schema-graph\">{\"@context\":\"https:\/\/schema.org\",\"@graph\":[{\"@type\":\"WebPage\",\"@id\":\"https:\/\/www.kofinas.gr\/why-a-flexy-kofinas-house\/philosophy\/\",\"url\":\"https:\/\/www.kofinas.gr\/why-a-flexy-kofinas-house\/philosophy\/\",\"name\":\"\u03a4\u03b9 \u03b5\u03af\u03bd\u03b1\u03b9 \u03c4\u03bf FlexyHome | \u039a\u03bf\u03c6\u03b9\u03bd\u03ac\u03c2 \u03a0\u03c1\u03bf\u03ba\u03b1\u03c4\u03b1\u03c3\u03ba\u03b5\u03c5\u03b1\u03c3\u03bc\u03ad\u03bd\u03b1 \u03c3\u03c0\u03af\u03c4\u03b9\u03b1 - \u03a0\u03c1\u03bf\u03ba\u03ac\u03c4\",\"isPartOf\":{\"@id\":\"https:\/\/www.kofinas.gr\/#website\"},\"primaryImageOfPage\":{\"@id\":\"https:\/\/www.kofinas.gr\/why-a-flexy-kofinas-house\/philosophy\/#primaryimage\"},\"image\":{\"@id\":\"https:\/\/www.kofinas.gr\/why-a-flexy-kofinas-house\/philosophy\/#primaryimage\"},\"thumbnailUrl\":\"https:\/\/www.kofinas.gr\/wp-content\/uploads\/ti-einai-Flexyhome1.jpg\",\"datePublished\":\"2016-08-05T14:14:32+00:00\",\"dateModified\":\"2020-02-25T21:27:21+00:00\",\"description\":\"\u039c\u03ac\u03b8\u03b5\u03c4\u03b5 \u03c4\u03b1 \u03c0\u03ac\u03bd\u03c4\u03b1 \u03b3\u03b9\u03b1 \u03c4\u03b9\u03c2 FlexyHome \u03ba\u03b1\u03c4\u03bf\u03b9\u03ba\u03af\u03b5\u03c2, \u03c4\u03b7 \u03c6\u03b9\u03bb\u03bf\u03c3\u03bf\u03c6\u03af\u03b1, \u03c4\u03b1 \u03c5\u03c0\u03b5\u03c1\u03c3\u03cd\u03b3\u03c7\u03c1\u03bf\u03bd\u03b1 \u03c0\u03c1\u03bf\u03ca\u03cc\u03bd\u03c4\u03b1 \u03c4\u03bf\u03c5\u03c2 \u03ba\u03b1\u03b9 \u03c4\u03b7\u03bd \u03ac\u03c1\u03b9\u03c3\u03c4\u03b7 \u03c0\u03c1\u03bf\u03c3\u03b1\u03c1\u03bc\u03bf\u03b3\u03ae \u03c4\u03bf\u03c5\u03c2 \u03c3\u03b5 \u03cc\u03bb\u03b5\u03c2 \u03c4\u03b9\u03c2 \u03b1\u03bd\u03ac\u03b3\u03ba\u03b5\u03c2.\",\"breadcrumb\":{\"@id\":\"https:\/\/www.kofinas.gr\/why-a-flexy-kofinas-house\/philosophy\/#breadcrumb\"},\"inLanguage\":\"fr-FR\",\"potentialAction\":[{\"@type\":\"ReadAction\",\"target\":[\"https:\/\/www.kofinas.gr\/why-a-flexy-kofinas-house\/philosophy\/\"]}]},{\"@type\":\"ImageObject\",\"inLanguage\":\"fr-FR\",\"@id\":\"https:\/\/www.kofinas.gr\/why-a-flexy-kofinas-house\/philosophy\/#primaryimage\",\"url\":\"https:\/\/www.kofinas.gr\/wp-content\/uploads\/ti-einai-Flexyhome1.jpg\",\"contentUrl\":\"https:\/\/www.kofinas.gr\/wp-content\/uploads\/ti-einai-Flexyhome1.jpg\",\"width\":600,\"height\":600},{\"@type\":\"BreadcrumbList\",\"@id\":\"https:\/\/www.kofinas.gr\/why-a-flexy-kofinas-house\/philosophy\/#breadcrumb\",\"itemListElement\":[{\"@type\":\"ListItem\",\"position\":1,\"name\":\"Home\",\"item\":\"https:\/\/www.kofinas.gr\/\"},{\"@type\":\"ListItem\",\"position\":2,\"name\":\"\u0393\u03b9\u03b1\u03c4\u03af Flexy \u03ba\u03b1\u03c4\u03bf\u03b9\u03ba\u03af\u03b1 \u039a\u03bf\u03c6\u03b9\u03bd\u03ac\u03c2\",\"item\":\"https:\/\/www.kofinas.gr\/why-a-flexy-kofinas-house\/\"},{\"@type\":\"ListItem\",\"position\":3,\"name\":\"\u03a4\u03b9 \u03b5\u03af\u03bd\u03b1\u03b9 \u03c4\u03bf FlexyHome\"}]},{\"@type\":\"WebSite\",\"@id\":\"https:\/\/www.kofinas.gr\/#website\",\"url\":\"https:\/\/www.kofinas.gr\/\",\"name\":\"\u039a\u03bf\u03c6\u03b9\u03bd\u03ac\u03c2 \u03a0\u03c1\u03bf\u03ba\u03b1\u03c4\u03b1\u03c3\u03ba\u03b5\u03c5\u03b1\u03c3\u03bc\u03ad\u03bd\u03b1 \u03c3\u03c0\u03af\u03c4\u03b9\u03b1 - \u03a0\u03c1\u03bf\u03ba\u03ac\u03c4\",\"description\":\"\u039a\u03b1\u03c4\u03b1\u03c3\u03ba\u03b5\u03c5\u03ac\u03b6\u03bf\u03c5\u03bc\u03b5 \u03c4\u03bf \u03c3\u03c0\u03af\u03c4\u03b9 \u03c3\u03b1\u03c2 \u03c3\u03c4\u03b7\u03bd \u03b5\u03bb\u03bb\u03ac\u03b4\u03b1 \u03ba\u03b1\u03b9 \u03bf\u03c0\u03bf\u03c5\u03b4\u03ae\u03c0\u03bf\u03c4\u03b5 \u03c3\u03c4\u03b7\u03bd \u0395\u03c5\u03c1\u03ce\u03c0\u03b7!\",\"publisher\":{\"@id\":\"https:\/\/www.kofinas.gr\/#organization\"},\"alternateName\":\"\u039a\u039f\u03a6\u0399\u039d\u0391\u03a3 \u03a0\u03c1\u03bf\u03ba\u03b1\u03c4\u03b1\u03c3\u03ba\u03b5\u03c5\u03b1\u03c3\u03bc\u03ad\u03bd\u03b1 \u03a3\u03c0\u03af\u03c4\u03b9\u03b1 \u03ba\u03b1\u03b9 \u03a4\u03bf\u03c5\u03c1\u03b9\u03c3\u03c4\u03b9\u03ba\u03ac \u039a\u03b1\u03c4\u03b1\u03bb\u03cd\u03bc\u03b1\u03c4\u03b1\",\"potentialAction\":[{\"@type\":\"SearchAction\",\"target\":{\"@type\":\"EntryPoint\",\"urlTemplate\":\"https:\/\/www.kofinas.gr\/?s={search_term_string}\"},\"query-input\":{\"@type\":\"PropertyValueSpecification\",\"valueRequired\":true,\"valueName\":\"search_term_string\"}}],\"inLanguage\":\"fr-FR\"},{\"@type\":\"Organization\",\"@id\":\"https:\/\/www.kofinas.gr\/#organization\",\"name\":\"Kofinas SA\",\"alternateName\":\"Construction Company that constuct Prefabricated houses\",\"url\":\"https:\/\/www.kofinas.gr\/\",\"logo\":{\"@type\":\"ImageObject\",\"inLanguage\":\"fr-FR\",\"@id\":\"https:\/\/www.kofinas.gr\/#\/schema\/logo\/image\/\",\"url\":\"https:\/\/www.kofinas.gr\/wp-content\/uploads\/2025\/03\/360new-logo-25.gif\",\"contentUrl\":\"https:\/\/www.kofinas.gr\/wp-content\/uploads\/2025\/03\/360new-logo-25.gif\",\"width\":230,\"height\":70,\"caption\":\"Kofinas SA\"},\"image\":{\"@id\":\"https:\/\/www.kofinas.gr\/#\/schema\/logo\/image\/\"},\"sameAs\":[\"https:\/\/www.facebook.com\/kofinas.prokataskevasmena\",\"https:\/\/x.com\/kofinas_prokat\",\"https:\/\/www.linkedin.com\/company\/kofinas-sa\",\"https:\/\/www.instagram.com\/kofinasprefab\/\",\"https:\/\/www.youtube.com\/channel\/UCEAifY31SuyQHHz_I3P4IVg\"],\"description\":\"KOFINAS SA \u2013 Prefabricated Homes Founded Legacy & Innovation Established in 1977, KOFINAS SA has grown into one of Greece\u2019s leading firms in the prefabricated housing sector. Their philosophy underscores continuous innovation\u2014they don't aim to build more homes, but to build better homes Strength & Certification The company's unique construction system has undergone rigorous experimental testing at the National Technical University of Athens, proving its durability well beyond natural endurance limits. Innovations introduced by KOFINAS are internationally recognized and certified. Sustainability & Eco Friendly Building KOFINAS uses Swedish and Finnish timber as its primary construction material, achieving a notably low carbon footprint: replacing conventional materials with wood reduces carbon dioxide emissions by 1.1 tons per cubic meter. In collaboration with Nordic sawmills, for every tree harvested, three to five new trees are planted, resulting in a negative carbon footprint. Additionally, their homes feature bioclimatic design and achieve energy consumption reductions of 75%\u201380% compared to conventional buildings\u2014often earning them energy efficiency A certificates. Advanced Production Facilities KOFINAS operates a modern factory, built to European standards, with ISO 14001 certification\u2014ensuring top-tier quality and environmental management in prefabricated housing production. Wide Range of Custom Designs Their catalog includes single , two , and three story homes, ground floor units with lofts, passive houses, and tourist accommodations. They also offer the \u201cFlexyHome\u201d series and Finnlamelli Finnish log houses, providing versatility to meet diverse aesthetic and functional needs. Experienced Team & Nationwide Network KOFINAS boasts a skilled, multidisciplinary team\u2014including civil and architectural engineers\u2014who oversee design, permit processing, and project implementation with a 100% success rate. The company has built a robust sales and distribution network\",\"email\":\"info@kofinas.gr\",\"telephone\":\"00302106081307\",\"legalName\":\"KOFINAS SA\",\"foundingDate\":\"1977-03-07\",\"vatID\":\"EL081136701\",\"duns\":\"503265836\",\"numberOfEmployees\":{\"@type\":\"QuantitativeValue\",\"minValue\":\"11\",\"maxValue\":\"50\"},\"publishingPrinciples\":\"https:\/\/www.kofinas.gr\/%cf%80%ce%bf%ce%bb%ce%b9%cf%84%ce%b9%ce%ba%ce%ae-%ce%b5%cf%84%ce%b1%ce%b9%cf%81%ce%af%ce%b1%cf%82-%ce%ba%ce%bf%cf%86%ce%b9%ce%bd%ce%b1%cf%83-%ce%b1%ce%b5\/\",\"ownershipFundingInfo\":\"https:\/\/www.kofinas.gr\/%ce%b5%cf%84%ce%b1%ce%b9%cf%81%ce%af%ce%b1\/\",\"actionableFeedbackPolicy\":\"https:\/\/www.kofinas.gr\/prosopika-dedomena\/\"}]}<\/script>\n<!-- \/ Yoast SEO Premium plugin. -->","yoast_head_json":{"title":"Qu&#039;est-ce que FlexyHome | Maisons pr\u00e9fabriqu\u00e9es Kofinas - Pr\u00e9fabriqu\u00e9","description":"Apprenez tout sur les r\u00e9sidences FlexyHome, leur philosophie, leurs produits de pointe et leur excellente adaptation \u00e0 tous les besoins.","robots":{"index":"index","follow":"follow","max-snippet":"max-snippet:-1","max-image-preview":"max-image-preview:large","max-video-preview":"max-video-preview:-1"},"canonical":"https:\/\/www.kofinas.gr\/fr\/pourquoi-une-maison-flexible-kofinas\/philosophie-2\/","og_locale":"fr_FR","og_type":"article","og_title":"\u03a4\u03b9 \u03b5\u03af\u03bd\u03b1\u03b9 \u03c4\u03bf FlexyHome","og_description":"\u039c\u03ac\u03b8\u03b5\u03c4\u03b5 \u03c4\u03b1 \u03c0\u03ac\u03bd\u03c4\u03b1 \u03b3\u03b9\u03b1 \u03c4\u03b9\u03c2 FlexyHome \u03ba\u03b1\u03c4\u03bf\u03b9\u03ba\u03af\u03b5\u03c2, \u03c4\u03b7 \u03c6\u03b9\u03bb\u03bf\u03c3\u03bf\u03c6\u03af\u03b1, \u03c4\u03b1 \u03c5\u03c0\u03b5\u03c1\u03c3\u03cd\u03b3\u03c7\u03c1\u03bf\u03bd\u03b1 \u03c0\u03c1\u03bf\u03ca\u03cc\u03bd\u03c4\u03b1 \u03c4\u03bf\u03c5\u03c2 \u03ba\u03b1\u03b9 \u03c4\u03b7\u03bd \u03ac\u03c1\u03b9\u03c3\u03c4\u03b7 \u03c0\u03c1\u03bf\u03c3\u03b1\u03c1\u03bc\u03bf\u03b3\u03ae \u03c4\u03bf\u03c5\u03c2 \u03c3\u03b5 \u03cc\u03bb\u03b5\u03c2 \u03c4\u03b9\u03c2 \u03b1\u03bd\u03ac\u03b3\u03ba\u03b5\u03c2.","og_url":"https:\/\/www.kofinas.gr\/fr\/pourquoi-une-maison-flexible-kofinas\/philosophie-2\/","og_site_name":"\u039a\u03bf\u03c6\u03b9\u03bd\u03ac\u03c2 \u03a0\u03c1\u03bf\u03ba\u03b1\u03c4\u03b1\u03c3\u03ba\u03b5\u03c5\u03b1\u03c3\u03bc\u03ad\u03bd\u03b1 \u03c3\u03c0\u03af\u03c4\u03b9\u03b1 - \u03a0\u03c1\u03bf\u03ba\u03ac\u03c4","article_publisher":"https:\/\/www.facebook.com\/kofinas.prokataskevasmena","article_modified_time":"2020-02-25T21:27:21+00:00","og_image":[{"width":600,"height":600,"url":"https:\/\/www.kofinas.gr\/wp-content\/uploads\/ti-einai-Flexyhome1.jpg","type":"image\/jpeg"}],"twitter_card":"summary_large_image","twitter_site":"@kofinas_prokat","schema":{"@context":"https:\/\/schema.org","@graph":[{"@type":"WebPage","@id":"https:\/\/www.kofinas.gr\/why-a-flexy-kofinas-house\/philosophy\/","url":"https:\/\/www.kofinas.gr\/why-a-flexy-kofinas-house\/philosophy\/","name":"Qu&#039;est-ce que FlexyHome | Maisons pr\u00e9fabriqu\u00e9es Kofinas - Pr\u00e9fabriqu\u00e9","isPartOf":{"@id":"https:\/\/www.kofinas.gr\/#website"},"primaryImageOfPage":{"@id":"https:\/\/www.kofinas.gr\/why-a-flexy-kofinas-house\/philosophy\/#primaryimage"},"image":{"@id":"https:\/\/www.kofinas.gr\/why-a-flexy-kofinas-house\/philosophy\/#primaryimage"},"thumbnailUrl":"https:\/\/www.kofinas.gr\/wp-content\/uploads\/ti-einai-Flexyhome1.jpg","datePublished":"2016-08-05T14:14:32+00:00","dateModified":"2020-02-25T21:27:21+00:00","description":"Apprenez tout sur les r\u00e9sidences FlexyHome, leur philosophie, leurs produits de pointe et leur excellente adaptation \u00e0 tous les besoins.","breadcrumb":{"@id":"https:\/\/www.kofinas.gr\/why-a-flexy-kofinas-house\/philosophy\/#breadcrumb"},"inLanguage":"fr-FR","potentialAction":[{"@type":"ReadAction","target":["https:\/\/www.kofinas.gr\/why-a-flexy-kofinas-house\/philosophy\/"]}]},{"@type":"ImageObject","inLanguage":"fr-FR","@id":"https:\/\/www.kofinas.gr\/why-a-flexy-kofinas-house\/philosophy\/#primaryimage","url":"https:\/\/www.kofinas.gr\/wp-content\/uploads\/ti-einai-Flexyhome1.jpg","contentUrl":"https:\/\/www.kofinas.gr\/wp-content\/uploads\/ti-einai-Flexyhome1.jpg","width":600,"height":600},{"@type":"BreadcrumbList","@id":"https:\/\/www.kofinas.gr\/why-a-flexy-kofinas-house\/philosophy\/#breadcrumb","itemListElement":[{"@type":"ListItem","position":1,"name":"Home","item":"https:\/\/www.kofinas.gr\/"},{"@type":"ListItem","position":2,"name":"\u0393\u03b9\u03b1\u03c4\u03af Flexy \u03ba\u03b1\u03c4\u03bf\u03b9\u03ba\u03af\u03b1 \u039a\u03bf\u03c6\u03b9\u03bd\u03ac\u03c2","item":"https:\/\/www.kofinas.gr\/why-a-flexy-kofinas-house\/"},{"@type":"ListItem","position":3,"name":"\u03a4\u03b9 \u03b5\u03af\u03bd\u03b1\u03b9 \u03c4\u03bf FlexyHome"}]},{"@type":"WebSite","@id":"https:\/\/www.kofinas.gr\/#website","url":"https:\/\/www.kofinas.gr\/","name":"Kofinas Maisons pr\u00e9fabriqu\u00e9es - Pr\u00e9fabriqu\u00e9es","description":"Nous construisons votre maison en Gr\u00e8ce et partout en Europe !","publisher":{"@id":"https:\/\/www.kofinas.gr\/#organization"},"alternateName":"\u039a\u039f\u03a6\u0399\u039d\u0391\u03a3 \u03a0\u03c1\u03bf\u03ba\u03b1\u03c4\u03b1\u03c3\u03ba\u03b5\u03c5\u03b1\u03c3\u03bc\u03ad\u03bd\u03b1 \u03a3\u03c0\u03af\u03c4\u03b9\u03b1 \u03ba\u03b1\u03b9 \u03a4\u03bf\u03c5\u03c1\u03b9\u03c3\u03c4\u03b9\u03ba\u03ac \u039a\u03b1\u03c4\u03b1\u03bb\u03cd\u03bc\u03b1\u03c4\u03b1","potentialAction":[{"@type":"SearchAction","target":{"@type":"EntryPoint","urlTemplate":"https:\/\/www.kofinas.gr\/?s={search_term_string}"},"query-input":{"@type":"PropertyValueSpecification","valueRequired":true,"valueName":"search_term_string"}}],"inLanguage":"fr-FR"},{"@type":"Organization","@id":"https:\/\/www.kofinas.gr\/#organization","name":"Kofinas SA","alternateName":"Construction Company that constuct Prefabricated houses","url":"https:\/\/www.kofinas.gr\/","logo":{"@type":"ImageObject","inLanguage":"fr-FR","@id":"https:\/\/www.kofinas.gr\/#\/schema\/logo\/image\/","url":"https:\/\/www.kofinas.gr\/wp-content\/uploads\/2025\/03\/360new-logo-25.gif","contentUrl":"https:\/\/www.kofinas.gr\/wp-content\/uploads\/2025\/03\/360new-logo-25.gif","width":230,"height":70,"caption":"Kofinas SA"},"image":{"@id":"https:\/\/www.kofinas.gr\/#\/schema\/logo\/image\/"},"sameAs":["https:\/\/www.facebook.com\/kofinas.prokataskevasmena","https:\/\/x.com\/kofinas_prokat","https:\/\/www.linkedin.com\/company\/kofinas-sa","https:\/\/www.instagram.com\/kofinasprefab\/","https:\/\/www.youtube.com\/channel\/UCEAifY31SuyQHHz_I3P4IVg"],"description":"KOFINAS SA \u2013 Maisons pr\u00e9fabriqu\u00e9es Fond\u00e9e H\u00e9ritage et innovation Fond\u00e9e en 1977, KOFINAS SA est devenue l&#039;une des entreprises leaders en Gr\u00e8ce dans le secteur des maisons pr\u00e9fabriqu\u00e9es. Leur philosophie met l&#039;accent sur l&#039;innovation continue : ils ne visent pas \u00e0 construire plus de maisons, mais \u00e0 construire de meilleures maisons. Force et certification Le syst\u00e8me de construction unique de l&#039;entreprise a subi des tests exp\u00e9rimentaux rigoureux \u00e0 l&#039;Universit\u00e9 technique nationale d&#039;Ath\u00e8nes, prouvant sa durabilit\u00e9 bien au-del\u00e0 des limites d&#039;endurance naturelles. Les innovations introduites par KOFINAS sont reconnues et certifi\u00e9es \u00e0 l&#039;\u00e9chelle internationale. Durabilit\u00e9 et construction \u00e9cologique KOFINAS utilise du bois su\u00e9dois et finlandais comme principal mat\u00e9riau de construction, ce qui permet d&#039;obtenir une empreinte carbone remarquablement faible : le remplacement des mat\u00e9riaux conventionnels par du bois r\u00e9duit les \u00e9missions de dioxyde de carbone de 1,1 tonne par m\u00e8tre cube. En collaboration avec des scieries nordiques, pour chaque arbre r\u00e9colt\u00e9, trois \u00e0 cinq nouveaux arbres sont plant\u00e9s, ce qui entra\u00eene une empreinte carbone n\u00e9gative. De plus, leurs maisons b\u00e9n\u00e9ficient d&#039;une conception bioclimatique et permettent de r\u00e9duire la consommation d&#039;\u00e9nergie de 75% \u00e0 80% par rapport aux b\u00e2timents conventionnels, ce qui leur vaut souvent des certificats d&#039;efficacit\u00e9 \u00e9nerg\u00e9tique A. Installations de production avanc\u00e9es KOFINAS exploite une usine moderne, construite selon les normes europ\u00e9ennes et certifi\u00e9e ISO 14001, garantissant une qualit\u00e9 et une gestion environnementale de premier ordre dans la production de logements pr\u00e9fabriqu\u00e9s. Large gamme de conceptions sur mesure Leur catalogue comprend des maisons de plain-pied, de deux et trois \u00e9tages, des unit\u00e9s de plain-pied avec lofts, des maisons passives et des h\u00e9bergements touristiques. Ils proposent \u00e9galement la s\u00e9rie \u00ab FlexyHome \u00bb et les maisons en bois finlandais Finnlamelli, offrant une polyvalence pour r\u00e9pondre \u00e0 divers besoins esth\u00e9tiques et fonctionnels. \u00c9quipe exp\u00e9riment\u00e9e et r\u00e9seau national KOFINAS dispose d&#039;une \u00e9quipe qualifi\u00e9e et pluridisciplinaire, compos\u00e9e d&#039;ing\u00e9nieurs civils et architectes, qui supervise la conception, le traitement des permis et la mise en \u0153uvre des projets avec un taux de r\u00e9ussite de 100%. L&#039;entreprise a b\u00e2ti un solide r\u00e9seau de vente et de distribution.","email":"info@kofinas.gr","telephone":"00302106081307","legalName":"KOFINAS SA","foundingDate":"1977-03-07","vatID":"EL081136701","duns":"503265836","numberOfEmployees":{"@type":"QuantitativeValue","minValue":"11","maxValue":"50"},"publishingPrinciples":"https:\/\/www.kofinas.gr\/%cf%80%ce%bf%ce%bb%ce%b9%cf%84%ce%b9%ce%ba%ce%ae-%ce%b5%cf%84%ce%b1%ce%b9%cf%81%ce%af%ce%b1%cf%82-%ce%ba%ce%bf%cf%86%ce%b9%ce%bd%ce%b1%cf%83-%ce%b1%ce%b5\/","ownershipFundingInfo":"https:\/\/www.kofinas.gr\/%ce%b5%cf%84%ce%b1%ce%b9%cf%81%ce%af%ce%b1\/","actionableFeedbackPolicy":"https:\/\/www.kofinas.gr\/prosopika-dedomena\/"}]}},"_links":{"self":[{"href":"https:\/\/www.kofinas.gr\/fr\/wp-json\/wp\/v2\/pages\/1486","targetHints":{"allow":["GET"]}}],"collection":[{"href":"https:\/\/www.kofinas.gr\/fr\/wp-json\/wp\/v2\/pages"}],"about":[{"href":"https:\/\/www.kofinas.gr\/fr\/wp-json\/wp\/v2\/types\/page"}],"author":[{"embeddable":true,"href":"https:\/\/www.kofinas.gr\/fr\/wp-json\/wp\/v2\/users\/3"}],"replies":[{"embeddable":true,"href":"https:\/\/www.kofinas.gr\/fr\/wp-json\/wp\/v2\/comments?post=1486"}],"version-history":[{"count":0,"href":"https:\/\/www.kofinas.gr\/fr\/wp-json\/wp\/v2\/pages\/1486\/revisions"}],"up":[{"embeddable":true,"href":"https:\/\/www.kofinas.gr\/fr\/wp-json\/wp\/v2\/pages\/1484"}],"wp:featuredmedia":[{"embeddable":true,"href":"https:\/\/www.kofinas.gr\/fr\/wp-json\/wp\/v2\/media\/13592"}],"wp:attachment":[{"href":"https:\/\/www.kofinas.gr\/fr\/wp-json\/wp\/v2\/media?parent=1486"}],"curies":[{"name":"wp","href":"https:\/\/api.w.org\/{rel}","templated":true}]}}