{"id":8588,"date":"2016-11-11T16:19:44","date_gmt":"2016-11-11T14:19:44","guid":{"rendered":"http:\/\/neo.kofinas.gr\/en\/?page_id=8588"},"modified":"2020-04-22T08:20:54","modified_gmt":"2020-04-22T06:20:54","slug":"2012-ntua-tutkimus","status":"publish","type":"page","link":"https:\/\/www.kofinas.gr\/fi\/kokeellinen-tutkimus\/2012-ntua-tutkimus\/","title":{"rendered":"2012 NTUA Experiment"},"content":{"rendered":"<h3>KOFINAS-elementtitalojen rakennusmenetelm\u00e4n soveltamistutkimus yli kolmikerroksisiin rakennuksiin<\/h3>\n<h4>Tutkimus rahoitettiin GSRT:lt\u00e4 ja toteutettiin <strong>NTUA vuonna 2012<\/strong>.<\/h4>\n<p class=\"kf-justify\"><strong>Nelikerroksinen rakennus<\/strong> &quot;Kofinas \u2013 Elementtitalot&quot; -yhti\u00f6n rakennusj\u00e4rjestelm\u00e4ll\u00e4 rakennettua tutkittiin tieteelliselt\u00e4 ryhm\u00e4lt\u00e4, joka koostui:<\/p>\n<ul>\n<li><strong>DR. H. Mouzakis, projektip\u00e4\u00e4llikk\u00f6 NTUA<\/strong><\/li>\n<li><strong>DR. L. Karapitta, tutkija NTUA<\/strong><\/li>\n<li><strong>DR. V.K. Ntertimanis, tutkija NTUA<\/strong><\/li>\n<\/ul>\n<p class=\"kf-justify\">laajentaaksemme KOFINAS-yhti\u00f6n puuelementtirakennusten toimintaa monikerroksisiin rakennuksiin ja antaa yritykselle lis\u00e4tietoa kilpailukyvyn parantamiseksi rakennusalalla.<\/p>\n<h4 class=\"kf-underline\">NTUA:n tutkijoiden teknisess\u00e4 raportissa mainitaan mm.<\/h4>\n<p><img decoding=\"async\" class=\"uk-width-1-4 alignleft\" src=\"\/wp-content\/uploads\/kofinas\/ntua-experiments\/emp-technical-report-2012.jpg\" alt=\"NTUA:n tutkijoiden tekninen raportti\"><\/p>\n<dl class=\"uk-description-list uk-description-list-line uk-width-3-4 kf-justify\">\n<dt>\n<h5 class=\"kf-underline\">Edut osallistujille<\/h5>\n<\/dt>\n<dd>Osallistujat kehitt\u00e4v\u00e4t uutta tieteellist\u00e4 tietoa. Erityisesti KOFINAS-yhti\u00f6n odotetaan hy\u00f6dynt\u00e4v\u00e4n tutkimustuloksia nykyaikaiseen, eritt\u00e4in kilpailukykyiseen valmistukseen.<\/dd>\n<dt>\n<h5 class=\"kf-underline\">Edut yhteiskunnalle<\/h5>\n<\/dt>\n<dd>Lopputuotteen odotetaan olevan my\u00f6nteinen askel kohti tavoitetta <strong>vihre\u00e4n suunnittelun filosofia<\/strong>. Tuloksena olevan rakentamisen kustannukset ovat eritt\u00e4in kilpailukykyisi\u00e4, edullisia ja yhteiskunnan kannalta houkuttelevia, ja niill\u00e4 on ilmeisi\u00e4 taloudellisia ja ymp\u00e4rist\u00f6llisi\u00e4 etuja. Lis\u00e4ksi ehdotettu rakentaminen auttaa v\u00e4hent\u00e4m\u00e4\u00e4n v\u00e4\u00e4ri\u00e4 k\u00e4sityksi\u00e4 puisista elementtitaloista, ja koska nykyiset markkinat ovat rajalliset, se voi johtaa laajentumiseen, joka tarjoaa uusia ty\u00f6paikkoja ja lis\u00e4\u00e4 kilpailua kuluttajien eduksi.<\/dd>\n<\/dl>\n<p class=\"kf-justify\">T\u00e4m\u00e4n ehdotuksen tavoitteena on tulla <strong>ensimm\u00e4inen kokonaisvaltainen tutkimus Kreikassa<\/strong>, jossa tutkitaan puuelementtirakennuksia paikalliset ymp\u00e4rist\u00f6olosuhteet ja seismiset vaikutukset huomioiden.<\/p>\n<p class=\"kf-justify\">Saadut tulokset antavat KOFINAS-yritykselle kaiken tarvittavan tiedon ja vastaavat ty\u00f6kalut eteenp\u00e4in...<\/p>\n<div class=\"uk-grid\">\n      <img decoding=\"async\" class=\"uk-width-1-2 uk-container-center uk-text-center uk-margin-top\" src=\"\/wp-content\/uploads\/kofinas\/ntua-experiments\/gget.jpg\" alt=\"GSRT:n rahoittama tutkimus\"><\/div>\n<div class=\"uk-grid\">\n      <img decoding=\"async\" class=\"uk-width-1-2 uk-container-center uk-text-center uk-margin-top\" src=\"\/wp-content\/uploads\/kofinas\/ntua-experiments\/espa.png\" alt=\"ESPA 2007\u20132013\"><\/div>","protected":false},"excerpt":{"rendered":"<p>KOFINAS-elementtitalojen rakennusmenetelm\u00e4n soveltamistutkimus yli kolmikerroksisissa rakennuksissa Tutkimus rahoitettiin GSRT:lt\u00e4 ja toteutettiin NTUA:lta vuonna 2012. Tutkittiin Kofinas \u2013 Elementtitalot -yhti\u00f6n rakentamisj\u00e4rjestelm\u00e4\u00e4 hy\u00f6dynt\u00e4en rakennettu nelikerroksinen rakennus. tieteellisest\u00e4 ryhm\u00e4st\u00e4, johon kuuluivat: Dr. H. Mouzakis, [\u2026]<\/p>","protected":false},"author":3,"featured_media":19897,"parent":8605,"menu_order":0,"comment_status":"closed","ping_status":"closed","template":"","meta":{"_acf_changed":false,"footnotes":""},"class_list":["post-8588","page","type-page","status-publish","has-post-thumbnail","hentry"],"acf":[],"yoast_head":"<!-- This site is optimized with the Yoast SEO Premium plugin v26.6 (Yoast SEO v26.6) - https:\/\/yoast.com\/wordpress\/plugins\/seo\/ -->\n<title>2012 NTUA Experiment | \u039a\u03bf\u03c6\u03b9\u03bd\u03ac\u03c2 \u03a0\u03c1\u03bf\u03ba\u03b1\u03c4\u03b1\u03c3\u03ba\u03b5\u03c5\u03b1\u03c3\u03bc\u03ad\u03bd\u03b1 \u03c3\u03c0\u03af\u03c4\u03b9\u03b1 - \u03a0\u03c1\u03bf\u03ba\u03ac\u03c4<\/title>\n<meta name=\"robots\" content=\"index, follow, max-snippet:-1, max-image-preview:large, max-video-preview:-1\" \/>\n<link rel=\"canonical\" href=\"https:\/\/www.kofinas.gr\/fi\/kokeellinen-tutkimus\/2012-ntua-tutkimus\/\" \/>\n<meta property=\"og:locale\" content=\"fi_FI\" \/>\n<meta property=\"og:type\" content=\"article\" \/>\n<meta property=\"og:title\" content=\"2012 NTUA Experiment\" \/>\n<meta property=\"og:description\" content=\"Research of application of KOFINAS prefabricated houses construction method for buildings with more than three floors The study was funded from the G.S.R.T. and realized from the N.T.U.A. in 2012. A four-story building constructed utilizing the &#8220;Kofinas &#8211; Prefabricated Houses&#8221; company construction system was studied from a scientific team which consisted of: Dr. H. Mouzakis, [&hellip;]\" \/>\n<meta property=\"og:url\" content=\"https:\/\/www.kofinas.gr\/fi\/kokeellinen-tutkimus\/2012-ntua-tutkimus\/\" \/>\n<meta property=\"og:site_name\" content=\"\u039a\u03bf\u03c6\u03b9\u03bd\u03ac\u03c2 \u03a0\u03c1\u03bf\u03ba\u03b1\u03c4\u03b1\u03c3\u03ba\u03b5\u03c5\u03b1\u03c3\u03bc\u03ad\u03bd\u03b1 \u03c3\u03c0\u03af\u03c4\u03b9\u03b1 - \u03a0\u03c1\u03bf\u03ba\u03ac\u03c4\" \/>\n<meta property=\"article:publisher\" content=\"https:\/\/www.facebook.com\/kofinas.prokataskevasmena\" \/>\n<meta property=\"article:modified_time\" content=\"2020-04-22T06:20:54+00:00\" \/>\n<meta property=\"og:image\" content=\"https:\/\/www.kofinas.gr\/wp-content\/uploads\/2020\/04\/KOFINAS-emp-technical-report-2012-2.jpg\" \/>\n\t<meta property=\"og:image:width\" content=\"374\" \/>\n\t<meta property=\"og:image:height\" content=\"320\" \/>\n\t<meta property=\"og:image:type\" content=\"image\/jpeg\" \/>\n<meta name=\"twitter:card\" content=\"summary_large_image\" \/>\n<meta name=\"twitter:site\" content=\"@kofinas_prokat\" \/>\n<meta name=\"twitter:label1\" content=\"Arvioitu lukuaika\" \/>\n\t<meta name=\"twitter:data1\" content=\"1 minuutti\" \/>\n<script type=\"application\/ld+json\" class=\"yoast-schema-graph\">{\"@context\":\"https:\/\/schema.org\",\"@graph\":[{\"@type\":\"WebPage\",\"@id\":\"https:\/\/www.kofinas.gr\/he\/%d7%9e%d7%97%d7%a7%d7%a8-%d7%a0%d7%99%d7%a1%d7%99%d7%95%d7%a0%d7%99\/%d7%9e%d7%97%d7%a7%d7%a8-ntua-2012\/\",\"url\":\"https:\/\/www.kofinas.gr\/he\/%d7%9e%d7%97%d7%a7%d7%a8-%d7%a0%d7%99%d7%a1%d7%99%d7%95%d7%a0%d7%99\/%d7%9e%d7%97%d7%a7%d7%a8-ntua-2012\/\",\"name\":\"2012 NTUA Experiment | \u039a\u03bf\u03c6\u03b9\u03bd\u03ac\u03c2 \u03a0\u03c1\u03bf\u03ba\u03b1\u03c4\u03b1\u03c3\u03ba\u03b5\u03c5\u03b1\u03c3\u03bc\u03ad\u03bd\u03b1 \u03c3\u03c0\u03af\u03c4\u03b9\u03b1 - \u03a0\u03c1\u03bf\u03ba\u03ac\u03c4\",\"isPartOf\":{\"@id\":\"https:\/\/www.kofinas.gr\/#website\"},\"primaryImageOfPage\":{\"@id\":\"https:\/\/www.kofinas.gr\/he\/%d7%9e%d7%97%d7%a7%d7%a8-%d7%a0%d7%99%d7%a1%d7%99%d7%95%d7%a0%d7%99\/%d7%9e%d7%97%d7%a7%d7%a8-ntua-2012\/#primaryimage\"},\"image\":{\"@id\":\"https:\/\/www.kofinas.gr\/he\/%d7%9e%d7%97%d7%a7%d7%a8-%d7%a0%d7%99%d7%a1%d7%99%d7%95%d7%a0%d7%99\/%d7%9e%d7%97%d7%a7%d7%a8-ntua-2012\/#primaryimage\"},\"thumbnailUrl\":\"https:\/\/www.kofinas.gr\/wp-content\/uploads\/2020\/04\/KOFINAS-emp-technical-report-2012-2.jpg\",\"datePublished\":\"2016-11-11T14:19:44+00:00\",\"dateModified\":\"2020-04-22T06:20:54+00:00\",\"breadcrumb\":{\"@id\":\"https:\/\/www.kofinas.gr\/he\/%d7%9e%d7%97%d7%a7%d7%a8-%d7%a0%d7%99%d7%a1%d7%99%d7%95%d7%a0%d7%99\/%d7%9e%d7%97%d7%a7%d7%a8-ntua-2012\/#breadcrumb\"},\"inLanguage\":\"fi\",\"potentialAction\":[{\"@type\":\"ReadAction\",\"target\":[\"https:\/\/www.kofinas.gr\/he\/%d7%9e%d7%97%d7%a7%d7%a8-%d7%a0%d7%99%d7%a1%d7%99%d7%95%d7%a0%d7%99\/%d7%9e%d7%97%d7%a7%d7%a8-ntua-2012\/\"]}]},{\"@type\":\"ImageObject\",\"inLanguage\":\"fi\",\"@id\":\"https:\/\/www.kofinas.gr\/he\/%d7%9e%d7%97%d7%a7%d7%a8-%d7%a0%d7%99%d7%a1%d7%99%d7%95%d7%a0%d7%99\/%d7%9e%d7%97%d7%a7%d7%a8-ntua-2012\/#primaryimage\",\"url\":\"https:\/\/www.kofinas.gr\/wp-content\/uploads\/2020\/04\/KOFINAS-emp-technical-report-2012-2.jpg\",\"contentUrl\":\"https:\/\/www.kofinas.gr\/wp-content\/uploads\/2020\/04\/KOFINAS-emp-technical-report-2012-2.jpg\",\"width\":374,\"height\":320,\"caption\":\"prefabricated houses-bone green building durability -experiment\"},{\"@type\":\"BreadcrumbList\",\"@id\":\"https:\/\/www.kofinas.gr\/he\/%d7%9e%d7%97%d7%a7%d7%a8-%d7%a0%d7%99%d7%a1%d7%99%d7%95%d7%a0%d7%99\/%d7%9e%d7%97%d7%a7%d7%a8-ntua-2012\/#breadcrumb\",\"itemListElement\":[{\"@type\":\"ListItem\",\"position\":1,\"name\":\"Home\",\"item\":\"https:\/\/www.kofinas.gr\/\"},{\"@type\":\"ListItem\",\"position\":2,\"name\":\"Experiments and research\",\"item\":\"https:\/\/www.kofinas.gr\/eng\/experimental-research\/\"},{\"@type\":\"ListItem\",\"position\":3,\"name\":\"2012 NTUA Experiment\"}]},{\"@type\":\"WebSite\",\"@id\":\"https:\/\/www.kofinas.gr\/#website\",\"url\":\"https:\/\/www.kofinas.gr\/\",\"name\":\"\u039a\u03bf\u03c6\u03b9\u03bd\u03ac\u03c2 \u03a0\u03c1\u03bf\u03ba\u03b1\u03c4\u03b1\u03c3\u03ba\u03b5\u03c5\u03b1\u03c3\u03bc\u03ad\u03bd\u03b1 \u03c3\u03c0\u03af\u03c4\u03b9\u03b1 - \u03a0\u03c1\u03bf\u03ba\u03ac\u03c4\",\"description\":\"\u039a\u03b1\u03c4\u03b1\u03c3\u03ba\u03b5\u03c5\u03ac\u03b6\u03bf\u03c5\u03bc\u03b5 \u03c4\u03bf \u03c3\u03c0\u03af\u03c4\u03b9 \u03c3\u03b1\u03c2 \u03c3\u03c4\u03b7\u03bd \u03b5\u03bb\u03bb\u03ac\u03b4\u03b1 \u03ba\u03b1\u03b9 \u03bf\u03c0\u03bf\u03c5\u03b4\u03ae\u03c0\u03bf\u03c4\u03b5 \u03c3\u03c4\u03b7\u03bd \u0395\u03c5\u03c1\u03ce\u03c0\u03b7!\",\"publisher\":{\"@id\":\"https:\/\/www.kofinas.gr\/#organization\"},\"alternateName\":\"\u039a\u039f\u03a6\u0399\u039d\u0391\u03a3 \u03a0\u03c1\u03bf\u03ba\u03b1\u03c4\u03b1\u03c3\u03ba\u03b5\u03c5\u03b1\u03c3\u03bc\u03ad\u03bd\u03b1 \u03a3\u03c0\u03af\u03c4\u03b9\u03b1 \u03ba\u03b1\u03b9 \u03a4\u03bf\u03c5\u03c1\u03b9\u03c3\u03c4\u03b9\u03ba\u03ac \u039a\u03b1\u03c4\u03b1\u03bb\u03cd\u03bc\u03b1\u03c4\u03b1\",\"potentialAction\":[{\"@type\":\"SearchAction\",\"target\":{\"@type\":\"EntryPoint\",\"urlTemplate\":\"https:\/\/www.kofinas.gr\/?s={search_term_string}\"},\"query-input\":{\"@type\":\"PropertyValueSpecification\",\"valueRequired\":true,\"valueName\":\"search_term_string\"}}],\"inLanguage\":\"fi\"},{\"@type\":\"Organization\",\"@id\":\"https:\/\/www.kofinas.gr\/#organization\",\"name\":\"Kofinas SA\",\"alternateName\":\"Construction Company that constuct Prefabricated houses\",\"url\":\"https:\/\/www.kofinas.gr\/\",\"logo\":{\"@type\":\"ImageObject\",\"inLanguage\":\"fi\",\"@id\":\"https:\/\/www.kofinas.gr\/#\/schema\/logo\/image\/\",\"url\":\"https:\/\/www.kofinas.gr\/wp-content\/uploads\/2025\/03\/360new-logo-25.gif\",\"contentUrl\":\"https:\/\/www.kofinas.gr\/wp-content\/uploads\/2025\/03\/360new-logo-25.gif\",\"width\":230,\"height\":70,\"caption\":\"Kofinas SA\"},\"image\":{\"@id\":\"https:\/\/www.kofinas.gr\/#\/schema\/logo\/image\/\"},\"sameAs\":[\"https:\/\/www.facebook.com\/kofinas.prokataskevasmena\",\"https:\/\/x.com\/kofinas_prokat\",\"https:\/\/www.linkedin.com\/company\/kofinas-sa\",\"https:\/\/www.instagram.com\/kofinasprefab\/\",\"https:\/\/www.youtube.com\/channel\/UCEAifY31SuyQHHz_I3P4IVg\"],\"description\":\"KOFINAS SA \u2013 Prefabricated Homes Founded Legacy & Innovation Established in 1977, KOFINAS SA has grown into one of Greece\u2019s leading firms in the prefabricated housing sector. Their philosophy underscores continuous innovation\u2014they don't aim to build more homes, but to build better homes Strength & Certification The company's unique construction system has undergone rigorous experimental testing at the National Technical University of Athens, proving its durability well beyond natural endurance limits. Innovations introduced by KOFINAS are internationally recognized and certified. Sustainability & Eco Friendly Building KOFINAS uses Swedish and Finnish timber as its primary construction material, achieving a notably low carbon footprint: replacing conventional materials with wood reduces carbon dioxide emissions by 1.1 tons per cubic meter. In collaboration with Nordic sawmills, for every tree harvested, three to five new trees are planted, resulting in a negative carbon footprint. Additionally, their homes feature bioclimatic design and achieve energy consumption reductions of 75%\u201380% compared to conventional buildings\u2014often earning them energy efficiency A certificates. Advanced Production Facilities KOFINAS operates a modern factory, built to European standards, with ISO 14001 certification\u2014ensuring top-tier quality and environmental management in prefabricated housing production. Wide Range of Custom Designs Their catalog includes single , two , and three story homes, ground floor units with lofts, passive houses, and tourist accommodations. They also offer the \u201cFlexyHome\u201d series and Finnlamelli Finnish log houses, providing versatility to meet diverse aesthetic and functional needs. Experienced Team & Nationwide Network KOFINAS boasts a skilled, multidisciplinary team\u2014including civil and architectural engineers\u2014who oversee design, permit processing, and project implementation with a 100% success rate. The company has built a robust sales and distribution network\",\"email\":\"info@kofinas.gr\",\"telephone\":\"00302106081307\",\"legalName\":\"KOFINAS SA\",\"foundingDate\":\"1977-03-07\",\"vatID\":\"EL081136701\",\"duns\":\"503265836\",\"numberOfEmployees\":{\"@type\":\"QuantitativeValue\",\"minValue\":\"11\",\"maxValue\":\"50\"},\"publishingPrinciples\":\"https:\/\/www.kofinas.gr\/%cf%80%ce%bf%ce%bb%ce%b9%cf%84%ce%b9%ce%ba%ce%ae-%ce%b5%cf%84%ce%b1%ce%b9%cf%81%ce%af%ce%b1%cf%82-%ce%ba%ce%bf%cf%86%ce%b9%ce%bd%ce%b1%cf%83-%ce%b1%ce%b5\/\",\"ownershipFundingInfo\":\"https:\/\/www.kofinas.gr\/%ce%b5%cf%84%ce%b1%ce%b9%cf%81%ce%af%ce%b1\/\",\"actionableFeedbackPolicy\":\"https:\/\/www.kofinas.gr\/prosopika-dedomena\/\"}]}<\/script>\n<!-- \/ Yoast SEO Premium plugin. -->","yoast_head_json":{"title":"2012 NTUA-kokeilu | Kofinas-elementtitalot - Elementtivalu","robots":{"index":"index","follow":"follow","max-snippet":"max-snippet:-1","max-image-preview":"max-image-preview:large","max-video-preview":"max-video-preview:-1"},"canonical":"https:\/\/www.kofinas.gr\/fi\/kokeellinen-tutkimus\/2012-ntua-tutkimus\/","og_locale":"fi_FI","og_type":"article","og_title":"2012 NTUA Experiment","og_description":"Research of application of KOFINAS prefabricated houses construction method for buildings with more than three floors The study was funded from the G.S.R.T. and realized from the N.T.U.A. in 2012. A four-story building constructed utilizing the &#8220;Kofinas &#8211; Prefabricated Houses&#8221; company construction system was studied from a scientific team which consisted of: Dr. H. Mouzakis, [&hellip;]","og_url":"https:\/\/www.kofinas.gr\/fi\/kokeellinen-tutkimus\/2012-ntua-tutkimus\/","og_site_name":"\u039a\u03bf\u03c6\u03b9\u03bd\u03ac\u03c2 \u03a0\u03c1\u03bf\u03ba\u03b1\u03c4\u03b1\u03c3\u03ba\u03b5\u03c5\u03b1\u03c3\u03bc\u03ad\u03bd\u03b1 \u03c3\u03c0\u03af\u03c4\u03b9\u03b1 - \u03a0\u03c1\u03bf\u03ba\u03ac\u03c4","article_publisher":"https:\/\/www.facebook.com\/kofinas.prokataskevasmena","article_modified_time":"2020-04-22T06:20:54+00:00","og_image":[{"width":374,"height":320,"url":"https:\/\/www.kofinas.gr\/wp-content\/uploads\/2020\/04\/KOFINAS-emp-technical-report-2012-2.jpg","type":"image\/jpeg"}],"twitter_card":"summary_large_image","twitter_site":"@kofinas_prokat","twitter_misc":{"Arvioitu lukuaika":"1 minuutti"},"schema":{"@context":"https:\/\/schema.org","@graph":[{"@type":"WebPage","@id":"https:\/\/www.kofinas.gr\/he\/%d7%9e%d7%97%d7%a7%d7%a8-%d7%a0%d7%99%d7%a1%d7%99%d7%95%d7%a0%d7%99\/%d7%9e%d7%97%d7%a7%d7%a8-ntua-2012\/","url":"https:\/\/www.kofinas.gr\/he\/%d7%9e%d7%97%d7%a7%d7%a8-%d7%a0%d7%99%d7%a1%d7%99%d7%95%d7%a0%d7%99\/%d7%9e%d7%97%d7%a7%d7%a8-ntua-2012\/","name":"2012 NTUA-kokeilu | Kofinas-elementtitalot - Elementtivalu","isPartOf":{"@id":"https:\/\/www.kofinas.gr\/#website"},"primaryImageOfPage":{"@id":"https:\/\/www.kofinas.gr\/he\/%d7%9e%d7%97%d7%a7%d7%a8-%d7%a0%d7%99%d7%a1%d7%99%d7%95%d7%a0%d7%99\/%d7%9e%d7%97%d7%a7%d7%a8-ntua-2012\/#primaryimage"},"image":{"@id":"https:\/\/www.kofinas.gr\/he\/%d7%9e%d7%97%d7%a7%d7%a8-%d7%a0%d7%99%d7%a1%d7%99%d7%95%d7%a0%d7%99\/%d7%9e%d7%97%d7%a7%d7%a8-ntua-2012\/#primaryimage"},"thumbnailUrl":"https:\/\/www.kofinas.gr\/wp-content\/uploads\/2020\/04\/KOFINAS-emp-technical-report-2012-2.jpg","datePublished":"2016-11-11T14:19:44+00:00","dateModified":"2020-04-22T06:20:54+00:00","breadcrumb":{"@id":"https:\/\/www.kofinas.gr\/he\/%d7%9e%d7%97%d7%a7%d7%a8-%d7%a0%d7%99%d7%a1%d7%99%d7%95%d7%a0%d7%99\/%d7%9e%d7%97%d7%a7%d7%a8-ntua-2012\/#breadcrumb"},"inLanguage":"fi","potentialAction":[{"@type":"ReadAction","target":["https:\/\/www.kofinas.gr\/he\/%d7%9e%d7%97%d7%a7%d7%a8-%d7%a0%d7%99%d7%a1%d7%99%d7%95%d7%a0%d7%99\/%d7%9e%d7%97%d7%a7%d7%a8-ntua-2012\/"]}]},{"@type":"ImageObject","inLanguage":"fi","@id":"https:\/\/www.kofinas.gr\/he\/%d7%9e%d7%97%d7%a7%d7%a8-%d7%a0%d7%99%d7%a1%d7%99%d7%95%d7%a0%d7%99\/%d7%9e%d7%97%d7%a7%d7%a8-ntua-2012\/#primaryimage","url":"https:\/\/www.kofinas.gr\/wp-content\/uploads\/2020\/04\/KOFINAS-emp-technical-report-2012-2.jpg","contentUrl":"https:\/\/www.kofinas.gr\/wp-content\/uploads\/2020\/04\/KOFINAS-emp-technical-report-2012-2.jpg","width":374,"height":320,"caption":"prefabricated houses-bone green building durability -experiment"},{"@type":"BreadcrumbList","@id":"https:\/\/www.kofinas.gr\/he\/%d7%9e%d7%97%d7%a7%d7%a8-%d7%a0%d7%99%d7%a1%d7%99%d7%95%d7%a0%d7%99\/%d7%9e%d7%97%d7%a7%d7%a8-ntua-2012\/#breadcrumb","itemListElement":[{"@type":"ListItem","position":1,"name":"Home","item":"https:\/\/www.kofinas.gr\/"},{"@type":"ListItem","position":2,"name":"Experiments and research","item":"https:\/\/www.kofinas.gr\/eng\/experimental-research\/"},{"@type":"ListItem","position":3,"name":"2012 NTUA Experiment"}]},{"@type":"WebSite","@id":"https:\/\/www.kofinas.gr\/#website","url":"https:\/\/www.kofinas.gr\/","name":"Kofinas Elementtitalot - Elementtitalot","description":"Rakennamme talosi Kreikassa ja kaikkialla Euroopassa!","publisher":{"@id":"https:\/\/www.kofinas.gr\/#organization"},"alternateName":"\u039a\u039f\u03a6\u0399\u039d\u0391\u03a3 \u03a0\u03c1\u03bf\u03ba\u03b1\u03c4\u03b1\u03c3\u03ba\u03b5\u03c5\u03b1\u03c3\u03bc\u03ad\u03bd\u03b1 \u03a3\u03c0\u03af\u03c4\u03b9\u03b1 \u03ba\u03b1\u03b9 \u03a4\u03bf\u03c5\u03c1\u03b9\u03c3\u03c4\u03b9\u03ba\u03ac \u039a\u03b1\u03c4\u03b1\u03bb\u03cd\u03bc\u03b1\u03c4\u03b1","potentialAction":[{"@type":"SearchAction","target":{"@type":"EntryPoint","urlTemplate":"https:\/\/www.kofinas.gr\/?s={search_term_string}"},"query-input":{"@type":"PropertyValueSpecification","valueRequired":true,"valueName":"search_term_string"}}],"inLanguage":"fi"},{"@type":"Organization","@id":"https:\/\/www.kofinas.gr\/#organization","name":"Kofinas SA","alternateName":"Construction Company that constuct Prefabricated houses","url":"https:\/\/www.kofinas.gr\/","logo":{"@type":"ImageObject","inLanguage":"fi","@id":"https:\/\/www.kofinas.gr\/#\/schema\/logo\/image\/","url":"https:\/\/www.kofinas.gr\/wp-content\/uploads\/2025\/03\/360new-logo-25.gif","contentUrl":"https:\/\/www.kofinas.gr\/wp-content\/uploads\/2025\/03\/360new-logo-25.gif","width":230,"height":70,"caption":"Kofinas SA"},"image":{"@id":"https:\/\/www.kofinas.gr\/#\/schema\/logo\/image\/"},"sameAs":["https:\/\/www.facebook.com\/kofinas.prokataskevasmena","https:\/\/x.com\/kofinas_prokat","https:\/\/www.linkedin.com\/company\/kofinas-sa","https:\/\/www.instagram.com\/kofinasprefab\/","https:\/\/www.youtube.com\/channel\/UCEAifY31SuyQHHz_I3P4IVg"],"description":"KOFINAS SA \u2013 Esivalmistetut kodit Perustettu perint\u00f6 ja innovaatio Vuonna 1977 perustettu KOFINAS SA on kasvanut yhdeksi Kreikan johtavista esivalmistettujen talojen yrityksist\u00e4. Heid\u00e4n filosofiansa korostaa jatkuvaa innovaatiota \u2013 heid\u00e4n tavoitteenaan ei ole rakentaa lis\u00e4\u00e4 koteja, vaan parempia koteja. Vahvuus ja sertifiointi Yrityksen ainutlaatuinen rakennusj\u00e4rjestelm\u00e4 on k\u00e4ynyt l\u00e4pi tiukat kokeelliset testit Ateenan kansallisessa teknillisess\u00e4 yliopistossa, mik\u00e4 osoittaa sen kest\u00e4vyyden ylitt\u00e4v\u00e4n luonnolliset kest\u00e4vyysrajat. KOFINASin innovaatiot ovat kansainv\u00e4lisesti tunnustettuja ja sertifioituja. Kest\u00e4v\u00e4 kehitys ja ymp\u00e4rist\u00f6yst\u00e4v\u00e4llinen rakentaminen KOFINAS k\u00e4ytt\u00e4\u00e4 ruotsalaista ja suomalaista puuta ensisijaisena rakennusmateriaalinaan, mik\u00e4 saavuttaa huomattavan pienen hiilijalanj\u00e4ljen: perinteisten materiaalien korvaaminen puulla v\u00e4hent\u00e4\u00e4 hiilidioksidip\u00e4\u00e4st\u00f6j\u00e4 1,1 tonnia kuutiometri\u00e4 kohden. Yhteisty\u00f6ss\u00e4 pohjoismaisten sahojen kanssa jokaista kaadettua puuta kohden istutetaan kolmesta viiteen uutta puuta, mik\u00e4 johtaa negatiiviseen hiilijalanj\u00e4lkeen. Lis\u00e4ksi heid\u00e4n kodeissaan on biokliimasta valmistettu muotoilu, ja niiden energiankulutus v\u00e4henee 75%\u201380% verrattuna perinteisiin rakennuksiin \u2013 mik\u00e4 usein ansaitsee niille energiatehokkuustodistuksen A. Edistykselliset tuotantolaitokset KOFINASilla on moderni tehdas, joka on rakennettu eurooppalaisten standardien mukaisesti ja jolla on ISO 14001 -sertifiointi, mik\u00e4 takaa huippulaadun ja ymp\u00e4rist\u00f6asioiden hallinnan elementtitalojen tuotannossa. Laaja valikoima r\u00e4\u00e4t\u00e4l\u00f6ityj\u00e4 malleja Heid\u00e4n valikoimaansa kuuluu yksi-, kaksi- ja kolmikerroksisia koteja, pohjakerroksen asuntoja parvella, passiivitaloja ja turistimajoitusta. He tarjoavat my\u00f6s &quot;FlexyHome&quot;-sarjan ja Finnlamelli-nimisi\u00e4 hirsitaloja, jotka tarjoavat monipuolisuutta erilaisten esteettisten ja toiminnallisten tarpeiden t\u00e4ytt\u00e4miseen. Kokenut tiimi ja valtakunnallinen verkosto KOFINASilla on ammattitaitoinen, monialainen tiimi, johon kuuluu rakennus- ja arkkitehti-insin\u00f6\u00f6rej\u00e4, jotka valvovat suunnittelua, lupak\u00e4sittely\u00e4 ja projektien toteutusta 100%-onnistumisprosentilla. Yritys on rakentanut vankan myynti- ja jakeluverkoston.","email":"info@kofinas.gr","telephone":"00302106081307","legalName":"KOFINAS SA","foundingDate":"1977-03-07","vatID":"EL081136701","duns":"503265836","numberOfEmployees":{"@type":"QuantitativeValue","minValue":"11","maxValue":"50"},"publishingPrinciples":"https:\/\/www.kofinas.gr\/%cf%80%ce%bf%ce%bb%ce%b9%cf%84%ce%b9%ce%ba%ce%ae-%ce%b5%cf%84%ce%b1%ce%b9%cf%81%ce%af%ce%b1%cf%82-%ce%ba%ce%bf%cf%86%ce%b9%ce%bd%ce%b1%cf%83-%ce%b1%ce%b5\/","ownershipFundingInfo":"https:\/\/www.kofinas.gr\/%ce%b5%cf%84%ce%b1%ce%b9%cf%81%ce%af%ce%b1\/","actionableFeedbackPolicy":"https:\/\/www.kofinas.gr\/prosopika-dedomena\/"}]}},"_links":{"self":[{"href":"https:\/\/www.kofinas.gr\/fi\/wp-json\/wp\/v2\/pages\/8588","targetHints":{"allow":["GET"]}}],"collection":[{"href":"https:\/\/www.kofinas.gr\/fi\/wp-json\/wp\/v2\/pages"}],"about":[{"href":"https:\/\/www.kofinas.gr\/fi\/wp-json\/wp\/v2\/types\/page"}],"author":[{"embeddable":true,"href":"https:\/\/www.kofinas.gr\/fi\/wp-json\/wp\/v2\/users\/3"}],"replies":[{"embeddable":true,"href":"https:\/\/www.kofinas.gr\/fi\/wp-json\/wp\/v2\/comments?post=8588"}],"version-history":[{"count":0,"href":"https:\/\/www.kofinas.gr\/fi\/wp-json\/wp\/v2\/pages\/8588\/revisions"}],"up":[{"embeddable":true,"href":"https:\/\/www.kofinas.gr\/fi\/wp-json\/wp\/v2\/pages\/8605"}],"wp:featuredmedia":[{"embeddable":true,"href":"https:\/\/www.kofinas.gr\/fi\/wp-json\/wp\/v2\/media\/19897"}],"wp:attachment":[{"href":"https:\/\/www.kofinas.gr\/fi\/wp-json\/wp\/v2\/media?parent=8588"}],"curies":[{"name":"wp","href":"https:\/\/api.w.org\/{rel}","templated":true}]}}