{"id":29836,"date":"2021-01-05T10:30:48","date_gmt":"2021-01-05T08:30:48","guid":{"rendered":"https:\/\/www.kofinas.gr\/%cf%80%ce%bf%ce%bb%ce%b9%cf%84%ce%b9%ce%ba%ce%ae-%ce%b5%cf%84%ce%b1%ce%b9%cf%81%ce%af%ce%b1%cf%82-%ce%ba%ce%bf%cf%86%ce%b9%ce%bd%ce%b1%cf%83-%ce%b1%ce%b5\/"},"modified":"2021-01-05T11:01:15","modified_gmt":"2021-01-05T09:01:15","slug":"yrityksen-kaytanto-kofinas-sa","status":"publish","type":"page","link":"https:\/\/www.kofinas.gr\/fi\/yrityksen-kaytanto-kofinas-sa\/","title":{"rendered":"Yhti\u00f6n politiikka-KOFINAS SA"},"content":{"rendered":"<figure class=\"wp-block-image size-large\"><img decoding=\"async\" width=\"230\" height=\"57\" src=\"https:\/\/www.kofinas.gr\/wp-content\/uploads\/2021\/01\/360new-logoraster-smallen2.gif\" alt=\"\" class=\"wp-image-29839\"\/><\/figure>\n\n\n\n<h3 class=\"wp-block-heading\"><strong>Laatupolitiikka \u2013 Ymp\u00e4rist\u00f6 \u2013 EHS<\/strong><\/h3>\n\n\n\n<p>KOFINAS PREFABRICATED HOUSES SA Yhti\u00f6n toimialana on elementtitalojen suunnittelu, rakentaminen, markkinointi ja asennus.<\/p>\n\n\n\n<p>Yrityksen perussitoumukset ovat:<\/p>\n\n\n\n<ol class=\"wp-block-list\" type=\"1\"><li>vakaan ja korkealaatuisen palvelun tarjoaminen <\/li><li>ja asiakkaidensa vaatimusten t\u00e4ytt\u00e4minen sek\u00e4 ymp\u00e4rist\u00f6n ja EHS:n suojelu<\/li><\/ol>\n\n\n\n<p>Lis\u00e4ksi yritys on sitoutunut:<\/p>\n\n\n\n<ol class=\"wp-block-list\" type=\"1\" start=\"3\"><li>sen palveluiden ja k\u00e4yt\u00e4nt\u00f6jen yhdenmukaisuus sovellettavan lains\u00e4\u00e4d\u00e4nn\u00f6n ja asiaa koskevan s\u00e4\u00e4ntelykehyksen kanssa,<\/li><li>ymp\u00e4rist\u00f6vahinkojen ehk\u00e4isy,<\/li><li>ryhty\u00e4 asianmukaisiin toimenpiteisiin yrityksen ty\u00f6paikan terveydelle ja turvallisuudelle aiheutuvien riskien ja uhkien ehk\u00e4isemiseksi, v\u00e4hent\u00e4miseksi ja poistamiseksi,<\/li><li>tarjota asianmukainen ty\u00f6ymp\u00e4rist\u00f6 ja turvalliset ty\u00f6olosuhteet vammojen ja ammattitautien ehk\u00e4isemiseksi ja ehk\u00e4isemiseksi,<\/li><li>v\u00e4hent\u00e4\u00e4 sen tuottamaa j\u00e4tett\u00e4 ja edist\u00e4\u00e4 kierr\u00e4tysk\u00e4yt\u00e4nt\u00f6j\u00e4, v\u00e4hent\u00e4\u00e4 energian ja luonnonvarojen kulutusta,<\/li><li>rohkaista ty\u00f6ntekij\u00f6iden kuulemista ja osallistumista ty\u00f6terveyteen ja -turvallisuuteen liittyviss\u00e4 asioissa.<\/li><\/ol>\n\n\n\n<p>Johto varmistaa edell\u00e4 mainittujen sitoumusten saavuttamisen seuraavasti:<\/p>\n\n\n\n<ol class=\"wp-block-list\" type=\"A\"><li>yhten\u00e4isen hallintaj\u00e4rjestelm\u00e4n (SMS) k\u00e4ytt\u00f6\u00f6notto t\u00e4ysin standardien ISO 9001: 2015 ja ISO 14001: 2015 ja ISO 45001: 2018 vaatimusten mukaisesti ja sen tehokkuuden parantaminen s\u00e4\u00e4nn\u00f6llisill\u00e4 auditoinneilla, tarkasteluilla ja relevanttien riskien analysoinnilla ,<\/li><li>johdon jatkuvaa koulutusta, tiedottamista ja koulutusta yhti\u00f6n tavoitteiden edist\u00e4miseksi jokaisessa toiminnassa,<\/li><li>riitt\u00e4v\u00e4t resurssit turvallisuusjohtamisj\u00e4rjestelm\u00e4n ja ymp\u00e4rist\u00f6hallinnon toteuttamiseen,<\/li><li>Tavoitteet, joiden toteutumista tarkastellaan ja arvioidaan palvelujensa laatuun, ymp\u00e4rist\u00f6\u00f6n ja EHS:\u00e4\u00e4n kohdistuvien kielteisten vaikutusten eliminoimiseksi tai v\u00e4hent\u00e4miseksi.<\/li><\/ol>\n\n\n\n<p>Jatkuva pyrkimys Palvelujen ja SMS:n jatkuvaan parantamiseen on yhti\u00f6n ja sen jokaisen ty\u00f6ntekij\u00e4n filosofian t\u00e4rkein huolenaihe.<\/p>\n\n\n\n<div class=\"wp-block-image\"><figure class=\"aligncenter size-full\"><img fetchpriority=\"high\" decoding=\"async\" width=\"1654\" height=\"398\" src=\"https:\/\/www.kofinas.gr\/wp-content\/uploads\/2021\/01\/\u0430\u0441\u0437\u0434\u0444.jpg\" alt=\"\" class=\"wp-image-29824\" srcset=\"\" sizes=\"(max-width: 1654px) 100vw, 1654px\" data-srcset=\"\" \/><\/figure><\/div>\n\n\n\n<div class=\"wp-block-columns is-layout-flex wp-container-core-columns-is-layout-9d6595d7 wp-block-columns-is-layout-flex\">\n<div class=\"wp-block-column is-layout-flow wp-block-column-is-layout-flow\">\n<div class=\"wp-block-image\"><figure class=\"aligncenter size-large\"><a href=\"https:\/\/www.kofinas.gr\/wp-content\/uploads\/2021\/01\/Policy_05012021101600-1.jpg\" data-lbwps-width=\"1018\" data-lbwps-height=\"1440\" data-lbwps-srcsmall=\"https:\/\/www.kofinas.gr\/wp-content\/uploads\/2021\/01\/Policy_05012021101600-1.jpg\"><img decoding=\"async\" width=\"283\" height=\"400\" src=\"https:\/\/www.kofinas.gr\/wp-content\/uploads\/2021\/01\/Policy_05012021101600-1-283x400.jpg\" alt=\"\" class=\"wp-image-29829\" srcset=\"https:\/\/www.kofinas.gr\/wp-content\/uploads\/2021\/01\/Policy_05012021101600-1-283x400.jpg 283w, https:\/\/www.kofinas.gr\/wp-content\/uploads\/2021\/01\/Policy_05012021101600-1-247x350.jpg 247w, https:\/\/www.kofinas.gr\/wp-content\/uploads\/2021\/01\/Policy_05012021101600-1-768x1087.jpg 768w, https:\/\/www.kofinas.gr\/wp-content\/uploads\/2021\/01\/Policy_05012021101600-1.jpg 1018w\" sizes=\"(max-width: 283px) 100vw, 283px\" \/><\/a><\/figure><\/div>\n<\/div>\n\n\n\n<div class=\"wp-block-column is-layout-flow wp-block-column-is-layout-flow\">\n<div class=\"wp-block-image\"><figure class=\"aligncenter size-large\"><img loading=\"lazy\" decoding=\"async\" width=\"230\" height=\"57\" src=\"https:\/\/www.kofinas.gr\/wp-content\/uploads\/2021\/01\/360new-logoraster-smallen-1.gif\" alt=\"\" class=\"wp-image-29831\"\/><\/figure><\/div>\n<\/div>\n<\/div>","protected":false},"excerpt":{"rendered":"<p>Laatupolitiikka \u2013\u200eYmp\u00e4rist\u00f6 \u2013\u2010EHS KOFINAS ELITALOT SA Yhti\u00f6n toimialana on elementtitalojen suunnittelu, rakentaminen, markkinointi ja asennus. Yrityksen perussitoumuksia ovat: vakaan ja korkeatasoisen laadukkaan palvelun tarjoaminen sek\u00e4 asiakkaidensa tarpeiden t\u00e4ytt\u00e4minen, [\u2026]<\/p>","protected":false},"author":3,"featured_media":0,"parent":0,"menu_order":0,"comment_status":"closed","ping_status":"closed","template":"template-pages\/page-nobackground.php","meta":{"_acf_changed":false,"footnotes":""},"class_list":["post-29836","page","type-page","status-publish","hentry"],"acf":[],"yoast_head":"<!-- This site is optimized with the Yoast SEO Premium plugin v26.6 (Yoast SEO v26.6) - https:\/\/yoast.com\/wordpress\/plugins\/seo\/ -->\n<title>Company&#039;s policy-KOFINAS SA | \u039a\u03bf\u03c6\u03b9\u03bd\u03ac\u03c2 \u03a0\u03c1\u03bf\u03ba\u03b1\u03c4\u03b1\u03c3\u03ba\u03b5\u03c5\u03b1\u03c3\u03bc\u03ad\u03bd\u03b1 \u03c3\u03c0\u03af\u03c4\u03b9\u03b1 - \u03a0\u03c1\u03bf\u03ba\u03ac\u03c4 | Prefabricated houses<\/title>\n<meta name=\"description\" content=\"\u039a\u03bf\u03c6\u03b9\u03bd\u03ac\u03c2 \u03a0\u03c1\u03bf\u03ba\u03b1\u03c4\u03b1\u03c3\u03ba\u03b5\u03c5\u03b1\u03c3\u03bc\u03ad\u03bd\u03b1 \u03c3\u03c0\u03af\u03c4\u03b9\u03b1 - \u03a0\u03c1\u03bf\u03ba\u03ac\u03c4 Company&#039;s policy-KOFINAS SA | \u039a\u03bf\u03c6\u03b9\u03bd\u03ac\u03c2 \u03a0\u03c1\u03bf\u03ba\u03b1\u03c4\u03b1\u03c3\u03ba\u03b5\u03c5\u03b1\u03c3\u03bc\u03ad\u03bd\u03b1 \u03c3\u03c0\u03af\u03c4\u03b9\u03b1 - \u03a0\u03c1\u03bf\u03ba\u03ac\u03c4 | Company&#039;s policy-KOFINAS SA | \u039a\u03bf\u03c6\u03b9\u03bd\u03ac\u03c2 \u03a0\u03c1\u03bf\u03ba\u03b1\u03c4\u03b1\u03c3\u03ba\u03b5\u03c5\u03b1\u03c3\u03bc\u03ad\u03bd\u03b1 \u03c3\u03c0\u03af\u03c4\u03b9\u03b1 - \u03a0\u03c1\u03bf\u03ba\u03ac\u03c4 | Company&#039;s policy-KOFINAS SA Prefabricated houses\" \/>\n<meta name=\"robots\" content=\"index, follow, max-snippet:-1, max-image-preview:large, max-video-preview:-1\" \/>\n<link rel=\"canonical\" href=\"https:\/\/www.kofinas.gr\/fi\/yrityksen-kaytanto-kofinas-sa\/\" \/>\n<meta property=\"og:locale\" content=\"fi_FI\" \/>\n<meta property=\"og:type\" content=\"article\" \/>\n<meta property=\"og:title\" content=\"Company&#039;s policy-KOFINAS SA\" \/>\n<meta property=\"og:description\" content=\"\u039a\u03bf\u03c6\u03b9\u03bd\u03ac\u03c2 \u03a0\u03c1\u03bf\u03ba\u03b1\u03c4\u03b1\u03c3\u03ba\u03b5\u03c5\u03b1\u03c3\u03bc\u03ad\u03bd\u03b1 \u03c3\u03c0\u03af\u03c4\u03b9\u03b1 - \u03a0\u03c1\u03bf\u03ba\u03ac\u03c4 Company&#039;s policy-KOFINAS SA | \u039a\u03bf\u03c6\u03b9\u03bd\u03ac\u03c2 \u03a0\u03c1\u03bf\u03ba\u03b1\u03c4\u03b1\u03c3\u03ba\u03b5\u03c5\u03b1\u03c3\u03bc\u03ad\u03bd\u03b1 \u03c3\u03c0\u03af\u03c4\u03b9\u03b1 - \u03a0\u03c1\u03bf\u03ba\u03ac\u03c4 | Company&#039;s policy-KOFINAS SA | \u039a\u03bf\u03c6\u03b9\u03bd\u03ac\u03c2 \u03a0\u03c1\u03bf\u03ba\u03b1\u03c4\u03b1\u03c3\u03ba\u03b5\u03c5\u03b1\u03c3\u03bc\u03ad\u03bd\u03b1 \u03c3\u03c0\u03af\u03c4\u03b9\u03b1 - \u03a0\u03c1\u03bf\u03ba\u03ac\u03c4 | Company&#039;s policy-KOFINAS SA Prefabricated houses\" \/>\n<meta property=\"og:url\" content=\"https:\/\/www.kofinas.gr\/fi\/yrityksen-kaytanto-kofinas-sa\/\" \/>\n<meta property=\"og:site_name\" content=\"\u039a\u03bf\u03c6\u03b9\u03bd\u03ac\u03c2 \u03a0\u03c1\u03bf\u03ba\u03b1\u03c4\u03b1\u03c3\u03ba\u03b5\u03c5\u03b1\u03c3\u03bc\u03ad\u03bd\u03b1 \u03c3\u03c0\u03af\u03c4\u03b9\u03b1 - \u03a0\u03c1\u03bf\u03ba\u03ac\u03c4\" \/>\n<meta property=\"article:publisher\" content=\"https:\/\/www.facebook.com\/kofinas.prokataskevasmena\" \/>\n<meta property=\"article:modified_time\" content=\"2021-01-05T09:01:15+00:00\" \/>\n<meta property=\"og:image\" content=\"https:\/\/www.kofinas.gr\/wp-content\/uploads\/2021\/01\/360new-logoraster-smallen2.gif\" \/>\n<meta name=\"twitter:card\" content=\"summary_large_image\" \/>\n<meta name=\"twitter:site\" content=\"@kofinas_prokat\" \/>\n<meta name=\"twitter:label1\" content=\"Arvioitu lukuaika\" \/>\n\t<meta name=\"twitter:data1\" content=\"2 minuuttia\" \/>\n<script type=\"application\/ld+json\" class=\"yoast-schema-graph\">{\"@context\":\"https:\/\/schema.org\",\"@graph\":[{\"@type\":\"WebPage\",\"@id\":\"https:\/\/www.kofinas.gr\/companys-policy-kofinas-sa\/\",\"url\":\"https:\/\/www.kofinas.gr\/companys-policy-kofinas-sa\/\",\"name\":\"Company's policy-KOFINAS SA | \u039a\u03bf\u03c6\u03b9\u03bd\u03ac\u03c2 \u03a0\u03c1\u03bf\u03ba\u03b1\u03c4\u03b1\u03c3\u03ba\u03b5\u03c5\u03b1\u03c3\u03bc\u03ad\u03bd\u03b1 \u03c3\u03c0\u03af\u03c4\u03b9\u03b1 - \u03a0\u03c1\u03bf\u03ba\u03ac\u03c4 | Prefabricated houses\",\"isPartOf\":{\"@id\":\"https:\/\/www.kofinas.gr\/#website\"},\"primaryImageOfPage\":{\"@id\":\"https:\/\/www.kofinas.gr\/companys-policy-kofinas-sa\/#primaryimage\"},\"image\":{\"@id\":\"https:\/\/www.kofinas.gr\/companys-policy-kofinas-sa\/#primaryimage\"},\"thumbnailUrl\":\"https:\/\/www.kofinas.gr\/wp-content\/uploads\/2021\/01\/360new-logoraster-smallen2.gif\",\"datePublished\":\"2021-01-05T08:30:48+00:00\",\"dateModified\":\"2021-01-05T09:01:15+00:00\",\"description\":\"\u039a\u03bf\u03c6\u03b9\u03bd\u03ac\u03c2 \u03a0\u03c1\u03bf\u03ba\u03b1\u03c4\u03b1\u03c3\u03ba\u03b5\u03c5\u03b1\u03c3\u03bc\u03ad\u03bd\u03b1 \u03c3\u03c0\u03af\u03c4\u03b9\u03b1 - \u03a0\u03c1\u03bf\u03ba\u03ac\u03c4 Company's policy-KOFINAS SA | \u039a\u03bf\u03c6\u03b9\u03bd\u03ac\u03c2 \u03a0\u03c1\u03bf\u03ba\u03b1\u03c4\u03b1\u03c3\u03ba\u03b5\u03c5\u03b1\u03c3\u03bc\u03ad\u03bd\u03b1 \u03c3\u03c0\u03af\u03c4\u03b9\u03b1 - \u03a0\u03c1\u03bf\u03ba\u03ac\u03c4 | Company's policy-KOFINAS SA | \u039a\u03bf\u03c6\u03b9\u03bd\u03ac\u03c2 \u03a0\u03c1\u03bf\u03ba\u03b1\u03c4\u03b1\u03c3\u03ba\u03b5\u03c5\u03b1\u03c3\u03bc\u03ad\u03bd\u03b1 \u03c3\u03c0\u03af\u03c4\u03b9\u03b1 - \u03a0\u03c1\u03bf\u03ba\u03ac\u03c4 | Company's policy-KOFINAS SA Prefabricated houses\",\"breadcrumb\":{\"@id\":\"https:\/\/www.kofinas.gr\/companys-policy-kofinas-sa\/#breadcrumb\"},\"inLanguage\":\"fi\",\"potentialAction\":[{\"@type\":\"ReadAction\",\"target\":[\"https:\/\/www.kofinas.gr\/companys-policy-kofinas-sa\/\"]}]},{\"@type\":\"ImageObject\",\"inLanguage\":\"fi\",\"@id\":\"https:\/\/www.kofinas.gr\/companys-policy-kofinas-sa\/#primaryimage\",\"url\":\"https:\/\/www.kofinas.gr\/wp-content\/uploads\/2021\/01\/360new-logoraster-smallen2.gif\",\"contentUrl\":\"https:\/\/www.kofinas.gr\/wp-content\/uploads\/2021\/01\/360new-logoraster-smallen2.gif\"},{\"@type\":\"BreadcrumbList\",\"@id\":\"https:\/\/www.kofinas.gr\/companys-policy-kofinas-sa\/#breadcrumb\",\"itemListElement\":[{\"@type\":\"ListItem\",\"position\":1,\"name\":\"Home\",\"item\":\"https:\/\/www.kofinas.gr\/\"},{\"@type\":\"ListItem\",\"position\":2,\"name\":\"Company&#8217;s policy-KOFINAS SA\"}]},{\"@type\":\"WebSite\",\"@id\":\"https:\/\/www.kofinas.gr\/#website\",\"url\":\"https:\/\/www.kofinas.gr\/\",\"name\":\"\u039a\u03bf\u03c6\u03b9\u03bd\u03ac\u03c2 \u03a0\u03c1\u03bf\u03ba\u03b1\u03c4\u03b1\u03c3\u03ba\u03b5\u03c5\u03b1\u03c3\u03bc\u03ad\u03bd\u03b1 \u03c3\u03c0\u03af\u03c4\u03b9\u03b1 - \u03a0\u03c1\u03bf\u03ba\u03ac\u03c4\",\"description\":\"\u039a\u03b1\u03c4\u03b1\u03c3\u03ba\u03b5\u03c5\u03ac\u03b6\u03bf\u03c5\u03bc\u03b5 \u03c4\u03bf \u03c3\u03c0\u03af\u03c4\u03b9 \u03c3\u03b1\u03c2 \u03c3\u03c4\u03b7\u03bd \u03b5\u03bb\u03bb\u03ac\u03b4\u03b1 \u03ba\u03b1\u03b9 \u03bf\u03c0\u03bf\u03c5\u03b4\u03ae\u03c0\u03bf\u03c4\u03b5 \u03c3\u03c4\u03b7\u03bd \u0395\u03c5\u03c1\u03ce\u03c0\u03b7!\",\"publisher\":{\"@id\":\"https:\/\/www.kofinas.gr\/#organization\"},\"alternateName\":\"\u039a\u039f\u03a6\u0399\u039d\u0391\u03a3 \u03a0\u03c1\u03bf\u03ba\u03b1\u03c4\u03b1\u03c3\u03ba\u03b5\u03c5\u03b1\u03c3\u03bc\u03ad\u03bd\u03b1 \u03a3\u03c0\u03af\u03c4\u03b9\u03b1 \u03ba\u03b1\u03b9 \u03a4\u03bf\u03c5\u03c1\u03b9\u03c3\u03c4\u03b9\u03ba\u03ac \u039a\u03b1\u03c4\u03b1\u03bb\u03cd\u03bc\u03b1\u03c4\u03b1\",\"potentialAction\":[{\"@type\":\"SearchAction\",\"target\":{\"@type\":\"EntryPoint\",\"urlTemplate\":\"https:\/\/www.kofinas.gr\/?s={search_term_string}\"},\"query-input\":{\"@type\":\"PropertyValueSpecification\",\"valueRequired\":true,\"valueName\":\"search_term_string\"}}],\"inLanguage\":\"fi\"},{\"@type\":\"Organization\",\"@id\":\"https:\/\/www.kofinas.gr\/#organization\",\"name\":\"Kofinas SA\",\"alternateName\":\"Construction Company that constuct Prefabricated houses\",\"url\":\"https:\/\/www.kofinas.gr\/\",\"logo\":{\"@type\":\"ImageObject\",\"inLanguage\":\"fi\",\"@id\":\"https:\/\/www.kofinas.gr\/#\/schema\/logo\/image\/\",\"url\":\"https:\/\/www.kofinas.gr\/wp-content\/uploads\/2025\/03\/360new-logo-25.gif\",\"contentUrl\":\"https:\/\/www.kofinas.gr\/wp-content\/uploads\/2025\/03\/360new-logo-25.gif\",\"width\":230,\"height\":70,\"caption\":\"Kofinas SA\"},\"image\":{\"@id\":\"https:\/\/www.kofinas.gr\/#\/schema\/logo\/image\/\"},\"sameAs\":[\"https:\/\/www.facebook.com\/kofinas.prokataskevasmena\",\"https:\/\/x.com\/kofinas_prokat\",\"https:\/\/www.linkedin.com\/company\/kofinas-sa\",\"https:\/\/www.instagram.com\/kofinasprefab\/\",\"https:\/\/www.youtube.com\/channel\/UCEAifY31SuyQHHz_I3P4IVg\"],\"description\":\"KOFINAS SA \u2013 Prefabricated Homes Founded Legacy & Innovation Established in 1977, KOFINAS SA has grown into one of Greece\u2019s leading firms in the prefabricated housing sector. Their philosophy underscores continuous innovation\u2014they don't aim to build more homes, but to build better homes Strength & Certification The company's unique construction system has undergone rigorous experimental testing at the National Technical University of Athens, proving its durability well beyond natural endurance limits. Innovations introduced by KOFINAS are internationally recognized and certified. Sustainability & Eco Friendly Building KOFINAS uses Swedish and Finnish timber as its primary construction material, achieving a notably low carbon footprint: replacing conventional materials with wood reduces carbon dioxide emissions by 1.1 tons per cubic meter. In collaboration with Nordic sawmills, for every tree harvested, three to five new trees are planted, resulting in a negative carbon footprint. Additionally, their homes feature bioclimatic design and achieve energy consumption reductions of 75%\u201380% compared to conventional buildings\u2014often earning them energy efficiency A certificates. Advanced Production Facilities KOFINAS operates a modern factory, built to European standards, with ISO 14001 certification\u2014ensuring top-tier quality and environmental management in prefabricated housing production. Wide Range of Custom Designs Their catalog includes single , two , and three story homes, ground floor units with lofts, passive houses, and tourist accommodations. They also offer the \u201cFlexyHome\u201d series and Finnlamelli Finnish log houses, providing versatility to meet diverse aesthetic and functional needs. Experienced Team & Nationwide Network KOFINAS boasts a skilled, multidisciplinary team\u2014including civil and architectural engineers\u2014who oversee design, permit processing, and project implementation with a 100% success rate. The company has built a robust sales and distribution network\",\"email\":\"info@kofinas.gr\",\"telephone\":\"00302106081307\",\"legalName\":\"KOFINAS SA\",\"foundingDate\":\"1977-03-07\",\"vatID\":\"EL081136701\",\"duns\":\"503265836\",\"numberOfEmployees\":{\"@type\":\"QuantitativeValue\",\"minValue\":\"11\",\"maxValue\":\"50\"},\"publishingPrinciples\":\"https:\/\/www.kofinas.gr\/%cf%80%ce%bf%ce%bb%ce%b9%cf%84%ce%b9%ce%ba%ce%ae-%ce%b5%cf%84%ce%b1%ce%b9%cf%81%ce%af%ce%b1%cf%82-%ce%ba%ce%bf%cf%86%ce%b9%ce%bd%ce%b1%cf%83-%ce%b1%ce%b5\/\",\"ownershipFundingInfo\":\"https:\/\/www.kofinas.gr\/%ce%b5%cf%84%ce%b1%ce%b9%cf%81%ce%af%ce%b1\/\",\"actionableFeedbackPolicy\":\"https:\/\/www.kofinas.gr\/prosopika-dedomena\/\"}]}<\/script>\n<!-- \/ Yoast SEO Premium plugin. -->","yoast_head_json":{"title":"Yrityksen k\u00e4yt\u00e4nt\u00f6 - KOFINAS SA | Kofinas Elementtitalot - Elementtitalot | Elementtitalot","description":"Kofinas Esivalmistetut talot - Esivalmistetut Yrityksen k\u00e4yt\u00e4nt\u00f6-KOFINAS SA | Kofinas Esivalmistetut talot - Esivalmistetut | Yrityksen k\u00e4yt\u00e4nt\u00f6-KOFINAS SA | Kofinas Esivalmistetut talot - Esivalmistetut | Yrityksen k\u00e4yt\u00e4nt\u00f6-KOFINAS SA Esivalmistetut talot","robots":{"index":"index","follow":"follow","max-snippet":"max-snippet:-1","max-image-preview":"max-image-preview:large","max-video-preview":"max-video-preview:-1"},"canonical":"https:\/\/www.kofinas.gr\/fi\/yrityksen-kaytanto-kofinas-sa\/","og_locale":"fi_FI","og_type":"article","og_title":"Company's policy-KOFINAS SA","og_description":"\u039a\u03bf\u03c6\u03b9\u03bd\u03ac\u03c2 \u03a0\u03c1\u03bf\u03ba\u03b1\u03c4\u03b1\u03c3\u03ba\u03b5\u03c5\u03b1\u03c3\u03bc\u03ad\u03bd\u03b1 \u03c3\u03c0\u03af\u03c4\u03b9\u03b1 - \u03a0\u03c1\u03bf\u03ba\u03ac\u03c4 Company's policy-KOFINAS SA | \u039a\u03bf\u03c6\u03b9\u03bd\u03ac\u03c2 \u03a0\u03c1\u03bf\u03ba\u03b1\u03c4\u03b1\u03c3\u03ba\u03b5\u03c5\u03b1\u03c3\u03bc\u03ad\u03bd\u03b1 \u03c3\u03c0\u03af\u03c4\u03b9\u03b1 - \u03a0\u03c1\u03bf\u03ba\u03ac\u03c4 | Company's policy-KOFINAS SA | \u039a\u03bf\u03c6\u03b9\u03bd\u03ac\u03c2 \u03a0\u03c1\u03bf\u03ba\u03b1\u03c4\u03b1\u03c3\u03ba\u03b5\u03c5\u03b1\u03c3\u03bc\u03ad\u03bd\u03b1 \u03c3\u03c0\u03af\u03c4\u03b9\u03b1 - \u03a0\u03c1\u03bf\u03ba\u03ac\u03c4 | Company's policy-KOFINAS SA Prefabricated houses","og_url":"https:\/\/www.kofinas.gr\/fi\/yrityksen-kaytanto-kofinas-sa\/","og_site_name":"\u039a\u03bf\u03c6\u03b9\u03bd\u03ac\u03c2 \u03a0\u03c1\u03bf\u03ba\u03b1\u03c4\u03b1\u03c3\u03ba\u03b5\u03c5\u03b1\u03c3\u03bc\u03ad\u03bd\u03b1 \u03c3\u03c0\u03af\u03c4\u03b9\u03b1 - \u03a0\u03c1\u03bf\u03ba\u03ac\u03c4","article_publisher":"https:\/\/www.facebook.com\/kofinas.prokataskevasmena","article_modified_time":"2021-01-05T09:01:15+00:00","og_image":[{"url":"https:\/\/www.kofinas.gr\/wp-content\/uploads\/2021\/01\/360new-logoraster-smallen2.gif","type":"","width":"","height":""}],"twitter_card":"summary_large_image","twitter_site":"@kofinas_prokat","twitter_misc":{"Arvioitu lukuaika":"2 minuuttia"},"schema":{"@context":"https:\/\/schema.org","@graph":[{"@type":"WebPage","@id":"https:\/\/www.kofinas.gr\/companys-policy-kofinas-sa\/","url":"https:\/\/www.kofinas.gr\/companys-policy-kofinas-sa\/","name":"Yrityksen k\u00e4yt\u00e4nt\u00f6 - KOFINAS SA | Kofinas Elementtitalot - Elementtitalot | Elementtitalot","isPartOf":{"@id":"https:\/\/www.kofinas.gr\/#website"},"primaryImageOfPage":{"@id":"https:\/\/www.kofinas.gr\/companys-policy-kofinas-sa\/#primaryimage"},"image":{"@id":"https:\/\/www.kofinas.gr\/companys-policy-kofinas-sa\/#primaryimage"},"thumbnailUrl":"https:\/\/www.kofinas.gr\/wp-content\/uploads\/2021\/01\/360new-logoraster-smallen2.gif","datePublished":"2021-01-05T08:30:48+00:00","dateModified":"2021-01-05T09:01:15+00:00","description":"Kofinas Esivalmistetut talot - Esivalmistetut Yrityksen k\u00e4yt\u00e4nt\u00f6-KOFINAS SA | Kofinas Esivalmistetut talot - Esivalmistetut | Yrityksen k\u00e4yt\u00e4nt\u00f6-KOFINAS SA | Kofinas Esivalmistetut talot - Esivalmistetut | Yrityksen k\u00e4yt\u00e4nt\u00f6-KOFINAS SA Esivalmistetut talot","breadcrumb":{"@id":"https:\/\/www.kofinas.gr\/companys-policy-kofinas-sa\/#breadcrumb"},"inLanguage":"fi","potentialAction":[{"@type":"ReadAction","target":["https:\/\/www.kofinas.gr\/companys-policy-kofinas-sa\/"]}]},{"@type":"ImageObject","inLanguage":"fi","@id":"https:\/\/www.kofinas.gr\/companys-policy-kofinas-sa\/#primaryimage","url":"https:\/\/www.kofinas.gr\/wp-content\/uploads\/2021\/01\/360new-logoraster-smallen2.gif","contentUrl":"https:\/\/www.kofinas.gr\/wp-content\/uploads\/2021\/01\/360new-logoraster-smallen2.gif"},{"@type":"BreadcrumbList","@id":"https:\/\/www.kofinas.gr\/companys-policy-kofinas-sa\/#breadcrumb","itemListElement":[{"@type":"ListItem","position":1,"name":"Home","item":"https:\/\/www.kofinas.gr\/"},{"@type":"ListItem","position":2,"name":"Company&#8217;s policy-KOFINAS SA"}]},{"@type":"WebSite","@id":"https:\/\/www.kofinas.gr\/#website","url":"https:\/\/www.kofinas.gr\/","name":"Kofinas Elementtitalot - Elementtitalot","description":"Rakennamme talosi Kreikassa ja kaikkialla Euroopassa!","publisher":{"@id":"https:\/\/www.kofinas.gr\/#organization"},"alternateName":"\u039a\u039f\u03a6\u0399\u039d\u0391\u03a3 \u03a0\u03c1\u03bf\u03ba\u03b1\u03c4\u03b1\u03c3\u03ba\u03b5\u03c5\u03b1\u03c3\u03bc\u03ad\u03bd\u03b1 \u03a3\u03c0\u03af\u03c4\u03b9\u03b1 \u03ba\u03b1\u03b9 \u03a4\u03bf\u03c5\u03c1\u03b9\u03c3\u03c4\u03b9\u03ba\u03ac \u039a\u03b1\u03c4\u03b1\u03bb\u03cd\u03bc\u03b1\u03c4\u03b1","potentialAction":[{"@type":"SearchAction","target":{"@type":"EntryPoint","urlTemplate":"https:\/\/www.kofinas.gr\/?s={search_term_string}"},"query-input":{"@type":"PropertyValueSpecification","valueRequired":true,"valueName":"search_term_string"}}],"inLanguage":"fi"},{"@type":"Organization","@id":"https:\/\/www.kofinas.gr\/#organization","name":"Kofinas SA","alternateName":"Construction Company that constuct Prefabricated houses","url":"https:\/\/www.kofinas.gr\/","logo":{"@type":"ImageObject","inLanguage":"fi","@id":"https:\/\/www.kofinas.gr\/#\/schema\/logo\/image\/","url":"https:\/\/www.kofinas.gr\/wp-content\/uploads\/2025\/03\/360new-logo-25.gif","contentUrl":"https:\/\/www.kofinas.gr\/wp-content\/uploads\/2025\/03\/360new-logo-25.gif","width":230,"height":70,"caption":"Kofinas SA"},"image":{"@id":"https:\/\/www.kofinas.gr\/#\/schema\/logo\/image\/"},"sameAs":["https:\/\/www.facebook.com\/kofinas.prokataskevasmena","https:\/\/x.com\/kofinas_prokat","https:\/\/www.linkedin.com\/company\/kofinas-sa","https:\/\/www.instagram.com\/kofinasprefab\/","https:\/\/www.youtube.com\/channel\/UCEAifY31SuyQHHz_I3P4IVg"],"description":"KOFINAS SA \u2013 Esivalmistetut kodit Perustettu perint\u00f6 ja innovaatio Vuonna 1977 perustettu KOFINAS SA on kasvanut yhdeksi Kreikan johtavista esivalmistettujen talojen yrityksist\u00e4. Heid\u00e4n filosofiansa korostaa jatkuvaa innovaatiota \u2013 heid\u00e4n tavoitteenaan ei ole rakentaa lis\u00e4\u00e4 koteja, vaan parempia koteja. Vahvuus ja sertifiointi Yrityksen ainutlaatuinen rakennusj\u00e4rjestelm\u00e4 on k\u00e4ynyt l\u00e4pi tiukat kokeelliset testit Ateenan kansallisessa teknillisess\u00e4 yliopistossa, mik\u00e4 osoittaa sen kest\u00e4vyyden ylitt\u00e4v\u00e4n luonnolliset kest\u00e4vyysrajat. KOFINASin innovaatiot ovat kansainv\u00e4lisesti tunnustettuja ja sertifioituja. Kest\u00e4v\u00e4 kehitys ja ymp\u00e4rist\u00f6yst\u00e4v\u00e4llinen rakentaminen KOFINAS k\u00e4ytt\u00e4\u00e4 ruotsalaista ja suomalaista puuta ensisijaisena rakennusmateriaalinaan, mik\u00e4 saavuttaa huomattavan pienen hiilijalanj\u00e4ljen: perinteisten materiaalien korvaaminen puulla v\u00e4hent\u00e4\u00e4 hiilidioksidip\u00e4\u00e4st\u00f6j\u00e4 1,1 tonnia kuutiometri\u00e4 kohden. Yhteisty\u00f6ss\u00e4 pohjoismaisten sahojen kanssa jokaista kaadettua puuta kohden istutetaan kolmesta viiteen uutta puuta, mik\u00e4 johtaa negatiiviseen hiilijalanj\u00e4lkeen. Lis\u00e4ksi heid\u00e4n kodeissaan on biokliimasta valmistettu muotoilu, ja niiden energiankulutus v\u00e4henee 75%\u201380% verrattuna perinteisiin rakennuksiin \u2013 mik\u00e4 usein ansaitsee niille energiatehokkuustodistuksen A. Edistykselliset tuotantolaitokset KOFINASilla on moderni tehdas, joka on rakennettu eurooppalaisten standardien mukaisesti ja jolla on ISO 14001 -sertifiointi, mik\u00e4 takaa huippulaadun ja ymp\u00e4rist\u00f6asioiden hallinnan elementtitalojen tuotannossa. Laaja valikoima r\u00e4\u00e4t\u00e4l\u00f6ityj\u00e4 malleja Heid\u00e4n valikoimaansa kuuluu yksi-, kaksi- ja kolmikerroksisia koteja, pohjakerroksen asuntoja parvella, passiivitaloja ja turistimajoitusta. He tarjoavat my\u00f6s &quot;FlexyHome&quot;-sarjan ja Finnlamelli-nimisi\u00e4 hirsitaloja, jotka tarjoavat monipuolisuutta erilaisten esteettisten ja toiminnallisten tarpeiden t\u00e4ytt\u00e4miseen. Kokenut tiimi ja valtakunnallinen verkosto KOFINASilla on ammattitaitoinen, monialainen tiimi, johon kuuluu rakennus- ja arkkitehti-insin\u00f6\u00f6rej\u00e4, jotka valvovat suunnittelua, lupak\u00e4sittely\u00e4 ja projektien toteutusta 100%-onnistumisprosentilla. Yritys on rakentanut vankan myynti- ja jakeluverkoston.","email":"info@kofinas.gr","telephone":"00302106081307","legalName":"KOFINAS SA","foundingDate":"1977-03-07","vatID":"EL081136701","duns":"503265836","numberOfEmployees":{"@type":"QuantitativeValue","minValue":"11","maxValue":"50"},"publishingPrinciples":"https:\/\/www.kofinas.gr\/%cf%80%ce%bf%ce%bb%ce%b9%cf%84%ce%b9%ce%ba%ce%ae-%ce%b5%cf%84%ce%b1%ce%b9%cf%81%ce%af%ce%b1%cf%82-%ce%ba%ce%bf%cf%86%ce%b9%ce%bd%ce%b1%cf%83-%ce%b1%ce%b5\/","ownershipFundingInfo":"https:\/\/www.kofinas.gr\/%ce%b5%cf%84%ce%b1%ce%b9%cf%81%ce%af%ce%b1\/","actionableFeedbackPolicy":"https:\/\/www.kofinas.gr\/prosopika-dedomena\/"}]}},"_links":{"self":[{"href":"https:\/\/www.kofinas.gr\/fi\/wp-json\/wp\/v2\/pages\/29836","targetHints":{"allow":["GET"]}}],"collection":[{"href":"https:\/\/www.kofinas.gr\/fi\/wp-json\/wp\/v2\/pages"}],"about":[{"href":"https:\/\/www.kofinas.gr\/fi\/wp-json\/wp\/v2\/types\/page"}],"author":[{"embeddable":true,"href":"https:\/\/www.kofinas.gr\/fi\/wp-json\/wp\/v2\/users\/3"}],"replies":[{"embeddable":true,"href":"https:\/\/www.kofinas.gr\/fi\/wp-json\/wp\/v2\/comments?post=29836"}],"version-history":[{"count":0,"href":"https:\/\/www.kofinas.gr\/fi\/wp-json\/wp\/v2\/pages\/29836\/revisions"}],"wp:attachment":[{"href":"https:\/\/www.kofinas.gr\/fi\/wp-json\/wp\/v2\/media?parent=29836"}],"curies":[{"name":"wp","href":"https:\/\/api.w.org\/{rel}","templated":true}]}}