{"id":1187,"date":"2016-08-04T13:33:01","date_gmt":"2016-08-04T11:33:01","guid":{"rendered":"https:\/\/www.kofinas.gr\/en\/?page_id=1187"},"modified":"2022-04-20T16:28:31","modified_gmt":"2022-04-20T14:28:31","slug":"kofinat","status":"publish","type":"page","link":"https:\/\/www.kofinas.gr\/fi\/kofinat\/","title":{"rendered":"Kofinas Elementtitalot"},"content":{"rendered":"<div data-elementor-type=\"wp-page\" data-elementor-id=\"1187\" class=\"elementor elementor-1187\" data-elementor-post-type=\"page\">\n\t\t\t\t\t\t<section class=\"elementor-section elementor-top-section elementor-element elementor-element-7132d9a4 elementor-section-boxed elementor-section-height-default elementor-section-height-default\" data-id=\"7132d9a4\" data-element_type=\"section\">\n\t\t\t\t\t\t<div class=\"elementor-container elementor-column-gap-default\">\n\t\t\t\t\t<div class=\"elementor-column elementor-col-100 elementor-top-column elementor-element elementor-element-68146a2c\" data-id=\"68146a2c\" data-element_type=\"column\">\n\t\t\t<div class=\"elementor-widget-wrap elementor-element-populated\">\n\t\t\t\t\t\t<div class=\"elementor-element elementor-element-66307c9 elementor-skin-carousel elementor-arrows-yes elementor-pagination-type-bullets elementor-pagination-position-outside elementor-widget elementor-widget-media-carousel\" data-id=\"66307c9\" data-element_type=\"widget\" data-settings=\"{&quot;skin&quot;:&quot;carousel&quot;,&quot;effect&quot;:&quot;slide&quot;,&quot;show_arrows&quot;:&quot;yes&quot;,&quot;pagination&quot;:&quot;bullets&quot;,&quot;speed&quot;:500,&quot;autoplay&quot;:&quot;yes&quot;,&quot;autoplay_speed&quot;:5000,&quot;loop&quot;:&quot;yes&quot;,&quot;pause_on_hover&quot;:&quot;yes&quot;,&quot;pause_on_interaction&quot;:&quot;yes&quot;,&quot;space_between&quot;:{&quot;unit&quot;:&quot;px&quot;,&quot;size&quot;:10,&quot;sizes&quot;:[]},&quot;space_between_tablet&quot;:{&quot;unit&quot;:&quot;px&quot;,&quot;size&quot;:10,&quot;sizes&quot;:[]},&quot;space_between_mobile&quot;:{&quot;unit&quot;:&quot;px&quot;,&quot;size&quot;:10,&quot;sizes&quot;:[]}}\" data-widget_type=\"media-carousel.default\">\n\t\t\t\t\t\t\t\t\t\t<div class=\"elementor-main-swiper swiper\" role=\"region\" aria-roledescription=\"carousel\" aria-label=\"Diat\">\n\t\t\t\t<div class=\"swiper-wrapper\">\n\t\t\t\t\t\t\t\t\t\t\t<div class=\"swiper-slide\" role=\"group\" aria-roledescription=\"slide\">\n\t\t\t\t\t\t\t<a href=\"https:\/\/www.kofinas.gr\/fi\/en\/kofinas-sertifikaatit\/\">\t\t<div class=\"elementor-carousel-image\" role=\"img\" aria-label=\"Prokataskeuasmena spitia KOFINAS SA, Energeiaki apodosi, antiseismika, xamili katanalwsi, villa,oikologiki katoikia\" style=\"background-image: url(&#039;https:\/\/www.kofinas.gr\/wp-content\/uploads\/2022\/04\/\u03a0\u03bf\u03b9\u03c3\u03c4\u03bf\u03c0\u03bf\u03b9\u03ae\u03c3\u03b5\u03b9\u03c2-\u03ba\u03b1\u03b9-\u03b4\u03b9\u03b1\u03ba\u03c1\u03af\u03c3\u03b5\u03b9\u03c2-\u03b5\u03c4\u03b1\u03b9\u03c1\u03af\u03b1\u03c2-en.png&#039;)\">\n\n\t\t\t\n\t\t\t\t\t<\/div>\n\t\t<\/a>\t\t\t\t\t\t<\/div>\n\t\t\t\t\t\t\t\t\t<\/div>\n\t\t\t\t\t\t\t<\/div>\n\t\t\t\t\t\t\t\t<\/div>\n\t\t\t\t<div class=\"elementor-element elementor-element-5666df70 elementor-widget elementor-widget-text-editor\" data-id=\"5666df70\" data-element_type=\"widget\" data-widget_type=\"text-editor.default\">\n\t\t\t\t\t\t\t\t\t\n<div class=\"wp-block-columns is-layout-flex wp-container-core-columns-is-layout-9d6595d7 wp-block-columns-is-layout-flex\">\n<div class=\"wp-block-column is-layout-flow wp-block-column-is-layout-flow\" style=\"flex-basis:40%\">\n<div class=\"wp-block-image\"><figure class=\"aligncenter size-medium\"><img fetchpriority=\"high\" decoding=\"async\" width=\"400\" height=\"293\" src=\"http:\/\/www.kofinas.gr\/wp-content\/uploads\/Home-EN-400x293.png\" alt=\"\" class=\"wp-image-14030\" srcset=\"https:\/\/www.kofinas.gr\/wp-content\/uploads\/Home-EN-400x293.png 400w, https:\/\/www.kofinas.gr\/wp-content\/uploads\/Home-EN-150x110.png 150w, https:\/\/www.kofinas.gr\/wp-content\/uploads\/Home-EN-546x400.png 546w, https:\/\/www.kofinas.gr\/wp-content\/uploads\/Home-EN.png 750w\" sizes=\"(max-width: 400px) 100vw, 400px\" \/><\/figure><\/div>\n\n\n\n<p class=\"has-text-align-center\">       KOFINAS SA Elementtitalot<\/p>\n<\/div>\n\n\n\n<div class=\"wp-block-column is-layout-flow wp-block-column-is-layout-flow\" style=\"flex-basis:60%\">\n<p class=\"has-text-align-center\"><strong><em>KOFINAS SA Elementtitalot<\/em><\/strong><\/p>\n\n\n\n<p>Tervetuloa kotiin! Sellainen toive<a aria-label=\"m\u00e4\u00e4rittelem\u00e4t\u00f6n (avautuu uuteen v\u00e4lilehteen)\" href=\"https:\/\/www.kofinas.gr\/fi\/en\/factory-of-kofinas\/\" target=\"_blank\" rel=\"noreferrer noopener\"> me<\/a> voi toteuttaa sen ty\u00f6skentelem\u00e4ll\u00e4 sen parissa vuodesta 1977 l\u00e4htien. <\/p>\n\n\n\n<p>Yli 40 vuosikymmenen ajan elementtitalojen huippuyritys johdattaa sinut omaan valintaasi ajallaan ja kustannusyst\u00e4v\u00e4llisesti. P\u00e4\u00e4filosofiamme ovat rakenteet, joissa ihmiset kehitt\u00e4v\u00e4t l\u00e4mpim\u00e4n ja tasapainoisen rinnakkaiselon luonnonymp\u00e4rist\u00f6n mukaisesti. Modernien arkkitehtonisten trendien mukaan, viihtyisill\u00e4 ja toimivilla tiloilla, ekomateriaaleilla suunniteltu elementtitalo on kiistatta kannattava valinta vain muutamalla neli\u00f6metrill\u00e4.<\/p>\n\n\n\n<p> KOFINAS SA tarjoaa ihanteellisen omaan unelmakotiisi vetoavan asunnon, joka palvelee henkil\u00f6kohtaisia tai perheesi asumistarpeita kes\u00e4- tai p\u00e4\u00e4asunnoksi. Laaja valikoima esivalmistettuja mallejamme luo loputtomasti mahdollisuuksia tilaj\u00e4rjestelyihin. KOFINAS SA:n valikoimaan kuuluu my\u00f6s eritt\u00e4in kest\u00e4vi\u00e4 ja v\u00e4h\u00e4n energiaa kuluttavia hirsitaloja.<\/p>\n\n\n\n<p class=\"has-text-align-center\"><a href=\"http:\/\/www.flexhouse.gr\">KOFINAS SA Elementtitalot<\/a><\/p>\n\n\n\n<p class=\"has-text-align-center\"><strong><em><strong>Tavoitteenamme ei ole tehd\u00e4 enemm\u00e4n, vaan parempia taloja!<\/strong><\/em><\/strong><\/p>\n<\/div>\n<\/div>\n\n\n\n<p class=\"has-text-align-center\">KOFINAS SA -yritys on jatkuvasti innovoinut ottamalla k\u00e4ytt\u00f6\u00f6n uusia ja sertifioituja talonrakennusalan elementtej\u00e4, jotka kaikki on tunnustettu Ateenan kansallisen teknillisen yliopiston toimesta, jossa KOFINASin ainutlaatuisen rakennusj\u00e4rjestelm\u00e4n kest\u00e4vyys on testattu luonnollisten kest\u00e4vyysrajojen yli. T\u00e4m\u00e4n ansiosta olemme saavuttaneet vuosien aikana satoja tyytyv\u00e4isi\u00e4 asiakkaita. <\/p>\n\n\n\n<p class=\"has-text-align-center\">Osana globaalia kehityst\u00e4 yritys on keskittynyt my\u00f6s rakentamisen energiasektoreihin.<\/p>\n\n\n\n<h2 class=\"has-text-align-center wp-block-heading\">Nolla infektiojalanj\u00e4lke\u00e4<\/h2>\n\n\n\n<p>Ekologinen jalanj\u00e4lki mittaa ihmisen toiminnan vaikutuksia maapallolla, sill\u00e4 se m\u00e4\u00e4ritt\u00e4\u00e4 sek\u00e4 ihmisten tarpeiden ja kulutuksen, josta yhteiskunta on riippuvainen, ett\u00e4 kasvihuoneilmi\u00f6n tuottamien j\u00e4tteiden ja kaasujen mitan. T\u00e4st\u00e4 syyst\u00e4 KOFINAS SA:n nykyaikaisten tehdastilojen suunnittelu ja rakentaminen palvelee tarkoitusta edist\u00e4\u00e4 ymp\u00e4rist\u00f6yst\u00e4v\u00e4llist\u00e4 teollisuusyksikk\u00f6\u00e4, jonka tavoitteena on nolla ymp\u00e4rist\u00f6n saastuminen ja nolla j\u00e4tett\u00e4 muurausten valmistuksessa.<\/p>\n\n\n\n<p>Muuraustuotannon massiivipuuj\u00e4tteen menestyksek\u00e4s hy\u00f6tyk\u00e4ytt\u00f6 muurauskoneissa kierr\u00e4tet\u00e4\u00e4n my\u00f6hemmin pellettipuuksi, joka jaetaan KOFINASin henkil\u00f6kunnan kanssa.<\/p>\n\t\t\t\t\t\t\t\t<\/div>\n\t\t\t\t\t<\/div>\n\t\t<\/div>\n\t\t\t\t\t<\/div>\n\t\t<\/section>\n\t\t\t\t<\/div>","protected":false},"excerpt":{"rendered":"<p>KOFINAS SA Elementtitalot KOFINAS SA Elementtitalot Tervetuloa kotiin! Toive, ett\u00e4 voimme toteuttaa sen tekem\u00e4ll\u00e4 t\u00f6it\u00e4 vuodesta 1977. Jo yli 40 vuosikymmenen ajan elementtitalojen huippuyritys, johdattaa sinut omaan valintaasi ajallaan ja kustannusyst\u00e4v\u00e4llisesti. P\u00e4\u00e4filosofiamme kuuluu rakentaminen [...]<\/p>","protected":false},"author":3,"featured_media":16675,"parent":0,"menu_order":0,"comment_status":"closed","ping_status":"closed","template":"page-landing.php","meta":{"_acf_changed":false,"footnotes":""},"class_list":["post-1187","page","type-page","status-publish","has-post-thumbnail","hentry"],"acf":[],"yoast_head":"<!-- This site is optimized with the Yoast SEO Premium plugin v26.6 (Yoast SEO v26.6) - https:\/\/yoast.com\/wordpress\/plugins\/seo\/ -->\n<title>Kofinas Prefabricated Houses | \u039a\u03bf\u03c6\u03b9\u03bd\u03ac\u03c2 \u03a0\u03c1\u03bf\u03ba\u03b1\u03c4\u03b1\u03c3\u03ba\u03b5\u03c5\u03b1\u03c3\u03bc\u03ad\u03bd\u03b1 \u03c3\u03c0\u03af\u03c4\u03b9\u03b1 - \u03a0\u03c1\u03bf\u03ba\u03ac\u03c4<\/title>\n<meta name=\"description\" content=\"Welcome! A wish that KOFINAS - Prefabricated Houses company keeps offering you the chance to hear since 1977. KOFINAS | Prefabricated Houses.\" \/>\n<meta name=\"robots\" content=\"index, follow, max-snippet:-1, max-image-preview:large, max-video-preview:-1\" \/>\n<link rel=\"canonical\" href=\"https:\/\/www.kofinas.gr\/fi\/kofinat\/\" \/>\n<meta property=\"og:locale\" content=\"fi_FI\" \/>\n<meta property=\"og:type\" content=\"article\" \/>\n<meta property=\"og:title\" content=\"Kofinas Prefabricated Houses\" \/>\n<meta property=\"og:description\" content=\"Welcome! A wish that KOFINAS - Prefabricated Houses company keeps offering you the chance to hear since 1977. KOFINAS | Prefabricated Houses.\" \/>\n<meta property=\"og:url\" content=\"https:\/\/www.kofinas.gr\/fi\/kofinat\/\" \/>\n<meta property=\"og:site_name\" content=\"\u039a\u03bf\u03c6\u03b9\u03bd\u03ac\u03c2 \u03a0\u03c1\u03bf\u03ba\u03b1\u03c4\u03b1\u03c3\u03ba\u03b5\u03c5\u03b1\u03c3\u03bc\u03ad\u03bd\u03b1 \u03c3\u03c0\u03af\u03c4\u03b9\u03b1 - \u03a0\u03c1\u03bf\u03ba\u03ac\u03c4\" \/>\n<meta property=\"article:publisher\" content=\"https:\/\/www.facebook.com\/kofinas.prokataskevasmena\" \/>\n<meta property=\"article:modified_time\" content=\"2022-04-20T14:28:31+00:00\" \/>\n<meta property=\"og:image\" content=\"https:\/\/www.kofinas.gr\/wp-content\/uploads\/2017\/04\/I-108-1.jpg?v=1586425287\" \/>\n\t<meta property=\"og:image:width\" content=\"1600\" \/>\n\t<meta property=\"og:image:height\" content=\"900\" \/>\n\t<meta property=\"og:image:type\" content=\"image\/jpeg\" \/>\n<meta name=\"twitter:card\" content=\"summary_large_image\" \/>\n<meta name=\"twitter:site\" content=\"@kofinas_prokat\" \/>\n<meta name=\"twitter:label1\" content=\"Arvioitu lukuaika\" \/>\n\t<meta name=\"twitter:data1\" content=\"2 minuuttia\" \/>\n<script type=\"application\/ld+json\" class=\"yoast-schema-graph\">{\"@context\":\"https:\/\/schema.org\",\"@graph\":[{\"@type\":\"WebPage\",\"@id\":\"https:\/\/www.kofinas.gr\/eng\/kofinas\/\",\"url\":\"https:\/\/www.kofinas.gr\/eng\/kofinas\/\",\"name\":\"Kofinas Prefabricated Houses | \u039a\u03bf\u03c6\u03b9\u03bd\u03ac\u03c2 \u03a0\u03c1\u03bf\u03ba\u03b1\u03c4\u03b1\u03c3\u03ba\u03b5\u03c5\u03b1\u03c3\u03bc\u03ad\u03bd\u03b1 \u03c3\u03c0\u03af\u03c4\u03b9\u03b1 - \u03a0\u03c1\u03bf\u03ba\u03ac\u03c4\",\"isPartOf\":{\"@id\":\"https:\/\/www.kofinas.gr\/#website\"},\"primaryImageOfPage\":{\"@id\":\"https:\/\/www.kofinas.gr\/eng\/kofinas\/#primaryimage\"},\"image\":{\"@id\":\"https:\/\/www.kofinas.gr\/eng\/kofinas\/#primaryimage\"},\"thumbnailUrl\":\"https:\/\/www.kofinas.gr\/wp-content\/uploads\/2017\/04\/I-108-1.jpg?v=1586425287\",\"datePublished\":\"2016-08-04T11:33:01+00:00\",\"dateModified\":\"2022-04-20T14:28:31+00:00\",\"description\":\"Welcome! A wish that KOFINAS - Prefabricated Houses company keeps offering you the chance to hear since 1977. KOFINAS | Prefabricated Houses.\",\"breadcrumb\":{\"@id\":\"https:\/\/www.kofinas.gr\/eng\/kofinas\/#breadcrumb\"},\"inLanguage\":\"fi\",\"potentialAction\":[{\"@type\":\"ReadAction\",\"target\":[\"https:\/\/www.kofinas.gr\/eng\/kofinas\/\"]}]},{\"@type\":\"ImageObject\",\"inLanguage\":\"fi\",\"@id\":\"https:\/\/www.kofinas.gr\/eng\/kofinas\/#primaryimage\",\"url\":\"https:\/\/www.kofinas.gr\/wp-content\/uploads\/2017\/04\/I-108-1.jpg?v=1586425287\",\"contentUrl\":\"https:\/\/www.kofinas.gr\/wp-content\/uploads\/2017\/04\/I-108-1.jpg?v=1586425287\",\"width\":1600,\"height\":900,\"caption\":\"Kofinas-prokataskeuasmena-villa-prasini domisi-spiti oneirwn-khpos-pisina design new home kofinas Prefabricated houses Kofinas\"},{\"@type\":\"BreadcrumbList\",\"@id\":\"https:\/\/www.kofinas.gr\/eng\/kofinas\/#breadcrumb\",\"itemListElement\":[{\"@type\":\"ListItem\",\"position\":1,\"name\":\"Home\",\"item\":\"https:\/\/www.kofinas.gr\/\"},{\"@type\":\"ListItem\",\"position\":2,\"name\":\"Kofinas Prefabricated Houses\"}]},{\"@type\":\"WebSite\",\"@id\":\"https:\/\/www.kofinas.gr\/#website\",\"url\":\"https:\/\/www.kofinas.gr\/\",\"name\":\"\u039a\u03bf\u03c6\u03b9\u03bd\u03ac\u03c2 \u03a0\u03c1\u03bf\u03ba\u03b1\u03c4\u03b1\u03c3\u03ba\u03b5\u03c5\u03b1\u03c3\u03bc\u03ad\u03bd\u03b1 \u03c3\u03c0\u03af\u03c4\u03b9\u03b1 - \u03a0\u03c1\u03bf\u03ba\u03ac\u03c4\",\"description\":\"\u039a\u03b1\u03c4\u03b1\u03c3\u03ba\u03b5\u03c5\u03ac\u03b6\u03bf\u03c5\u03bc\u03b5 \u03c4\u03bf \u03c3\u03c0\u03af\u03c4\u03b9 \u03c3\u03b1\u03c2 \u03c3\u03c4\u03b7\u03bd \u03b5\u03bb\u03bb\u03ac\u03b4\u03b1 \u03ba\u03b1\u03b9 \u03bf\u03c0\u03bf\u03c5\u03b4\u03ae\u03c0\u03bf\u03c4\u03b5 \u03c3\u03c4\u03b7\u03bd \u0395\u03c5\u03c1\u03ce\u03c0\u03b7!\",\"publisher\":{\"@id\":\"https:\/\/www.kofinas.gr\/#organization\"},\"alternateName\":\"\u039a\u039f\u03a6\u0399\u039d\u0391\u03a3 \u03a0\u03c1\u03bf\u03ba\u03b1\u03c4\u03b1\u03c3\u03ba\u03b5\u03c5\u03b1\u03c3\u03bc\u03ad\u03bd\u03b1 \u03a3\u03c0\u03af\u03c4\u03b9\u03b1 \u03ba\u03b1\u03b9 \u03a4\u03bf\u03c5\u03c1\u03b9\u03c3\u03c4\u03b9\u03ba\u03ac \u039a\u03b1\u03c4\u03b1\u03bb\u03cd\u03bc\u03b1\u03c4\u03b1\",\"potentialAction\":[{\"@type\":\"SearchAction\",\"target\":{\"@type\":\"EntryPoint\",\"urlTemplate\":\"https:\/\/www.kofinas.gr\/?s={search_term_string}\"},\"query-input\":{\"@type\":\"PropertyValueSpecification\",\"valueRequired\":true,\"valueName\":\"search_term_string\"}}],\"inLanguage\":\"fi\"},{\"@type\":\"Organization\",\"@id\":\"https:\/\/www.kofinas.gr\/#organization\",\"name\":\"Kofinas SA\",\"alternateName\":\"Construction Company that constuct Prefabricated houses\",\"url\":\"https:\/\/www.kofinas.gr\/\",\"logo\":{\"@type\":\"ImageObject\",\"inLanguage\":\"fi\",\"@id\":\"https:\/\/www.kofinas.gr\/#\/schema\/logo\/image\/\",\"url\":\"https:\/\/www.kofinas.gr\/wp-content\/uploads\/2025\/03\/360new-logo-25.gif\",\"contentUrl\":\"https:\/\/www.kofinas.gr\/wp-content\/uploads\/2025\/03\/360new-logo-25.gif\",\"width\":230,\"height\":70,\"caption\":\"Kofinas SA\"},\"image\":{\"@id\":\"https:\/\/www.kofinas.gr\/#\/schema\/logo\/image\/\"},\"sameAs\":[\"https:\/\/www.facebook.com\/kofinas.prokataskevasmena\",\"https:\/\/x.com\/kofinas_prokat\",\"https:\/\/www.linkedin.com\/company\/kofinas-sa\",\"https:\/\/www.instagram.com\/kofinasprefab\/\",\"https:\/\/www.youtube.com\/channel\/UCEAifY31SuyQHHz_I3P4IVg\"],\"description\":\"KOFINAS SA \u2013 Prefabricated Homes Founded Legacy & Innovation Established in 1977, KOFINAS SA has grown into one of Greece\u2019s leading firms in the prefabricated housing sector. Their philosophy underscores continuous innovation\u2014they don't aim to build more homes, but to build better homes Strength & Certification The company's unique construction system has undergone rigorous experimental testing at the National Technical University of Athens, proving its durability well beyond natural endurance limits. Innovations introduced by KOFINAS are internationally recognized and certified. Sustainability & Eco Friendly Building KOFINAS uses Swedish and Finnish timber as its primary construction material, achieving a notably low carbon footprint: replacing conventional materials with wood reduces carbon dioxide emissions by 1.1 tons per cubic meter. In collaboration with Nordic sawmills, for every tree harvested, three to five new trees are planted, resulting in a negative carbon footprint. Additionally, their homes feature bioclimatic design and achieve energy consumption reductions of 75%\u201380% compared to conventional buildings\u2014often earning them energy efficiency A certificates. Advanced Production Facilities KOFINAS operates a modern factory, built to European standards, with ISO 14001 certification\u2014ensuring top-tier quality and environmental management in prefabricated housing production. Wide Range of Custom Designs Their catalog includes single , two , and three story homes, ground floor units with lofts, passive houses, and tourist accommodations. They also offer the \u201cFlexyHome\u201d series and Finnlamelli Finnish log houses, providing versatility to meet diverse aesthetic and functional needs. Experienced Team & Nationwide Network KOFINAS boasts a skilled, multidisciplinary team\u2014including civil and architectural engineers\u2014who oversee design, permit processing, and project implementation with a 100% success rate. The company has built a robust sales and distribution network\",\"email\":\"info@kofinas.gr\",\"telephone\":\"00302106081307\",\"legalName\":\"KOFINAS SA\",\"foundingDate\":\"1977-03-07\",\"vatID\":\"EL081136701\",\"duns\":\"503265836\",\"numberOfEmployees\":{\"@type\":\"QuantitativeValue\",\"minValue\":\"11\",\"maxValue\":\"50\"},\"publishingPrinciples\":\"https:\/\/www.kofinas.gr\/%cf%80%ce%bf%ce%bb%ce%b9%cf%84%ce%b9%ce%ba%ce%ae-%ce%b5%cf%84%ce%b1%ce%b9%cf%81%ce%af%ce%b1%cf%82-%ce%ba%ce%bf%cf%86%ce%b9%ce%bd%ce%b1%cf%83-%ce%b1%ce%b5\/\",\"ownershipFundingInfo\":\"https:\/\/www.kofinas.gr\/%ce%b5%cf%84%ce%b1%ce%b9%cf%81%ce%af%ce%b1\/\",\"actionableFeedbackPolicy\":\"https:\/\/www.kofinas.gr\/prosopika-dedomena\/\"}]}<\/script>\n<!-- \/ Yoast SEO Premium plugin. -->","yoast_head_json":{"title":"Kofinas-elementtitalot | Kofinas-elementtitalot - Esivalmistetut","description":"Tervetuloa! Toivomme, ett\u00e4 KOFINAS - elementtitaloyritys on tarjonnut sinulle mahdollisuuden kuulla vuodesta 1977 l\u00e4htien. KOFINAS | Elementtitalot.","robots":{"index":"index","follow":"follow","max-snippet":"max-snippet:-1","max-image-preview":"max-image-preview:large","max-video-preview":"max-video-preview:-1"},"canonical":"https:\/\/www.kofinas.gr\/fi\/kofinat\/","og_locale":"fi_FI","og_type":"article","og_title":"Kofinas Prefabricated Houses","og_description":"Welcome! A wish that KOFINAS - Prefabricated Houses company keeps offering you the chance to hear since 1977. KOFINAS | Prefabricated Houses.","og_url":"https:\/\/www.kofinas.gr\/fi\/kofinat\/","og_site_name":"\u039a\u03bf\u03c6\u03b9\u03bd\u03ac\u03c2 \u03a0\u03c1\u03bf\u03ba\u03b1\u03c4\u03b1\u03c3\u03ba\u03b5\u03c5\u03b1\u03c3\u03bc\u03ad\u03bd\u03b1 \u03c3\u03c0\u03af\u03c4\u03b9\u03b1 - \u03a0\u03c1\u03bf\u03ba\u03ac\u03c4","article_publisher":"https:\/\/www.facebook.com\/kofinas.prokataskevasmena","article_modified_time":"2022-04-20T14:28:31+00:00","og_image":[{"width":1600,"height":900,"url":"https:\/\/www.kofinas.gr\/wp-content\/uploads\/2017\/04\/I-108-1.jpg?v=1586425287","type":"image\/jpeg"}],"twitter_card":"summary_large_image","twitter_site":"@kofinas_prokat","twitter_misc":{"Arvioitu lukuaika":"2 minuuttia"},"schema":{"@context":"https:\/\/schema.org","@graph":[{"@type":"WebPage","@id":"https:\/\/www.kofinas.gr\/eng\/kofinas\/","url":"https:\/\/www.kofinas.gr\/eng\/kofinas\/","name":"Kofinas-elementtitalot | Kofinas-elementtitalot - Esivalmistetut","isPartOf":{"@id":"https:\/\/www.kofinas.gr\/#website"},"primaryImageOfPage":{"@id":"https:\/\/www.kofinas.gr\/eng\/kofinas\/#primaryimage"},"image":{"@id":"https:\/\/www.kofinas.gr\/eng\/kofinas\/#primaryimage"},"thumbnailUrl":"https:\/\/www.kofinas.gr\/wp-content\/uploads\/2017\/04\/I-108-1.jpg?v=1586425287","datePublished":"2016-08-04T11:33:01+00:00","dateModified":"2022-04-20T14:28:31+00:00","description":"Tervetuloa! Toivomme, ett\u00e4 KOFINAS - elementtitaloyritys on tarjonnut sinulle mahdollisuuden kuulla vuodesta 1977 l\u00e4htien. KOFINAS | Elementtitalot.","breadcrumb":{"@id":"https:\/\/www.kofinas.gr\/eng\/kofinas\/#breadcrumb"},"inLanguage":"fi","potentialAction":[{"@type":"ReadAction","target":["https:\/\/www.kofinas.gr\/eng\/kofinas\/"]}]},{"@type":"ImageObject","inLanguage":"fi","@id":"https:\/\/www.kofinas.gr\/eng\/kofinas\/#primaryimage","url":"https:\/\/www.kofinas.gr\/wp-content\/uploads\/2017\/04\/I-108-1.jpg?v=1586425287","contentUrl":"https:\/\/www.kofinas.gr\/wp-content\/uploads\/2017\/04\/I-108-1.jpg?v=1586425287","width":1600,"height":900,"caption":"Kofinas-prokataskeuasmena-villa-prasini domisi-spiti oneirwn-khpos-pisina design new home kofinas Prefabricated houses Kofinas"},{"@type":"BreadcrumbList","@id":"https:\/\/www.kofinas.gr\/eng\/kofinas\/#breadcrumb","itemListElement":[{"@type":"ListItem","position":1,"name":"Home","item":"https:\/\/www.kofinas.gr\/"},{"@type":"ListItem","position":2,"name":"Kofinas Prefabricated Houses"}]},{"@type":"WebSite","@id":"https:\/\/www.kofinas.gr\/#website","url":"https:\/\/www.kofinas.gr\/","name":"Kofinas Elementtitalot - Elementtitalot","description":"Rakennamme talosi Kreikassa ja kaikkialla Euroopassa!","publisher":{"@id":"https:\/\/www.kofinas.gr\/#organization"},"alternateName":"\u039a\u039f\u03a6\u0399\u039d\u0391\u03a3 \u03a0\u03c1\u03bf\u03ba\u03b1\u03c4\u03b1\u03c3\u03ba\u03b5\u03c5\u03b1\u03c3\u03bc\u03ad\u03bd\u03b1 \u03a3\u03c0\u03af\u03c4\u03b9\u03b1 \u03ba\u03b1\u03b9 \u03a4\u03bf\u03c5\u03c1\u03b9\u03c3\u03c4\u03b9\u03ba\u03ac \u039a\u03b1\u03c4\u03b1\u03bb\u03cd\u03bc\u03b1\u03c4\u03b1","potentialAction":[{"@type":"SearchAction","target":{"@type":"EntryPoint","urlTemplate":"https:\/\/www.kofinas.gr\/?s={search_term_string}"},"query-input":{"@type":"PropertyValueSpecification","valueRequired":true,"valueName":"search_term_string"}}],"inLanguage":"fi"},{"@type":"Organization","@id":"https:\/\/www.kofinas.gr\/#organization","name":"Kofinas SA","alternateName":"Construction Company that constuct Prefabricated houses","url":"https:\/\/www.kofinas.gr\/","logo":{"@type":"ImageObject","inLanguage":"fi","@id":"https:\/\/www.kofinas.gr\/#\/schema\/logo\/image\/","url":"https:\/\/www.kofinas.gr\/wp-content\/uploads\/2025\/03\/360new-logo-25.gif","contentUrl":"https:\/\/www.kofinas.gr\/wp-content\/uploads\/2025\/03\/360new-logo-25.gif","width":230,"height":70,"caption":"Kofinas SA"},"image":{"@id":"https:\/\/www.kofinas.gr\/#\/schema\/logo\/image\/"},"sameAs":["https:\/\/www.facebook.com\/kofinas.prokataskevasmena","https:\/\/x.com\/kofinas_prokat","https:\/\/www.linkedin.com\/company\/kofinas-sa","https:\/\/www.instagram.com\/kofinasprefab\/","https:\/\/www.youtube.com\/channel\/UCEAifY31SuyQHHz_I3P4IVg"],"description":"KOFINAS SA \u2013 Esivalmistetut kodit Perustettu perint\u00f6 ja innovaatio Vuonna 1977 perustettu KOFINAS SA on kasvanut yhdeksi Kreikan johtavista esivalmistettujen talojen yrityksist\u00e4. Heid\u00e4n filosofiansa korostaa jatkuvaa innovaatiota \u2013 heid\u00e4n tavoitteenaan ei ole rakentaa lis\u00e4\u00e4 koteja, vaan parempia koteja. Vahvuus ja sertifiointi Yrityksen ainutlaatuinen rakennusj\u00e4rjestelm\u00e4 on k\u00e4ynyt l\u00e4pi tiukat kokeelliset testit Ateenan kansallisessa teknillisess\u00e4 yliopistossa, mik\u00e4 osoittaa sen kest\u00e4vyyden ylitt\u00e4v\u00e4n luonnolliset kest\u00e4vyysrajat. KOFINASin innovaatiot ovat kansainv\u00e4lisesti tunnustettuja ja sertifioituja. Kest\u00e4v\u00e4 kehitys ja ymp\u00e4rist\u00f6yst\u00e4v\u00e4llinen rakentaminen KOFINAS k\u00e4ytt\u00e4\u00e4 ruotsalaista ja suomalaista puuta ensisijaisena rakennusmateriaalinaan, mik\u00e4 saavuttaa huomattavan pienen hiilijalanj\u00e4ljen: perinteisten materiaalien korvaaminen puulla v\u00e4hent\u00e4\u00e4 hiilidioksidip\u00e4\u00e4st\u00f6j\u00e4 1,1 tonnia kuutiometri\u00e4 kohden. Yhteisty\u00f6ss\u00e4 pohjoismaisten sahojen kanssa jokaista kaadettua puuta kohden istutetaan kolmesta viiteen uutta puuta, mik\u00e4 johtaa negatiiviseen hiilijalanj\u00e4lkeen. Lis\u00e4ksi heid\u00e4n kodeissaan on biokliimasta valmistettu muotoilu, ja niiden energiankulutus v\u00e4henee 75%\u201380% verrattuna perinteisiin rakennuksiin \u2013 mik\u00e4 usein ansaitsee niille energiatehokkuustodistuksen A. Edistykselliset tuotantolaitokset KOFINASilla on moderni tehdas, joka on rakennettu eurooppalaisten standardien mukaisesti ja jolla on ISO 14001 -sertifiointi, mik\u00e4 takaa huippulaadun ja ymp\u00e4rist\u00f6asioiden hallinnan elementtitalojen tuotannossa. Laaja valikoima r\u00e4\u00e4t\u00e4l\u00f6ityj\u00e4 malleja Heid\u00e4n valikoimaansa kuuluu yksi-, kaksi- ja kolmikerroksisia koteja, pohjakerroksen asuntoja parvella, passiivitaloja ja turistimajoitusta. He tarjoavat my\u00f6s &quot;FlexyHome&quot;-sarjan ja Finnlamelli-nimisi\u00e4 hirsitaloja, jotka tarjoavat monipuolisuutta erilaisten esteettisten ja toiminnallisten tarpeiden t\u00e4ytt\u00e4miseen. Kokenut tiimi ja valtakunnallinen verkosto KOFINASilla on ammattitaitoinen, monialainen tiimi, johon kuuluu rakennus- ja arkkitehti-insin\u00f6\u00f6rej\u00e4, jotka valvovat suunnittelua, lupak\u00e4sittely\u00e4 ja projektien toteutusta 100%-onnistumisprosentilla. Yritys on rakentanut vankan myynti- ja jakeluverkoston.","email":"info@kofinas.gr","telephone":"00302106081307","legalName":"KOFINAS SA","foundingDate":"1977-03-07","vatID":"EL081136701","duns":"503265836","numberOfEmployees":{"@type":"QuantitativeValue","minValue":"11","maxValue":"50"},"publishingPrinciples":"https:\/\/www.kofinas.gr\/%cf%80%ce%bf%ce%bb%ce%b9%cf%84%ce%b9%ce%ba%ce%ae-%ce%b5%cf%84%ce%b1%ce%b9%cf%81%ce%af%ce%b1%cf%82-%ce%ba%ce%bf%cf%86%ce%b9%ce%bd%ce%b1%cf%83-%ce%b1%ce%b5\/","ownershipFundingInfo":"https:\/\/www.kofinas.gr\/%ce%b5%cf%84%ce%b1%ce%b9%cf%81%ce%af%ce%b1\/","actionableFeedbackPolicy":"https:\/\/www.kofinas.gr\/prosopika-dedomena\/"}]}},"_links":{"self":[{"href":"https:\/\/www.kofinas.gr\/fi\/wp-json\/wp\/v2\/pages\/1187","targetHints":{"allow":["GET"]}}],"collection":[{"href":"https:\/\/www.kofinas.gr\/fi\/wp-json\/wp\/v2\/pages"}],"about":[{"href":"https:\/\/www.kofinas.gr\/fi\/wp-json\/wp\/v2\/types\/page"}],"author":[{"embeddable":true,"href":"https:\/\/www.kofinas.gr\/fi\/wp-json\/wp\/v2\/users\/3"}],"replies":[{"embeddable":true,"href":"https:\/\/www.kofinas.gr\/fi\/wp-json\/wp\/v2\/comments?post=1187"}],"version-history":[{"count":0,"href":"https:\/\/www.kofinas.gr\/fi\/wp-json\/wp\/v2\/pages\/1187\/revisions"}],"wp:featuredmedia":[{"embeddable":true,"href":"https:\/\/www.kofinas.gr\/fi\/wp-json\/wp\/v2\/media\/16675"}],"wp:attachment":[{"href":"https:\/\/www.kofinas.gr\/fi\/wp-json\/wp\/v2\/media?parent=1187"}],"curies":[{"name":"wp","href":"https:\/\/api.w.org\/{rel}","templated":true}]}}