{"id":8605,"date":"2016-11-11T16:00:54","date_gmt":"2016-11-11T14:00:54","guid":{"rendered":"http:\/\/neo.kofinas.gr\/en\/?page_id=8605"},"modified":"2022-04-29T13:46:42","modified_gmt":"2022-04-29T11:46:42","slug":"investigacion-experimental","status":"publish","type":"page","link":"https:\/\/www.kofinas.gr\/es\/investigacion-experimental\/","title":{"rendered":"Experimentos e investigaciones"},"content":{"rendered":"<p>La empresa Kofinas innova sin descanso a trav\u00e9s de sus experimentos e investigaciones. Constantemente est\u00e1 introduciendo nuevos elementos en la construcci\u00f3n de viviendas, que son reconocidos y &quot;certificados&quot;, tanto por nuestros cientos de clientes satisfechos como por organismos internacionales, como la Universidad T\u00e9cnica Nacional de Atenas, en la que se demostr\u00f3 el sistema constructivo \u00fanico de Kofinas. probado para la durabilidad <a href=\"https:\/\/www.kofinas.gr\/es\/en\/prefabricated\/investigacion-experimental\/experimento-de-sismicidad-kofinas-prefabricadas\/\">l\u00edmite de resistencia natural<\/a>.<\/p>","protected":false},"excerpt":{"rendered":"<p>La empresa Kofinas innova sin descanso a trav\u00e9s de sus experimentos e investigaciones. Constantemente est\u00e1 introduciendo nuevos elementos en la construcci\u00f3n de viviendas, que son reconocidos y &quot;certificados&quot;, tanto por nuestros cientos de clientes satisfechos como por organismos internacionales, como la Universidad T\u00e9cnica Nacional de Atenas, en la que se demostr\u00f3 el sistema constructivo \u00fanico de Kofinas. [...]<\/p>","protected":false},"author":3,"featured_media":22652,"parent":0,"menu_order":0,"comment_status":"closed","ping_status":"closed","template":"page-landing.php","meta":{"_acf_changed":false,"footnotes":""},"class_list":["post-8605","page","type-page","status-publish","has-post-thumbnail","hentry"],"acf":[],"yoast_head":"<!-- This site is optimized with the Yoast SEO Premium plugin v26.6 (Yoast SEO v26.6) - https:\/\/yoast.com\/wordpress\/plugins\/seo\/ -->\n<title>Experiments and research | \u039a\u03bf\u03c6\u03b9\u03bd\u03ac\u03c2 \u03a0\u03c1\u03bf\u03ba\u03b1\u03c4\u03b1\u03c3\u03ba\u03b5\u03c5\u03b1\u03c3\u03bc\u03ad\u03bd\u03b1 \u03c3\u03c0\u03af\u03c4\u03b9\u03b1 - \u03a0\u03c1\u03bf\u03ba\u03ac\u03c4<\/title>\n<meta name=\"robots\" content=\"index, follow, max-snippet:-1, max-image-preview:large, max-video-preview:-1\" \/>\n<link rel=\"canonical\" href=\"https:\/\/www.kofinas.gr\/es\/investigacion-experimental\/\" \/>\n<meta property=\"og:locale\" content=\"es_ES\" \/>\n<meta property=\"og:type\" content=\"article\" \/>\n<meta property=\"og:title\" content=\"Experiments and research\" \/>\n<meta property=\"og:description\" content=\"The company Kofinas innovates without resting through its experiments and research. It is constantly introducing new elements in the construction of homes, which are recognized and &#8220;certified&#8221;, both by our hundreds of satisfied customers and by international organizations, such as the National Technical University of Athens, in which the unique building system of Kofinas was [&hellip;]\" \/>\n<meta property=\"og:url\" content=\"https:\/\/www.kofinas.gr\/es\/investigacion-experimental\/\" \/>\n<meta property=\"og:site_name\" content=\"\u039a\u03bf\u03c6\u03b9\u03bd\u03ac\u03c2 \u03a0\u03c1\u03bf\u03ba\u03b1\u03c4\u03b1\u03c3\u03ba\u03b5\u03c5\u03b1\u03c3\u03bc\u03ad\u03bd\u03b1 \u03c3\u03c0\u03af\u03c4\u03b9\u03b1 - \u03a0\u03c1\u03bf\u03ba\u03ac\u03c4\" \/>\n<meta property=\"article:publisher\" content=\"https:\/\/www.facebook.com\/kofinas.prokataskevasmena\" \/>\n<meta property=\"article:modified_time\" content=\"2022-04-29T11:46:42+00:00\" \/>\n<meta property=\"og:image\" content=\"https:\/\/www.kofinas.gr\/wp-content\/uploads\/2020\/05\/\u03c6\u03c9\u03c4\u03bf\u03b3\u03c1\u03b1\u03c6\u03af\u03b5\u03c2-landing-page-9.jpg\" \/>\n\t<meta property=\"og:image:width\" content=\"2560\" \/>\n\t<meta property=\"og:image:height\" content=\"1440\" \/>\n\t<meta property=\"og:image:type\" content=\"image\/jpeg\" \/>\n<meta name=\"twitter:card\" content=\"summary_large_image\" \/>\n<meta name=\"twitter:site\" content=\"@kofinas_prokat\" \/>\n<script type=\"application\/ld+json\" class=\"yoast-schema-graph\">{\"@context\":\"https:\/\/schema.org\",\"@graph\":[{\"@type\":\"WebPage\",\"@id\":\"https:\/\/www.kofinas.gr\/eng\/experimental-research\/\",\"url\":\"https:\/\/www.kofinas.gr\/eng\/experimental-research\/\",\"name\":\"Experiments and research | \u039a\u03bf\u03c6\u03b9\u03bd\u03ac\u03c2 \u03a0\u03c1\u03bf\u03ba\u03b1\u03c4\u03b1\u03c3\u03ba\u03b5\u03c5\u03b1\u03c3\u03bc\u03ad\u03bd\u03b1 \u03c3\u03c0\u03af\u03c4\u03b9\u03b1 - \u03a0\u03c1\u03bf\u03ba\u03ac\u03c4\",\"isPartOf\":{\"@id\":\"https:\/\/www.kofinas.gr\/#website\"},\"primaryImageOfPage\":{\"@id\":\"https:\/\/www.kofinas.gr\/eng\/experimental-research\/#primaryimage\"},\"image\":{\"@id\":\"https:\/\/www.kofinas.gr\/eng\/experimental-research\/#primaryimage\"},\"thumbnailUrl\":\"https:\/\/www.kofinas.gr\/wp-content\/uploads\/2020\/05\/\u03c6\u03c9\u03c4\u03bf\u03b3\u03c1\u03b1\u03c6\u03af\u03b5\u03c2-landing-page-9.jpg\",\"datePublished\":\"2016-11-11T14:00:54+00:00\",\"dateModified\":\"2022-04-29T11:46:42+00:00\",\"breadcrumb\":{\"@id\":\"https:\/\/www.kofinas.gr\/eng\/experimental-research\/#breadcrumb\"},\"inLanguage\":\"es\",\"potentialAction\":[{\"@type\":\"ReadAction\",\"target\":[\"https:\/\/www.kofinas.gr\/eng\/experimental-research\/\"]}]},{\"@type\":\"ImageObject\",\"inLanguage\":\"es\",\"@id\":\"https:\/\/www.kofinas.gr\/eng\/experimental-research\/#primaryimage\",\"url\":\"https:\/\/www.kofinas.gr\/wp-content\/uploads\/2020\/05\/\u03c6\u03c9\u03c4\u03bf\u03b3\u03c1\u03b1\u03c6\u03af\u03b5\u03c2-landing-page-9.jpg\",\"contentUrl\":\"https:\/\/www.kofinas.gr\/wp-content\/uploads\/2020\/05\/\u03c6\u03c9\u03c4\u03bf\u03b3\u03c1\u03b1\u03c6\u03af\u03b5\u03c2-landing-page-9.jpg\",\"width\":2560,\"height\":1440,\"caption\":\"Kofinas-prokataskeuasmena-villa-prasini domisi-spiti oneirwn-khpos-pisina design new home kofinas\"},{\"@type\":\"BreadcrumbList\",\"@id\":\"https:\/\/www.kofinas.gr\/eng\/experimental-research\/#breadcrumb\",\"itemListElement\":[{\"@type\":\"ListItem\",\"position\":1,\"name\":\"Home\",\"item\":\"https:\/\/www.kofinas.gr\/\"},{\"@type\":\"ListItem\",\"position\":2,\"name\":\"Experiments and research\"}]},{\"@type\":\"WebSite\",\"@id\":\"https:\/\/www.kofinas.gr\/#website\",\"url\":\"https:\/\/www.kofinas.gr\/\",\"name\":\"\u039a\u03bf\u03c6\u03b9\u03bd\u03ac\u03c2 \u03a0\u03c1\u03bf\u03ba\u03b1\u03c4\u03b1\u03c3\u03ba\u03b5\u03c5\u03b1\u03c3\u03bc\u03ad\u03bd\u03b1 \u03c3\u03c0\u03af\u03c4\u03b9\u03b1 - \u03a0\u03c1\u03bf\u03ba\u03ac\u03c4\",\"description\":\"\u039a\u03b1\u03c4\u03b1\u03c3\u03ba\u03b5\u03c5\u03ac\u03b6\u03bf\u03c5\u03bc\u03b5 \u03c4\u03bf \u03c3\u03c0\u03af\u03c4\u03b9 \u03c3\u03b1\u03c2 \u03c3\u03c4\u03b7\u03bd \u03b5\u03bb\u03bb\u03ac\u03b4\u03b1 \u03ba\u03b1\u03b9 \u03bf\u03c0\u03bf\u03c5\u03b4\u03ae\u03c0\u03bf\u03c4\u03b5 \u03c3\u03c4\u03b7\u03bd \u0395\u03c5\u03c1\u03ce\u03c0\u03b7!\",\"publisher\":{\"@id\":\"https:\/\/www.kofinas.gr\/#organization\"},\"alternateName\":\"\u039a\u039f\u03a6\u0399\u039d\u0391\u03a3 \u03a0\u03c1\u03bf\u03ba\u03b1\u03c4\u03b1\u03c3\u03ba\u03b5\u03c5\u03b1\u03c3\u03bc\u03ad\u03bd\u03b1 \u03a3\u03c0\u03af\u03c4\u03b9\u03b1 \u03ba\u03b1\u03b9 \u03a4\u03bf\u03c5\u03c1\u03b9\u03c3\u03c4\u03b9\u03ba\u03ac \u039a\u03b1\u03c4\u03b1\u03bb\u03cd\u03bc\u03b1\u03c4\u03b1\",\"potentialAction\":[{\"@type\":\"SearchAction\",\"target\":{\"@type\":\"EntryPoint\",\"urlTemplate\":\"https:\/\/www.kofinas.gr\/?s={search_term_string}\"},\"query-input\":{\"@type\":\"PropertyValueSpecification\",\"valueRequired\":true,\"valueName\":\"search_term_string\"}}],\"inLanguage\":\"es\"},{\"@type\":\"Organization\",\"@id\":\"https:\/\/www.kofinas.gr\/#organization\",\"name\":\"Kofinas SA\",\"alternateName\":\"Construction Company that constuct Prefabricated houses\",\"url\":\"https:\/\/www.kofinas.gr\/\",\"logo\":{\"@type\":\"ImageObject\",\"inLanguage\":\"es\",\"@id\":\"https:\/\/www.kofinas.gr\/#\/schema\/logo\/image\/\",\"url\":\"https:\/\/www.kofinas.gr\/wp-content\/uploads\/2025\/03\/360new-logo-25.gif\",\"contentUrl\":\"https:\/\/www.kofinas.gr\/wp-content\/uploads\/2025\/03\/360new-logo-25.gif\",\"width\":230,\"height\":70,\"caption\":\"Kofinas SA\"},\"image\":{\"@id\":\"https:\/\/www.kofinas.gr\/#\/schema\/logo\/image\/\"},\"sameAs\":[\"https:\/\/www.facebook.com\/kofinas.prokataskevasmena\",\"https:\/\/x.com\/kofinas_prokat\",\"https:\/\/www.linkedin.com\/company\/kofinas-sa\",\"https:\/\/www.instagram.com\/kofinasprefab\/\",\"https:\/\/www.youtube.com\/channel\/UCEAifY31SuyQHHz_I3P4IVg\"],\"description\":\"KOFINAS SA \u2013 Prefabricated Homes Founded Legacy & Innovation Established in 1977, KOFINAS SA has grown into one of Greece\u2019s leading firms in the prefabricated housing sector. Their philosophy underscores continuous innovation\u2014they don't aim to build more homes, but to build better homes Strength & Certification The company's unique construction system has undergone rigorous experimental testing at the National Technical University of Athens, proving its durability well beyond natural endurance limits. Innovations introduced by KOFINAS are internationally recognized and certified. Sustainability & Eco Friendly Building KOFINAS uses Swedish and Finnish timber as its primary construction material, achieving a notably low carbon footprint: replacing conventional materials with wood reduces carbon dioxide emissions by 1.1 tons per cubic meter. In collaboration with Nordic sawmills, for every tree harvested, three to five new trees are planted, resulting in a negative carbon footprint. Additionally, their homes feature bioclimatic design and achieve energy consumption reductions of 75%\u201380% compared to conventional buildings\u2014often earning them energy efficiency A certificates. Advanced Production Facilities KOFINAS operates a modern factory, built to European standards, with ISO 14001 certification\u2014ensuring top-tier quality and environmental management in prefabricated housing production. Wide Range of Custom Designs Their catalog includes single , two , and three story homes, ground floor units with lofts, passive houses, and tourist accommodations. They also offer the \u201cFlexyHome\u201d series and Finnlamelli Finnish log houses, providing versatility to meet diverse aesthetic and functional needs. Experienced Team & Nationwide Network KOFINAS boasts a skilled, multidisciplinary team\u2014including civil and architectural engineers\u2014who oversee design, permit processing, and project implementation with a 100% success rate. The company has built a robust sales and distribution network\",\"email\":\"info@kofinas.gr\",\"telephone\":\"00302106081307\",\"legalName\":\"KOFINAS SA\",\"foundingDate\":\"1977-03-07\",\"vatID\":\"EL081136701\",\"duns\":\"503265836\",\"numberOfEmployees\":{\"@type\":\"QuantitativeValue\",\"minValue\":\"11\",\"maxValue\":\"50\"},\"publishingPrinciples\":\"https:\/\/www.kofinas.gr\/%cf%80%ce%bf%ce%bb%ce%b9%cf%84%ce%b9%ce%ba%ce%ae-%ce%b5%cf%84%ce%b1%ce%b9%cf%81%ce%af%ce%b1%cf%82-%ce%ba%ce%bf%cf%86%ce%b9%ce%bd%ce%b1%cf%83-%ce%b1%ce%b5\/\",\"ownershipFundingInfo\":\"https:\/\/www.kofinas.gr\/%ce%b5%cf%84%ce%b1%ce%b9%cf%81%ce%af%ce%b1\/\",\"actionableFeedbackPolicy\":\"https:\/\/www.kofinas.gr\/prosopika-dedomena\/\"}]}<\/script>\n<!-- \/ Yoast SEO Premium plugin. -->","yoast_head_json":{"title":"Experimentos e investigaci\u00f3n | Casas prefabricadas Kofinas - Prefabricados","robots":{"index":"index","follow":"follow","max-snippet":"max-snippet:-1","max-image-preview":"max-image-preview:large","max-video-preview":"max-video-preview:-1"},"canonical":"https:\/\/www.kofinas.gr\/es\/investigacion-experimental\/","og_locale":"es_ES","og_type":"article","og_title":"Experiments and research","og_description":"The company Kofinas innovates without resting through its experiments and research. It is constantly introducing new elements in the construction of homes, which are recognized and &#8220;certified&#8221;, both by our hundreds of satisfied customers and by international organizations, such as the National Technical University of Athens, in which the unique building system of Kofinas was [&hellip;]","og_url":"https:\/\/www.kofinas.gr\/es\/investigacion-experimental\/","og_site_name":"\u039a\u03bf\u03c6\u03b9\u03bd\u03ac\u03c2 \u03a0\u03c1\u03bf\u03ba\u03b1\u03c4\u03b1\u03c3\u03ba\u03b5\u03c5\u03b1\u03c3\u03bc\u03ad\u03bd\u03b1 \u03c3\u03c0\u03af\u03c4\u03b9\u03b1 - \u03a0\u03c1\u03bf\u03ba\u03ac\u03c4","article_publisher":"https:\/\/www.facebook.com\/kofinas.prokataskevasmena","article_modified_time":"2022-04-29T11:46:42+00:00","og_image":[{"width":2560,"height":1440,"url":"https:\/\/www.kofinas.gr\/wp-content\/uploads\/2020\/05\/\u03c6\u03c9\u03c4\u03bf\u03b3\u03c1\u03b1\u03c6\u03af\u03b5\u03c2-landing-page-9.jpg","type":"image\/jpeg"}],"twitter_card":"summary_large_image","twitter_site":"@kofinas_prokat","schema":{"@context":"https:\/\/schema.org","@graph":[{"@type":"WebPage","@id":"https:\/\/www.kofinas.gr\/eng\/experimental-research\/","url":"https:\/\/www.kofinas.gr\/eng\/experimental-research\/","name":"Experimentos e investigaci\u00f3n | Casas prefabricadas Kofinas - Prefabricados","isPartOf":{"@id":"https:\/\/www.kofinas.gr\/#website"},"primaryImageOfPage":{"@id":"https:\/\/www.kofinas.gr\/eng\/experimental-research\/#primaryimage"},"image":{"@id":"https:\/\/www.kofinas.gr\/eng\/experimental-research\/#primaryimage"},"thumbnailUrl":"https:\/\/www.kofinas.gr\/wp-content\/uploads\/2020\/05\/\u03c6\u03c9\u03c4\u03bf\u03b3\u03c1\u03b1\u03c6\u03af\u03b5\u03c2-landing-page-9.jpg","datePublished":"2016-11-11T14:00:54+00:00","dateModified":"2022-04-29T11:46:42+00:00","breadcrumb":{"@id":"https:\/\/www.kofinas.gr\/eng\/experimental-research\/#breadcrumb"},"inLanguage":"es","potentialAction":[{"@type":"ReadAction","target":["https:\/\/www.kofinas.gr\/eng\/experimental-research\/"]}]},{"@type":"ImageObject","inLanguage":"es","@id":"https:\/\/www.kofinas.gr\/eng\/experimental-research\/#primaryimage","url":"https:\/\/www.kofinas.gr\/wp-content\/uploads\/2020\/05\/\u03c6\u03c9\u03c4\u03bf\u03b3\u03c1\u03b1\u03c6\u03af\u03b5\u03c2-landing-page-9.jpg","contentUrl":"https:\/\/www.kofinas.gr\/wp-content\/uploads\/2020\/05\/\u03c6\u03c9\u03c4\u03bf\u03b3\u03c1\u03b1\u03c6\u03af\u03b5\u03c2-landing-page-9.jpg","width":2560,"height":1440,"caption":"Kofinas-prokataskeuasmena-villa-prasini domisi-spiti oneirwn-khpos-pisina design new home kofinas"},{"@type":"BreadcrumbList","@id":"https:\/\/www.kofinas.gr\/eng\/experimental-research\/#breadcrumb","itemListElement":[{"@type":"ListItem","position":1,"name":"Home","item":"https:\/\/www.kofinas.gr\/"},{"@type":"ListItem","position":2,"name":"Experiments and research"}]},{"@type":"WebSite","@id":"https:\/\/www.kofinas.gr\/#website","url":"https:\/\/www.kofinas.gr\/","name":"Kofinas Casas prefabricadas - Prefabricadas","description":"\u00a1Construimos tu casa en Grecia y en cualquier lugar de Europa!","publisher":{"@id":"https:\/\/www.kofinas.gr\/#organization"},"alternateName":"\u039a\u039f\u03a6\u0399\u039d\u0391\u03a3 \u03a0\u03c1\u03bf\u03ba\u03b1\u03c4\u03b1\u03c3\u03ba\u03b5\u03c5\u03b1\u03c3\u03bc\u03ad\u03bd\u03b1 \u03a3\u03c0\u03af\u03c4\u03b9\u03b1 \u03ba\u03b1\u03b9 \u03a4\u03bf\u03c5\u03c1\u03b9\u03c3\u03c4\u03b9\u03ba\u03ac \u039a\u03b1\u03c4\u03b1\u03bb\u03cd\u03bc\u03b1\u03c4\u03b1","potentialAction":[{"@type":"SearchAction","target":{"@type":"EntryPoint","urlTemplate":"https:\/\/www.kofinas.gr\/?s={search_term_string}"},"query-input":{"@type":"PropertyValueSpecification","valueRequired":true,"valueName":"search_term_string"}}],"inLanguage":"es"},{"@type":"Organization","@id":"https:\/\/www.kofinas.gr\/#organization","name":"Kofinas SA","alternateName":"Construction Company that constuct Prefabricated houses","url":"https:\/\/www.kofinas.gr\/","logo":{"@type":"ImageObject","inLanguage":"es","@id":"https:\/\/www.kofinas.gr\/#\/schema\/logo\/image\/","url":"https:\/\/www.kofinas.gr\/wp-content\/uploads\/2025\/03\/360new-logo-25.gif","contentUrl":"https:\/\/www.kofinas.gr\/wp-content\/uploads\/2025\/03\/360new-logo-25.gif","width":230,"height":70,"caption":"Kofinas SA"},"image":{"@id":"https:\/\/www.kofinas.gr\/#\/schema\/logo\/image\/"},"sameAs":["https:\/\/www.facebook.com\/kofinas.prokataskevasmena","https:\/\/x.com\/kofinas_prokat","https:\/\/www.linkedin.com\/company\/kofinas-sa","https:\/\/www.instagram.com\/kofinasprefab\/","https:\/\/www.youtube.com\/channel\/UCEAifY31SuyQHHz_I3P4IVg"],"description":"KOFINAS SA \u2013 Casas prefabricadas Legado e innovaci\u00f3n Fundada en 1977, KOFINAS SA se ha convertido en una de las empresas l\u00edderes de Grecia en el sector de las casas prefabricadas. Su filosof\u00eda subraya la innovaci\u00f3n continua: no pretenden construir m\u00e1s casas, sino construir mejores casas. Resistencia y certificaci\u00f3n El sistema de construcci\u00f3n \u00fanico de la empresa se ha sometido a rigurosas pruebas experimentales en la Universidad T\u00e9cnica Nacional de Atenas, lo que demuestra su durabilidad mucho m\u00e1s all\u00e1 de los l\u00edmites de resistencia natural. Las innovaciones introducidas por KOFINAS son reconocidas y certificadas internacionalmente. Sostenibilidad y construcci\u00f3n ecol\u00f3gica KOFINAS utiliza madera sueca y finlandesa como su principal material de construcci\u00f3n, logrando una huella de carbono notablemente baja: reemplazar los materiales convencionales con madera reduce las emisiones de di\u00f3xido de carbono en 1,1 toneladas por metro c\u00fabico. En colaboraci\u00f3n con aserraderos n\u00f3rdicos, por cada \u00e1rbol talado, se plantan de tres a cinco \u00e1rboles nuevos, lo que resulta en una huella de carbono negativa. Adem\u00e1s, sus casas cuentan con un dise\u00f1o bioclim\u00e1tico y logran reducciones de consumo energ\u00e9tico de 75%\u201380% en comparaci\u00f3n con los edificios convencionales, lo que a menudo les otorga certificados de eficiencia energ\u00e9tica A. Instalaciones de producci\u00f3n avanzadas KOFINAS opera una f\u00e1brica moderna, construida seg\u00fan los est\u00e1ndares europeos, con certificaci\u00f3n ISO 14001, lo que garantiza una calidad y una gesti\u00f3n ambiental de primer nivel en la producci\u00f3n de viviendas prefabricadas. Amplia gama de dise\u00f1os personalizados Su cat\u00e1logo incluye casas de una, dos y tres plantas, unidades de planta baja con lofts, casas pasivas y alojamientos tur\u00edsticos. Tambi\u00e9n ofrecen la serie &quot;FlexyHome&quot; y las casas de troncos finlandeses Finnlamelli, que brindan versatilidad para satisfacer diversas necesidades est\u00e9ticas y funcionales. Equipo experimentado y red nacional KOFINAS cuenta con un equipo cualificado y multidisciplinario, que incluye ingenieros civiles y arquitectos, que supervisan el dise\u00f1o, la tramitaci\u00f3n de permisos y la implementaci\u00f3n del proyecto con una tasa de \u00e9xito de 100%. La empresa ha construido una s\u00f3lida red de ventas y distribuci\u00f3n.","email":"info@kofinas.gr","telephone":"00302106081307","legalName":"KOFINAS SA","foundingDate":"1977-03-07","vatID":"EL081136701","duns":"503265836","numberOfEmployees":{"@type":"QuantitativeValue","minValue":"11","maxValue":"50"},"publishingPrinciples":"https:\/\/www.kofinas.gr\/%cf%80%ce%bf%ce%bb%ce%b9%cf%84%ce%b9%ce%ba%ce%ae-%ce%b5%cf%84%ce%b1%ce%b9%cf%81%ce%af%ce%b1%cf%82-%ce%ba%ce%bf%cf%86%ce%b9%ce%bd%ce%b1%cf%83-%ce%b1%ce%b5\/","ownershipFundingInfo":"https:\/\/www.kofinas.gr\/%ce%b5%cf%84%ce%b1%ce%b9%cf%81%ce%af%ce%b1\/","actionableFeedbackPolicy":"https:\/\/www.kofinas.gr\/prosopika-dedomena\/"}]}},"_links":{"self":[{"href":"https:\/\/www.kofinas.gr\/es\/wp-json\/wp\/v2\/pages\/8605","targetHints":{"allow":["GET"]}}],"collection":[{"href":"https:\/\/www.kofinas.gr\/es\/wp-json\/wp\/v2\/pages"}],"about":[{"href":"https:\/\/www.kofinas.gr\/es\/wp-json\/wp\/v2\/types\/page"}],"author":[{"embeddable":true,"href":"https:\/\/www.kofinas.gr\/es\/wp-json\/wp\/v2\/users\/3"}],"replies":[{"embeddable":true,"href":"https:\/\/www.kofinas.gr\/es\/wp-json\/wp\/v2\/comments?post=8605"}],"version-history":[{"count":0,"href":"https:\/\/www.kofinas.gr\/es\/wp-json\/wp\/v2\/pages\/8605\/revisions"}],"wp:featuredmedia":[{"embeddable":true,"href":"https:\/\/www.kofinas.gr\/es\/wp-json\/wp\/v2\/media\/22652"}],"wp:attachment":[{"href":"https:\/\/www.kofinas.gr\/es\/wp-json\/wp\/v2\/media?parent=8605"}],"curies":[{"name":"gracias","href":"https:\/\/api.w.org\/{rel}","templated":true}]}}