{"id":8588,"date":"2016-11-11T16:19:44","date_gmt":"2016-11-11T14:19:44","guid":{"rendered":"http:\/\/neo.kofinas.gr\/en\/?page_id=8588"},"modified":"2020-04-22T08:20:54","modified_gmt":"2020-04-22T06:20:54","slug":"investigacion-de-la-ntua-de-2012","status":"publish","type":"page","link":"https:\/\/www.kofinas.gr\/es\/investigacion-experimental\/investigacion-de-la-ntua-de-2012\/","title":{"rendered":"Experimento NTUA 2012"},"content":{"rendered":"<h3>Investigaci\u00f3n de la aplicaci\u00f3n del m\u00e9todo de construcci\u00f3n de casas prefabricadas KOFINAS para edificios de m\u00e1s de tres pisos<\/h3>\n<h4>El estudio fue financiado por el GSRT y realizado por el <strong>NTUA en 2012<\/strong>.<\/h4>\n<p class=\"kf-justify\"><strong>Un edificio de cuatro pisos<\/strong> construido utilizando el sistema de construcci\u00f3n de la empresa \u201cKofinas \u2013 Casas prefabricadas\u201d fue estudiado por un equipo cient\u00edfico que consisti\u00f3 en:<\/p>\n<ul>\n<li><strong>Dr. H. Mouzakis, Gerente de Proyecto NTUA<\/strong><\/li>\n<li><strong>Dr. L. Karapitta, Investigador NTUA<\/strong><\/li>\n<li><strong>Dr. V.K. Ntertimanis, Investigador NTUA<\/strong><\/li>\n<\/ul>\n<p class=\"kf-justify\">con el fin de extender la acci\u00f3n de prefabricados de madera de la empresa KOFINAS, a construcciones de varios pisos y dar mayor conocimiento a la empresa para mejorar su competitividad en la industria de la construcci\u00f3n.<\/p>\n<h4 class=\"kf-underline\">El informe t\u00e9cnico de los cient\u00edficos de la NTUA, entre otros, menciona lo siguiente:<\/h4>\n<p><img decoding=\"async\" class=\"uk-width-1-4 alignleft\" src=\"\/wp-content\/uploads\/kofinas\/ntua-experiments\/emp-technical-report-2012.jpg\" alt=\"Informe t\u00e9cnico de los cient\u00edficos de la NTUA\"><\/p>\n<dl class=\"uk-description-list uk-description-list-line uk-width-3-4 kf-justify\">\n<dt>\n<h5 class=\"kf-underline\">Beneficios para los participantes<\/h5>\n<\/dt>\n<dd>Los participantes desarrollar\u00e1n nuevos conocimientos cient\u00edficos. Espec\u00edficamente, se espera que la empresa KOFINAS utilice los resultados del estudio para una fabricaci\u00f3n moderna y altamente competitiva.<\/dd>\n<dt>\n<h5 class=\"kf-underline\">Beneficios para la sociedad<\/h5>\n<\/dt>\n<dd>Se espera que el producto final sea un paso positivo hacia el cumplimiento de los <strong>filosof\u00eda de dise\u00f1o verde<\/strong>. El coste de la construcci\u00f3n resultante ser\u00e1 altamente competitivo, asequible y atractivo para la sociedad, con evidentes ventajas econ\u00f3micas y medioambientales. Adem\u00e1s, la construcci\u00f3n propuesta ayudar\u00e1 a reducir las percepciones err\u00f3neas sobre las casas prefabricadas de madera y, dado que el mercado actual es limitado, puede conducir a una expansi\u00f3n, ofreciendo nuevos puestos de trabajo y aumentando la competencia, en beneficio del consumidor.<\/dd>\n<\/dl>\n<p class=\"kf-justify\">Esta propuesta pretende convertirse <strong>la primera investigaci\u00f3n hol\u00edstica en Grecia<\/strong>, que estudiar\u00e1 las construcciones prefabricadas de madera, teniendo en cuenta las condiciones ambientales locales y las acciones s\u00edsmicas.<\/p>\n<p class=\"kf-justify\">Los resultados obtenidos dotar\u00e1n a la empresa KOFINAS de todo el conocimiento necesario y las herramientas correspondientes para avanzar m\u00e1s...<\/p>\n<div class=\"uk-grid\">\n      <img decoding=\"async\" class=\"uk-width-1-2 uk-container-center uk-text-center uk-margin-top\" src=\"\/wp-content\/uploads\/kofinas\/ntua-experiments\/gget.jpg\" alt=\"Investigaci\u00f3n financiada por GSRT\"><\/div>\n<div class=\"uk-grid\">\n      <img decoding=\"async\" class=\"uk-width-1-2 uk-container-center uk-text-center uk-margin-top\" src=\"\/wp-content\/uploads\/kofinas\/ntua-experiments\/espa.png\" alt=\"ESPA 2007 - 2013\"><\/div>","protected":false},"excerpt":{"rendered":"<p>Investigaci\u00f3n de la aplicaci\u00f3n del m\u00e9todo de construcci\u00f3n de casas prefabricadas KOFINAS para edificios de m\u00e1s de tres pisos. El estudio fue financiado por GSRT y realizado por NTUA en 2012. Se estudi\u00f3 un edificio de cuatro pisos construido utilizando el sistema de construcci\u00f3n de la compa\u00f1\u00eda &quot;Kofinas - Prefabricated Houses&quot;. de un equipo cient\u00edfico formado por: Dr. H. Mouzakis, [\u2026]<\/p>","protected":false},"author":3,"featured_media":19897,"parent":8605,"menu_order":0,"comment_status":"closed","ping_status":"closed","template":"","meta":{"_acf_changed":false,"footnotes":""},"class_list":["post-8588","page","type-page","status-publish","has-post-thumbnail","hentry"],"acf":[],"yoast_head":"<!-- This site is optimized with the Yoast SEO Premium plugin v26.6 (Yoast SEO v26.6) - https:\/\/yoast.com\/wordpress\/plugins\/seo\/ -->\n<title>2012 NTUA Experiment | \u039a\u03bf\u03c6\u03b9\u03bd\u03ac\u03c2 \u03a0\u03c1\u03bf\u03ba\u03b1\u03c4\u03b1\u03c3\u03ba\u03b5\u03c5\u03b1\u03c3\u03bc\u03ad\u03bd\u03b1 \u03c3\u03c0\u03af\u03c4\u03b9\u03b1 - \u03a0\u03c1\u03bf\u03ba\u03ac\u03c4<\/title>\n<meta name=\"robots\" content=\"index, follow, max-snippet:-1, max-image-preview:large, max-video-preview:-1\" \/>\n<link rel=\"canonical\" href=\"https:\/\/www.kofinas.gr\/es\/investigacion-experimental\/investigacion-de-la-ntua-de-2012\/\" \/>\n<meta property=\"og:locale\" content=\"es_ES\" \/>\n<meta property=\"og:type\" content=\"article\" \/>\n<meta property=\"og:title\" content=\"2012 NTUA Experiment\" \/>\n<meta property=\"og:description\" content=\"Research of application of KOFINAS prefabricated houses construction method for buildings with more than three floors The study was funded from the G.S.R.T. and realized from the N.T.U.A. in 2012. A four-story building constructed utilizing the &#8220;Kofinas &#8211; Prefabricated Houses&#8221; company construction system was studied from a scientific team which consisted of: Dr. H. Mouzakis, [&hellip;]\" \/>\n<meta property=\"og:url\" content=\"https:\/\/www.kofinas.gr\/es\/investigacion-experimental\/investigacion-de-la-ntua-de-2012\/\" \/>\n<meta property=\"og:site_name\" content=\"\u039a\u03bf\u03c6\u03b9\u03bd\u03ac\u03c2 \u03a0\u03c1\u03bf\u03ba\u03b1\u03c4\u03b1\u03c3\u03ba\u03b5\u03c5\u03b1\u03c3\u03bc\u03ad\u03bd\u03b1 \u03c3\u03c0\u03af\u03c4\u03b9\u03b1 - \u03a0\u03c1\u03bf\u03ba\u03ac\u03c4\" \/>\n<meta property=\"article:publisher\" content=\"https:\/\/www.facebook.com\/kofinas.prokataskevasmena\" \/>\n<meta property=\"article:modified_time\" content=\"2020-04-22T06:20:54+00:00\" \/>\n<meta property=\"og:image\" content=\"https:\/\/www.kofinas.gr\/wp-content\/uploads\/2020\/04\/KOFINAS-emp-technical-report-2012-2.jpg\" \/>\n\t<meta property=\"og:image:width\" content=\"374\" \/>\n\t<meta property=\"og:image:height\" content=\"320\" \/>\n\t<meta property=\"og:image:type\" content=\"image\/jpeg\" \/>\n<meta name=\"twitter:card\" content=\"summary_large_image\" \/>\n<meta name=\"twitter:site\" content=\"@kofinas_prokat\" \/>\n<meta name=\"twitter:label1\" content=\"Tiempo de lectura\" \/>\n\t<meta name=\"twitter:data1\" content=\"1 minuto\" \/>\n<script type=\"application\/ld+json\" class=\"yoast-schema-graph\">{\"@context\":\"https:\/\/schema.org\",\"@graph\":[{\"@type\":\"WebPage\",\"@id\":\"https:\/\/www.kofinas.gr\/he\/%d7%9e%d7%97%d7%a7%d7%a8-%d7%a0%d7%99%d7%a1%d7%99%d7%95%d7%a0%d7%99\/%d7%9e%d7%97%d7%a7%d7%a8-ntua-2012\/\",\"url\":\"https:\/\/www.kofinas.gr\/he\/%d7%9e%d7%97%d7%a7%d7%a8-%d7%a0%d7%99%d7%a1%d7%99%d7%95%d7%a0%d7%99\/%d7%9e%d7%97%d7%a7%d7%a8-ntua-2012\/\",\"name\":\"2012 NTUA Experiment | \u039a\u03bf\u03c6\u03b9\u03bd\u03ac\u03c2 \u03a0\u03c1\u03bf\u03ba\u03b1\u03c4\u03b1\u03c3\u03ba\u03b5\u03c5\u03b1\u03c3\u03bc\u03ad\u03bd\u03b1 \u03c3\u03c0\u03af\u03c4\u03b9\u03b1 - \u03a0\u03c1\u03bf\u03ba\u03ac\u03c4\",\"isPartOf\":{\"@id\":\"https:\/\/www.kofinas.gr\/#website\"},\"primaryImageOfPage\":{\"@id\":\"https:\/\/www.kofinas.gr\/he\/%d7%9e%d7%97%d7%a7%d7%a8-%d7%a0%d7%99%d7%a1%d7%99%d7%95%d7%a0%d7%99\/%d7%9e%d7%97%d7%a7%d7%a8-ntua-2012\/#primaryimage\"},\"image\":{\"@id\":\"https:\/\/www.kofinas.gr\/he\/%d7%9e%d7%97%d7%a7%d7%a8-%d7%a0%d7%99%d7%a1%d7%99%d7%95%d7%a0%d7%99\/%d7%9e%d7%97%d7%a7%d7%a8-ntua-2012\/#primaryimage\"},\"thumbnailUrl\":\"https:\/\/www.kofinas.gr\/wp-content\/uploads\/2020\/04\/KOFINAS-emp-technical-report-2012-2.jpg\",\"datePublished\":\"2016-11-11T14:19:44+00:00\",\"dateModified\":\"2020-04-22T06:20:54+00:00\",\"breadcrumb\":{\"@id\":\"https:\/\/www.kofinas.gr\/he\/%d7%9e%d7%97%d7%a7%d7%a8-%d7%a0%d7%99%d7%a1%d7%99%d7%95%d7%a0%d7%99\/%d7%9e%d7%97%d7%a7%d7%a8-ntua-2012\/#breadcrumb\"},\"inLanguage\":\"es\",\"potentialAction\":[{\"@type\":\"ReadAction\",\"target\":[\"https:\/\/www.kofinas.gr\/he\/%d7%9e%d7%97%d7%a7%d7%a8-%d7%a0%d7%99%d7%a1%d7%99%d7%95%d7%a0%d7%99\/%d7%9e%d7%97%d7%a7%d7%a8-ntua-2012\/\"]}]},{\"@type\":\"ImageObject\",\"inLanguage\":\"es\",\"@id\":\"https:\/\/www.kofinas.gr\/he\/%d7%9e%d7%97%d7%a7%d7%a8-%d7%a0%d7%99%d7%a1%d7%99%d7%95%d7%a0%d7%99\/%d7%9e%d7%97%d7%a7%d7%a8-ntua-2012\/#primaryimage\",\"url\":\"https:\/\/www.kofinas.gr\/wp-content\/uploads\/2020\/04\/KOFINAS-emp-technical-report-2012-2.jpg\",\"contentUrl\":\"https:\/\/www.kofinas.gr\/wp-content\/uploads\/2020\/04\/KOFINAS-emp-technical-report-2012-2.jpg\",\"width\":374,\"height\":320,\"caption\":\"prefabricated houses-bone green building durability -experiment\"},{\"@type\":\"BreadcrumbList\",\"@id\":\"https:\/\/www.kofinas.gr\/he\/%d7%9e%d7%97%d7%a7%d7%a8-%d7%a0%d7%99%d7%a1%d7%99%d7%95%d7%a0%d7%99\/%d7%9e%d7%97%d7%a7%d7%a8-ntua-2012\/#breadcrumb\",\"itemListElement\":[{\"@type\":\"ListItem\",\"position\":1,\"name\":\"Home\",\"item\":\"https:\/\/www.kofinas.gr\/\"},{\"@type\":\"ListItem\",\"position\":2,\"name\":\"Experiments and research\",\"item\":\"https:\/\/www.kofinas.gr\/eng\/experimental-research\/\"},{\"@type\":\"ListItem\",\"position\":3,\"name\":\"2012 NTUA Experiment\"}]},{\"@type\":\"WebSite\",\"@id\":\"https:\/\/www.kofinas.gr\/#website\",\"url\":\"https:\/\/www.kofinas.gr\/\",\"name\":\"\u039a\u03bf\u03c6\u03b9\u03bd\u03ac\u03c2 \u03a0\u03c1\u03bf\u03ba\u03b1\u03c4\u03b1\u03c3\u03ba\u03b5\u03c5\u03b1\u03c3\u03bc\u03ad\u03bd\u03b1 \u03c3\u03c0\u03af\u03c4\u03b9\u03b1 - \u03a0\u03c1\u03bf\u03ba\u03ac\u03c4\",\"description\":\"\u039a\u03b1\u03c4\u03b1\u03c3\u03ba\u03b5\u03c5\u03ac\u03b6\u03bf\u03c5\u03bc\u03b5 \u03c4\u03bf \u03c3\u03c0\u03af\u03c4\u03b9 \u03c3\u03b1\u03c2 \u03c3\u03c4\u03b7\u03bd \u03b5\u03bb\u03bb\u03ac\u03b4\u03b1 \u03ba\u03b1\u03b9 \u03bf\u03c0\u03bf\u03c5\u03b4\u03ae\u03c0\u03bf\u03c4\u03b5 \u03c3\u03c4\u03b7\u03bd \u0395\u03c5\u03c1\u03ce\u03c0\u03b7!\",\"publisher\":{\"@id\":\"https:\/\/www.kofinas.gr\/#organization\"},\"alternateName\":\"\u039a\u039f\u03a6\u0399\u039d\u0391\u03a3 \u03a0\u03c1\u03bf\u03ba\u03b1\u03c4\u03b1\u03c3\u03ba\u03b5\u03c5\u03b1\u03c3\u03bc\u03ad\u03bd\u03b1 \u03a3\u03c0\u03af\u03c4\u03b9\u03b1 \u03ba\u03b1\u03b9 \u03a4\u03bf\u03c5\u03c1\u03b9\u03c3\u03c4\u03b9\u03ba\u03ac \u039a\u03b1\u03c4\u03b1\u03bb\u03cd\u03bc\u03b1\u03c4\u03b1\",\"potentialAction\":[{\"@type\":\"SearchAction\",\"target\":{\"@type\":\"EntryPoint\",\"urlTemplate\":\"https:\/\/www.kofinas.gr\/?s={search_term_string}\"},\"query-input\":{\"@type\":\"PropertyValueSpecification\",\"valueRequired\":true,\"valueName\":\"search_term_string\"}}],\"inLanguage\":\"es\"},{\"@type\":\"Organization\",\"@id\":\"https:\/\/www.kofinas.gr\/#organization\",\"name\":\"Kofinas SA\",\"alternateName\":\"Construction Company that constuct Prefabricated houses\",\"url\":\"https:\/\/www.kofinas.gr\/\",\"logo\":{\"@type\":\"ImageObject\",\"inLanguage\":\"es\",\"@id\":\"https:\/\/www.kofinas.gr\/#\/schema\/logo\/image\/\",\"url\":\"https:\/\/www.kofinas.gr\/wp-content\/uploads\/2025\/03\/360new-logo-25.gif\",\"contentUrl\":\"https:\/\/www.kofinas.gr\/wp-content\/uploads\/2025\/03\/360new-logo-25.gif\",\"width\":230,\"height\":70,\"caption\":\"Kofinas SA\"},\"image\":{\"@id\":\"https:\/\/www.kofinas.gr\/#\/schema\/logo\/image\/\"},\"sameAs\":[\"https:\/\/www.facebook.com\/kofinas.prokataskevasmena\",\"https:\/\/x.com\/kofinas_prokat\",\"https:\/\/www.linkedin.com\/company\/kofinas-sa\",\"https:\/\/www.instagram.com\/kofinasprefab\/\",\"https:\/\/www.youtube.com\/channel\/UCEAifY31SuyQHHz_I3P4IVg\"],\"description\":\"KOFINAS SA \u2013 Prefabricated Homes Founded Legacy & Innovation Established in 1977, KOFINAS SA has grown into one of Greece\u2019s leading firms in the prefabricated housing sector. Their philosophy underscores continuous innovation\u2014they don't aim to build more homes, but to build better homes Strength & Certification The company's unique construction system has undergone rigorous experimental testing at the National Technical University of Athens, proving its durability well beyond natural endurance limits. Innovations introduced by KOFINAS are internationally recognized and certified. Sustainability & Eco Friendly Building KOFINAS uses Swedish and Finnish timber as its primary construction material, achieving a notably low carbon footprint: replacing conventional materials with wood reduces carbon dioxide emissions by 1.1 tons per cubic meter. In collaboration with Nordic sawmills, for every tree harvested, three to five new trees are planted, resulting in a negative carbon footprint. Additionally, their homes feature bioclimatic design and achieve energy consumption reductions of 75%\u201380% compared to conventional buildings\u2014often earning them energy efficiency A certificates. Advanced Production Facilities KOFINAS operates a modern factory, built to European standards, with ISO 14001 certification\u2014ensuring top-tier quality and environmental management in prefabricated housing production. Wide Range of Custom Designs Their catalog includes single , two , and three story homes, ground floor units with lofts, passive houses, and tourist accommodations. They also offer the \u201cFlexyHome\u201d series and Finnlamelli Finnish log houses, providing versatility to meet diverse aesthetic and functional needs. Experienced Team & Nationwide Network KOFINAS boasts a skilled, multidisciplinary team\u2014including civil and architectural engineers\u2014who oversee design, permit processing, and project implementation with a 100% success rate. The company has built a robust sales and distribution network\",\"email\":\"info@kofinas.gr\",\"telephone\":\"00302106081307\",\"legalName\":\"KOFINAS SA\",\"foundingDate\":\"1977-03-07\",\"vatID\":\"EL081136701\",\"duns\":\"503265836\",\"numberOfEmployees\":{\"@type\":\"QuantitativeValue\",\"minValue\":\"11\",\"maxValue\":\"50\"},\"publishingPrinciples\":\"https:\/\/www.kofinas.gr\/%cf%80%ce%bf%ce%bb%ce%b9%cf%84%ce%b9%ce%ba%ce%ae-%ce%b5%cf%84%ce%b1%ce%b9%cf%81%ce%af%ce%b1%cf%82-%ce%ba%ce%bf%cf%86%ce%b9%ce%bd%ce%b1%cf%83-%ce%b1%ce%b5\/\",\"ownershipFundingInfo\":\"https:\/\/www.kofinas.gr\/%ce%b5%cf%84%ce%b1%ce%b9%cf%81%ce%af%ce%b1\/\",\"actionableFeedbackPolicy\":\"https:\/\/www.kofinas.gr\/prosopika-dedomena\/\"}]}<\/script>\n<!-- \/ Yoast SEO Premium plugin. -->","yoast_head_json":{"title":"Experimento NTUA 2012 | Casas prefabricadas Kofinas - Prefabricadas","robots":{"index":"index","follow":"follow","max-snippet":"max-snippet:-1","max-image-preview":"max-image-preview:large","max-video-preview":"max-video-preview:-1"},"canonical":"https:\/\/www.kofinas.gr\/es\/investigacion-experimental\/investigacion-de-la-ntua-de-2012\/","og_locale":"es_ES","og_type":"article","og_title":"2012 NTUA Experiment","og_description":"Research of application of KOFINAS prefabricated houses construction method for buildings with more than three floors The study was funded from the G.S.R.T. and realized from the N.T.U.A. in 2012. A four-story building constructed utilizing the &#8220;Kofinas &#8211; Prefabricated Houses&#8221; company construction system was studied from a scientific team which consisted of: Dr. H. Mouzakis, [&hellip;]","og_url":"https:\/\/www.kofinas.gr\/es\/investigacion-experimental\/investigacion-de-la-ntua-de-2012\/","og_site_name":"\u039a\u03bf\u03c6\u03b9\u03bd\u03ac\u03c2 \u03a0\u03c1\u03bf\u03ba\u03b1\u03c4\u03b1\u03c3\u03ba\u03b5\u03c5\u03b1\u03c3\u03bc\u03ad\u03bd\u03b1 \u03c3\u03c0\u03af\u03c4\u03b9\u03b1 - \u03a0\u03c1\u03bf\u03ba\u03ac\u03c4","article_publisher":"https:\/\/www.facebook.com\/kofinas.prokataskevasmena","article_modified_time":"2020-04-22T06:20:54+00:00","og_image":[{"width":374,"height":320,"url":"https:\/\/www.kofinas.gr\/wp-content\/uploads\/2020\/04\/KOFINAS-emp-technical-report-2012-2.jpg","type":"image\/jpeg"}],"twitter_card":"summary_large_image","twitter_site":"@kofinas_prokat","twitter_misc":{"Tiempo de lectura":"1 minuto"},"schema":{"@context":"https:\/\/schema.org","@graph":[{"@type":"WebPage","@id":"https:\/\/www.kofinas.gr\/he\/%d7%9e%d7%97%d7%a7%d7%a8-%d7%a0%d7%99%d7%a1%d7%99%d7%95%d7%a0%d7%99\/%d7%9e%d7%97%d7%a7%d7%a8-ntua-2012\/","url":"https:\/\/www.kofinas.gr\/he\/%d7%9e%d7%97%d7%a7%d7%a8-%d7%a0%d7%99%d7%a1%d7%99%d7%95%d7%a0%d7%99\/%d7%9e%d7%97%d7%a7%d7%a8-ntua-2012\/","name":"Experimento NTUA 2012 | Casas prefabricadas Kofinas - Prefabricadas","isPartOf":{"@id":"https:\/\/www.kofinas.gr\/#website"},"primaryImageOfPage":{"@id":"https:\/\/www.kofinas.gr\/he\/%d7%9e%d7%97%d7%a7%d7%a8-%d7%a0%d7%99%d7%a1%d7%99%d7%95%d7%a0%d7%99\/%d7%9e%d7%97%d7%a7%d7%a8-ntua-2012\/#primaryimage"},"image":{"@id":"https:\/\/www.kofinas.gr\/he\/%d7%9e%d7%97%d7%a7%d7%a8-%d7%a0%d7%99%d7%a1%d7%99%d7%95%d7%a0%d7%99\/%d7%9e%d7%97%d7%a7%d7%a8-ntua-2012\/#primaryimage"},"thumbnailUrl":"https:\/\/www.kofinas.gr\/wp-content\/uploads\/2020\/04\/KOFINAS-emp-technical-report-2012-2.jpg","datePublished":"2016-11-11T14:19:44+00:00","dateModified":"2020-04-22T06:20:54+00:00","breadcrumb":{"@id":"https:\/\/www.kofinas.gr\/he\/%d7%9e%d7%97%d7%a7%d7%a8-%d7%a0%d7%99%d7%a1%d7%99%d7%95%d7%a0%d7%99\/%d7%9e%d7%97%d7%a7%d7%a8-ntua-2012\/#breadcrumb"},"inLanguage":"es","potentialAction":[{"@type":"ReadAction","target":["https:\/\/www.kofinas.gr\/he\/%d7%9e%d7%97%d7%a7%d7%a8-%d7%a0%d7%99%d7%a1%d7%99%d7%95%d7%a0%d7%99\/%d7%9e%d7%97%d7%a7%d7%a8-ntua-2012\/"]}]},{"@type":"ImageObject","inLanguage":"es","@id":"https:\/\/www.kofinas.gr\/he\/%d7%9e%d7%97%d7%a7%d7%a8-%d7%a0%d7%99%d7%a1%d7%99%d7%95%d7%a0%d7%99\/%d7%9e%d7%97%d7%a7%d7%a8-ntua-2012\/#primaryimage","url":"https:\/\/www.kofinas.gr\/wp-content\/uploads\/2020\/04\/KOFINAS-emp-technical-report-2012-2.jpg","contentUrl":"https:\/\/www.kofinas.gr\/wp-content\/uploads\/2020\/04\/KOFINAS-emp-technical-report-2012-2.jpg","width":374,"height":320,"caption":"prefabricated houses-bone green building durability -experiment"},{"@type":"BreadcrumbList","@id":"https:\/\/www.kofinas.gr\/he\/%d7%9e%d7%97%d7%a7%d7%a8-%d7%a0%d7%99%d7%a1%d7%99%d7%95%d7%a0%d7%99\/%d7%9e%d7%97%d7%a7%d7%a8-ntua-2012\/#breadcrumb","itemListElement":[{"@type":"ListItem","position":1,"name":"Home","item":"https:\/\/www.kofinas.gr\/"},{"@type":"ListItem","position":2,"name":"Experiments and research","item":"https:\/\/www.kofinas.gr\/eng\/experimental-research\/"},{"@type":"ListItem","position":3,"name":"2012 NTUA Experiment"}]},{"@type":"WebSite","@id":"https:\/\/www.kofinas.gr\/#website","url":"https:\/\/www.kofinas.gr\/","name":"Kofinas Casas prefabricadas - Prefabricadas","description":"\u00a1Construimos tu casa en Grecia y en cualquier lugar de Europa!","publisher":{"@id":"https:\/\/www.kofinas.gr\/#organization"},"alternateName":"\u039a\u039f\u03a6\u0399\u039d\u0391\u03a3 \u03a0\u03c1\u03bf\u03ba\u03b1\u03c4\u03b1\u03c3\u03ba\u03b5\u03c5\u03b1\u03c3\u03bc\u03ad\u03bd\u03b1 \u03a3\u03c0\u03af\u03c4\u03b9\u03b1 \u03ba\u03b1\u03b9 \u03a4\u03bf\u03c5\u03c1\u03b9\u03c3\u03c4\u03b9\u03ba\u03ac \u039a\u03b1\u03c4\u03b1\u03bb\u03cd\u03bc\u03b1\u03c4\u03b1","potentialAction":[{"@type":"SearchAction","target":{"@type":"EntryPoint","urlTemplate":"https:\/\/www.kofinas.gr\/?s={search_term_string}"},"query-input":{"@type":"PropertyValueSpecification","valueRequired":true,"valueName":"search_term_string"}}],"inLanguage":"es"},{"@type":"Organization","@id":"https:\/\/www.kofinas.gr\/#organization","name":"Kofinas SA","alternateName":"Construction Company that constuct Prefabricated houses","url":"https:\/\/www.kofinas.gr\/","logo":{"@type":"ImageObject","inLanguage":"es","@id":"https:\/\/www.kofinas.gr\/#\/schema\/logo\/image\/","url":"https:\/\/www.kofinas.gr\/wp-content\/uploads\/2025\/03\/360new-logo-25.gif","contentUrl":"https:\/\/www.kofinas.gr\/wp-content\/uploads\/2025\/03\/360new-logo-25.gif","width":230,"height":70,"caption":"Kofinas SA"},"image":{"@id":"https:\/\/www.kofinas.gr\/#\/schema\/logo\/image\/"},"sameAs":["https:\/\/www.facebook.com\/kofinas.prokataskevasmena","https:\/\/x.com\/kofinas_prokat","https:\/\/www.linkedin.com\/company\/kofinas-sa","https:\/\/www.instagram.com\/kofinasprefab\/","https:\/\/www.youtube.com\/channel\/UCEAifY31SuyQHHz_I3P4IVg"],"description":"KOFINAS SA \u2013 Casas prefabricadas Legado e innovaci\u00f3n Fundada en 1977, KOFINAS SA se ha convertido en una de las empresas l\u00edderes de Grecia en el sector de las casas prefabricadas. Su filosof\u00eda subraya la innovaci\u00f3n continua: no pretenden construir m\u00e1s casas, sino construir mejores casas. Resistencia y certificaci\u00f3n El sistema de construcci\u00f3n \u00fanico de la empresa se ha sometido a rigurosas pruebas experimentales en la Universidad T\u00e9cnica Nacional de Atenas, lo que demuestra su durabilidad mucho m\u00e1s all\u00e1 de los l\u00edmites de resistencia natural. Las innovaciones introducidas por KOFINAS son reconocidas y certificadas internacionalmente. Sostenibilidad y construcci\u00f3n ecol\u00f3gica KOFINAS utiliza madera sueca y finlandesa como su principal material de construcci\u00f3n, logrando una huella de carbono notablemente baja: reemplazar los materiales convencionales con madera reduce las emisiones de di\u00f3xido de carbono en 1,1 toneladas por metro c\u00fabico. En colaboraci\u00f3n con aserraderos n\u00f3rdicos, por cada \u00e1rbol talado, se plantan de tres a cinco \u00e1rboles nuevos, lo que resulta en una huella de carbono negativa. Adem\u00e1s, sus casas cuentan con un dise\u00f1o bioclim\u00e1tico y logran reducciones de consumo energ\u00e9tico de 75%\u201380% en comparaci\u00f3n con los edificios convencionales, lo que a menudo les otorga certificados de eficiencia energ\u00e9tica A. Instalaciones de producci\u00f3n avanzadas KOFINAS opera una f\u00e1brica moderna, construida seg\u00fan los est\u00e1ndares europeos, con certificaci\u00f3n ISO 14001, lo que garantiza una calidad y una gesti\u00f3n ambiental de primer nivel en la producci\u00f3n de viviendas prefabricadas. Amplia gama de dise\u00f1os personalizados Su cat\u00e1logo incluye casas de una, dos y tres plantas, unidades de planta baja con lofts, casas pasivas y alojamientos tur\u00edsticos. Tambi\u00e9n ofrecen la serie &quot;FlexyHome&quot; y las casas de troncos finlandeses Finnlamelli, que brindan versatilidad para satisfacer diversas necesidades est\u00e9ticas y funcionales. Equipo experimentado y red nacional KOFINAS cuenta con un equipo cualificado y multidisciplinario, que incluye ingenieros civiles y arquitectos, que supervisan el dise\u00f1o, la tramitaci\u00f3n de permisos y la implementaci\u00f3n del proyecto con una tasa de \u00e9xito de 100%. La empresa ha construido una s\u00f3lida red de ventas y distribuci\u00f3n.","email":"info@kofinas.gr","telephone":"00302106081307","legalName":"KOFINAS SA","foundingDate":"1977-03-07","vatID":"EL081136701","duns":"503265836","numberOfEmployees":{"@type":"QuantitativeValue","minValue":"11","maxValue":"50"},"publishingPrinciples":"https:\/\/www.kofinas.gr\/%cf%80%ce%bf%ce%bb%ce%b9%cf%84%ce%b9%ce%ba%ce%ae-%ce%b5%cf%84%ce%b1%ce%b9%cf%81%ce%af%ce%b1%cf%82-%ce%ba%ce%bf%cf%86%ce%b9%ce%bd%ce%b1%cf%83-%ce%b1%ce%b5\/","ownershipFundingInfo":"https:\/\/www.kofinas.gr\/%ce%b5%cf%84%ce%b1%ce%b9%cf%81%ce%af%ce%b1\/","actionableFeedbackPolicy":"https:\/\/www.kofinas.gr\/prosopika-dedomena\/"}]}},"_links":{"self":[{"href":"https:\/\/www.kofinas.gr\/es\/wp-json\/wp\/v2\/pages\/8588","targetHints":{"allow":["GET"]}}],"collection":[{"href":"https:\/\/www.kofinas.gr\/es\/wp-json\/wp\/v2\/pages"}],"about":[{"href":"https:\/\/www.kofinas.gr\/es\/wp-json\/wp\/v2\/types\/page"}],"author":[{"embeddable":true,"href":"https:\/\/www.kofinas.gr\/es\/wp-json\/wp\/v2\/users\/3"}],"replies":[{"embeddable":true,"href":"https:\/\/www.kofinas.gr\/es\/wp-json\/wp\/v2\/comments?post=8588"}],"version-history":[{"count":0,"href":"https:\/\/www.kofinas.gr\/es\/wp-json\/wp\/v2\/pages\/8588\/revisions"}],"up":[{"embeddable":true,"href":"https:\/\/www.kofinas.gr\/es\/wp-json\/wp\/v2\/pages\/8605"}],"wp:featuredmedia":[{"embeddable":true,"href":"https:\/\/www.kofinas.gr\/es\/wp-json\/wp\/v2\/media\/19897"}],"wp:attachment":[{"href":"https:\/\/www.kofinas.gr\/es\/wp-json\/wp\/v2\/media?parent=8588"}],"curies":[{"name":"gracias","href":"https:\/\/api.w.org\/{rel}","templated":true}]}}