{"id":7552,"date":"2016-08-05T17:15:10","date_gmt":"2016-08-05T15:15:10","guid":{"rendered":"http:\/\/neo.kofinas.gr\/en\/?page_id=7552"},"modified":"2020-03-15T13:17:27","modified_gmt":"2020-03-15T11:17:27","slug":"por-que-elegir-un-flexyhome","status":"publish","type":"page","link":"https:\/\/www.kofinas.gr\/es\/flexyhome\/por-que-una-casa-flexible-de-kofinas\/por-que-elegir-un-flexyhome\/","title":{"rendered":"Por qu\u00e9 elegir un Flexyhome \u2013 Ventajas"},"content":{"rendered":"<h3>\u00bfPor qu\u00e9 deber\u00eda elegir un <img decoding=\"async\" title=\"\" src=\"\/wp-content\/uploads\/kofinas\/en_photos\/logos\/flxhm.png\"> ?<\/h3>\n<p style=\"text-align: justify;\">Porque el <img decoding=\"async\" title=\"\" src=\"\/wp-content\/uploads\/kofinas\/en_photos\/logos\/flxhm.png\"> <strong>se entrega listo<\/strong> pintado de f\u00e1brica y con todos los marcos instalados!<\/p>\n<p style=\"text-align: justify;\">Porque el <img decoding=\"async\" title=\"\" src=\"\/wp-content\/uploads\/kofinas\/en_photos\/logos\/flxhm.png\"> combina el <strong>tecnolog\u00eda de construcci\u00f3n de f\u00e1brica<\/strong> y el <strong>calidad certificada de las materias primas<\/strong> de Kofinas SA con la <strong>construcci\u00f3n ecol\u00f3gica y verde<\/strong>!<\/p>\n<p style=\"text-align: justify;\">Porque el <img decoding=\"async\" title=\"\" src=\"\/wp-content\/uploads\/kofinas\/en_photos\/logos\/flxhm.png\"> te ofrece la posibilidad de <strong>el\u00edgete a ti mismo<\/strong> la etapa de entrega del producto (versi\u00f3n simple, b\u00e1sica o completa)!<\/p>\n<p style=\"text-align: justify;\">Porque el <img decoding=\"async\" title=\"\" src=\"\/wp-content\/uploads\/kofinas\/en_photos\/logos\/flxhm.png\"> , sin ning\u00fan descuento de calidad, forma un <strong>soluci\u00f3n muy econ\u00f3mica<\/strong> para el mercado europeo!<\/p>\n<hr>\n<p>&nbsp;<\/p>\n<h3><img decoding=\"async\" title=\"\" src=\"\/wp-content\/uploads\/kofinas\/en_photos\/logos\/flxhm.png\"> durabilidad...<\/h3>\n<p style=\"text-align: justify;\">Todos los elementos constructivos que han sido destacados tras a\u00f1os de investigaci\u00f3n y m\u00faltiples pruebas experimentales por parte de Kofinas SA, se combinan con el mejor sistema de revestimiento exterior en t\u00e9rminos de calidad y durabilidad: el <img decoding=\"async\" title=\"\" src=\"\/wp-content\/uploads\/kofinas\/en_photos\/logos\/logocanexel.png\"> .<\/p>\n<p style=\"text-align: justify;\">los <img decoding=\"async\" title=\"\" src=\"\/wp-content\/uploads\/kofinas\/en_photos\/logos\/logocanexel.png\"> el revestimiento tiene <strong>todas las ventajas de la madera<\/strong>, como la f\u00e1cil instalaci\u00f3n y el aislamiento, sin las desventajas como la deformaci\u00f3n, la absorci\u00f3n de humedad y el desgaste de los bordes.<\/p>\n<p style=\"text-align: justify;\">Adem\u00e1s, el <img decoding=\"async\" title=\"\" src=\"\/wp-content\/uploads\/kofinas\/en_photos\/logos\/logocanexel.png\"> es producido por la f\u00e1brica canadiense de LP con un recubrimiento de color muy duradero, que es <strong>aplicado en la f\u00e1brica<\/strong> seg\u00fan su elecci\u00f3n de la paleta de la empresa y no requiere ning\u00fan tratamiento posterior!<\/p>\n<p><img fetchpriority=\"high\" decoding=\"async\" class=\"aligncenter size-full wp-image-3416\" title=\"\" src=\"\/wp-content\/uploads\/kofinas\/en_photos\/prokat-info\/Flexyhome-Canexel.jpg\" alt=\"\" width=\"970\" height=\"485\"><\/p>\n<hr>\n<p>&nbsp;<\/p>\n<h3><img decoding=\"async\" title=\"\" src=\"\/wp-content\/uploads\/kofinas\/en_photos\/logos\/flxhm.png\"> calidad\u2026<\/h3>\n<p style=\"text-align: justify;\">A partir de la <strong>marco de madera sueco<\/strong> hasta el <strong>\u00faltimo enlace<\/strong>, la <img decoding=\"async\" title=\"\" src=\"\/wp-content\/uploads\/kofinas\/en_photos\/logos\/flxhm.png\"> la construcci\u00f3n se compone de las mejores materias primas del mercado mundial. Una prueba de la <img decoding=\"async\" title=\"\" src=\"\/wp-content\/uploads\/kofinas\/en_photos\/logos\/flxhm.png\"> la calidad son <strong>las certificaciones y las garant\u00edas<\/strong> eso viene con eso!<\/p>\n<hr>\n<p><center><\/p>\n<h3>\u00bfPor qu\u00e9 son una soluci\u00f3n realmente econ\u00f3mica?<\/h3>\n<p style=\"text-align: justify;\">Porque <img decoding=\"async\" title=\"\" src=\"\/wp-content\/uploads\/kofinas\/en_photos\/logos\/koflogo.png\"> empresa:<\/p>\n<p style=\"text-align: justify;\"><strong>\u2022 ha formado sociedades exclusivas <\/strong>para materiales como el revestimiento CanExel y la madera planificada sueca, lo que result\u00f3 en mejores precios<\/p>\n<p style=\"text-align: justify;\"><strong>\u2022 importa grandes cantidades <\/strong>de materias primas, bajando el costo a\u00fan m\u00e1s<\/p>\n<p style=\"text-align: justify;\"><strong>\u2022 ahorra horas de trabajo<\/strong> ofreciendo la mamposter\u00eda lista \u2013 hecha de f\u00e1brica, con pintura industrial y marcos instalados<\/p>\n<p style=\"text-align: justify;\"><strong>\u2022 produce masivamente<\/strong> las casas en la f\u00e1brica, reduciendo el costo de producci\u00f3n<\/p>\n<p style=\"text-align: justify;\"><strong>De esta forma y sin p\u00e9rdidas de calidad, la empresa puede ofrecer la <img decoding=\"async\" title=\"\" src=\"\/wp-content\/uploads\/kofinas\/en_photos\/logos\/flxhm.png\"> modelos con un precio muy econ\u00f3mico.<\/strong><\/p>\n<p>&nbsp;<\/p>\n<p><\/center><\/p>","protected":false},"excerpt":{"rendered":"<p>\u00bfPor qu\u00e9 deber\u00eda elegir una? \u00a1Porque se entrega listo, pintado de f\u00e1brica y con todos los marcos instalados! \u00a1Porque combina la tecnolog\u00eda de construcci\u00f3n de f\u00e1brica y la calidad certificada de las materias primas de Kofinas SA con la construcci\u00f3n ecol\u00f3gica y verde! Porque el te ofrece la posibilidad de seleccionar t\u00fa mismo el [...]<\/p>","protected":false},"author":3,"featured_media":14367,"parent":7547,"menu_order":1,"comment_status":"closed","ping_status":"closed","template":"","meta":{"_acf_changed":false,"footnotes":""},"class_list":["post-7552","page","type-page","status-publish","has-post-thumbnail","hentry"],"acf":[],"yoast_head":"<!-- This site is optimized with the Yoast SEO Premium plugin v26.6 (Yoast SEO v26.6) - https:\/\/yoast.com\/wordpress\/plugins\/seo\/ -->\n<title>Why choose a Flexyhome - Advantages | \u039a\u03bf\u03c6\u03b9\u03bd\u03ac\u03c2 \u03a0\u03c1\u03bf\u03ba\u03b1\u03c4\u03b1\u03c3\u03ba\u03b5\u03c5\u03b1\u03c3\u03bc\u03ad\u03bd\u03b1 \u03c3\u03c0\u03af\u03c4\u03b9\u03b1 - \u03a0\u03c1\u03bf\u03ba\u03ac\u03c4<\/title>\n<meta name=\"description\" content=\"Flexyhome: a prefabricated construction that corresponds to all of your needs. Exclusive product of Kofinas company, in accordance with our NTUA tests.\" \/>\n<meta name=\"robots\" content=\"index, follow, max-snippet:-1, max-image-preview:large, max-video-preview:-1\" \/>\n<link rel=\"canonical\" href=\"https:\/\/www.kofinas.gr\/es\/flexyhome\/por-que-una-casa-flexible-de-kofinas\/por-que-elegir-un-flexyhome\/\" \/>\n<meta property=\"og:locale\" content=\"es_ES\" \/>\n<meta property=\"og:type\" content=\"article\" \/>\n<meta property=\"og:title\" content=\"Why choose a Flexyhome - Advantages\" \/>\n<meta property=\"og:description\" content=\"Flexyhome: a prefabricated construction that corresponds to all of your needs. Exclusive product of Kofinas company, in accordance with our NTUA tests.\" \/>\n<meta property=\"og:url\" content=\"https:\/\/www.kofinas.gr\/es\/flexyhome\/por-que-una-casa-flexible-de-kofinas\/por-que-elegir-un-flexyhome\/\" \/>\n<meta property=\"og:site_name\" content=\"\u039a\u03bf\u03c6\u03b9\u03bd\u03ac\u03c2 \u03a0\u03c1\u03bf\u03ba\u03b1\u03c4\u03b1\u03c3\u03ba\u03b5\u03c5\u03b1\u03c3\u03bc\u03ad\u03bd\u03b1 \u03c3\u03c0\u03af\u03c4\u03b9\u03b1 - \u03a0\u03c1\u03bf\u03ba\u03ac\u03c4\" \/>\n<meta property=\"article:publisher\" content=\"https:\/\/www.facebook.com\/kofinas.prokataskevasmena\" \/>\n<meta property=\"article:modified_time\" content=\"2020-03-15T11:17:27+00:00\" \/>\n<meta property=\"og:image\" content=\"https:\/\/www.kofinas.gr\/wp-content\/uploads\/shutterstock_317134730-min-scaled.jpg\" \/>\n\t<meta property=\"og:image:width\" content=\"2560\" \/>\n\t<meta property=\"og:image:height\" content=\"1600\" \/>\n\t<meta property=\"og:image:type\" content=\"image\/jpeg\" \/>\n<meta name=\"twitter:card\" content=\"summary_large_image\" \/>\n<meta name=\"twitter:site\" content=\"@kofinas_prokat\" \/>\n<meta name=\"twitter:label1\" content=\"Tiempo de lectura\" \/>\n\t<meta name=\"twitter:data1\" content=\"2 minutos\" \/>\n<script type=\"application\/ld+json\" class=\"yoast-schema-graph\">{\"@context\":\"https:\/\/schema.org\",\"@graph\":[{\"@type\":\"WebPage\",\"@id\":\"https:\/\/www.kofinas.gr\/flexyhome\/why-a-flexy-kofinas-house\/why-choose-a-flexyhome\/\",\"url\":\"https:\/\/www.kofinas.gr\/flexyhome\/why-a-flexy-kofinas-house\/why-choose-a-flexyhome\/\",\"name\":\"Why choose a Flexyhome - Advantages | \u039a\u03bf\u03c6\u03b9\u03bd\u03ac\u03c2 \u03a0\u03c1\u03bf\u03ba\u03b1\u03c4\u03b1\u03c3\u03ba\u03b5\u03c5\u03b1\u03c3\u03bc\u03ad\u03bd\u03b1 \u03c3\u03c0\u03af\u03c4\u03b9\u03b1 - \u03a0\u03c1\u03bf\u03ba\u03ac\u03c4\",\"isPartOf\":{\"@id\":\"https:\/\/www.kofinas.gr\/#website\"},\"primaryImageOfPage\":{\"@id\":\"https:\/\/www.kofinas.gr\/flexyhome\/why-a-flexy-kofinas-house\/why-choose-a-flexyhome\/#primaryimage\"},\"image\":{\"@id\":\"https:\/\/www.kofinas.gr\/flexyhome\/why-a-flexy-kofinas-house\/why-choose-a-flexyhome\/#primaryimage\"},\"thumbnailUrl\":\"https:\/\/www.kofinas.gr\/wp-content\/uploads\/shutterstock_317134730-min-scaled.jpg\",\"datePublished\":\"2016-08-05T15:15:10+00:00\",\"dateModified\":\"2020-03-15T11:17:27+00:00\",\"description\":\"Flexyhome: a prefabricated construction that corresponds to all of your needs. Exclusive product of Kofinas company, in accordance with our NTUA tests.\",\"breadcrumb\":{\"@id\":\"https:\/\/www.kofinas.gr\/flexyhome\/why-a-flexy-kofinas-house\/why-choose-a-flexyhome\/#breadcrumb\"},\"inLanguage\":\"es\",\"potentialAction\":[{\"@type\":\"ReadAction\",\"target\":[\"https:\/\/www.kofinas.gr\/flexyhome\/why-a-flexy-kofinas-house\/why-choose-a-flexyhome\/\"]}]},{\"@type\":\"ImageObject\",\"inLanguage\":\"es\",\"@id\":\"https:\/\/www.kofinas.gr\/flexyhome\/why-a-flexy-kofinas-house\/why-choose-a-flexyhome\/#primaryimage\",\"url\":\"https:\/\/www.kofinas.gr\/wp-content\/uploads\/shutterstock_317134730-min-scaled.jpg\",\"contentUrl\":\"https:\/\/www.kofinas.gr\/wp-content\/uploads\/shutterstock_317134730-min-scaled.jpg\",\"width\":2560,\"height\":1600},{\"@type\":\"BreadcrumbList\",\"@id\":\"https:\/\/www.kofinas.gr\/flexyhome\/why-a-flexy-kofinas-house\/why-choose-a-flexyhome\/#breadcrumb\",\"itemListElement\":[{\"@type\":\"ListItem\",\"position\":1,\"name\":\"Home\",\"item\":\"https:\/\/www.kofinas.gr\/\"},{\"@type\":\"ListItem\",\"position\":2,\"name\":\"FlexyHome \u039a\u03b1\u03c4\u03bf\u03b9\u03ba\u03af\u03b5\u03c2\",\"item\":\"https:\/\/www.kofinas.gr\/den\/flexyhome\/\"},{\"@type\":\"ListItem\",\"position\":3,\"name\":\"Why Flexyhome Kofinas\",\"item\":\"https:\/\/www.kofinas.gr\/flexyhome\/why-a-flexy-kofinas-house\/\"},{\"@type\":\"ListItem\",\"position\":4,\"name\":\"Why choose a Flexyhome &#8211; Advantages\"}]},{\"@type\":\"WebSite\",\"@id\":\"https:\/\/www.kofinas.gr\/#website\",\"url\":\"https:\/\/www.kofinas.gr\/\",\"name\":\"\u039a\u03bf\u03c6\u03b9\u03bd\u03ac\u03c2 \u03a0\u03c1\u03bf\u03ba\u03b1\u03c4\u03b1\u03c3\u03ba\u03b5\u03c5\u03b1\u03c3\u03bc\u03ad\u03bd\u03b1 \u03c3\u03c0\u03af\u03c4\u03b9\u03b1 - \u03a0\u03c1\u03bf\u03ba\u03ac\u03c4\",\"description\":\"\u039a\u03b1\u03c4\u03b1\u03c3\u03ba\u03b5\u03c5\u03ac\u03b6\u03bf\u03c5\u03bc\u03b5 \u03c4\u03bf \u03c3\u03c0\u03af\u03c4\u03b9 \u03c3\u03b1\u03c2 \u03c3\u03c4\u03b7\u03bd \u03b5\u03bb\u03bb\u03ac\u03b4\u03b1 \u03ba\u03b1\u03b9 \u03bf\u03c0\u03bf\u03c5\u03b4\u03ae\u03c0\u03bf\u03c4\u03b5 \u03c3\u03c4\u03b7\u03bd \u0395\u03c5\u03c1\u03ce\u03c0\u03b7!\",\"publisher\":{\"@id\":\"https:\/\/www.kofinas.gr\/#organization\"},\"alternateName\":\"\u039a\u039f\u03a6\u0399\u039d\u0391\u03a3 \u03a0\u03c1\u03bf\u03ba\u03b1\u03c4\u03b1\u03c3\u03ba\u03b5\u03c5\u03b1\u03c3\u03bc\u03ad\u03bd\u03b1 \u03a3\u03c0\u03af\u03c4\u03b9\u03b1 \u03ba\u03b1\u03b9 \u03a4\u03bf\u03c5\u03c1\u03b9\u03c3\u03c4\u03b9\u03ba\u03ac \u039a\u03b1\u03c4\u03b1\u03bb\u03cd\u03bc\u03b1\u03c4\u03b1\",\"potentialAction\":[{\"@type\":\"SearchAction\",\"target\":{\"@type\":\"EntryPoint\",\"urlTemplate\":\"https:\/\/www.kofinas.gr\/?s={search_term_string}\"},\"query-input\":{\"@type\":\"PropertyValueSpecification\",\"valueRequired\":true,\"valueName\":\"search_term_string\"}}],\"inLanguage\":\"es\"},{\"@type\":\"Organization\",\"@id\":\"https:\/\/www.kofinas.gr\/#organization\",\"name\":\"Kofinas SA\",\"alternateName\":\"Construction Company that constuct Prefabricated houses\",\"url\":\"https:\/\/www.kofinas.gr\/\",\"logo\":{\"@type\":\"ImageObject\",\"inLanguage\":\"es\",\"@id\":\"https:\/\/www.kofinas.gr\/#\/schema\/logo\/image\/\",\"url\":\"https:\/\/www.kofinas.gr\/wp-content\/uploads\/2025\/03\/360new-logo-25.gif\",\"contentUrl\":\"https:\/\/www.kofinas.gr\/wp-content\/uploads\/2025\/03\/360new-logo-25.gif\",\"width\":230,\"height\":70,\"caption\":\"Kofinas SA\"},\"image\":{\"@id\":\"https:\/\/www.kofinas.gr\/#\/schema\/logo\/image\/\"},\"sameAs\":[\"https:\/\/www.facebook.com\/kofinas.prokataskevasmena\",\"https:\/\/x.com\/kofinas_prokat\",\"https:\/\/www.linkedin.com\/company\/kofinas-sa\",\"https:\/\/www.instagram.com\/kofinasprefab\/\",\"https:\/\/www.youtube.com\/channel\/UCEAifY31SuyQHHz_I3P4IVg\"],\"description\":\"KOFINAS SA \u2013 Prefabricated Homes Founded Legacy & Innovation Established in 1977, KOFINAS SA has grown into one of Greece\u2019s leading firms in the prefabricated housing sector. Their philosophy underscores continuous innovation\u2014they don't aim to build more homes, but to build better homes Strength & Certification The company's unique construction system has undergone rigorous experimental testing at the National Technical University of Athens, proving its durability well beyond natural endurance limits. Innovations introduced by KOFINAS are internationally recognized and certified. Sustainability & Eco Friendly Building KOFINAS uses Swedish and Finnish timber as its primary construction material, achieving a notably low carbon footprint: replacing conventional materials with wood reduces carbon dioxide emissions by 1.1 tons per cubic meter. In collaboration with Nordic sawmills, for every tree harvested, three to five new trees are planted, resulting in a negative carbon footprint. Additionally, their homes feature bioclimatic design and achieve energy consumption reductions of 75%\u201380% compared to conventional buildings\u2014often earning them energy efficiency A certificates. Advanced Production Facilities KOFINAS operates a modern factory, built to European standards, with ISO 14001 certification\u2014ensuring top-tier quality and environmental management in prefabricated housing production. Wide Range of Custom Designs Their catalog includes single , two , and three story homes, ground floor units with lofts, passive houses, and tourist accommodations. They also offer the \u201cFlexyHome\u201d series and Finnlamelli Finnish log houses, providing versatility to meet diverse aesthetic and functional needs. Experienced Team & Nationwide Network KOFINAS boasts a skilled, multidisciplinary team\u2014including civil and architectural engineers\u2014who oversee design, permit processing, and project implementation with a 100% success rate. The company has built a robust sales and distribution network\",\"email\":\"info@kofinas.gr\",\"telephone\":\"00302106081307\",\"legalName\":\"KOFINAS SA\",\"foundingDate\":\"1977-03-07\",\"vatID\":\"EL081136701\",\"duns\":\"503265836\",\"numberOfEmployees\":{\"@type\":\"QuantitativeValue\",\"minValue\":\"11\",\"maxValue\":\"50\"},\"publishingPrinciples\":\"https:\/\/www.kofinas.gr\/%cf%80%ce%bf%ce%bb%ce%b9%cf%84%ce%b9%ce%ba%ce%ae-%ce%b5%cf%84%ce%b1%ce%b9%cf%81%ce%af%ce%b1%cf%82-%ce%ba%ce%bf%cf%86%ce%b9%ce%bd%ce%b1%cf%83-%ce%b1%ce%b5\/\",\"ownershipFundingInfo\":\"https:\/\/www.kofinas.gr\/%ce%b5%cf%84%ce%b1%ce%b9%cf%81%ce%af%ce%b1\/\",\"actionableFeedbackPolicy\":\"https:\/\/www.kofinas.gr\/prosopika-dedomena\/\"}]}<\/script>\n<!-- \/ Yoast SEO Premium plugin. -->","yoast_head_json":{"title":"Por qu\u00e9 elegir Flexyhome - Ventajas | Casas prefabricadas Kofinas - Prefabricados","description":"Flexyhome: una construcci\u00f3n prefabricada que se adapta a todas sus necesidades. Producto exclusivo de la empresa Kofinas, conforme a nuestras pruebas NTUA.","robots":{"index":"index","follow":"follow","max-snippet":"max-snippet:-1","max-image-preview":"max-image-preview:large","max-video-preview":"max-video-preview:-1"},"canonical":"https:\/\/www.kofinas.gr\/es\/flexyhome\/por-que-una-casa-flexible-de-kofinas\/por-que-elegir-un-flexyhome\/","og_locale":"es_ES","og_type":"article","og_title":"Why choose a Flexyhome - Advantages","og_description":"Flexyhome: a prefabricated construction that corresponds to all of your needs. Exclusive product of Kofinas company, in accordance with our NTUA tests.","og_url":"https:\/\/www.kofinas.gr\/es\/flexyhome\/por-que-una-casa-flexible-de-kofinas\/por-que-elegir-un-flexyhome\/","og_site_name":"\u039a\u03bf\u03c6\u03b9\u03bd\u03ac\u03c2 \u03a0\u03c1\u03bf\u03ba\u03b1\u03c4\u03b1\u03c3\u03ba\u03b5\u03c5\u03b1\u03c3\u03bc\u03ad\u03bd\u03b1 \u03c3\u03c0\u03af\u03c4\u03b9\u03b1 - \u03a0\u03c1\u03bf\u03ba\u03ac\u03c4","article_publisher":"https:\/\/www.facebook.com\/kofinas.prokataskevasmena","article_modified_time":"2020-03-15T11:17:27+00:00","og_image":[{"width":2560,"height":1600,"url":"https:\/\/www.kofinas.gr\/wp-content\/uploads\/shutterstock_317134730-min-scaled.jpg","type":"image\/jpeg"}],"twitter_card":"summary_large_image","twitter_site":"@kofinas_prokat","twitter_misc":{"Tiempo de lectura":"2 minutos"},"schema":{"@context":"https:\/\/schema.org","@graph":[{"@type":"WebPage","@id":"https:\/\/www.kofinas.gr\/flexyhome\/why-a-flexy-kofinas-house\/why-choose-a-flexyhome\/","url":"https:\/\/www.kofinas.gr\/flexyhome\/why-a-flexy-kofinas-house\/why-choose-a-flexyhome\/","name":"Por qu\u00e9 elegir Flexyhome - Ventajas | Casas prefabricadas Kofinas - Prefabricados","isPartOf":{"@id":"https:\/\/www.kofinas.gr\/#website"},"primaryImageOfPage":{"@id":"https:\/\/www.kofinas.gr\/flexyhome\/why-a-flexy-kofinas-house\/why-choose-a-flexyhome\/#primaryimage"},"image":{"@id":"https:\/\/www.kofinas.gr\/flexyhome\/why-a-flexy-kofinas-house\/why-choose-a-flexyhome\/#primaryimage"},"thumbnailUrl":"https:\/\/www.kofinas.gr\/wp-content\/uploads\/shutterstock_317134730-min-scaled.jpg","datePublished":"2016-08-05T15:15:10+00:00","dateModified":"2020-03-15T11:17:27+00:00","description":"Flexyhome: una construcci\u00f3n prefabricada que se adapta a todas sus necesidades. Producto exclusivo de la empresa Kofinas, conforme a nuestras pruebas NTUA.","breadcrumb":{"@id":"https:\/\/www.kofinas.gr\/flexyhome\/why-a-flexy-kofinas-house\/why-choose-a-flexyhome\/#breadcrumb"},"inLanguage":"es","potentialAction":[{"@type":"ReadAction","target":["https:\/\/www.kofinas.gr\/flexyhome\/why-a-flexy-kofinas-house\/why-choose-a-flexyhome\/"]}]},{"@type":"ImageObject","inLanguage":"es","@id":"https:\/\/www.kofinas.gr\/flexyhome\/why-a-flexy-kofinas-house\/why-choose-a-flexyhome\/#primaryimage","url":"https:\/\/www.kofinas.gr\/wp-content\/uploads\/shutterstock_317134730-min-scaled.jpg","contentUrl":"https:\/\/www.kofinas.gr\/wp-content\/uploads\/shutterstock_317134730-min-scaled.jpg","width":2560,"height":1600},{"@type":"BreadcrumbList","@id":"https:\/\/www.kofinas.gr\/flexyhome\/why-a-flexy-kofinas-house\/why-choose-a-flexyhome\/#breadcrumb","itemListElement":[{"@type":"ListItem","position":1,"name":"Home","item":"https:\/\/www.kofinas.gr\/"},{"@type":"ListItem","position":2,"name":"FlexyHome \u039a\u03b1\u03c4\u03bf\u03b9\u03ba\u03af\u03b5\u03c2","item":"https:\/\/www.kofinas.gr\/den\/flexyhome\/"},{"@type":"ListItem","position":3,"name":"Why Flexyhome Kofinas","item":"https:\/\/www.kofinas.gr\/flexyhome\/why-a-flexy-kofinas-house\/"},{"@type":"ListItem","position":4,"name":"Why choose a Flexyhome &#8211; Advantages"}]},{"@type":"WebSite","@id":"https:\/\/www.kofinas.gr\/#website","url":"https:\/\/www.kofinas.gr\/","name":"Kofinas Casas prefabricadas - Prefabricadas","description":"\u00a1Construimos tu casa en Grecia y en cualquier lugar de Europa!","publisher":{"@id":"https:\/\/www.kofinas.gr\/#organization"},"alternateName":"\u039a\u039f\u03a6\u0399\u039d\u0391\u03a3 \u03a0\u03c1\u03bf\u03ba\u03b1\u03c4\u03b1\u03c3\u03ba\u03b5\u03c5\u03b1\u03c3\u03bc\u03ad\u03bd\u03b1 \u03a3\u03c0\u03af\u03c4\u03b9\u03b1 \u03ba\u03b1\u03b9 \u03a4\u03bf\u03c5\u03c1\u03b9\u03c3\u03c4\u03b9\u03ba\u03ac \u039a\u03b1\u03c4\u03b1\u03bb\u03cd\u03bc\u03b1\u03c4\u03b1","potentialAction":[{"@type":"SearchAction","target":{"@type":"EntryPoint","urlTemplate":"https:\/\/www.kofinas.gr\/?s={search_term_string}"},"query-input":{"@type":"PropertyValueSpecification","valueRequired":true,"valueName":"search_term_string"}}],"inLanguage":"es"},{"@type":"Organization","@id":"https:\/\/www.kofinas.gr\/#organization","name":"Kofinas SA","alternateName":"Construction Company that constuct Prefabricated houses","url":"https:\/\/www.kofinas.gr\/","logo":{"@type":"ImageObject","inLanguage":"es","@id":"https:\/\/www.kofinas.gr\/#\/schema\/logo\/image\/","url":"https:\/\/www.kofinas.gr\/wp-content\/uploads\/2025\/03\/360new-logo-25.gif","contentUrl":"https:\/\/www.kofinas.gr\/wp-content\/uploads\/2025\/03\/360new-logo-25.gif","width":230,"height":70,"caption":"Kofinas SA"},"image":{"@id":"https:\/\/www.kofinas.gr\/#\/schema\/logo\/image\/"},"sameAs":["https:\/\/www.facebook.com\/kofinas.prokataskevasmena","https:\/\/x.com\/kofinas_prokat","https:\/\/www.linkedin.com\/company\/kofinas-sa","https:\/\/www.instagram.com\/kofinasprefab\/","https:\/\/www.youtube.com\/channel\/UCEAifY31SuyQHHz_I3P4IVg"],"description":"KOFINAS SA \u2013 Casas prefabricadas Legado e innovaci\u00f3n Fundada en 1977, KOFINAS SA se ha convertido en una de las empresas l\u00edderes de Grecia en el sector de las casas prefabricadas. Su filosof\u00eda subraya la innovaci\u00f3n continua: no pretenden construir m\u00e1s casas, sino construir mejores casas. Resistencia y certificaci\u00f3n El sistema de construcci\u00f3n \u00fanico de la empresa se ha sometido a rigurosas pruebas experimentales en la Universidad T\u00e9cnica Nacional de Atenas, lo que demuestra su durabilidad mucho m\u00e1s all\u00e1 de los l\u00edmites de resistencia natural. Las innovaciones introducidas por KOFINAS son reconocidas y certificadas internacionalmente. Sostenibilidad y construcci\u00f3n ecol\u00f3gica KOFINAS utiliza madera sueca y finlandesa como su principal material de construcci\u00f3n, logrando una huella de carbono notablemente baja: reemplazar los materiales convencionales con madera reduce las emisiones de di\u00f3xido de carbono en 1,1 toneladas por metro c\u00fabico. En colaboraci\u00f3n con aserraderos n\u00f3rdicos, por cada \u00e1rbol talado, se plantan de tres a cinco \u00e1rboles nuevos, lo que resulta en una huella de carbono negativa. Adem\u00e1s, sus casas cuentan con un dise\u00f1o bioclim\u00e1tico y logran reducciones de consumo energ\u00e9tico de 75%\u201380% en comparaci\u00f3n con los edificios convencionales, lo que a menudo les otorga certificados de eficiencia energ\u00e9tica A. Instalaciones de producci\u00f3n avanzadas KOFINAS opera una f\u00e1brica moderna, construida seg\u00fan los est\u00e1ndares europeos, con certificaci\u00f3n ISO 14001, lo que garantiza una calidad y una gesti\u00f3n ambiental de primer nivel en la producci\u00f3n de viviendas prefabricadas. Amplia gama de dise\u00f1os personalizados Su cat\u00e1logo incluye casas de una, dos y tres plantas, unidades de planta baja con lofts, casas pasivas y alojamientos tur\u00edsticos. Tambi\u00e9n ofrecen la serie &quot;FlexyHome&quot; y las casas de troncos finlandeses Finnlamelli, que brindan versatilidad para satisfacer diversas necesidades est\u00e9ticas y funcionales. Equipo experimentado y red nacional KOFINAS cuenta con un equipo cualificado y multidisciplinario, que incluye ingenieros civiles y arquitectos, que supervisan el dise\u00f1o, la tramitaci\u00f3n de permisos y la implementaci\u00f3n del proyecto con una tasa de \u00e9xito de 100%. La empresa ha construido una s\u00f3lida red de ventas y distribuci\u00f3n.","email":"info@kofinas.gr","telephone":"00302106081307","legalName":"KOFINAS SA","foundingDate":"1977-03-07","vatID":"EL081136701","duns":"503265836","numberOfEmployees":{"@type":"QuantitativeValue","minValue":"11","maxValue":"50"},"publishingPrinciples":"https:\/\/www.kofinas.gr\/%cf%80%ce%bf%ce%bb%ce%b9%cf%84%ce%b9%ce%ba%ce%ae-%ce%b5%cf%84%ce%b1%ce%b9%cf%81%ce%af%ce%b1%cf%82-%ce%ba%ce%bf%cf%86%ce%b9%ce%bd%ce%b1%cf%83-%ce%b1%ce%b5\/","ownershipFundingInfo":"https:\/\/www.kofinas.gr\/%ce%b5%cf%84%ce%b1%ce%b9%cf%81%ce%af%ce%b1\/","actionableFeedbackPolicy":"https:\/\/www.kofinas.gr\/prosopika-dedomena\/"}]}},"_links":{"self":[{"href":"https:\/\/www.kofinas.gr\/es\/wp-json\/wp\/v2\/pages\/7552","targetHints":{"allow":["GET"]}}],"collection":[{"href":"https:\/\/www.kofinas.gr\/es\/wp-json\/wp\/v2\/pages"}],"about":[{"href":"https:\/\/www.kofinas.gr\/es\/wp-json\/wp\/v2\/types\/page"}],"author":[{"embeddable":true,"href":"https:\/\/www.kofinas.gr\/es\/wp-json\/wp\/v2\/users\/3"}],"replies":[{"embeddable":true,"href":"https:\/\/www.kofinas.gr\/es\/wp-json\/wp\/v2\/comments?post=7552"}],"version-history":[{"count":0,"href":"https:\/\/www.kofinas.gr\/es\/wp-json\/wp\/v2\/pages\/7552\/revisions"}],"up":[{"embeddable":true,"href":"https:\/\/www.kofinas.gr\/es\/wp-json\/wp\/v2\/pages\/7547"}],"wp:featuredmedia":[{"embeddable":true,"href":"https:\/\/www.kofinas.gr\/es\/wp-json\/wp\/v2\/media\/14367"}],"wp:attachment":[{"href":"https:\/\/www.kofinas.gr\/es\/wp-json\/wp\/v2\/media?parent=7552"}],"curies":[{"name":"gracias","href":"https:\/\/api.w.org\/{rel}","templated":true}]}}