{"id":36550,"date":"2018-05-24T13:02:12","date_gmt":"2018-05-24T11:02:12","guid":{"rendered":"https:\/\/www.kofinas.gr\/prosopika-dedomena\/"},"modified":"2022-03-23T11:05:23","modified_gmt":"2022-03-23T09:05:23","slug":"politica-de-privacidad-rgpd","status":"publish","type":"page","link":"https:\/\/www.kofinas.gr\/es\/politica-de-privacidad-rgpd\/","title":{"rendered":"Pol\u00edtica de privacidad (RGPD)"},"content":{"rendered":"<p>Estos t\u00e9rminos de uso regulan los derechos y obligaciones con respecto al uso del sitio web ubicado en www.kofinas.gr.<\/p>\n\n\n\n<p>El sitio web www.kofinas.gr (en adelante, el &quot;Sitio web&quot;) fue dise\u00f1ado, desarrollado y pertenece a KOFINAS SA, con sede en Agia Paraskevi, Atenas, en Mesogeion Avenue no. 519, con N\u00famero de Identificaci\u00f3n Fiscal 081136701, Oficina de Impuestos ATENAS y con No. GEMI 001290201000 (en adelante \u201cla Compa\u00f1\u00eda\u201d).<\/p>\n\n\n\n<p>El uso del sitio web se rige por estos t\u00e9rminos y condiciones, que los usuarios deben leer y cumplir. El uso del Sitio Web implica la aceptaci\u00f3n incondicional de estos t\u00e9rminos y condiciones.<\/p>\n\n\n\n<p>PROHIBICI\u00d3N DE REPUBLICACI\u00d3N<\/p>\n\n\n\n<p>Los derechos de autor del contenido de este sitio web, incluyendo, sin limitaci\u00f3n, todos los documentos, archivos, textos, im\u00e1genes, videos, gr\u00e1ficos, componentes y c\u00f3digo contenidos en el mismo as\u00ed como la imagen general del sitio web, son propiedad intelectual e industrial de este sitio web a menos que se especifique lo contrario y est\u00e9 protegido por las disposiciones pertinentes del derecho griego, comunitario e internacional.<\/p>\n\n\n\n<p>Los logotipos del sitio web, as\u00ed como las marcas registradas, no pueden utilizarse ni reproducirse sin el consentimiento previo por escrito de la empresa.<\/p>\n\n\n\n<p>A menos que se especifique lo contrario, la copia con fines comerciales, la modificaci\u00f3n o la reproducci\u00f3n de parte o la totalidad del contenido de este sitio web en cualquier forma, en base a \u00e9l y\/o su contenido, o la integraci\u00f3n en otros sitios web, de la recuperaci\u00f3n de sistemas electr\u00f3nicos, es prohibido. No se puede incluir ning\u00fan enlace a este sitio web en ning\u00fan otro sitio web sin la aprobaci\u00f3n previa por escrito de la empresa.<\/p>\n\n\n\n<p>El usuario acepta y se compromete a no utilizar el sitio web para lo siguiente:<\/p>\n\n\n\n<ul class=\"wp-block-list\"><li>Publicar, publicar o transmitir de cualquier forma cualquier contenido que sea o pueda ser considerado por cualquier motivo inmoral (ofende la buena moral, los valores sociales, las minor\u00edas, etc.) o ilegal o, en general, ofenda, perjudique o perjudique a la empresa, o a cualquier terceros y sus bienes jur\u00eddicos,<\/li><li>Enviar, publicar o transmitir de cualquier forma cualquier contenido que los usuarios no tengan derecho a transmitir de acuerdo con la ley o los contratos aplicables (como informaci\u00f3n privilegiada, propiedad e informaci\u00f3n confidencial adquirida o divulgada como parte de una relaci\u00f3n laboral o cubierta por acuerdos confidenciales ), y cualquier contenido que infrinja cualquier patente, marca comercial, secreto comercial, derecho de autor u otro derecho de propiedad del software o que contenga software malicioso con el prop\u00f3sito de interrumpir, da\u00f1ar, destruir o equipar el funcionamiento de cualquier software o software inform\u00e1tico,<\/li><li>Cualquier otra violaci\u00f3n intencional o no intencional de la ley aplicable,<\/li><li>Cualquier recopilaci\u00f3n o almacenamiento de datos personales sobre otros usuarios.<\/li><\/ul>\n\n\n\n<p>Sin perjuicio de cualquier otro derecho de la empresa, cualquier uso contrario a lo anterior puede dar lugar a la terminaci\u00f3n de los servicios prestados sin previo aviso. El usuario acepta que la empresa no es responsable del incumplimiento de las obligaciones anteriores por parte del usuario.<\/p>\n\n\n\n<p>Precios<\/p>\n\n\n\n<ul class=\"wp-block-list\"><li>Los precios de los productos que figuran en la Lista de Precios de Prefabricados y en la Lista de Flexyhome son en euros y no incluyen Base, IVA Y Env\u00edo.<\/li><li>La Empresa tiene el derecho y el usuario del Sitio Web lo acepta, a configurar libremente los precios de los productos y servicios, en cualquier momento y sin previo aviso a los usuarios del Sitio Web, quienes ser\u00e1n informados del precio vigente por el Sitio Web. Si bien nos aseguramos de que todos los detalles, descripciones y precios que se muestran en este sitio web sean precisos, pueden ocurrir errores.<\/li><\/ul>\n\n\n\n<p>PRIVACIDAD<\/p>\n\n\n\n<p>\u00bfCu\u00e1ndo se utilizan sus datos personales?<\/p>\n\n\n\n<p>Suscr\u00edbase al bolet\u00edn y env\u00ede actualizaciones: Para suscribirse a los boletines y enviar la actualizaci\u00f3n, debe proporcionarnos su direcci\u00f3n de correo electr\u00f3nico (email). Con tu registro y el consentimiento correspondiente, podr\u00e1s disfrutar de todas nuestras actualizaciones.<\/p>\n\n\n\n<p>Formas en que podemos contactarlo:<\/p>\n\n\n\n<p>1) Correo electr\u00f3nico<\/p>\n\n\n\n<p>2) Correspondencia convencional<\/p>\n\n\n\n<p>3) Publicidad electr\u00f3nica personalizada<\/p>\n\n\n\n<p>Datos personales recopilados:<\/p>\n\n\n\n<ul class=\"wp-block-list\"><li>Nombre. Recopilamos los nombres (nombre, apellido) y los apellidos de nuestros clientes y los nombres de las personas de contacto de nuestros clientes cuando expresan su inter\u00e9s en nuestros productos o se suscriben a nuestro bolet\u00edn informativo.<\/li><li>Direcci\u00f3n de correo electr\u00f3nico. Recopilamos la direcci\u00f3n de correo electr\u00f3nico de nuestros clientes y las personas de contacto de nuestros clientes cuando expresan su inter\u00e9s en nuestros productos o cuando se suscriben a nuestro bolet\u00edn informativo.<\/li><li>Direcci\u00f3n. Recopilamos la direcci\u00f3n de domicilio o residencia de los visitantes cuando se suscriben a nuestra newsletter, y el correo convencional ha sido seleccionado por el usuario como medio de comunicaci\u00f3n.<\/li><li>N\u00famero de tel\u00e9fono. Recopilamos el n\u00famero de tel\u00e9fono cuando expresan su inter\u00e9s en uno de nuestros productos o cuando se suscriben a nuestro bolet\u00edn para brindar nuestros servicios mejor y m\u00e1s r\u00e1pido.<\/li><li>Otra informaci\u00f3n de direcci\u00f3n. Recopilamos la otra informaci\u00f3n de la direcci\u00f3n (Ciudad, Pa\u00eds, C\u00f3digo Postal) cuando se suscribe a nuestro bolet\u00edn y ha sido seleccionada por el usuario como medio de comunicaci\u00f3n o correo convencional.<\/li><\/ul>\n\n\n\n<p>Nos esforzamos por minimizar el riesgo de sus derechos y libertades al no recopilar datos personales confidenciales que le conciernen.<\/p>\n\n\n\n<p>Tiempo de retenci\u00f3n de sus datos personales<\/p>\n\n\n\n<ul class=\"wp-block-list\"><li>Conservamos los datos personales de las personas que se suscribieron a los boletines de forma indefinida y hasta que estas personas nos indiquen que ya no desean recibir boletines y\/o material promocional de nuestra parte.<\/li><li>Para obtener m\u00e1s informaci\u00f3n sobre d\u00f3nde y por cu\u00e1nto tiempo se conservan sus datos personales, puede comunicarse con tech@kofinas.gr (Nombre: Diakatos Dimitrios, tel\u00e9fono de contacto 2299087899 \u2013 ext. 216).<\/li><\/ul>\n\n\n\n<p>Garant\u00edas que recibimos para proteger tus datos<\/p>\n\n\n\n<p>Cuando nos proporciona sus datos personales, tomamos medidas para garantizar que se mantengan seguros. Para proteger sus datos personales, tomamos medidas f\u00edsicas, t\u00e9cnicas y organizativas para protegerlos. Actualizamos y controlamos la tecnolog\u00eda de seguridad que utilizamos de forma continua. Restringimos el acceso a sus datos personales solo a aquellos empleados que necesitan conocer estos datos para brindarle beneficios o servicios. Entre otras, hemos implementado las siguientes medidas y procedimientos t\u00e9cnicos y organizativos para proteger sus datos personales de cualquier p\u00e9rdida, alteraci\u00f3n, tratamiento ilegal o alteraci\u00f3n:<\/p>\n\n\n\n<p>nubeflare (https:\/\/www.cloudflare.com\/gdpr\/introduction\/)<br>Medidas de seguridad de Mailchimp: (mailchimp.com\/gdpr\/).<br>Enlaces a otros sitios<\/p>\n\n\n\n<p>El sitio contiene enlaces a otros sitios para una mejor informaci\u00f3n de los visitantes. Estos sitios web funcionan de forma aut\u00f3noma e independiente, y mientras no cooperen con nosotros, no est\u00e1n bajo nuestro control y no somos responsables de ning\u00fan procesamiento ilegal de sus datos personales. Estos sitios siguen su propia pol\u00edtica de privacidad, que debe leer si visita un enlace. Estos sitios son: Facebook, Instagram, Youtube.<\/p>\n\n\n\n<p>Tus derechos<\/p>\n\n\n\n<p>Tiene derecho a solicitar acceso a sus datos personales, que procesamos. Adem\u00e1s, tiene los siguientes derechos:<\/p>\n\n\n\n<ul class=\"wp-block-list\"><li>El derecho a corregir o eliminar (en algunos casos) sus datos personales.<\/li><li>Derecho a restringir el tratamiento u oponerse al tratamiento de sus datos personales.<\/li><li>El derecho (bajo ciertas condiciones) a recibir sus datos personales para que pueda usarlos en cualquier otro lugar.<\/li><li>En los casos en que tratamos sus datos personales en base a su consentimiento, tambi\u00e9n tiene derecho a revocar su consentimiento en cualquier momento, sin que ello afecte a la licitud del tratamiento durante el periodo anterior a la retirada de su consentimiento.<\/li><\/ul>\n\n\n\n<p>Finalmente, tiene derecho a presentar una queja ante la autoridad independiente griega competente, que es la Autoridad de Protecci\u00f3n de Datos Personales (http:\/\/www.dpa.gr\/).<\/p>","protected":false},"excerpt":{"rendered":"<p>Estos t\u00e9rminos de uso regulan los derechos y obligaciones con respecto al uso del sitio web ubicado en www.kofinas.gr. El sitio web www.kofinas.gr (en adelante, el &quot;Sitio web&quot;) fue dise\u00f1ado, desarrollado y pertenece a KOFINAS SA, con sede en Agia Paraskevi, Atenas, en Mesogeion Avenue no. 519, con N\u00famero de Identificaci\u00f3n Fiscal 081136701, Oficina de Impuestos ATENAS y con No. GEMI 001290201000 [\u2026]<\/p>","protected":false},"author":3,"featured_media":0,"parent":0,"menu_order":0,"comment_status":"closed","ping_status":"closed","template":"","meta":{"_acf_changed":false,"footnotes":""},"class_list":["post-36550","page","type-page","status-publish","hentry"],"acf":[],"yoast_head":"<!-- This site is optimized with the Yoast SEO Premium plugin v26.6 (Yoast SEO v26.6) - https:\/\/yoast.com\/wordpress\/plugins\/seo\/ -->\n<title>Privacy Policy(GDPR) | \u039a\u03bf\u03c6\u03b9\u03bd\u03ac\u03c2 \u03a0\u03c1\u03bf\u03ba\u03b1\u03c4\u03b1\u03c3\u03ba\u03b5\u03c5\u03b1\u03c3\u03bc\u03ad\u03bd\u03b1 \u03c3\u03c0\u03af\u03c4\u03b9\u03b1 - \u03a0\u03c1\u03bf\u03ba\u03ac\u03c4<\/title>\n<meta name=\"description\" content=\"\u039a\u03bf\u03c6\u03b9\u03bd\u03ac\u03c2 \u03a0\u03c1\u03bf\u03ba\u03b1\u03c4\u03b1\u03c3\u03ba\u03b5\u03c5\u03b1\u03c3\u03bc\u03ad\u03bd\u03b1 \u03c3\u03c0\u03af\u03c4\u03b9\u03b1 - \u03a0\u03c1\u03bf\u03ba\u03ac\u03c4 | Privacy Policy(GDPR)\" \/>\n<meta name=\"robots\" content=\"index, follow, max-snippet:-1, max-image-preview:large, max-video-preview:-1\" \/>\n<link rel=\"canonical\" href=\"https:\/\/www.kofinas.gr\/es\/en\/politica-de-privacidad-rgpd\/\" \/>\n<meta property=\"og:locale\" content=\"es_ES\" \/>\n<meta property=\"og:type\" content=\"article\" \/>\n<meta property=\"og:title\" content=\"Privacy Policy(GDPR)\" \/>\n<meta property=\"og:description\" content=\"\u039a\u03bf\u03c6\u03b9\u03bd\u03ac\u03c2 \u03a0\u03c1\u03bf\u03ba\u03b1\u03c4\u03b1\u03c3\u03ba\u03b5\u03c5\u03b1\u03c3\u03bc\u03ad\u03bd\u03b1 \u03c3\u03c0\u03af\u03c4\u03b9\u03b1 - \u03a0\u03c1\u03bf\u03ba\u03ac\u03c4 | Privacy Policy(GDPR)\" \/>\n<meta property=\"og:url\" content=\"https:\/\/www.kofinas.gr\/es\/en\/politica-de-privacidad-rgpd\/\" \/>\n<meta property=\"og:site_name\" content=\"\u039a\u03bf\u03c6\u03b9\u03bd\u03ac\u03c2 \u03a0\u03c1\u03bf\u03ba\u03b1\u03c4\u03b1\u03c3\u03ba\u03b5\u03c5\u03b1\u03c3\u03bc\u03ad\u03bd\u03b1 \u03c3\u03c0\u03af\u03c4\u03b9\u03b1 - \u03a0\u03c1\u03bf\u03ba\u03ac\u03c4\" \/>\n<meta property=\"article:publisher\" content=\"https:\/\/www.facebook.com\/kofinas.prokataskevasmena\" \/>\n<meta property=\"article:modified_time\" content=\"2022-03-23T09:05:23+00:00\" \/>\n<meta property=\"og:image\" content=\"https:\/\/www.kofinas.gr\/wp-content\/uploads\/2025\/03\/360new-logo-25.gif\" \/>\n\t<meta property=\"og:image:width\" content=\"230\" \/>\n\t<meta property=\"og:image:height\" content=\"70\" \/>\n\t<meta property=\"og:image:type\" content=\"image\/gif\" \/>\n<meta name=\"twitter:card\" content=\"summary_large_image\" \/>\n<meta name=\"twitter:site\" content=\"@kofinas_prokat\" \/>\n<meta name=\"twitter:label1\" content=\"Tiempo de lectura\" \/>\n\t<meta name=\"twitter:data1\" content=\"6 minutos\" \/>\n<script type=\"application\/ld+json\" class=\"yoast-schema-graph\">{\"@context\":\"https:\/\/schema.org\",\"@graph\":[{\"@type\":\"WebPage\",\"@id\":\"https:\/\/www.kofinas.gr\/en\/privacy-policygdpr\/\",\"url\":\"https:\/\/www.kofinas.gr\/en\/privacy-policygdpr\/\",\"name\":\"Privacy Policy(GDPR) | \u039a\u03bf\u03c6\u03b9\u03bd\u03ac\u03c2 \u03a0\u03c1\u03bf\u03ba\u03b1\u03c4\u03b1\u03c3\u03ba\u03b5\u03c5\u03b1\u03c3\u03bc\u03ad\u03bd\u03b1 \u03c3\u03c0\u03af\u03c4\u03b9\u03b1 - \u03a0\u03c1\u03bf\u03ba\u03ac\u03c4\",\"isPartOf\":{\"@id\":\"https:\/\/www.kofinas.gr\/#website\"},\"datePublished\":\"2018-05-24T11:02:12+00:00\",\"dateModified\":\"2022-03-23T09:05:23+00:00\",\"description\":\"\u039a\u03bf\u03c6\u03b9\u03bd\u03ac\u03c2 \u03a0\u03c1\u03bf\u03ba\u03b1\u03c4\u03b1\u03c3\u03ba\u03b5\u03c5\u03b1\u03c3\u03bc\u03ad\u03bd\u03b1 \u03c3\u03c0\u03af\u03c4\u03b9\u03b1 - \u03a0\u03c1\u03bf\u03ba\u03ac\u03c4 | Privacy Policy(GDPR)\",\"breadcrumb\":{\"@id\":\"https:\/\/www.kofinas.gr\/en\/privacy-policygdpr\/#breadcrumb\"},\"inLanguage\":\"es\",\"potentialAction\":[{\"@type\":\"ReadAction\",\"target\":[\"https:\/\/www.kofinas.gr\/en\/privacy-policygdpr\/\"]}]},{\"@type\":\"BreadcrumbList\",\"@id\":\"https:\/\/www.kofinas.gr\/en\/privacy-policygdpr\/#breadcrumb\",\"itemListElement\":[{\"@type\":\"ListItem\",\"position\":1,\"name\":\"Home\",\"item\":\"https:\/\/www.kofinas.gr\/\"},{\"@type\":\"ListItem\",\"position\":2,\"name\":\"Privacy Policy(GDPR)\"}]},{\"@type\":\"WebSite\",\"@id\":\"https:\/\/www.kofinas.gr\/#website\",\"url\":\"https:\/\/www.kofinas.gr\/\",\"name\":\"\u039a\u03bf\u03c6\u03b9\u03bd\u03ac\u03c2 \u03a0\u03c1\u03bf\u03ba\u03b1\u03c4\u03b1\u03c3\u03ba\u03b5\u03c5\u03b1\u03c3\u03bc\u03ad\u03bd\u03b1 \u03c3\u03c0\u03af\u03c4\u03b9\u03b1 - \u03a0\u03c1\u03bf\u03ba\u03ac\u03c4\",\"description\":\"\u039a\u03b1\u03c4\u03b1\u03c3\u03ba\u03b5\u03c5\u03ac\u03b6\u03bf\u03c5\u03bc\u03b5 \u03c4\u03bf \u03c3\u03c0\u03af\u03c4\u03b9 \u03c3\u03b1\u03c2 \u03c3\u03c4\u03b7\u03bd \u03b5\u03bb\u03bb\u03ac\u03b4\u03b1 \u03ba\u03b1\u03b9 \u03bf\u03c0\u03bf\u03c5\u03b4\u03ae\u03c0\u03bf\u03c4\u03b5 \u03c3\u03c4\u03b7\u03bd \u0395\u03c5\u03c1\u03ce\u03c0\u03b7!\",\"publisher\":{\"@id\":\"https:\/\/www.kofinas.gr\/#organization\"},\"alternateName\":\"\u039a\u039f\u03a6\u0399\u039d\u0391\u03a3 \u03a0\u03c1\u03bf\u03ba\u03b1\u03c4\u03b1\u03c3\u03ba\u03b5\u03c5\u03b1\u03c3\u03bc\u03ad\u03bd\u03b1 \u03a3\u03c0\u03af\u03c4\u03b9\u03b1 \u03ba\u03b1\u03b9 \u03a4\u03bf\u03c5\u03c1\u03b9\u03c3\u03c4\u03b9\u03ba\u03ac \u039a\u03b1\u03c4\u03b1\u03bb\u03cd\u03bc\u03b1\u03c4\u03b1\",\"potentialAction\":[{\"@type\":\"SearchAction\",\"target\":{\"@type\":\"EntryPoint\",\"urlTemplate\":\"https:\/\/www.kofinas.gr\/?s={search_term_string}\"},\"query-input\":{\"@type\":\"PropertyValueSpecification\",\"valueRequired\":true,\"valueName\":\"search_term_string\"}}],\"inLanguage\":\"es\"},{\"@type\":\"Organization\",\"@id\":\"https:\/\/www.kofinas.gr\/#organization\",\"name\":\"Kofinas SA\",\"alternateName\":\"Construction Company that constuct Prefabricated houses\",\"url\":\"https:\/\/www.kofinas.gr\/\",\"logo\":{\"@type\":\"ImageObject\",\"inLanguage\":\"es\",\"@id\":\"https:\/\/www.kofinas.gr\/#\/schema\/logo\/image\/\",\"url\":\"https:\/\/www.kofinas.gr\/wp-content\/uploads\/2025\/03\/360new-logo-25.gif\",\"contentUrl\":\"https:\/\/www.kofinas.gr\/wp-content\/uploads\/2025\/03\/360new-logo-25.gif\",\"width\":230,\"height\":70,\"caption\":\"Kofinas SA\"},\"image\":{\"@id\":\"https:\/\/www.kofinas.gr\/#\/schema\/logo\/image\/\"},\"sameAs\":[\"https:\/\/www.facebook.com\/kofinas.prokataskevasmena\",\"https:\/\/x.com\/kofinas_prokat\",\"https:\/\/www.linkedin.com\/company\/kofinas-sa\",\"https:\/\/www.instagram.com\/kofinasprefab\/\",\"https:\/\/www.youtube.com\/channel\/UCEAifY31SuyQHHz_I3P4IVg\"],\"description\":\"KOFINAS SA \u2013 Prefabricated Homes Founded Legacy & Innovation Established in 1977, KOFINAS SA has grown into one of Greece\u2019s leading firms in the prefabricated housing sector. Their philosophy underscores continuous innovation\u2014they don't aim to build more homes, but to build better homes Strength & Certification The company's unique construction system has undergone rigorous experimental testing at the National Technical University of Athens, proving its durability well beyond natural endurance limits. Innovations introduced by KOFINAS are internationally recognized and certified. Sustainability & Eco Friendly Building KOFINAS uses Swedish and Finnish timber as its primary construction material, achieving a notably low carbon footprint: replacing conventional materials with wood reduces carbon dioxide emissions by 1.1 tons per cubic meter. In collaboration with Nordic sawmills, for every tree harvested, three to five new trees are planted, resulting in a negative carbon footprint. Additionally, their homes feature bioclimatic design and achieve energy consumption reductions of 75%\u201380% compared to conventional buildings\u2014often earning them energy efficiency A certificates. Advanced Production Facilities KOFINAS operates a modern factory, built to European standards, with ISO 14001 certification\u2014ensuring top-tier quality and environmental management in prefabricated housing production. Wide Range of Custom Designs Their catalog includes single , two , and three story homes, ground floor units with lofts, passive houses, and tourist accommodations. They also offer the \u201cFlexyHome\u201d series and Finnlamelli Finnish log houses, providing versatility to meet diverse aesthetic and functional needs. Experienced Team & Nationwide Network KOFINAS boasts a skilled, multidisciplinary team\u2014including civil and architectural engineers\u2014who oversee design, permit processing, and project implementation with a 100% success rate. The company has built a robust sales and distribution network\",\"email\":\"info@kofinas.gr\",\"telephone\":\"00302106081307\",\"legalName\":\"KOFINAS SA\",\"foundingDate\":\"1977-03-07\",\"vatID\":\"EL081136701\",\"duns\":\"503265836\",\"numberOfEmployees\":{\"@type\":\"QuantitativeValue\",\"minValue\":\"11\",\"maxValue\":\"50\"},\"publishingPrinciples\":\"https:\/\/www.kofinas.gr\/%cf%80%ce%bf%ce%bb%ce%b9%cf%84%ce%b9%ce%ba%ce%ae-%ce%b5%cf%84%ce%b1%ce%b9%cf%81%ce%af%ce%b1%cf%82-%ce%ba%ce%bf%cf%86%ce%b9%ce%bd%ce%b1%cf%83-%ce%b1%ce%b5\/\",\"ownershipFundingInfo\":\"https:\/\/www.kofinas.gr\/%ce%b5%cf%84%ce%b1%ce%b9%cf%81%ce%af%ce%b1\/\",\"actionableFeedbackPolicy\":\"https:\/\/www.kofinas.gr\/prosopika-dedomena\/\"}]}<\/script>\n<!-- \/ Yoast SEO Premium plugin. -->","yoast_head_json":{"title":"Pol\u00edtica de privacidad (RGPD) | Casas prefabricadas Kofinas - Prefabricadas","description":"Casas prefabricadas Kofinas - Prefabricados | Pol\u00edtica de privacidad (RGPD)","robots":{"index":"index","follow":"follow","max-snippet":"max-snippet:-1","max-image-preview":"max-image-preview:large","max-video-preview":"max-video-preview:-1"},"canonical":"https:\/\/www.kofinas.gr\/es\/en\/politica-de-privacidad-rgpd\/","og_locale":"es_ES","og_type":"article","og_title":"Privacy Policy(GDPR)","og_description":"\u039a\u03bf\u03c6\u03b9\u03bd\u03ac\u03c2 \u03a0\u03c1\u03bf\u03ba\u03b1\u03c4\u03b1\u03c3\u03ba\u03b5\u03c5\u03b1\u03c3\u03bc\u03ad\u03bd\u03b1 \u03c3\u03c0\u03af\u03c4\u03b9\u03b1 - \u03a0\u03c1\u03bf\u03ba\u03ac\u03c4 | Privacy Policy(GDPR)","og_url":"https:\/\/www.kofinas.gr\/es\/en\/politica-de-privacidad-rgpd\/","og_site_name":"\u039a\u03bf\u03c6\u03b9\u03bd\u03ac\u03c2 \u03a0\u03c1\u03bf\u03ba\u03b1\u03c4\u03b1\u03c3\u03ba\u03b5\u03c5\u03b1\u03c3\u03bc\u03ad\u03bd\u03b1 \u03c3\u03c0\u03af\u03c4\u03b9\u03b1 - \u03a0\u03c1\u03bf\u03ba\u03ac\u03c4","article_publisher":"https:\/\/www.facebook.com\/kofinas.prokataskevasmena","article_modified_time":"2022-03-23T09:05:23+00:00","og_image":[{"width":230,"height":70,"url":"https:\/\/www.kofinas.gr\/wp-content\/uploads\/2025\/03\/360new-logo-25.gif","type":"image\/gif"}],"twitter_card":"summary_large_image","twitter_site":"@kofinas_prokat","twitter_misc":{"Tiempo de lectura":"6 minutos"},"schema":{"@context":"https:\/\/schema.org","@graph":[{"@type":"WebPage","@id":"https:\/\/www.kofinas.gr\/en\/privacy-policygdpr\/","url":"https:\/\/www.kofinas.gr\/en\/privacy-policygdpr\/","name":"Pol\u00edtica de privacidad (RGPD) | Casas prefabricadas Kofinas - Prefabricadas","isPartOf":{"@id":"https:\/\/www.kofinas.gr\/#website"},"datePublished":"2018-05-24T11:02:12+00:00","dateModified":"2022-03-23T09:05:23+00:00","description":"Casas prefabricadas Kofinas - Prefabricados | Pol\u00edtica de privacidad (RGPD)","breadcrumb":{"@id":"https:\/\/www.kofinas.gr\/en\/privacy-policygdpr\/#breadcrumb"},"inLanguage":"es","potentialAction":[{"@type":"ReadAction","target":["https:\/\/www.kofinas.gr\/en\/privacy-policygdpr\/"]}]},{"@type":"BreadcrumbList","@id":"https:\/\/www.kofinas.gr\/en\/privacy-policygdpr\/#breadcrumb","itemListElement":[{"@type":"ListItem","position":1,"name":"Home","item":"https:\/\/www.kofinas.gr\/"},{"@type":"ListItem","position":2,"name":"Privacy Policy(GDPR)"}]},{"@type":"WebSite","@id":"https:\/\/www.kofinas.gr\/#website","url":"https:\/\/www.kofinas.gr\/","name":"Kofinas Casas prefabricadas - Prefabricadas","description":"\u00a1Construimos tu casa en Grecia y en cualquier lugar de Europa!","publisher":{"@id":"https:\/\/www.kofinas.gr\/#organization"},"alternateName":"\u039a\u039f\u03a6\u0399\u039d\u0391\u03a3 \u03a0\u03c1\u03bf\u03ba\u03b1\u03c4\u03b1\u03c3\u03ba\u03b5\u03c5\u03b1\u03c3\u03bc\u03ad\u03bd\u03b1 \u03a3\u03c0\u03af\u03c4\u03b9\u03b1 \u03ba\u03b1\u03b9 \u03a4\u03bf\u03c5\u03c1\u03b9\u03c3\u03c4\u03b9\u03ba\u03ac \u039a\u03b1\u03c4\u03b1\u03bb\u03cd\u03bc\u03b1\u03c4\u03b1","potentialAction":[{"@type":"SearchAction","target":{"@type":"EntryPoint","urlTemplate":"https:\/\/www.kofinas.gr\/?s={search_term_string}"},"query-input":{"@type":"PropertyValueSpecification","valueRequired":true,"valueName":"search_term_string"}}],"inLanguage":"es"},{"@type":"Organization","@id":"https:\/\/www.kofinas.gr\/#organization","name":"Kofinas SA","alternateName":"Construction Company that constuct Prefabricated houses","url":"https:\/\/www.kofinas.gr\/","logo":{"@type":"ImageObject","inLanguage":"es","@id":"https:\/\/www.kofinas.gr\/#\/schema\/logo\/image\/","url":"https:\/\/www.kofinas.gr\/wp-content\/uploads\/2025\/03\/360new-logo-25.gif","contentUrl":"https:\/\/www.kofinas.gr\/wp-content\/uploads\/2025\/03\/360new-logo-25.gif","width":230,"height":70,"caption":"Kofinas SA"},"image":{"@id":"https:\/\/www.kofinas.gr\/#\/schema\/logo\/image\/"},"sameAs":["https:\/\/www.facebook.com\/kofinas.prokataskevasmena","https:\/\/x.com\/kofinas_prokat","https:\/\/www.linkedin.com\/company\/kofinas-sa","https:\/\/www.instagram.com\/kofinasprefab\/","https:\/\/www.youtube.com\/channel\/UCEAifY31SuyQHHz_I3P4IVg"],"description":"KOFINAS SA \u2013 Casas prefabricadas Legado e innovaci\u00f3n Fundada en 1977, KOFINAS SA se ha convertido en una de las empresas l\u00edderes de Grecia en el sector de las casas prefabricadas. Su filosof\u00eda subraya la innovaci\u00f3n continua: no pretenden construir m\u00e1s casas, sino construir mejores casas. Resistencia y certificaci\u00f3n El sistema de construcci\u00f3n \u00fanico de la empresa se ha sometido a rigurosas pruebas experimentales en la Universidad T\u00e9cnica Nacional de Atenas, lo que demuestra su durabilidad mucho m\u00e1s all\u00e1 de los l\u00edmites de resistencia natural. Las innovaciones introducidas por KOFINAS son reconocidas y certificadas internacionalmente. Sostenibilidad y construcci\u00f3n ecol\u00f3gica KOFINAS utiliza madera sueca y finlandesa como su principal material de construcci\u00f3n, logrando una huella de carbono notablemente baja: reemplazar los materiales convencionales con madera reduce las emisiones de di\u00f3xido de carbono en 1,1 toneladas por metro c\u00fabico. En colaboraci\u00f3n con aserraderos n\u00f3rdicos, por cada \u00e1rbol talado, se plantan de tres a cinco \u00e1rboles nuevos, lo que resulta en una huella de carbono negativa. Adem\u00e1s, sus casas cuentan con un dise\u00f1o bioclim\u00e1tico y logran reducciones de consumo energ\u00e9tico de 75%\u201380% en comparaci\u00f3n con los edificios convencionales, lo que a menudo les otorga certificados de eficiencia energ\u00e9tica A. Instalaciones de producci\u00f3n avanzadas KOFINAS opera una f\u00e1brica moderna, construida seg\u00fan los est\u00e1ndares europeos, con certificaci\u00f3n ISO 14001, lo que garantiza una calidad y una gesti\u00f3n ambiental de primer nivel en la producci\u00f3n de viviendas prefabricadas. Amplia gama de dise\u00f1os personalizados Su cat\u00e1logo incluye casas de una, dos y tres plantas, unidades de planta baja con lofts, casas pasivas y alojamientos tur\u00edsticos. Tambi\u00e9n ofrecen la serie &quot;FlexyHome&quot; y las casas de troncos finlandeses Finnlamelli, que brindan versatilidad para satisfacer diversas necesidades est\u00e9ticas y funcionales. Equipo experimentado y red nacional KOFINAS cuenta con un equipo cualificado y multidisciplinario, que incluye ingenieros civiles y arquitectos, que supervisan el dise\u00f1o, la tramitaci\u00f3n de permisos y la implementaci\u00f3n del proyecto con una tasa de \u00e9xito de 100%. La empresa ha construido una s\u00f3lida red de ventas y distribuci\u00f3n.","email":"info@kofinas.gr","telephone":"00302106081307","legalName":"KOFINAS SA","foundingDate":"1977-03-07","vatID":"EL081136701","duns":"503265836","numberOfEmployees":{"@type":"QuantitativeValue","minValue":"11","maxValue":"50"},"publishingPrinciples":"https:\/\/www.kofinas.gr\/%cf%80%ce%bf%ce%bb%ce%b9%cf%84%ce%b9%ce%ba%ce%ae-%ce%b5%cf%84%ce%b1%ce%b9%cf%81%ce%af%ce%b1%cf%82-%ce%ba%ce%bf%cf%86%ce%b9%ce%bd%ce%b1%cf%83-%ce%b1%ce%b5\/","ownershipFundingInfo":"https:\/\/www.kofinas.gr\/%ce%b5%cf%84%ce%b1%ce%b9%cf%81%ce%af%ce%b1\/","actionableFeedbackPolicy":"https:\/\/www.kofinas.gr\/prosopika-dedomena\/"}]}},"_links":{"self":[{"href":"https:\/\/www.kofinas.gr\/es\/wp-json\/wp\/v2\/pages\/36550","targetHints":{"allow":["GET"]}}],"collection":[{"href":"https:\/\/www.kofinas.gr\/es\/wp-json\/wp\/v2\/pages"}],"about":[{"href":"https:\/\/www.kofinas.gr\/es\/wp-json\/wp\/v2\/types\/page"}],"author":[{"embeddable":true,"href":"https:\/\/www.kofinas.gr\/es\/wp-json\/wp\/v2\/users\/3"}],"replies":[{"embeddable":true,"href":"https:\/\/www.kofinas.gr\/es\/wp-json\/wp\/v2\/comments?post=36550"}],"version-history":[{"count":0,"href":"https:\/\/www.kofinas.gr\/es\/wp-json\/wp\/v2\/pages\/36550\/revisions"}],"wp:attachment":[{"href":"https:\/\/www.kofinas.gr\/es\/wp-json\/wp\/v2\/media?parent=36550"}],"curies":[{"name":"gracias","href":"https:\/\/api.w.org\/{rel}","templated":true}]}}