{"id":29915,"date":"2021-01-05T14:44:08","date_gmt":"2021-01-05T12:44:08","guid":{"rendered":"https:\/\/www.kofinas.gr\/?page_id=29915"},"modified":"2024-05-17T13:19:44","modified_gmt":"2024-05-17T10:19:44","slug":"galeria-prefabricada-2","status":"publish","type":"page","link":"https:\/\/www.kofinas.gr\/es\/galeria-prefabricada-2\/","title":{"rendered":"Galer\u00eda- PREFABRICADOS"},"content":{"rendered":"<h1 class=\"wp-block-heading\" id=\"h-gallery-\u03c0\u03c1\u03bf\u03ba\u03b1\u03c4\u03b1\u03c3\u03ba\u03b5\u03c5\u03b1\u03c3\u03bc\u03b5\u03bd\u03c9\u03bd\">Galer\u00eda- PREFABRICADOS<\/h1>\n\n\n\n<p>El sitio web de la empresa Kofinas incluye una amplia Galer\u00eda - Casas PREFABRICADAS, que ofrece una impresionante colecci\u00f3n de fotograf\u00edas y v\u00eddeos que resaltan la variedad y calidad de sus casas. La galer\u00eda cubre muchos tipos de casas, desde peque\u00f1as de una o dos plantas, hasta villas de lujo y estructuras especializadas como oficinas, garajes y alojamientos vacacionales.<\/p>\n\n\n\n<p>Cada residencia en la galer\u00eda se presenta con detalles que muestran la alta calidad de construcci\u00f3n y el impecable acabado que caracteriza a la empresa Kofinas. Las construcciones est\u00e1n dise\u00f1adas para combinar est\u00e9tica con funcionalidad, ofreciendo comodidad y estilo a sus propietarios. Los materiales utilizados son de excelente calidad, mientras que la empresa enfatiza la sostenibilidad y eficiencia energ\u00e9tica de sus construcciones.<\/p>\n\n\n\n<p>El sitio web de la galer\u00eda es f\u00e1cil de usar y permite a los visitantes navegar f\u00e1cilmente por las diferentes categor\u00edas de casas. Las fotograf\u00edas son de alta resoluci\u00f3n, ofreciendo una imagen clara del interior y exterior de las viviendas. Adem\u00e1s, los v\u00eddeos ofrecen una presentaci\u00f3n en vivo de las casas, ofreciendo una sensaci\u00f3n realista de espacio y distribuci\u00f3n.<\/p>\n\n\n\n<p>Para aquellos interesados en poseer una casa prefabricada, la galer\u00eda Kofina es una valiosa fuente de inspiraci\u00f3n e informaci\u00f3n. Los visitantes podr\u00e1n ver ejemplos reales de proyectos, comparar diferentes dise\u00f1os y elegir el estilo que m\u00e1s les convenga. La empresa tambi\u00e9n ofrece soluciones personalizadas, para que cada casa satisfaga plenamente las necesidades y preferencias de los clientes.<\/p>\n\n\n\n<p>Puedes visitar la galer\u00eda de casas prefabricadas de Kofina <a href=\"https:\/\/www.kofinas.gr\/es\/galeria-prefabricada-2\/\">aqu\u00ed<\/a> para descubrir m\u00e1s.<\/p>","protected":false},"excerpt":{"rendered":"<p>Galer\u00eda de casas prefabricadas. El sitio web de Kofinas incluye una extensa galer\u00eda de casas prefabricadas, con una impresionante colecci\u00f3n de fotos y videos que resaltan la variedad y calidad de sus viviendas. La galer\u00eda abarca una amplia variedad de tipos de casas, desde peque\u00f1as de una y dos plantas, hasta villas de lujo y estructuras especializadas como oficinas, garajes y alojamientos tur\u00edsticos. Cada [\u2026]<\/p>","protected":false},"author":3,"featured_media":29921,"parent":0,"menu_order":0,"comment_status":"closed","ping_status":"closed","template":"page-landing.php","meta":{"_acf_changed":false,"footnotes":""},"class_list":["post-29915","page","type-page","status-publish","has-post-thumbnail","hentry"],"acf":[],"yoast_head":"<!-- This site is optimized with the Yoast SEO Premium plugin v26.6 (Yoast SEO v26.6) - https:\/\/yoast.com\/wordpress\/plugins\/seo\/ -->\n<title>Gallery- \u03a0\u03a1\u039f\u039a\u0391\u03a4\u0391\u03a3\u039a\u0395\u03a5\u0391\u03a3\u039c\u0395\u039d\u03a9\u039d | \u039a\u03bf\u03c6\u03b9\u03bd\u03ac\u03c2 \u03a0\u03c1\u03bf\u03ba\u03b1\u03c4\u03b1\u03c3\u03ba\u03b5\u03c5\u03b1\u03c3\u03bc\u03ad\u03bd\u03b1 \u03c3\u03c0\u03af\u03c4\u03b9\u03b1 - \u03a0\u03c1\u03bf\u03ba\u03ac\u03c4<\/title>\n<meta name=\"description\" content=\"Gallery- \u03a0\u03a1\u039f\u039a\u0391\u03a4\u0391\u03a3\u039a\u0395\u03a5\u0391\u03a3\u039c\u0395\u039d\u03a9\u039d | \u0397 \u03b9\u03c3\u03c4\u03bf\u03c3\u03b5\u03bb\u03af\u03b4\u03b1 \u03c4\u03b7\u03c2 \u03b5\u03c4\u03b1\u03b9\u03c1\u03af\u03b1\u03c2 \u039a\u03bf\u03c6\u03b9\u03bd\u03ac\u03c2 \u03c0\u03b5\u03c1\u03b9\u03bb\u03b1\u03bc\u03b2\u03ac\u03bd\u03b5\u03b9 \u03bc\u03b9\u03b1 \u03b5\u03ba\u03c4\u03b5\u03bd\u03ae \u03b3\u03ba\u03b1\u03bb\u03b5\u03c1\u03af \u03c0\u03c1\u03bf\u03ba\u03b1\u03c4\u03b1\u03c3\u03ba\u03b5\u03c5\u03b1\u03c3\u03bc\u03ad\u03bd\u03c9\u03bd \u03bf\u03b9\u03ba\u03b9\u03ce\u03bd,\" \/>\n<meta name=\"robots\" content=\"index, follow, max-snippet:-1, max-image-preview:large, max-video-preview:-1\" \/>\n<link rel=\"canonical\" href=\"https:\/\/www.kofinas.gr\/es\/galeria-prefabricada-2\/\" \/>\n<meta property=\"og:locale\" content=\"es_ES\" \/>\n<meta property=\"og:type\" content=\"article\" \/>\n<meta property=\"og:title\" content=\"Gallery- \u03a0\u03a1\u039f\u039a\u0391\u03a4\u0391\u03a3\u039a\u0395\u03a5\u0391\u03a3\u039c\u0395\u039d\u03a9\u039d\" \/>\n<meta property=\"og:description\" content=\"Gallery- \u03a0\u03a1\u039f\u039a\u0391\u03a4\u0391\u03a3\u039a\u0395\u03a5\u0391\u03a3\u039c\u0395\u039d\u03a9\u039d | \u0397 \u03b9\u03c3\u03c4\u03bf\u03c3\u03b5\u03bb\u03af\u03b4\u03b1 \u03c4\u03b7\u03c2 \u03b5\u03c4\u03b1\u03b9\u03c1\u03af\u03b1\u03c2 \u039a\u03bf\u03c6\u03b9\u03bd\u03ac\u03c2 \u03c0\u03b5\u03c1\u03b9\u03bb\u03b1\u03bc\u03b2\u03ac\u03bd\u03b5\u03b9 \u03bc\u03b9\u03b1 \u03b5\u03ba\u03c4\u03b5\u03bd\u03ae \u03b3\u03ba\u03b1\u03bb\u03b5\u03c1\u03af \u03c0\u03c1\u03bf\u03ba\u03b1\u03c4\u03b1\u03c3\u03ba\u03b5\u03c5\u03b1\u03c3\u03bc\u03ad\u03bd\u03c9\u03bd \u03bf\u03b9\u03ba\u03b9\u03ce\u03bd,\" \/>\n<meta property=\"og:url\" content=\"https:\/\/www.kofinas.gr\/es\/galeria-prefabricada-2\/\" \/>\n<meta property=\"og:site_name\" content=\"\u039a\u03bf\u03c6\u03b9\u03bd\u03ac\u03c2 \u03a0\u03c1\u03bf\u03ba\u03b1\u03c4\u03b1\u03c3\u03ba\u03b5\u03c5\u03b1\u03c3\u03bc\u03ad\u03bd\u03b1 \u03c3\u03c0\u03af\u03c4\u03b9\u03b1 - \u03a0\u03c1\u03bf\u03ba\u03ac\u03c4\" \/>\n<meta property=\"article:publisher\" content=\"https:\/\/www.facebook.com\/kofinas.prokataskevasmena\" \/>\n<meta property=\"article:modified_time\" content=\"2024-05-17T10:19:44+00:00\" \/>\n<meta property=\"og:image\" content=\"https:\/\/www.kofinas.gr\/wp-content\/uploads\/2021\/01\/Gallery-1.jpg\" \/>\n\t<meta property=\"og:image:width\" content=\"960\" \/>\n\t<meta property=\"og:image:height\" content=\"639\" \/>\n\t<meta property=\"og:image:type\" content=\"image\/jpeg\" \/>\n<meta name=\"twitter:card\" content=\"summary_large_image\" \/>\n<meta name=\"twitter:site\" content=\"@kofinas_prokat\" \/>\n<meta name=\"twitter:label1\" content=\"Tiempo de lectura\" \/>\n\t<meta name=\"twitter:data1\" content=\"2 minutos\" \/>\n<script type=\"application\/ld+json\" class=\"yoast-schema-graph\">{\"@context\":\"https:\/\/schema.org\",\"@graph\":[{\"@type\":\"WebPage\",\"@id\":\"https:\/\/www.kofinas.gr\/bg\/%d1%81%d0%b3%d0%bb%d0%be%d0%b1%d1%8f%d0%b5%d0%bc%d0%b0-%d0%b3%d0%b0%d0%bb%d0%b5%d1%80%d0%b8%d1%8f-3\/\",\"url\":\"https:\/\/www.kofinas.gr\/bg\/%d1%81%d0%b3%d0%bb%d0%be%d0%b1%d1%8f%d0%b5%d0%bc%d0%b0-%d0%b3%d0%b0%d0%bb%d0%b5%d1%80%d0%b8%d1%8f-3\/\",\"name\":\"Gallery- \u03a0\u03a1\u039f\u039a\u0391\u03a4\u0391\u03a3\u039a\u0395\u03a5\u0391\u03a3\u039c\u0395\u039d\u03a9\u039d | \u039a\u03bf\u03c6\u03b9\u03bd\u03ac\u03c2 \u03a0\u03c1\u03bf\u03ba\u03b1\u03c4\u03b1\u03c3\u03ba\u03b5\u03c5\u03b1\u03c3\u03bc\u03ad\u03bd\u03b1 \u03c3\u03c0\u03af\u03c4\u03b9\u03b1 - \u03a0\u03c1\u03bf\u03ba\u03ac\u03c4\",\"isPartOf\":{\"@id\":\"https:\/\/www.kofinas.gr\/#website\"},\"primaryImageOfPage\":{\"@id\":\"https:\/\/www.kofinas.gr\/bg\/%d1%81%d0%b3%d0%bb%d0%be%d0%b1%d1%8f%d0%b5%d0%bc%d0%b0-%d0%b3%d0%b0%d0%bb%d0%b5%d1%80%d0%b8%d1%8f-3\/#primaryimage\"},\"image\":{\"@id\":\"https:\/\/www.kofinas.gr\/bg\/%d1%81%d0%b3%d0%bb%d0%be%d0%b1%d1%8f%d0%b5%d0%bc%d0%b0-%d0%b3%d0%b0%d0%bb%d0%b5%d1%80%d0%b8%d1%8f-3\/#primaryimage\"},\"thumbnailUrl\":\"https:\/\/www.kofinas.gr\/wp-content\/uploads\/2021\/01\/Gallery-1.jpg\",\"datePublished\":\"2021-01-05T12:44:08+00:00\",\"dateModified\":\"2024-05-17T10:19:44+00:00\",\"description\":\"Gallery- \u03a0\u03a1\u039f\u039a\u0391\u03a4\u0391\u03a3\u039a\u0395\u03a5\u0391\u03a3\u039c\u0395\u039d\u03a9\u039d | \u0397 \u03b9\u03c3\u03c4\u03bf\u03c3\u03b5\u03bb\u03af\u03b4\u03b1 \u03c4\u03b7\u03c2 \u03b5\u03c4\u03b1\u03b9\u03c1\u03af\u03b1\u03c2 \u039a\u03bf\u03c6\u03b9\u03bd\u03ac\u03c2 \u03c0\u03b5\u03c1\u03b9\u03bb\u03b1\u03bc\u03b2\u03ac\u03bd\u03b5\u03b9 \u03bc\u03b9\u03b1 \u03b5\u03ba\u03c4\u03b5\u03bd\u03ae \u03b3\u03ba\u03b1\u03bb\u03b5\u03c1\u03af \u03c0\u03c1\u03bf\u03ba\u03b1\u03c4\u03b1\u03c3\u03ba\u03b5\u03c5\u03b1\u03c3\u03bc\u03ad\u03bd\u03c9\u03bd \u03bf\u03b9\u03ba\u03b9\u03ce\u03bd,\",\"breadcrumb\":{\"@id\":\"https:\/\/www.kofinas.gr\/bg\/%d1%81%d0%b3%d0%bb%d0%be%d0%b1%d1%8f%d0%b5%d0%bc%d0%b0-%d0%b3%d0%b0%d0%bb%d0%b5%d1%80%d0%b8%d1%8f-3\/#breadcrumb\"},\"inLanguage\":\"es\",\"potentialAction\":[{\"@type\":\"ReadAction\",\"target\":[\"https:\/\/www.kofinas.gr\/bg\/%d1%81%d0%b3%d0%bb%d0%be%d0%b1%d1%8f%d0%b5%d0%bc%d0%b0-%d0%b3%d0%b0%d0%bb%d0%b5%d1%80%d0%b8%d1%8f-3\/\"]}]},{\"@type\":\"ImageObject\",\"inLanguage\":\"es\",\"@id\":\"https:\/\/www.kofinas.gr\/bg\/%d1%81%d0%b3%d0%bb%d0%be%d0%b1%d1%8f%d0%b5%d0%bc%d0%b0-%d0%b3%d0%b0%d0%bb%d0%b5%d1%80%d0%b8%d1%8f-3\/#primaryimage\",\"url\":\"https:\/\/www.kofinas.gr\/wp-content\/uploads\/2021\/01\/Gallery-1.jpg\",\"contentUrl\":\"https:\/\/www.kofinas.gr\/wp-content\/uploads\/2021\/01\/Gallery-1.jpg\",\"width\":960,\"height\":639,\"caption\":\"Prokataskeuasmena spitia KOFINAS SA, Energeiaki apodosi, antiseismika, xamili katanalwsi, villa,oikologiki katoikia\"},{\"@type\":\"BreadcrumbList\",\"@id\":\"https:\/\/www.kofinas.gr\/bg\/%d1%81%d0%b3%d0%bb%d0%be%d0%b1%d1%8f%d0%b5%d0%bc%d0%b0-%d0%b3%d0%b0%d0%bb%d0%b5%d1%80%d0%b8%d1%8f-3\/#breadcrumb\",\"itemListElement\":[{\"@type\":\"ListItem\",\"position\":1,\"name\":\"Home\",\"item\":\"https:\/\/www.kofinas.gr\/\"},{\"@type\":\"ListItem\",\"position\":2,\"name\":\"Gallery- \u03a0\u03a1\u039f\u039a\u0391\u03a4\u0391\u03a3\u039a\u0395\u03a5\u0391\u03a3\u039c\u0395\u039d\u03a9\u039d\"}]},{\"@type\":\"WebSite\",\"@id\":\"https:\/\/www.kofinas.gr\/#website\",\"url\":\"https:\/\/www.kofinas.gr\/\",\"name\":\"\u039a\u03bf\u03c6\u03b9\u03bd\u03ac\u03c2 \u03a0\u03c1\u03bf\u03ba\u03b1\u03c4\u03b1\u03c3\u03ba\u03b5\u03c5\u03b1\u03c3\u03bc\u03ad\u03bd\u03b1 \u03c3\u03c0\u03af\u03c4\u03b9\u03b1 - \u03a0\u03c1\u03bf\u03ba\u03ac\u03c4\",\"description\":\"\u039a\u03b1\u03c4\u03b1\u03c3\u03ba\u03b5\u03c5\u03ac\u03b6\u03bf\u03c5\u03bc\u03b5 \u03c4\u03bf \u03c3\u03c0\u03af\u03c4\u03b9 \u03c3\u03b1\u03c2 \u03c3\u03c4\u03b7\u03bd \u03b5\u03bb\u03bb\u03ac\u03b4\u03b1 \u03ba\u03b1\u03b9 \u03bf\u03c0\u03bf\u03c5\u03b4\u03ae\u03c0\u03bf\u03c4\u03b5 \u03c3\u03c4\u03b7\u03bd \u0395\u03c5\u03c1\u03ce\u03c0\u03b7!\",\"publisher\":{\"@id\":\"https:\/\/www.kofinas.gr\/#organization\"},\"alternateName\":\"\u039a\u039f\u03a6\u0399\u039d\u0391\u03a3 \u03a0\u03c1\u03bf\u03ba\u03b1\u03c4\u03b1\u03c3\u03ba\u03b5\u03c5\u03b1\u03c3\u03bc\u03ad\u03bd\u03b1 \u03a3\u03c0\u03af\u03c4\u03b9\u03b1 \u03ba\u03b1\u03b9 \u03a4\u03bf\u03c5\u03c1\u03b9\u03c3\u03c4\u03b9\u03ba\u03ac \u039a\u03b1\u03c4\u03b1\u03bb\u03cd\u03bc\u03b1\u03c4\u03b1\",\"potentialAction\":[{\"@type\":\"SearchAction\",\"target\":{\"@type\":\"EntryPoint\",\"urlTemplate\":\"https:\/\/www.kofinas.gr\/?s={search_term_string}\"},\"query-input\":{\"@type\":\"PropertyValueSpecification\",\"valueRequired\":true,\"valueName\":\"search_term_string\"}}],\"inLanguage\":\"es\"},{\"@type\":\"Organization\",\"@id\":\"https:\/\/www.kofinas.gr\/#organization\",\"name\":\"Kofinas SA\",\"alternateName\":\"Construction Company that constuct Prefabricated houses\",\"url\":\"https:\/\/www.kofinas.gr\/\",\"logo\":{\"@type\":\"ImageObject\",\"inLanguage\":\"es\",\"@id\":\"https:\/\/www.kofinas.gr\/#\/schema\/logo\/image\/\",\"url\":\"https:\/\/www.kofinas.gr\/wp-content\/uploads\/2025\/03\/360new-logo-25.gif\",\"contentUrl\":\"https:\/\/www.kofinas.gr\/wp-content\/uploads\/2025\/03\/360new-logo-25.gif\",\"width\":230,\"height\":70,\"caption\":\"Kofinas SA\"},\"image\":{\"@id\":\"https:\/\/www.kofinas.gr\/#\/schema\/logo\/image\/\"},\"sameAs\":[\"https:\/\/www.facebook.com\/kofinas.prokataskevasmena\",\"https:\/\/x.com\/kofinas_prokat\",\"https:\/\/www.linkedin.com\/company\/kofinas-sa\",\"https:\/\/www.instagram.com\/kofinasprefab\/\",\"https:\/\/www.youtube.com\/channel\/UCEAifY31SuyQHHz_I3P4IVg\"],\"description\":\"KOFINAS SA \u2013 Prefabricated Homes Founded Legacy & Innovation Established in 1977, KOFINAS SA has grown into one of Greece\u2019s leading firms in the prefabricated housing sector. Their philosophy underscores continuous innovation\u2014they don't aim to build more homes, but to build better homes Strength & Certification The company's unique construction system has undergone rigorous experimental testing at the National Technical University of Athens, proving its durability well beyond natural endurance limits. Innovations introduced by KOFINAS are internationally recognized and certified. Sustainability & Eco Friendly Building KOFINAS uses Swedish and Finnish timber as its primary construction material, achieving a notably low carbon footprint: replacing conventional materials with wood reduces carbon dioxide emissions by 1.1 tons per cubic meter. In collaboration with Nordic sawmills, for every tree harvested, three to five new trees are planted, resulting in a negative carbon footprint. Additionally, their homes feature bioclimatic design and achieve energy consumption reductions of 75%\u201380% compared to conventional buildings\u2014often earning them energy efficiency A certificates. Advanced Production Facilities KOFINAS operates a modern factory, built to European standards, with ISO 14001 certification\u2014ensuring top-tier quality and environmental management in prefabricated housing production. Wide Range of Custom Designs Their catalog includes single , two , and three story homes, ground floor units with lofts, passive houses, and tourist accommodations. They also offer the \u201cFlexyHome\u201d series and Finnlamelli Finnish log houses, providing versatility to meet diverse aesthetic and functional needs. Experienced Team & Nationwide Network KOFINAS boasts a skilled, multidisciplinary team\u2014including civil and architectural engineers\u2014who oversee design, permit processing, and project implementation with a 100% success rate. The company has built a robust sales and distribution network\",\"email\":\"info@kofinas.gr\",\"telephone\":\"00302106081307\",\"legalName\":\"KOFINAS SA\",\"foundingDate\":\"1977-03-07\",\"vatID\":\"EL081136701\",\"duns\":\"503265836\",\"numberOfEmployees\":{\"@type\":\"QuantitativeValue\",\"minValue\":\"11\",\"maxValue\":\"50\"},\"publishingPrinciples\":\"https:\/\/www.kofinas.gr\/%cf%80%ce%bf%ce%bb%ce%b9%cf%84%ce%b9%ce%ba%ce%ae-%ce%b5%cf%84%ce%b1%ce%b9%cf%81%ce%af%ce%b1%cf%82-%ce%ba%ce%bf%cf%86%ce%b9%ce%bd%ce%b1%cf%83-%ce%b1%ce%b5\/\",\"ownershipFundingInfo\":\"https:\/\/www.kofinas.gr\/%ce%b5%cf%84%ce%b1%ce%b9%cf%81%ce%af%ce%b1\/\",\"actionableFeedbackPolicy\":\"https:\/\/www.kofinas.gr\/prosopika-dedomena\/\"}]}<\/script>\n<!-- \/ Yoast SEO Premium plugin. -->","yoast_head_json":{"title":"Galer\u00eda - PREFABRICADOS | Casas prefabricadas Kofinas - Prefabricadas","description":"Galer\u00eda - PREFABRICADOS | El sitio web de la empresa Kofinas incluye una extensa galer\u00eda de casas prefabricadas,","robots":{"index":"index","follow":"follow","max-snippet":"max-snippet:-1","max-image-preview":"max-image-preview:large","max-video-preview":"max-video-preview:-1"},"canonical":"https:\/\/www.kofinas.gr\/es\/galeria-prefabricada-2\/","og_locale":"es_ES","og_type":"article","og_title":"Gallery- \u03a0\u03a1\u039f\u039a\u0391\u03a4\u0391\u03a3\u039a\u0395\u03a5\u0391\u03a3\u039c\u0395\u039d\u03a9\u039d","og_description":"Gallery- \u03a0\u03a1\u039f\u039a\u0391\u03a4\u0391\u03a3\u039a\u0395\u03a5\u0391\u03a3\u039c\u0395\u039d\u03a9\u039d | \u0397 \u03b9\u03c3\u03c4\u03bf\u03c3\u03b5\u03bb\u03af\u03b4\u03b1 \u03c4\u03b7\u03c2 \u03b5\u03c4\u03b1\u03b9\u03c1\u03af\u03b1\u03c2 \u039a\u03bf\u03c6\u03b9\u03bd\u03ac\u03c2 \u03c0\u03b5\u03c1\u03b9\u03bb\u03b1\u03bc\u03b2\u03ac\u03bd\u03b5\u03b9 \u03bc\u03b9\u03b1 \u03b5\u03ba\u03c4\u03b5\u03bd\u03ae \u03b3\u03ba\u03b1\u03bb\u03b5\u03c1\u03af \u03c0\u03c1\u03bf\u03ba\u03b1\u03c4\u03b1\u03c3\u03ba\u03b5\u03c5\u03b1\u03c3\u03bc\u03ad\u03bd\u03c9\u03bd \u03bf\u03b9\u03ba\u03b9\u03ce\u03bd,","og_url":"https:\/\/www.kofinas.gr\/es\/galeria-prefabricada-2\/","og_site_name":"\u039a\u03bf\u03c6\u03b9\u03bd\u03ac\u03c2 \u03a0\u03c1\u03bf\u03ba\u03b1\u03c4\u03b1\u03c3\u03ba\u03b5\u03c5\u03b1\u03c3\u03bc\u03ad\u03bd\u03b1 \u03c3\u03c0\u03af\u03c4\u03b9\u03b1 - \u03a0\u03c1\u03bf\u03ba\u03ac\u03c4","article_publisher":"https:\/\/www.facebook.com\/kofinas.prokataskevasmena","article_modified_time":"2024-05-17T10:19:44+00:00","og_image":[{"width":960,"height":639,"url":"https:\/\/www.kofinas.gr\/wp-content\/uploads\/2021\/01\/Gallery-1.jpg","type":"image\/jpeg"}],"twitter_card":"summary_large_image","twitter_site":"@kofinas_prokat","twitter_misc":{"Tiempo de lectura":"2 minutos"},"schema":{"@context":"https:\/\/schema.org","@graph":[{"@type":"WebPage","@id":"https:\/\/www.kofinas.gr\/bg\/%d1%81%d0%b3%d0%bb%d0%be%d0%b1%d1%8f%d0%b5%d0%bc%d0%b0-%d0%b3%d0%b0%d0%bb%d0%b5%d1%80%d0%b8%d1%8f-3\/","url":"https:\/\/www.kofinas.gr\/bg\/%d1%81%d0%b3%d0%bb%d0%be%d0%b1%d1%8f%d0%b5%d0%bc%d0%b0-%d0%b3%d0%b0%d0%bb%d0%b5%d1%80%d0%b8%d1%8f-3\/","name":"Galer\u00eda - PREFABRICADOS | Casas prefabricadas Kofinas - Prefabricadas","isPartOf":{"@id":"https:\/\/www.kofinas.gr\/#website"},"primaryImageOfPage":{"@id":"https:\/\/www.kofinas.gr\/bg\/%d1%81%d0%b3%d0%bb%d0%be%d0%b1%d1%8f%d0%b5%d0%bc%d0%b0-%d0%b3%d0%b0%d0%bb%d0%b5%d1%80%d0%b8%d1%8f-3\/#primaryimage"},"image":{"@id":"https:\/\/www.kofinas.gr\/bg\/%d1%81%d0%b3%d0%bb%d0%be%d0%b1%d1%8f%d0%b5%d0%bc%d0%b0-%d0%b3%d0%b0%d0%bb%d0%b5%d1%80%d0%b8%d1%8f-3\/#primaryimage"},"thumbnailUrl":"https:\/\/www.kofinas.gr\/wp-content\/uploads\/2021\/01\/Gallery-1.jpg","datePublished":"2021-01-05T12:44:08+00:00","dateModified":"2024-05-17T10:19:44+00:00","description":"Galer\u00eda - PREFABRICADOS | El sitio web de la empresa Kofinas incluye una extensa galer\u00eda de casas prefabricadas,","breadcrumb":{"@id":"https:\/\/www.kofinas.gr\/bg\/%d1%81%d0%b3%d0%bb%d0%be%d0%b1%d1%8f%d0%b5%d0%bc%d0%b0-%d0%b3%d0%b0%d0%bb%d0%b5%d1%80%d0%b8%d1%8f-3\/#breadcrumb"},"inLanguage":"es","potentialAction":[{"@type":"ReadAction","target":["https:\/\/www.kofinas.gr\/bg\/%d1%81%d0%b3%d0%bb%d0%be%d0%b1%d1%8f%d0%b5%d0%bc%d0%b0-%d0%b3%d0%b0%d0%bb%d0%b5%d1%80%d0%b8%d1%8f-3\/"]}]},{"@type":"ImageObject","inLanguage":"es","@id":"https:\/\/www.kofinas.gr\/bg\/%d1%81%d0%b3%d0%bb%d0%be%d0%b1%d1%8f%d0%b5%d0%bc%d0%b0-%d0%b3%d0%b0%d0%bb%d0%b5%d1%80%d0%b8%d1%8f-3\/#primaryimage","url":"https:\/\/www.kofinas.gr\/wp-content\/uploads\/2021\/01\/Gallery-1.jpg","contentUrl":"https:\/\/www.kofinas.gr\/wp-content\/uploads\/2021\/01\/Gallery-1.jpg","width":960,"height":639,"caption":"Prokataskeuasmena spitia KOFINAS SA, Energeiaki apodosi, antiseismika, xamili katanalwsi, villa,oikologiki katoikia"},{"@type":"BreadcrumbList","@id":"https:\/\/www.kofinas.gr\/bg\/%d1%81%d0%b3%d0%bb%d0%be%d0%b1%d1%8f%d0%b5%d0%bc%d0%b0-%d0%b3%d0%b0%d0%bb%d0%b5%d1%80%d0%b8%d1%8f-3\/#breadcrumb","itemListElement":[{"@type":"ListItem","position":1,"name":"Home","item":"https:\/\/www.kofinas.gr\/"},{"@type":"ListItem","position":2,"name":"Gallery- \u03a0\u03a1\u039f\u039a\u0391\u03a4\u0391\u03a3\u039a\u0395\u03a5\u0391\u03a3\u039c\u0395\u039d\u03a9\u039d"}]},{"@type":"WebSite","@id":"https:\/\/www.kofinas.gr\/#website","url":"https:\/\/www.kofinas.gr\/","name":"Kofinas Casas prefabricadas - Prefabricadas","description":"\u00a1Construimos tu casa en Grecia y en cualquier lugar de Europa!","publisher":{"@id":"https:\/\/www.kofinas.gr\/#organization"},"alternateName":"\u039a\u039f\u03a6\u0399\u039d\u0391\u03a3 \u03a0\u03c1\u03bf\u03ba\u03b1\u03c4\u03b1\u03c3\u03ba\u03b5\u03c5\u03b1\u03c3\u03bc\u03ad\u03bd\u03b1 \u03a3\u03c0\u03af\u03c4\u03b9\u03b1 \u03ba\u03b1\u03b9 \u03a4\u03bf\u03c5\u03c1\u03b9\u03c3\u03c4\u03b9\u03ba\u03ac \u039a\u03b1\u03c4\u03b1\u03bb\u03cd\u03bc\u03b1\u03c4\u03b1","potentialAction":[{"@type":"SearchAction","target":{"@type":"EntryPoint","urlTemplate":"https:\/\/www.kofinas.gr\/?s={search_term_string}"},"query-input":{"@type":"PropertyValueSpecification","valueRequired":true,"valueName":"search_term_string"}}],"inLanguage":"es"},{"@type":"Organization","@id":"https:\/\/www.kofinas.gr\/#organization","name":"Kofinas SA","alternateName":"Construction Company that constuct Prefabricated houses","url":"https:\/\/www.kofinas.gr\/","logo":{"@type":"ImageObject","inLanguage":"es","@id":"https:\/\/www.kofinas.gr\/#\/schema\/logo\/image\/","url":"https:\/\/www.kofinas.gr\/wp-content\/uploads\/2025\/03\/360new-logo-25.gif","contentUrl":"https:\/\/www.kofinas.gr\/wp-content\/uploads\/2025\/03\/360new-logo-25.gif","width":230,"height":70,"caption":"Kofinas SA"},"image":{"@id":"https:\/\/www.kofinas.gr\/#\/schema\/logo\/image\/"},"sameAs":["https:\/\/www.facebook.com\/kofinas.prokataskevasmena","https:\/\/x.com\/kofinas_prokat","https:\/\/www.linkedin.com\/company\/kofinas-sa","https:\/\/www.instagram.com\/kofinasprefab\/","https:\/\/www.youtube.com\/channel\/UCEAifY31SuyQHHz_I3P4IVg"],"description":"KOFINAS SA \u2013 Casas prefabricadas Legado e innovaci\u00f3n Fundada en 1977, KOFINAS SA se ha convertido en una de las empresas l\u00edderes de Grecia en el sector de las casas prefabricadas. Su filosof\u00eda subraya la innovaci\u00f3n continua: no pretenden construir m\u00e1s casas, sino construir mejores casas. Resistencia y certificaci\u00f3n El sistema de construcci\u00f3n \u00fanico de la empresa se ha sometido a rigurosas pruebas experimentales en la Universidad T\u00e9cnica Nacional de Atenas, lo que demuestra su durabilidad mucho m\u00e1s all\u00e1 de los l\u00edmites de resistencia natural. Las innovaciones introducidas por KOFINAS son reconocidas y certificadas internacionalmente. Sostenibilidad y construcci\u00f3n ecol\u00f3gica KOFINAS utiliza madera sueca y finlandesa como su principal material de construcci\u00f3n, logrando una huella de carbono notablemente baja: reemplazar los materiales convencionales con madera reduce las emisiones de di\u00f3xido de carbono en 1,1 toneladas por metro c\u00fabico. En colaboraci\u00f3n con aserraderos n\u00f3rdicos, por cada \u00e1rbol talado, se plantan de tres a cinco \u00e1rboles nuevos, lo que resulta en una huella de carbono negativa. Adem\u00e1s, sus casas cuentan con un dise\u00f1o bioclim\u00e1tico y logran reducciones de consumo energ\u00e9tico de 75%\u201380% en comparaci\u00f3n con los edificios convencionales, lo que a menudo les otorga certificados de eficiencia energ\u00e9tica A. Instalaciones de producci\u00f3n avanzadas KOFINAS opera una f\u00e1brica moderna, construida seg\u00fan los est\u00e1ndares europeos, con certificaci\u00f3n ISO 14001, lo que garantiza una calidad y una gesti\u00f3n ambiental de primer nivel en la producci\u00f3n de viviendas prefabricadas. Amplia gama de dise\u00f1os personalizados Su cat\u00e1logo incluye casas de una, dos y tres plantas, unidades de planta baja con lofts, casas pasivas y alojamientos tur\u00edsticos. Tambi\u00e9n ofrecen la serie &quot;FlexyHome&quot; y las casas de troncos finlandeses Finnlamelli, que brindan versatilidad para satisfacer diversas necesidades est\u00e9ticas y funcionales. Equipo experimentado y red nacional KOFINAS cuenta con un equipo cualificado y multidisciplinario, que incluye ingenieros civiles y arquitectos, que supervisan el dise\u00f1o, la tramitaci\u00f3n de permisos y la implementaci\u00f3n del proyecto con una tasa de \u00e9xito de 100%. La empresa ha construido una s\u00f3lida red de ventas y distribuci\u00f3n.","email":"info@kofinas.gr","telephone":"00302106081307","legalName":"KOFINAS SA","foundingDate":"1977-03-07","vatID":"EL081136701","duns":"503265836","numberOfEmployees":{"@type":"QuantitativeValue","minValue":"11","maxValue":"50"},"publishingPrinciples":"https:\/\/www.kofinas.gr\/%cf%80%ce%bf%ce%bb%ce%b9%cf%84%ce%b9%ce%ba%ce%ae-%ce%b5%cf%84%ce%b1%ce%b9%cf%81%ce%af%ce%b1%cf%82-%ce%ba%ce%bf%cf%86%ce%b9%ce%bd%ce%b1%cf%83-%ce%b1%ce%b5\/","ownershipFundingInfo":"https:\/\/www.kofinas.gr\/%ce%b5%cf%84%ce%b1%ce%b9%cf%81%ce%af%ce%b1\/","actionableFeedbackPolicy":"https:\/\/www.kofinas.gr\/prosopika-dedomena\/"}]}},"_links":{"self":[{"href":"https:\/\/www.kofinas.gr\/es\/wp-json\/wp\/v2\/pages\/29915","targetHints":{"allow":["GET"]}}],"collection":[{"href":"https:\/\/www.kofinas.gr\/es\/wp-json\/wp\/v2\/pages"}],"about":[{"href":"https:\/\/www.kofinas.gr\/es\/wp-json\/wp\/v2\/types\/page"}],"author":[{"embeddable":true,"href":"https:\/\/www.kofinas.gr\/es\/wp-json\/wp\/v2\/users\/3"}],"replies":[{"embeddable":true,"href":"https:\/\/www.kofinas.gr\/es\/wp-json\/wp\/v2\/comments?post=29915"}],"version-history":[{"count":5,"href":"https:\/\/www.kofinas.gr\/es\/wp-json\/wp\/v2\/pages\/29915\/revisions"}],"predecessor-version":[{"id":97718,"href":"https:\/\/www.kofinas.gr\/es\/wp-json\/wp\/v2\/pages\/29915\/revisions\/97718"}],"wp:featuredmedia":[{"embeddable":true,"href":"https:\/\/www.kofinas.gr\/es\/wp-json\/wp\/v2\/media\/29921"}],"wp:attachment":[{"href":"https:\/\/www.kofinas.gr\/es\/wp-json\/wp\/v2\/media?parent=29915"}],"curies":[{"name":"gracias","href":"https:\/\/api.w.org\/{rel}","templated":true}]}}