{"id":86775,"date":"2016-08-04T14:54:49","date_gmt":"2016-08-04T12:54:49","guid":{"rendered":"https:\/\/www.kofinas.gr\/vorgefertigte-haeuser\/"},"modified":"2022-07-06T16:14:00","modified_gmt":"2022-07-06T14:14:00","slug":"prefabricated-houses","status":"publish","type":"page","link":"https:\/\/www.kofinas.gr\/en_nz\/prefabricated-houses\/","title":{"rendered":"Prefabricated houses"},"content":{"rendered":"<div class=\"wp-block-image\"><figure class=\"aligncenter size-full\"><a href=\"https:\/\/www.kofinas.gr\/en_nz\/basket-certifications\/\"><img decoding=\"async\" src=\"https:\/\/www.kofinas.gr\/wp-content\/uploads\/2022\/05\/&#x3A0;&#x3BF;&#x3B9;&#x3C3;&#x3C4;&#x3BF;&#x3C0;&#x3BF;&#x3B9;&#x3AE;&#x3C3;&#x3B5;&#x3B9;&#x3C2;-&#x3BA;&#x3B1;&#x3B9;-&#x3B4;&#x3B9;&#x3B1;&#x3BA;&#x3C1;&#x3AF;&#x3C3;&#x3B5;&#x3B9;&#x3C2;-&#x3B5;&#x3C4;&#x3B1;&#x3B9;&#x3C1;&#x3AF;&#x3B1;&#x3C2;.png\" alt=\"Kofinas-for-sale-villa-green-domisi-spiti-oneirwn-khpos-pisina design new house kofinas, plan\" class=\"wp-image-46389\"\/><\/a><\/figure><\/div>\n\n<div class=\"wp-block-columns align-items-center is-layout-flex wp-container-core-columns-is-layout-9d6595d7 wp-block-columns-is-layout-flex\">\n<div class=\"wp-block-column is-layout-flow wp-block-column-is-layout-flow\" style=\"flex-basis:33%\">\n<div class=\"wp-block-image\"><figure class=\"aligncenter is-resized\"><img decoding=\"async\" src=\"\/wp-content\/uploads\/kofinas\/icons\/ikon_prokataske_orange.png\" alt=\"Avatar\" width=\"100\" height=\"100\"\/><\/figure><\/div>\n\n\n\n<p class=\"has-text-align-center\">Prefabricated houses<\/p>\n\n\n\n<p class=\"has-text-align-center\">Since 1977, our company has been researched and researched, which over the years has led to a continuous development and the creation of new houses.<\/p>\n<\/div>\n\n\n\n<div class=\"wp-block-column is-layout-flow wp-block-column-is-layout-flow\" style=\"flex-basis:67%\">\n<p><strong>Prefabricated houses<\/strong><\/p>\n\n\n\n<p>The offer to <a href=\"https:\/\/www.kofinas.gr\/en_nz\/%cf%80%cf%81%ce%bf%ce%ba%ce%b1%cf%84%ce%b1%cf%83%ce%ba%ce%b5%cf%85%ce%b1%cf%83%ce%bc%ce%ad%ce%bd%ce%b5%cf%82-%ce%ba%ce%b1%cf%84%ce%bf%ce%b9%ce%ba%ce%af%ce%b5%cf%82\/times-kostologimenes-katoikies\/\">Prefabricated houses<\/a> ist das Ergebnis der st\u00e4ndigen Vichsamkeit und technologische Entwicklung unseres Unternehmens. In der Fertighausserie, all innovative elements of construction were recognized both by international organizations and also by our hundreds of satisfied customers.<\/p>\n\n\n\n<p>  Die experimentalellen Tests unserer Konstruktionen sind ein Referenzpunkt, der die enorme St\u00e4rke unserer H\u00e4user bechty\u00e4tt. Since the company concentrates on the energy sector of construction, swedish wood is used as the main construction material, which makes the house completely ecological, since the replacement of conventional building materials by wood in the construction of houses reduces the carbon dioxide emissions in the atmosphere by tons per cubic meter. Dies Gilt Umso Mehr, Als Unser Unternehmen Mit Holzfabriken Zusammenarbeitet, Die Die B\u00e4ume Wieder Aufforsten und Damit Einen Im Wesentlichen Negaativen Kohlenstoff-Fu\u00dfabdruck Hinterrasen.<\/p>\n\n\n\n<p><em>In the framework of a global development, the company also concentrated on the energy sector in construction.<\/em>  The bioclimatic Gestaltung der H\u00e4user in Kombination mit dem W\u00e4rmerdurchgangskoeffizienten des Mauerwerks Kofinas, der eine K\u00fcnkung des Energieverbrauchs um 75-80 % im Vergleich zu conventionalem Mauerwerk erreicht, kann nachweislich dokutieren, warum die H\u00e4users unseres Unternehmens bereits Energieeffizienzzertifikate A, aber auch eine internationale Anerkennung haben erhalten!<\/p>\n\n\n\n<p class=\"has-text-align-center\"> <strong>PREFABRICATED HOUSES BY COFINA<\/strong> <\/p>\n\n\n\n<p><em>Das Unternehmen Kofinas macht keine Pause bei der Innovation. St\u00e4ndig Importe<\/em> <strong> new data<\/strong><em> im Wohnungsbau, identifiziert und &#8220;<\/em><strong>certified<\/strong><em>&#8220;Sowohl von unseren Hunderten von zufriedenen Kunden als auch von der Nationalen Technischen Universit\u00e4t Athen, wo das einzigartige Bausystem von Kofinas auf seine Langlebigkeit getestet wurde.<\/em><strong> \u00dcberschreitung jeder physischen Kraftgrenze<\/strong><em>.<\/em><\/p>\n\n\n\n<p><em>Die Firma Kofinas has in ihrem Arbeitsteam vertrauenw\u00fcrdige Partner und H\u00e4ndler versammelt und ein Vertriebsnetz gesch\u00e4ften<\/em><strong> throughout Greece<\/strong><em>und exportieren gleichelichte und in der gleichen<\/em><strong> abroad<\/strong><em>.<\/em><\/p>\n<\/div>\n<\/div>","protected":false},"excerpt":{"rendered":"<p>Vorgefertigte H\u00e4user Seit 1977 wird in unserem Unternehmen gesucht und geforscht, was im Laufe der Jahrzehnte eine kontinuierliche Entwicklung gebracht und den Neubau von Fertigh\u00e4usern gepr\u00e4gt hat. Vorgefertigte H\u00e4user Das Angebot an Fertigh\u00e4usern ist das Ergebnis der st\u00e4ndigen Wachsamkeit und technologischen Entwicklung unseres Unternehmens. In der Fertighausserie werden alle innovativen Elemente der Konstruktion sowohl von [&hellip;]<\/p>","protected":false},"author":3,"featured_media":71711,"parent":0,"menu_order":11,"comment_status":"closed","ping_status":"closed","template":"page-landing.php","meta":{"_acf_changed":false,"footnotes":""},"class_list":["post-86775","page","type-page","status-publish","has-post-thumbnail","hentry"],"acf":[],"yoast_head":"<!-- This site is optimized with the Yoast SEO Premium plugin v26.6 (Yoast SEO v26.6) - https:\/\/yoast.com\/wordpress\/plugins\/seo\/ -->\n<title>Vorgefertigte H\u00e4user | \u039a\u03bf\u03c6\u03b9\u03bd\u03ac\u03c2 \u03a0\u03c1\u03bf\u03ba\u03b1\u03c4\u03b1\u03c3\u03ba\u03b5\u03c5\u03b1\u03c3\u03bc\u03ad\u03bd\u03b1 \u03c3\u03c0\u03af\u03c4\u03b9\u03b1 - \u03a0\u03c1\u03bf\u03ba\u03ac\u03c4 Vorgefertigte H\u00e4user<\/title>\n<meta name=\"description\" content=\"Die Serie der Fertigh\u00e4user ist das Ergebnis der st\u00e4ndigen Wachsamkeit und technologischen Entwicklung unseres Unternehmens.\" \/>\n<meta name=\"robots\" content=\"index, follow, max-snippet:-1, max-image-preview:large, max-video-preview:-1\" \/>\n<link rel=\"canonical\" href=\"https:\/\/www.kofinas.gr\/en_nz\/prefabricated-houses\/\" \/>\n<meta property=\"og:locale\" content=\"en_US\" \/>\n<meta property=\"og:type\" content=\"article\" \/>\n<meta property=\"og:title\" content=\"Vorgefertigte H\u00e4user\" \/>\n<meta property=\"og:description\" content=\"Die Serie der Fertigh\u00e4user ist das Ergebnis der st\u00e4ndigen Wachsamkeit und technologischen Entwicklung unseres Unternehmens.\" \/>\n<meta property=\"og:url\" content=\"https:\/\/www.kofinas.gr\/en_nz\/prefabricated-houses\/\" \/>\n<meta property=\"og:site_name\" content=\"\u039a\u03bf\u03c6\u03b9\u03bd\u03ac\u03c2 \u03a0\u03c1\u03bf\u03ba\u03b1\u03c4\u03b1\u03c3\u03ba\u03b5\u03c5\u03b1\u03c3\u03bc\u03ad\u03bd\u03b1 \u03c3\u03c0\u03af\u03c4\u03b9\u03b1 - \u03a0\u03c1\u03bf\u03ba\u03ac\u03c4\" \/>\n<meta property=\"article:publisher\" content=\"https:\/\/www.facebook.com\/kofinas.prokataskevasmena\" \/>\n<meta property=\"article:modified_time\" content=\"2022-07-06T14:14:00+00:00\" \/>\n<meta property=\"og:image\" content=\"https:\/\/www.kofinas.gr\/wp-content\/uploads\/2020\/04\/\u039a\u03bf\u03c6\u03b9\u03bd\u03ac\u03c2-\u03c0\u03c1\u03bf\u03ba\u03b1\u03c4\u03b1\u03c3\u03ba\u03b5\u03c5\u03b1\u03c3\u03bc\u03ad\u03bd\u03b1-2-story-house.jpg\" \/>\n\t<meta property=\"og:image:width\" content=\"1900\" \/>\n\t<meta property=\"og:image:height\" content=\"800\" \/>\n\t<meta property=\"og:image:type\" content=\"image\/jpeg\" \/>\n<meta name=\"twitter:card\" content=\"summary_large_image\" \/>\n<meta name=\"twitter:site\" content=\"@kofinas_prokat\" \/>\n<meta name=\"twitter:label1\" content=\"Est. reading time\" \/>\n\t<meta name=\"twitter:data1\" content=\"2 minutes\" \/>\n<script type=\"application\/ld+json\" class=\"yoast-schema-graph\">{\"@context\":\"https:\/\/schema.org\",\"@graph\":[{\"@type\":\"WebPage\",\"@id\":\"https:\/\/www.kofinas.gr\/zh\/%e9%a2%84%e5%88%b6%e6%88%bf%e5%b1%8b\/\",\"url\":\"https:\/\/www.kofinas.gr\/zh\/%e9%a2%84%e5%88%b6%e6%88%bf%e5%b1%8b\/\",\"name\":\"Vorgefertigte H\u00e4user | \u039a\u03bf\u03c6\u03b9\u03bd\u03ac\u03c2 \u03a0\u03c1\u03bf\u03ba\u03b1\u03c4\u03b1\u03c3\u03ba\u03b5\u03c5\u03b1\u03c3\u03bc\u03ad\u03bd\u03b1 \u03c3\u03c0\u03af\u03c4\u03b9\u03b1 - \u03a0\u03c1\u03bf\u03ba\u03ac\u03c4 Vorgefertigte H\u00e4user\",\"isPartOf\":{\"@id\":\"https:\/\/www.kofinas.gr\/#website\"},\"primaryImageOfPage\":{\"@id\":\"https:\/\/www.kofinas.gr\/zh\/%e9%a2%84%e5%88%b6%e6%88%bf%e5%b1%8b\/#primaryimage\"},\"image\":{\"@id\":\"https:\/\/www.kofinas.gr\/zh\/%e9%a2%84%e5%88%b6%e6%88%bf%e5%b1%8b\/#primaryimage\"},\"thumbnailUrl\":\"https:\/\/www.kofinas.gr\/wp-content\/uploads\/2020\/04\/\u039a\u03bf\u03c6\u03b9\u03bd\u03ac\u03c2-\u03c0\u03c1\u03bf\u03ba\u03b1\u03c4\u03b1\u03c3\u03ba\u03b5\u03c5\u03b1\u03c3\u03bc\u03ad\u03bd\u03b1-2-story-house.jpg\",\"datePublished\":\"2016-08-04T12:54:49+00:00\",\"dateModified\":\"2022-07-06T14:14:00+00:00\",\"description\":\"Die Serie der Fertigh\u00e4user ist das Ergebnis der st\u00e4ndigen Wachsamkeit und technologischen Entwicklung unseres Unternehmens.\",\"breadcrumb\":{\"@id\":\"https:\/\/www.kofinas.gr\/zh\/%e9%a2%84%e5%88%b6%e6%88%bf%e5%b1%8b\/#breadcrumb\"},\"inLanguage\":\"en-NZ\",\"potentialAction\":[{\"@type\":\"ReadAction\",\"target\":[\"https:\/\/www.kofinas.gr\/zh\/%e9%a2%84%e5%88%b6%e6%88%bf%e5%b1%8b\/\"]}]},{\"@type\":\"ImageObject\",\"inLanguage\":\"en-NZ\",\"@id\":\"https:\/\/www.kofinas.gr\/zh\/%e9%a2%84%e5%88%b6%e6%88%bf%e5%b1%8b\/#primaryimage\",\"url\":\"https:\/\/www.kofinas.gr\/wp-content\/uploads\/2020\/04\/\u039a\u03bf\u03c6\u03b9\u03bd\u03ac\u03c2-\u03c0\u03c1\u03bf\u03ba\u03b1\u03c4\u03b1\u03c3\u03ba\u03b5\u03c5\u03b1\u03c3\u03bc\u03ad\u03bd\u03b1-2-story-house.jpg\",\"contentUrl\":\"https:\/\/www.kofinas.gr\/wp-content\/uploads\/2020\/04\/\u039a\u03bf\u03c6\u03b9\u03bd\u03ac\u03c2-\u03c0\u03c1\u03bf\u03ba\u03b1\u03c4\u03b1\u03c3\u03ba\u03b5\u03c5\u03b1\u03c3\u03bc\u03ad\u03bd\u03b1-2-story-house.jpg\",\"width\":1900,\"height\":800,\"caption\":\"Kofinas-prokataskeuasmena \u039a\u03bf\u03c6\u03b9\u03bd\u03b1\u03c2 \u03c0\u03c1\u03bf\u03ba\u03b1\u03c4\u03b1\u03ba\u03c3\u03b5\u03c5\u03b1\u03c3\u03bc\u03ad\u03bd\u03b1 \u03c3\u03c0\u03af\u03c4\u03b9\u03b1-\u0392\u03af\u03bb\u03bb\u03b1 \u03bc\u03b5 \u03c0\u03b9\u03c3\u03af\u03bd\u03b1-\u03c0\u03c1\u03ac\u03c3\u03b9\u03bd\u03b7 \u03b4\u03cc\u03bc\u03b7\u03c3\u03b7-\u03b5\u03bd\u03b5\u03c1\u03b3\u03b5\u03b9\u03b1\u03ba\u03ae \u03ba\u03b1\u03c4\u03bf\u03b9\u03ba\u03af\u03b1-\u03b1\u03bd\u03c4\u03b9\u03c3\u03b5\u03b9\u03c3\u03bc\u03b9\u03ba\u03cc \u03c3\u03c0\u03af\u03c4\u03b9\"},{\"@type\":\"BreadcrumbList\",\"@id\":\"https:\/\/www.kofinas.gr\/zh\/%e9%a2%84%e5%88%b6%e6%88%bf%e5%b1%8b\/#breadcrumb\",\"itemListElement\":[{\"@type\":\"ListItem\",\"position\":1,\"name\":\"Home\",\"item\":\"https:\/\/www.kofinas.gr\/\"},{\"@type\":\"ListItem\",\"position\":2,\"name\":\"Vorgefertigte H\u00e4user\"}]},{\"@type\":\"WebSite\",\"@id\":\"https:\/\/www.kofinas.gr\/#website\",\"url\":\"https:\/\/www.kofinas.gr\/\",\"name\":\"\u039a\u03bf\u03c6\u03b9\u03bd\u03ac\u03c2 \u03a0\u03c1\u03bf\u03ba\u03b1\u03c4\u03b1\u03c3\u03ba\u03b5\u03c5\u03b1\u03c3\u03bc\u03ad\u03bd\u03b1 \u03c3\u03c0\u03af\u03c4\u03b9\u03b1 - \u03a0\u03c1\u03bf\u03ba\u03ac\u03c4\",\"description\":\"\u039a\u03b1\u03c4\u03b1\u03c3\u03ba\u03b5\u03c5\u03ac\u03b6\u03bf\u03c5\u03bc\u03b5 \u03c4\u03bf \u03c3\u03c0\u03af\u03c4\u03b9 \u03c3\u03b1\u03c2 \u03c3\u03c4\u03b7\u03bd \u03b5\u03bb\u03bb\u03ac\u03b4\u03b1 \u03ba\u03b1\u03b9 \u03bf\u03c0\u03bf\u03c5\u03b4\u03ae\u03c0\u03bf\u03c4\u03b5 \u03c3\u03c4\u03b7\u03bd \u0395\u03c5\u03c1\u03ce\u03c0\u03b7!\",\"publisher\":{\"@id\":\"https:\/\/www.kofinas.gr\/#organization\"},\"alternateName\":\"\u039a\u039f\u03a6\u0399\u039d\u0391\u03a3 \u03a0\u03c1\u03bf\u03ba\u03b1\u03c4\u03b1\u03c3\u03ba\u03b5\u03c5\u03b1\u03c3\u03bc\u03ad\u03bd\u03b1 \u03a3\u03c0\u03af\u03c4\u03b9\u03b1 \u03ba\u03b1\u03b9 \u03a4\u03bf\u03c5\u03c1\u03b9\u03c3\u03c4\u03b9\u03ba\u03ac \u039a\u03b1\u03c4\u03b1\u03bb\u03cd\u03bc\u03b1\u03c4\u03b1\",\"potentialAction\":[{\"@type\":\"SearchAction\",\"target\":{\"@type\":\"EntryPoint\",\"urlTemplate\":\"https:\/\/www.kofinas.gr\/?s={search_term_string}\"},\"query-input\":{\"@type\":\"PropertyValueSpecification\",\"valueRequired\":true,\"valueName\":\"search_term_string\"}}],\"inLanguage\":\"en-NZ\"},{\"@type\":\"Organization\",\"@id\":\"https:\/\/www.kofinas.gr\/#organization\",\"name\":\"Kofinas SA\",\"alternateName\":\"Construction Company that constuct Prefabricated houses\",\"url\":\"https:\/\/www.kofinas.gr\/\",\"logo\":{\"@type\":\"ImageObject\",\"inLanguage\":\"en-NZ\",\"@id\":\"https:\/\/www.kofinas.gr\/#\/schema\/logo\/image\/\",\"url\":\"https:\/\/www.kofinas.gr\/wp-content\/uploads\/2025\/03\/360new-logo-25.gif\",\"contentUrl\":\"https:\/\/www.kofinas.gr\/wp-content\/uploads\/2025\/03\/360new-logo-25.gif\",\"width\":230,\"height\":70,\"caption\":\"Kofinas SA\"},\"image\":{\"@id\":\"https:\/\/www.kofinas.gr\/#\/schema\/logo\/image\/\"},\"sameAs\":[\"https:\/\/www.facebook.com\/kofinas.prokataskevasmena\",\"https:\/\/x.com\/kofinas_prokat\",\"https:\/\/www.linkedin.com\/company\/kofinas-sa\",\"https:\/\/www.instagram.com\/kofinasprefab\/\",\"https:\/\/www.youtube.com\/channel\/UCEAifY31SuyQHHz_I3P4IVg\"],\"description\":\"KOFINAS SA \u2013 Prefabricated Homes Founded Legacy & Innovation Established in 1977, KOFINAS SA has grown into one of Greece\u2019s leading firms in the prefabricated housing sector. Their philosophy underscores continuous innovation\u2014they don't aim to build more homes, but to build better homes Strength & Certification The company's unique construction system has undergone rigorous experimental testing at the National Technical University of Athens, proving its durability well beyond natural endurance limits. Innovations introduced by KOFINAS are internationally recognized and certified. Sustainability & Eco Friendly Building KOFINAS uses Swedish and Finnish timber as its primary construction material, achieving a notably low carbon footprint: replacing conventional materials with wood reduces carbon dioxide emissions by 1.1 tons per cubic meter. In collaboration with Nordic sawmills, for every tree harvested, three to five new trees are planted, resulting in a negative carbon footprint. Additionally, their homes feature bioclimatic design and achieve energy consumption reductions of 75%\u201380% compared to conventional buildings\u2014often earning them energy efficiency A certificates. Advanced Production Facilities KOFINAS operates a modern factory, built to European standards, with ISO 14001 certification\u2014ensuring top-tier quality and environmental management in prefabricated housing production. Wide Range of Custom Designs Their catalog includes single , two , and three story homes, ground floor units with lofts, passive houses, and tourist accommodations. They also offer the \u201cFlexyHome\u201d series and Finnlamelli Finnish log houses, providing versatility to meet diverse aesthetic and functional needs. Experienced Team & Nationwide Network KOFINAS boasts a skilled, multidisciplinary team\u2014including civil and architectural engineers\u2014who oversee design, permit processing, and project implementation with a 100% success rate. The company has built a robust sales and distribution network\",\"email\":\"info@kofinas.gr\",\"telephone\":\"00302106081307\",\"legalName\":\"KOFINAS SA\",\"foundingDate\":\"1977-03-07\",\"vatID\":\"EL081136701\",\"duns\":\"503265836\",\"numberOfEmployees\":{\"@type\":\"QuantitativeValue\",\"minValue\":\"11\",\"maxValue\":\"50\"},\"publishingPrinciples\":\"https:\/\/www.kofinas.gr\/%cf%80%ce%bf%ce%bb%ce%b9%cf%84%ce%b9%ce%ba%ce%ae-%ce%b5%cf%84%ce%b1%ce%b9%cf%81%ce%af%ce%b1%cf%82-%ce%ba%ce%bf%cf%86%ce%b9%ce%bd%ce%b1%cf%83-%ce%b1%ce%b5\/\",\"ownershipFundingInfo\":\"https:\/\/www.kofinas.gr\/%ce%b5%cf%84%ce%b1%ce%b9%cf%81%ce%af%ce%b1\/\",\"actionableFeedbackPolicy\":\"https:\/\/www.kofinas.gr\/prosopika-dedomena\/\"}]}<\/script>\n<!-- \/ Yoast SEO Premium plugin. -->","yoast_head_json":{"title":"Prefabricated Houses | Kofinas Prefabricated Houses - Prefabricated Prefabricated Houses","description":"Die Serie der Fertigh\u00e4user ist das Ergebnis der st\u00e4ndigen Vigsamkeit und technologische Entwicklung unseres Unternehmens.","robots":{"index":"index","follow":"follow","max-snippet":"max-snippet:-1","max-image-preview":"max-image-preview:large","max-video-preview":"max-video-preview:-1"},"canonical":"https:\/\/www.kofinas.gr\/en_nz\/prefabricated-houses\/","og_locale":"en_US","og_type":"article","og_title":"Vorgefertigte H\u00e4user","og_description":"Die Serie der Fertigh\u00e4user ist das Ergebnis der st\u00e4ndigen Wachsamkeit und technologischen Entwicklung unseres Unternehmens.","og_url":"https:\/\/www.kofinas.gr\/en_nz\/prefabricated-houses\/","og_site_name":"\u039a\u03bf\u03c6\u03b9\u03bd\u03ac\u03c2 \u03a0\u03c1\u03bf\u03ba\u03b1\u03c4\u03b1\u03c3\u03ba\u03b5\u03c5\u03b1\u03c3\u03bc\u03ad\u03bd\u03b1 \u03c3\u03c0\u03af\u03c4\u03b9\u03b1 - \u03a0\u03c1\u03bf\u03ba\u03ac\u03c4","article_publisher":"https:\/\/www.facebook.com\/kofinas.prokataskevasmena","article_modified_time":"2022-07-06T14:14:00+00:00","og_image":[{"width":1900,"height":800,"url":"https:\/\/www.kofinas.gr\/wp-content\/uploads\/2020\/04\/\u039a\u03bf\u03c6\u03b9\u03bd\u03ac\u03c2-\u03c0\u03c1\u03bf\u03ba\u03b1\u03c4\u03b1\u03c3\u03ba\u03b5\u03c5\u03b1\u03c3\u03bc\u03ad\u03bd\u03b1-2-story-house.jpg","type":"image\/jpeg"}],"twitter_card":"summary_large_image","twitter_site":"@kofinas_prokat","twitter_misc":{"Est. reading time":"2 minutes"},"schema":{"@context":"https:\/\/schema.org","@graph":[{"@type":"WebPage","@id":"https:\/\/www.kofinas.gr\/zh\/%e9%a2%84%e5%88%b6%e6%88%bf%e5%b1%8b\/","url":"https:\/\/www.kofinas.gr\/zh\/%e9%a2%84%e5%88%b6%e6%88%bf%e5%b1%8b\/","name":"Prefabricated Houses | Kofinas Prefabricated Houses - Prefabricated Prefabricated Houses","isPartOf":{"@id":"https:\/\/www.kofinas.gr\/#website"},"primaryImageOfPage":{"@id":"https:\/\/www.kofinas.gr\/zh\/%e9%a2%84%e5%88%b6%e6%88%bf%e5%b1%8b\/#primaryimage"},"image":{"@id":"https:\/\/www.kofinas.gr\/zh\/%e9%a2%84%e5%88%b6%e6%88%bf%e5%b1%8b\/#primaryimage"},"thumbnailUrl":"https:\/\/www.kofinas.gr\/wp-content\/uploads\/2020\/04\/\u039a\u03bf\u03c6\u03b9\u03bd\u03ac\u03c2-\u03c0\u03c1\u03bf\u03ba\u03b1\u03c4\u03b1\u03c3\u03ba\u03b5\u03c5\u03b1\u03c3\u03bc\u03ad\u03bd\u03b1-2-story-house.jpg","datePublished":"2016-08-04T12:54:49+00:00","dateModified":"2022-07-06T14:14:00+00:00","description":"Die Serie der Fertigh\u00e4user ist das Ergebnis der st\u00e4ndigen Vigsamkeit und technologische Entwicklung unseres Unternehmens.","breadcrumb":{"@id":"https:\/\/www.kofinas.gr\/zh\/%e9%a2%84%e5%88%b6%e6%88%bf%e5%b1%8b\/#breadcrumb"},"inLanguage":"en-NZ","potentialAction":[{"@type":"ReadAction","target":["https:\/\/www.kofinas.gr\/zh\/%e9%a2%84%e5%88%b6%e6%88%bf%e5%b1%8b\/"]}]},{"@type":"ImageObject","inLanguage":"en-NZ","@id":"https:\/\/www.kofinas.gr\/zh\/%e9%a2%84%e5%88%b6%e6%88%bf%e5%b1%8b\/#primaryimage","url":"https:\/\/www.kofinas.gr\/wp-content\/uploads\/2020\/04\/\u039a\u03bf\u03c6\u03b9\u03bd\u03ac\u03c2-\u03c0\u03c1\u03bf\u03ba\u03b1\u03c4\u03b1\u03c3\u03ba\u03b5\u03c5\u03b1\u03c3\u03bc\u03ad\u03bd\u03b1-2-story-house.jpg","contentUrl":"https:\/\/www.kofinas.gr\/wp-content\/uploads\/2020\/04\/\u039a\u03bf\u03c6\u03b9\u03bd\u03ac\u03c2-\u03c0\u03c1\u03bf\u03ba\u03b1\u03c4\u03b1\u03c3\u03ba\u03b5\u03c5\u03b1\u03c3\u03bc\u03ad\u03bd\u03b1-2-story-house.jpg","width":1900,"height":800,"caption":"Kofinas-prokataskeuasmena \u039a\u03bf\u03c6\u03b9\u03bd\u03b1\u03c2 \u03c0\u03c1\u03bf\u03ba\u03b1\u03c4\u03b1\u03ba\u03c3\u03b5\u03c5\u03b1\u03c3\u03bc\u03ad\u03bd\u03b1 \u03c3\u03c0\u03af\u03c4\u03b9\u03b1-\u0392\u03af\u03bb\u03bb\u03b1 \u03bc\u03b5 \u03c0\u03b9\u03c3\u03af\u03bd\u03b1-\u03c0\u03c1\u03ac\u03c3\u03b9\u03bd\u03b7 \u03b4\u03cc\u03bc\u03b7\u03c3\u03b7-\u03b5\u03bd\u03b5\u03c1\u03b3\u03b5\u03b9\u03b1\u03ba\u03ae \u03ba\u03b1\u03c4\u03bf\u03b9\u03ba\u03af\u03b1-\u03b1\u03bd\u03c4\u03b9\u03c3\u03b5\u03b9\u03c3\u03bc\u03b9\u03ba\u03cc \u03c3\u03c0\u03af\u03c4\u03b9"},{"@type":"BreadcrumbList","@id":"https:\/\/www.kofinas.gr\/zh\/%e9%a2%84%e5%88%b6%e6%88%bf%e5%b1%8b\/#breadcrumb","itemListElement":[{"@type":"ListItem","position":1,"name":"Home","item":"https:\/\/www.kofinas.gr\/"},{"@type":"ListItem","position":2,"name":"Vorgefertigte H\u00e4user"}]},{"@type":"WebSite","@id":"https:\/\/www.kofinas.gr\/#website","url":"https:\/\/www.kofinas.gr\/","name":"Kofinas Prefabricated houses - Precast","description":"We build your home in Greece and anywhere in Europe!","publisher":{"@id":"https:\/\/www.kofinas.gr\/#organization"},"alternateName":"\u039a\u039f\u03a6\u0399\u039d\u0391\u03a3 \u03a0\u03c1\u03bf\u03ba\u03b1\u03c4\u03b1\u03c3\u03ba\u03b5\u03c5\u03b1\u03c3\u03bc\u03ad\u03bd\u03b1 \u03a3\u03c0\u03af\u03c4\u03b9\u03b1 \u03ba\u03b1\u03b9 \u03a4\u03bf\u03c5\u03c1\u03b9\u03c3\u03c4\u03b9\u03ba\u03ac \u039a\u03b1\u03c4\u03b1\u03bb\u03cd\u03bc\u03b1\u03c4\u03b1","potentialAction":[{"@type":"SearchAction","target":{"@type":"EntryPoint","urlTemplate":"https:\/\/www.kofinas.gr\/?s={search_term_string}"},"query-input":{"@type":"PropertyValueSpecification","valueRequired":true,"valueName":"search_term_string"}}],"inLanguage":"en-NZ"},{"@type":"Organization","@id":"https:\/\/www.kofinas.gr\/#organization","name":"Kofinas SA","alternateName":"Construction Company that constuct Prefabricated houses","url":"https:\/\/www.kofinas.gr\/","logo":{"@type":"ImageObject","inLanguage":"en-NZ","@id":"https:\/\/www.kofinas.gr\/#\/schema\/logo\/image\/","url":"https:\/\/www.kofinas.gr\/wp-content\/uploads\/2025\/03\/360new-logo-25.gif","contentUrl":"https:\/\/www.kofinas.gr\/wp-content\/uploads\/2025\/03\/360new-logo-25.gif","width":230,"height":70,"caption":"Kofinas SA"},"image":{"@id":"https:\/\/www.kofinas.gr\/#\/schema\/logo\/image\/"},"sameAs":["https:\/\/www.facebook.com\/kofinas.prokataskevasmena","https:\/\/x.com\/kofinas_prokat","https:\/\/www.linkedin.com\/company\/kofinas-sa","https:\/\/www.instagram.com\/kofinasprefab\/","https:\/\/www.youtube.com\/channel\/UCEAifY31SuyQHHz_I3P4IVg"],"description":"KOFINAS SA \u2013 Prefabricated Homes Founded Legacy &amp; Innovation Established in 1977, KOFINAS SA has grown into one of Greece&#039;s leading firms in the prefabricated housing sector. Their philosophy underscores continuous innovation\u2014they don&#039;t aim to build more homes, but to build better homes Strength &amp; Certification The company&#039;s unique construction system has undergone rigorous experimental testing at the National Technical University of Athens, proving its durability well beyond natural endurance limits. Innovations introduced by KOFINAS are internationally recognized and certified. Sustainability &amp; Eco Friendly Building KOFINAS uses Swedish and Finnish timber as its primary construction material, achieving a remarkably low carbon footprint: replacing conventional materials with wood reduces carbon dioxide emissions by 1.1 tons per cubic meter. In collaboration with Nordic sawmills, for every tree harvested, three to five new trees are planted, resulting in a negative carbon footprint. Additionally, their homes feature bioclimatic design and achieve energy consumption reductions of 75%\u201380% compared to conventional buildings\u2014often earning them energy efficiency A certificates. Advanced Production Facilities KOFINAS operates a modern factory, built to European standards, with ISO 14001 certification\u2014ensuring top-tier quality and environmental management in prefabricated housing production. Wide Range of Custom Designs Their catalog includes single, two, and three story homes, ground floor units with lofts, passive houses, and tourist accommodations. They also offer the \u201cFlexyHome\u201d series and Finnlamelli Finnish log houses, providing versatility to meet diverse aesthetic and functional needs. Experienced Team &amp; Nationwide Network KOFINAS boasts a skilled, multidisciplinary team\u2014including civil and architectural engineers\u2014who oversee design, permit processing, and project implementation with a 100% success rate. The company has built a robust sales and distribution network","email":"info@kofinas.gr","telephone":"00302106081307","legalName":"KOFINAS SA","foundingDate":"1977-03-07","vatID":"EL081136701","duns":"503265836","numberOfEmployees":{"@type":"QuantitativeValue","minValue":"11","maxValue":"50"},"publishingPrinciples":"https:\/\/www.kofinas.gr\/%cf%80%ce%bf%ce%bb%ce%b9%cf%84%ce%b9%ce%ba%ce%ae-%ce%b5%cf%84%ce%b1%ce%b9%cf%81%ce%af%ce%b1%cf%82-%ce%ba%ce%bf%cf%86%ce%b9%ce%bd%ce%b1%cf%83-%ce%b1%ce%b5\/","ownershipFundingInfo":"https:\/\/www.kofinas.gr\/%ce%b5%cf%84%ce%b1%ce%b9%cf%81%ce%af%ce%b1\/","actionableFeedbackPolicy":"https:\/\/www.kofinas.gr\/prosopika-dedomena\/"}]}},"_links":{"self":[{"href":"https:\/\/www.kofinas.gr\/en_nz\/wp-json\/wp\/v2\/pages\/86775","targetHints":{"allow":["GET"]}}],"collection":[{"href":"https:\/\/www.kofinas.gr\/en_nz\/wp-json\/wp\/v2\/pages"}],"about":[{"href":"https:\/\/www.kofinas.gr\/en_nz\/wp-json\/wp\/v2\/types\/page"}],"author":[{"embeddable":true,"href":"https:\/\/www.kofinas.gr\/en_nz\/wp-json\/wp\/v2\/users\/3"}],"replies":[{"embeddable":true,"href":"https:\/\/www.kofinas.gr\/en_nz\/wp-json\/wp\/v2\/comments?post=86775"}],"version-history":[{"count":0,"href":"https:\/\/www.kofinas.gr\/en_nz\/wp-json\/wp\/v2\/pages\/86775\/revisions"}],"wp:featuredmedia":[{"embeddable":true,"href":"https:\/\/www.kofinas.gr\/en_nz\/wp-json\/wp\/v2\/media\/71711"}],"wp:attachment":[{"href":"https:\/\/www.kofinas.gr\/en_nz\/wp-json\/wp\/v2\/media?parent=86775"}],"curies":[{"name":"wp","href":"https:\/\/api.w.org\/{rel}","templated":true}]}}