{"id":7554,"date":"2016-08-05T17:14:32","date_gmt":"2016-08-05T15:14:32","guid":{"rendered":"http:\/\/neo.kofinas.gr\/en\/?page_id=7554"},"modified":"2025-09-08T12:23:37","modified_gmt":"2025-09-08T10:23:37","slug":"was-ist-ein-flexyhome","status":"publish","type":"page","link":"https:\/\/www.kofinas.gr\/den\/flexyhome\/warum-ein-flexibles-kofinas-haus\/was-ist-ein-flexyhome\/","title":{"rendered":"Flexyhome: Was ist das?"},"content":{"rendered":"<p>Getestet von der <strong>Nationale Technische Universit\u00e4t Athen<\/strong>, das Konstruktionssystem von <img decoding=\"async\" src=\"\/wp-content\/uploads\/kofinas\/koflogo.png\" \/> Unternehmen, das hat <strong>beeindruckte Experten und Wissenschaftler<\/strong>, ist au\u00dfen mit bedeckt <img decoding=\"async\" src=\"\/wp-content\/uploads\/kofinas\/logocanexel.png\" \/>, Erstellen der <img decoding=\"async\" src=\"\/wp-content\/uploads\/kofinas\/flxhm.png\" \/> Serie, mit H\u00e4usern, die all Ihren Bed\u00fcrfnissen entsprechen!<\/p>\n<p style=\"text-align: justify;\"><strong>\u2022 F\u00fcr einen Hauptwohnsitz<br \/>\n\u2022 F\u00fcr ein Landhaus<br \/>\n\u2022 F\u00fcr eine Touristenunterkunft<br \/>\n\u2022 F\u00fcr jeden Einsatz\u2026<br \/>\n<\/strong><\/p>\n<p>Das <img decoding=\"async\" src=\"\/wp-content\/uploads\/kofinas\/flxhm.png\" \/> H\u00e4user, aufgrund der <img decoding=\"async\" src=\"\/wp-content\/uploads\/kofinas\/logocanexel.png\" \/> sind charakterisiert bei:<\/p>\n<p style=\"text-align: justify;\"><strong>a) ihre gro\u00dfe Anpassungsf\u00e4higkeit an alle Klimazonen, auch an die widrigen<br \/>\nb) durch ihre Best\u00e4ndigkeit gegen\u00fcber abrupten Temperaturschwankungen von hei\u00df und kalt<br \/>\nc) durch ihre hohe Feuchtigkeitsbest\u00e4ndigkeit<\/strong><\/p>\n<p>Das <img decoding=\"async\" src=\"\/wp-content\/uploads\/kofinas\/logocanexel.png\" \/> ist ein Produkt von <strong>Holz<\/strong>, speziell entwickelt f\u00fcr <a href=\"http:\/\/dimisign.gr\">Mauerwerk<\/a> Verkleidung, die seit Jahrzehnten verwendet wird <strong>gro\u00dfe Geb\u00e4ude und H\u00e4user<\/strong> in Europa und Amerika.<\/p>\n<p><strong>\u2022 Es ist speziell mit Wachs und Harzen behandelt, um Verformung, Biegung und Alterung zu vermeiden.<br \/>\n\u2022 Es ist werkseitig lackiert und verf\u00fcgt \u00fcber eine Werksgarantie von 10 Jahren auf die Farbe, die anhand der Farbkarte des Unternehmens f\u00fcr jeden Geschmack ausgew\u00e4hlt werden kann!<\/strong><\/p>\n<p>Das <img decoding=\"async\" src=\"\/wp-content\/uploads\/kofinas\/flxhm.png\" \/> ist ein <strong>moderne Serie<\/strong> von H\u00e4usern von <img decoding=\"async\" src=\"\/wp-content\/uploads\/kofinas\/koflogo.png\" \/> Unternehmen, das mehrere Hausentw\u00fcrfe entwarf, um sie herzustellen <strong>kosteneffizient<\/strong> aber ohne das Unvergleichliche zu verlieren <strong> Qualit\u00e4t und Haltbarkeit<\/strong> von <img decoding=\"async\" src=\"\/wp-content\/uploads\/kofinas\/koflogo.png\" \/> Konstruktionen.<\/p>\n<p><center><img decoding=\"async\" src=\"\/wp-content\/uploads\/kofinas\/flexyhome-info\/flexyhome-philosophy.jpg\" \/><\/center><\/p>","protected":false},"excerpt":{"rendered":"<p>Das von der Nationalen Technischen Universit\u00e4t Athen getestete Bausystem des Unternehmens, das Experten und Wissenschaftler beeindruckt hat, ist au\u00dfen mit verkleidet, wodurch die Serie mit H\u00e4usern entsteht, die all Ihren Bed\u00fcrfnissen entsprechen! \u2022 F\u00fcr einen Hauptwohnsitz \u2022 F\u00fcr ein Landhaus \u2022 F\u00fcr eine Touristenunterkunft \u2022 F\u00fcr jede Nutzung\u2026 Die [...]<\/p>","protected":false},"author":3,"featured_media":13593,"parent":7547,"menu_order":0,"comment_status":"closed","ping_status":"closed","template":"","meta":{"_acf_changed":false,"footnotes":""},"class_list":["post-7554","page","type-page","status-publish","has-post-thumbnail","hentry"],"acf":[],"yoast_head":"<!-- This site is optimized with the Yoast SEO Premium plugin v26.6 (Yoast SEO v26.6) - https:\/\/yoast.com\/wordpress\/plugins\/seo\/ -->\n<title>Flexyhome: What is it? | \u039a\u03bf\u03c6\u03b9\u03bd\u03ac\u03c2 \u03a0\u03c1\u03bf\u03ba\u03b1\u03c4\u03b1\u03c3\u03ba\u03b5\u03c5\u03b1\u03c3\u03bc\u03ad\u03bd\u03b1 \u03c3\u03c0\u03af\u03c4\u03b9\u03b1 - \u03a0\u03c1\u03bf\u03ba\u03ac\u03c4<\/title>\n<meta name=\"description\" content=\"Find everything about the Flexyhome series, their philosophy, the modern products and the excellent adaptiveness to all your needs.\" \/>\n<meta name=\"robots\" content=\"index, follow, max-snippet:-1, max-image-preview:large, max-video-preview:-1\" \/>\n<link rel=\"canonical\" href=\"https:\/\/www.kofinas.gr\/den\/flexyhome\/warum-ein-flexibles-kofinas-haus\/was-ist-ein-flexyhome\/\" \/>\n<meta property=\"og:locale\" content=\"de_DE\" \/>\n<meta property=\"og:type\" content=\"article\" \/>\n<meta property=\"og:title\" content=\"Flexyhome: What is it?\" \/>\n<meta property=\"og:description\" content=\"Find everything about the Flexyhome series, their philosophy, the modern products and the excellent adaptiveness to all your needs.\" \/>\n<meta property=\"og:url\" content=\"https:\/\/www.kofinas.gr\/den\/flexyhome\/warum-ein-flexibles-kofinas-haus\/was-ist-ein-flexyhome\/\" \/>\n<meta property=\"og:site_name\" content=\"\u039a\u03bf\u03c6\u03b9\u03bd\u03ac\u03c2 \u03a0\u03c1\u03bf\u03ba\u03b1\u03c4\u03b1\u03c3\u03ba\u03b5\u03c5\u03b1\u03c3\u03bc\u03ad\u03bd\u03b1 \u03c3\u03c0\u03af\u03c4\u03b9\u03b1 - \u03a0\u03c1\u03bf\u03ba\u03ac\u03c4\" \/>\n<meta property=\"article:publisher\" content=\"https:\/\/www.facebook.com\/kofinas.prokataskevasmena\" \/>\n<meta property=\"article:modified_time\" content=\"2025-09-08T10:23:37+00:00\" \/>\n<meta property=\"og:image\" content=\"https:\/\/www.kofinas.gr\/wp-content\/uploads\/ti-einai-Flexyhome1.jpg\" \/>\n\t<meta property=\"og:image:width\" content=\"600\" \/>\n\t<meta property=\"og:image:height\" content=\"600\" \/>\n\t<meta property=\"og:image:type\" content=\"image\/jpeg\" \/>\n<meta name=\"twitter:card\" content=\"summary_large_image\" \/>\n<meta name=\"twitter:site\" content=\"@kofinas_prokat\" \/>\n<meta name=\"twitter:label1\" content=\"Gesch\u00e4tzte Lesezeit\" \/>\n\t<meta name=\"twitter:data1\" content=\"4\u00a0Minuten\" \/>\n<script type=\"application\/ld+json\" class=\"yoast-schema-graph\">{\"@context\":\"https:\/\/schema.org\",\"@graph\":[{\"@type\":\"WebPage\",\"@id\":\"https:\/\/www.kofinas.gr\/fi\/flexyhome\/miksi-joustava-kofinas-talo\/mika-on-flexyhome\/\",\"url\":\"https:\/\/www.kofinas.gr\/fi\/flexyhome\/miksi-joustava-kofinas-talo\/mika-on-flexyhome\/\",\"name\":\"Flexyhome: What is it? | \u039a\u03bf\u03c6\u03b9\u03bd\u03ac\u03c2 \u03a0\u03c1\u03bf\u03ba\u03b1\u03c4\u03b1\u03c3\u03ba\u03b5\u03c5\u03b1\u03c3\u03bc\u03ad\u03bd\u03b1 \u03c3\u03c0\u03af\u03c4\u03b9\u03b1 - \u03a0\u03c1\u03bf\u03ba\u03ac\u03c4\",\"isPartOf\":{\"@id\":\"https:\/\/www.kofinas.gr\/#website\"},\"primaryImageOfPage\":{\"@id\":\"https:\/\/www.kofinas.gr\/fi\/flexyhome\/miksi-joustava-kofinas-talo\/mika-on-flexyhome\/#primaryimage\"},\"image\":{\"@id\":\"https:\/\/www.kofinas.gr\/fi\/flexyhome\/miksi-joustava-kofinas-talo\/mika-on-flexyhome\/#primaryimage\"},\"thumbnailUrl\":\"https:\/\/www.kofinas.gr\/wp-content\/uploads\/ti-einai-Flexyhome1.jpg\",\"datePublished\":\"2016-08-05T15:14:32+00:00\",\"dateModified\":\"2025-09-08T10:23:37+00:00\",\"description\":\"Find everything about the Flexyhome series, their philosophy, the modern products and the excellent adaptiveness to all your needs.\",\"breadcrumb\":{\"@id\":\"https:\/\/www.kofinas.gr\/fi\/flexyhome\/miksi-joustava-kofinas-talo\/mika-on-flexyhome\/#breadcrumb\"},\"inLanguage\":\"de\",\"potentialAction\":[{\"@type\":\"ReadAction\",\"target\":[\"https:\/\/www.kofinas.gr\/fi\/flexyhome\/miksi-joustava-kofinas-talo\/mika-on-flexyhome\/\"]}]},{\"@type\":\"ImageObject\",\"inLanguage\":\"de\",\"@id\":\"https:\/\/www.kofinas.gr\/fi\/flexyhome\/miksi-joustava-kofinas-talo\/mika-on-flexyhome\/#primaryimage\",\"url\":\"https:\/\/www.kofinas.gr\/wp-content\/uploads\/ti-einai-Flexyhome1.jpg\",\"contentUrl\":\"https:\/\/www.kofinas.gr\/wp-content\/uploads\/ti-einai-Flexyhome1.jpg\",\"width\":600,\"height\":600},{\"@type\":\"BreadcrumbList\",\"@id\":\"https:\/\/www.kofinas.gr\/fi\/flexyhome\/miksi-joustava-kofinas-talo\/mika-on-flexyhome\/#breadcrumb\",\"itemListElement\":[{\"@type\":\"ListItem\",\"position\":1,\"name\":\"Home\",\"item\":\"https:\/\/www.kofinas.gr\/\"},{\"@type\":\"ListItem\",\"position\":2,\"name\":\"FlexyHome \u039a\u03b1\u03c4\u03bf\u03b9\u03ba\u03af\u03b5\u03c2\",\"item\":\"https:\/\/www.kofinas.gr\/den\/flexyhome\/\"},{\"@type\":\"ListItem\",\"position\":3,\"name\":\"Why Flexyhome Kofinas\",\"item\":\"https:\/\/www.kofinas.gr\/flexyhome\/why-a-flexy-kofinas-house\/\"},{\"@type\":\"ListItem\",\"position\":4,\"name\":\"Flexyhome: What is it?\"}]},{\"@type\":\"WebSite\",\"@id\":\"https:\/\/www.kofinas.gr\/#website\",\"url\":\"https:\/\/www.kofinas.gr\/\",\"name\":\"\u039a\u03bf\u03c6\u03b9\u03bd\u03ac\u03c2 \u03a0\u03c1\u03bf\u03ba\u03b1\u03c4\u03b1\u03c3\u03ba\u03b5\u03c5\u03b1\u03c3\u03bc\u03ad\u03bd\u03b1 \u03c3\u03c0\u03af\u03c4\u03b9\u03b1 - \u03a0\u03c1\u03bf\u03ba\u03ac\u03c4\",\"description\":\"\u039a\u03b1\u03c4\u03b1\u03c3\u03ba\u03b5\u03c5\u03ac\u03b6\u03bf\u03c5\u03bc\u03b5 \u03c4\u03bf \u03c3\u03c0\u03af\u03c4\u03b9 \u03c3\u03b1\u03c2 \u03c3\u03c4\u03b7\u03bd \u03b5\u03bb\u03bb\u03ac\u03b4\u03b1 \u03ba\u03b1\u03b9 \u03bf\u03c0\u03bf\u03c5\u03b4\u03ae\u03c0\u03bf\u03c4\u03b5 \u03c3\u03c4\u03b7\u03bd \u0395\u03c5\u03c1\u03ce\u03c0\u03b7!\",\"publisher\":{\"@id\":\"https:\/\/www.kofinas.gr\/#organization\"},\"alternateName\":\"\u039a\u039f\u03a6\u0399\u039d\u0391\u03a3 \u03a0\u03c1\u03bf\u03ba\u03b1\u03c4\u03b1\u03c3\u03ba\u03b5\u03c5\u03b1\u03c3\u03bc\u03ad\u03bd\u03b1 \u03a3\u03c0\u03af\u03c4\u03b9\u03b1 \u03ba\u03b1\u03b9 \u03a4\u03bf\u03c5\u03c1\u03b9\u03c3\u03c4\u03b9\u03ba\u03ac \u039a\u03b1\u03c4\u03b1\u03bb\u03cd\u03bc\u03b1\u03c4\u03b1\",\"potentialAction\":[{\"@type\":\"SearchAction\",\"target\":{\"@type\":\"EntryPoint\",\"urlTemplate\":\"https:\/\/www.kofinas.gr\/?s={search_term_string}\"},\"query-input\":{\"@type\":\"PropertyValueSpecification\",\"valueRequired\":true,\"valueName\":\"search_term_string\"}}],\"inLanguage\":\"de\"},{\"@type\":\"Organization\",\"@id\":\"https:\/\/www.kofinas.gr\/#organization\",\"name\":\"Kofinas SA\",\"alternateName\":\"Construction Company that constuct Prefabricated houses\",\"url\":\"https:\/\/www.kofinas.gr\/\",\"logo\":{\"@type\":\"ImageObject\",\"inLanguage\":\"de\",\"@id\":\"https:\/\/www.kofinas.gr\/#\/schema\/logo\/image\/\",\"url\":\"https:\/\/www.kofinas.gr\/wp-content\/uploads\/2025\/03\/360new-logo-25.gif\",\"contentUrl\":\"https:\/\/www.kofinas.gr\/wp-content\/uploads\/2025\/03\/360new-logo-25.gif\",\"width\":230,\"height\":70,\"caption\":\"Kofinas SA\"},\"image\":{\"@id\":\"https:\/\/www.kofinas.gr\/#\/schema\/logo\/image\/\"},\"sameAs\":[\"https:\/\/www.facebook.com\/kofinas.prokataskevasmena\",\"https:\/\/x.com\/kofinas_prokat\",\"https:\/\/www.linkedin.com\/company\/kofinas-sa\",\"https:\/\/www.instagram.com\/kofinasprefab\/\",\"https:\/\/www.youtube.com\/channel\/UCEAifY31SuyQHHz_I3P4IVg\"],\"description\":\"KOFINAS SA \u2013 Prefabricated Homes Founded Legacy & Innovation Established in 1977, KOFINAS SA has grown into one of Greece\u2019s leading firms in the prefabricated housing sector. Their philosophy underscores continuous innovation\u2014they don't aim to build more homes, but to build better homes Strength & Certification The company's unique construction system has undergone rigorous experimental testing at the National Technical University of Athens, proving its durability well beyond natural endurance limits. Innovations introduced by KOFINAS are internationally recognized and certified. Sustainability & Eco Friendly Building KOFINAS uses Swedish and Finnish timber as its primary construction material, achieving a notably low carbon footprint: replacing conventional materials with wood reduces carbon dioxide emissions by 1.1 tons per cubic meter. In collaboration with Nordic sawmills, for every tree harvested, three to five new trees are planted, resulting in a negative carbon footprint. Additionally, their homes feature bioclimatic design and achieve energy consumption reductions of 75%\u201380% compared to conventional buildings\u2014often earning them energy efficiency A certificates. Advanced Production Facilities KOFINAS operates a modern factory, built to European standards, with ISO 14001 certification\u2014ensuring top-tier quality and environmental management in prefabricated housing production. Wide Range of Custom Designs Their catalog includes single , two , and three story homes, ground floor units with lofts, passive houses, and tourist accommodations. They also offer the \u201cFlexyHome\u201d series and Finnlamelli Finnish log houses, providing versatility to meet diverse aesthetic and functional needs. Experienced Team & Nationwide Network KOFINAS boasts a skilled, multidisciplinary team\u2014including civil and architectural engineers\u2014who oversee design, permit processing, and project implementation with a 100% success rate. The company has built a robust sales and distribution network\",\"email\":\"info@kofinas.gr\",\"telephone\":\"00302106081307\",\"legalName\":\"KOFINAS SA\",\"foundingDate\":\"1977-03-07\",\"vatID\":\"EL081136701\",\"duns\":\"503265836\",\"numberOfEmployees\":{\"@type\":\"QuantitativeValue\",\"minValue\":\"11\",\"maxValue\":\"50\"},\"publishingPrinciples\":\"https:\/\/www.kofinas.gr\/%cf%80%ce%bf%ce%bb%ce%b9%cf%84%ce%b9%ce%ba%ce%ae-%ce%b5%cf%84%ce%b1%ce%b9%cf%81%ce%af%ce%b1%cf%82-%ce%ba%ce%bf%cf%86%ce%b9%ce%bd%ce%b1%cf%83-%ce%b1%ce%b5\/\",\"ownershipFundingInfo\":\"https:\/\/www.kofinas.gr\/%ce%b5%cf%84%ce%b1%ce%b9%cf%81%ce%af%ce%b1\/\",\"actionableFeedbackPolicy\":\"https:\/\/www.kofinas.gr\/prosopika-dedomena\/\"}]}<\/script>\n<!-- \/ Yoast SEO Premium plugin. -->","yoast_head_json":{"title":"Flexyhome: Was ist das? | Kofinas Fertigh\u00e4user - Precast","description":"Erfahren Sie alles \u00fcber die Flexyhome-Serie, ihre Philosophie, die modernen Produkte und die hervorragende Anpassungsf\u00e4higkeit an alle Ihre Bed\u00fcrfnisse.","robots":{"index":"index","follow":"follow","max-snippet":"max-snippet:-1","max-image-preview":"max-image-preview:large","max-video-preview":"max-video-preview:-1"},"canonical":"https:\/\/www.kofinas.gr\/den\/flexyhome\/warum-ein-flexibles-kofinas-haus\/was-ist-ein-flexyhome\/","og_locale":"de_DE","og_type":"article","og_title":"Flexyhome: What is it?","og_description":"Find everything about the Flexyhome series, their philosophy, the modern products and the excellent adaptiveness to all your needs.","og_url":"https:\/\/www.kofinas.gr\/den\/flexyhome\/warum-ein-flexibles-kofinas-haus\/was-ist-ein-flexyhome\/","og_site_name":"\u039a\u03bf\u03c6\u03b9\u03bd\u03ac\u03c2 \u03a0\u03c1\u03bf\u03ba\u03b1\u03c4\u03b1\u03c3\u03ba\u03b5\u03c5\u03b1\u03c3\u03bc\u03ad\u03bd\u03b1 \u03c3\u03c0\u03af\u03c4\u03b9\u03b1 - \u03a0\u03c1\u03bf\u03ba\u03ac\u03c4","article_publisher":"https:\/\/www.facebook.com\/kofinas.prokataskevasmena","article_modified_time":"2025-09-08T10:23:37+00:00","og_image":[{"width":600,"height":600,"url":"https:\/\/www.kofinas.gr\/wp-content\/uploads\/ti-einai-Flexyhome1.jpg","type":"image\/jpeg"}],"twitter_card":"summary_large_image","twitter_site":"@kofinas_prokat","twitter_misc":{"Gesch\u00e4tzte Lesezeit":"4\u00a0Minuten"},"schema":{"@context":"https:\/\/schema.org","@graph":[{"@type":"WebPage","@id":"https:\/\/www.kofinas.gr\/fi\/flexyhome\/miksi-joustava-kofinas-talo\/mika-on-flexyhome\/","url":"https:\/\/www.kofinas.gr\/fi\/flexyhome\/miksi-joustava-kofinas-talo\/mika-on-flexyhome\/","name":"Flexyhome: Was ist das? | Kofinas Fertigh\u00e4user - Precast","isPartOf":{"@id":"https:\/\/www.kofinas.gr\/#website"},"primaryImageOfPage":{"@id":"https:\/\/www.kofinas.gr\/fi\/flexyhome\/miksi-joustava-kofinas-talo\/mika-on-flexyhome\/#primaryimage"},"image":{"@id":"https:\/\/www.kofinas.gr\/fi\/flexyhome\/miksi-joustava-kofinas-talo\/mika-on-flexyhome\/#primaryimage"},"thumbnailUrl":"https:\/\/www.kofinas.gr\/wp-content\/uploads\/ti-einai-Flexyhome1.jpg","datePublished":"2016-08-05T15:14:32+00:00","dateModified":"2025-09-08T10:23:37+00:00","description":"Erfahren Sie alles \u00fcber die Flexyhome-Serie, ihre Philosophie, die modernen Produkte und die hervorragende Anpassungsf\u00e4higkeit an alle Ihre Bed\u00fcrfnisse.","breadcrumb":{"@id":"https:\/\/www.kofinas.gr\/fi\/flexyhome\/miksi-joustava-kofinas-talo\/mika-on-flexyhome\/#breadcrumb"},"inLanguage":"de","potentialAction":[{"@type":"ReadAction","target":["https:\/\/www.kofinas.gr\/fi\/flexyhome\/miksi-joustava-kofinas-talo\/mika-on-flexyhome\/"]}]},{"@type":"ImageObject","inLanguage":"de","@id":"https:\/\/www.kofinas.gr\/fi\/flexyhome\/miksi-joustava-kofinas-talo\/mika-on-flexyhome\/#primaryimage","url":"https:\/\/www.kofinas.gr\/wp-content\/uploads\/ti-einai-Flexyhome1.jpg","contentUrl":"https:\/\/www.kofinas.gr\/wp-content\/uploads\/ti-einai-Flexyhome1.jpg","width":600,"height":600},{"@type":"BreadcrumbList","@id":"https:\/\/www.kofinas.gr\/fi\/flexyhome\/miksi-joustava-kofinas-talo\/mika-on-flexyhome\/#breadcrumb","itemListElement":[{"@type":"ListItem","position":1,"name":"Home","item":"https:\/\/www.kofinas.gr\/"},{"@type":"ListItem","position":2,"name":"FlexyHome \u039a\u03b1\u03c4\u03bf\u03b9\u03ba\u03af\u03b5\u03c2","item":"https:\/\/www.kofinas.gr\/den\/flexyhome\/"},{"@type":"ListItem","position":3,"name":"Why Flexyhome Kofinas","item":"https:\/\/www.kofinas.gr\/flexyhome\/why-a-flexy-kofinas-house\/"},{"@type":"ListItem","position":4,"name":"Flexyhome: What is it?"}]},{"@type":"WebSite","@id":"https:\/\/www.kofinas.gr\/#website","url":"https:\/\/www.kofinas.gr\/","name":"Kofinas Fertigh\u00e4user - Fertigh\u00e4user","description":"Wir bauen Ihr Haus in Griechenland und \u00fcberall in Europa!","publisher":{"@id":"https:\/\/www.kofinas.gr\/#organization"},"alternateName":"\u039a\u039f\u03a6\u0399\u039d\u0391\u03a3 \u03a0\u03c1\u03bf\u03ba\u03b1\u03c4\u03b1\u03c3\u03ba\u03b5\u03c5\u03b1\u03c3\u03bc\u03ad\u03bd\u03b1 \u03a3\u03c0\u03af\u03c4\u03b9\u03b1 \u03ba\u03b1\u03b9 \u03a4\u03bf\u03c5\u03c1\u03b9\u03c3\u03c4\u03b9\u03ba\u03ac \u039a\u03b1\u03c4\u03b1\u03bb\u03cd\u03bc\u03b1\u03c4\u03b1","potentialAction":[{"@type":"SearchAction","target":{"@type":"EntryPoint","urlTemplate":"https:\/\/www.kofinas.gr\/?s={search_term_string}"},"query-input":{"@type":"PropertyValueSpecification","valueRequired":true,"valueName":"search_term_string"}}],"inLanguage":"de"},{"@type":"Organization","@id":"https:\/\/www.kofinas.gr\/#organization","name":"Kofinas SA","alternateName":"Construction Company that constuct Prefabricated houses","url":"https:\/\/www.kofinas.gr\/","logo":{"@type":"ImageObject","inLanguage":"de","@id":"https:\/\/www.kofinas.gr\/#\/schema\/logo\/image\/","url":"https:\/\/www.kofinas.gr\/wp-content\/uploads\/2025\/03\/360new-logo-25.gif","contentUrl":"https:\/\/www.kofinas.gr\/wp-content\/uploads\/2025\/03\/360new-logo-25.gif","width":230,"height":70,"caption":"Kofinas SA"},"image":{"@id":"https:\/\/www.kofinas.gr\/#\/schema\/logo\/image\/"},"sameAs":["https:\/\/www.facebook.com\/kofinas.prokataskevasmena","https:\/\/x.com\/kofinas_prokat","https:\/\/www.linkedin.com\/company\/kofinas-sa","https:\/\/www.instagram.com\/kofinasprefab\/","https:\/\/www.youtube.com\/channel\/UCEAifY31SuyQHHz_I3P4IVg"],"description":"KOFINAS SA \u2013 Fertigh\u00e4user. Gegr\u00fcndet 1977, hat sich KOFINAS SA zu einem der f\u00fchrenden griechischen Unternehmen im Fertighaussektor entwickelt. Ihre Philosophie unterstreicht kontinuierliche Innovation \u2013 ihr Ziel ist es nicht, mehr H\u00e4user zu bauen, sondern bessere H\u00e4user. St\u00e4rke und Zertifizierung. Das einzigartige Bausystem des Unternehmens wurde an der Nationalen Technischen Universit\u00e4t Athen rigorosen experimentellen Tests unterzogen, die seine Haltbarkeit weit \u00fcber die nat\u00fcrlichen Belastbarkeitsgrenzen hinaus bewiesen haben. Von KOFINAS eingef\u00fchrte Innovationen sind international anerkannt und zertifiziert. Nachhaltigkeit und umweltfreundliches Bauen KOFINAS verwendet schwedisches und finnisches Holz als prim\u00e4res Baumaterial und erreicht damit einen bemerkenswert niedrigen CO2-Fu\u00dfabdruck: Der Ersatz herk\u00f6mmlicher Materialien durch Holz reduziert den Kohlendioxidaussto\u00df um 1,1 Tonnen pro Kubikmeter. In Zusammenarbeit mit nordischen S\u00e4gewerken werden f\u00fcr jeden gef\u00e4llten Baum drei bis f\u00fcnf neue B\u00e4ume gepflanzt, was zu einem negativen CO2-Fu\u00dfabdruck f\u00fchrt. Zudem verf\u00fcgen ihre H\u00e4user \u00fcber ein bioklimatisches Design und erreichen im Vergleich zu herk\u00f6mmlichen Geb\u00e4uden eine Reduzierung des Energieverbrauchs um 751\u2013801 TP3T, was ihnen oft das Energieeffizienzzertifikat A einbringt. Moderne Produktionsanlagen KOFINAS betreibt eine moderne Fabrik, die nach europ\u00e4ischen Standards gebaut und nach ISO 14001 zertifiziert ist. Dies gew\u00e4hrleistet h\u00f6chste Qualit\u00e4t und Umweltmanagement in der Fertighausproduktion. Gro\u00dfe Auswahl an kundenspezifischen Designs. Der Katalog umfasst ein-, zwei- und dreist\u00f6ckige H\u00e4user, Erdgeschosswohnungen mit Lofts, Passivh\u00e4user und Touristenunterk\u00fcnfte. Das Unternehmen bietet au\u00dferdem die \u201eFlexyHome\u201c-Serie und finnische Blockh\u00e4user von Finnlamelli an, die vielseitig einsetzbar sind und unterschiedlichen \u00e4sthetischen und funktionalen Anforderungen gerecht werden. Erfahrenes Team und landesweites Netzwerk KOFINAS verf\u00fcgt \u00fcber ein qualifiziertes, multidisziplin\u00e4res Team \u2013 darunter Bauingenieure und Architekturingenieure \u2013, das Design, Genehmigungsverfahren und Projektumsetzung mit einer Erfolgsquote von 100% \u00fcberwacht. Das Unternehmen hat ein robustes Vertriebs- und Distributionsnetz aufgebaut","email":"info@kofinas.gr","telephone":"00302106081307","legalName":"KOFINAS SA","foundingDate":"1977-03-07","vatID":"EL081136701","duns":"503265836","numberOfEmployees":{"@type":"QuantitativeValue","minValue":"11","maxValue":"50"},"publishingPrinciples":"https:\/\/www.kofinas.gr\/%cf%80%ce%bf%ce%bb%ce%b9%cf%84%ce%b9%ce%ba%ce%ae-%ce%b5%cf%84%ce%b1%ce%b9%cf%81%ce%af%ce%b1%cf%82-%ce%ba%ce%bf%cf%86%ce%b9%ce%bd%ce%b1%cf%83-%ce%b1%ce%b5\/","ownershipFundingInfo":"https:\/\/www.kofinas.gr\/%ce%b5%cf%84%ce%b1%ce%b9%cf%81%ce%af%ce%b1\/","actionableFeedbackPolicy":"https:\/\/www.kofinas.gr\/prosopika-dedomena\/"}]}},"_links":{"self":[{"href":"https:\/\/www.kofinas.gr\/den\/wp-json\/wp\/v2\/pages\/7554","targetHints":{"allow":["GET"]}}],"collection":[{"href":"https:\/\/www.kofinas.gr\/den\/wp-json\/wp\/v2\/pages"}],"about":[{"href":"https:\/\/www.kofinas.gr\/den\/wp-json\/wp\/v2\/types\/page"}],"author":[{"embeddable":true,"href":"https:\/\/www.kofinas.gr\/den\/wp-json\/wp\/v2\/users\/3"}],"replies":[{"embeddable":true,"href":"https:\/\/www.kofinas.gr\/den\/wp-json\/wp\/v2\/comments?post=7554"}],"version-history":[{"count":1,"href":"https:\/\/www.kofinas.gr\/den\/wp-json\/wp\/v2\/pages\/7554\/revisions"}],"predecessor-version":[{"id":112878,"href":"https:\/\/www.kofinas.gr\/den\/wp-json\/wp\/v2\/pages\/7554\/revisions\/112878"}],"up":[{"embeddable":true,"href":"https:\/\/www.kofinas.gr\/den\/wp-json\/wp\/v2\/pages\/7547"}],"wp:featuredmedia":[{"embeddable":true,"href":"https:\/\/www.kofinas.gr\/den\/wp-json\/wp\/v2\/media\/13593"}],"wp:attachment":[{"href":"https:\/\/www.kofinas.gr\/den\/wp-json\/wp\/v2\/media?parent=7554"}],"curies":[{"name":"wp","href":"https:\/\/api.w.org\/{rel}","templated":true}]}}