{"id":7552,"date":"2016-08-05T17:15:10","date_gmt":"2016-08-05T15:15:10","guid":{"rendered":"http:\/\/neo.kofinas.gr\/en\/?page_id=7552"},"modified":"2020-03-15T13:17:27","modified_gmt":"2020-03-15T11:17:27","slug":"warum-ein-flexyhome-wahlen","status":"publish","type":"page","link":"https:\/\/www.kofinas.gr\/den\/flexyhome\/warum-ein-flexibles-kofinas-haus\/warum-ein-flexyhome-wahlen\/","title":{"rendered":"Warum ein Flexyhome w\u00e4hlen \u2013 Vorteile"},"content":{"rendered":"<h3>Warum sollte ich mich f\u00fcr a entscheiden <img decoding=\"async\" title=\"\" src=\"\/wp-content\/uploads\/kofinas\/en_photos\/logos\/flxhm.png\"> ?<\/h3>\n<p style=\"text-align: justify;\">Weil die <img decoding=\"async\" title=\"\" src=\"\/wp-content\/uploads\/kofinas\/en_photos\/logos\/flxhm.png\"> <strong>wird fertig konfektioniert geliefert<\/strong> Werkseitig lackiert und mit allen Rahmen installiert!<\/p>\n<p style=\"text-align: justify;\">Weil die <img decoding=\"async\" title=\"\" src=\"\/wp-content\/uploads\/kofinas\/en_photos\/logos\/flxhm.png\"> vereint die <strong>Technik des Fabrikbaus<\/strong> und die <strong>zertifizierte Qualit\u00e4t der Rohstoffe<\/strong> der Kofinas SA mit der <strong>\u00f6kologisches und gr\u00fcnes Bauen<\/strong>!<\/p>\n<p style=\"text-align: justify;\">Weil die <img decoding=\"async\" title=\"\" src=\"\/wp-content\/uploads\/kofinas\/en_photos\/logos\/flxhm.png\"> bietet Ihnen die M\u00f6glichkeit dazu <strong>w\u00e4hle dich selbst aus<\/strong> der Auslieferungszustand des Produktes (Einfach-, Basis- oder Komplettversion)!<\/p>\n<p style=\"text-align: justify;\">Weil die <img decoding=\"async\" title=\"\" src=\"\/wp-content\/uploads\/kofinas\/en_photos\/logos\/flxhm.png\"> , ohne Qualit\u00e4tsabschl\u00e4ge, bildet a <strong>sehr wirtschaftliche L\u00f6sung<\/strong> f\u00fcr den europ\u00e4ischen Markt!<\/p>\n<hr>\n<p>&nbsp;<\/p>\n<h3><img decoding=\"async\" title=\"\" src=\"\/wp-content\/uploads\/kofinas\/en_photos\/logos\/flxhm.png\"> Haltbarkeit...<\/h3>\n<p style=\"text-align: justify;\">Alle Konstruktionselemente, die nach jahrelanger Forschung und zahlreichen experimentellen Tests von Kofinas SA hervorgehoben wurden, werden mit dem in Bezug auf Qualit\u00e4t und Haltbarkeit besten Au\u00dfenverkleidungssystem kombiniert: dem <img decoding=\"async\" title=\"\" src=\"\/wp-content\/uploads\/kofinas\/en_photos\/logos\/logocanexel.png\"> .<\/p>\n<p style=\"text-align: justify;\">Das <img decoding=\"async\" title=\"\" src=\"\/wp-content\/uploads\/kofinas\/en_photos\/logos\/logocanexel.png\"> Verkleidung hat <strong>alle Vorteile von Holz<\/strong>, wie die einfache Montage und die Isolierung, ohne die Nachteile wie Formverzug, Feuchtigkeitsaufnahme und Kantenverschlei\u00df.<\/p>\n<p style=\"text-align: justify;\">Au\u00dferdem die <img decoding=\"async\" title=\"\" src=\"\/wp-content\/uploads\/kofinas\/en_photos\/logos\/logocanexel.png\"> wird von der kanadischen Fabrik von LP mit einer sehr haltbaren Farbbeschichtung hergestellt, die ist <strong>im Werk aufgebracht<\/strong> nach Ihrer Wahl aus der Palette des Unternehmens und bedarf keiner weiteren Bearbeitung!<\/p>\n<p><img fetchpriority=\"high\" decoding=\"async\" class=\"aligncenter size-full wp-image-3416\" title=\"\" src=\"\/wp-content\/uploads\/kofinas\/en_photos\/prokat-info\/Flexyhome-Canexel.jpg\" alt=\"\" width=\"970\" height=\"485\"><\/p>\n<hr>\n<p>&nbsp;<\/p>\n<h3><img decoding=\"async\" title=\"\" src=\"\/wp-content\/uploads\/kofinas\/en_photos\/logos\/flxhm.png\"> Qualit\u00e4t\u2026<\/h3>\n<p style=\"text-align: justify;\">Ausgehend von der <strong>Schwedischer Holzrahmen<\/strong> bis zum <strong>letzter Link<\/strong>, das <img decoding=\"async\" title=\"\" src=\"\/wp-content\/uploads\/kofinas\/en_photos\/logos\/flxhm.png\"> Konstruktion besteht aus den besten Rohstoffen des Weltmarktes. Ein Beweis f\u00fcr die <img decoding=\"async\" title=\"\" src=\"\/wp-content\/uploads\/kofinas\/en_photos\/logos\/flxhm.png\"> Qualit\u00e4t sind <strong>die Zertifizierungen und die Garantien<\/strong> das geh\u00f6rt dazu!<\/p>\n<hr>\n<p><center><\/p>\n<h3>Warum sind sie eine wirklich wirtschaftliche L\u00f6sung?<\/h3>\n<p style=\"text-align: justify;\">Da <img decoding=\"async\" title=\"\" src=\"\/wp-content\/uploads\/kofinas\/en_photos\/logos\/koflogo.png\"> Gesellschaft:<\/p>\n<p style=\"text-align: justify;\"><strong>\u2022 hat exklusive Partnerschaften geschlossen <\/strong>f\u00fcr Materialien wie die CanExel-Verkleidung und das schwedische Planholz, was zu besseren Preisen f\u00fchrt<\/p>\n<p style=\"text-align: justify;\"><strong>\u2022 importiert gro\u00dfe Mengen <\/strong>von Rohstoffen, wodurch die Kosten noch weiter sinken<\/p>\n<p style=\"text-align: justify;\"><strong>\u2022 spart Arbeitszeit<\/strong> indem wir das Mauerwerk fertig anbieten \u2013 ab Werk, mit Industrielackierung und montierten Zargen<\/p>\n<p style=\"text-align: justify;\"><strong>\u2022 massiv produziert<\/strong> die H\u00e4user in der Fabrik, wodurch die Produktionskosten gesenkt werden<\/p>\n<p style=\"text-align: justify;\"><strong>Auf diese Weise und ohne Qualit\u00e4tseinbu\u00dfen kann das Unternehmen die anbieten <img decoding=\"async\" title=\"\" src=\"\/wp-content\/uploads\/kofinas\/en_photos\/logos\/flxhm.png\"> Modelle zu einem sehr g\u00fcnstigen Preis.<\/strong><\/p>\n<p>&nbsp;<\/p>\n<p><\/center><\/p>","protected":false},"excerpt":{"rendered":"<p>Warum sollte ich mich f\u00fcr ein entscheiden? Denn die wird fertig geliefert \u2013 werkseitig lackiert und mit allen Rahmen montiert! Weil es die Fabrikbautechnologie und die zertifizierte Qualit\u00e4t der Rohstoffe von Kofinas SA mit dem \u00f6kologischen und gr\u00fcnen Bauen verbindet! Denn das bietet Ihnen die M\u00f6glichkeit, selbst die [\u2026]<\/p>","protected":false},"author":3,"featured_media":14367,"parent":7547,"menu_order":1,"comment_status":"closed","ping_status":"closed","template":"","meta":{"_acf_changed":false,"footnotes":""},"class_list":["post-7552","page","type-page","status-publish","has-post-thumbnail","hentry"],"acf":[],"yoast_head":"<!-- This site is optimized with the Yoast SEO Premium plugin v26.6 (Yoast SEO v26.6) - https:\/\/yoast.com\/wordpress\/plugins\/seo\/ -->\n<title>Why choose a Flexyhome - Advantages | \u039a\u03bf\u03c6\u03b9\u03bd\u03ac\u03c2 \u03a0\u03c1\u03bf\u03ba\u03b1\u03c4\u03b1\u03c3\u03ba\u03b5\u03c5\u03b1\u03c3\u03bc\u03ad\u03bd\u03b1 \u03c3\u03c0\u03af\u03c4\u03b9\u03b1 - \u03a0\u03c1\u03bf\u03ba\u03ac\u03c4<\/title>\n<meta name=\"description\" content=\"Flexyhome: a prefabricated construction that corresponds to all of your needs. Exclusive product of Kofinas company, in accordance with our NTUA tests.\" \/>\n<meta name=\"robots\" content=\"index, follow, max-snippet:-1, max-image-preview:large, max-video-preview:-1\" \/>\n<link rel=\"canonical\" href=\"https:\/\/www.kofinas.gr\/den\/flexyhome\/warum-ein-flexibles-kofinas-haus\/warum-ein-flexyhome-wahlen\/\" \/>\n<meta property=\"og:locale\" content=\"de_DE\" \/>\n<meta property=\"og:type\" content=\"article\" \/>\n<meta property=\"og:title\" content=\"Why choose a Flexyhome - Advantages\" \/>\n<meta property=\"og:description\" content=\"Flexyhome: a prefabricated construction that corresponds to all of your needs. Exclusive product of Kofinas company, in accordance with our NTUA tests.\" \/>\n<meta property=\"og:url\" content=\"https:\/\/www.kofinas.gr\/den\/flexyhome\/warum-ein-flexibles-kofinas-haus\/warum-ein-flexyhome-wahlen\/\" \/>\n<meta property=\"og:site_name\" content=\"\u039a\u03bf\u03c6\u03b9\u03bd\u03ac\u03c2 \u03a0\u03c1\u03bf\u03ba\u03b1\u03c4\u03b1\u03c3\u03ba\u03b5\u03c5\u03b1\u03c3\u03bc\u03ad\u03bd\u03b1 \u03c3\u03c0\u03af\u03c4\u03b9\u03b1 - \u03a0\u03c1\u03bf\u03ba\u03ac\u03c4\" \/>\n<meta property=\"article:publisher\" content=\"https:\/\/www.facebook.com\/kofinas.prokataskevasmena\" \/>\n<meta property=\"article:modified_time\" content=\"2020-03-15T11:17:27+00:00\" \/>\n<meta property=\"og:image\" content=\"https:\/\/www.kofinas.gr\/wp-content\/uploads\/shutterstock_317134730-min-scaled.jpg\" \/>\n\t<meta property=\"og:image:width\" content=\"2560\" \/>\n\t<meta property=\"og:image:height\" content=\"1600\" \/>\n\t<meta property=\"og:image:type\" content=\"image\/jpeg\" \/>\n<meta name=\"twitter:card\" content=\"summary_large_image\" \/>\n<meta name=\"twitter:site\" content=\"@kofinas_prokat\" \/>\n<meta name=\"twitter:label1\" content=\"Gesch\u00e4tzte Lesezeit\" \/>\n\t<meta name=\"twitter:data1\" content=\"2\u00a0Minuten\" \/>\n<script type=\"application\/ld+json\" class=\"yoast-schema-graph\">{\"@context\":\"https:\/\/schema.org\",\"@graph\":[{\"@type\":\"WebPage\",\"@id\":\"https:\/\/www.kofinas.gr\/flexyhome\/why-a-flexy-kofinas-house\/why-choose-a-flexyhome\/\",\"url\":\"https:\/\/www.kofinas.gr\/flexyhome\/why-a-flexy-kofinas-house\/why-choose-a-flexyhome\/\",\"name\":\"Why choose a Flexyhome - Advantages | \u039a\u03bf\u03c6\u03b9\u03bd\u03ac\u03c2 \u03a0\u03c1\u03bf\u03ba\u03b1\u03c4\u03b1\u03c3\u03ba\u03b5\u03c5\u03b1\u03c3\u03bc\u03ad\u03bd\u03b1 \u03c3\u03c0\u03af\u03c4\u03b9\u03b1 - \u03a0\u03c1\u03bf\u03ba\u03ac\u03c4\",\"isPartOf\":{\"@id\":\"https:\/\/www.kofinas.gr\/#website\"},\"primaryImageOfPage\":{\"@id\":\"https:\/\/www.kofinas.gr\/flexyhome\/why-a-flexy-kofinas-house\/why-choose-a-flexyhome\/#primaryimage\"},\"image\":{\"@id\":\"https:\/\/www.kofinas.gr\/flexyhome\/why-a-flexy-kofinas-house\/why-choose-a-flexyhome\/#primaryimage\"},\"thumbnailUrl\":\"https:\/\/www.kofinas.gr\/wp-content\/uploads\/shutterstock_317134730-min-scaled.jpg\",\"datePublished\":\"2016-08-05T15:15:10+00:00\",\"dateModified\":\"2020-03-15T11:17:27+00:00\",\"description\":\"Flexyhome: a prefabricated construction that corresponds to all of your needs. Exclusive product of Kofinas company, in accordance with our NTUA tests.\",\"breadcrumb\":{\"@id\":\"https:\/\/www.kofinas.gr\/flexyhome\/why-a-flexy-kofinas-house\/why-choose-a-flexyhome\/#breadcrumb\"},\"inLanguage\":\"de\",\"potentialAction\":[{\"@type\":\"ReadAction\",\"target\":[\"https:\/\/www.kofinas.gr\/flexyhome\/why-a-flexy-kofinas-house\/why-choose-a-flexyhome\/\"]}]},{\"@type\":\"ImageObject\",\"inLanguage\":\"de\",\"@id\":\"https:\/\/www.kofinas.gr\/flexyhome\/why-a-flexy-kofinas-house\/why-choose-a-flexyhome\/#primaryimage\",\"url\":\"https:\/\/www.kofinas.gr\/wp-content\/uploads\/shutterstock_317134730-min-scaled.jpg\",\"contentUrl\":\"https:\/\/www.kofinas.gr\/wp-content\/uploads\/shutterstock_317134730-min-scaled.jpg\",\"width\":2560,\"height\":1600},{\"@type\":\"BreadcrumbList\",\"@id\":\"https:\/\/www.kofinas.gr\/flexyhome\/why-a-flexy-kofinas-house\/why-choose-a-flexyhome\/#breadcrumb\",\"itemListElement\":[{\"@type\":\"ListItem\",\"position\":1,\"name\":\"Home\",\"item\":\"https:\/\/www.kofinas.gr\/\"},{\"@type\":\"ListItem\",\"position\":2,\"name\":\"FlexyHome \u039a\u03b1\u03c4\u03bf\u03b9\u03ba\u03af\u03b5\u03c2\",\"item\":\"https:\/\/www.kofinas.gr\/den\/flexyhome\/\"},{\"@type\":\"ListItem\",\"position\":3,\"name\":\"Why Flexyhome Kofinas\",\"item\":\"https:\/\/www.kofinas.gr\/flexyhome\/why-a-flexy-kofinas-house\/\"},{\"@type\":\"ListItem\",\"position\":4,\"name\":\"Why choose a Flexyhome &#8211; Advantages\"}]},{\"@type\":\"WebSite\",\"@id\":\"https:\/\/www.kofinas.gr\/#website\",\"url\":\"https:\/\/www.kofinas.gr\/\",\"name\":\"\u039a\u03bf\u03c6\u03b9\u03bd\u03ac\u03c2 \u03a0\u03c1\u03bf\u03ba\u03b1\u03c4\u03b1\u03c3\u03ba\u03b5\u03c5\u03b1\u03c3\u03bc\u03ad\u03bd\u03b1 \u03c3\u03c0\u03af\u03c4\u03b9\u03b1 - \u03a0\u03c1\u03bf\u03ba\u03ac\u03c4\",\"description\":\"\u039a\u03b1\u03c4\u03b1\u03c3\u03ba\u03b5\u03c5\u03ac\u03b6\u03bf\u03c5\u03bc\u03b5 \u03c4\u03bf \u03c3\u03c0\u03af\u03c4\u03b9 \u03c3\u03b1\u03c2 \u03c3\u03c4\u03b7\u03bd \u03b5\u03bb\u03bb\u03ac\u03b4\u03b1 \u03ba\u03b1\u03b9 \u03bf\u03c0\u03bf\u03c5\u03b4\u03ae\u03c0\u03bf\u03c4\u03b5 \u03c3\u03c4\u03b7\u03bd \u0395\u03c5\u03c1\u03ce\u03c0\u03b7!\",\"publisher\":{\"@id\":\"https:\/\/www.kofinas.gr\/#organization\"},\"alternateName\":\"\u039a\u039f\u03a6\u0399\u039d\u0391\u03a3 \u03a0\u03c1\u03bf\u03ba\u03b1\u03c4\u03b1\u03c3\u03ba\u03b5\u03c5\u03b1\u03c3\u03bc\u03ad\u03bd\u03b1 \u03a3\u03c0\u03af\u03c4\u03b9\u03b1 \u03ba\u03b1\u03b9 \u03a4\u03bf\u03c5\u03c1\u03b9\u03c3\u03c4\u03b9\u03ba\u03ac \u039a\u03b1\u03c4\u03b1\u03bb\u03cd\u03bc\u03b1\u03c4\u03b1\",\"potentialAction\":[{\"@type\":\"SearchAction\",\"target\":{\"@type\":\"EntryPoint\",\"urlTemplate\":\"https:\/\/www.kofinas.gr\/?s={search_term_string}\"},\"query-input\":{\"@type\":\"PropertyValueSpecification\",\"valueRequired\":true,\"valueName\":\"search_term_string\"}}],\"inLanguage\":\"de\"},{\"@type\":\"Organization\",\"@id\":\"https:\/\/www.kofinas.gr\/#organization\",\"name\":\"Kofinas SA\",\"alternateName\":\"Construction Company that constuct Prefabricated houses\",\"url\":\"https:\/\/www.kofinas.gr\/\",\"logo\":{\"@type\":\"ImageObject\",\"inLanguage\":\"de\",\"@id\":\"https:\/\/www.kofinas.gr\/#\/schema\/logo\/image\/\",\"url\":\"https:\/\/www.kofinas.gr\/wp-content\/uploads\/2025\/03\/360new-logo-25.gif\",\"contentUrl\":\"https:\/\/www.kofinas.gr\/wp-content\/uploads\/2025\/03\/360new-logo-25.gif\",\"width\":230,\"height\":70,\"caption\":\"Kofinas SA\"},\"image\":{\"@id\":\"https:\/\/www.kofinas.gr\/#\/schema\/logo\/image\/\"},\"sameAs\":[\"https:\/\/www.facebook.com\/kofinas.prokataskevasmena\",\"https:\/\/x.com\/kofinas_prokat\",\"https:\/\/www.linkedin.com\/company\/kofinas-sa\",\"https:\/\/www.instagram.com\/kofinasprefab\/\",\"https:\/\/www.youtube.com\/channel\/UCEAifY31SuyQHHz_I3P4IVg\"],\"description\":\"KOFINAS SA \u2013 Prefabricated Homes Founded Legacy & Innovation Established in 1977, KOFINAS SA has grown into one of Greece\u2019s leading firms in the prefabricated housing sector. Their philosophy underscores continuous innovation\u2014they don't aim to build more homes, but to build better homes Strength & Certification The company's unique construction system has undergone rigorous experimental testing at the National Technical University of Athens, proving its durability well beyond natural endurance limits. Innovations introduced by KOFINAS are internationally recognized and certified. Sustainability & Eco Friendly Building KOFINAS uses Swedish and Finnish timber as its primary construction material, achieving a notably low carbon footprint: replacing conventional materials with wood reduces carbon dioxide emissions by 1.1 tons per cubic meter. In collaboration with Nordic sawmills, for every tree harvested, three to five new trees are planted, resulting in a negative carbon footprint. Additionally, their homes feature bioclimatic design and achieve energy consumption reductions of 75%\u201380% compared to conventional buildings\u2014often earning them energy efficiency A certificates. Advanced Production Facilities KOFINAS operates a modern factory, built to European standards, with ISO 14001 certification\u2014ensuring top-tier quality and environmental management in prefabricated housing production. Wide Range of Custom Designs Their catalog includes single , two , and three story homes, ground floor units with lofts, passive houses, and tourist accommodations. They also offer the \u201cFlexyHome\u201d series and Finnlamelli Finnish log houses, providing versatility to meet diverse aesthetic and functional needs. Experienced Team & Nationwide Network KOFINAS boasts a skilled, multidisciplinary team\u2014including civil and architectural engineers\u2014who oversee design, permit processing, and project implementation with a 100% success rate. The company has built a robust sales and distribution network\",\"email\":\"info@kofinas.gr\",\"telephone\":\"00302106081307\",\"legalName\":\"KOFINAS SA\",\"foundingDate\":\"1977-03-07\",\"vatID\":\"EL081136701\",\"duns\":\"503265836\",\"numberOfEmployees\":{\"@type\":\"QuantitativeValue\",\"minValue\":\"11\",\"maxValue\":\"50\"},\"publishingPrinciples\":\"https:\/\/www.kofinas.gr\/%cf%80%ce%bf%ce%bb%ce%b9%cf%84%ce%b9%ce%ba%ce%ae-%ce%b5%cf%84%ce%b1%ce%b9%cf%81%ce%af%ce%b1%cf%82-%ce%ba%ce%bf%cf%86%ce%b9%ce%bd%ce%b1%cf%83-%ce%b1%ce%b5\/\",\"ownershipFundingInfo\":\"https:\/\/www.kofinas.gr\/%ce%b5%cf%84%ce%b1%ce%b9%cf%81%ce%af%ce%b1\/\",\"actionableFeedbackPolicy\":\"https:\/\/www.kofinas.gr\/prosopika-dedomena\/\"}]}<\/script>\n<!-- \/ Yoast SEO Premium plugin. -->","yoast_head_json":{"title":"Warum ein Flexyhome w\u00e4hlen - Vorteile | Kofinas Fertigh\u00e4user - Fertigteil","description":"Flexyhome: eine vorgefertigte Konstruktion, die all Ihren Anforderungen entspricht. Exklusives Produkt der Firma Kofinas, gem\u00e4\u00df unseren NTUA-Tests.","robots":{"index":"index","follow":"follow","max-snippet":"max-snippet:-1","max-image-preview":"max-image-preview:large","max-video-preview":"max-video-preview:-1"},"canonical":"https:\/\/www.kofinas.gr\/den\/flexyhome\/warum-ein-flexibles-kofinas-haus\/warum-ein-flexyhome-wahlen\/","og_locale":"de_DE","og_type":"article","og_title":"Why choose a Flexyhome - Advantages","og_description":"Flexyhome: a prefabricated construction that corresponds to all of your needs. Exclusive product of Kofinas company, in accordance with our NTUA tests.","og_url":"https:\/\/www.kofinas.gr\/den\/flexyhome\/warum-ein-flexibles-kofinas-haus\/warum-ein-flexyhome-wahlen\/","og_site_name":"\u039a\u03bf\u03c6\u03b9\u03bd\u03ac\u03c2 \u03a0\u03c1\u03bf\u03ba\u03b1\u03c4\u03b1\u03c3\u03ba\u03b5\u03c5\u03b1\u03c3\u03bc\u03ad\u03bd\u03b1 \u03c3\u03c0\u03af\u03c4\u03b9\u03b1 - \u03a0\u03c1\u03bf\u03ba\u03ac\u03c4","article_publisher":"https:\/\/www.facebook.com\/kofinas.prokataskevasmena","article_modified_time":"2020-03-15T11:17:27+00:00","og_image":[{"width":2560,"height":1600,"url":"https:\/\/www.kofinas.gr\/wp-content\/uploads\/shutterstock_317134730-min-scaled.jpg","type":"image\/jpeg"}],"twitter_card":"summary_large_image","twitter_site":"@kofinas_prokat","twitter_misc":{"Gesch\u00e4tzte Lesezeit":"2\u00a0Minuten"},"schema":{"@context":"https:\/\/schema.org","@graph":[{"@type":"WebPage","@id":"https:\/\/www.kofinas.gr\/flexyhome\/why-a-flexy-kofinas-house\/why-choose-a-flexyhome\/","url":"https:\/\/www.kofinas.gr\/flexyhome\/why-a-flexy-kofinas-house\/why-choose-a-flexyhome\/","name":"Warum ein Flexyhome w\u00e4hlen - Vorteile | Kofinas Fertigh\u00e4user - Fertigteil","isPartOf":{"@id":"https:\/\/www.kofinas.gr\/#website"},"primaryImageOfPage":{"@id":"https:\/\/www.kofinas.gr\/flexyhome\/why-a-flexy-kofinas-house\/why-choose-a-flexyhome\/#primaryimage"},"image":{"@id":"https:\/\/www.kofinas.gr\/flexyhome\/why-a-flexy-kofinas-house\/why-choose-a-flexyhome\/#primaryimage"},"thumbnailUrl":"https:\/\/www.kofinas.gr\/wp-content\/uploads\/shutterstock_317134730-min-scaled.jpg","datePublished":"2016-08-05T15:15:10+00:00","dateModified":"2020-03-15T11:17:27+00:00","description":"Flexyhome: eine vorgefertigte Konstruktion, die all Ihren Anforderungen entspricht. Exklusives Produkt der Firma Kofinas, gem\u00e4\u00df unseren NTUA-Tests.","breadcrumb":{"@id":"https:\/\/www.kofinas.gr\/flexyhome\/why-a-flexy-kofinas-house\/why-choose-a-flexyhome\/#breadcrumb"},"inLanguage":"de","potentialAction":[{"@type":"ReadAction","target":["https:\/\/www.kofinas.gr\/flexyhome\/why-a-flexy-kofinas-house\/why-choose-a-flexyhome\/"]}]},{"@type":"ImageObject","inLanguage":"de","@id":"https:\/\/www.kofinas.gr\/flexyhome\/why-a-flexy-kofinas-house\/why-choose-a-flexyhome\/#primaryimage","url":"https:\/\/www.kofinas.gr\/wp-content\/uploads\/shutterstock_317134730-min-scaled.jpg","contentUrl":"https:\/\/www.kofinas.gr\/wp-content\/uploads\/shutterstock_317134730-min-scaled.jpg","width":2560,"height":1600},{"@type":"BreadcrumbList","@id":"https:\/\/www.kofinas.gr\/flexyhome\/why-a-flexy-kofinas-house\/why-choose-a-flexyhome\/#breadcrumb","itemListElement":[{"@type":"ListItem","position":1,"name":"Home","item":"https:\/\/www.kofinas.gr\/"},{"@type":"ListItem","position":2,"name":"FlexyHome \u039a\u03b1\u03c4\u03bf\u03b9\u03ba\u03af\u03b5\u03c2","item":"https:\/\/www.kofinas.gr\/den\/flexyhome\/"},{"@type":"ListItem","position":3,"name":"Why Flexyhome Kofinas","item":"https:\/\/www.kofinas.gr\/flexyhome\/why-a-flexy-kofinas-house\/"},{"@type":"ListItem","position":4,"name":"Why choose a Flexyhome &#8211; Advantages"}]},{"@type":"WebSite","@id":"https:\/\/www.kofinas.gr\/#website","url":"https:\/\/www.kofinas.gr\/","name":"Kofinas Fertigh\u00e4user - Fertigh\u00e4user","description":"Wir bauen Ihr Haus in Griechenland und \u00fcberall in Europa!","publisher":{"@id":"https:\/\/www.kofinas.gr\/#organization"},"alternateName":"\u039a\u039f\u03a6\u0399\u039d\u0391\u03a3 \u03a0\u03c1\u03bf\u03ba\u03b1\u03c4\u03b1\u03c3\u03ba\u03b5\u03c5\u03b1\u03c3\u03bc\u03ad\u03bd\u03b1 \u03a3\u03c0\u03af\u03c4\u03b9\u03b1 \u03ba\u03b1\u03b9 \u03a4\u03bf\u03c5\u03c1\u03b9\u03c3\u03c4\u03b9\u03ba\u03ac \u039a\u03b1\u03c4\u03b1\u03bb\u03cd\u03bc\u03b1\u03c4\u03b1","potentialAction":[{"@type":"SearchAction","target":{"@type":"EntryPoint","urlTemplate":"https:\/\/www.kofinas.gr\/?s={search_term_string}"},"query-input":{"@type":"PropertyValueSpecification","valueRequired":true,"valueName":"search_term_string"}}],"inLanguage":"de"},{"@type":"Organization","@id":"https:\/\/www.kofinas.gr\/#organization","name":"Kofinas SA","alternateName":"Construction Company that constuct Prefabricated houses","url":"https:\/\/www.kofinas.gr\/","logo":{"@type":"ImageObject","inLanguage":"de","@id":"https:\/\/www.kofinas.gr\/#\/schema\/logo\/image\/","url":"https:\/\/www.kofinas.gr\/wp-content\/uploads\/2025\/03\/360new-logo-25.gif","contentUrl":"https:\/\/www.kofinas.gr\/wp-content\/uploads\/2025\/03\/360new-logo-25.gif","width":230,"height":70,"caption":"Kofinas SA"},"image":{"@id":"https:\/\/www.kofinas.gr\/#\/schema\/logo\/image\/"},"sameAs":["https:\/\/www.facebook.com\/kofinas.prokataskevasmena","https:\/\/x.com\/kofinas_prokat","https:\/\/www.linkedin.com\/company\/kofinas-sa","https:\/\/www.instagram.com\/kofinasprefab\/","https:\/\/www.youtube.com\/channel\/UCEAifY31SuyQHHz_I3P4IVg"],"description":"KOFINAS SA \u2013 Fertigh\u00e4user. Gegr\u00fcndet 1977, hat sich KOFINAS SA zu einem der f\u00fchrenden griechischen Unternehmen im Fertighaussektor entwickelt. Ihre Philosophie unterstreicht kontinuierliche Innovation \u2013 ihr Ziel ist es nicht, mehr H\u00e4user zu bauen, sondern bessere H\u00e4user. St\u00e4rke und Zertifizierung. Das einzigartige Bausystem des Unternehmens wurde an der Nationalen Technischen Universit\u00e4t Athen rigorosen experimentellen Tests unterzogen, die seine Haltbarkeit weit \u00fcber die nat\u00fcrlichen Belastbarkeitsgrenzen hinaus bewiesen haben. Von KOFINAS eingef\u00fchrte Innovationen sind international anerkannt und zertifiziert. Nachhaltigkeit und umweltfreundliches Bauen KOFINAS verwendet schwedisches und finnisches Holz als prim\u00e4res Baumaterial und erreicht damit einen bemerkenswert niedrigen CO2-Fu\u00dfabdruck: Der Ersatz herk\u00f6mmlicher Materialien durch Holz reduziert den Kohlendioxidaussto\u00df um 1,1 Tonnen pro Kubikmeter. In Zusammenarbeit mit nordischen S\u00e4gewerken werden f\u00fcr jeden gef\u00e4llten Baum drei bis f\u00fcnf neue B\u00e4ume gepflanzt, was zu einem negativen CO2-Fu\u00dfabdruck f\u00fchrt. Zudem verf\u00fcgen ihre H\u00e4user \u00fcber ein bioklimatisches Design und erreichen im Vergleich zu herk\u00f6mmlichen Geb\u00e4uden eine Reduzierung des Energieverbrauchs um 751\u2013801 TP3T, was ihnen oft das Energieeffizienzzertifikat A einbringt. Moderne Produktionsanlagen KOFINAS betreibt eine moderne Fabrik, die nach europ\u00e4ischen Standards gebaut und nach ISO 14001 zertifiziert ist. Dies gew\u00e4hrleistet h\u00f6chste Qualit\u00e4t und Umweltmanagement in der Fertighausproduktion. Gro\u00dfe Auswahl an kundenspezifischen Designs. Der Katalog umfasst ein-, zwei- und dreist\u00f6ckige H\u00e4user, Erdgeschosswohnungen mit Lofts, Passivh\u00e4user und Touristenunterk\u00fcnfte. Das Unternehmen bietet au\u00dferdem die \u201eFlexyHome\u201c-Serie und finnische Blockh\u00e4user von Finnlamelli an, die vielseitig einsetzbar sind und unterschiedlichen \u00e4sthetischen und funktionalen Anforderungen gerecht werden. Erfahrenes Team und landesweites Netzwerk KOFINAS verf\u00fcgt \u00fcber ein qualifiziertes, multidisziplin\u00e4res Team \u2013 darunter Bauingenieure und Architekturingenieure \u2013, das Design, Genehmigungsverfahren und Projektumsetzung mit einer Erfolgsquote von 100% \u00fcberwacht. Das Unternehmen hat ein robustes Vertriebs- und Distributionsnetz aufgebaut","email":"info@kofinas.gr","telephone":"00302106081307","legalName":"KOFINAS SA","foundingDate":"1977-03-07","vatID":"EL081136701","duns":"503265836","numberOfEmployees":{"@type":"QuantitativeValue","minValue":"11","maxValue":"50"},"publishingPrinciples":"https:\/\/www.kofinas.gr\/%cf%80%ce%bf%ce%bb%ce%b9%cf%84%ce%b9%ce%ba%ce%ae-%ce%b5%cf%84%ce%b1%ce%b9%cf%81%ce%af%ce%b1%cf%82-%ce%ba%ce%bf%cf%86%ce%b9%ce%bd%ce%b1%cf%83-%ce%b1%ce%b5\/","ownershipFundingInfo":"https:\/\/www.kofinas.gr\/%ce%b5%cf%84%ce%b1%ce%b9%cf%81%ce%af%ce%b1\/","actionableFeedbackPolicy":"https:\/\/www.kofinas.gr\/prosopika-dedomena\/"}]}},"_links":{"self":[{"href":"https:\/\/www.kofinas.gr\/den\/wp-json\/wp\/v2\/pages\/7552","targetHints":{"allow":["GET"]}}],"collection":[{"href":"https:\/\/www.kofinas.gr\/den\/wp-json\/wp\/v2\/pages"}],"about":[{"href":"https:\/\/www.kofinas.gr\/den\/wp-json\/wp\/v2\/types\/page"}],"author":[{"embeddable":true,"href":"https:\/\/www.kofinas.gr\/den\/wp-json\/wp\/v2\/users\/3"}],"replies":[{"embeddable":true,"href":"https:\/\/www.kofinas.gr\/den\/wp-json\/wp\/v2\/comments?post=7552"}],"version-history":[{"count":0,"href":"https:\/\/www.kofinas.gr\/den\/wp-json\/wp\/v2\/pages\/7552\/revisions"}],"up":[{"embeddable":true,"href":"https:\/\/www.kofinas.gr\/den\/wp-json\/wp\/v2\/pages\/7547"}],"wp:featuredmedia":[{"embeddable":true,"href":"https:\/\/www.kofinas.gr\/den\/wp-json\/wp\/v2\/media\/14367"}],"wp:attachment":[{"href":"https:\/\/www.kofinas.gr\/den\/wp-json\/wp\/v2\/media?parent=7552"}],"curies":[{"name":"wp","href":"https:\/\/api.w.org\/{rel}","templated":true}]}}