{"id":32445,"date":"2021-03-21T05:20:30","date_gmt":"2021-03-21T03:20:30","guid":{"rendered":"https:\/\/www.kofinas.gr\/?page_id=32445"},"modified":"2021-04-16T12:26:40","modified_gmt":"2021-04-16T10:26:40","slug":"garage-3","status":"publish","type":"page","link":"https:\/\/www.kofinas.gr\/den\/garage-3\/","title":{"rendered":"Garage"},"content":{"rendered":"<div class=\"wp-block-columns is-layout-flex wp-container-core-columns-is-layout-9d6595d7 wp-block-columns-is-layout-flex\">\n<div class=\"wp-block-column is-layout-flow wp-block-column-is-layout-flow\" style=\"flex-basis:33.33%\">\n<div class=\"wp-block-image\"><figure class=\"aligncenter size-large\"><img decoding=\"async\" width=\"200\" height=\"200\" src=\"https:\/\/www.kofinas.gr\/wp-content\/uploads\/2021\/03\/icon_Garage-1.png\" alt=\"Prokataskeuasmena spitia KOFINAS SA, Energeiaki apodosi, antiseismika, xamili katanalwsi, Villa, oikologiki katoikia\" class=\"wp-image-32552\" srcset=\"https:\/\/www.kofinas.gr\/wp-content\/uploads\/2021\/03\/icon_Garage-1.png 200w, https:\/\/www.kofinas.gr\/wp-content\/uploads\/2021\/03\/icon_Garage-1-24x24.png 24w, https:\/\/www.kofinas.gr\/wp-content\/uploads\/2021\/03\/icon_Garage-1-36x36.png 36w, https:\/\/www.kofinas.gr\/wp-content\/uploads\/2021\/03\/icon_Garage-1-48x48.png 48w\" sizes=\"(max-width: 200px) 100vw, 200px\" \/><\/figure><\/div>\n\n\n\n<p><strong>VORGEFERTIGTE KAFFEEH\u00c4USER-NEUE KATEGORIE: GARAGE<\/strong><\/p>\n<\/div>\n\n\n\n<div class=\"wp-block-column is-layout-flow wp-block-column-is-layout-flow\" style=\"flex-basis:66.66%\">\n<p><a href=\"https:\/\/www.kofinas.gr\/den\/kofinas-unternehmen\/\">Das Unternehmen KOFINAS SA<\/a>\u00a0pr\u00e4sentiert euch ihre neue Serie\u00a0<strong>GARAGE.<\/strong>\u00a0Ihr Vorschlag f\u00fcr Ihre neue Garage enth\u00e4lt zwei neue Codes. Das Unternehmen Kofinas ist innovativ, ohne sich auszuruhen. St\u00e4ndig eintreten\u00a0<strong>neue Elemente<\/strong>\u00a0beim Hausbau. Deshalb kann sie Ihnen jetzt ihr neues Sortiment f\u00fcr Werkst\u00e4tten empfehlen.<\/p>\n\n\n\n<p>Die Garagen, mit der Nutzung&nbsp;<strong>Holz aus Nordeuropa<\/strong>&nbsp;als Hauptbaustoff (<strong>Nordische Tanne)<\/strong>, macht den Wohnsitz&nbsp;<strong>absolut \u00f6kologisch.&nbsp;<\/strong>Da beim Bau herk\u00f6mmliche Baustoffe durch Holz ersetzt werden, reduziert sich der Aussto\u00df von Kohlendioxid um 1,1 Tonnen pro Kubikmeter in die Atmosph\u00e4re. Umso mehr, wenn das Unternehmen mit schwedischen und finnischen oder sogar skandinavischen Holzverarbeitungsfabriken zusammenarbeitet, in denen f\u00fcr jeden gef\u00e4llten Baum drei bis f\u00fcnf neue gepflanzt werden und im Wesentlichen produzieren&nbsp;<strong>negativen CO2-Fu\u00dfabdruck<\/strong>.<\/p>\n\n\n\n<p><strong>VORGEFERTIGTE KAFFEEH\u00c4USER-NEUE KATEGORIE: GARAGE<\/strong><\/p>\n\n\n\n<p><em>Holz ist f\u00fcr uns der Werkstoffk\u00f6nig. Das Gef\u00fchl, das ein Aufenthalt in einem solchen fr\u00fcheren Haus erzeugt, kann nicht erkl\u00e4rt werden, es wird einfach erlebt. Ein Zuhause f\u00fcr Sie und Ihre Familie zum Leben oder ein Ferienhaus zum Entspannen. Wir haben eine gro\u00dfe Auswahl an vorgefertigten Designs, die sich an alle pers\u00f6nlichen Entscheidungen und Anforderungen anpassen lassen. Im KOFINAS-Sortiment finden Sie auch Optionen f\u00fcr Holzh\u00e4user mit hoher Widerstandsf\u00e4higkeit und niedrigem Energieverbrauch.&nbsp;<\/em><em>Die M\u00f6glichkeiten, die R\u00e4ume zu arrangieren, sind endlos.&nbsp;<\/em><em>Dar\u00fcber hinaus sind die Residenzen so gestaltet<\/em><strong>bioklimatisch<\/strong><em>damit durch \u00d6ffnungen, Beschattungssysteme, Orientierung und maschinelle Ausstattung die notwendigen raumklimatischen Bedingungen gegeben sind und<\/em><strong>Energie wird gespart<\/strong><em>zum Heizen, K\u00fchlen und Beleuchten. So ist es&nbsp;<\/em><em>H\u00e4user der Firma Kofinas<\/em><strong>haben bereits Energieeffizienzzertifikate A erhalten<\/strong><em>!<\/em><\/p>\n\n\n\n<p>Deshalb lautet das Motto unseres Unternehmens:<\/p>\n\n\n\n<p><em><strong>&quot;Ziel<\/strong><\/em><strong><em>&nbsp;Unser Ziel ist es nicht, mehr H\u00e4user zu bauen, unser Ziel ist es, bessere H\u00e4user zu bauen!\u201c<\/em><\/strong><\/p>\n<\/div>\n<\/div>","protected":false},"excerpt":{"rendered":"<p>KOFINAS FERTIGH\u00c4USER-NEUE KATEGORIE: GARAGE Die Firma KOFINAS SA pr\u00e4sentiert ihre neue GARAGE-Serie. Ihr Vorschlag f\u00fcr Ihre neue Garage enth\u00e4lt zwei neue Codes. Das Unternehmen Kofinas ist innovativ, ohne sich auszuruhen. Er bringt st\u00e4ndig neue Elemente in den Hausbau ein. Deshalb kann sie Ihnen jetzt ihr neues Sortiment f\u00fcr Werkst\u00e4tten empfehlen. Die Garagen aus Holz [...]<\/p>","protected":false},"author":3,"featured_media":32599,"parent":0,"menu_order":0,"comment_status":"closed","ping_status":"closed","template":"page-landing.php","meta":{"_acf_changed":false,"footnotes":""},"class_list":["post-32445","page","type-page","status-publish","has-post-thumbnail","hentry"],"acf":[],"yoast_head":"<!-- This site is optimized with the Yoast SEO Premium plugin v26.6 (Yoast SEO v26.6) - https:\/\/yoast.com\/wordpress\/plugins\/seo\/ -->\n<title>\u0393\u03ba\u03b1\u03c1\u03ac\u03b6 | \u039a\u03bf\u03c6\u03b9\u03bd\u03ac\u03c2 \u03a0\u03c1\u03bf\u03ba\u03b1\u03c4\u03b1\u03c3\u03ba\u03b5\u03c5\u03b1\u03c3\u03bc\u03ad\u03bd\u03b1 \u03c3\u03c0\u03af\u03c4\u03b9\u03b1 - \u03a0\u03c1\u03bf\u03ba\u03ac\u03c4<\/title>\n<meta name=\"description\" content=\"\u039a\u03bf\u03c6\u03b9\u03bd\u03ac\u03c2 \u03a0\u03c1\u03bf\u03ba\u03b1\u03c4\u03b1\u03c3\u03ba\u03b5\u03c5\u03b1\u03c3\u03bc\u03ad\u03bd\u03b1 \u03c3\u03c0\u03af\u03c4\u03b9\u03b1 - \u03a0\u03c1\u03bf\u03ba\u03ac\u03c4 | \u0393\u03ba\u03b1\u03c1\u03ac\u03b6\" \/>\n<meta name=\"robots\" content=\"index, follow, max-snippet:-1, max-image-preview:large, max-video-preview:-1\" \/>\n<link rel=\"canonical\" href=\"https:\/\/www.kofinas.gr\/den\/garage-3\/\" \/>\n<meta property=\"og:locale\" content=\"de_DE\" \/>\n<meta property=\"og:type\" content=\"article\" \/>\n<meta property=\"og:title\" content=\"\u0393\u03ba\u03b1\u03c1\u03ac\u03b6\" \/>\n<meta property=\"og:description\" content=\"\u039a\u03bf\u03c6\u03b9\u03bd\u03ac\u03c2 \u03a0\u03c1\u03bf\u03ba\u03b1\u03c4\u03b1\u03c3\u03ba\u03b5\u03c5\u03b1\u03c3\u03bc\u03ad\u03bd\u03b1 \u03c3\u03c0\u03af\u03c4\u03b9\u03b1 - \u03a0\u03c1\u03bf\u03ba\u03ac\u03c4 | \u0393\u03ba\u03b1\u03c1\u03ac\u03b6\" \/>\n<meta property=\"og:url\" content=\"https:\/\/www.kofinas.gr\/den\/garage-3\/\" \/>\n<meta property=\"og:site_name\" content=\"\u039a\u03bf\u03c6\u03b9\u03bd\u03ac\u03c2 \u03a0\u03c1\u03bf\u03ba\u03b1\u03c4\u03b1\u03c3\u03ba\u03b5\u03c5\u03b1\u03c3\u03bc\u03ad\u03bd\u03b1 \u03c3\u03c0\u03af\u03c4\u03b9\u03b1 - \u03a0\u03c1\u03bf\u03ba\u03ac\u03c4\" \/>\n<meta property=\"article:publisher\" content=\"https:\/\/www.facebook.com\/kofinas.prokataskevasmena\" \/>\n<meta property=\"article:modified_time\" content=\"2021-04-16T10:26:40+00:00\" \/>\n<meta property=\"og:image\" content=\"https:\/\/www.kofinas.gr\/wp-content\/uploads\/2021\/03\/Kofinas-prefabricated-houses-2-3.jpg?v=1758711243\" \/>\n\t<meta property=\"og:image:width\" content=\"1920\" \/>\n\t<meta property=\"og:image:height\" content=\"897\" \/>\n\t<meta property=\"og:image:type\" content=\"image\/jpeg\" \/>\n<meta name=\"twitter:card\" content=\"summary_large_image\" \/>\n<meta name=\"twitter:site\" content=\"@kofinas_prokat\" \/>\n<script type=\"application\/ld+json\" class=\"yoast-schema-graph\">{\"@context\":\"https:\/\/schema.org\",\"@graph\":[{\"@type\":\"WebPage\",\"@id\":\"https:\/\/www.kofinas.gr\/bg\/%d0%b3%d0%b0%d1%80%d0%b0%d0%b6-2\/\",\"url\":\"https:\/\/www.kofinas.gr\/bg\/%d0%b3%d0%b0%d1%80%d0%b0%d0%b6-2\/\",\"name\":\"\u0393\u03ba\u03b1\u03c1\u03ac\u03b6 | \u039a\u03bf\u03c6\u03b9\u03bd\u03ac\u03c2 \u03a0\u03c1\u03bf\u03ba\u03b1\u03c4\u03b1\u03c3\u03ba\u03b5\u03c5\u03b1\u03c3\u03bc\u03ad\u03bd\u03b1 \u03c3\u03c0\u03af\u03c4\u03b9\u03b1 - \u03a0\u03c1\u03bf\u03ba\u03ac\u03c4\",\"isPartOf\":{\"@id\":\"https:\/\/www.kofinas.gr\/#website\"},\"primaryImageOfPage\":{\"@id\":\"https:\/\/www.kofinas.gr\/bg\/%d0%b3%d0%b0%d1%80%d0%b0%d0%b6-2\/#primaryimage\"},\"image\":{\"@id\":\"https:\/\/www.kofinas.gr\/bg\/%d0%b3%d0%b0%d1%80%d0%b0%d0%b6-2\/#primaryimage\"},\"thumbnailUrl\":\"https:\/\/www.kofinas.gr\/wp-content\/uploads\/2021\/03\/Kofinas-prefabricated-houses-2-3.jpg?v=1758711243\",\"datePublished\":\"2021-03-21T03:20:30+00:00\",\"dateModified\":\"2021-04-16T10:26:40+00:00\",\"description\":\"\u039a\u03bf\u03c6\u03b9\u03bd\u03ac\u03c2 \u03a0\u03c1\u03bf\u03ba\u03b1\u03c4\u03b1\u03c3\u03ba\u03b5\u03c5\u03b1\u03c3\u03bc\u03ad\u03bd\u03b1 \u03c3\u03c0\u03af\u03c4\u03b9\u03b1 - \u03a0\u03c1\u03bf\u03ba\u03ac\u03c4 | \u0393\u03ba\u03b1\u03c1\u03ac\u03b6\",\"breadcrumb\":{\"@id\":\"https:\/\/www.kofinas.gr\/bg\/%d0%b3%d0%b0%d1%80%d0%b0%d0%b6-2\/#breadcrumb\"},\"inLanguage\":\"de\",\"potentialAction\":[{\"@type\":\"ReadAction\",\"target\":[\"https:\/\/www.kofinas.gr\/bg\/%d0%b3%d0%b0%d1%80%d0%b0%d0%b6-2\/\"]}]},{\"@type\":\"ImageObject\",\"inLanguage\":\"de\",\"@id\":\"https:\/\/www.kofinas.gr\/bg\/%d0%b3%d0%b0%d1%80%d0%b0%d0%b6-2\/#primaryimage\",\"url\":\"https:\/\/www.kofinas.gr\/wp-content\/uploads\/2021\/03\/Kofinas-prefabricated-houses-2-3.jpg?v=1758711243\",\"contentUrl\":\"https:\/\/www.kofinas.gr\/wp-content\/uploads\/2021\/03\/Kofinas-prefabricated-houses-2-3.jpg?v=1758711243\",\"width\":1920,\"height\":897,\"caption\":\"Prokataskeuasmena spitia KOFINAS SA, Energeiaki apodosi, antiseismika, xamili katanalwsi, villa,oikologiki katoikia\"},{\"@type\":\"BreadcrumbList\",\"@id\":\"https:\/\/www.kofinas.gr\/bg\/%d0%b3%d0%b0%d1%80%d0%b0%d0%b6-2\/#breadcrumb\",\"itemListElement\":[{\"@type\":\"ListItem\",\"position\":1,\"name\":\"Home\",\"item\":\"https:\/\/www.kofinas.gr\/\"},{\"@type\":\"ListItem\",\"position\":2,\"name\":\"\u0393\u03ba\u03b1\u03c1\u03ac\u03b6\"}]},{\"@type\":\"WebSite\",\"@id\":\"https:\/\/www.kofinas.gr\/#website\",\"url\":\"https:\/\/www.kofinas.gr\/\",\"name\":\"\u039a\u03bf\u03c6\u03b9\u03bd\u03ac\u03c2 \u03a0\u03c1\u03bf\u03ba\u03b1\u03c4\u03b1\u03c3\u03ba\u03b5\u03c5\u03b1\u03c3\u03bc\u03ad\u03bd\u03b1 \u03c3\u03c0\u03af\u03c4\u03b9\u03b1 - \u03a0\u03c1\u03bf\u03ba\u03ac\u03c4\",\"description\":\"\u039a\u03b1\u03c4\u03b1\u03c3\u03ba\u03b5\u03c5\u03ac\u03b6\u03bf\u03c5\u03bc\u03b5 \u03c4\u03bf \u03c3\u03c0\u03af\u03c4\u03b9 \u03c3\u03b1\u03c2 \u03c3\u03c4\u03b7\u03bd \u03b5\u03bb\u03bb\u03ac\u03b4\u03b1 \u03ba\u03b1\u03b9 \u03bf\u03c0\u03bf\u03c5\u03b4\u03ae\u03c0\u03bf\u03c4\u03b5 \u03c3\u03c4\u03b7\u03bd \u0395\u03c5\u03c1\u03ce\u03c0\u03b7!\",\"publisher\":{\"@id\":\"https:\/\/www.kofinas.gr\/#organization\"},\"alternateName\":\"\u039a\u039f\u03a6\u0399\u039d\u0391\u03a3 \u03a0\u03c1\u03bf\u03ba\u03b1\u03c4\u03b1\u03c3\u03ba\u03b5\u03c5\u03b1\u03c3\u03bc\u03ad\u03bd\u03b1 \u03a3\u03c0\u03af\u03c4\u03b9\u03b1 \u03ba\u03b1\u03b9 \u03a4\u03bf\u03c5\u03c1\u03b9\u03c3\u03c4\u03b9\u03ba\u03ac \u039a\u03b1\u03c4\u03b1\u03bb\u03cd\u03bc\u03b1\u03c4\u03b1\",\"potentialAction\":[{\"@type\":\"SearchAction\",\"target\":{\"@type\":\"EntryPoint\",\"urlTemplate\":\"https:\/\/www.kofinas.gr\/?s={search_term_string}\"},\"query-input\":{\"@type\":\"PropertyValueSpecification\",\"valueRequired\":true,\"valueName\":\"search_term_string\"}}],\"inLanguage\":\"de\"},{\"@type\":\"Organization\",\"@id\":\"https:\/\/www.kofinas.gr\/#organization\",\"name\":\"Kofinas SA\",\"alternateName\":\"Construction Company that constuct Prefabricated houses\",\"url\":\"https:\/\/www.kofinas.gr\/\",\"logo\":{\"@type\":\"ImageObject\",\"inLanguage\":\"de\",\"@id\":\"https:\/\/www.kofinas.gr\/#\/schema\/logo\/image\/\",\"url\":\"https:\/\/www.kofinas.gr\/wp-content\/uploads\/2025\/03\/360new-logo-25.gif\",\"contentUrl\":\"https:\/\/www.kofinas.gr\/wp-content\/uploads\/2025\/03\/360new-logo-25.gif\",\"width\":230,\"height\":70,\"caption\":\"Kofinas SA\"},\"image\":{\"@id\":\"https:\/\/www.kofinas.gr\/#\/schema\/logo\/image\/\"},\"sameAs\":[\"https:\/\/www.facebook.com\/kofinas.prokataskevasmena\",\"https:\/\/x.com\/kofinas_prokat\",\"https:\/\/www.linkedin.com\/company\/kofinas-sa\",\"https:\/\/www.instagram.com\/kofinasprefab\/\",\"https:\/\/www.youtube.com\/channel\/UCEAifY31SuyQHHz_I3P4IVg\"],\"description\":\"KOFINAS SA \u2013 Prefabricated Homes Founded Legacy & Innovation Established in 1977, KOFINAS SA has grown into one of Greece\u2019s leading firms in the prefabricated housing sector. Their philosophy underscores continuous innovation\u2014they don't aim to build more homes, but to build better homes Strength & Certification The company's unique construction system has undergone rigorous experimental testing at the National Technical University of Athens, proving its durability well beyond natural endurance limits. Innovations introduced by KOFINAS are internationally recognized and certified. Sustainability & Eco Friendly Building KOFINAS uses Swedish and Finnish timber as its primary construction material, achieving a notably low carbon footprint: replacing conventional materials with wood reduces carbon dioxide emissions by 1.1 tons per cubic meter. In collaboration with Nordic sawmills, for every tree harvested, three to five new trees are planted, resulting in a negative carbon footprint. Additionally, their homes feature bioclimatic design and achieve energy consumption reductions of 75%\u201380% compared to conventional buildings\u2014often earning them energy efficiency A certificates. Advanced Production Facilities KOFINAS operates a modern factory, built to European standards, with ISO 14001 certification\u2014ensuring top-tier quality and environmental management in prefabricated housing production. Wide Range of Custom Designs Their catalog includes single , two , and three story homes, ground floor units with lofts, passive houses, and tourist accommodations. They also offer the \u201cFlexyHome\u201d series and Finnlamelli Finnish log houses, providing versatility to meet diverse aesthetic and functional needs. Experienced Team & Nationwide Network KOFINAS boasts a skilled, multidisciplinary team\u2014including civil and architectural engineers\u2014who oversee design, permit processing, and project implementation with a 100% success rate. The company has built a robust sales and distribution network\",\"email\":\"info@kofinas.gr\",\"telephone\":\"00302106081307\",\"legalName\":\"KOFINAS SA\",\"foundingDate\":\"1977-03-07\",\"vatID\":\"EL081136701\",\"duns\":\"503265836\",\"numberOfEmployees\":{\"@type\":\"QuantitativeValue\",\"minValue\":\"11\",\"maxValue\":\"50\"},\"publishingPrinciples\":\"https:\/\/www.kofinas.gr\/%cf%80%ce%bf%ce%bb%ce%b9%cf%84%ce%b9%ce%ba%ce%ae-%ce%b5%cf%84%ce%b1%ce%b9%cf%81%ce%af%ce%b1%cf%82-%ce%ba%ce%bf%cf%86%ce%b9%ce%bd%ce%b1%cf%83-%ce%b1%ce%b5\/\",\"ownershipFundingInfo\":\"https:\/\/www.kofinas.gr\/%ce%b5%cf%84%ce%b1%ce%b9%cf%81%ce%af%ce%b1\/\",\"actionableFeedbackPolicy\":\"https:\/\/www.kofinas.gr\/prosopika-dedomena\/\"}]}<\/script>\n<!-- \/ Yoast SEO Premium plugin. -->","yoast_head_json":{"title":"Garage | Kofinas Fertigh\u00e4user - Fertigteil","description":"Kofinas Fertigh\u00e4user - Fertigteil | Garage","robots":{"index":"index","follow":"follow","max-snippet":"max-snippet:-1","max-image-preview":"max-image-preview:large","max-video-preview":"max-video-preview:-1"},"canonical":"https:\/\/www.kofinas.gr\/den\/garage-3\/","og_locale":"de_DE","og_type":"article","og_title":"\u0393\u03ba\u03b1\u03c1\u03ac\u03b6","og_description":"\u039a\u03bf\u03c6\u03b9\u03bd\u03ac\u03c2 \u03a0\u03c1\u03bf\u03ba\u03b1\u03c4\u03b1\u03c3\u03ba\u03b5\u03c5\u03b1\u03c3\u03bc\u03ad\u03bd\u03b1 \u03c3\u03c0\u03af\u03c4\u03b9\u03b1 - \u03a0\u03c1\u03bf\u03ba\u03ac\u03c4 | \u0393\u03ba\u03b1\u03c1\u03ac\u03b6","og_url":"https:\/\/www.kofinas.gr\/den\/garage-3\/","og_site_name":"\u039a\u03bf\u03c6\u03b9\u03bd\u03ac\u03c2 \u03a0\u03c1\u03bf\u03ba\u03b1\u03c4\u03b1\u03c3\u03ba\u03b5\u03c5\u03b1\u03c3\u03bc\u03ad\u03bd\u03b1 \u03c3\u03c0\u03af\u03c4\u03b9\u03b1 - \u03a0\u03c1\u03bf\u03ba\u03ac\u03c4","article_publisher":"https:\/\/www.facebook.com\/kofinas.prokataskevasmena","article_modified_time":"2021-04-16T10:26:40+00:00","og_image":[{"width":1920,"height":897,"url":"https:\/\/www.kofinas.gr\/wp-content\/uploads\/2021\/03\/Kofinas-prefabricated-houses-2-3.jpg?v=1758711243","type":"image\/jpeg"}],"twitter_card":"summary_large_image","twitter_site":"@kofinas_prokat","schema":{"@context":"https:\/\/schema.org","@graph":[{"@type":"WebPage","@id":"https:\/\/www.kofinas.gr\/bg\/%d0%b3%d0%b0%d1%80%d0%b0%d0%b6-2\/","url":"https:\/\/www.kofinas.gr\/bg\/%d0%b3%d0%b0%d1%80%d0%b0%d0%b6-2\/","name":"Garage | Kofinas Fertigh\u00e4user - Fertigteil","isPartOf":{"@id":"https:\/\/www.kofinas.gr\/#website"},"primaryImageOfPage":{"@id":"https:\/\/www.kofinas.gr\/bg\/%d0%b3%d0%b0%d1%80%d0%b0%d0%b6-2\/#primaryimage"},"image":{"@id":"https:\/\/www.kofinas.gr\/bg\/%d0%b3%d0%b0%d1%80%d0%b0%d0%b6-2\/#primaryimage"},"thumbnailUrl":"https:\/\/www.kofinas.gr\/wp-content\/uploads\/2021\/03\/Kofinas-prefabricated-houses-2-3.jpg?v=1758711243","datePublished":"2021-03-21T03:20:30+00:00","dateModified":"2021-04-16T10:26:40+00:00","description":"Kofinas Fertigh\u00e4user - Fertigteil | Garage","breadcrumb":{"@id":"https:\/\/www.kofinas.gr\/bg\/%d0%b3%d0%b0%d1%80%d0%b0%d0%b6-2\/#breadcrumb"},"inLanguage":"de","potentialAction":[{"@type":"ReadAction","target":["https:\/\/www.kofinas.gr\/bg\/%d0%b3%d0%b0%d1%80%d0%b0%d0%b6-2\/"]}]},{"@type":"ImageObject","inLanguage":"de","@id":"https:\/\/www.kofinas.gr\/bg\/%d0%b3%d0%b0%d1%80%d0%b0%d0%b6-2\/#primaryimage","url":"https:\/\/www.kofinas.gr\/wp-content\/uploads\/2021\/03\/Kofinas-prefabricated-houses-2-3.jpg?v=1758711243","contentUrl":"https:\/\/www.kofinas.gr\/wp-content\/uploads\/2021\/03\/Kofinas-prefabricated-houses-2-3.jpg?v=1758711243","width":1920,"height":897,"caption":"Prokataskeuasmena spitia KOFINAS SA, Energeiaki apodosi, antiseismika, xamili katanalwsi, villa,oikologiki katoikia"},{"@type":"BreadcrumbList","@id":"https:\/\/www.kofinas.gr\/bg\/%d0%b3%d0%b0%d1%80%d0%b0%d0%b6-2\/#breadcrumb","itemListElement":[{"@type":"ListItem","position":1,"name":"Home","item":"https:\/\/www.kofinas.gr\/"},{"@type":"ListItem","position":2,"name":"\u0393\u03ba\u03b1\u03c1\u03ac\u03b6"}]},{"@type":"WebSite","@id":"https:\/\/www.kofinas.gr\/#website","url":"https:\/\/www.kofinas.gr\/","name":"Kofinas Fertigh\u00e4user - Fertigh\u00e4user","description":"Wir bauen Ihr Haus in Griechenland und \u00fcberall in Europa!","publisher":{"@id":"https:\/\/www.kofinas.gr\/#organization"},"alternateName":"\u039a\u039f\u03a6\u0399\u039d\u0391\u03a3 \u03a0\u03c1\u03bf\u03ba\u03b1\u03c4\u03b1\u03c3\u03ba\u03b5\u03c5\u03b1\u03c3\u03bc\u03ad\u03bd\u03b1 \u03a3\u03c0\u03af\u03c4\u03b9\u03b1 \u03ba\u03b1\u03b9 \u03a4\u03bf\u03c5\u03c1\u03b9\u03c3\u03c4\u03b9\u03ba\u03ac \u039a\u03b1\u03c4\u03b1\u03bb\u03cd\u03bc\u03b1\u03c4\u03b1","potentialAction":[{"@type":"SearchAction","target":{"@type":"EntryPoint","urlTemplate":"https:\/\/www.kofinas.gr\/?s={search_term_string}"},"query-input":{"@type":"PropertyValueSpecification","valueRequired":true,"valueName":"search_term_string"}}],"inLanguage":"de"},{"@type":"Organization","@id":"https:\/\/www.kofinas.gr\/#organization","name":"Kofinas SA","alternateName":"Construction Company that constuct Prefabricated houses","url":"https:\/\/www.kofinas.gr\/","logo":{"@type":"ImageObject","inLanguage":"de","@id":"https:\/\/www.kofinas.gr\/#\/schema\/logo\/image\/","url":"https:\/\/www.kofinas.gr\/wp-content\/uploads\/2025\/03\/360new-logo-25.gif","contentUrl":"https:\/\/www.kofinas.gr\/wp-content\/uploads\/2025\/03\/360new-logo-25.gif","width":230,"height":70,"caption":"Kofinas SA"},"image":{"@id":"https:\/\/www.kofinas.gr\/#\/schema\/logo\/image\/"},"sameAs":["https:\/\/www.facebook.com\/kofinas.prokataskevasmena","https:\/\/x.com\/kofinas_prokat","https:\/\/www.linkedin.com\/company\/kofinas-sa","https:\/\/www.instagram.com\/kofinasprefab\/","https:\/\/www.youtube.com\/channel\/UCEAifY31SuyQHHz_I3P4IVg"],"description":"KOFINAS SA \u2013 Fertigh\u00e4user. Gegr\u00fcndet 1977, hat sich KOFINAS SA zu einem der f\u00fchrenden griechischen Unternehmen im Fertighaussektor entwickelt. Ihre Philosophie unterstreicht kontinuierliche Innovation \u2013 ihr Ziel ist es nicht, mehr H\u00e4user zu bauen, sondern bessere H\u00e4user. St\u00e4rke und Zertifizierung. Das einzigartige Bausystem des Unternehmens wurde an der Nationalen Technischen Universit\u00e4t Athen rigorosen experimentellen Tests unterzogen, die seine Haltbarkeit weit \u00fcber die nat\u00fcrlichen Belastbarkeitsgrenzen hinaus bewiesen haben. Von KOFINAS eingef\u00fchrte Innovationen sind international anerkannt und zertifiziert. Nachhaltigkeit und umweltfreundliches Bauen KOFINAS verwendet schwedisches und finnisches Holz als prim\u00e4res Baumaterial und erreicht damit einen bemerkenswert niedrigen CO2-Fu\u00dfabdruck: Der Ersatz herk\u00f6mmlicher Materialien durch Holz reduziert den Kohlendioxidaussto\u00df um 1,1 Tonnen pro Kubikmeter. In Zusammenarbeit mit nordischen S\u00e4gewerken werden f\u00fcr jeden gef\u00e4llten Baum drei bis f\u00fcnf neue B\u00e4ume gepflanzt, was zu einem negativen CO2-Fu\u00dfabdruck f\u00fchrt. Zudem verf\u00fcgen ihre H\u00e4user \u00fcber ein bioklimatisches Design und erreichen im Vergleich zu herk\u00f6mmlichen Geb\u00e4uden eine Reduzierung des Energieverbrauchs um 751\u2013801 TP3T, was ihnen oft das Energieeffizienzzertifikat A einbringt. Moderne Produktionsanlagen KOFINAS betreibt eine moderne Fabrik, die nach europ\u00e4ischen Standards gebaut und nach ISO 14001 zertifiziert ist. Dies gew\u00e4hrleistet h\u00f6chste Qualit\u00e4t und Umweltmanagement in der Fertighausproduktion. Gro\u00dfe Auswahl an kundenspezifischen Designs. Der Katalog umfasst ein-, zwei- und dreist\u00f6ckige H\u00e4user, Erdgeschosswohnungen mit Lofts, Passivh\u00e4user und Touristenunterk\u00fcnfte. Das Unternehmen bietet au\u00dferdem die \u201eFlexyHome\u201c-Serie und finnische Blockh\u00e4user von Finnlamelli an, die vielseitig einsetzbar sind und unterschiedlichen \u00e4sthetischen und funktionalen Anforderungen gerecht werden. Erfahrenes Team und landesweites Netzwerk KOFINAS verf\u00fcgt \u00fcber ein qualifiziertes, multidisziplin\u00e4res Team \u2013 darunter Bauingenieure und Architekturingenieure \u2013, das Design, Genehmigungsverfahren und Projektumsetzung mit einer Erfolgsquote von 100% \u00fcberwacht. Das Unternehmen hat ein robustes Vertriebs- und Distributionsnetz aufgebaut","email":"info@kofinas.gr","telephone":"00302106081307","legalName":"KOFINAS SA","foundingDate":"1977-03-07","vatID":"EL081136701","duns":"503265836","numberOfEmployees":{"@type":"QuantitativeValue","minValue":"11","maxValue":"50"},"publishingPrinciples":"https:\/\/www.kofinas.gr\/%cf%80%ce%bf%ce%bb%ce%b9%cf%84%ce%b9%ce%ba%ce%ae-%ce%b5%cf%84%ce%b1%ce%b9%cf%81%ce%af%ce%b1%cf%82-%ce%ba%ce%bf%cf%86%ce%b9%ce%bd%ce%b1%cf%83-%ce%b1%ce%b5\/","ownershipFundingInfo":"https:\/\/www.kofinas.gr\/%ce%b5%cf%84%ce%b1%ce%b9%cf%81%ce%af%ce%b1\/","actionableFeedbackPolicy":"https:\/\/www.kofinas.gr\/prosopika-dedomena\/"}]}},"_links":{"self":[{"href":"https:\/\/www.kofinas.gr\/den\/wp-json\/wp\/v2\/pages\/32445","targetHints":{"allow":["GET"]}}],"collection":[{"href":"https:\/\/www.kofinas.gr\/den\/wp-json\/wp\/v2\/pages"}],"about":[{"href":"https:\/\/www.kofinas.gr\/den\/wp-json\/wp\/v2\/types\/page"}],"author":[{"embeddable":true,"href":"https:\/\/www.kofinas.gr\/den\/wp-json\/wp\/v2\/users\/3"}],"replies":[{"embeddable":true,"href":"https:\/\/www.kofinas.gr\/den\/wp-json\/wp\/v2\/comments?post=32445"}],"version-history":[{"count":0,"href":"https:\/\/www.kofinas.gr\/den\/wp-json\/wp\/v2\/pages\/32445\/revisions"}],"wp:featuredmedia":[{"embeddable":true,"href":"https:\/\/www.kofinas.gr\/den\/wp-json\/wp\/v2\/media\/32599"}],"wp:attachment":[{"href":"https:\/\/www.kofinas.gr\/den\/wp-json\/wp\/v2\/media?parent=32445"}],"curies":[{"name":"wp","href":"https:\/\/api.w.org\/{rel}","templated":true}]}}