{"id":29915,"date":"2021-01-05T14:44:08","date_gmt":"2021-01-05T12:44:08","guid":{"rendered":"https:\/\/www.kofinas.gr\/?page_id=29915"},"modified":"2024-05-17T13:19:44","modified_gmt":"2024-05-17T10:19:44","slug":"fertigteilgalerie-2","status":"publish","type":"page","link":"https:\/\/www.kofinas.gr\/den\/fertigteilgalerie-2\/","title":{"rendered":"Galerie- VORGEFERTIGT"},"content":{"rendered":"<h1 class=\"wp-block-heading\" id=\"h-gallery-\u03c0\u03c1\u03bf\u03ba\u03b1\u03c4\u03b1\u03c3\u03ba\u03b5\u03c5\u03b1\u03c3\u03bc\u03b5\u03bd\u03c9\u03bd\">Galerie- VORGEFERTIGT<\/h1>\n\n\n\n<p>Die Website der Firma Kofinas umfasst eine umfangreiche Galerie \u2013 Fertigh\u00e4user, die eine beeindruckende Sammlung von Fotos und Videos bietet, die die Vielfalt und Qualit\u00e4t ihrer H\u00e4user hervorheben. Die Galerie deckt viele Arten von H\u00e4usern ab, von kleinen ein- und zweist\u00f6ckigen H\u00e4usern bis hin zu Luxusvillen und Spezialstrukturen wie B\u00fcros, Garagen und Ferienunterk\u00fcnften.<\/p>\n\n\n\n<p>Jede Residenz in der Galerie wird mit Details pr\u00e4sentiert, die die hohe Bauqualit\u00e4t und die makellose Verarbeitung zeigen, die das Unternehmen Kofinas auszeichnen. Die Konstruktionen sind so konzipiert, dass sie \u00c4sthetik mit Funktionalit\u00e4t verbinden und ihren Besitzern Komfort und Stil bieten. Die verwendeten Materialien sind von ausgezeichneter Qualit\u00e4t, zudem legt das Unternehmen Wert auf Nachhaltigkeit und Energieeffizienz seiner Bauten.<\/p>\n\n\n\n<p>Die Galerie-Website ist einfach zu bedienen und erm\u00f6glicht Besuchern ein einfaches Durchsuchen der verschiedenen Hauskategorien. Die Fotos sind hochaufl\u00f6send und bieten ein klares Bild des Innen- und Au\u00dfenbereichs der H\u00e4user. Dar\u00fcber hinaus bieten die Videos eine Live-Pr\u00e4sentation der H\u00e4user und vermitteln ein realistisches Raum- und Grundrissgef\u00fchl.<\/p>\n\n\n\n<p>F\u00fcr diejenigen, die sich f\u00fcr den Besitz eines Fertighauses interessieren, ist die Kofina-Galerie eine wertvolle Inspirations- und Informationsquelle. Besucher k\u00f6nnen reale Projektbeispiele sehen, verschiedene Designs vergleichen und den Stil ausw\u00e4hlen, der am besten zu ihnen passt. Das Unternehmen bietet auch ma\u00dfgeschneiderte L\u00f6sungen an, sodass jedes Haus den Bed\u00fcrfnissen und Vorlieben der Kunden vollst\u00e4ndig entspricht.<\/p>\n\n\n\n<p>Sie k\u00f6nnen die Galerie der Fertigh\u00e4user von Kofina besuchen <a href=\"https:\/\/www.kofinas.gr\/den\/fertigteilgalerie-2\/\">hier<\/a> um mehr zu entdecken.<\/p>","protected":false},"excerpt":{"rendered":"<p>Galerie \u2013 FERTIGH\u00c4USER Die Website von Kofinas bietet eine umfangreiche Galerie mit FERTIGH\u00c4USERN. Sie bietet eine beeindruckende Sammlung von Fotos und Videos, die die Vielfalt und Qualit\u00e4t der H\u00e4user hervorheben. Die Galerie umfasst viele Haustypen, von kleinen einst\u00f6ckigen und zweist\u00f6ckigen H\u00e4usern \u00fcber Luxusvillen bis hin zu Spezialbauten wie B\u00fcros, Garagen und Touristenunterk\u00fcnften. Jedes [\u2026]<\/p>","protected":false},"author":3,"featured_media":29921,"parent":0,"menu_order":0,"comment_status":"closed","ping_status":"closed","template":"page-landing.php","meta":{"_acf_changed":false,"footnotes":""},"class_list":["post-29915","page","type-page","status-publish","has-post-thumbnail","hentry"],"acf":[],"yoast_head":"<!-- This site is optimized with the Yoast SEO Premium plugin v26.6 (Yoast SEO v26.6) - https:\/\/yoast.com\/wordpress\/plugins\/seo\/ -->\n<title>Gallery- \u03a0\u03a1\u039f\u039a\u0391\u03a4\u0391\u03a3\u039a\u0395\u03a5\u0391\u03a3\u039c\u0395\u039d\u03a9\u039d | \u039a\u03bf\u03c6\u03b9\u03bd\u03ac\u03c2 \u03a0\u03c1\u03bf\u03ba\u03b1\u03c4\u03b1\u03c3\u03ba\u03b5\u03c5\u03b1\u03c3\u03bc\u03ad\u03bd\u03b1 \u03c3\u03c0\u03af\u03c4\u03b9\u03b1 - \u03a0\u03c1\u03bf\u03ba\u03ac\u03c4<\/title>\n<meta name=\"description\" content=\"Gallery- \u03a0\u03a1\u039f\u039a\u0391\u03a4\u0391\u03a3\u039a\u0395\u03a5\u0391\u03a3\u039c\u0395\u039d\u03a9\u039d | \u0397 \u03b9\u03c3\u03c4\u03bf\u03c3\u03b5\u03bb\u03af\u03b4\u03b1 \u03c4\u03b7\u03c2 \u03b5\u03c4\u03b1\u03b9\u03c1\u03af\u03b1\u03c2 \u039a\u03bf\u03c6\u03b9\u03bd\u03ac\u03c2 \u03c0\u03b5\u03c1\u03b9\u03bb\u03b1\u03bc\u03b2\u03ac\u03bd\u03b5\u03b9 \u03bc\u03b9\u03b1 \u03b5\u03ba\u03c4\u03b5\u03bd\u03ae \u03b3\u03ba\u03b1\u03bb\u03b5\u03c1\u03af \u03c0\u03c1\u03bf\u03ba\u03b1\u03c4\u03b1\u03c3\u03ba\u03b5\u03c5\u03b1\u03c3\u03bc\u03ad\u03bd\u03c9\u03bd \u03bf\u03b9\u03ba\u03b9\u03ce\u03bd,\" \/>\n<meta name=\"robots\" content=\"index, follow, max-snippet:-1, max-image-preview:large, max-video-preview:-1\" \/>\n<link rel=\"canonical\" href=\"https:\/\/www.kofinas.gr\/den\/fertigteilgalerie-2\/\" \/>\n<meta property=\"og:locale\" content=\"de_DE\" \/>\n<meta property=\"og:type\" content=\"article\" \/>\n<meta property=\"og:title\" content=\"Gallery- \u03a0\u03a1\u039f\u039a\u0391\u03a4\u0391\u03a3\u039a\u0395\u03a5\u0391\u03a3\u039c\u0395\u039d\u03a9\u039d\" \/>\n<meta property=\"og:description\" content=\"Gallery- \u03a0\u03a1\u039f\u039a\u0391\u03a4\u0391\u03a3\u039a\u0395\u03a5\u0391\u03a3\u039c\u0395\u039d\u03a9\u039d | \u0397 \u03b9\u03c3\u03c4\u03bf\u03c3\u03b5\u03bb\u03af\u03b4\u03b1 \u03c4\u03b7\u03c2 \u03b5\u03c4\u03b1\u03b9\u03c1\u03af\u03b1\u03c2 \u039a\u03bf\u03c6\u03b9\u03bd\u03ac\u03c2 \u03c0\u03b5\u03c1\u03b9\u03bb\u03b1\u03bc\u03b2\u03ac\u03bd\u03b5\u03b9 \u03bc\u03b9\u03b1 \u03b5\u03ba\u03c4\u03b5\u03bd\u03ae \u03b3\u03ba\u03b1\u03bb\u03b5\u03c1\u03af \u03c0\u03c1\u03bf\u03ba\u03b1\u03c4\u03b1\u03c3\u03ba\u03b5\u03c5\u03b1\u03c3\u03bc\u03ad\u03bd\u03c9\u03bd \u03bf\u03b9\u03ba\u03b9\u03ce\u03bd,\" \/>\n<meta property=\"og:url\" content=\"https:\/\/www.kofinas.gr\/den\/fertigteilgalerie-2\/\" \/>\n<meta property=\"og:site_name\" content=\"\u039a\u03bf\u03c6\u03b9\u03bd\u03ac\u03c2 \u03a0\u03c1\u03bf\u03ba\u03b1\u03c4\u03b1\u03c3\u03ba\u03b5\u03c5\u03b1\u03c3\u03bc\u03ad\u03bd\u03b1 \u03c3\u03c0\u03af\u03c4\u03b9\u03b1 - \u03a0\u03c1\u03bf\u03ba\u03ac\u03c4\" \/>\n<meta property=\"article:publisher\" content=\"https:\/\/www.facebook.com\/kofinas.prokataskevasmena\" \/>\n<meta property=\"article:modified_time\" content=\"2024-05-17T10:19:44+00:00\" \/>\n<meta property=\"og:image\" content=\"https:\/\/www.kofinas.gr\/wp-content\/uploads\/2021\/01\/Gallery-1.jpg\" \/>\n\t<meta property=\"og:image:width\" content=\"960\" \/>\n\t<meta property=\"og:image:height\" content=\"639\" \/>\n\t<meta property=\"og:image:type\" content=\"image\/jpeg\" \/>\n<meta name=\"twitter:card\" content=\"summary_large_image\" \/>\n<meta name=\"twitter:site\" content=\"@kofinas_prokat\" \/>\n<meta name=\"twitter:label1\" content=\"Gesch\u00e4tzte Lesezeit\" \/>\n\t<meta name=\"twitter:data1\" content=\"2\u00a0Minuten\" \/>\n<script type=\"application\/ld+json\" class=\"yoast-schema-graph\">{\"@context\":\"https:\/\/schema.org\",\"@graph\":[{\"@type\":\"WebPage\",\"@id\":\"https:\/\/www.kofinas.gr\/bg\/%d1%81%d0%b3%d0%bb%d0%be%d0%b1%d1%8f%d0%b5%d0%bc%d0%b0-%d0%b3%d0%b0%d0%bb%d0%b5%d1%80%d0%b8%d1%8f-3\/\",\"url\":\"https:\/\/www.kofinas.gr\/bg\/%d1%81%d0%b3%d0%bb%d0%be%d0%b1%d1%8f%d0%b5%d0%bc%d0%b0-%d0%b3%d0%b0%d0%bb%d0%b5%d1%80%d0%b8%d1%8f-3\/\",\"name\":\"Gallery- \u03a0\u03a1\u039f\u039a\u0391\u03a4\u0391\u03a3\u039a\u0395\u03a5\u0391\u03a3\u039c\u0395\u039d\u03a9\u039d | \u039a\u03bf\u03c6\u03b9\u03bd\u03ac\u03c2 \u03a0\u03c1\u03bf\u03ba\u03b1\u03c4\u03b1\u03c3\u03ba\u03b5\u03c5\u03b1\u03c3\u03bc\u03ad\u03bd\u03b1 \u03c3\u03c0\u03af\u03c4\u03b9\u03b1 - \u03a0\u03c1\u03bf\u03ba\u03ac\u03c4\",\"isPartOf\":{\"@id\":\"https:\/\/www.kofinas.gr\/#website\"},\"primaryImageOfPage\":{\"@id\":\"https:\/\/www.kofinas.gr\/bg\/%d1%81%d0%b3%d0%bb%d0%be%d0%b1%d1%8f%d0%b5%d0%bc%d0%b0-%d0%b3%d0%b0%d0%bb%d0%b5%d1%80%d0%b8%d1%8f-3\/#primaryimage\"},\"image\":{\"@id\":\"https:\/\/www.kofinas.gr\/bg\/%d1%81%d0%b3%d0%bb%d0%be%d0%b1%d1%8f%d0%b5%d0%bc%d0%b0-%d0%b3%d0%b0%d0%bb%d0%b5%d1%80%d0%b8%d1%8f-3\/#primaryimage\"},\"thumbnailUrl\":\"https:\/\/www.kofinas.gr\/wp-content\/uploads\/2021\/01\/Gallery-1.jpg\",\"datePublished\":\"2021-01-05T12:44:08+00:00\",\"dateModified\":\"2024-05-17T10:19:44+00:00\",\"description\":\"Gallery- \u03a0\u03a1\u039f\u039a\u0391\u03a4\u0391\u03a3\u039a\u0395\u03a5\u0391\u03a3\u039c\u0395\u039d\u03a9\u039d | \u0397 \u03b9\u03c3\u03c4\u03bf\u03c3\u03b5\u03bb\u03af\u03b4\u03b1 \u03c4\u03b7\u03c2 \u03b5\u03c4\u03b1\u03b9\u03c1\u03af\u03b1\u03c2 \u039a\u03bf\u03c6\u03b9\u03bd\u03ac\u03c2 \u03c0\u03b5\u03c1\u03b9\u03bb\u03b1\u03bc\u03b2\u03ac\u03bd\u03b5\u03b9 \u03bc\u03b9\u03b1 \u03b5\u03ba\u03c4\u03b5\u03bd\u03ae \u03b3\u03ba\u03b1\u03bb\u03b5\u03c1\u03af \u03c0\u03c1\u03bf\u03ba\u03b1\u03c4\u03b1\u03c3\u03ba\u03b5\u03c5\u03b1\u03c3\u03bc\u03ad\u03bd\u03c9\u03bd \u03bf\u03b9\u03ba\u03b9\u03ce\u03bd,\",\"breadcrumb\":{\"@id\":\"https:\/\/www.kofinas.gr\/bg\/%d1%81%d0%b3%d0%bb%d0%be%d0%b1%d1%8f%d0%b5%d0%bc%d0%b0-%d0%b3%d0%b0%d0%bb%d0%b5%d1%80%d0%b8%d1%8f-3\/#breadcrumb\"},\"inLanguage\":\"de\",\"potentialAction\":[{\"@type\":\"ReadAction\",\"target\":[\"https:\/\/www.kofinas.gr\/bg\/%d1%81%d0%b3%d0%bb%d0%be%d0%b1%d1%8f%d0%b5%d0%bc%d0%b0-%d0%b3%d0%b0%d0%bb%d0%b5%d1%80%d0%b8%d1%8f-3\/\"]}]},{\"@type\":\"ImageObject\",\"inLanguage\":\"de\",\"@id\":\"https:\/\/www.kofinas.gr\/bg\/%d1%81%d0%b3%d0%bb%d0%be%d0%b1%d1%8f%d0%b5%d0%bc%d0%b0-%d0%b3%d0%b0%d0%bb%d0%b5%d1%80%d0%b8%d1%8f-3\/#primaryimage\",\"url\":\"https:\/\/www.kofinas.gr\/wp-content\/uploads\/2021\/01\/Gallery-1.jpg\",\"contentUrl\":\"https:\/\/www.kofinas.gr\/wp-content\/uploads\/2021\/01\/Gallery-1.jpg\",\"width\":960,\"height\":639,\"caption\":\"Prokataskeuasmena spitia KOFINAS SA, Energeiaki apodosi, antiseismika, xamili katanalwsi, villa,oikologiki katoikia\"},{\"@type\":\"BreadcrumbList\",\"@id\":\"https:\/\/www.kofinas.gr\/bg\/%d1%81%d0%b3%d0%bb%d0%be%d0%b1%d1%8f%d0%b5%d0%bc%d0%b0-%d0%b3%d0%b0%d0%bb%d0%b5%d1%80%d0%b8%d1%8f-3\/#breadcrumb\",\"itemListElement\":[{\"@type\":\"ListItem\",\"position\":1,\"name\":\"Home\",\"item\":\"https:\/\/www.kofinas.gr\/\"},{\"@type\":\"ListItem\",\"position\":2,\"name\":\"Gallery- \u03a0\u03a1\u039f\u039a\u0391\u03a4\u0391\u03a3\u039a\u0395\u03a5\u0391\u03a3\u039c\u0395\u039d\u03a9\u039d\"}]},{\"@type\":\"WebSite\",\"@id\":\"https:\/\/www.kofinas.gr\/#website\",\"url\":\"https:\/\/www.kofinas.gr\/\",\"name\":\"\u039a\u03bf\u03c6\u03b9\u03bd\u03ac\u03c2 \u03a0\u03c1\u03bf\u03ba\u03b1\u03c4\u03b1\u03c3\u03ba\u03b5\u03c5\u03b1\u03c3\u03bc\u03ad\u03bd\u03b1 \u03c3\u03c0\u03af\u03c4\u03b9\u03b1 - \u03a0\u03c1\u03bf\u03ba\u03ac\u03c4\",\"description\":\"\u039a\u03b1\u03c4\u03b1\u03c3\u03ba\u03b5\u03c5\u03ac\u03b6\u03bf\u03c5\u03bc\u03b5 \u03c4\u03bf \u03c3\u03c0\u03af\u03c4\u03b9 \u03c3\u03b1\u03c2 \u03c3\u03c4\u03b7\u03bd \u03b5\u03bb\u03bb\u03ac\u03b4\u03b1 \u03ba\u03b1\u03b9 \u03bf\u03c0\u03bf\u03c5\u03b4\u03ae\u03c0\u03bf\u03c4\u03b5 \u03c3\u03c4\u03b7\u03bd \u0395\u03c5\u03c1\u03ce\u03c0\u03b7!\",\"publisher\":{\"@id\":\"https:\/\/www.kofinas.gr\/#organization\"},\"alternateName\":\"\u039a\u039f\u03a6\u0399\u039d\u0391\u03a3 \u03a0\u03c1\u03bf\u03ba\u03b1\u03c4\u03b1\u03c3\u03ba\u03b5\u03c5\u03b1\u03c3\u03bc\u03ad\u03bd\u03b1 \u03a3\u03c0\u03af\u03c4\u03b9\u03b1 \u03ba\u03b1\u03b9 \u03a4\u03bf\u03c5\u03c1\u03b9\u03c3\u03c4\u03b9\u03ba\u03ac \u039a\u03b1\u03c4\u03b1\u03bb\u03cd\u03bc\u03b1\u03c4\u03b1\",\"potentialAction\":[{\"@type\":\"SearchAction\",\"target\":{\"@type\":\"EntryPoint\",\"urlTemplate\":\"https:\/\/www.kofinas.gr\/?s={search_term_string}\"},\"query-input\":{\"@type\":\"PropertyValueSpecification\",\"valueRequired\":true,\"valueName\":\"search_term_string\"}}],\"inLanguage\":\"de\"},{\"@type\":\"Organization\",\"@id\":\"https:\/\/www.kofinas.gr\/#organization\",\"name\":\"Kofinas SA\",\"alternateName\":\"Construction Company that constuct Prefabricated houses\",\"url\":\"https:\/\/www.kofinas.gr\/\",\"logo\":{\"@type\":\"ImageObject\",\"inLanguage\":\"de\",\"@id\":\"https:\/\/www.kofinas.gr\/#\/schema\/logo\/image\/\",\"url\":\"https:\/\/www.kofinas.gr\/wp-content\/uploads\/2025\/03\/360new-logo-25.gif\",\"contentUrl\":\"https:\/\/www.kofinas.gr\/wp-content\/uploads\/2025\/03\/360new-logo-25.gif\",\"width\":230,\"height\":70,\"caption\":\"Kofinas SA\"},\"image\":{\"@id\":\"https:\/\/www.kofinas.gr\/#\/schema\/logo\/image\/\"},\"sameAs\":[\"https:\/\/www.facebook.com\/kofinas.prokataskevasmena\",\"https:\/\/x.com\/kofinas_prokat\",\"https:\/\/www.linkedin.com\/company\/kofinas-sa\",\"https:\/\/www.instagram.com\/kofinasprefab\/\",\"https:\/\/www.youtube.com\/channel\/UCEAifY31SuyQHHz_I3P4IVg\"],\"description\":\"KOFINAS SA \u2013 Prefabricated Homes Founded Legacy & Innovation Established in 1977, KOFINAS SA has grown into one of Greece\u2019s leading firms in the prefabricated housing sector. Their philosophy underscores continuous innovation\u2014they don't aim to build more homes, but to build better homes Strength & Certification The company's unique construction system has undergone rigorous experimental testing at the National Technical University of Athens, proving its durability well beyond natural endurance limits. Innovations introduced by KOFINAS are internationally recognized and certified. Sustainability & Eco Friendly Building KOFINAS uses Swedish and Finnish timber as its primary construction material, achieving a notably low carbon footprint: replacing conventional materials with wood reduces carbon dioxide emissions by 1.1 tons per cubic meter. In collaboration with Nordic sawmills, for every tree harvested, three to five new trees are planted, resulting in a negative carbon footprint. Additionally, their homes feature bioclimatic design and achieve energy consumption reductions of 75%\u201380% compared to conventional buildings\u2014often earning them energy efficiency A certificates. Advanced Production Facilities KOFINAS operates a modern factory, built to European standards, with ISO 14001 certification\u2014ensuring top-tier quality and environmental management in prefabricated housing production. Wide Range of Custom Designs Their catalog includes single , two , and three story homes, ground floor units with lofts, passive houses, and tourist accommodations. They also offer the \u201cFlexyHome\u201d series and Finnlamelli Finnish log houses, providing versatility to meet diverse aesthetic and functional needs. Experienced Team & Nationwide Network KOFINAS boasts a skilled, multidisciplinary team\u2014including civil and architectural engineers\u2014who oversee design, permit processing, and project implementation with a 100% success rate. The company has built a robust sales and distribution network\",\"email\":\"info@kofinas.gr\",\"telephone\":\"00302106081307\",\"legalName\":\"KOFINAS SA\",\"foundingDate\":\"1977-03-07\",\"vatID\":\"EL081136701\",\"duns\":\"503265836\",\"numberOfEmployees\":{\"@type\":\"QuantitativeValue\",\"minValue\":\"11\",\"maxValue\":\"50\"},\"publishingPrinciples\":\"https:\/\/www.kofinas.gr\/%cf%80%ce%bf%ce%bb%ce%b9%cf%84%ce%b9%ce%ba%ce%ae-%ce%b5%cf%84%ce%b1%ce%b9%cf%81%ce%af%ce%b1%cf%82-%ce%ba%ce%bf%cf%86%ce%b9%ce%bd%ce%b1%cf%83-%ce%b1%ce%b5\/\",\"ownershipFundingInfo\":\"https:\/\/www.kofinas.gr\/%ce%b5%cf%84%ce%b1%ce%b9%cf%81%ce%af%ce%b1\/\",\"actionableFeedbackPolicy\":\"https:\/\/www.kofinas.gr\/prosopika-dedomena\/\"}]}<\/script>\n<!-- \/ Yoast SEO Premium plugin. -->","yoast_head_json":{"title":"Galerie - Fertigh\u00e4user | Kofinas Fertigh\u00e4user - Prefab","description":"Galerie - Fertigh\u00e4user | Die Website der Firma Kofinas enth\u00e4lt eine umfangreiche Galerie von Fertigh\u00e4usern,","robots":{"index":"index","follow":"follow","max-snippet":"max-snippet:-1","max-image-preview":"max-image-preview:large","max-video-preview":"max-video-preview:-1"},"canonical":"https:\/\/www.kofinas.gr\/den\/fertigteilgalerie-2\/","og_locale":"de_DE","og_type":"article","og_title":"Gallery- \u03a0\u03a1\u039f\u039a\u0391\u03a4\u0391\u03a3\u039a\u0395\u03a5\u0391\u03a3\u039c\u0395\u039d\u03a9\u039d","og_description":"Gallery- \u03a0\u03a1\u039f\u039a\u0391\u03a4\u0391\u03a3\u039a\u0395\u03a5\u0391\u03a3\u039c\u0395\u039d\u03a9\u039d | \u0397 \u03b9\u03c3\u03c4\u03bf\u03c3\u03b5\u03bb\u03af\u03b4\u03b1 \u03c4\u03b7\u03c2 \u03b5\u03c4\u03b1\u03b9\u03c1\u03af\u03b1\u03c2 \u039a\u03bf\u03c6\u03b9\u03bd\u03ac\u03c2 \u03c0\u03b5\u03c1\u03b9\u03bb\u03b1\u03bc\u03b2\u03ac\u03bd\u03b5\u03b9 \u03bc\u03b9\u03b1 \u03b5\u03ba\u03c4\u03b5\u03bd\u03ae \u03b3\u03ba\u03b1\u03bb\u03b5\u03c1\u03af \u03c0\u03c1\u03bf\u03ba\u03b1\u03c4\u03b1\u03c3\u03ba\u03b5\u03c5\u03b1\u03c3\u03bc\u03ad\u03bd\u03c9\u03bd \u03bf\u03b9\u03ba\u03b9\u03ce\u03bd,","og_url":"https:\/\/www.kofinas.gr\/den\/fertigteilgalerie-2\/","og_site_name":"\u039a\u03bf\u03c6\u03b9\u03bd\u03ac\u03c2 \u03a0\u03c1\u03bf\u03ba\u03b1\u03c4\u03b1\u03c3\u03ba\u03b5\u03c5\u03b1\u03c3\u03bc\u03ad\u03bd\u03b1 \u03c3\u03c0\u03af\u03c4\u03b9\u03b1 - \u03a0\u03c1\u03bf\u03ba\u03ac\u03c4","article_publisher":"https:\/\/www.facebook.com\/kofinas.prokataskevasmena","article_modified_time":"2024-05-17T10:19:44+00:00","og_image":[{"width":960,"height":639,"url":"https:\/\/www.kofinas.gr\/wp-content\/uploads\/2021\/01\/Gallery-1.jpg","type":"image\/jpeg"}],"twitter_card":"summary_large_image","twitter_site":"@kofinas_prokat","twitter_misc":{"Gesch\u00e4tzte Lesezeit":"2\u00a0Minuten"},"schema":{"@context":"https:\/\/schema.org","@graph":[{"@type":"WebPage","@id":"https:\/\/www.kofinas.gr\/bg\/%d1%81%d0%b3%d0%bb%d0%be%d0%b1%d1%8f%d0%b5%d0%bc%d0%b0-%d0%b3%d0%b0%d0%bb%d0%b5%d1%80%d0%b8%d1%8f-3\/","url":"https:\/\/www.kofinas.gr\/bg\/%d1%81%d0%b3%d0%bb%d0%be%d0%b1%d1%8f%d0%b5%d0%bc%d0%b0-%d0%b3%d0%b0%d0%bb%d0%b5%d1%80%d0%b8%d1%8f-3\/","name":"Galerie - Fertigh\u00e4user | Kofinas Fertigh\u00e4user - Prefab","isPartOf":{"@id":"https:\/\/www.kofinas.gr\/#website"},"primaryImageOfPage":{"@id":"https:\/\/www.kofinas.gr\/bg\/%d1%81%d0%b3%d0%bb%d0%be%d0%b1%d1%8f%d0%b5%d0%bc%d0%b0-%d0%b3%d0%b0%d0%bb%d0%b5%d1%80%d0%b8%d1%8f-3\/#primaryimage"},"image":{"@id":"https:\/\/www.kofinas.gr\/bg\/%d1%81%d0%b3%d0%bb%d0%be%d0%b1%d1%8f%d0%b5%d0%bc%d0%b0-%d0%b3%d0%b0%d0%bb%d0%b5%d1%80%d0%b8%d1%8f-3\/#primaryimage"},"thumbnailUrl":"https:\/\/www.kofinas.gr\/wp-content\/uploads\/2021\/01\/Gallery-1.jpg","datePublished":"2021-01-05T12:44:08+00:00","dateModified":"2024-05-17T10:19:44+00:00","description":"Galerie - Fertigh\u00e4user | Die Website der Firma Kofinas enth\u00e4lt eine umfangreiche Galerie von Fertigh\u00e4usern,","breadcrumb":{"@id":"https:\/\/www.kofinas.gr\/bg\/%d1%81%d0%b3%d0%bb%d0%be%d0%b1%d1%8f%d0%b5%d0%bc%d0%b0-%d0%b3%d0%b0%d0%bb%d0%b5%d1%80%d0%b8%d1%8f-3\/#breadcrumb"},"inLanguage":"de","potentialAction":[{"@type":"ReadAction","target":["https:\/\/www.kofinas.gr\/bg\/%d1%81%d0%b3%d0%bb%d0%be%d0%b1%d1%8f%d0%b5%d0%bc%d0%b0-%d0%b3%d0%b0%d0%bb%d0%b5%d1%80%d0%b8%d1%8f-3\/"]}]},{"@type":"ImageObject","inLanguage":"de","@id":"https:\/\/www.kofinas.gr\/bg\/%d1%81%d0%b3%d0%bb%d0%be%d0%b1%d1%8f%d0%b5%d0%bc%d0%b0-%d0%b3%d0%b0%d0%bb%d0%b5%d1%80%d0%b8%d1%8f-3\/#primaryimage","url":"https:\/\/www.kofinas.gr\/wp-content\/uploads\/2021\/01\/Gallery-1.jpg","contentUrl":"https:\/\/www.kofinas.gr\/wp-content\/uploads\/2021\/01\/Gallery-1.jpg","width":960,"height":639,"caption":"Prokataskeuasmena spitia KOFINAS SA, Energeiaki apodosi, antiseismika, xamili katanalwsi, villa,oikologiki katoikia"},{"@type":"BreadcrumbList","@id":"https:\/\/www.kofinas.gr\/bg\/%d1%81%d0%b3%d0%bb%d0%be%d0%b1%d1%8f%d0%b5%d0%bc%d0%b0-%d0%b3%d0%b0%d0%bb%d0%b5%d1%80%d0%b8%d1%8f-3\/#breadcrumb","itemListElement":[{"@type":"ListItem","position":1,"name":"Home","item":"https:\/\/www.kofinas.gr\/"},{"@type":"ListItem","position":2,"name":"Gallery- \u03a0\u03a1\u039f\u039a\u0391\u03a4\u0391\u03a3\u039a\u0395\u03a5\u0391\u03a3\u039c\u0395\u039d\u03a9\u039d"}]},{"@type":"WebSite","@id":"https:\/\/www.kofinas.gr\/#website","url":"https:\/\/www.kofinas.gr\/","name":"Kofinas Fertigh\u00e4user - Fertigh\u00e4user","description":"Wir bauen Ihr Haus in Griechenland und \u00fcberall in Europa!","publisher":{"@id":"https:\/\/www.kofinas.gr\/#organization"},"alternateName":"\u039a\u039f\u03a6\u0399\u039d\u0391\u03a3 \u03a0\u03c1\u03bf\u03ba\u03b1\u03c4\u03b1\u03c3\u03ba\u03b5\u03c5\u03b1\u03c3\u03bc\u03ad\u03bd\u03b1 \u03a3\u03c0\u03af\u03c4\u03b9\u03b1 \u03ba\u03b1\u03b9 \u03a4\u03bf\u03c5\u03c1\u03b9\u03c3\u03c4\u03b9\u03ba\u03ac \u039a\u03b1\u03c4\u03b1\u03bb\u03cd\u03bc\u03b1\u03c4\u03b1","potentialAction":[{"@type":"SearchAction","target":{"@type":"EntryPoint","urlTemplate":"https:\/\/www.kofinas.gr\/?s={search_term_string}"},"query-input":{"@type":"PropertyValueSpecification","valueRequired":true,"valueName":"search_term_string"}}],"inLanguage":"de"},{"@type":"Organization","@id":"https:\/\/www.kofinas.gr\/#organization","name":"Kofinas SA","alternateName":"Construction Company that constuct Prefabricated houses","url":"https:\/\/www.kofinas.gr\/","logo":{"@type":"ImageObject","inLanguage":"de","@id":"https:\/\/www.kofinas.gr\/#\/schema\/logo\/image\/","url":"https:\/\/www.kofinas.gr\/wp-content\/uploads\/2025\/03\/360new-logo-25.gif","contentUrl":"https:\/\/www.kofinas.gr\/wp-content\/uploads\/2025\/03\/360new-logo-25.gif","width":230,"height":70,"caption":"Kofinas SA"},"image":{"@id":"https:\/\/www.kofinas.gr\/#\/schema\/logo\/image\/"},"sameAs":["https:\/\/www.facebook.com\/kofinas.prokataskevasmena","https:\/\/x.com\/kofinas_prokat","https:\/\/www.linkedin.com\/company\/kofinas-sa","https:\/\/www.instagram.com\/kofinasprefab\/","https:\/\/www.youtube.com\/channel\/UCEAifY31SuyQHHz_I3P4IVg"],"description":"KOFINAS SA \u2013 Fertigh\u00e4user. Gegr\u00fcndet 1977, hat sich KOFINAS SA zu einem der f\u00fchrenden griechischen Unternehmen im Fertighaussektor entwickelt. Ihre Philosophie unterstreicht kontinuierliche Innovation \u2013 ihr Ziel ist es nicht, mehr H\u00e4user zu bauen, sondern bessere H\u00e4user. St\u00e4rke und Zertifizierung. Das einzigartige Bausystem des Unternehmens wurde an der Nationalen Technischen Universit\u00e4t Athen rigorosen experimentellen Tests unterzogen, die seine Haltbarkeit weit \u00fcber die nat\u00fcrlichen Belastbarkeitsgrenzen hinaus bewiesen haben. Von KOFINAS eingef\u00fchrte Innovationen sind international anerkannt und zertifiziert. Nachhaltigkeit und umweltfreundliches Bauen KOFINAS verwendet schwedisches und finnisches Holz als prim\u00e4res Baumaterial und erreicht damit einen bemerkenswert niedrigen CO2-Fu\u00dfabdruck: Der Ersatz herk\u00f6mmlicher Materialien durch Holz reduziert den Kohlendioxidaussto\u00df um 1,1 Tonnen pro Kubikmeter. In Zusammenarbeit mit nordischen S\u00e4gewerken werden f\u00fcr jeden gef\u00e4llten Baum drei bis f\u00fcnf neue B\u00e4ume gepflanzt, was zu einem negativen CO2-Fu\u00dfabdruck f\u00fchrt. Zudem verf\u00fcgen ihre H\u00e4user \u00fcber ein bioklimatisches Design und erreichen im Vergleich zu herk\u00f6mmlichen Geb\u00e4uden eine Reduzierung des Energieverbrauchs um 751\u2013801 TP3T, was ihnen oft das Energieeffizienzzertifikat A einbringt. Moderne Produktionsanlagen KOFINAS betreibt eine moderne Fabrik, die nach europ\u00e4ischen Standards gebaut und nach ISO 14001 zertifiziert ist. Dies gew\u00e4hrleistet h\u00f6chste Qualit\u00e4t und Umweltmanagement in der Fertighausproduktion. Gro\u00dfe Auswahl an kundenspezifischen Designs. Der Katalog umfasst ein-, zwei- und dreist\u00f6ckige H\u00e4user, Erdgeschosswohnungen mit Lofts, Passivh\u00e4user und Touristenunterk\u00fcnfte. Das Unternehmen bietet au\u00dferdem die \u201eFlexyHome\u201c-Serie und finnische Blockh\u00e4user von Finnlamelli an, die vielseitig einsetzbar sind und unterschiedlichen \u00e4sthetischen und funktionalen Anforderungen gerecht werden. Erfahrenes Team und landesweites Netzwerk KOFINAS verf\u00fcgt \u00fcber ein qualifiziertes, multidisziplin\u00e4res Team \u2013 darunter Bauingenieure und Architekturingenieure \u2013, das Design, Genehmigungsverfahren und Projektumsetzung mit einer Erfolgsquote von 100% \u00fcberwacht. Das Unternehmen hat ein robustes Vertriebs- und Distributionsnetz aufgebaut","email":"info@kofinas.gr","telephone":"00302106081307","legalName":"KOFINAS SA","foundingDate":"1977-03-07","vatID":"EL081136701","duns":"503265836","numberOfEmployees":{"@type":"QuantitativeValue","minValue":"11","maxValue":"50"},"publishingPrinciples":"https:\/\/www.kofinas.gr\/%cf%80%ce%bf%ce%bb%ce%b9%cf%84%ce%b9%ce%ba%ce%ae-%ce%b5%cf%84%ce%b1%ce%b9%cf%81%ce%af%ce%b1%cf%82-%ce%ba%ce%bf%cf%86%ce%b9%ce%bd%ce%b1%cf%83-%ce%b1%ce%b5\/","ownershipFundingInfo":"https:\/\/www.kofinas.gr\/%ce%b5%cf%84%ce%b1%ce%b9%cf%81%ce%af%ce%b1\/","actionableFeedbackPolicy":"https:\/\/www.kofinas.gr\/prosopika-dedomena\/"}]}},"_links":{"self":[{"href":"https:\/\/www.kofinas.gr\/den\/wp-json\/wp\/v2\/pages\/29915","targetHints":{"allow":["GET"]}}],"collection":[{"href":"https:\/\/www.kofinas.gr\/den\/wp-json\/wp\/v2\/pages"}],"about":[{"href":"https:\/\/www.kofinas.gr\/den\/wp-json\/wp\/v2\/types\/page"}],"author":[{"embeddable":true,"href":"https:\/\/www.kofinas.gr\/den\/wp-json\/wp\/v2\/users\/3"}],"replies":[{"embeddable":true,"href":"https:\/\/www.kofinas.gr\/den\/wp-json\/wp\/v2\/comments?post=29915"}],"version-history":[{"count":5,"href":"https:\/\/www.kofinas.gr\/den\/wp-json\/wp\/v2\/pages\/29915\/revisions"}],"predecessor-version":[{"id":97718,"href":"https:\/\/www.kofinas.gr\/den\/wp-json\/wp\/v2\/pages\/29915\/revisions\/97718"}],"wp:featuredmedia":[{"embeddable":true,"href":"https:\/\/www.kofinas.gr\/den\/wp-json\/wp\/v2\/media\/29921"}],"wp:attachment":[{"href":"https:\/\/www.kofinas.gr\/den\/wp-json\/wp\/v2\/media?parent=29915"}],"curies":[{"name":"wp","href":"https:\/\/api.w.org\/{rel}","templated":true}]}}