{"id":86775,"date":"2016-08-04T14:54:49","date_gmt":"2016-08-04T12:54:49","guid":{"rendered":"https:\/\/www.kofinas.gr\/vorgefertigte-haeuser\/"},"modified":"2022-07-06T16:14:00","modified_gmt":"2022-07-06T14:14:00","slug":"montovane-domy","status":"publish","type":"page","link":"https:\/\/www.kofinas.gr\/cs\/montovane-domy\/","title":{"rendered":"Vorgefertigte H\u00e4user"},"content":{"rendered":"<div class=\"wp-block-image\"><figure class=\"aligncenter size-full\"><a href=\"https:\/\/www.kofinas.gr\/cs\/certifikace-kosu\/\"><img decoding=\"async\" src=\"https:\/\/www.kofinas.gr\/wp-content\/uploads\/2022\/05\/Certificates-and-distinctions-of-company.png\" alt=\"Kofinas-na-prodej-vila-zelena-domisi-spiti-oneirwn-khpos-pisina design novy dum kofinas, plan\" class=\"wp-image-46389\"\/><\/a><\/figure><\/div>\n\n<div class=\"wp-block-columns align-items-center is-layout-flex wp-container-core-columns-is-layout-9d6595d7 wp-block-columns-is-layout-flex\">\n<div class=\"wp-block-column is-layout-flow wp-block-column-is-layout-flow\" style=\"flex-basis:33%\">\n<div class=\"wp-block-image\"><figure class=\"aligncenter is-resized\"><img decoding=\"async\" src=\"\/wp-content\/uploads\/kofinas\/icons\/ikon_prokataske_orange.png\" alt=\"Avatar\" width=\"100\" height=\"100\"\/><\/figure><\/div>\n\n\n\n<p class=\"has-text-align-center\">Vorgefertigte H\u00e4user<\/p>\n\n\n\n<p class=\"has-text-align-center\">Od roku 1977 je na\u0161e spole\u010dnost zkoum\u00e1na a zkoum\u00e1na, co\u017e v pr\u016fb\u011bhu let vedlo k neust\u00e1l\u00e9mu v\u00fdvoji a nov\u00e9 v\u00fdstavb\u011b Fertigh\u00e4usern.<\/p>\n<\/div>\n\n\n\n<div class=\"wp-block-column is-layout-flow wp-block-column-is-layout-flow\" style=\"flex-basis:67%\">\n<p><strong>Vorgefertigte H\u00e4user<\/strong><\/p>\n\n\n\n<p>Das Angebot an <a href=\"https:\/\/www.kofinas.gr\/cs\/%cf%80%cf%81%ce%bf%ce%ba%ce%b1%cf%84%ce%b1%cf%83%ce%ba%ce%b5%cf%85%ce%b1%cf%83%ce%bc%ce%ad%ce%bd%ce%b5%cf%82-%ce%ba%ce%b1%cf%84%ce%bf%ce%b9%ce%ba%ce%af%ce%b5%cf%82\/times-kostologimenes-katoikies\/\">Fertigh\u00e4usern<\/a> ist das Ergebnis der st\u00e4ndigen Vichsamkeit und technologische Entwicklung unseres Unternehmens. V der Fertighausserie byly v\u0161echny inovativn\u00ed prvky konstrukce ocen\u011bny jak mezin\u00e1rodn\u00edmi organizacemi, tak i na\u0161imi stovkami spokojen\u00fdch z\u00e1kazn\u00edk\u016f.<\/p>\n\n\n\n<p>  Experiment\u00e1ln\u00ed zkou\u0161ky podle Konstruktionen sind ein Referenzpunkt, der die enorme St\u00e4rke unserer H\u00e4user bechty\u00e4tt. Vzhledem k tomu, \u017ee se spole\u010dnost soust\u0159ed\u00ed na energetick\u00fd sektor stavebnictv\u00ed, je jako hlavn\u00ed stavebn\u00ed materi\u00e1l pou\u017e\u00edv\u00e1no \u0161v\u00e9dsk\u00e9 d\u0159evo, d\u00edky \u010demu\u017e je d\u016fm zcela ekologick\u00fd, proto\u017ee n\u00e1hrada konven\u010dn\u00edch stavebn\u00edch materi\u00e1l\u016f d\u0159evem p\u0159i stavb\u011b dom\u016f sni\u017euje emise oxidu uhli\u010dit\u00e9ho do atmosf\u00e9ry v tun\u00e1ch na metr krychlov\u00fd. Dies Gilt Umso Mehr, Als Unser Unternehmen Mit Holzfabriken Zusammenarbeitet, Die Die B\u00e4ume Wieder Aufforsten und Damit Einen Im Wesentlichen Negaativen Kohlenstoff-Fu\u00dfabdruck Hinterrasen.<\/p>\n\n\n\n<p><em>V r\u00e1mci celosv\u011btov\u00e9ho rozvoje se spole\u010dnost soust\u0159edila i na energetiku ve stavebnictv\u00ed.<\/em>  The bioclimatic Gestaltung der H\u00e4user in Kombination mit dem W\u00e4rmerdurchgangskoeffizienten des Mauerwerk Kofinas, der eine K\u00fcnkung des Energieverbrauchs um 75-80 % im Vergleich zu conventionalem Mauerwerk erreicht, kann nachweislich dokumentieren, warum die H\u00e4user unseres Unternehmens bereit Energieeffizienzzertifikate A, aber auch eine internationale Anerkennung haben !<\/p>\n\n\n\n<p class=\"has-text-align-center\"> <strong>FERTIGH\u00c4USER VON COFINA<\/strong> <\/p>\n\n\n\n<p><em>Das Unternehmen Kofinas macht keine Pause bei der Innovation. St\u00e4ndig Importe<\/em> <strong> neue Daten<\/strong><em> im Wohnungsbau, identifikovan\u00e9 a \u201c<\/em><strong>certifikovan\u00fd<\/strong><em>\u201eJak na\u0161e stovky spokojen\u00fdch z\u00e1kazn\u00edk\u016f, tak i N\u00e1rodn\u00ed technick\u00e1 univerzita v At\u00e9n\u00e1ch, kde byl unik\u00e1tn\u00ed konstruk\u010dn\u00ed syst\u00e9m Kofinas testov\u00e1n na dlouhou \u017eivotnost.<\/em><strong> \u00dcberschreitung jeder physischen Kraftgrenze<\/strong><em>.<\/em><\/p>\n\n\n\n<p><em>Die Firma Kofinas m\u00e1 v ihrem Arbeitsteam vertrauenw\u00fcrdige Partner und H\u00e4ndler versammelt und ein Vertriebsnetz gesch\u00e4ften<\/em><strong> v Gangz Griechenland<\/strong><em>und exportieren gleichelichte und in der gleichen<\/em><strong> v Auslandu<\/strong><em>.<\/em><\/p>\n<\/div>\n<\/div>","protected":false},"excerpt":{"rendered":"<p>Vorgefertigte H\u00e4user Od roku 1977 byl v unserem Unternehmen gesucht und geforscht im Laufe der Jahrzehnte eine kontinu\u00e1ln\u00ed Entwicklung gebracht und den Neubau von Fertigh\u00e4usern gerichte hat. Vorgefertigte H\u00e4user Das Angebot and Fertigh\u00e4usern ist das Ergebnis der st\u00e4ndigen Vigsamkeit und technologische Entwicklung unseres Unternehmens. In der Fertighausserie werden alle inovativn\u00ed Elemente der Konstruktion oba [\u2026]<\/p>","protected":false},"author":3,"featured_media":71711,"parent":0,"menu_order":11,"comment_status":"closed","ping_status":"closed","template":"page-landing.php","meta":{"_acf_changed":false,"footnotes":""},"class_list":["post-86775","page","type-page","status-publish","has-post-thumbnail","hentry"],"acf":[],"yoast_head":"<!-- This site is optimized with the Yoast SEO Premium plugin v26.6 (Yoast SEO v26.6) - https:\/\/yoast.com\/wordpress\/plugins\/seo\/ -->\n<title>Vorgefertigte H\u00e4user | \u039a\u03bf\u03c6\u03b9\u03bd\u03ac\u03c2 \u03a0\u03c1\u03bf\u03ba\u03b1\u03c4\u03b1\u03c3\u03ba\u03b5\u03c5\u03b1\u03c3\u03bc\u03ad\u03bd\u03b1 \u03c3\u03c0\u03af\u03c4\u03b9\u03b1 - \u03a0\u03c1\u03bf\u03ba\u03ac\u03c4 Vorgefertigte H\u00e4user<\/title>\n<meta name=\"description\" content=\"Die Serie der Fertigh\u00e4user ist das Ergebnis der st\u00e4ndigen Wachsamkeit und technologischen Entwicklung unseres Unternehmens.\" \/>\n<meta name=\"robots\" content=\"index, follow, max-snippet:-1, max-image-preview:large, max-video-preview:-1\" \/>\n<link rel=\"canonical\" href=\"https:\/\/www.kofinas.gr\/cs\/montovane-domy\/\" \/>\n<meta property=\"og:locale\" content=\"cs_CZ\" \/>\n<meta property=\"og:type\" content=\"article\" \/>\n<meta property=\"og:title\" content=\"Vorgefertigte H\u00e4user\" \/>\n<meta property=\"og:description\" content=\"Die Serie der Fertigh\u00e4user ist das Ergebnis der st\u00e4ndigen Wachsamkeit und technologischen Entwicklung unseres Unternehmens.\" \/>\n<meta property=\"og:url\" content=\"https:\/\/www.kofinas.gr\/cs\/montovane-domy\/\" \/>\n<meta property=\"og:site_name\" content=\"\u039a\u03bf\u03c6\u03b9\u03bd\u03ac\u03c2 \u03a0\u03c1\u03bf\u03ba\u03b1\u03c4\u03b1\u03c3\u03ba\u03b5\u03c5\u03b1\u03c3\u03bc\u03ad\u03bd\u03b1 \u03c3\u03c0\u03af\u03c4\u03b9\u03b1 - \u03a0\u03c1\u03bf\u03ba\u03ac\u03c4\" \/>\n<meta property=\"article:publisher\" content=\"https:\/\/www.facebook.com\/kofinas.prokataskevasmena\" \/>\n<meta property=\"article:modified_time\" content=\"2022-07-06T14:14:00+00:00\" \/>\n<meta property=\"og:image\" content=\"https:\/\/www.kofinas.gr\/wp-content\/uploads\/2020\/04\/\u039a\u03bf\u03c6\u03b9\u03bd\u03ac\u03c2-\u03c0\u03c1\u03bf\u03ba\u03b1\u03c4\u03b1\u03c3\u03ba\u03b5\u03c5\u03b1\u03c3\u03bc\u03ad\u03bd\u03b1-2-story-house.jpg\" \/>\n\t<meta property=\"og:image:width\" content=\"1900\" \/>\n\t<meta property=\"og:image:height\" content=\"800\" \/>\n\t<meta property=\"og:image:type\" content=\"image\/jpeg\" \/>\n<meta name=\"twitter:card\" content=\"summary_large_image\" \/>\n<meta name=\"twitter:site\" content=\"@kofinas_prokat\" \/>\n<meta name=\"twitter:label1\" content=\"Odhadovan\u00e1 doba \u010dten\u00ed\" \/>\n\t<meta name=\"twitter:data1\" content=\"2 minuty\" \/>\n<script type=\"application\/ld+json\" class=\"yoast-schema-graph\">{\"@context\":\"https:\/\/schema.org\",\"@graph\":[{\"@type\":\"WebPage\",\"@id\":\"https:\/\/www.kofinas.gr\/zh\/%e9%a2%84%e5%88%b6%e6%88%bf%e5%b1%8b\/\",\"url\":\"https:\/\/www.kofinas.gr\/zh\/%e9%a2%84%e5%88%b6%e6%88%bf%e5%b1%8b\/\",\"name\":\"Vorgefertigte H\u00e4user | \u039a\u03bf\u03c6\u03b9\u03bd\u03ac\u03c2 \u03a0\u03c1\u03bf\u03ba\u03b1\u03c4\u03b1\u03c3\u03ba\u03b5\u03c5\u03b1\u03c3\u03bc\u03ad\u03bd\u03b1 \u03c3\u03c0\u03af\u03c4\u03b9\u03b1 - \u03a0\u03c1\u03bf\u03ba\u03ac\u03c4 Vorgefertigte H\u00e4user\",\"isPartOf\":{\"@id\":\"https:\/\/www.kofinas.gr\/#website\"},\"primaryImageOfPage\":{\"@id\":\"https:\/\/www.kofinas.gr\/zh\/%e9%a2%84%e5%88%b6%e6%88%bf%e5%b1%8b\/#primaryimage\"},\"image\":{\"@id\":\"https:\/\/www.kofinas.gr\/zh\/%e9%a2%84%e5%88%b6%e6%88%bf%e5%b1%8b\/#primaryimage\"},\"thumbnailUrl\":\"https:\/\/www.kofinas.gr\/wp-content\/uploads\/2020\/04\/\u039a\u03bf\u03c6\u03b9\u03bd\u03ac\u03c2-\u03c0\u03c1\u03bf\u03ba\u03b1\u03c4\u03b1\u03c3\u03ba\u03b5\u03c5\u03b1\u03c3\u03bc\u03ad\u03bd\u03b1-2-story-house.jpg\",\"datePublished\":\"2016-08-04T12:54:49+00:00\",\"dateModified\":\"2022-07-06T14:14:00+00:00\",\"description\":\"Die Serie der Fertigh\u00e4user ist das Ergebnis der st\u00e4ndigen Wachsamkeit und technologischen Entwicklung unseres Unternehmens.\",\"breadcrumb\":{\"@id\":\"https:\/\/www.kofinas.gr\/zh\/%e9%a2%84%e5%88%b6%e6%88%bf%e5%b1%8b\/#breadcrumb\"},\"inLanguage\":\"cs\",\"potentialAction\":[{\"@type\":\"ReadAction\",\"target\":[\"https:\/\/www.kofinas.gr\/zh\/%e9%a2%84%e5%88%b6%e6%88%bf%e5%b1%8b\/\"]}]},{\"@type\":\"ImageObject\",\"inLanguage\":\"cs\",\"@id\":\"https:\/\/www.kofinas.gr\/zh\/%e9%a2%84%e5%88%b6%e6%88%bf%e5%b1%8b\/#primaryimage\",\"url\":\"https:\/\/www.kofinas.gr\/wp-content\/uploads\/2020\/04\/\u039a\u03bf\u03c6\u03b9\u03bd\u03ac\u03c2-\u03c0\u03c1\u03bf\u03ba\u03b1\u03c4\u03b1\u03c3\u03ba\u03b5\u03c5\u03b1\u03c3\u03bc\u03ad\u03bd\u03b1-2-story-house.jpg\",\"contentUrl\":\"https:\/\/www.kofinas.gr\/wp-content\/uploads\/2020\/04\/\u039a\u03bf\u03c6\u03b9\u03bd\u03ac\u03c2-\u03c0\u03c1\u03bf\u03ba\u03b1\u03c4\u03b1\u03c3\u03ba\u03b5\u03c5\u03b1\u03c3\u03bc\u03ad\u03bd\u03b1-2-story-house.jpg\",\"width\":1900,\"height\":800,\"caption\":\"Kofinas-prokataskeuasmena \u039a\u03bf\u03c6\u03b9\u03bd\u03b1\u03c2 \u03c0\u03c1\u03bf\u03ba\u03b1\u03c4\u03b1\u03ba\u03c3\u03b5\u03c5\u03b1\u03c3\u03bc\u03ad\u03bd\u03b1 \u03c3\u03c0\u03af\u03c4\u03b9\u03b1-\u0392\u03af\u03bb\u03bb\u03b1 \u03bc\u03b5 \u03c0\u03b9\u03c3\u03af\u03bd\u03b1-\u03c0\u03c1\u03ac\u03c3\u03b9\u03bd\u03b7 \u03b4\u03cc\u03bc\u03b7\u03c3\u03b7-\u03b5\u03bd\u03b5\u03c1\u03b3\u03b5\u03b9\u03b1\u03ba\u03ae \u03ba\u03b1\u03c4\u03bf\u03b9\u03ba\u03af\u03b1-\u03b1\u03bd\u03c4\u03b9\u03c3\u03b5\u03b9\u03c3\u03bc\u03b9\u03ba\u03cc \u03c3\u03c0\u03af\u03c4\u03b9\"},{\"@type\":\"BreadcrumbList\",\"@id\":\"https:\/\/www.kofinas.gr\/zh\/%e9%a2%84%e5%88%b6%e6%88%bf%e5%b1%8b\/#breadcrumb\",\"itemListElement\":[{\"@type\":\"ListItem\",\"position\":1,\"name\":\"Home\",\"item\":\"https:\/\/www.kofinas.gr\/\"},{\"@type\":\"ListItem\",\"position\":2,\"name\":\"Vorgefertigte H\u00e4user\"}]},{\"@type\":\"WebSite\",\"@id\":\"https:\/\/www.kofinas.gr\/#website\",\"url\":\"https:\/\/www.kofinas.gr\/\",\"name\":\"\u039a\u03bf\u03c6\u03b9\u03bd\u03ac\u03c2 \u03a0\u03c1\u03bf\u03ba\u03b1\u03c4\u03b1\u03c3\u03ba\u03b5\u03c5\u03b1\u03c3\u03bc\u03ad\u03bd\u03b1 \u03c3\u03c0\u03af\u03c4\u03b9\u03b1 - \u03a0\u03c1\u03bf\u03ba\u03ac\u03c4\",\"description\":\"\u039a\u03b1\u03c4\u03b1\u03c3\u03ba\u03b5\u03c5\u03ac\u03b6\u03bf\u03c5\u03bc\u03b5 \u03c4\u03bf \u03c3\u03c0\u03af\u03c4\u03b9 \u03c3\u03b1\u03c2 \u03c3\u03c4\u03b7\u03bd \u03b5\u03bb\u03bb\u03ac\u03b4\u03b1 \u03ba\u03b1\u03b9 \u03bf\u03c0\u03bf\u03c5\u03b4\u03ae\u03c0\u03bf\u03c4\u03b5 \u03c3\u03c4\u03b7\u03bd \u0395\u03c5\u03c1\u03ce\u03c0\u03b7!\",\"publisher\":{\"@id\":\"https:\/\/www.kofinas.gr\/#organization\"},\"alternateName\":\"\u039a\u039f\u03a6\u0399\u039d\u0391\u03a3 \u03a0\u03c1\u03bf\u03ba\u03b1\u03c4\u03b1\u03c3\u03ba\u03b5\u03c5\u03b1\u03c3\u03bc\u03ad\u03bd\u03b1 \u03a3\u03c0\u03af\u03c4\u03b9\u03b1 \u03ba\u03b1\u03b9 \u03a4\u03bf\u03c5\u03c1\u03b9\u03c3\u03c4\u03b9\u03ba\u03ac \u039a\u03b1\u03c4\u03b1\u03bb\u03cd\u03bc\u03b1\u03c4\u03b1\",\"potentialAction\":[{\"@type\":\"SearchAction\",\"target\":{\"@type\":\"EntryPoint\",\"urlTemplate\":\"https:\/\/www.kofinas.gr\/?s={search_term_string}\"},\"query-input\":{\"@type\":\"PropertyValueSpecification\",\"valueRequired\":true,\"valueName\":\"search_term_string\"}}],\"inLanguage\":\"cs\"},{\"@type\":\"Organization\",\"@id\":\"https:\/\/www.kofinas.gr\/#organization\",\"name\":\"Kofinas SA\",\"alternateName\":\"Construction Company that constuct Prefabricated houses\",\"url\":\"https:\/\/www.kofinas.gr\/\",\"logo\":{\"@type\":\"ImageObject\",\"inLanguage\":\"cs\",\"@id\":\"https:\/\/www.kofinas.gr\/#\/schema\/logo\/image\/\",\"url\":\"https:\/\/www.kofinas.gr\/wp-content\/uploads\/2025\/03\/360new-logo-25.gif\",\"contentUrl\":\"https:\/\/www.kofinas.gr\/wp-content\/uploads\/2025\/03\/360new-logo-25.gif\",\"width\":230,\"height\":70,\"caption\":\"Kofinas SA\"},\"image\":{\"@id\":\"https:\/\/www.kofinas.gr\/#\/schema\/logo\/image\/\"},\"sameAs\":[\"https:\/\/www.facebook.com\/kofinas.prokataskevasmena\",\"https:\/\/x.com\/kofinas_prokat\",\"https:\/\/www.linkedin.com\/company\/kofinas-sa\",\"https:\/\/www.instagram.com\/kofinasprefab\/\",\"https:\/\/www.youtube.com\/channel\/UCEAifY31SuyQHHz_I3P4IVg\"],\"description\":\"KOFINAS SA \u2013 Prefabricated Homes Founded Legacy & Innovation Established in 1977, KOFINAS SA has grown into one of Greece\u2019s leading firms in the prefabricated housing sector. Their philosophy underscores continuous innovation\u2014they don't aim to build more homes, but to build better homes Strength & Certification The company's unique construction system has undergone rigorous experimental testing at the National Technical University of Athens, proving its durability well beyond natural endurance limits. Innovations introduced by KOFINAS are internationally recognized and certified. Sustainability & Eco Friendly Building KOFINAS uses Swedish and Finnish timber as its primary construction material, achieving a notably low carbon footprint: replacing conventional materials with wood reduces carbon dioxide emissions by 1.1 tons per cubic meter. In collaboration with Nordic sawmills, for every tree harvested, three to five new trees are planted, resulting in a negative carbon footprint. Additionally, their homes feature bioclimatic design and achieve energy consumption reductions of 75%\u201380% compared to conventional buildings\u2014often earning them energy efficiency A certificates. Advanced Production Facilities KOFINAS operates a modern factory, built to European standards, with ISO 14001 certification\u2014ensuring top-tier quality and environmental management in prefabricated housing production. Wide Range of Custom Designs Their catalog includes single , two , and three story homes, ground floor units with lofts, passive houses, and tourist accommodations. They also offer the \u201cFlexyHome\u201d series and Finnlamelli Finnish log houses, providing versatility to meet diverse aesthetic and functional needs. Experienced Team & Nationwide Network KOFINAS boasts a skilled, multidisciplinary team\u2014including civil and architectural engineers\u2014who oversee design, permit processing, and project implementation with a 100% success rate. The company has built a robust sales and distribution network\",\"email\":\"info@kofinas.gr\",\"telephone\":\"00302106081307\",\"legalName\":\"KOFINAS SA\",\"foundingDate\":\"1977-03-07\",\"vatID\":\"EL081136701\",\"duns\":\"503265836\",\"numberOfEmployees\":{\"@type\":\"QuantitativeValue\",\"minValue\":\"11\",\"maxValue\":\"50\"},\"publishingPrinciples\":\"https:\/\/www.kofinas.gr\/%cf%80%ce%bf%ce%bb%ce%b9%cf%84%ce%b9%ce%ba%ce%ae-%ce%b5%cf%84%ce%b1%ce%b9%cf%81%ce%af%ce%b1%cf%82-%ce%ba%ce%bf%cf%86%ce%b9%ce%bd%ce%b1%cf%83-%ce%b1%ce%b5\/\",\"ownershipFundingInfo\":\"https:\/\/www.kofinas.gr\/%ce%b5%cf%84%ce%b1%ce%b9%cf%81%ce%af%ce%b1\/\",\"actionableFeedbackPolicy\":\"https:\/\/www.kofinas.gr\/prosopika-dedomena\/\"}]}<\/script>\n<!-- \/ Yoast SEO Premium plugin. -->","yoast_head_json":{"title":"Montovan\u00e9 domy | Montovan\u00e9 domy Kofinas - Montovan\u00e9 montovan\u00e9 domy","description":"Die Serie der Fertigh\u00e4user ist das Ergebnis der st\u00e4ndigen Vigsamkeit und technologische Entwicklung unseres Unternehmens.","robots":{"index":"index","follow":"follow","max-snippet":"max-snippet:-1","max-image-preview":"max-image-preview:large","max-video-preview":"max-video-preview:-1"},"canonical":"https:\/\/www.kofinas.gr\/cs\/montovane-domy\/","og_locale":"cs_CZ","og_type":"article","og_title":"Vorgefertigte H\u00e4user","og_description":"Die Serie der Fertigh\u00e4user ist das Ergebnis der st\u00e4ndigen Wachsamkeit und technologischen Entwicklung unseres Unternehmens.","og_url":"https:\/\/www.kofinas.gr\/cs\/montovane-domy\/","og_site_name":"\u039a\u03bf\u03c6\u03b9\u03bd\u03ac\u03c2 \u03a0\u03c1\u03bf\u03ba\u03b1\u03c4\u03b1\u03c3\u03ba\u03b5\u03c5\u03b1\u03c3\u03bc\u03ad\u03bd\u03b1 \u03c3\u03c0\u03af\u03c4\u03b9\u03b1 - \u03a0\u03c1\u03bf\u03ba\u03ac\u03c4","article_publisher":"https:\/\/www.facebook.com\/kofinas.prokataskevasmena","article_modified_time":"2022-07-06T14:14:00+00:00","og_image":[{"width":1900,"height":800,"url":"https:\/\/www.kofinas.gr\/wp-content\/uploads\/2020\/04\/\u039a\u03bf\u03c6\u03b9\u03bd\u03ac\u03c2-\u03c0\u03c1\u03bf\u03ba\u03b1\u03c4\u03b1\u03c3\u03ba\u03b5\u03c5\u03b1\u03c3\u03bc\u03ad\u03bd\u03b1-2-story-house.jpg","type":"image\/jpeg"}],"twitter_card":"summary_large_image","twitter_site":"@kofinas_prokat","twitter_misc":{"Odhadovan\u00e1 doba \u010dten\u00ed":"2 minuty"},"schema":{"@context":"https:\/\/schema.org","@graph":[{"@type":"WebPage","@id":"https:\/\/www.kofinas.gr\/zh\/%e9%a2%84%e5%88%b6%e6%88%bf%e5%b1%8b\/","url":"https:\/\/www.kofinas.gr\/zh\/%e9%a2%84%e5%88%b6%e6%88%bf%e5%b1%8b\/","name":"Montovan\u00e9 domy | Montovan\u00e9 domy Kofinas - Montovan\u00e9 montovan\u00e9 domy","isPartOf":{"@id":"https:\/\/www.kofinas.gr\/#website"},"primaryImageOfPage":{"@id":"https:\/\/www.kofinas.gr\/zh\/%e9%a2%84%e5%88%b6%e6%88%bf%e5%b1%8b\/#primaryimage"},"image":{"@id":"https:\/\/www.kofinas.gr\/zh\/%e9%a2%84%e5%88%b6%e6%88%bf%e5%b1%8b\/#primaryimage"},"thumbnailUrl":"https:\/\/www.kofinas.gr\/wp-content\/uploads\/2020\/04\/\u039a\u03bf\u03c6\u03b9\u03bd\u03ac\u03c2-\u03c0\u03c1\u03bf\u03ba\u03b1\u03c4\u03b1\u03c3\u03ba\u03b5\u03c5\u03b1\u03c3\u03bc\u03ad\u03bd\u03b1-2-story-house.jpg","datePublished":"2016-08-04T12:54:49+00:00","dateModified":"2022-07-06T14:14:00+00:00","description":"Die Serie der Fertigh\u00e4user ist das Ergebnis der st\u00e4ndigen Vigsamkeit und technologische Entwicklung unseres Unternehmens.","breadcrumb":{"@id":"https:\/\/www.kofinas.gr\/zh\/%e9%a2%84%e5%88%b6%e6%88%bf%e5%b1%8b\/#breadcrumb"},"inLanguage":"cs","potentialAction":[{"@type":"ReadAction","target":["https:\/\/www.kofinas.gr\/zh\/%e9%a2%84%e5%88%b6%e6%88%bf%e5%b1%8b\/"]}]},{"@type":"ImageObject","inLanguage":"cs","@id":"https:\/\/www.kofinas.gr\/zh\/%e9%a2%84%e5%88%b6%e6%88%bf%e5%b1%8b\/#primaryimage","url":"https:\/\/www.kofinas.gr\/wp-content\/uploads\/2020\/04\/\u039a\u03bf\u03c6\u03b9\u03bd\u03ac\u03c2-\u03c0\u03c1\u03bf\u03ba\u03b1\u03c4\u03b1\u03c3\u03ba\u03b5\u03c5\u03b1\u03c3\u03bc\u03ad\u03bd\u03b1-2-story-house.jpg","contentUrl":"https:\/\/www.kofinas.gr\/wp-content\/uploads\/2020\/04\/\u039a\u03bf\u03c6\u03b9\u03bd\u03ac\u03c2-\u03c0\u03c1\u03bf\u03ba\u03b1\u03c4\u03b1\u03c3\u03ba\u03b5\u03c5\u03b1\u03c3\u03bc\u03ad\u03bd\u03b1-2-story-house.jpg","width":1900,"height":800,"caption":"Kofinas-prokataskeuasmena \u039a\u03bf\u03c6\u03b9\u03bd\u03b1\u03c2 \u03c0\u03c1\u03bf\u03ba\u03b1\u03c4\u03b1\u03ba\u03c3\u03b5\u03c5\u03b1\u03c3\u03bc\u03ad\u03bd\u03b1 \u03c3\u03c0\u03af\u03c4\u03b9\u03b1-\u0392\u03af\u03bb\u03bb\u03b1 \u03bc\u03b5 \u03c0\u03b9\u03c3\u03af\u03bd\u03b1-\u03c0\u03c1\u03ac\u03c3\u03b9\u03bd\u03b7 \u03b4\u03cc\u03bc\u03b7\u03c3\u03b7-\u03b5\u03bd\u03b5\u03c1\u03b3\u03b5\u03b9\u03b1\u03ba\u03ae \u03ba\u03b1\u03c4\u03bf\u03b9\u03ba\u03af\u03b1-\u03b1\u03bd\u03c4\u03b9\u03c3\u03b5\u03b9\u03c3\u03bc\u03b9\u03ba\u03cc \u03c3\u03c0\u03af\u03c4\u03b9"},{"@type":"BreadcrumbList","@id":"https:\/\/www.kofinas.gr\/zh\/%e9%a2%84%e5%88%b6%e6%88%bf%e5%b1%8b\/#breadcrumb","itemListElement":[{"@type":"ListItem","position":1,"name":"Home","item":"https:\/\/www.kofinas.gr\/"},{"@type":"ListItem","position":2,"name":"Vorgefertigte H\u00e4user"}]},{"@type":"WebSite","@id":"https:\/\/www.kofinas.gr\/#website","url":"https:\/\/www.kofinas.gr\/","name":"Kofinas Montovan\u00e9 domy - Montovan\u00e9","description":"Postav\u00edme v\u00e1\u0161 d\u016fm v \u0158ecku a kdekoli v Evrop\u011b!","publisher":{"@id":"https:\/\/www.kofinas.gr\/#organization"},"alternateName":"\u039a\u039f\u03a6\u0399\u039d\u0391\u03a3 \u03a0\u03c1\u03bf\u03ba\u03b1\u03c4\u03b1\u03c3\u03ba\u03b5\u03c5\u03b1\u03c3\u03bc\u03ad\u03bd\u03b1 \u03a3\u03c0\u03af\u03c4\u03b9\u03b1 \u03ba\u03b1\u03b9 \u03a4\u03bf\u03c5\u03c1\u03b9\u03c3\u03c4\u03b9\u03ba\u03ac \u039a\u03b1\u03c4\u03b1\u03bb\u03cd\u03bc\u03b1\u03c4\u03b1","potentialAction":[{"@type":"SearchAction","target":{"@type":"EntryPoint","urlTemplate":"https:\/\/www.kofinas.gr\/?s={search_term_string}"},"query-input":{"@type":"PropertyValueSpecification","valueRequired":true,"valueName":"search_term_string"}}],"inLanguage":"cs"},{"@type":"Organization","@id":"https:\/\/www.kofinas.gr\/#organization","name":"Kofinas SA","alternateName":"Construction Company that constuct Prefabricated houses","url":"https:\/\/www.kofinas.gr\/","logo":{"@type":"ImageObject","inLanguage":"cs","@id":"https:\/\/www.kofinas.gr\/#\/schema\/logo\/image\/","url":"https:\/\/www.kofinas.gr\/wp-content\/uploads\/2025\/03\/360new-logo-25.gif","contentUrl":"https:\/\/www.kofinas.gr\/wp-content\/uploads\/2025\/03\/360new-logo-25.gif","width":230,"height":70,"caption":"Kofinas SA"},"image":{"@id":"https:\/\/www.kofinas.gr\/#\/schema\/logo\/image\/"},"sameAs":["https:\/\/www.facebook.com\/kofinas.prokataskevasmena","https:\/\/x.com\/kofinas_prokat","https:\/\/www.linkedin.com\/company\/kofinas-sa","https:\/\/www.instagram.com\/kofinasprefab\/","https:\/\/www.youtube.com\/channel\/UCEAifY31SuyQHHz_I3P4IVg"],"description":"KOFINAS SA \u2013 Prefabrikovan\u00e9 domy Zalo\u017eeno Odkaz a inovace Spole\u010dnost KOFINAS SA, zalo\u017een\u00e1 v roce 1977, se rozrostla v jednu z p\u0159edn\u00edch \u0159eck\u00fdch firem v sektoru prefabrikovan\u00fdch dom\u016f. Jej\u00ed filozofie zd\u016fraz\u0148uje neust\u00e1l\u00e9 inovace \u2013 jejich c\u00edlem nen\u00ed stav\u011bt v\u00edce dom\u016f, ale stav\u011bt lep\u0161\u00ed domy Pevnost a certifikace Unik\u00e1tn\u00ed konstruk\u010dn\u00ed syst\u00e9m spole\u010dnosti pro\u0161el p\u0159\u00edsn\u00fdmi experiment\u00e1ln\u00edmi testy na N\u00e1rodn\u00ed technick\u00e9 univerzit\u011b v At\u00e9n\u00e1ch, kter\u00e9 prok\u00e1zaly jeho odolnost daleko za hranicemi p\u0159irozen\u00e9 \u017eivotnosti. Inovace zaveden\u00e9 spole\u010dnost\u00ed KOFINAS jsou mezin\u00e1rodn\u011b uzn\u00e1van\u00e9 a certifikovan\u00e9. Udr\u017eitelnost a ekologick\u00e1 v\u00fdstavba Spole\u010dnost KOFINAS pou\u017e\u00edv\u00e1 jako prim\u00e1rn\u00ed stavebn\u00ed materi\u00e1l \u0161v\u00e9dsk\u00e9 a finsk\u00e9 d\u0159evo, \u010d\u00edm\u017e dosahuje pozoruhodn\u011b n\u00edzk\u00e9 uhl\u00edkov\u00e9 stopy: nahrazen\u00ed konven\u010dn\u00edch materi\u00e1l\u016f d\u0159evem sni\u017euje emise oxidu uhli\u010dit\u00e9ho o 1,1 tuny na metr krychlov\u00fd. Ve spolupr\u00e1ci se seversk\u00fdmi pilami se na ka\u017ed\u00fd pok\u00e1cen\u00fd strom vysad\u00ed t\u0159i a\u017e p\u011bt nov\u00fdch strom\u016f, co\u017e m\u00e1 za n\u00e1sledek negativn\u00ed uhl\u00edkovou stopu. Jejich domy se nav\u00edc vyzna\u010duj\u00ed bioklimatick\u00fdm designem a dosahuj\u00ed sn\u00ed\u017een\u00ed spot\u0159eby energie o 75%\u201380% ve srovn\u00e1n\u00ed s konven\u010dn\u00edmi budovami \u2013 co\u017e jim \u010dasto vyn\u00e1\u0161\u00ed certifik\u00e1ty energetick\u00e9 \u00fa\u010dinnosti A. Pokro\u010dil\u00e1 v\u00fdrobn\u00ed za\u0159\u00edzen\u00ed Spole\u010dnost KOFINAS provozuje modern\u00ed tov\u00e1rnu postavenou podle evropsk\u00fdch standard\u016f s certifikac\u00ed ISO 14001, co\u017e zaji\u0161\u0165uje \u0161pi\u010dkovou kvalitu a environment\u00e1ln\u00ed management p\u0159i v\u00fdrob\u011b prefabrikovan\u00fdch dom\u016f. \u0160irok\u00e1 \u0161k\u00e1la zak\u00e1zkov\u00fdch n\u00e1vrh\u016f Jejich katalog zahrnuje jedno-, dvou- a t\u0159\u00edpatrov\u00e9 domy, p\u0159\u00edzemn\u00ed jednotky s podkrov\u00edm, pasivn\u00ed domy a turistick\u00e9 ubytov\u00e1n\u00ed. Nab\u00edzej\u00ed tak\u00e9 \u0159adu \u201eFlexyHome\u201c a finsk\u00e9 sruby Finnlamelli, kter\u00e9 poskytuj\u00ed v\u0161estrannost pro spln\u011bn\u00ed rozmanit\u00fdch estetick\u00fdch a funk\u010dn\u00edch pot\u0159eb. Zku\u0161en\u00fd t\u00fdm a celost\u00e1tn\u00ed s\u00ed\u0165 Spole\u010dnost KOFINAS se py\u0161n\u00ed zku\u0161en\u00fdm multidisciplin\u00e1rn\u00edm t\u00fdmem \u2013 v\u010detn\u011b stavebn\u00edch a architektonick\u00fdch in\u017een\u00fdr\u016f \u2013 kte\u0159\u00ed dohl\u00ed\u017eej\u00ed na n\u00e1vrh, vy\u0159izov\u00e1n\u00ed povolen\u00ed a realizaci projekt\u016f s \u00fasp\u011b\u0161nost\u00ed 100%. Spole\u010dnost si vybudovala robustn\u00ed prodejn\u00ed a distribu\u010dn\u00ed s\u00ed\u0165.","email":"info@kofinas.gr","telephone":"00302106081307","legalName":"KOFINAS SA","foundingDate":"1977-03-07","vatID":"EL081136701","duns":"503265836","numberOfEmployees":{"@type":"QuantitativeValue","minValue":"11","maxValue":"50"},"publishingPrinciples":"https:\/\/www.kofinas.gr\/%cf%80%ce%bf%ce%bb%ce%b9%cf%84%ce%b9%ce%ba%ce%ae-%ce%b5%cf%84%ce%b1%ce%b9%cf%81%ce%af%ce%b1%cf%82-%ce%ba%ce%bf%cf%86%ce%b9%ce%bd%ce%b1%cf%83-%ce%b1%ce%b5\/","ownershipFundingInfo":"https:\/\/www.kofinas.gr\/%ce%b5%cf%84%ce%b1%ce%b9%cf%81%ce%af%ce%b1\/","actionableFeedbackPolicy":"https:\/\/www.kofinas.gr\/prosopika-dedomena\/"}]}},"_links":{"self":[{"href":"https:\/\/www.kofinas.gr\/cs\/wp-json\/wp\/v2\/pages\/86775","targetHints":{"allow":["GET"]}}],"collection":[{"href":"https:\/\/www.kofinas.gr\/cs\/wp-json\/wp\/v2\/pages"}],"about":[{"href":"https:\/\/www.kofinas.gr\/cs\/wp-json\/wp\/v2\/types\/page"}],"author":[{"embeddable":true,"href":"https:\/\/www.kofinas.gr\/cs\/wp-json\/wp\/v2\/users\/3"}],"replies":[{"embeddable":true,"href":"https:\/\/www.kofinas.gr\/cs\/wp-json\/wp\/v2\/comments?post=86775"}],"version-history":[{"count":0,"href":"https:\/\/www.kofinas.gr\/cs\/wp-json\/wp\/v2\/pages\/86775\/revisions"}],"wp:featuredmedia":[{"embeddable":true,"href":"https:\/\/www.kofinas.gr\/cs\/wp-json\/wp\/v2\/media\/71711"}],"wp:attachment":[{"href":"https:\/\/www.kofinas.gr\/cs\/wp-json\/wp\/v2\/media?parent=86775"}],"curies":[{"name":"wp","href":"https:\/\/api.w.org\/{rel}","templated":true}]}}