{"id":8592,"date":"2016-11-11T16:39:59","date_gmt":"2016-11-11T14:39:59","guid":{"rendered":"http:\/\/neo.kofinas.gr\/en\/?page_id=8592"},"modified":"2022-05-06T09:15:41","modified_gmt":"2022-05-06T07:15:41","slug":"technicka-zprava-ntua","status":"publish","type":"page","link":"https:\/\/www.kofinas.gr\/cs\/experimentalni-vyzkum\/technicka-zprava-ntua\/","title":{"rendered":"Technick\u00e1 zpr\u00e1va NTUA"},"content":{"rendered":"<h3>Technick\u00e1 zpr\u00e1va 2009 z N\u00e1rodn\u00ed technick\u00e9 univerzity v At\u00e9n\u00e1ch o 1-patrov\u00e9m zdivu KOFINAS<\/h3>\n<p>N\u00ed\u017ee naleznete Technickou zpr\u00e1vu NTUA, kde jsou podrobn\u011b pops\u00e1ny podm\u00ednky experimentu z roku 2009 a jsou zahrnuta v\u0161echna m\u011b\u0159en\u00ed.<\/p>\n<div class=\"uk-grid\">\n<div class=\"uk-width-3-4\">\n<h4>\u0158eck\u00e1 verze<\/h4>\n<ul class=\"uk-list\">\n<li><a title=\"Technick\u00e1 zpr\u00e1va\" href=\"\/wp-content\/uploads\/kofinas\/ntua-experiments\/studies\/report-el.pdf\" target=\"_blank\" rel=\"noopener noreferrer\">Technick\u00e1 zpr\u00e1va 2009<\/a><\/li>\n<li><a title=\"Dodatek: Zrychlen\u00ed - \u010casov\u00e1 historie posunu\" href=\"\/wp-content\/uploads\/kofinas\/ntua-experiments\/studies\/annex-el.pdf\" target=\"_blank\" rel=\"noopener noreferrer\">P\u0159\u00edloha: Zrychlen\u00ed \u2013 \u010casov\u00e1 historie posunu<\/a><\/li>\n<\/ul>\n<h4>\u00a0<\/h4>\n<h4>\u00a0<\/h4>\n<h4>anglick\u00e1 verze<\/h4>\n<ul class=\"uk-list\">\n<li><a title=\"Technick\u00e1 zpr\u00e1va\" href=\"\/wp-content\/uploads\/kofinas\/ntua-experiments\/studies\/report-en.pdf\" target=\"_blank\" rel=\"noopener noreferrer\">Technick\u00e1 zpr\u00e1va 2009<\/a><\/li>\n<li><a title=\"P\u0159\u00edloha A: \u010cas p\u0159em\u00edst\u011bn\u00ed zrychlen\u00ed - historie\" href=\"\/wp-content\/uploads\/kofinas\/ntua-experiments\/studies\/annex-en.pdf\" target=\"_blank\" rel=\"noopener noreferrer\">P\u0159\u00edloha A \u2013 \u010casov\u00e1 historie posunu zrychlen\u00ed<\/a><\/li>\n<\/ul>\n<h4>\u00a0<\/h4>\n<h4>\u00a0<\/h4>\n<h4>N\u011bmeck\u00e1 verze<\/h4>\n<ul class=\"uk-list\">\n<li><a title=\"Techniscer bericht\" href=\"\/wp-content\/uploads\/kofinas\/ntua-experiments\/studies\/report-de.pdf\" target=\"_blank\" rel=\"noopener noreferrer\">Techniscer bericht 2009<\/a><\/li>\n<li><a title=\"Anhang-Zeitliche \u2013 beschleunigungs verschiebungsverlaufe\" href=\"\/wp-content\/uploads\/kofinas\/ntua-experiments\/studies\/annex-de.pdf\" target=\"_blank\" rel=\"noopener noreferrer\">Anhang \u2013 Zeitliche \u2013 beschleunigungs verschiebungsverlaufe<\/a><\/li>\n<\/ul>\n<\/div>\n<div class=\"uk-width-1-4\"><img fetchpriority=\"high\" decoding=\"async\" class=\"\" src=\"\/wp-content\/uploads\/kofinas\/ntua-experiments\/studies\/report.png\" alt=\"Technick\u00e1 zpr\u00e1va od NTUA o zdivu Kofinas\" width=\"312\" height=\"426\" \/><\/div>\n<\/div>\n\n\n<hr class=\"wp-block-separator aligncenter\"\/>\n\n\n\n<h2 class=\"wp-block-heading\">Technick\u00e1 zpr\u00e1va 2022 od N\u00e1rodn\u00ed technick\u00e9 univerzity v At\u00e9n\u00e1ch o 3patrov\u00e9m zdivu KOFINAS<\/h2>\n\n\n\n<p>N\u00ed\u017ee naleznete Technickou zpr\u00e1vu NTUA, kde jsou podrobn\u011b pops\u00e1ny podm\u00ednky experimentu 2022 a v\u0161echna m\u011b\u0159en\u00ed jsou zahrnuta.<\/p>\n\n\n\n<div class=\"wp-block-columns is-layout-flex wp-container-core-columns-is-layout-9d6595d7 wp-block-columns-is-layout-flex\">\n<div class=\"wp-block-column is-layout-flow wp-block-column-is-layout-flow\" style=\"flex-basis:66.66%\">\n<h4 class=\"wp-block-heading\">\u0158eck\u00e1 verze<\/h4>\n\n\n\n<ul class=\"wp-block-list\"><li><a href=\"https:\/\/www.kofinas.gr\/wp-content\/uploads\/2022\/05\/report_KOFINAS_revised-1.pdf\">Technick\u00e1 zpr\u00e1va 2022<\/a><\/li><\/ul>\n<\/div>\n\n\n\n<div class=\"wp-block-column is-layout-flow wp-block-column-is-layout-flow\" style=\"flex-basis:33.33%\">\n<div class=\"wp-block-image\"><figure class=\"aligncenter size-large is-resized\"><img decoding=\"async\" src=\"https:\/\/www.kofinas.gr\/wp-content\/uploads\/2022\/05\/\u03a4\u03b5\u03c7\u03bd\u03b9\u03ba\u03ae-\u03ad\u03ba\u03b8\u03b5\u03c3\u03b7-2022-215x400.png\" alt=\"Prokataskeuasmena spitia KOFINAS SA, Energeiaki apodosi, antiseismika, xamili katanalwsi, villa,oikologiki katoikia\" class=\"wp-image-46356\" width=\"219\" height=\"409\" srcset=\"https:\/\/www.kofinas.gr\/wp-content\/uploads\/2022\/05\/\u03a4\u03b5\u03c7\u03bd\u03b9\u03ba\u03ae-\u03ad\u03ba\u03b8\u03b5\u03c3\u03b7-2022-188x350.png 188w, https:\/\/www.kofinas.gr\/wp-content\/uploads\/2022\/05\/\u03a4\u03b5\u03c7\u03bd\u03b9\u03ba\u03ae-\u03ad\u03ba\u03b8\u03b5\u03c3\u03b7-2022-13x24.png 13w, https:\/\/www.kofinas.gr\/wp-content\/uploads\/2022\/05\/\u03a4\u03b5\u03c7\u03bd\u03b9\u03ba\u03ae-\u03ad\u03ba\u03b8\u03b5\u03c3\u03b7-2022-19x36.png 19w, https:\/\/www.kofinas.gr\/wp-content\/uploads\/2022\/05\/\u03a4\u03b5\u03c7\u03bd\u03b9\u03ba\u03ae-\u03ad\u03ba\u03b8\u03b5\u03c3\u03b7-2022-26x48.png 26w\" sizes=\"(max-width: 219px) 100vw, 219px\" \/><\/figure><\/div>\n<\/div>\n<\/div>\n\n\n\n<p><\/p>","protected":false},"excerpt":{"rendered":"<p>Technick\u00e1 zpr\u00e1va 2009 z N\u00e1rodn\u00ed technick\u00e9 univerzity v At\u00e9n\u00e1ch o 1-patrov\u00e9m zdivu KOFINAS N\u00ed\u017ee naleznete technickou zpr\u00e1vu NTUA, kde jsou podrobn\u011b pops\u00e1ny podm\u00ednky experimentu z roku 2009 a jsou zahrnuta v\u0161echna m\u011b\u0159en\u00ed. \u0158eck\u00e1 verze Technick\u00e1 zpr\u00e1va 2009 P\u0159\u00edloha: \u010casov\u00e1 historie zrychlen\u00ed \u2013 posun Anglick\u00e1 verze Technick\u00e1 zpr\u00e1va [...]<\/p>","protected":false},"author":3,"featured_media":19902,"parent":8605,"menu_order":0,"comment_status":"closed","ping_status":"closed","template":"","meta":{"_acf_changed":false,"footnotes":""},"class_list":["post-8592","page","type-page","status-publish","has-post-thumbnail","hentry"],"acf":[],"yoast_head":"<!-- This site is optimized with the Yoast SEO Premium plugin v26.6 (Yoast SEO v26.6) - https:\/\/yoast.com\/wordpress\/plugins\/seo\/ -->\n<title>NTUA Technical Report | \u039a\u03bf\u03c6\u03b9\u03bd\u03ac\u03c2 \u03a0\u03c1\u03bf\u03ba\u03b1\u03c4\u03b1\u03c3\u03ba\u03b5\u03c5\u03b1\u03c3\u03bc\u03ad\u03bd\u03b1 \u03c3\u03c0\u03af\u03c4\u03b9\u03b1 - \u03a0\u03c1\u03bf\u03ba\u03ac\u03c4<\/title>\n<meta name=\"robots\" content=\"index, follow, max-snippet:-1, max-image-preview:large, max-video-preview:-1\" \/>\n<link rel=\"canonical\" href=\"https:\/\/www.kofinas.gr\/cs\/experimentalni-vyzkum\/technicka-zprava-ntua\/\" \/>\n<meta property=\"og:locale\" content=\"cs_CZ\" \/>\n<meta property=\"og:type\" content=\"article\" \/>\n<meta property=\"og:title\" content=\"NTUA Technical Report\" \/>\n<meta property=\"og:description\" content=\"Technical Report 2009 from the National Technical University of Athens about 1-story&#8217;s KOFINAS masonry Below you can find the NTUA Technical Report, where the conditions of the 2009 experiment are described in detail and all the measurements are included. Greek version \u03a4\u03b5\u03c7\u03bd\u03b9\u03ba\u03ae \u03ad\u03ba\u03b8\u03b5\u03c3\u03b7 2009 \u03a0\u03b1\u03c1\u03ac\u03c1\u03c4\u03b7\u03bc\u03b1: \u03a7\u03c1\u03bf\u03bd\u03bf\u03ca\u03c3\u03c4\u03bf\u03c1\u03af\u03b1 \u0395\u03c0\u03b9\u03c4\u03ac\u03c7\u03c5\u03bd\u03c3\u03b7\u03c2 \u2013 \u039c\u03b5\u03c4\u03b1\u03ba\u03af\u03bd\u03b7\u03c3\u03b7\u03c2 \u00a0 \u00a0 English version Technical report [&hellip;]\" \/>\n<meta property=\"og:url\" content=\"https:\/\/www.kofinas.gr\/cs\/experimentalni-vyzkum\/technicka-zprava-ntua\/\" \/>\n<meta property=\"og:site_name\" content=\"\u039a\u03bf\u03c6\u03b9\u03bd\u03ac\u03c2 \u03a0\u03c1\u03bf\u03ba\u03b1\u03c4\u03b1\u03c3\u03ba\u03b5\u03c5\u03b1\u03c3\u03bc\u03ad\u03bd\u03b1 \u03c3\u03c0\u03af\u03c4\u03b9\u03b1 - \u03a0\u03c1\u03bf\u03ba\u03ac\u03c4\" \/>\n<meta property=\"article:publisher\" content=\"https:\/\/www.facebook.com\/kofinas.prokataskevasmena\" \/>\n<meta property=\"article:modified_time\" content=\"2022-05-06T07:15:41+00:00\" \/>\n<meta property=\"og:image\" content=\"https:\/\/www.kofinas.gr\/wp-content\/uploads\/2020\/04\/report-kOFINAs.png\" \/>\n\t<meta property=\"og:image:width\" content=\"800\" \/>\n\t<meta property=\"og:image:height\" content=\"846\" \/>\n\t<meta property=\"og:image:type\" content=\"image\/png\" \/>\n<meta name=\"twitter:card\" content=\"summary_large_image\" \/>\n<meta name=\"twitter:site\" content=\"@kofinas_prokat\" \/>\n<script type=\"application\/ld+json\" class=\"yoast-schema-graph\">{\"@context\":\"https:\/\/schema.org\",\"@graph\":[{\"@type\":\"WebPage\",\"@id\":\"https:\/\/www.kofinas.gr\/ar\/%d8%a7%d9%84%d8%a8%d8%ad%d8%ab-%d8%a7%d9%84%d8%aa%d8%ac%d8%b1%d9%8a%d8%a8%d9%8a\/%d8%aa%d9%82%d8%b1%d9%8a%d8%b1-%d9%81%d9%86%d9%8a-%d9%85%d9%86-ntua\/\",\"url\":\"https:\/\/www.kofinas.gr\/ar\/%d8%a7%d9%84%d8%a8%d8%ad%d8%ab-%d8%a7%d9%84%d8%aa%d8%ac%d8%b1%d9%8a%d8%a8%d9%8a\/%d8%aa%d9%82%d8%b1%d9%8a%d8%b1-%d9%81%d9%86%d9%8a-%d9%85%d9%86-ntua\/\",\"name\":\"NTUA Technical Report | \u039a\u03bf\u03c6\u03b9\u03bd\u03ac\u03c2 \u03a0\u03c1\u03bf\u03ba\u03b1\u03c4\u03b1\u03c3\u03ba\u03b5\u03c5\u03b1\u03c3\u03bc\u03ad\u03bd\u03b1 \u03c3\u03c0\u03af\u03c4\u03b9\u03b1 - \u03a0\u03c1\u03bf\u03ba\u03ac\u03c4\",\"isPartOf\":{\"@id\":\"https:\/\/www.kofinas.gr\/#website\"},\"primaryImageOfPage\":{\"@id\":\"https:\/\/www.kofinas.gr\/ar\/%d8%a7%d9%84%d8%a8%d8%ad%d8%ab-%d8%a7%d9%84%d8%aa%d8%ac%d8%b1%d9%8a%d8%a8%d9%8a\/%d8%aa%d9%82%d8%b1%d9%8a%d8%b1-%d9%81%d9%86%d9%8a-%d9%85%d9%86-ntua\/#primaryimage\"},\"image\":{\"@id\":\"https:\/\/www.kofinas.gr\/ar\/%d8%a7%d9%84%d8%a8%d8%ad%d8%ab-%d8%a7%d9%84%d8%aa%d8%ac%d8%b1%d9%8a%d8%a8%d9%8a\/%d8%aa%d9%82%d8%b1%d9%8a%d8%b1-%d9%81%d9%86%d9%8a-%d9%85%d9%86-ntua\/#primaryimage\"},\"thumbnailUrl\":\"https:\/\/www.kofinas.gr\/wp-content\/uploads\/2020\/04\/report-kOFINAs.png\",\"datePublished\":\"2016-11-11T14:39:59+00:00\",\"dateModified\":\"2022-05-06T07:15:41+00:00\",\"breadcrumb\":{\"@id\":\"https:\/\/www.kofinas.gr\/ar\/%d8%a7%d9%84%d8%a8%d8%ad%d8%ab-%d8%a7%d9%84%d8%aa%d8%ac%d8%b1%d9%8a%d8%a8%d9%8a\/%d8%aa%d9%82%d8%b1%d9%8a%d8%b1-%d9%81%d9%86%d9%8a-%d9%85%d9%86-ntua\/#breadcrumb\"},\"inLanguage\":\"cs\",\"potentialAction\":[{\"@type\":\"ReadAction\",\"target\":[\"https:\/\/www.kofinas.gr\/ar\/%d8%a7%d9%84%d8%a8%d8%ad%d8%ab-%d8%a7%d9%84%d8%aa%d8%ac%d8%b1%d9%8a%d8%a8%d9%8a\/%d8%aa%d9%82%d8%b1%d9%8a%d8%b1-%d9%81%d9%86%d9%8a-%d9%85%d9%86-ntua\/\"]}]},{\"@type\":\"ImageObject\",\"inLanguage\":\"cs\",\"@id\":\"https:\/\/www.kofinas.gr\/ar\/%d8%a7%d9%84%d8%a8%d8%ad%d8%ab-%d8%a7%d9%84%d8%aa%d8%ac%d8%b1%d9%8a%d8%a8%d9%8a\/%d8%aa%d9%82%d8%b1%d9%8a%d8%b1-%d9%81%d9%86%d9%8a-%d9%85%d9%86-ntua\/#primaryimage\",\"url\":\"https:\/\/www.kofinas.gr\/wp-content\/uploads\/2020\/04\/report-kOFINAs.png\",\"contentUrl\":\"https:\/\/www.kofinas.gr\/wp-content\/uploads\/2020\/04\/report-kOFINAs.png\",\"width\":800,\"height\":846,\"caption\":\"Technical report Kofinas- prefabricated -eco-prefabricated\"},{\"@type\":\"BreadcrumbList\",\"@id\":\"https:\/\/www.kofinas.gr\/ar\/%d8%a7%d9%84%d8%a8%d8%ad%d8%ab-%d8%a7%d9%84%d8%aa%d8%ac%d8%b1%d9%8a%d8%a8%d9%8a\/%d8%aa%d9%82%d8%b1%d9%8a%d8%b1-%d9%81%d9%86%d9%8a-%d9%85%d9%86-ntua\/#breadcrumb\",\"itemListElement\":[{\"@type\":\"ListItem\",\"position\":1,\"name\":\"Home\",\"item\":\"https:\/\/www.kofinas.gr\/\"},{\"@type\":\"ListItem\",\"position\":2,\"name\":\"Experiments and research\",\"item\":\"https:\/\/www.kofinas.gr\/eng\/experimental-research\/\"},{\"@type\":\"ListItem\",\"position\":3,\"name\":\"NTUA Technical Report\"}]},{\"@type\":\"WebSite\",\"@id\":\"https:\/\/www.kofinas.gr\/#website\",\"url\":\"https:\/\/www.kofinas.gr\/\",\"name\":\"\u039a\u03bf\u03c6\u03b9\u03bd\u03ac\u03c2 \u03a0\u03c1\u03bf\u03ba\u03b1\u03c4\u03b1\u03c3\u03ba\u03b5\u03c5\u03b1\u03c3\u03bc\u03ad\u03bd\u03b1 \u03c3\u03c0\u03af\u03c4\u03b9\u03b1 - \u03a0\u03c1\u03bf\u03ba\u03ac\u03c4\",\"description\":\"\u039a\u03b1\u03c4\u03b1\u03c3\u03ba\u03b5\u03c5\u03ac\u03b6\u03bf\u03c5\u03bc\u03b5 \u03c4\u03bf \u03c3\u03c0\u03af\u03c4\u03b9 \u03c3\u03b1\u03c2 \u03c3\u03c4\u03b7\u03bd \u03b5\u03bb\u03bb\u03ac\u03b4\u03b1 \u03ba\u03b1\u03b9 \u03bf\u03c0\u03bf\u03c5\u03b4\u03ae\u03c0\u03bf\u03c4\u03b5 \u03c3\u03c4\u03b7\u03bd \u0395\u03c5\u03c1\u03ce\u03c0\u03b7!\",\"publisher\":{\"@id\":\"https:\/\/www.kofinas.gr\/#organization\"},\"alternateName\":\"\u039a\u039f\u03a6\u0399\u039d\u0391\u03a3 \u03a0\u03c1\u03bf\u03ba\u03b1\u03c4\u03b1\u03c3\u03ba\u03b5\u03c5\u03b1\u03c3\u03bc\u03ad\u03bd\u03b1 \u03a3\u03c0\u03af\u03c4\u03b9\u03b1 \u03ba\u03b1\u03b9 \u03a4\u03bf\u03c5\u03c1\u03b9\u03c3\u03c4\u03b9\u03ba\u03ac \u039a\u03b1\u03c4\u03b1\u03bb\u03cd\u03bc\u03b1\u03c4\u03b1\",\"potentialAction\":[{\"@type\":\"SearchAction\",\"target\":{\"@type\":\"EntryPoint\",\"urlTemplate\":\"https:\/\/www.kofinas.gr\/?s={search_term_string}\"},\"query-input\":{\"@type\":\"PropertyValueSpecification\",\"valueRequired\":true,\"valueName\":\"search_term_string\"}}],\"inLanguage\":\"cs\"},{\"@type\":\"Organization\",\"@id\":\"https:\/\/www.kofinas.gr\/#organization\",\"name\":\"Kofinas SA\",\"alternateName\":\"Construction Company that constuct Prefabricated houses\",\"url\":\"https:\/\/www.kofinas.gr\/\",\"logo\":{\"@type\":\"ImageObject\",\"inLanguage\":\"cs\",\"@id\":\"https:\/\/www.kofinas.gr\/#\/schema\/logo\/image\/\",\"url\":\"https:\/\/www.kofinas.gr\/wp-content\/uploads\/2025\/03\/360new-logo-25.gif\",\"contentUrl\":\"https:\/\/www.kofinas.gr\/wp-content\/uploads\/2025\/03\/360new-logo-25.gif\",\"width\":230,\"height\":70,\"caption\":\"Kofinas SA\"},\"image\":{\"@id\":\"https:\/\/www.kofinas.gr\/#\/schema\/logo\/image\/\"},\"sameAs\":[\"https:\/\/www.facebook.com\/kofinas.prokataskevasmena\",\"https:\/\/x.com\/kofinas_prokat\",\"https:\/\/www.linkedin.com\/company\/kofinas-sa\",\"https:\/\/www.instagram.com\/kofinasprefab\/\",\"https:\/\/www.youtube.com\/channel\/UCEAifY31SuyQHHz_I3P4IVg\"],\"description\":\"KOFINAS SA \u2013 Prefabricated Homes Founded Legacy & Innovation Established in 1977, KOFINAS SA has grown into one of Greece\u2019s leading firms in the prefabricated housing sector. Their philosophy underscores continuous innovation\u2014they don't aim to build more homes, but to build better homes Strength & Certification The company's unique construction system has undergone rigorous experimental testing at the National Technical University of Athens, proving its durability well beyond natural endurance limits. Innovations introduced by KOFINAS are internationally recognized and certified. Sustainability & Eco Friendly Building KOFINAS uses Swedish and Finnish timber as its primary construction material, achieving a notably low carbon footprint: replacing conventional materials with wood reduces carbon dioxide emissions by 1.1 tons per cubic meter. In collaboration with Nordic sawmills, for every tree harvested, three to five new trees are planted, resulting in a negative carbon footprint. Additionally, their homes feature bioclimatic design and achieve energy consumption reductions of 75%\u201380% compared to conventional buildings\u2014often earning them energy efficiency A certificates. Advanced Production Facilities KOFINAS operates a modern factory, built to European standards, with ISO 14001 certification\u2014ensuring top-tier quality and environmental management in prefabricated housing production. Wide Range of Custom Designs Their catalog includes single , two , and three story homes, ground floor units with lofts, passive houses, and tourist accommodations. They also offer the \u201cFlexyHome\u201d series and Finnlamelli Finnish log houses, providing versatility to meet diverse aesthetic and functional needs. Experienced Team & Nationwide Network KOFINAS boasts a skilled, multidisciplinary team\u2014including civil and architectural engineers\u2014who oversee design, permit processing, and project implementation with a 100% success rate. The company has built a robust sales and distribution network\",\"email\":\"info@kofinas.gr\",\"telephone\":\"00302106081307\",\"legalName\":\"KOFINAS SA\",\"foundingDate\":\"1977-03-07\",\"vatID\":\"EL081136701\",\"duns\":\"503265836\",\"numberOfEmployees\":{\"@type\":\"QuantitativeValue\",\"minValue\":\"11\",\"maxValue\":\"50\"},\"publishingPrinciples\":\"https:\/\/www.kofinas.gr\/%cf%80%ce%bf%ce%bb%ce%b9%cf%84%ce%b9%ce%ba%ce%ae-%ce%b5%cf%84%ce%b1%ce%b9%cf%81%ce%af%ce%b1%cf%82-%ce%ba%ce%bf%cf%86%ce%b9%ce%bd%ce%b1%cf%83-%ce%b1%ce%b5\/\",\"ownershipFundingInfo\":\"https:\/\/www.kofinas.gr\/%ce%b5%cf%84%ce%b1%ce%b9%cf%81%ce%af%ce%b1\/\",\"actionableFeedbackPolicy\":\"https:\/\/www.kofinas.gr\/prosopika-dedomena\/\"}]}<\/script>\n<!-- \/ Yoast SEO Premium plugin. -->","yoast_head_json":{"title":"Technick\u00e1 zpr\u00e1va NTUA | Prefabrikovan\u00e9 domy Kofinas - Prefabrikovan\u00e9","robots":{"index":"index","follow":"follow","max-snippet":"max-snippet:-1","max-image-preview":"max-image-preview:large","max-video-preview":"max-video-preview:-1"},"canonical":"https:\/\/www.kofinas.gr\/cs\/experimentalni-vyzkum\/technicka-zprava-ntua\/","og_locale":"cs_CZ","og_type":"article","og_title":"NTUA Technical Report","og_description":"Technical Report 2009 from the National Technical University of Athens about 1-story&#8217;s KOFINAS masonry Below you can find the NTUA Technical Report, where the conditions of the 2009 experiment are described in detail and all the measurements are included. Greek version \u03a4\u03b5\u03c7\u03bd\u03b9\u03ba\u03ae \u03ad\u03ba\u03b8\u03b5\u03c3\u03b7 2009 \u03a0\u03b1\u03c1\u03ac\u03c1\u03c4\u03b7\u03bc\u03b1: \u03a7\u03c1\u03bf\u03bd\u03bf\u03ca\u03c3\u03c4\u03bf\u03c1\u03af\u03b1 \u0395\u03c0\u03b9\u03c4\u03ac\u03c7\u03c5\u03bd\u03c3\u03b7\u03c2 \u2013 \u039c\u03b5\u03c4\u03b1\u03ba\u03af\u03bd\u03b7\u03c3\u03b7\u03c2 \u00a0 \u00a0 English version Technical report [&hellip;]","og_url":"https:\/\/www.kofinas.gr\/cs\/experimentalni-vyzkum\/technicka-zprava-ntua\/","og_site_name":"\u039a\u03bf\u03c6\u03b9\u03bd\u03ac\u03c2 \u03a0\u03c1\u03bf\u03ba\u03b1\u03c4\u03b1\u03c3\u03ba\u03b5\u03c5\u03b1\u03c3\u03bc\u03ad\u03bd\u03b1 \u03c3\u03c0\u03af\u03c4\u03b9\u03b1 - \u03a0\u03c1\u03bf\u03ba\u03ac\u03c4","article_publisher":"https:\/\/www.facebook.com\/kofinas.prokataskevasmena","article_modified_time":"2022-05-06T07:15:41+00:00","og_image":[{"width":800,"height":846,"url":"https:\/\/www.kofinas.gr\/wp-content\/uploads\/2020\/04\/report-kOFINAs.png","type":"image\/png"}],"twitter_card":"summary_large_image","twitter_site":"@kofinas_prokat","schema":{"@context":"https:\/\/schema.org","@graph":[{"@type":"WebPage","@id":"https:\/\/www.kofinas.gr\/ar\/%d8%a7%d9%84%d8%a8%d8%ad%d8%ab-%d8%a7%d9%84%d8%aa%d8%ac%d8%b1%d9%8a%d8%a8%d9%8a\/%d8%aa%d9%82%d8%b1%d9%8a%d8%b1-%d9%81%d9%86%d9%8a-%d9%85%d9%86-ntua\/","url":"https:\/\/www.kofinas.gr\/ar\/%d8%a7%d9%84%d8%a8%d8%ad%d8%ab-%d8%a7%d9%84%d8%aa%d8%ac%d8%b1%d9%8a%d8%a8%d9%8a\/%d8%aa%d9%82%d8%b1%d9%8a%d8%b1-%d9%81%d9%86%d9%8a-%d9%85%d9%86-ntua\/","name":"Technick\u00e1 zpr\u00e1va NTUA | Prefabrikovan\u00e9 domy Kofinas - Prefabrikovan\u00e9","isPartOf":{"@id":"https:\/\/www.kofinas.gr\/#website"},"primaryImageOfPage":{"@id":"https:\/\/www.kofinas.gr\/ar\/%d8%a7%d9%84%d8%a8%d8%ad%d8%ab-%d8%a7%d9%84%d8%aa%d8%ac%d8%b1%d9%8a%d8%a8%d9%8a\/%d8%aa%d9%82%d8%b1%d9%8a%d8%b1-%d9%81%d9%86%d9%8a-%d9%85%d9%86-ntua\/#primaryimage"},"image":{"@id":"https:\/\/www.kofinas.gr\/ar\/%d8%a7%d9%84%d8%a8%d8%ad%d8%ab-%d8%a7%d9%84%d8%aa%d8%ac%d8%b1%d9%8a%d8%a8%d9%8a\/%d8%aa%d9%82%d8%b1%d9%8a%d8%b1-%d9%81%d9%86%d9%8a-%d9%85%d9%86-ntua\/#primaryimage"},"thumbnailUrl":"https:\/\/www.kofinas.gr\/wp-content\/uploads\/2020\/04\/report-kOFINAs.png","datePublished":"2016-11-11T14:39:59+00:00","dateModified":"2022-05-06T07:15:41+00:00","breadcrumb":{"@id":"https:\/\/www.kofinas.gr\/ar\/%d8%a7%d9%84%d8%a8%d8%ad%d8%ab-%d8%a7%d9%84%d8%aa%d8%ac%d8%b1%d9%8a%d8%a8%d9%8a\/%d8%aa%d9%82%d8%b1%d9%8a%d8%b1-%d9%81%d9%86%d9%8a-%d9%85%d9%86-ntua\/#breadcrumb"},"inLanguage":"cs","potentialAction":[{"@type":"ReadAction","target":["https:\/\/www.kofinas.gr\/ar\/%d8%a7%d9%84%d8%a8%d8%ad%d8%ab-%d8%a7%d9%84%d8%aa%d8%ac%d8%b1%d9%8a%d8%a8%d9%8a\/%d8%aa%d9%82%d8%b1%d9%8a%d8%b1-%d9%81%d9%86%d9%8a-%d9%85%d9%86-ntua\/"]}]},{"@type":"ImageObject","inLanguage":"cs","@id":"https:\/\/www.kofinas.gr\/ar\/%d8%a7%d9%84%d8%a8%d8%ad%d8%ab-%d8%a7%d9%84%d8%aa%d8%ac%d8%b1%d9%8a%d8%a8%d9%8a\/%d8%aa%d9%82%d8%b1%d9%8a%d8%b1-%d9%81%d9%86%d9%8a-%d9%85%d9%86-ntua\/#primaryimage","url":"https:\/\/www.kofinas.gr\/wp-content\/uploads\/2020\/04\/report-kOFINAs.png","contentUrl":"https:\/\/www.kofinas.gr\/wp-content\/uploads\/2020\/04\/report-kOFINAs.png","width":800,"height":846,"caption":"Technical report Kofinas- prefabricated -eco-prefabricated"},{"@type":"BreadcrumbList","@id":"https:\/\/www.kofinas.gr\/ar\/%d8%a7%d9%84%d8%a8%d8%ad%d8%ab-%d8%a7%d9%84%d8%aa%d8%ac%d8%b1%d9%8a%d8%a8%d9%8a\/%d8%aa%d9%82%d8%b1%d9%8a%d8%b1-%d9%81%d9%86%d9%8a-%d9%85%d9%86-ntua\/#breadcrumb","itemListElement":[{"@type":"ListItem","position":1,"name":"Home","item":"https:\/\/www.kofinas.gr\/"},{"@type":"ListItem","position":2,"name":"Experiments and research","item":"https:\/\/www.kofinas.gr\/eng\/experimental-research\/"},{"@type":"ListItem","position":3,"name":"NTUA Technical Report"}]},{"@type":"WebSite","@id":"https:\/\/www.kofinas.gr\/#website","url":"https:\/\/www.kofinas.gr\/","name":"Kofinas Montovan\u00e9 domy - Montovan\u00e9","description":"Postav\u00edme v\u00e1\u0161 d\u016fm v \u0158ecku a kdekoli v Evrop\u011b!","publisher":{"@id":"https:\/\/www.kofinas.gr\/#organization"},"alternateName":"\u039a\u039f\u03a6\u0399\u039d\u0391\u03a3 \u03a0\u03c1\u03bf\u03ba\u03b1\u03c4\u03b1\u03c3\u03ba\u03b5\u03c5\u03b1\u03c3\u03bc\u03ad\u03bd\u03b1 \u03a3\u03c0\u03af\u03c4\u03b9\u03b1 \u03ba\u03b1\u03b9 \u03a4\u03bf\u03c5\u03c1\u03b9\u03c3\u03c4\u03b9\u03ba\u03ac \u039a\u03b1\u03c4\u03b1\u03bb\u03cd\u03bc\u03b1\u03c4\u03b1","potentialAction":[{"@type":"SearchAction","target":{"@type":"EntryPoint","urlTemplate":"https:\/\/www.kofinas.gr\/?s={search_term_string}"},"query-input":{"@type":"PropertyValueSpecification","valueRequired":true,"valueName":"search_term_string"}}],"inLanguage":"cs"},{"@type":"Organization","@id":"https:\/\/www.kofinas.gr\/#organization","name":"Kofinas SA","alternateName":"Construction Company that constuct Prefabricated houses","url":"https:\/\/www.kofinas.gr\/","logo":{"@type":"ImageObject","inLanguage":"cs","@id":"https:\/\/www.kofinas.gr\/#\/schema\/logo\/image\/","url":"https:\/\/www.kofinas.gr\/wp-content\/uploads\/2025\/03\/360new-logo-25.gif","contentUrl":"https:\/\/www.kofinas.gr\/wp-content\/uploads\/2025\/03\/360new-logo-25.gif","width":230,"height":70,"caption":"Kofinas SA"},"image":{"@id":"https:\/\/www.kofinas.gr\/#\/schema\/logo\/image\/"},"sameAs":["https:\/\/www.facebook.com\/kofinas.prokataskevasmena","https:\/\/x.com\/kofinas_prokat","https:\/\/www.linkedin.com\/company\/kofinas-sa","https:\/\/www.instagram.com\/kofinasprefab\/","https:\/\/www.youtube.com\/channel\/UCEAifY31SuyQHHz_I3P4IVg"],"description":"KOFINAS SA \u2013 Prefabrikovan\u00e9 domy Zalo\u017eeno Odkaz a inovace Spole\u010dnost KOFINAS SA, zalo\u017een\u00e1 v roce 1977, se rozrostla v jednu z p\u0159edn\u00edch \u0159eck\u00fdch firem v sektoru prefabrikovan\u00fdch dom\u016f. Jej\u00ed filozofie zd\u016fraz\u0148uje neust\u00e1l\u00e9 inovace \u2013 jejich c\u00edlem nen\u00ed stav\u011bt v\u00edce dom\u016f, ale stav\u011bt lep\u0161\u00ed domy Pevnost a certifikace Unik\u00e1tn\u00ed konstruk\u010dn\u00ed syst\u00e9m spole\u010dnosti pro\u0161el p\u0159\u00edsn\u00fdmi experiment\u00e1ln\u00edmi testy na N\u00e1rodn\u00ed technick\u00e9 univerzit\u011b v At\u00e9n\u00e1ch, kter\u00e9 prok\u00e1zaly jeho odolnost daleko za hranicemi p\u0159irozen\u00e9 \u017eivotnosti. Inovace zaveden\u00e9 spole\u010dnost\u00ed KOFINAS jsou mezin\u00e1rodn\u011b uzn\u00e1van\u00e9 a certifikovan\u00e9. Udr\u017eitelnost a ekologick\u00e1 v\u00fdstavba Spole\u010dnost KOFINAS pou\u017e\u00edv\u00e1 jako prim\u00e1rn\u00ed stavebn\u00ed materi\u00e1l \u0161v\u00e9dsk\u00e9 a finsk\u00e9 d\u0159evo, \u010d\u00edm\u017e dosahuje pozoruhodn\u011b n\u00edzk\u00e9 uhl\u00edkov\u00e9 stopy: nahrazen\u00ed konven\u010dn\u00edch materi\u00e1l\u016f d\u0159evem sni\u017euje emise oxidu uhli\u010dit\u00e9ho o 1,1 tuny na metr krychlov\u00fd. Ve spolupr\u00e1ci se seversk\u00fdmi pilami se na ka\u017ed\u00fd pok\u00e1cen\u00fd strom vysad\u00ed t\u0159i a\u017e p\u011bt nov\u00fdch strom\u016f, co\u017e m\u00e1 za n\u00e1sledek negativn\u00ed uhl\u00edkovou stopu. Jejich domy se nav\u00edc vyzna\u010duj\u00ed bioklimatick\u00fdm designem a dosahuj\u00ed sn\u00ed\u017een\u00ed spot\u0159eby energie o 75%\u201380% ve srovn\u00e1n\u00ed s konven\u010dn\u00edmi budovami \u2013 co\u017e jim \u010dasto vyn\u00e1\u0161\u00ed certifik\u00e1ty energetick\u00e9 \u00fa\u010dinnosti A. Pokro\u010dil\u00e1 v\u00fdrobn\u00ed za\u0159\u00edzen\u00ed Spole\u010dnost KOFINAS provozuje modern\u00ed tov\u00e1rnu postavenou podle evropsk\u00fdch standard\u016f s certifikac\u00ed ISO 14001, co\u017e zaji\u0161\u0165uje \u0161pi\u010dkovou kvalitu a environment\u00e1ln\u00ed management p\u0159i v\u00fdrob\u011b prefabrikovan\u00fdch dom\u016f. \u0160irok\u00e1 \u0161k\u00e1la zak\u00e1zkov\u00fdch n\u00e1vrh\u016f Jejich katalog zahrnuje jedno-, dvou- a t\u0159\u00edpatrov\u00e9 domy, p\u0159\u00edzemn\u00ed jednotky s podkrov\u00edm, pasivn\u00ed domy a turistick\u00e9 ubytov\u00e1n\u00ed. Nab\u00edzej\u00ed tak\u00e9 \u0159adu \u201eFlexyHome\u201c a finsk\u00e9 sruby Finnlamelli, kter\u00e9 poskytuj\u00ed v\u0161estrannost pro spln\u011bn\u00ed rozmanit\u00fdch estetick\u00fdch a funk\u010dn\u00edch pot\u0159eb. Zku\u0161en\u00fd t\u00fdm a celost\u00e1tn\u00ed s\u00ed\u0165 Spole\u010dnost KOFINAS se py\u0161n\u00ed zku\u0161en\u00fdm multidisciplin\u00e1rn\u00edm t\u00fdmem \u2013 v\u010detn\u011b stavebn\u00edch a architektonick\u00fdch in\u017een\u00fdr\u016f \u2013 kte\u0159\u00ed dohl\u00ed\u017eej\u00ed na n\u00e1vrh, vy\u0159izov\u00e1n\u00ed povolen\u00ed a realizaci projekt\u016f s \u00fasp\u011b\u0161nost\u00ed 100%. Spole\u010dnost si vybudovala robustn\u00ed prodejn\u00ed a distribu\u010dn\u00ed s\u00ed\u0165.","email":"info@kofinas.gr","telephone":"00302106081307","legalName":"KOFINAS SA","foundingDate":"1977-03-07","vatID":"EL081136701","duns":"503265836","numberOfEmployees":{"@type":"QuantitativeValue","minValue":"11","maxValue":"50"},"publishingPrinciples":"https:\/\/www.kofinas.gr\/%cf%80%ce%bf%ce%bb%ce%b9%cf%84%ce%b9%ce%ba%ce%ae-%ce%b5%cf%84%ce%b1%ce%b9%cf%81%ce%af%ce%b1%cf%82-%ce%ba%ce%bf%cf%86%ce%b9%ce%bd%ce%b1%cf%83-%ce%b1%ce%b5\/","ownershipFundingInfo":"https:\/\/www.kofinas.gr\/%ce%b5%cf%84%ce%b1%ce%b9%cf%81%ce%af%ce%b1\/","actionableFeedbackPolicy":"https:\/\/www.kofinas.gr\/prosopika-dedomena\/"}]}},"_links":{"self":[{"href":"https:\/\/www.kofinas.gr\/cs\/wp-json\/wp\/v2\/pages\/8592","targetHints":{"allow":["GET"]}}],"collection":[{"href":"https:\/\/www.kofinas.gr\/cs\/wp-json\/wp\/v2\/pages"}],"about":[{"href":"https:\/\/www.kofinas.gr\/cs\/wp-json\/wp\/v2\/types\/page"}],"author":[{"embeddable":true,"href":"https:\/\/www.kofinas.gr\/cs\/wp-json\/wp\/v2\/users\/3"}],"replies":[{"embeddable":true,"href":"https:\/\/www.kofinas.gr\/cs\/wp-json\/wp\/v2\/comments?post=8592"}],"version-history":[{"count":0,"href":"https:\/\/www.kofinas.gr\/cs\/wp-json\/wp\/v2\/pages\/8592\/revisions"}],"up":[{"embeddable":true,"href":"https:\/\/www.kofinas.gr\/cs\/wp-json\/wp\/v2\/pages\/8605"}],"wp:featuredmedia":[{"embeddable":true,"href":"https:\/\/www.kofinas.gr\/cs\/wp-json\/wp\/v2\/media\/19902"}],"wp:attachment":[{"href":"https:\/\/www.kofinas.gr\/cs\/wp-json\/wp\/v2\/media?parent=8592"}],"curies":[{"name":"wp","href":"https:\/\/api.w.org\/{rel}","templated":true}]}}