{"id":8588,"date":"2016-11-11T16:19:44","date_gmt":"2016-11-11T14:19:44","guid":{"rendered":"http:\/\/neo.kofinas.gr\/en\/?page_id=8588"},"modified":"2020-04-22T08:20:54","modified_gmt":"2020-04-22T06:20:54","slug":"vyzkum-ntua-z-roku-2012","status":"publish","type":"page","link":"https:\/\/www.kofinas.gr\/cs\/experimentalni-vyzkum\/vyzkum-ntua-z-roku-2012\/","title":{"rendered":"Experiment NTUA 2012"},"content":{"rendered":"<h3>V\u00fdzkum aplikace metody v\u00fdstavby montovan\u00fdch dom\u016f KOFINAS pro budovy s v\u00edce ne\u017e t\u0159emi podla\u017e\u00edmi<\/h3>\n<h4>Studie byla financov\u00e1na z GSRT a realizov\u00e1na z <strong>NTUA v roce 2012<\/strong>.<\/h4>\n<p class=\"kf-justify\"><strong>\u010cty\u0159patrov\u00e1 budova<\/strong> postaven\u00fd pomoc\u00ed konstruk\u010dn\u00edho syst\u00e9mu spole\u010dnosti \u201eKofinas \u2013 Montovan\u00e9 domy\u201c byl studov\u00e1n v\u011bdeck\u00fdm t\u00fdmem, kter\u00fd se skl\u00e1dal z:<\/p>\n<ul>\n<li><strong>Dr. H. Mouzakis, projektov\u00fd mana\u017eer NTUA<\/strong><\/li>\n<li><strong>Dr. L. Karapitta, v\u00fdzkumn\u00edk NTUA<\/strong><\/li>\n<li><strong>Dr. V.K. Ntertimanis, v\u00fdzkumn\u00edk NTUA<\/strong><\/li>\n<\/ul>\n<p class=\"kf-justify\">s c\u00edlem roz\u0161\u00ed\u0159it p\u016fsoben\u00ed montovan\u00fdch d\u0159evostaveb spole\u010dnosti KOFINAS na v\u00edcepodla\u017en\u00ed stavby a poskytnout spole\u010dnosti dal\u0161\u00ed poznatky pro zv\u00fd\u0161en\u00ed jej\u00ed konkurenceschopnosti ve stavebnictv\u00ed.<\/p>\n<h4 class=\"kf-underline\">Technick\u00e1 zpr\u00e1va v\u011bdc\u016f NTUA mimo jin\u00e9 zmi\u0148uje n\u00e1sleduj\u00edc\u00ed:<\/h4>\n<p><img decoding=\"async\" class=\"uk-width-1-4 alignleft\" src=\"\/wp-content\/uploads\/kofinas\/ntua-experiments\/emp-technical-report-2012.jpg\" alt=\"Technick\u00e1 zpr\u00e1va v\u011bdc\u016f NTUA\"><\/p>\n<dl class=\"uk-description-list uk-description-list-line uk-width-3-4 kf-justify\">\n<dt>\n<h5 class=\"kf-underline\">V\u00fdhody pro \u00fa\u010dastn\u00edky<\/h5>\n<\/dt>\n<dd>\u00da\u010dastn\u00edci budou rozv\u00edjet nov\u00e9 v\u011bdeck\u00e9 poznatky. Konkr\u00e9tn\u011b se o\u010dek\u00e1v\u00e1, \u017ee spole\u010dnost KOFINAS vyu\u017eije v\u00fdsledky studie pro modern\u00ed, vysoce konkurenceschopnou v\u00fdrobu.<\/dd>\n<dt>\n<h5 class=\"kf-underline\">V\u00fdhody pro spole\u010dnost<\/h5>\n<\/dt>\n<dd>O\u010dek\u00e1v\u00e1 se, \u017ee kone\u010dn\u00fd produkt bude pozitivn\u00edm krokem ke spln\u011bn\u00ed <strong>filozofie zelen\u00e9ho designu<\/strong>. N\u00e1klady na v\u00fdslednou stavbu budou vysoce konkurenceschopn\u00e9, dostupn\u00e9 a atraktivn\u00ed pro spole\u010dnost, se z\u0159ejm\u00fdmi ekonomick\u00fdmi a ekologick\u00fdmi v\u00fdhodami. Krom\u011b toho navrhovan\u00e1 stavba pom\u016f\u017ee sn\u00ed\u017eit myln\u00e9 p\u0159edstavy o d\u0159ev\u011bn\u00fdch montovan\u00fdch domech a vzhledem k omezen\u00e9mu sou\u010dasn\u00e9mu trhu m\u016f\u017ee v\u00e9st k expanzi, nab\u00eddce nov\u00fdch pracovn\u00edch m\u00edst a zv\u00fd\u0161en\u00ed konkurence ve prosp\u011bch spot\u0159ebitele.<\/dd>\n<\/dl>\n<p class=\"kf-justify\">Tento n\u00e1vrh m\u00e1 za c\u00edl st\u00e1t se <strong>prvn\u00ed holistick\u00fd v\u00fdzkum v \u0158ecku<\/strong>, kter\u00e1 bude studovat d\u0159ev\u011bn\u00e9 montovan\u00e9 stavby s p\u0159ihl\u00e9dnut\u00edm k m\u00edstn\u00edm podm\u00ednk\u00e1m prost\u0159ed\u00ed a seismick\u00fdm vliv\u016fm.<\/p>\n<p class=\"kf-justify\">Z\u00edskan\u00e9 v\u00fdsledky poskytnou spole\u010dnosti KOFINAS v\u0161echny pot\u0159ebn\u00e9 znalosti a odpov\u00eddaj\u00edc\u00ed n\u00e1stroje k posunu d\u00e1le...<\/p>\n<div class=\"uk-grid\">\n      <img decoding=\"async\" class=\"uk-width-1-2 uk-container-center uk-text-center uk-margin-top\" src=\"\/wp-content\/uploads\/kofinas\/ntua-experiments\/gget.jpg\" alt=\"V\u00fdzkum financovan\u00fd GSRT\"><\/div>\n<div class=\"uk-grid\">\n      <img decoding=\"async\" class=\"uk-width-1-2 uk-container-center uk-text-center uk-margin-top\" src=\"\/wp-content\/uploads\/kofinas\/ntua-experiments\/espa.png\" alt=\"ESPA 2007\u20132013\"><\/div>","protected":false},"excerpt":{"rendered":"<p>V\u00fdzkum aplikace metody v\u00fdstavby montovan\u00fdch dom\u016f KOFINAS pro budovy s v\u00edce ne\u017e t\u0159emi podla\u017e\u00edmi Studie byla financov\u00e1na z GSRT a realizov\u00e1na z NTUA v roce 2012. Byla studov\u00e1na \u010dty\u0159podla\u017en\u00ed budova postaven\u00e1 na konstruk\u010dn\u00edm syst\u00e9mu spole\u010dnosti \u201eKofinas \u2013 Montovan\u00e9 domy\u201c. z v\u011bdeck\u00e9ho t\u00fdmu, kter\u00fd se skl\u00e1dal z: Dr. H. Mouzakis, [...]<\/p>","protected":false},"author":3,"featured_media":19897,"parent":8605,"menu_order":0,"comment_status":"closed","ping_status":"closed","template":"","meta":{"_acf_changed":false,"footnotes":""},"class_list":["post-8588","page","type-page","status-publish","has-post-thumbnail","hentry"],"acf":[],"yoast_head":"<!-- This site is optimized with the Yoast SEO Premium plugin v26.6 (Yoast SEO v26.6) - https:\/\/yoast.com\/wordpress\/plugins\/seo\/ -->\n<title>2012 NTUA Experiment | \u039a\u03bf\u03c6\u03b9\u03bd\u03ac\u03c2 \u03a0\u03c1\u03bf\u03ba\u03b1\u03c4\u03b1\u03c3\u03ba\u03b5\u03c5\u03b1\u03c3\u03bc\u03ad\u03bd\u03b1 \u03c3\u03c0\u03af\u03c4\u03b9\u03b1 - \u03a0\u03c1\u03bf\u03ba\u03ac\u03c4<\/title>\n<meta name=\"robots\" content=\"index, follow, max-snippet:-1, max-image-preview:large, max-video-preview:-1\" \/>\n<link rel=\"canonical\" href=\"https:\/\/www.kofinas.gr\/cs\/experimentalni-vyzkum\/vyzkum-ntua-z-roku-2012\/\" \/>\n<meta property=\"og:locale\" content=\"cs_CZ\" \/>\n<meta property=\"og:type\" content=\"article\" \/>\n<meta property=\"og:title\" content=\"2012 NTUA Experiment\" \/>\n<meta property=\"og:description\" content=\"Research of application of KOFINAS prefabricated houses construction method for buildings with more than three floors The study was funded from the G.S.R.T. and realized from the N.T.U.A. in 2012. A four-story building constructed utilizing the &#8220;Kofinas &#8211; Prefabricated Houses&#8221; company construction system was studied from a scientific team which consisted of: Dr. H. Mouzakis, [&hellip;]\" \/>\n<meta property=\"og:url\" content=\"https:\/\/www.kofinas.gr\/cs\/experimentalni-vyzkum\/vyzkum-ntua-z-roku-2012\/\" \/>\n<meta property=\"og:site_name\" content=\"\u039a\u03bf\u03c6\u03b9\u03bd\u03ac\u03c2 \u03a0\u03c1\u03bf\u03ba\u03b1\u03c4\u03b1\u03c3\u03ba\u03b5\u03c5\u03b1\u03c3\u03bc\u03ad\u03bd\u03b1 \u03c3\u03c0\u03af\u03c4\u03b9\u03b1 - \u03a0\u03c1\u03bf\u03ba\u03ac\u03c4\" \/>\n<meta property=\"article:publisher\" content=\"https:\/\/www.facebook.com\/kofinas.prokataskevasmena\" \/>\n<meta property=\"article:modified_time\" content=\"2020-04-22T06:20:54+00:00\" \/>\n<meta property=\"og:image\" content=\"https:\/\/www.kofinas.gr\/wp-content\/uploads\/2020\/04\/KOFINAS-emp-technical-report-2012-2.jpg\" \/>\n\t<meta property=\"og:image:width\" content=\"374\" \/>\n\t<meta property=\"og:image:height\" content=\"320\" \/>\n\t<meta property=\"og:image:type\" content=\"image\/jpeg\" \/>\n<meta name=\"twitter:card\" content=\"summary_large_image\" \/>\n<meta name=\"twitter:site\" content=\"@kofinas_prokat\" \/>\n<meta name=\"twitter:label1\" content=\"Odhadovan\u00e1 doba \u010dten\u00ed\" \/>\n\t<meta name=\"twitter:data1\" content=\"1 minuta\" \/>\n<script type=\"application\/ld+json\" class=\"yoast-schema-graph\">{\"@context\":\"https:\/\/schema.org\",\"@graph\":[{\"@type\":\"WebPage\",\"@id\":\"https:\/\/www.kofinas.gr\/he\/%d7%9e%d7%97%d7%a7%d7%a8-%d7%a0%d7%99%d7%a1%d7%99%d7%95%d7%a0%d7%99\/%d7%9e%d7%97%d7%a7%d7%a8-ntua-2012\/\",\"url\":\"https:\/\/www.kofinas.gr\/he\/%d7%9e%d7%97%d7%a7%d7%a8-%d7%a0%d7%99%d7%a1%d7%99%d7%95%d7%a0%d7%99\/%d7%9e%d7%97%d7%a7%d7%a8-ntua-2012\/\",\"name\":\"2012 NTUA Experiment | \u039a\u03bf\u03c6\u03b9\u03bd\u03ac\u03c2 \u03a0\u03c1\u03bf\u03ba\u03b1\u03c4\u03b1\u03c3\u03ba\u03b5\u03c5\u03b1\u03c3\u03bc\u03ad\u03bd\u03b1 \u03c3\u03c0\u03af\u03c4\u03b9\u03b1 - \u03a0\u03c1\u03bf\u03ba\u03ac\u03c4\",\"isPartOf\":{\"@id\":\"https:\/\/www.kofinas.gr\/#website\"},\"primaryImageOfPage\":{\"@id\":\"https:\/\/www.kofinas.gr\/he\/%d7%9e%d7%97%d7%a7%d7%a8-%d7%a0%d7%99%d7%a1%d7%99%d7%95%d7%a0%d7%99\/%d7%9e%d7%97%d7%a7%d7%a8-ntua-2012\/#primaryimage\"},\"image\":{\"@id\":\"https:\/\/www.kofinas.gr\/he\/%d7%9e%d7%97%d7%a7%d7%a8-%d7%a0%d7%99%d7%a1%d7%99%d7%95%d7%a0%d7%99\/%d7%9e%d7%97%d7%a7%d7%a8-ntua-2012\/#primaryimage\"},\"thumbnailUrl\":\"https:\/\/www.kofinas.gr\/wp-content\/uploads\/2020\/04\/KOFINAS-emp-technical-report-2012-2.jpg\",\"datePublished\":\"2016-11-11T14:19:44+00:00\",\"dateModified\":\"2020-04-22T06:20:54+00:00\",\"breadcrumb\":{\"@id\":\"https:\/\/www.kofinas.gr\/he\/%d7%9e%d7%97%d7%a7%d7%a8-%d7%a0%d7%99%d7%a1%d7%99%d7%95%d7%a0%d7%99\/%d7%9e%d7%97%d7%a7%d7%a8-ntua-2012\/#breadcrumb\"},\"inLanguage\":\"cs\",\"potentialAction\":[{\"@type\":\"ReadAction\",\"target\":[\"https:\/\/www.kofinas.gr\/he\/%d7%9e%d7%97%d7%a7%d7%a8-%d7%a0%d7%99%d7%a1%d7%99%d7%95%d7%a0%d7%99\/%d7%9e%d7%97%d7%a7%d7%a8-ntua-2012\/\"]}]},{\"@type\":\"ImageObject\",\"inLanguage\":\"cs\",\"@id\":\"https:\/\/www.kofinas.gr\/he\/%d7%9e%d7%97%d7%a7%d7%a8-%d7%a0%d7%99%d7%a1%d7%99%d7%95%d7%a0%d7%99\/%d7%9e%d7%97%d7%a7%d7%a8-ntua-2012\/#primaryimage\",\"url\":\"https:\/\/www.kofinas.gr\/wp-content\/uploads\/2020\/04\/KOFINAS-emp-technical-report-2012-2.jpg\",\"contentUrl\":\"https:\/\/www.kofinas.gr\/wp-content\/uploads\/2020\/04\/KOFINAS-emp-technical-report-2012-2.jpg\",\"width\":374,\"height\":320,\"caption\":\"prefabricated houses-bone green building durability -experiment\"},{\"@type\":\"BreadcrumbList\",\"@id\":\"https:\/\/www.kofinas.gr\/he\/%d7%9e%d7%97%d7%a7%d7%a8-%d7%a0%d7%99%d7%a1%d7%99%d7%95%d7%a0%d7%99\/%d7%9e%d7%97%d7%a7%d7%a8-ntua-2012\/#breadcrumb\",\"itemListElement\":[{\"@type\":\"ListItem\",\"position\":1,\"name\":\"Home\",\"item\":\"https:\/\/www.kofinas.gr\/\"},{\"@type\":\"ListItem\",\"position\":2,\"name\":\"Experiments and research\",\"item\":\"https:\/\/www.kofinas.gr\/eng\/experimental-research\/\"},{\"@type\":\"ListItem\",\"position\":3,\"name\":\"2012 NTUA Experiment\"}]},{\"@type\":\"WebSite\",\"@id\":\"https:\/\/www.kofinas.gr\/#website\",\"url\":\"https:\/\/www.kofinas.gr\/\",\"name\":\"\u039a\u03bf\u03c6\u03b9\u03bd\u03ac\u03c2 \u03a0\u03c1\u03bf\u03ba\u03b1\u03c4\u03b1\u03c3\u03ba\u03b5\u03c5\u03b1\u03c3\u03bc\u03ad\u03bd\u03b1 \u03c3\u03c0\u03af\u03c4\u03b9\u03b1 - \u03a0\u03c1\u03bf\u03ba\u03ac\u03c4\",\"description\":\"\u039a\u03b1\u03c4\u03b1\u03c3\u03ba\u03b5\u03c5\u03ac\u03b6\u03bf\u03c5\u03bc\u03b5 \u03c4\u03bf \u03c3\u03c0\u03af\u03c4\u03b9 \u03c3\u03b1\u03c2 \u03c3\u03c4\u03b7\u03bd \u03b5\u03bb\u03bb\u03ac\u03b4\u03b1 \u03ba\u03b1\u03b9 \u03bf\u03c0\u03bf\u03c5\u03b4\u03ae\u03c0\u03bf\u03c4\u03b5 \u03c3\u03c4\u03b7\u03bd \u0395\u03c5\u03c1\u03ce\u03c0\u03b7!\",\"publisher\":{\"@id\":\"https:\/\/www.kofinas.gr\/#organization\"},\"alternateName\":\"\u039a\u039f\u03a6\u0399\u039d\u0391\u03a3 \u03a0\u03c1\u03bf\u03ba\u03b1\u03c4\u03b1\u03c3\u03ba\u03b5\u03c5\u03b1\u03c3\u03bc\u03ad\u03bd\u03b1 \u03a3\u03c0\u03af\u03c4\u03b9\u03b1 \u03ba\u03b1\u03b9 \u03a4\u03bf\u03c5\u03c1\u03b9\u03c3\u03c4\u03b9\u03ba\u03ac \u039a\u03b1\u03c4\u03b1\u03bb\u03cd\u03bc\u03b1\u03c4\u03b1\",\"potentialAction\":[{\"@type\":\"SearchAction\",\"target\":{\"@type\":\"EntryPoint\",\"urlTemplate\":\"https:\/\/www.kofinas.gr\/?s={search_term_string}\"},\"query-input\":{\"@type\":\"PropertyValueSpecification\",\"valueRequired\":true,\"valueName\":\"search_term_string\"}}],\"inLanguage\":\"cs\"},{\"@type\":\"Organization\",\"@id\":\"https:\/\/www.kofinas.gr\/#organization\",\"name\":\"Kofinas SA\",\"alternateName\":\"Construction Company that constuct Prefabricated houses\",\"url\":\"https:\/\/www.kofinas.gr\/\",\"logo\":{\"@type\":\"ImageObject\",\"inLanguage\":\"cs\",\"@id\":\"https:\/\/www.kofinas.gr\/#\/schema\/logo\/image\/\",\"url\":\"https:\/\/www.kofinas.gr\/wp-content\/uploads\/2025\/03\/360new-logo-25.gif\",\"contentUrl\":\"https:\/\/www.kofinas.gr\/wp-content\/uploads\/2025\/03\/360new-logo-25.gif\",\"width\":230,\"height\":70,\"caption\":\"Kofinas SA\"},\"image\":{\"@id\":\"https:\/\/www.kofinas.gr\/#\/schema\/logo\/image\/\"},\"sameAs\":[\"https:\/\/www.facebook.com\/kofinas.prokataskevasmena\",\"https:\/\/x.com\/kofinas_prokat\",\"https:\/\/www.linkedin.com\/company\/kofinas-sa\",\"https:\/\/www.instagram.com\/kofinasprefab\/\",\"https:\/\/www.youtube.com\/channel\/UCEAifY31SuyQHHz_I3P4IVg\"],\"description\":\"KOFINAS SA \u2013 Prefabricated Homes Founded Legacy & Innovation Established in 1977, KOFINAS SA has grown into one of Greece\u2019s leading firms in the prefabricated housing sector. Their philosophy underscores continuous innovation\u2014they don't aim to build more homes, but to build better homes Strength & Certification The company's unique construction system has undergone rigorous experimental testing at the National Technical University of Athens, proving its durability well beyond natural endurance limits. Innovations introduced by KOFINAS are internationally recognized and certified. Sustainability & Eco Friendly Building KOFINAS uses Swedish and Finnish timber as its primary construction material, achieving a notably low carbon footprint: replacing conventional materials with wood reduces carbon dioxide emissions by 1.1 tons per cubic meter. In collaboration with Nordic sawmills, for every tree harvested, three to five new trees are planted, resulting in a negative carbon footprint. Additionally, their homes feature bioclimatic design and achieve energy consumption reductions of 75%\u201380% compared to conventional buildings\u2014often earning them energy efficiency A certificates. Advanced Production Facilities KOFINAS operates a modern factory, built to European standards, with ISO 14001 certification\u2014ensuring top-tier quality and environmental management in prefabricated housing production. Wide Range of Custom Designs Their catalog includes single , two , and three story homes, ground floor units with lofts, passive houses, and tourist accommodations. They also offer the \u201cFlexyHome\u201d series and Finnlamelli Finnish log houses, providing versatility to meet diverse aesthetic and functional needs. Experienced Team & Nationwide Network KOFINAS boasts a skilled, multidisciplinary team\u2014including civil and architectural engineers\u2014who oversee design, permit processing, and project implementation with a 100% success rate. The company has built a robust sales and distribution network\",\"email\":\"info@kofinas.gr\",\"telephone\":\"00302106081307\",\"legalName\":\"KOFINAS SA\",\"foundingDate\":\"1977-03-07\",\"vatID\":\"EL081136701\",\"duns\":\"503265836\",\"numberOfEmployees\":{\"@type\":\"QuantitativeValue\",\"minValue\":\"11\",\"maxValue\":\"50\"},\"publishingPrinciples\":\"https:\/\/www.kofinas.gr\/%cf%80%ce%bf%ce%bb%ce%b9%cf%84%ce%b9%ce%ba%ce%ae-%ce%b5%cf%84%ce%b1%ce%b9%cf%81%ce%af%ce%b1%cf%82-%ce%ba%ce%bf%cf%86%ce%b9%ce%bd%ce%b1%cf%83-%ce%b1%ce%b5\/\",\"ownershipFundingInfo\":\"https:\/\/www.kofinas.gr\/%ce%b5%cf%84%ce%b1%ce%b9%cf%81%ce%af%ce%b1\/\",\"actionableFeedbackPolicy\":\"https:\/\/www.kofinas.gr\/prosopika-dedomena\/\"}]}<\/script>\n<!-- \/ Yoast SEO Premium plugin. -->","yoast_head_json":{"title":"Experiment NTUA 2012 | Prefabrikovan\u00e9 domy Kofinas - Prefabrikovan\u00e9 domy","robots":{"index":"index","follow":"follow","max-snippet":"max-snippet:-1","max-image-preview":"max-image-preview:large","max-video-preview":"max-video-preview:-1"},"canonical":"https:\/\/www.kofinas.gr\/cs\/experimentalni-vyzkum\/vyzkum-ntua-z-roku-2012\/","og_locale":"cs_CZ","og_type":"article","og_title":"2012 NTUA Experiment","og_description":"Research of application of KOFINAS prefabricated houses construction method for buildings with more than three floors The study was funded from the G.S.R.T. and realized from the N.T.U.A. in 2012. A four-story building constructed utilizing the &#8220;Kofinas &#8211; Prefabricated Houses&#8221; company construction system was studied from a scientific team which consisted of: Dr. H. Mouzakis, [&hellip;]","og_url":"https:\/\/www.kofinas.gr\/cs\/experimentalni-vyzkum\/vyzkum-ntua-z-roku-2012\/","og_site_name":"\u039a\u03bf\u03c6\u03b9\u03bd\u03ac\u03c2 \u03a0\u03c1\u03bf\u03ba\u03b1\u03c4\u03b1\u03c3\u03ba\u03b5\u03c5\u03b1\u03c3\u03bc\u03ad\u03bd\u03b1 \u03c3\u03c0\u03af\u03c4\u03b9\u03b1 - \u03a0\u03c1\u03bf\u03ba\u03ac\u03c4","article_publisher":"https:\/\/www.facebook.com\/kofinas.prokataskevasmena","article_modified_time":"2020-04-22T06:20:54+00:00","og_image":[{"width":374,"height":320,"url":"https:\/\/www.kofinas.gr\/wp-content\/uploads\/2020\/04\/KOFINAS-emp-technical-report-2012-2.jpg","type":"image\/jpeg"}],"twitter_card":"summary_large_image","twitter_site":"@kofinas_prokat","twitter_misc":{"Odhadovan\u00e1 doba \u010dten\u00ed":"1 minuta"},"schema":{"@context":"https:\/\/schema.org","@graph":[{"@type":"WebPage","@id":"https:\/\/www.kofinas.gr\/he\/%d7%9e%d7%97%d7%a7%d7%a8-%d7%a0%d7%99%d7%a1%d7%99%d7%95%d7%a0%d7%99\/%d7%9e%d7%97%d7%a7%d7%a8-ntua-2012\/","url":"https:\/\/www.kofinas.gr\/he\/%d7%9e%d7%97%d7%a7%d7%a8-%d7%a0%d7%99%d7%a1%d7%99%d7%95%d7%a0%d7%99\/%d7%9e%d7%97%d7%a7%d7%a8-ntua-2012\/","name":"Experiment NTUA 2012 | Prefabrikovan\u00e9 domy Kofinas - Prefabrikovan\u00e9 domy","isPartOf":{"@id":"https:\/\/www.kofinas.gr\/#website"},"primaryImageOfPage":{"@id":"https:\/\/www.kofinas.gr\/he\/%d7%9e%d7%97%d7%a7%d7%a8-%d7%a0%d7%99%d7%a1%d7%99%d7%95%d7%a0%d7%99\/%d7%9e%d7%97%d7%a7%d7%a8-ntua-2012\/#primaryimage"},"image":{"@id":"https:\/\/www.kofinas.gr\/he\/%d7%9e%d7%97%d7%a7%d7%a8-%d7%a0%d7%99%d7%a1%d7%99%d7%95%d7%a0%d7%99\/%d7%9e%d7%97%d7%a7%d7%a8-ntua-2012\/#primaryimage"},"thumbnailUrl":"https:\/\/www.kofinas.gr\/wp-content\/uploads\/2020\/04\/KOFINAS-emp-technical-report-2012-2.jpg","datePublished":"2016-11-11T14:19:44+00:00","dateModified":"2020-04-22T06:20:54+00:00","breadcrumb":{"@id":"https:\/\/www.kofinas.gr\/he\/%d7%9e%d7%97%d7%a7%d7%a8-%d7%a0%d7%99%d7%a1%d7%99%d7%95%d7%a0%d7%99\/%d7%9e%d7%97%d7%a7%d7%a8-ntua-2012\/#breadcrumb"},"inLanguage":"cs","potentialAction":[{"@type":"ReadAction","target":["https:\/\/www.kofinas.gr\/he\/%d7%9e%d7%97%d7%a7%d7%a8-%d7%a0%d7%99%d7%a1%d7%99%d7%95%d7%a0%d7%99\/%d7%9e%d7%97%d7%a7%d7%a8-ntua-2012\/"]}]},{"@type":"ImageObject","inLanguage":"cs","@id":"https:\/\/www.kofinas.gr\/he\/%d7%9e%d7%97%d7%a7%d7%a8-%d7%a0%d7%99%d7%a1%d7%99%d7%95%d7%a0%d7%99\/%d7%9e%d7%97%d7%a7%d7%a8-ntua-2012\/#primaryimage","url":"https:\/\/www.kofinas.gr\/wp-content\/uploads\/2020\/04\/KOFINAS-emp-technical-report-2012-2.jpg","contentUrl":"https:\/\/www.kofinas.gr\/wp-content\/uploads\/2020\/04\/KOFINAS-emp-technical-report-2012-2.jpg","width":374,"height":320,"caption":"prefabricated houses-bone green building durability -experiment"},{"@type":"BreadcrumbList","@id":"https:\/\/www.kofinas.gr\/he\/%d7%9e%d7%97%d7%a7%d7%a8-%d7%a0%d7%99%d7%a1%d7%99%d7%95%d7%a0%d7%99\/%d7%9e%d7%97%d7%a7%d7%a8-ntua-2012\/#breadcrumb","itemListElement":[{"@type":"ListItem","position":1,"name":"Home","item":"https:\/\/www.kofinas.gr\/"},{"@type":"ListItem","position":2,"name":"Experiments and research","item":"https:\/\/www.kofinas.gr\/eng\/experimental-research\/"},{"@type":"ListItem","position":3,"name":"2012 NTUA Experiment"}]},{"@type":"WebSite","@id":"https:\/\/www.kofinas.gr\/#website","url":"https:\/\/www.kofinas.gr\/","name":"Kofinas Montovan\u00e9 domy - Montovan\u00e9","description":"Postav\u00edme v\u00e1\u0161 d\u016fm v \u0158ecku a kdekoli v Evrop\u011b!","publisher":{"@id":"https:\/\/www.kofinas.gr\/#organization"},"alternateName":"\u039a\u039f\u03a6\u0399\u039d\u0391\u03a3 \u03a0\u03c1\u03bf\u03ba\u03b1\u03c4\u03b1\u03c3\u03ba\u03b5\u03c5\u03b1\u03c3\u03bc\u03ad\u03bd\u03b1 \u03a3\u03c0\u03af\u03c4\u03b9\u03b1 \u03ba\u03b1\u03b9 \u03a4\u03bf\u03c5\u03c1\u03b9\u03c3\u03c4\u03b9\u03ba\u03ac \u039a\u03b1\u03c4\u03b1\u03bb\u03cd\u03bc\u03b1\u03c4\u03b1","potentialAction":[{"@type":"SearchAction","target":{"@type":"EntryPoint","urlTemplate":"https:\/\/www.kofinas.gr\/?s={search_term_string}"},"query-input":{"@type":"PropertyValueSpecification","valueRequired":true,"valueName":"search_term_string"}}],"inLanguage":"cs"},{"@type":"Organization","@id":"https:\/\/www.kofinas.gr\/#organization","name":"Kofinas SA","alternateName":"Construction Company that constuct Prefabricated houses","url":"https:\/\/www.kofinas.gr\/","logo":{"@type":"ImageObject","inLanguage":"cs","@id":"https:\/\/www.kofinas.gr\/#\/schema\/logo\/image\/","url":"https:\/\/www.kofinas.gr\/wp-content\/uploads\/2025\/03\/360new-logo-25.gif","contentUrl":"https:\/\/www.kofinas.gr\/wp-content\/uploads\/2025\/03\/360new-logo-25.gif","width":230,"height":70,"caption":"Kofinas SA"},"image":{"@id":"https:\/\/www.kofinas.gr\/#\/schema\/logo\/image\/"},"sameAs":["https:\/\/www.facebook.com\/kofinas.prokataskevasmena","https:\/\/x.com\/kofinas_prokat","https:\/\/www.linkedin.com\/company\/kofinas-sa","https:\/\/www.instagram.com\/kofinasprefab\/","https:\/\/www.youtube.com\/channel\/UCEAifY31SuyQHHz_I3P4IVg"],"description":"KOFINAS SA \u2013 Prefabrikovan\u00e9 domy Zalo\u017eeno Odkaz a inovace Spole\u010dnost KOFINAS SA, zalo\u017een\u00e1 v roce 1977, se rozrostla v jednu z p\u0159edn\u00edch \u0159eck\u00fdch firem v sektoru prefabrikovan\u00fdch dom\u016f. Jej\u00ed filozofie zd\u016fraz\u0148uje neust\u00e1l\u00e9 inovace \u2013 jejich c\u00edlem nen\u00ed stav\u011bt v\u00edce dom\u016f, ale stav\u011bt lep\u0161\u00ed domy Pevnost a certifikace Unik\u00e1tn\u00ed konstruk\u010dn\u00ed syst\u00e9m spole\u010dnosti pro\u0161el p\u0159\u00edsn\u00fdmi experiment\u00e1ln\u00edmi testy na N\u00e1rodn\u00ed technick\u00e9 univerzit\u011b v At\u00e9n\u00e1ch, kter\u00e9 prok\u00e1zaly jeho odolnost daleko za hranicemi p\u0159irozen\u00e9 \u017eivotnosti. Inovace zaveden\u00e9 spole\u010dnost\u00ed KOFINAS jsou mezin\u00e1rodn\u011b uzn\u00e1van\u00e9 a certifikovan\u00e9. Udr\u017eitelnost a ekologick\u00e1 v\u00fdstavba Spole\u010dnost KOFINAS pou\u017e\u00edv\u00e1 jako prim\u00e1rn\u00ed stavebn\u00ed materi\u00e1l \u0161v\u00e9dsk\u00e9 a finsk\u00e9 d\u0159evo, \u010d\u00edm\u017e dosahuje pozoruhodn\u011b n\u00edzk\u00e9 uhl\u00edkov\u00e9 stopy: nahrazen\u00ed konven\u010dn\u00edch materi\u00e1l\u016f d\u0159evem sni\u017euje emise oxidu uhli\u010dit\u00e9ho o 1,1 tuny na metr krychlov\u00fd. Ve spolupr\u00e1ci se seversk\u00fdmi pilami se na ka\u017ed\u00fd pok\u00e1cen\u00fd strom vysad\u00ed t\u0159i a\u017e p\u011bt nov\u00fdch strom\u016f, co\u017e m\u00e1 za n\u00e1sledek negativn\u00ed uhl\u00edkovou stopu. Jejich domy se nav\u00edc vyzna\u010duj\u00ed bioklimatick\u00fdm designem a dosahuj\u00ed sn\u00ed\u017een\u00ed spot\u0159eby energie o 75%\u201380% ve srovn\u00e1n\u00ed s konven\u010dn\u00edmi budovami \u2013 co\u017e jim \u010dasto vyn\u00e1\u0161\u00ed certifik\u00e1ty energetick\u00e9 \u00fa\u010dinnosti A. Pokro\u010dil\u00e1 v\u00fdrobn\u00ed za\u0159\u00edzen\u00ed Spole\u010dnost KOFINAS provozuje modern\u00ed tov\u00e1rnu postavenou podle evropsk\u00fdch standard\u016f s certifikac\u00ed ISO 14001, co\u017e zaji\u0161\u0165uje \u0161pi\u010dkovou kvalitu a environment\u00e1ln\u00ed management p\u0159i v\u00fdrob\u011b prefabrikovan\u00fdch dom\u016f. \u0160irok\u00e1 \u0161k\u00e1la zak\u00e1zkov\u00fdch n\u00e1vrh\u016f Jejich katalog zahrnuje jedno-, dvou- a t\u0159\u00edpatrov\u00e9 domy, p\u0159\u00edzemn\u00ed jednotky s podkrov\u00edm, pasivn\u00ed domy a turistick\u00e9 ubytov\u00e1n\u00ed. Nab\u00edzej\u00ed tak\u00e9 \u0159adu \u201eFlexyHome\u201c a finsk\u00e9 sruby Finnlamelli, kter\u00e9 poskytuj\u00ed v\u0161estrannost pro spln\u011bn\u00ed rozmanit\u00fdch estetick\u00fdch a funk\u010dn\u00edch pot\u0159eb. Zku\u0161en\u00fd t\u00fdm a celost\u00e1tn\u00ed s\u00ed\u0165 Spole\u010dnost KOFINAS se py\u0161n\u00ed zku\u0161en\u00fdm multidisciplin\u00e1rn\u00edm t\u00fdmem \u2013 v\u010detn\u011b stavebn\u00edch a architektonick\u00fdch in\u017een\u00fdr\u016f \u2013 kte\u0159\u00ed dohl\u00ed\u017eej\u00ed na n\u00e1vrh, vy\u0159izov\u00e1n\u00ed povolen\u00ed a realizaci projekt\u016f s \u00fasp\u011b\u0161nost\u00ed 100%. Spole\u010dnost si vybudovala robustn\u00ed prodejn\u00ed a distribu\u010dn\u00ed s\u00ed\u0165.","email":"info@kofinas.gr","telephone":"00302106081307","legalName":"KOFINAS SA","foundingDate":"1977-03-07","vatID":"EL081136701","duns":"503265836","numberOfEmployees":{"@type":"QuantitativeValue","minValue":"11","maxValue":"50"},"publishingPrinciples":"https:\/\/www.kofinas.gr\/%cf%80%ce%bf%ce%bb%ce%b9%cf%84%ce%b9%ce%ba%ce%ae-%ce%b5%cf%84%ce%b1%ce%b9%cf%81%ce%af%ce%b1%cf%82-%ce%ba%ce%bf%cf%86%ce%b9%ce%bd%ce%b1%cf%83-%ce%b1%ce%b5\/","ownershipFundingInfo":"https:\/\/www.kofinas.gr\/%ce%b5%cf%84%ce%b1%ce%b9%cf%81%ce%af%ce%b1\/","actionableFeedbackPolicy":"https:\/\/www.kofinas.gr\/prosopika-dedomena\/"}]}},"_links":{"self":[{"href":"https:\/\/www.kofinas.gr\/cs\/wp-json\/wp\/v2\/pages\/8588","targetHints":{"allow":["GET"]}}],"collection":[{"href":"https:\/\/www.kofinas.gr\/cs\/wp-json\/wp\/v2\/pages"}],"about":[{"href":"https:\/\/www.kofinas.gr\/cs\/wp-json\/wp\/v2\/types\/page"}],"author":[{"embeddable":true,"href":"https:\/\/www.kofinas.gr\/cs\/wp-json\/wp\/v2\/users\/3"}],"replies":[{"embeddable":true,"href":"https:\/\/www.kofinas.gr\/cs\/wp-json\/wp\/v2\/comments?post=8588"}],"version-history":[{"count":0,"href":"https:\/\/www.kofinas.gr\/cs\/wp-json\/wp\/v2\/pages\/8588\/revisions"}],"up":[{"embeddable":true,"href":"https:\/\/www.kofinas.gr\/cs\/wp-json\/wp\/v2\/pages\/8605"}],"wp:featuredmedia":[{"embeddable":true,"href":"https:\/\/www.kofinas.gr\/cs\/wp-json\/wp\/v2\/media\/19897"}],"wp:attachment":[{"href":"https:\/\/www.kofinas.gr\/cs\/wp-json\/wp\/v2\/media?parent=8588"}],"curies":[{"name":"wp","href":"https:\/\/api.w.org\/{rel}","templated":true}]}}