{"id":7552,"date":"2016-08-05T17:15:10","date_gmt":"2016-08-05T15:15:10","guid":{"rendered":"http:\/\/neo.kofinas.gr\/en\/?page_id=7552"},"modified":"2020-03-15T13:17:27","modified_gmt":"2020-03-15T11:17:27","slug":"proc-si-vybrat-flexihome","status":"publish","type":"page","link":"https:\/\/www.kofinas.gr\/cs\/flexyhome\/proc-flexibilni-dum-kofinas\/proc-si-vybrat-flexihome\/","title":{"rendered":"Pro\u010d zvolit Flexyhome \u2013 v\u00fdhody"},"content":{"rendered":"<h3>Pro\u010d bych si m\u011bl vybrat a <img decoding=\"async\" title=\"\" src=\"\/wp-content\/uploads\/kofinas\/en_photos\/logos\/flxhm.png\"> ?<\/h3>\n<p style=\"text-align: justify;\">Proto\u017ee <img decoding=\"async\" title=\"\" src=\"\/wp-content\/uploads\/kofinas\/en_photos\/logos\/flxhm.png\"> <strong>je dod\u00e1v\u00e1na hotov\u00e1<\/strong> tov\u00e1rn\u011b nat\u0159eno a se v\u0161emi nainstalovan\u00fdmi r\u00e1my!<\/p>\n<p style=\"text-align: justify;\">Proto\u017ee <img decoding=\"async\" title=\"\" src=\"\/wp-content\/uploads\/kofinas\/en_photos\/logos\/flxhm.png\"> kombinuje <strong>technologie v\u00fdstavby tov\u00e1rny<\/strong> a <strong>certifikovan\u00e1 kvalita surovin<\/strong> spole\u010dnosti Kofinas SA s <strong>ekologick\u00e9 a zelen\u00e9 stavby<\/strong>!<\/p>\n<p style=\"text-align: justify;\">Proto\u017ee <img decoding=\"async\" title=\"\" src=\"\/wp-content\/uploads\/kofinas\/en_photos\/logos\/flxhm.png\"> v\u00e1m nab\u00edz\u00ed mo\u017enost <strong>vyberte si sami<\/strong> f\u00e1zi dod\u00e1n\u00ed produktu (jednoduch\u00e1, z\u00e1kladn\u00ed nebo kompletn\u00ed verze)!<\/p>\n<p style=\"text-align: justify;\">Proto\u017ee <img decoding=\"async\" title=\"\" src=\"\/wp-content\/uploads\/kofinas\/en_photos\/logos\/flxhm.png\"> , bez jak\u00fdchkoliv kvalitativn\u00edch slev, tvo\u0159\u00ed a <strong>velmi ekonomick\u00e9 \u0159e\u0161en\u00ed<\/strong> pro evropsk\u00fd trh!<\/p>\n<hr>\n<p>&nbsp;<\/p>\n<h3><img decoding=\"async\" title=\"\" src=\"\/wp-content\/uploads\/kofinas\/en_photos\/logos\/flxhm.png\"> trvanlivost...<\/h3>\n<p style=\"text-align: justify;\">V\u0161echny konstruk\u010dn\u00ed prvky, kter\u00e9 byly zv\u00fdrazn\u011bny po letech v\u00fdzkumu a n\u011bkolika experiment\u00e1ln\u00edch testech spole\u010dnost\u00ed Kofinas SA, jsou kombinov\u00e1ny se \u0161pi\u010dkov\u00fdm syst\u00e9mem vn\u011bj\u0161\u00edho opl\u00e1\u0161t\u011bn\u00ed, pokud jde o kvalitu a odolnost: <img decoding=\"async\" title=\"\" src=\"\/wp-content\/uploads\/kofinas\/en_photos\/logos\/logocanexel.png\"> .<\/p>\n<p style=\"text-align: justify;\">The <img decoding=\"async\" title=\"\" src=\"\/wp-content\/uploads\/kofinas\/en_photos\/logos\/logocanexel.png\"> obklad m\u00e1 <strong>v\u0161echny v\u00fdhody d\u0159eva<\/strong>, jako je snadn\u00e1 instalace a izolace, bez nev\u00fdhod, jako je deformace tvaru, absorpce vlhkosti a opot\u0159eben\u00ed hran.<\/p>\n<p style=\"text-align: justify;\">Krom\u011b toho, <img decoding=\"async\" title=\"\" src=\"\/wp-content\/uploads\/kofinas\/en_photos\/logos\/logocanexel.png\"> je vyr\u00e1b\u011bna kanadskou tov\u00e1rnou LP s velmi odoln\u00fdm barevn\u00fdm n\u00e1t\u011brem, kter\u00fd je <strong>aplikov\u00e1n v tov\u00e1rn\u011b<\/strong> dle va\u0161eho v\u00fdb\u011bru z palety firmy a nevy\u017eaduje \u017e\u00e1dn\u00e9 dal\u0161\u00ed o\u0161et\u0159en\u00ed!<\/p>\n<p><img fetchpriority=\"high\" decoding=\"async\" class=\"aligncenter size-full wp-image-3416\" title=\"\" src=\"\/wp-content\/uploads\/kofinas\/en_photos\/prokat-info\/Flexyhome-Canexel.jpg\" alt=\"\" width=\"970\" height=\"485\"><\/p>\n<hr>\n<p>&nbsp;<\/p>\n<h3><img decoding=\"async\" title=\"\" src=\"\/wp-content\/uploads\/kofinas\/en_photos\/logos\/flxhm.png\"> kvalitn\u00ed\u2026<\/h3>\n<p style=\"text-align: justify;\">Po\u010d\u00ednaje od <strong>\u0160v\u00e9dsk\u00fd d\u0159ev\u011bn\u00fd r\u00e1m<\/strong> a\u017e po <strong>posledn\u00ed odkaz<\/strong>, <img decoding=\"async\" title=\"\" src=\"\/wp-content\/uploads\/kofinas\/en_photos\/logos\/flxhm.png\"> konstrukce se skl\u00e1d\u00e1 z nejlep\u0161\u00edch surovin na sv\u011btov\u00e9m trhu. D\u016fkazem toho <img decoding=\"async\" title=\"\" src=\"\/wp-content\/uploads\/kofinas\/en_photos\/logos\/flxhm.png\"> kvalitn\u00ed jsou <strong>certifikace a z\u00e1ruky<\/strong> to s t\u00edm p\u0159ich\u00e1z\u00ed!<\/p>\n<hr>\n<p><center><\/p>\n<h3>Pro\u010d jsou skute\u010dn\u011b ekonomick\u00fdm \u0159e\u0161en\u00edm?<\/h3>\n<p style=\"text-align: justify;\">Proto\u017ee <img decoding=\"async\" title=\"\" src=\"\/wp-content\/uploads\/kofinas\/en_photos\/logos\/koflogo.png\"> spole\u010dnost:<\/p>\n<p style=\"text-align: justify;\"><strong>\u2022 vytvo\u0159ila exkluzivn\u00ed partnerstv\u00ed <\/strong>pro materi\u00e1ly jako opl\u00e1\u0161t\u011bn\u00ed CanExel a \u0161v\u00e9dsk\u00e9 pl\u00e1novan\u00e9 d\u0159evo, co\u017e vede k lep\u0161\u00edm cen\u00e1m<\/p>\n<p style=\"text-align: justify;\"><strong>\u2022 dov\u00e1\u017e\u00ed velk\u00e1 mno\u017estv\u00ed <\/strong>surovin, co\u017e je\u0161t\u011b v\u00edce sni\u017euje n\u00e1klady<\/p>\n<p style=\"text-align: justify;\"><strong>\u2022 \u0161et\u0159\u00ed pracovn\u00ed dobu<\/strong> t\u00edm, \u017ee nab\u00edz\u00ed zdivo hotov\u00e9 \u2013 vyroben\u00e9 z tov\u00e1rny, s pr\u016fmyslov\u00fdm n\u00e1t\u011brem a instalovan\u00fdmi r\u00e1my<\/p>\n<p style=\"text-align: justify;\"><strong>\u2022 masivn\u011b vyr\u00e1b\u00ed<\/strong> domy v tov\u00e1rn\u011b, co\u017e sni\u017euje v\u00fdrobn\u00ed n\u00e1klady<\/p>\n<p style=\"text-align: justify;\"><strong>T\u00edmto zp\u016fsobem a bez ztr\u00e1ty kvality m\u016f\u017ee spole\u010dnost nab\u00eddnout <img decoding=\"async\" title=\"\" src=\"\/wp-content\/uploads\/kofinas\/en_photos\/logos\/flxhm.png\"> modely s velmi ekonomickou cenou.<\/strong><\/p>\n<p>&nbsp;<\/p>\n<p><\/center><\/p>","protected":false},"excerpt":{"rendered":"<p>Pro\u010d bych si m\u011bl vybrat? Proto\u017ee se dod\u00e1v\u00e1 hotov\u00fd, tov\u00e1rn\u011b nalakovan\u00fd a se v\u0161emi nainstalovan\u00fdmi r\u00e1my! Proto\u017ee kombinuje tov\u00e1rn\u00ed technologii v\u00fdstavby a certifikovanou kvalitu surovin Kofinas SA s ekologickou a zelenou stavbou! Proto\u017ee v\u00e1m nab\u00edz\u00ed mo\u017enost vybrat si sami [\u2026]<\/p>","protected":false},"author":3,"featured_media":14367,"parent":7547,"menu_order":1,"comment_status":"closed","ping_status":"closed","template":"","meta":{"_acf_changed":false,"footnotes":""},"class_list":["post-7552","page","type-page","status-publish","has-post-thumbnail","hentry"],"acf":[],"yoast_head":"<!-- This site is optimized with the Yoast SEO Premium plugin v26.6 (Yoast SEO v26.6) - https:\/\/yoast.com\/wordpress\/plugins\/seo\/ -->\n<title>Why choose a Flexyhome - Advantages | \u039a\u03bf\u03c6\u03b9\u03bd\u03ac\u03c2 \u03a0\u03c1\u03bf\u03ba\u03b1\u03c4\u03b1\u03c3\u03ba\u03b5\u03c5\u03b1\u03c3\u03bc\u03ad\u03bd\u03b1 \u03c3\u03c0\u03af\u03c4\u03b9\u03b1 - \u03a0\u03c1\u03bf\u03ba\u03ac\u03c4<\/title>\n<meta name=\"description\" content=\"Flexyhome: a prefabricated construction that corresponds to all of your needs. Exclusive product of Kofinas company, in accordance with our NTUA tests.\" \/>\n<meta name=\"robots\" content=\"index, follow, max-snippet:-1, max-image-preview:large, max-video-preview:-1\" \/>\n<link rel=\"canonical\" href=\"https:\/\/www.kofinas.gr\/cs\/flexyhome\/proc-flexibilni-dum-kofinas\/proc-si-vybrat-flexihome\/\" \/>\n<meta property=\"og:locale\" content=\"cs_CZ\" \/>\n<meta property=\"og:type\" content=\"article\" \/>\n<meta property=\"og:title\" content=\"Why choose a Flexyhome - Advantages\" \/>\n<meta property=\"og:description\" content=\"Flexyhome: a prefabricated construction that corresponds to all of your needs. Exclusive product of Kofinas company, in accordance with our NTUA tests.\" \/>\n<meta property=\"og:url\" content=\"https:\/\/www.kofinas.gr\/cs\/flexyhome\/proc-flexibilni-dum-kofinas\/proc-si-vybrat-flexihome\/\" \/>\n<meta property=\"og:site_name\" content=\"\u039a\u03bf\u03c6\u03b9\u03bd\u03ac\u03c2 \u03a0\u03c1\u03bf\u03ba\u03b1\u03c4\u03b1\u03c3\u03ba\u03b5\u03c5\u03b1\u03c3\u03bc\u03ad\u03bd\u03b1 \u03c3\u03c0\u03af\u03c4\u03b9\u03b1 - \u03a0\u03c1\u03bf\u03ba\u03ac\u03c4\" \/>\n<meta property=\"article:publisher\" content=\"https:\/\/www.facebook.com\/kofinas.prokataskevasmena\" \/>\n<meta property=\"article:modified_time\" content=\"2020-03-15T11:17:27+00:00\" \/>\n<meta property=\"og:image\" content=\"https:\/\/www.kofinas.gr\/wp-content\/uploads\/shutterstock_317134730-min-scaled.jpg\" \/>\n\t<meta property=\"og:image:width\" content=\"2560\" \/>\n\t<meta property=\"og:image:height\" content=\"1600\" \/>\n\t<meta property=\"og:image:type\" content=\"image\/jpeg\" \/>\n<meta name=\"twitter:card\" content=\"summary_large_image\" \/>\n<meta name=\"twitter:site\" content=\"@kofinas_prokat\" \/>\n<meta name=\"twitter:label1\" content=\"Odhadovan\u00e1 doba \u010dten\u00ed\" \/>\n\t<meta name=\"twitter:data1\" content=\"2 minuty\" \/>\n<script type=\"application\/ld+json\" class=\"yoast-schema-graph\">{\"@context\":\"https:\/\/schema.org\",\"@graph\":[{\"@type\":\"WebPage\",\"@id\":\"https:\/\/www.kofinas.gr\/flexyhome\/why-a-flexy-kofinas-house\/why-choose-a-flexyhome\/\",\"url\":\"https:\/\/www.kofinas.gr\/flexyhome\/why-a-flexy-kofinas-house\/why-choose-a-flexyhome\/\",\"name\":\"Why choose a Flexyhome - Advantages | \u039a\u03bf\u03c6\u03b9\u03bd\u03ac\u03c2 \u03a0\u03c1\u03bf\u03ba\u03b1\u03c4\u03b1\u03c3\u03ba\u03b5\u03c5\u03b1\u03c3\u03bc\u03ad\u03bd\u03b1 \u03c3\u03c0\u03af\u03c4\u03b9\u03b1 - \u03a0\u03c1\u03bf\u03ba\u03ac\u03c4\",\"isPartOf\":{\"@id\":\"https:\/\/www.kofinas.gr\/#website\"},\"primaryImageOfPage\":{\"@id\":\"https:\/\/www.kofinas.gr\/flexyhome\/why-a-flexy-kofinas-house\/why-choose-a-flexyhome\/#primaryimage\"},\"image\":{\"@id\":\"https:\/\/www.kofinas.gr\/flexyhome\/why-a-flexy-kofinas-house\/why-choose-a-flexyhome\/#primaryimage\"},\"thumbnailUrl\":\"https:\/\/www.kofinas.gr\/wp-content\/uploads\/shutterstock_317134730-min-scaled.jpg\",\"datePublished\":\"2016-08-05T15:15:10+00:00\",\"dateModified\":\"2020-03-15T11:17:27+00:00\",\"description\":\"Flexyhome: a prefabricated construction that corresponds to all of your needs. Exclusive product of Kofinas company, in accordance with our NTUA tests.\",\"breadcrumb\":{\"@id\":\"https:\/\/www.kofinas.gr\/flexyhome\/why-a-flexy-kofinas-house\/why-choose-a-flexyhome\/#breadcrumb\"},\"inLanguage\":\"cs\",\"potentialAction\":[{\"@type\":\"ReadAction\",\"target\":[\"https:\/\/www.kofinas.gr\/flexyhome\/why-a-flexy-kofinas-house\/why-choose-a-flexyhome\/\"]}]},{\"@type\":\"ImageObject\",\"inLanguage\":\"cs\",\"@id\":\"https:\/\/www.kofinas.gr\/flexyhome\/why-a-flexy-kofinas-house\/why-choose-a-flexyhome\/#primaryimage\",\"url\":\"https:\/\/www.kofinas.gr\/wp-content\/uploads\/shutterstock_317134730-min-scaled.jpg\",\"contentUrl\":\"https:\/\/www.kofinas.gr\/wp-content\/uploads\/shutterstock_317134730-min-scaled.jpg\",\"width\":2560,\"height\":1600},{\"@type\":\"BreadcrumbList\",\"@id\":\"https:\/\/www.kofinas.gr\/flexyhome\/why-a-flexy-kofinas-house\/why-choose-a-flexyhome\/#breadcrumb\",\"itemListElement\":[{\"@type\":\"ListItem\",\"position\":1,\"name\":\"Home\",\"item\":\"https:\/\/www.kofinas.gr\/\"},{\"@type\":\"ListItem\",\"position\":2,\"name\":\"FlexyHome \u039a\u03b1\u03c4\u03bf\u03b9\u03ba\u03af\u03b5\u03c2\",\"item\":\"https:\/\/www.kofinas.gr\/den\/flexyhome\/\"},{\"@type\":\"ListItem\",\"position\":3,\"name\":\"Why Flexyhome Kofinas\",\"item\":\"https:\/\/www.kofinas.gr\/flexyhome\/why-a-flexy-kofinas-house\/\"},{\"@type\":\"ListItem\",\"position\":4,\"name\":\"Why choose a Flexyhome &#8211; Advantages\"}]},{\"@type\":\"WebSite\",\"@id\":\"https:\/\/www.kofinas.gr\/#website\",\"url\":\"https:\/\/www.kofinas.gr\/\",\"name\":\"\u039a\u03bf\u03c6\u03b9\u03bd\u03ac\u03c2 \u03a0\u03c1\u03bf\u03ba\u03b1\u03c4\u03b1\u03c3\u03ba\u03b5\u03c5\u03b1\u03c3\u03bc\u03ad\u03bd\u03b1 \u03c3\u03c0\u03af\u03c4\u03b9\u03b1 - \u03a0\u03c1\u03bf\u03ba\u03ac\u03c4\",\"description\":\"\u039a\u03b1\u03c4\u03b1\u03c3\u03ba\u03b5\u03c5\u03ac\u03b6\u03bf\u03c5\u03bc\u03b5 \u03c4\u03bf \u03c3\u03c0\u03af\u03c4\u03b9 \u03c3\u03b1\u03c2 \u03c3\u03c4\u03b7\u03bd \u03b5\u03bb\u03bb\u03ac\u03b4\u03b1 \u03ba\u03b1\u03b9 \u03bf\u03c0\u03bf\u03c5\u03b4\u03ae\u03c0\u03bf\u03c4\u03b5 \u03c3\u03c4\u03b7\u03bd \u0395\u03c5\u03c1\u03ce\u03c0\u03b7!\",\"publisher\":{\"@id\":\"https:\/\/www.kofinas.gr\/#organization\"},\"alternateName\":\"\u039a\u039f\u03a6\u0399\u039d\u0391\u03a3 \u03a0\u03c1\u03bf\u03ba\u03b1\u03c4\u03b1\u03c3\u03ba\u03b5\u03c5\u03b1\u03c3\u03bc\u03ad\u03bd\u03b1 \u03a3\u03c0\u03af\u03c4\u03b9\u03b1 \u03ba\u03b1\u03b9 \u03a4\u03bf\u03c5\u03c1\u03b9\u03c3\u03c4\u03b9\u03ba\u03ac \u039a\u03b1\u03c4\u03b1\u03bb\u03cd\u03bc\u03b1\u03c4\u03b1\",\"potentialAction\":[{\"@type\":\"SearchAction\",\"target\":{\"@type\":\"EntryPoint\",\"urlTemplate\":\"https:\/\/www.kofinas.gr\/?s={search_term_string}\"},\"query-input\":{\"@type\":\"PropertyValueSpecification\",\"valueRequired\":true,\"valueName\":\"search_term_string\"}}],\"inLanguage\":\"cs\"},{\"@type\":\"Organization\",\"@id\":\"https:\/\/www.kofinas.gr\/#organization\",\"name\":\"Kofinas SA\",\"alternateName\":\"Construction Company that constuct Prefabricated houses\",\"url\":\"https:\/\/www.kofinas.gr\/\",\"logo\":{\"@type\":\"ImageObject\",\"inLanguage\":\"cs\",\"@id\":\"https:\/\/www.kofinas.gr\/#\/schema\/logo\/image\/\",\"url\":\"https:\/\/www.kofinas.gr\/wp-content\/uploads\/2025\/03\/360new-logo-25.gif\",\"contentUrl\":\"https:\/\/www.kofinas.gr\/wp-content\/uploads\/2025\/03\/360new-logo-25.gif\",\"width\":230,\"height\":70,\"caption\":\"Kofinas SA\"},\"image\":{\"@id\":\"https:\/\/www.kofinas.gr\/#\/schema\/logo\/image\/\"},\"sameAs\":[\"https:\/\/www.facebook.com\/kofinas.prokataskevasmena\",\"https:\/\/x.com\/kofinas_prokat\",\"https:\/\/www.linkedin.com\/company\/kofinas-sa\",\"https:\/\/www.instagram.com\/kofinasprefab\/\",\"https:\/\/www.youtube.com\/channel\/UCEAifY31SuyQHHz_I3P4IVg\"],\"description\":\"KOFINAS SA \u2013 Prefabricated Homes Founded Legacy & Innovation Established in 1977, KOFINAS SA has grown into one of Greece\u2019s leading firms in the prefabricated housing sector. Their philosophy underscores continuous innovation\u2014they don't aim to build more homes, but to build better homes Strength & Certification The company's unique construction system has undergone rigorous experimental testing at the National Technical University of Athens, proving its durability well beyond natural endurance limits. Innovations introduced by KOFINAS are internationally recognized and certified. Sustainability & Eco Friendly Building KOFINAS uses Swedish and Finnish timber as its primary construction material, achieving a notably low carbon footprint: replacing conventional materials with wood reduces carbon dioxide emissions by 1.1 tons per cubic meter. In collaboration with Nordic sawmills, for every tree harvested, three to five new trees are planted, resulting in a negative carbon footprint. Additionally, their homes feature bioclimatic design and achieve energy consumption reductions of 75%\u201380% compared to conventional buildings\u2014often earning them energy efficiency A certificates. Advanced Production Facilities KOFINAS operates a modern factory, built to European standards, with ISO 14001 certification\u2014ensuring top-tier quality and environmental management in prefabricated housing production. Wide Range of Custom Designs Their catalog includes single , two , and three story homes, ground floor units with lofts, passive houses, and tourist accommodations. They also offer the \u201cFlexyHome\u201d series and Finnlamelli Finnish log houses, providing versatility to meet diverse aesthetic and functional needs. Experienced Team & Nationwide Network KOFINAS boasts a skilled, multidisciplinary team\u2014including civil and architectural engineers\u2014who oversee design, permit processing, and project implementation with a 100% success rate. The company has built a robust sales and distribution network\",\"email\":\"info@kofinas.gr\",\"telephone\":\"00302106081307\",\"legalName\":\"KOFINAS SA\",\"foundingDate\":\"1977-03-07\",\"vatID\":\"EL081136701\",\"duns\":\"503265836\",\"numberOfEmployees\":{\"@type\":\"QuantitativeValue\",\"minValue\":\"11\",\"maxValue\":\"50\"},\"publishingPrinciples\":\"https:\/\/www.kofinas.gr\/%cf%80%ce%bf%ce%bb%ce%b9%cf%84%ce%b9%ce%ba%ce%ae-%ce%b5%cf%84%ce%b1%ce%b9%cf%81%ce%af%ce%b1%cf%82-%ce%ba%ce%bf%cf%86%ce%b9%ce%bd%ce%b1%cf%83-%ce%b1%ce%b5\/\",\"ownershipFundingInfo\":\"https:\/\/www.kofinas.gr\/%ce%b5%cf%84%ce%b1%ce%b9%cf%81%ce%af%ce%b1\/\",\"actionableFeedbackPolicy\":\"https:\/\/www.kofinas.gr\/prosopika-dedomena\/\"}]}<\/script>\n<!-- \/ Yoast SEO Premium plugin. -->","yoast_head_json":{"title":"Pro\u010d si vybrat Flexyhome - V\u00fdhody | Prefabrikovan\u00e9 domy Kofinas - Prefabrikovan\u00e9 domy","description":"Flexyhome: prefabrikovan\u00e1 konstrukce, kter\u00e1 spl\u0148uje v\u0161echny va\u0161e pot\u0159eby. Exkluzivn\u00ed produkt spole\u010dnosti Kofinas, v souladu s na\u0161imi testy NTUA.","robots":{"index":"index","follow":"follow","max-snippet":"max-snippet:-1","max-image-preview":"max-image-preview:large","max-video-preview":"max-video-preview:-1"},"canonical":"https:\/\/www.kofinas.gr\/cs\/flexyhome\/proc-flexibilni-dum-kofinas\/proc-si-vybrat-flexihome\/","og_locale":"cs_CZ","og_type":"article","og_title":"Why choose a Flexyhome - Advantages","og_description":"Flexyhome: a prefabricated construction that corresponds to all of your needs. Exclusive product of Kofinas company, in accordance with our NTUA tests.","og_url":"https:\/\/www.kofinas.gr\/cs\/flexyhome\/proc-flexibilni-dum-kofinas\/proc-si-vybrat-flexihome\/","og_site_name":"\u039a\u03bf\u03c6\u03b9\u03bd\u03ac\u03c2 \u03a0\u03c1\u03bf\u03ba\u03b1\u03c4\u03b1\u03c3\u03ba\u03b5\u03c5\u03b1\u03c3\u03bc\u03ad\u03bd\u03b1 \u03c3\u03c0\u03af\u03c4\u03b9\u03b1 - \u03a0\u03c1\u03bf\u03ba\u03ac\u03c4","article_publisher":"https:\/\/www.facebook.com\/kofinas.prokataskevasmena","article_modified_time":"2020-03-15T11:17:27+00:00","og_image":[{"width":2560,"height":1600,"url":"https:\/\/www.kofinas.gr\/wp-content\/uploads\/shutterstock_317134730-min-scaled.jpg","type":"image\/jpeg"}],"twitter_card":"summary_large_image","twitter_site":"@kofinas_prokat","twitter_misc":{"Odhadovan\u00e1 doba \u010dten\u00ed":"2 minuty"},"schema":{"@context":"https:\/\/schema.org","@graph":[{"@type":"WebPage","@id":"https:\/\/www.kofinas.gr\/flexyhome\/why-a-flexy-kofinas-house\/why-choose-a-flexyhome\/","url":"https:\/\/www.kofinas.gr\/flexyhome\/why-a-flexy-kofinas-house\/why-choose-a-flexyhome\/","name":"Pro\u010d si vybrat Flexyhome - V\u00fdhody | Prefabrikovan\u00e9 domy Kofinas - Prefabrikovan\u00e9 domy","isPartOf":{"@id":"https:\/\/www.kofinas.gr\/#website"},"primaryImageOfPage":{"@id":"https:\/\/www.kofinas.gr\/flexyhome\/why-a-flexy-kofinas-house\/why-choose-a-flexyhome\/#primaryimage"},"image":{"@id":"https:\/\/www.kofinas.gr\/flexyhome\/why-a-flexy-kofinas-house\/why-choose-a-flexyhome\/#primaryimage"},"thumbnailUrl":"https:\/\/www.kofinas.gr\/wp-content\/uploads\/shutterstock_317134730-min-scaled.jpg","datePublished":"2016-08-05T15:15:10+00:00","dateModified":"2020-03-15T11:17:27+00:00","description":"Flexyhome: prefabrikovan\u00e1 konstrukce, kter\u00e1 spl\u0148uje v\u0161echny va\u0161e pot\u0159eby. Exkluzivn\u00ed produkt spole\u010dnosti Kofinas, v souladu s na\u0161imi testy NTUA.","breadcrumb":{"@id":"https:\/\/www.kofinas.gr\/flexyhome\/why-a-flexy-kofinas-house\/why-choose-a-flexyhome\/#breadcrumb"},"inLanguage":"cs","potentialAction":[{"@type":"ReadAction","target":["https:\/\/www.kofinas.gr\/flexyhome\/why-a-flexy-kofinas-house\/why-choose-a-flexyhome\/"]}]},{"@type":"ImageObject","inLanguage":"cs","@id":"https:\/\/www.kofinas.gr\/flexyhome\/why-a-flexy-kofinas-house\/why-choose-a-flexyhome\/#primaryimage","url":"https:\/\/www.kofinas.gr\/wp-content\/uploads\/shutterstock_317134730-min-scaled.jpg","contentUrl":"https:\/\/www.kofinas.gr\/wp-content\/uploads\/shutterstock_317134730-min-scaled.jpg","width":2560,"height":1600},{"@type":"BreadcrumbList","@id":"https:\/\/www.kofinas.gr\/flexyhome\/why-a-flexy-kofinas-house\/why-choose-a-flexyhome\/#breadcrumb","itemListElement":[{"@type":"ListItem","position":1,"name":"Home","item":"https:\/\/www.kofinas.gr\/"},{"@type":"ListItem","position":2,"name":"FlexyHome \u039a\u03b1\u03c4\u03bf\u03b9\u03ba\u03af\u03b5\u03c2","item":"https:\/\/www.kofinas.gr\/den\/flexyhome\/"},{"@type":"ListItem","position":3,"name":"Why Flexyhome Kofinas","item":"https:\/\/www.kofinas.gr\/flexyhome\/why-a-flexy-kofinas-house\/"},{"@type":"ListItem","position":4,"name":"Why choose a Flexyhome &#8211; Advantages"}]},{"@type":"WebSite","@id":"https:\/\/www.kofinas.gr\/#website","url":"https:\/\/www.kofinas.gr\/","name":"Kofinas Montovan\u00e9 domy - Montovan\u00e9","description":"Postav\u00edme v\u00e1\u0161 d\u016fm v \u0158ecku a kdekoli v Evrop\u011b!","publisher":{"@id":"https:\/\/www.kofinas.gr\/#organization"},"alternateName":"\u039a\u039f\u03a6\u0399\u039d\u0391\u03a3 \u03a0\u03c1\u03bf\u03ba\u03b1\u03c4\u03b1\u03c3\u03ba\u03b5\u03c5\u03b1\u03c3\u03bc\u03ad\u03bd\u03b1 \u03a3\u03c0\u03af\u03c4\u03b9\u03b1 \u03ba\u03b1\u03b9 \u03a4\u03bf\u03c5\u03c1\u03b9\u03c3\u03c4\u03b9\u03ba\u03ac \u039a\u03b1\u03c4\u03b1\u03bb\u03cd\u03bc\u03b1\u03c4\u03b1","potentialAction":[{"@type":"SearchAction","target":{"@type":"EntryPoint","urlTemplate":"https:\/\/www.kofinas.gr\/?s={search_term_string}"},"query-input":{"@type":"PropertyValueSpecification","valueRequired":true,"valueName":"search_term_string"}}],"inLanguage":"cs"},{"@type":"Organization","@id":"https:\/\/www.kofinas.gr\/#organization","name":"Kofinas SA","alternateName":"Construction Company that constuct Prefabricated houses","url":"https:\/\/www.kofinas.gr\/","logo":{"@type":"ImageObject","inLanguage":"cs","@id":"https:\/\/www.kofinas.gr\/#\/schema\/logo\/image\/","url":"https:\/\/www.kofinas.gr\/wp-content\/uploads\/2025\/03\/360new-logo-25.gif","contentUrl":"https:\/\/www.kofinas.gr\/wp-content\/uploads\/2025\/03\/360new-logo-25.gif","width":230,"height":70,"caption":"Kofinas SA"},"image":{"@id":"https:\/\/www.kofinas.gr\/#\/schema\/logo\/image\/"},"sameAs":["https:\/\/www.facebook.com\/kofinas.prokataskevasmena","https:\/\/x.com\/kofinas_prokat","https:\/\/www.linkedin.com\/company\/kofinas-sa","https:\/\/www.instagram.com\/kofinasprefab\/","https:\/\/www.youtube.com\/channel\/UCEAifY31SuyQHHz_I3P4IVg"],"description":"KOFINAS SA \u2013 Prefabrikovan\u00e9 domy Zalo\u017eeno Odkaz a inovace Spole\u010dnost KOFINAS SA, zalo\u017een\u00e1 v roce 1977, se rozrostla v jednu z p\u0159edn\u00edch \u0159eck\u00fdch firem v sektoru prefabrikovan\u00fdch dom\u016f. Jej\u00ed filozofie zd\u016fraz\u0148uje neust\u00e1l\u00e9 inovace \u2013 jejich c\u00edlem nen\u00ed stav\u011bt v\u00edce dom\u016f, ale stav\u011bt lep\u0161\u00ed domy Pevnost a certifikace Unik\u00e1tn\u00ed konstruk\u010dn\u00ed syst\u00e9m spole\u010dnosti pro\u0161el p\u0159\u00edsn\u00fdmi experiment\u00e1ln\u00edmi testy na N\u00e1rodn\u00ed technick\u00e9 univerzit\u011b v At\u00e9n\u00e1ch, kter\u00e9 prok\u00e1zaly jeho odolnost daleko za hranicemi p\u0159irozen\u00e9 \u017eivotnosti. Inovace zaveden\u00e9 spole\u010dnost\u00ed KOFINAS jsou mezin\u00e1rodn\u011b uzn\u00e1van\u00e9 a certifikovan\u00e9. Udr\u017eitelnost a ekologick\u00e1 v\u00fdstavba Spole\u010dnost KOFINAS pou\u017e\u00edv\u00e1 jako prim\u00e1rn\u00ed stavebn\u00ed materi\u00e1l \u0161v\u00e9dsk\u00e9 a finsk\u00e9 d\u0159evo, \u010d\u00edm\u017e dosahuje pozoruhodn\u011b n\u00edzk\u00e9 uhl\u00edkov\u00e9 stopy: nahrazen\u00ed konven\u010dn\u00edch materi\u00e1l\u016f d\u0159evem sni\u017euje emise oxidu uhli\u010dit\u00e9ho o 1,1 tuny na metr krychlov\u00fd. Ve spolupr\u00e1ci se seversk\u00fdmi pilami se na ka\u017ed\u00fd pok\u00e1cen\u00fd strom vysad\u00ed t\u0159i a\u017e p\u011bt nov\u00fdch strom\u016f, co\u017e m\u00e1 za n\u00e1sledek negativn\u00ed uhl\u00edkovou stopu. Jejich domy se nav\u00edc vyzna\u010duj\u00ed bioklimatick\u00fdm designem a dosahuj\u00ed sn\u00ed\u017een\u00ed spot\u0159eby energie o 75%\u201380% ve srovn\u00e1n\u00ed s konven\u010dn\u00edmi budovami \u2013 co\u017e jim \u010dasto vyn\u00e1\u0161\u00ed certifik\u00e1ty energetick\u00e9 \u00fa\u010dinnosti A. Pokro\u010dil\u00e1 v\u00fdrobn\u00ed za\u0159\u00edzen\u00ed Spole\u010dnost KOFINAS provozuje modern\u00ed tov\u00e1rnu postavenou podle evropsk\u00fdch standard\u016f s certifikac\u00ed ISO 14001, co\u017e zaji\u0161\u0165uje \u0161pi\u010dkovou kvalitu a environment\u00e1ln\u00ed management p\u0159i v\u00fdrob\u011b prefabrikovan\u00fdch dom\u016f. \u0160irok\u00e1 \u0161k\u00e1la zak\u00e1zkov\u00fdch n\u00e1vrh\u016f Jejich katalog zahrnuje jedno-, dvou- a t\u0159\u00edpatrov\u00e9 domy, p\u0159\u00edzemn\u00ed jednotky s podkrov\u00edm, pasivn\u00ed domy a turistick\u00e9 ubytov\u00e1n\u00ed. Nab\u00edzej\u00ed tak\u00e9 \u0159adu \u201eFlexyHome\u201c a finsk\u00e9 sruby Finnlamelli, kter\u00e9 poskytuj\u00ed v\u0161estrannost pro spln\u011bn\u00ed rozmanit\u00fdch estetick\u00fdch a funk\u010dn\u00edch pot\u0159eb. Zku\u0161en\u00fd t\u00fdm a celost\u00e1tn\u00ed s\u00ed\u0165 Spole\u010dnost KOFINAS se py\u0161n\u00ed zku\u0161en\u00fdm multidisciplin\u00e1rn\u00edm t\u00fdmem \u2013 v\u010detn\u011b stavebn\u00edch a architektonick\u00fdch in\u017een\u00fdr\u016f \u2013 kte\u0159\u00ed dohl\u00ed\u017eej\u00ed na n\u00e1vrh, vy\u0159izov\u00e1n\u00ed povolen\u00ed a realizaci projekt\u016f s \u00fasp\u011b\u0161nost\u00ed 100%. Spole\u010dnost si vybudovala robustn\u00ed prodejn\u00ed a distribu\u010dn\u00ed s\u00ed\u0165.","email":"info@kofinas.gr","telephone":"00302106081307","legalName":"KOFINAS SA","foundingDate":"1977-03-07","vatID":"EL081136701","duns":"503265836","numberOfEmployees":{"@type":"QuantitativeValue","minValue":"11","maxValue":"50"},"publishingPrinciples":"https:\/\/www.kofinas.gr\/%cf%80%ce%bf%ce%bb%ce%b9%cf%84%ce%b9%ce%ba%ce%ae-%ce%b5%cf%84%ce%b1%ce%b9%cf%81%ce%af%ce%b1%cf%82-%ce%ba%ce%bf%cf%86%ce%b9%ce%bd%ce%b1%cf%83-%ce%b1%ce%b5\/","ownershipFundingInfo":"https:\/\/www.kofinas.gr\/%ce%b5%cf%84%ce%b1%ce%b9%cf%81%ce%af%ce%b1\/","actionableFeedbackPolicy":"https:\/\/www.kofinas.gr\/prosopika-dedomena\/"}]}},"_links":{"self":[{"href":"https:\/\/www.kofinas.gr\/cs\/wp-json\/wp\/v2\/pages\/7552","targetHints":{"allow":["GET"]}}],"collection":[{"href":"https:\/\/www.kofinas.gr\/cs\/wp-json\/wp\/v2\/pages"}],"about":[{"href":"https:\/\/www.kofinas.gr\/cs\/wp-json\/wp\/v2\/types\/page"}],"author":[{"embeddable":true,"href":"https:\/\/www.kofinas.gr\/cs\/wp-json\/wp\/v2\/users\/3"}],"replies":[{"embeddable":true,"href":"https:\/\/www.kofinas.gr\/cs\/wp-json\/wp\/v2\/comments?post=7552"}],"version-history":[{"count":0,"href":"https:\/\/www.kofinas.gr\/cs\/wp-json\/wp\/v2\/pages\/7552\/revisions"}],"up":[{"embeddable":true,"href":"https:\/\/www.kofinas.gr\/cs\/wp-json\/wp\/v2\/pages\/7547"}],"wp:featuredmedia":[{"embeddable":true,"href":"https:\/\/www.kofinas.gr\/cs\/wp-json\/wp\/v2\/media\/14367"}],"wp:attachment":[{"href":"https:\/\/www.kofinas.gr\/cs\/wp-json\/wp\/v2\/media?parent=7552"}],"curies":[{"name":"wp","href":"https:\/\/api.w.org\/{rel}","templated":true}]}}